{"id":4400,"date":"2021-10-12T15:51:09","date_gmt":"2021-10-12T15:51:09","guid":{"rendered":"http:\/\/dummy.xtemos.com\/woodmart2\/elementor\/?page_id=4400"},"modified":"2026-01-12T10:32:36","modified_gmt":"2026-01-12T07:32:36","slug":"hakkimizda","status":"publish","type":"page","link":"https:\/\/akerkimya.com\/eticaret\/hakkimizda\/","title":{"rendered":"HAKKIMIZDA"},"content":{"rendered":"\t\t<div data-elementor-type=\"wp-page\" data-elementor-id=\"4400\" class=\"elementor elementor-4400\">\n\t\t\t\t<div class=\"elementor-element elementor-element-3f11b9d e-flex e-con-boxed wd-section-disabled e-con e-parent\" data-id=\"3f11b9d\" data-element_type=\"container\">\n\t\t\t\t\t<div class=\"e-con-inner\">\n\t\t\t\t<div class=\"elementor-element elementor-element-331d64c elementor-widget elementor-widget-wd_image_or_svg\" data-id=\"331d64c\" data-element_type=\"widget\" data-widget_type=\"wd_image_or_svg.default\">\n\t\t\t\t<div class=\"elementor-widget-container\">\n\t\t\t\n\t\t<div class=\"wd-image text-left\">\n\t\t\t\t\t\t\t\t<img fetchpriority=\"high\" decoding=\"async\" width=\"2330\" height=\"736\" src=\"https:\/\/akerkimya.com\/eticaret\/wp-content\/uploads\/2025\/01\/Ekran-Resmi-2025-01-12-19.51.47.png\" class=\"attachment-full size-full\" alt=\"\" srcset=\"https:\/\/akerkimya.com\/eticaret\/wp-content\/uploads\/2025\/01\/Ekran-Resmi-2025-01-12-19.51.47.png 2330w, https:\/\/akerkimya.com\/eticaret\/wp-content\/uploads\/2025\/01\/Ekran-Resmi-2025-01-12-19.51.47-400x126.png 400w, https:\/\/akerkimya.com\/eticaret\/wp-content\/uploads\/2025\/01\/Ekran-Resmi-2025-01-12-19.51.47-1300x411.png 1300w, https:\/\/akerkimya.com\/eticaret\/wp-content\/uploads\/2025\/01\/Ekran-Resmi-2025-01-12-19.51.47-768x243.png 768w, https:\/\/akerkimya.com\/eticaret\/wp-content\/uploads\/2025\/01\/Ekran-Resmi-2025-01-12-19.51.47-1536x485.png 1536w, https:\/\/akerkimya.com\/eticaret\/wp-content\/uploads\/2025\/01\/Ekran-Resmi-2025-01-12-19.51.47-2048x647.png 2048w, https:\/\/akerkimya.com\/eticaret\/wp-content\/uploads\/2025\/01\/Ekran-Resmi-2025-01-12-19.51.47-860x272.png 860w, https:\/\/akerkimya.com\/eticaret\/wp-content\/uploads\/2025\/01\/Ekran-Resmi-2025-01-12-19.51.47-430x136.png 430w, https:\/\/akerkimya.com\/eticaret\/wp-content\/uploads\/2025\/01\/Ekran-Resmi-2025-01-12-19.51.47-700x221.png 700w, https:\/\/akerkimya.com\/eticaret\/wp-content\/uploads\/2025\/01\/Ekran-Resmi-2025-01-12-19.51.47-150x47.png 150w\" sizes=\"(max-width: 2330px) 100vw, 2330px\" \/>\t\t\t\t\t<\/div>\n\n\t\t\t\t<\/div>\n\t\t\t\t<\/div>\n\t\t\t\t\t<\/div>\n\t\t\t\t<\/div>\n\t\t<div class=\"elementor-element elementor-element-ee6a2da e-flex e-con-boxed wd-section-disabled e-con e-parent\" data-id=\"ee6a2da\" data-element_type=\"container\">\n\t\t\t\t\t<div class=\"e-con-inner\">\n\t\t\t\t<div class=\"elementor-element elementor-element-dfa8268 elementor-widget elementor-widget-wd_title\" data-id=\"dfa8268\" data-element_type=\"widget\" data-widget_type=\"wd_title.default\">\n\t\t\t\t<div class=\"elementor-widget-container\">\n\t\t\t\t\t<div class=\"title-wrapper set-mb-s reset-last-child wd-title-color-default wd-title-style-default wd-title-size-default text-center\">\n\n\t\t\t\t\t\t\t<div class=\"title-subtitle subtitle-color-default subtitle-style-default wd-fontsize-xs\">\n\t\t\t\t\tAker Kimya\t\t\t\t<\/div>\n\t\t\t\n\t\t\t<div class=\"liner-continer\">\n\t\t\t\t<h4 class=\"woodmart-title-container title wd-fontsize-l\">Hakk\u0131m\u0131zda<\/h4> \n\t\t\t\t\t\t\t<\/div>\n\n\t\t\t\t\t\t\t<div class=\"title-after_title set-cont-mb-s reset-last-child wd-fontsize-xs\">\n\t\t\t\t\t<p>Aker Kimya: Yenilik\u00e7i Kimyasal \u00c7\u00f6z\u00fcmlerle End\u00fcstri Lideri<\/p>\t\t\t\t<\/div>\n\t\t\t\t\t<\/div>\n\t\t\t\t<\/div>\n\t\t\t\t<\/div>\n\t\t\t\t\t<\/div>\n\t\t\t\t<\/div>\n\t\t<div class=\"elementor-element elementor-element-bc42731 e-flex e-con-boxed wd-section-disabled e-con e-parent\" data-id=\"bc42731\" data-element_type=\"container\">\n\t\t\t\t\t<div class=\"e-con-inner\">\n\t\t\t\t<div class=\"elementor-element elementor-element-6be4a81 elementor-widget elementor-widget-wd_text_block\" data-id=\"6be4a81\" data-element_type=\"widget\" data-widget_type=\"wd_text_block.default\">\n\t\t\t\t<div class=\"elementor-widget-container\">\n\t\t\t\t\t<div class=\"wd-text-block reset-last-child text-left\">\n\t\t\t\n\t\t\t<p class=\"p1\"><b>Aker Kimya: Yenilik\u00e7i Kimyasal \u00c7\u00f6z\u00fcmlerle End\u00fcstri Lideri<\/b><b><\/b><\/p><p class=\"p1\">Kimya sekt\u00f6r\u00fcnde yenilik\u00e7i \u00e7\u00f6z\u00fcmler sunarak lider konumda yer alan Aker Kimya, geni\u015f \u00fcr\u00fcn yelpazesiyle sekt\u00f6re de\u011fer katmaya devam ediyor. Kimyasal hammaddelerde kalite ve g\u00fcvenin adresi olan markam\u0131z, boya ve yap\u0131 kimyasallar\u0131ndan tekstil ve deterjan sanayisine kadar bir\u00e7ok farkl\u0131 alanda ihtiyac\u0131n\u0131z olan en iyi \u00fcr\u00fcnleri sunuyor.<\/p><p class=\"p1\"><b>Kimyasal \u00c7\u00f6z\u00fcmlerle End\u00fcstriyel Verimlilik<\/b><b><\/b><\/p><p class=\"p1\">Aker Kimya olarak, sekt\u00f6rdeki ihtiya\u00e7lara odaklanarak end\u00fcstriyel \u00fcretim s\u00fcre\u00e7lerinizi daha verimli hale getirecek \u00fcr\u00fcnler geli\u015ftirmekteyiz. \u00dcr\u00fcn yelpazemizde yer alan 1,4 Butandiol, ADC Akrilikler, Adipik Asit, Aerosil 200, Alfa Al\u00e7\u0131 ve Amonyak gibi \u00f6zel form\u00fcller, bir\u00e7ok farkl\u0131 sekt\u00f6rde y\u00fcksek performans ve kalite standartlar\u0131 sa\u011flamaktad\u0131r.<\/p><p class=\"p1\"><b>Kimya Sekt\u00f6r\u00fcnde Liderlik<\/b><b><\/b><\/p><p class=\"p1\">Kimya sekt\u00f6r\u00fcnde yeniliklerin \u00f6nc\u00fcs\u00fc olan Aker Kimya, a\u015fa\u011f\u0131daki kategorilerde en kaliteli \u00fcr\u00fcnleri sunmaktad\u0131r:<\/p><p class=\"p3\">\u2022<b>Boya ve Yap\u0131 Kimyasallar\u0131:<\/b> Pigmentlerden su yal\u0131t\u0131m malzemelerine kadar geni\u015f bir \u00fcr\u00fcn \u00e7e\u015fitlili\u011fi.<\/p><p class=\"p3\">\u2022<b>Deterjan ve Kozmetik Kimyasallar\u0131:<\/b> Hijyen ve kozmetik sekt\u00f6r\u00fcnde g\u00fcvenle kullan\u0131lan form\u00fcller.<\/p><p class=\"p3\">\u2022<b>G\u0131da ve Katk\u0131 Kimyasallar\u0131:<\/b> Y\u00fcksek standartlarla \u00fcretilen g\u0131da katk\u0131 maddeleri.<\/p><p class=\"p3\">\u2022<b>Metal Kaplama ve Tar\u0131m Kimyasallar\u0131:<\/b> Dayan\u0131kl\u0131l\u0131k ve kalite i\u00e7in \u00f6zel \u00e7\u00f6z\u00fcmler.<\/p><p class=\"p1\"><b>\u00dcr\u00fcnlerimizden \u00d6ne \u00c7\u0131kanlar<\/b><b><\/b><\/p><p class=\"p1\"><b>1,4 Butandiol<\/b><b><\/b><\/p><p class=\"p1\">1,4 Butandiol, end\u00fcstride bir\u00e7ok farkl\u0131 alanda kullan\u0131lan \u00e7ok y\u00f6nl\u00fc bir kimyasal hammaddedir. Y\u00fcksek safl\u0131k oran\u0131 ile \u00fcretim s\u00fcre\u00e7lerinde fark yarat\u0131r.<\/p><p class=\"p1\"><b>ADC Akrilikler<\/b><b><\/b><\/p><p class=\"p1\">ADC 250 ve ADC 750 Akrilik \u00fcr\u00fcnlerimiz, \u00fcst\u00fcn ba\u011flay\u0131c\u0131 \u00f6zellikleriyle yap\u0131 ve boya sekt\u00f6r\u00fcnde en \u00e7ok tercih edilen kimyasal \u00fcr\u00fcnlerdir.<\/p><p class=\"p1\"><b>Adipik Asit<\/b><b><\/b><\/p><p class=\"p1\">Adipik Asit, tekstil ve plastik end\u00fcstrisinde yayg\u0131n olarak kullan\u0131lan g\u00fc\u00e7l\u00fc bir kimyasald\u0131r. Dayan\u0131kl\u0131l\u0131k ve kalite standartlar\u0131n\u0131 y\u00fckseltir.<\/p><p class=\"p1\"><b>Aerosil 200 ve R972<\/b><b><\/b><\/p><p class=\"p1\">Hafif, ince yap\u0131s\u0131yla Aerosil serisi, bir\u00e7ok sekt\u00f6rde dolgu ve dayan\u0131kl\u0131l\u0131k art\u0131r\u0131c\u0131 \u00f6zellikleriyle bilinir.<\/p><p class=\"p1\"><b>Kalite ve G\u00fcven: Aker Kimya\u2019n\u0131n Vazge\u00e7ilmez \u0130lkesi<\/b><b><\/b><\/p><p class=\"p1\">Sekt\u00f6rdeki ba\u015far\u0131lar\u0131m\u0131z, y\u00fcksek kalite standartlar\u0131na verdi\u011fimiz \u00f6nemden kaynaklanmaktad\u0131r. \u00dcr\u00fcnlerimiz, end\u00fcstriyel \u00fcretimde hem g\u00fcvenlik hem de verimlilik sa\u011flar. Aker Kimya olarak, m\u00fc\u015fterilerimize en iyi \u00e7\u00f6z\u00fcmleri sunmaya devam ediyoruz. Kimyasal \u00fcretimde kaliteyi, yenilik\u00e7i yakla\u015f\u0131mlar\u0131m\u0131zla birle\u015ftirerek size de\u011fer kat\u0131yoruz.<\/p>\n\t\t\t\t\t<\/div>\n\t\t\t\t<\/div>\n\t\t\t\t<\/div>\n\t\t\t\t\t<\/div>\n\t\t\t\t<\/div>\n\t\t\t\t<\/div>\n\t\t","protected":false},"excerpt":{"rendered":"<p>Aker Kimya Hakk\u0131m\u0131zda Aker Kimya: Yenilik\u00e7i Kimyasal \u00c7\u00f6z\u00fcmlerle End\u00fcstri Lideri Aker Kimya: Yenilik\u00e7i Kimyasal \u00c7\u00f6z\u00fcmlerle End\u00fcstri Lideri Kimya sekt\u00f6r\u00fcnde yenilik\u00e7i<\/p>\n","protected":false},"author":1,"featured_media":0,"parent":0,"menu_order":0,"comment_status":"closed","ping_status":"closed","template":"","meta":{"_joinchat":[],"footnotes":""},"class_list":["post-4400","page","type-page","status-publish","hentry"],"yoast_head":"<!-- This site is optimized with the Yoast SEO Premium plugin v20.2.1 (Yoast SEO v20.2.1) - https:\/\/yoast.com\/wordpress\/plugins\/seo\/ -->\n<title>HAKKIMIZDA - Akerkimya<\/title>\n<meta name=\"robots\" content=\"index, follow, max-snippet:-1, max-image-preview:large, max-video-preview:-1\" \/>\n<link rel=\"canonical\" href=\"https:\/\/akerkimya.com\/eticaret\/hakkimizda\/\" \/>\n<meta property=\"og:locale\" content=\"tr_TR\" \/>\n<meta property=\"og:type\" content=\"article\" \/>\n<meta property=\"og:title\" content=\"HAKKIMIZDA\" \/>\n<meta property=\"og:description\" content=\"Aker Kimya Hakk\u0131m\u0131zda Aker Kimya: Yenilik\u00e7i Kimyasal \u00c7\u00f6z\u00fcmlerle End\u00fcstri Lideri Aker Kimya: Yenilik\u00e7i Kimyasal \u00c7\u00f6z\u00fcmlerle End\u00fcstri Lideri Kimya sekt\u00f6r\u00fcnde yenilik\u00e7i\" \/>\n<meta property=\"og:url\" content=\"https:\/\/akerkimya.com\/eticaret\/hakkimizda\/\" \/>\n<meta property=\"og:site_name\" content=\"Akerkimya\" \/>\n<meta property=\"article:modified_time\" content=\"2026-01-12T07:32:36+00:00\" \/>\n<meta property=\"og:image\" content=\"https:\/\/akerkimya.com\/eticaret\/wp-content\/uploads\/2025\/01\/Ekran-Resmi-2025-01-12-19.51.47.png\" \/>\n<meta name=\"twitter:card\" content=\"summary_large_image\" \/>\n<meta name=\"twitter:label1\" content=\"Tahmini okuma s\u00fcresi\" \/>\n\t<meta name=\"twitter:data1\" content=\"3 dakika\" \/>\n<script type=\"application\/ld+json\" class=\"yoast-schema-graph\">{\"@context\":\"https:\/\/schema.org\",\"@graph\":[{\"@type\":\"WebPage\",\"@id\":\"https:\/\/akerkimya.com\/eticaret\/hakkimizda\/\",\"url\":\"https:\/\/akerkimya.com\/eticaret\/hakkimizda\/\",\"name\":\"HAKKIMIZDA - Akerkimya\",\"isPartOf\":{\"@id\":\"https:\/\/akerkimya.com\/eticaret\/#website\"},\"datePublished\":\"2021-10-12T15:51:09+00:00\",\"dateModified\":\"2026-01-12T07:32:36+00:00\",\"breadcrumb\":{\"@id\":\"https:\/\/akerkimya.com\/eticaret\/hakkimizda\/#breadcrumb\"},\"inLanguage\":\"tr\",\"potentialAction\":[{\"@type\":\"ReadAction\",\"target\":[\"https:\/\/akerkimya.com\/eticaret\/hakkimizda\/\"]}]},{\"@type\":\"BreadcrumbList\",\"@id\":\"https:\/\/akerkimya.com\/eticaret\/hakkimizda\/#breadcrumb\",\"itemListElement\":[{\"@type\":\"ListItem\",\"position\":1,\"name\":\"Home\",\"item\":\"https:\/\/akerkimya.com\/eticaret\/\"},{\"@type\":\"ListItem\",\"position\":2,\"name\":\"HAKKIMIZDA\"}]},{\"@type\":\"WebSite\",\"@id\":\"https:\/\/akerkimya.com\/eticaret\/#website\",\"url\":\"https:\/\/akerkimya.com\/eticaret\/\",\"name\":\"Akerkimya\",\"description\":\"\",\"potentialAction\":[{\"@type\":\"SearchAction\",\"target\":{\"@type\":\"EntryPoint\",\"urlTemplate\":\"https:\/\/akerkimya.com\/eticaret\/?s={search_term_string}\"},\"query-input\":\"required name=search_term_string\"}],\"inLanguage\":\"tr\"}]}<\/script>\n<!-- \/ Yoast SEO Premium plugin. -->","yoast_head_json":{"title":"HAKKIMIZDA - Akerkimya","robots":{"index":"index","follow":"follow","max-snippet":"max-snippet:-1","max-image-preview":"max-image-preview:large","max-video-preview":"max-video-preview:-1"},"canonical":"https:\/\/akerkimya.com\/eticaret\/hakkimizda\/","og_locale":"tr_TR","og_type":"article","og_title":"HAKKIMIZDA","og_description":"Aker Kimya Hakk\u0131m\u0131zda Aker Kimya: Yenilik\u00e7i Kimyasal \u00c7\u00f6z\u00fcmlerle End\u00fcstri Lideri Aker Kimya: Yenilik\u00e7i Kimyasal \u00c7\u00f6z\u00fcmlerle End\u00fcstri Lideri Kimya sekt\u00f6r\u00fcnde yenilik\u00e7i","og_url":"https:\/\/akerkimya.com\/eticaret\/hakkimizda\/","og_site_name":"Akerkimya","article_modified_time":"2026-01-12T07:32:36+00:00","og_image":[{"url":"https:\/\/akerkimya.com\/eticaret\/wp-content\/uploads\/2025\/01\/Ekran-Resmi-2025-01-12-19.51.47.png"}],"twitter_card":"summary_large_image","twitter_misc":{"Tahmini okuma s\u00fcresi":"3 dakika"},"schema":{"@context":"https:\/\/schema.org","@graph":[{"@type":"WebPage","@id":"https:\/\/akerkimya.com\/eticaret\/hakkimizda\/","url":"https:\/\/akerkimya.com\/eticaret\/hakkimizda\/","name":"HAKKIMIZDA - Akerkimya","isPartOf":{"@id":"https:\/\/akerkimya.com\/eticaret\/#website"},"datePublished":"2021-10-12T15:51:09+00:00","dateModified":"2026-01-12T07:32:36+00:00","breadcrumb":{"@id":"https:\/\/akerkimya.com\/eticaret\/hakkimizda\/#breadcrumb"},"inLanguage":"tr","potentialAction":[{"@type":"ReadAction","target":["https:\/\/akerkimya.com\/eticaret\/hakkimizda\/"]}]},{"@type":"BreadcrumbList","@id":"https:\/\/akerkimya.com\/eticaret\/hakkimizda\/#breadcrumb","itemListElement":[{"@type":"ListItem","position":1,"name":"Home","item":"https:\/\/akerkimya.com\/eticaret\/"},{"@type":"ListItem","position":2,"name":"HAKKIMIZDA"}]},{"@type":"WebSite","@id":"https:\/\/akerkimya.com\/eticaret\/#website","url":"https:\/\/akerkimya.com\/eticaret\/","name":"Akerkimya","description":"","potentialAction":[{"@type":"SearchAction","target":{"@type":"EntryPoint","urlTemplate":"https:\/\/akerkimya.com\/eticaret\/?s={search_term_string}"},"query-input":"required name=search_term_string"}],"inLanguage":"tr"}]}},"_links":{"self":[{"href":"https:\/\/akerkimya.com\/eticaret\/wp-json\/wp\/v2\/pages\/4400","targetHints":{"allow":["GET"]}}],"collection":[{"href":"https:\/\/akerkimya.com\/eticaret\/wp-json\/wp\/v2\/pages"}],"about":[{"href":"https:\/\/akerkimya.com\/eticaret\/wp-json\/wp\/v2\/types\/page"}],"author":[{"embeddable":true,"href":"https:\/\/akerkimya.com\/eticaret\/wp-json\/wp\/v2\/users\/1"}],"replies":[{"embeddable":true,"href":"https:\/\/akerkimya.com\/eticaret\/wp-json\/wp\/v2\/comments?post=4400"}],"version-history":[{"count":5,"href":"https:\/\/akerkimya.com\/eticaret\/wp-json\/wp\/v2\/pages\/4400\/revisions"}],"predecessor-version":[{"id":18250,"href":"https:\/\/akerkimya.com\/eticaret\/wp-json\/wp\/v2\/pages\/4400\/revisions\/18250"}],"wp:attachment":[{"href":"https:\/\/akerkimya.com\/eticaret\/wp-json\/wp\/v2\/media?parent=4400"}],"curies":[{"name":"wp","href":"https:\/\/api.w.org\/{rel}","templated":true}]}}