{"id":15683,"date":"2024-12-25T14:58:53","date_gmt":"2024-12-25T11:58:53","guid":{"rendered":"https:\/\/akerkimya.com\/eticaret\/?post_type=product&#038;p=15683"},"modified":"2026-04-16T02:09:56","modified_gmt":"2026-04-15T23:09:56","slug":"1-4-butandiol","status":"publish","type":"product","link":"https:\/\/akerkimya.com\/eticaret\/urun\/1-4-butandiol\/","title":{"rendered":"1.4 BUTAND\u0130OL"},"content":{"rendered":"<h1>1.4 BUTAND\u0130OL<\/h1>\n<p><strong>1.4 Butandiol, C4H10O2 form\u00fcl\u00fcne sahip organik bir bile\u015fiktir. asetlien ve formaldehitin y\u00fcksek bas\u0131n\u00e7 ile tepkimeye girmesiyle \u00fcretilir.<\/strong><\/p>\n<p><strong>\u00a0<\/strong><\/p>\n<p><strong>1.4 BUTAND\u0130OL \u00d6ZELL\u0130KLER\u0130<\/strong><\/p>\n<p><strong>Renksiz veya a\u00e7\u0131k sar\u0131 s\u0131v\u0131 formdad\u0131r.<\/strong><\/p>\n<p><strong>Ac\u0131 bir kokusu vard\u0131r.<\/strong><\/p>\n<p><strong>Higroskopik kimyasald\u0131r.<\/strong><\/p>\n<p><strong>Metanol, etanol, aseton ve su \u00e7\u00f6z\u00fcn\u00fcr. Eterde az \u00e7\u00f6z\u00fcn\u00fcr.<\/strong><\/p>\n<p><strong>Alkol grubunda ve d\u00f6rt kararl\u0131 izomerden biridir.<\/strong><\/p>\n<p><strong>G\u00fc\u00e7l\u00fc oksitleyici maddelerle reaksiyona girer.<\/strong><\/p>\n<p><strong>\u00a0<\/strong><\/p>\n<p><strong>TEKN\u0130K \u00d6ZELL\u0130KLER\u0130<\/strong><\/p>\n<p><strong>CAS NUMARASI: 110-63-4<\/strong><\/p>\n<p><strong>MOLEK\u00dcLER FORM\u00dcL: C4H10O2<\/strong><\/p>\n<p><strong>K\u0130MYASAL \u0130SM\u0130: 1.4 Butandiol, B\u00fctan-1.4-diol, Tetrametilen glikol<\/strong><\/p>\n<p><strong>MOLEK\u00dcL A\u011eIRLI\u011eI: 90,12 g\/mol<\/strong><\/p>\n<p><strong>ER\u0130ME NOKTASI: 20 \u00b0C<\/strong><\/p>\n<p><strong>KAYNAMA NOKTASI: 230 \u00b0C<\/strong><\/p>\n<p><strong>YO\u011eUNLUK (25 \u00b0C): 1,017 g\/mlt<\/strong><\/p>\n<p><strong>\u00a0<\/strong><\/p>\n<p><strong>KULLANIM ALANLARI<\/strong><\/p>\n<p><strong>Kimya sekt\u00f6r\u00fcnde, poli\u00fcretan ve poli \u00fcretiminde ara \u00fcr\u00fcn olarak kullan\u0131l\u0131r.<\/strong><\/p>\n<p><strong>Boya sekt\u00f6r\u00fcnde, inceltici ajan olarak kullan\u0131lmaktad\u0131r.<\/strong><\/p>\n<p><strong>End\u00fcstriyel olarak zemin s\u0131y\u0131r\u0131c\u0131 olarak kullan\u0131l\u0131r.<\/strong><\/p>\n<p><strong>Bask\u0131 m\u00fcrekkeplerinde, ta\u015f\u0131y\u0131c\u0131 ve \u00e7\u00f6z\u00fcc\u00fc olarak kullan\u0131lmaktad\u0131r.<\/strong><\/p>\n<p><strong>Tetrafidrofuran (THF) imalat\u0131nda kullan\u0131l\u0131r.<\/strong><\/p>\n<p><strong>Organik kimyada p-b\u00fctrolakton sentezini ger\u00e7ekle\u015ftirmek i\u00e7in kullan\u0131l\u0131r.<\/strong><\/p>\n<p><strong>Elastik liflerin imalat\u0131nda kullan\u0131l\u0131r.<\/strong><\/p>\n<p><strong>Epoksi re\u00e7ineler i\u00e7in reaktif seyreltici olarak kullan\u0131l\u0131r.<\/strong><\/p>\n<p><strong>Tar\u0131m ve veteriner alanlar\u0131nda kullan\u0131l\u0131r.<\/strong><\/p>\n<p><strong>\u00a0<\/strong><\/p>\n<p><strong>AMBALAJ<\/strong><\/p>\n<p><strong>200 kg variller halinde<\/strong><\/p>\n<p><strong>\u00a0<\/strong><\/p>\n<p><strong>DEPOLAMA<\/strong><\/p>\n<p><strong>Serin ve kuru olan bir alanda muhafaza ediniz.<\/strong><\/p>\n","protected":false},"excerpt":{"rendered":"<p>1.4 BUTAND\u0130OL 1.4 Butandiol, C4H10O2 form\u00fcl\u00fcne sahip organik bir bile\u015fiktir. asetlien ve formaldehitin y\u00fcksek bas\u0131n\u00e7 ile tepkimeye girmesiyle \u00fcretilir. \u00a0<\/p>\n","protected":false},"featured_media":15684,"comment_status":"open","ping_status":"closed","template":"","meta":{"_joinchat":[]},"product_cat":[70],"product_tag":[967,976,968,972,973,975,970,971,969,974],"class_list":{"0":"post-15683","1":"product","2":"type-product","3":"status-publish","4":"has-post-thumbnail","6":"product_cat-boya-ve-yapi-kimyasallar","7":"product_tag-1-4-butandiol","8":"product_tag-boya-hammaddesi","9":"product_tag-butandiol","10":"product_tag-cozucu","11":"product_tag-endustriyel-kimya","12":"product_tag-epoksi-recine","13":"product_tag-kimyasal-hammadde","14":"product_tag-poliuretan","15":"product_tag-tetrametilen-glikol","16":"product_tag-thf-uretimi","18":"first","19":"instock","20":"shipping-taxable","21":"purchasable","22":"product-type-variable"},"yoast_head":"<!-- This site is optimized with the Yoast SEO Premium plugin v20.2.1 (Yoast SEO v20.2.1) - https:\/\/yoast.com\/wordpress\/plugins\/seo\/ -->\n<title>1.4 Butandiol: End\u00fcstrinin Vazge\u00e7ilmez Kimyasal\u0131<\/title>\n<meta name=\"description\" content=\"1.4 Butandiol; poli\u00fcretan, THF ve epoksi \u00fcretiminde kullan\u0131lan g\u00fc\u00e7l\u00fc bir kimyasal hammaddedir. \u00d6zellikleri ve kullan\u0131m alanlar\u0131n\u0131 ke\u015ffedin.\" \/>\n<meta name=\"robots\" content=\"index, follow, max-snippet:-1, max-image-preview:large, max-video-preview:-1\" \/>\n<link rel=\"canonical\" href=\"https:\/\/akerkimya.com\/eticaret\/urun\/1-4-butandiol\/\" \/>\n<meta property=\"og:locale\" content=\"tr_TR\" \/>\n<meta property=\"og:type\" content=\"article\" \/>\n<meta property=\"og:title\" content=\"1.4 BUTAND\u0130OL\" \/>\n<meta property=\"og:description\" content=\"1.4 Butandiol; poli\u00fcretan, THF ve epoksi \u00fcretiminde kullan\u0131lan g\u00fc\u00e7l\u00fc bir kimyasal hammaddedir. \u00d6zellikleri ve kullan\u0131m alanlar\u0131n\u0131 ke\u015ffedin.\" \/>\n<meta property=\"og:url\" content=\"https:\/\/akerkimya.com\/eticaret\/urun\/1-4-butandiol\/\" \/>\n<meta property=\"og:site_name\" content=\"Akerkimya\" \/>\n<meta property=\"article:modified_time\" content=\"2026-04-15T23:09:56+00:00\" \/>\n<meta property=\"og:image\" content=\"https:\/\/akerkimya.com\/eticaret\/wp-content\/uploads\/2024\/12\/BUTANDIOL-GUNCEL-.png\" \/>\n\t<meta property=\"og:image:width\" content=\"1000\" \/>\n\t<meta property=\"og:image:height\" content=\"1000\" \/>\n\t<meta property=\"og:image:type\" content=\"image\/png\" \/>\n<meta name=\"twitter:card\" content=\"summary_large_image\" \/>\n<meta name=\"twitter:label1\" content=\"Tahmini okuma s\u00fcresi\" \/>\n\t<meta name=\"twitter:data1\" content=\"1 dakika\" \/>\n<script type=\"application\/ld+json\" class=\"yoast-schema-graph\">{\"@context\":\"https:\/\/schema.org\",\"@graph\":[{\"@type\":\"WebPage\",\"@id\":\"https:\/\/akerkimya.com\/eticaret\/urun\/1-4-butandiol\/\",\"url\":\"https:\/\/akerkimya.com\/eticaret\/urun\/1-4-butandiol\/\",\"name\":\"1.4 Butandiol: End\u00fcstrinin Vazge\u00e7ilmez Kimyasal\u0131\",\"isPartOf\":{\"@id\":\"https:\/\/akerkimya.com\/eticaret\/#website\"},\"datePublished\":\"2024-12-25T11:58:53+00:00\",\"dateModified\":\"2026-04-15T23:09:56+00:00\",\"description\":\"1.4 Butandiol; poli\u00fcretan, THF ve epoksi \u00fcretiminde kullan\u0131lan g\u00fc\u00e7l\u00fc bir kimyasal hammaddedir. \u00d6zellikleri ve kullan\u0131m alanlar\u0131n\u0131 ke\u015ffedin.\",\"breadcrumb\":{\"@id\":\"https:\/\/akerkimya.com\/eticaret\/urun\/1-4-butandiol\/#breadcrumb\"},\"inLanguage\":\"tr\",\"potentialAction\":[{\"@type\":\"ReadAction\",\"target\":[\"https:\/\/akerkimya.com\/eticaret\/urun\/1-4-butandiol\/\"]}]},{\"@type\":\"BreadcrumbList\",\"@id\":\"https:\/\/akerkimya.com\/eticaret\/urun\/1-4-butandiol\/#breadcrumb\",\"itemListElement\":[{\"@type\":\"ListItem\",\"position\":1,\"name\":\"Home\",\"item\":\"https:\/\/akerkimya.com\/eticaret\/\"},{\"@type\":\"ListItem\",\"position\":2,\"name\":\"Market\",\"item\":\"https:\/\/akerkimya.com\/eticaret\/market\/\"},{\"@type\":\"ListItem\",\"position\":3,\"name\":\"1.4 BUTAND\u0130OL\"}]},{\"@type\":\"WebSite\",\"@id\":\"https:\/\/akerkimya.com\/eticaret\/#website\",\"url\":\"https:\/\/akerkimya.com\/eticaret\/\",\"name\":\"Akerkimya\",\"description\":\"\",\"potentialAction\":[{\"@type\":\"SearchAction\",\"target\":{\"@type\":\"EntryPoint\",\"urlTemplate\":\"https:\/\/akerkimya.com\/eticaret\/?s={search_term_string}\"},\"query-input\":\"required name=search_term_string\"}],\"inLanguage\":\"tr\"}]}<\/script>\n<!-- \/ Yoast SEO Premium plugin. -->","yoast_head_json":{"title":"1.4 Butandiol: End\u00fcstrinin Vazge\u00e7ilmez Kimyasal\u0131","description":"1.4 Butandiol; poli\u00fcretan, THF ve epoksi \u00fcretiminde kullan\u0131lan g\u00fc\u00e7l\u00fc bir kimyasal hammaddedir. \u00d6zellikleri ve kullan\u0131m alanlar\u0131n\u0131 ke\u015ffedin.","robots":{"index":"index","follow":"follow","max-snippet":"max-snippet:-1","max-image-preview":"max-image-preview:large","max-video-preview":"max-video-preview:-1"},"canonical":"https:\/\/akerkimya.com\/eticaret\/urun\/1-4-butandiol\/","og_locale":"tr_TR","og_type":"article","og_title":"1.4 BUTAND\u0130OL","og_description":"1.4 Butandiol; poli\u00fcretan, THF ve epoksi \u00fcretiminde kullan\u0131lan g\u00fc\u00e7l\u00fc bir kimyasal hammaddedir. \u00d6zellikleri ve kullan\u0131m alanlar\u0131n\u0131 ke\u015ffedin.","og_url":"https:\/\/akerkimya.com\/eticaret\/urun\/1-4-butandiol\/","og_site_name":"Akerkimya","article_modified_time":"2026-04-15T23:09:56+00:00","og_image":[{"width":1000,"height":1000,"url":"https:\/\/akerkimya.com\/eticaret\/wp-content\/uploads\/2024\/12\/BUTANDIOL-GUNCEL-.png","type":"image\/png"}],"twitter_card":"summary_large_image","twitter_misc":{"Tahmini okuma s\u00fcresi":"1 dakika"},"schema":{"@context":"https:\/\/schema.org","@graph":[{"@type":"WebPage","@id":"https:\/\/akerkimya.com\/eticaret\/urun\/1-4-butandiol\/","url":"https:\/\/akerkimya.com\/eticaret\/urun\/1-4-butandiol\/","name":"1.4 Butandiol: End\u00fcstrinin Vazge\u00e7ilmez Kimyasal\u0131","isPartOf":{"@id":"https:\/\/akerkimya.com\/eticaret\/#website"},"datePublished":"2024-12-25T11:58:53+00:00","dateModified":"2026-04-15T23:09:56+00:00","description":"1.4 Butandiol; poli\u00fcretan, THF ve epoksi \u00fcretiminde kullan\u0131lan g\u00fc\u00e7l\u00fc bir kimyasal hammaddedir. \u00d6zellikleri ve kullan\u0131m alanlar\u0131n\u0131 ke\u015ffedin.","breadcrumb":{"@id":"https:\/\/akerkimya.com\/eticaret\/urun\/1-4-butandiol\/#breadcrumb"},"inLanguage":"tr","potentialAction":[{"@type":"ReadAction","target":["https:\/\/akerkimya.com\/eticaret\/urun\/1-4-butandiol\/"]}]},{"@type":"BreadcrumbList","@id":"https:\/\/akerkimya.com\/eticaret\/urun\/1-4-butandiol\/#breadcrumb","itemListElement":[{"@type":"ListItem","position":1,"name":"Home","item":"https:\/\/akerkimya.com\/eticaret\/"},{"@type":"ListItem","position":2,"name":"Market","item":"https:\/\/akerkimya.com\/eticaret\/market\/"},{"@type":"ListItem","position":3,"name":"1.4 BUTAND\u0130OL"}]},{"@type":"WebSite","@id":"https:\/\/akerkimya.com\/eticaret\/#website","url":"https:\/\/akerkimya.com\/eticaret\/","name":"Akerkimya","description":"","potentialAction":[{"@type":"SearchAction","target":{"@type":"EntryPoint","urlTemplate":"https:\/\/akerkimya.com\/eticaret\/?s={search_term_string}"},"query-input":"required name=search_term_string"}],"inLanguage":"tr"}]}},"_links":{"self":[{"href":"https:\/\/akerkimya.com\/eticaret\/wp-json\/wp\/v2\/product\/15683","targetHints":{"allow":["GET"]}}],"collection":[{"href":"https:\/\/akerkimya.com\/eticaret\/wp-json\/wp\/v2\/product"}],"about":[{"href":"https:\/\/akerkimya.com\/eticaret\/wp-json\/wp\/v2\/types\/product"}],"replies":[{"embeddable":true,"href":"https:\/\/akerkimya.com\/eticaret\/wp-json\/wp\/v2\/comments?post=15683"}],"version-history":[{"count":6,"href":"https:\/\/akerkimya.com\/eticaret\/wp-json\/wp\/v2\/product\/15683\/revisions"}],"predecessor-version":[{"id":16792,"href":"https:\/\/akerkimya.com\/eticaret\/wp-json\/wp\/v2\/product\/15683\/revisions\/16792"}],"wp:featuredmedia":[{"embeddable":true,"href":"https:\/\/akerkimya.com\/eticaret\/wp-json\/wp\/v2\/media\/15684"}],"wp:attachment":[{"href":"https:\/\/akerkimya.com\/eticaret\/wp-json\/wp\/v2\/media?parent=15683"}],"wp:term":[{"taxonomy":"product_cat","embeddable":true,"href":"https:\/\/akerkimya.com\/eticaret\/wp-json\/wp\/v2\/product_cat?post=15683"},{"taxonomy":"product_tag","embeddable":true,"href":"https:\/\/akerkimya.com\/eticaret\/wp-json\/wp\/v2\/product_tag?post=15683"}],"curies":[{"name":"wp","href":"https:\/\/api.w.org\/{rel}","templated":true}]}}