{"id":15704,"date":"2024-12-25T16:33:05","date_gmt":"2024-12-25T13:33:05","guid":{"rendered":"https:\/\/akerkimya.com\/eticaret\/?post_type=product&#038;p=15704"},"modified":"2026-04-16T02:32:17","modified_gmt":"2026-04-15T23:32:17","slug":"adc-750-akrilik","status":"publish","type":"product","link":"https:\/\/akerkimya.com\/eticaret\/urun\/adc-750-akrilik\/","title":{"rendered":"ADC 750 AKR\u0130L\u0130K"},"content":{"rendered":"<h1>ADC 750 AKR\u0130L\u0130K<\/h1>\n<p><strong>ADC 750 sitren akrilik asit esterine dayal\u0131, plastikle\u015ftirici ve APEO i\u00e7ermeyen anyonik-noniyonik sulu dispersiyonudur.\u00a0 Ola\u011fan\u00fcst\u00fc su ve alkali direncine sahiptir.<\/strong><\/p>\n<p><strong>TEKN\u0130K \u00d6ZELL\u0130KLER\u0130<\/strong><\/p>\n<p><strong>YO\u011eUNLUK: 1.04 g\/cm\u00b3<\/strong><\/p>\n<p><strong>M\u0130N. F\u0130LM OLU\u015eTURMA SICAKLI\u011eI: 17 +2 \u00b0C<\/strong><\/p>\n<p><strong>V\u0130SKOZ\u0130TE: 7000-11000 mPas<\/strong><\/p>\n<p><strong>Ph: 7.0-9.0<\/strong><\/p>\n<p><strong>KATI \u0130\u00c7ER\u0130K 1\/2h 150 \u00b0C: 50+1 %<\/strong><\/p>\n<p><strong>\u00a0<\/strong><\/p>\n<p><strong>KULLANIM ALANLARI<\/strong><\/p>\n<p><strong>Dispersiyonu y\u00fcksek ve orta y\u00fcksek PVC\u2019 li boyalar ve re\u00e7ineye ba\u011fl\u0131 s\u0131valar gibi i\u00e7 ve d\u0131\u015f kaplamalar\u0131n form\u00fclasyonlar\u0131nda kullan\u0131l\u0131r.<\/strong><\/p>\n<p><strong>Y\u00fcksek pigment kapasitesi nedeniyle pigmentli fiber \u00e7imentolarda kullan\u0131lmaktad\u0131r.<\/strong><\/p>\n<p><strong>Seramik karo yap\u0131\u015ft\u0131r\u0131c\u0131lar\u0131nda, dolgu maddelerinde, gran\u00fcl ta\u015f kaplamalar\u0131 \u00fcretiminde kullan\u0131l\u0131r.<\/strong><\/p>\n<p><strong>Mimari y\u00fczeylerde, macunlarda kullan\u0131m\u0131 mevcuttur.<\/strong><\/p>\n<p><strong>\u00a0<\/strong><\/p>\n<p><strong>AMBALAJ<\/strong><\/p>\n<p><strong>1-5-10-30 kg bidonlar, 170 kg variller ve 1050 kg \u0131bc halindedir.<\/strong><\/p>\n<p><strong>\u00a0<\/strong><\/p>\n<p><strong>DEPOLAMA<\/strong><\/p>\n<p><strong>Serin ve kuru bir alanda, bidon-varil hava almayacak \u015fekilde muhafaza edilmelidir.<\/strong><\/p>\n","protected":false},"excerpt":{"rendered":"<p>ADC 750 AKR\u0130L\u0130K ADC 750 sitren akrilik asit esterine dayal\u0131, plastikle\u015ftirici ve APEO i\u00e7ermeyen anyonik-noniyonik sulu dispersiyonudur.\u00a0 Ola\u011fan\u00fcst\u00fc su ve<\/p>\n","protected":false},"featured_media":15705,"comment_status":"open","ping_status":"closed","template":"","meta":{"_joinchat":[]},"product_cat":[70],"product_tag":[986,978,979,981,980,970,988,987,983,984],"class_list":{"0":"post-15704","1":"product","2":"type-product","3":"status-publish","4":"has-post-thumbnail","6":"product_cat-boya-ve-yapi-kimyasallar","7":"product_tag-adc-750-akrilik","8":"product_tag-akrilik-emulsiyon","9":"product_tag-boya-baglayici","10":"product_tag-dis-cephe-boyasi","11":"product_tag-ic-cephe-boyasi","12":"product_tag-kimyasal-hammadde","13":"product_tag-seramik-yapistirici","14":"product_tag-stiren-akrilik","15":"product_tag-tekstur-kaplama","16":"product_tag-yuksek-pvc-boya","18":"first","19":"instock","20":"shipping-taxable","21":"purchasable","22":"product-type-variable"},"yoast_head":"<!-- This site is optimized with the Yoast SEO Premium plugin v20.2.1 (Yoast SEO v20.2.1) - https:\/\/yoast.com\/wordpress\/plugins\/seo\/ -->\n<title>ADC 750 Akrilik: \u00dcst\u00fcn Su ve Alkali Dayan\u0131ml\u0131 Ba\u011flay\u0131c\u0131<\/title>\n<meta name=\"description\" content=\"ADC 750 akrilik em\u00fclsiyon; y\u00fcksek su ve alkali direnci ile boya, s\u0131va ve seramik yap\u0131\u015ft\u0131r\u0131c\u0131lar\u0131nda g\u00fc\u00e7l\u00fc performans sunar. Teknik detaylar\u0131 inceleyin.\" \/>\n<meta name=\"robots\" content=\"index, follow, max-snippet:-1, max-image-preview:large, max-video-preview:-1\" \/>\n<link rel=\"canonical\" href=\"https:\/\/akerkimya.com\/eticaret\/urun\/adc-750-akrilik\/\" \/>\n<meta property=\"og:locale\" content=\"tr_TR\" \/>\n<meta property=\"og:type\" content=\"article\" \/>\n<meta property=\"og:title\" content=\"ADC 750 AKR\u0130L\u0130K\" \/>\n<meta property=\"og:description\" content=\"ADC 750 akrilik em\u00fclsiyon; y\u00fcksek su ve alkali direnci ile boya, s\u0131va ve seramik yap\u0131\u015ft\u0131r\u0131c\u0131lar\u0131nda g\u00fc\u00e7l\u00fc performans sunar. Teknik detaylar\u0131 inceleyin.\" \/>\n<meta property=\"og:url\" content=\"https:\/\/akerkimya.com\/eticaret\/urun\/adc-750-akrilik\/\" \/>\n<meta property=\"og:site_name\" content=\"Akerkimya\" \/>\n<meta property=\"article:modified_time\" content=\"2026-04-15T23:32:17+00:00\" \/>\n<meta property=\"og:image\" content=\"https:\/\/akerkimya.com\/eticaret\/wp-content\/uploads\/2024\/12\/ADC-750-GUNCEL.png\" \/>\n\t<meta property=\"og:image:width\" content=\"1000\" \/>\n\t<meta property=\"og:image:height\" content=\"1000\" \/>\n\t<meta property=\"og:image:type\" content=\"image\/png\" \/>\n<meta name=\"twitter:card\" content=\"summary_large_image\" \/>\n<meta name=\"twitter:label1\" content=\"Tahmini okuma s\u00fcresi\" \/>\n\t<meta name=\"twitter:data1\" content=\"1 dakika\" \/>\n<script type=\"application\/ld+json\" class=\"yoast-schema-graph\">{\"@context\":\"https:\/\/schema.org\",\"@graph\":[{\"@type\":\"WebPage\",\"@id\":\"https:\/\/akerkimya.com\/eticaret\/urun\/adc-750-akrilik\/\",\"url\":\"https:\/\/akerkimya.com\/eticaret\/urun\/adc-750-akrilik\/\",\"name\":\"ADC 750 Akrilik: \u00dcst\u00fcn Su ve Alkali Dayan\u0131ml\u0131 Ba\u011flay\u0131c\u0131\",\"isPartOf\":{\"@id\":\"https:\/\/akerkimya.com\/eticaret\/#website\"},\"datePublished\":\"2024-12-25T13:33:05+00:00\",\"dateModified\":\"2026-04-15T23:32:17+00:00\",\"description\":\"ADC 750 akrilik em\u00fclsiyon; y\u00fcksek su ve alkali direnci ile boya, s\u0131va ve seramik yap\u0131\u015ft\u0131r\u0131c\u0131lar\u0131nda g\u00fc\u00e7l\u00fc performans sunar. Teknik detaylar\u0131 inceleyin.\",\"breadcrumb\":{\"@id\":\"https:\/\/akerkimya.com\/eticaret\/urun\/adc-750-akrilik\/#breadcrumb\"},\"inLanguage\":\"tr\",\"potentialAction\":[{\"@type\":\"ReadAction\",\"target\":[\"https:\/\/akerkimya.com\/eticaret\/urun\/adc-750-akrilik\/\"]}]},{\"@type\":\"BreadcrumbList\",\"@id\":\"https:\/\/akerkimya.com\/eticaret\/urun\/adc-750-akrilik\/#breadcrumb\",\"itemListElement\":[{\"@type\":\"ListItem\",\"position\":1,\"name\":\"Home\",\"item\":\"https:\/\/akerkimya.com\/eticaret\/\"},{\"@type\":\"ListItem\",\"position\":2,\"name\":\"Market\",\"item\":\"https:\/\/akerkimya.com\/eticaret\/market\/\"},{\"@type\":\"ListItem\",\"position\":3,\"name\":\"ADC 750 AKR\u0130L\u0130K\"}]},{\"@type\":\"WebSite\",\"@id\":\"https:\/\/akerkimya.com\/eticaret\/#website\",\"url\":\"https:\/\/akerkimya.com\/eticaret\/\",\"name\":\"Akerkimya\",\"description\":\"\",\"potentialAction\":[{\"@type\":\"SearchAction\",\"target\":{\"@type\":\"EntryPoint\",\"urlTemplate\":\"https:\/\/akerkimya.com\/eticaret\/?s={search_term_string}\"},\"query-input\":\"required name=search_term_string\"}],\"inLanguage\":\"tr\"}]}<\/script>\n<!-- \/ Yoast SEO Premium plugin. -->","yoast_head_json":{"title":"ADC 750 Akrilik: \u00dcst\u00fcn Su ve Alkali Dayan\u0131ml\u0131 Ba\u011flay\u0131c\u0131","description":"ADC 750 akrilik em\u00fclsiyon; y\u00fcksek su ve alkali direnci ile boya, s\u0131va ve seramik yap\u0131\u015ft\u0131r\u0131c\u0131lar\u0131nda g\u00fc\u00e7l\u00fc performans sunar. Teknik detaylar\u0131 inceleyin.","robots":{"index":"index","follow":"follow","max-snippet":"max-snippet:-1","max-image-preview":"max-image-preview:large","max-video-preview":"max-video-preview:-1"},"canonical":"https:\/\/akerkimya.com\/eticaret\/urun\/adc-750-akrilik\/","og_locale":"tr_TR","og_type":"article","og_title":"ADC 750 AKR\u0130L\u0130K","og_description":"ADC 750 akrilik em\u00fclsiyon; y\u00fcksek su ve alkali direnci ile boya, s\u0131va ve seramik yap\u0131\u015ft\u0131r\u0131c\u0131lar\u0131nda g\u00fc\u00e7l\u00fc performans sunar. Teknik detaylar\u0131 inceleyin.","og_url":"https:\/\/akerkimya.com\/eticaret\/urun\/adc-750-akrilik\/","og_site_name":"Akerkimya","article_modified_time":"2026-04-15T23:32:17+00:00","og_image":[{"width":1000,"height":1000,"url":"https:\/\/akerkimya.com\/eticaret\/wp-content\/uploads\/2024\/12\/ADC-750-GUNCEL.png","type":"image\/png"}],"twitter_card":"summary_large_image","twitter_misc":{"Tahmini okuma s\u00fcresi":"1 dakika"},"schema":{"@context":"https:\/\/schema.org","@graph":[{"@type":"WebPage","@id":"https:\/\/akerkimya.com\/eticaret\/urun\/adc-750-akrilik\/","url":"https:\/\/akerkimya.com\/eticaret\/urun\/adc-750-akrilik\/","name":"ADC 750 Akrilik: \u00dcst\u00fcn Su ve Alkali Dayan\u0131ml\u0131 Ba\u011flay\u0131c\u0131","isPartOf":{"@id":"https:\/\/akerkimya.com\/eticaret\/#website"},"datePublished":"2024-12-25T13:33:05+00:00","dateModified":"2026-04-15T23:32:17+00:00","description":"ADC 750 akrilik em\u00fclsiyon; y\u00fcksek su ve alkali direnci ile boya, s\u0131va ve seramik yap\u0131\u015ft\u0131r\u0131c\u0131lar\u0131nda g\u00fc\u00e7l\u00fc performans sunar. Teknik detaylar\u0131 inceleyin.","breadcrumb":{"@id":"https:\/\/akerkimya.com\/eticaret\/urun\/adc-750-akrilik\/#breadcrumb"},"inLanguage":"tr","potentialAction":[{"@type":"ReadAction","target":["https:\/\/akerkimya.com\/eticaret\/urun\/adc-750-akrilik\/"]}]},{"@type":"BreadcrumbList","@id":"https:\/\/akerkimya.com\/eticaret\/urun\/adc-750-akrilik\/#breadcrumb","itemListElement":[{"@type":"ListItem","position":1,"name":"Home","item":"https:\/\/akerkimya.com\/eticaret\/"},{"@type":"ListItem","position":2,"name":"Market","item":"https:\/\/akerkimya.com\/eticaret\/market\/"},{"@type":"ListItem","position":3,"name":"ADC 750 AKR\u0130L\u0130K"}]},{"@type":"WebSite","@id":"https:\/\/akerkimya.com\/eticaret\/#website","url":"https:\/\/akerkimya.com\/eticaret\/","name":"Akerkimya","description":"","potentialAction":[{"@type":"SearchAction","target":{"@type":"EntryPoint","urlTemplate":"https:\/\/akerkimya.com\/eticaret\/?s={search_term_string}"},"query-input":"required name=search_term_string"}],"inLanguage":"tr"}]}},"_links":{"self":[{"href":"https:\/\/akerkimya.com\/eticaret\/wp-json\/wp\/v2\/product\/15704","targetHints":{"allow":["GET"]}}],"collection":[{"href":"https:\/\/akerkimya.com\/eticaret\/wp-json\/wp\/v2\/product"}],"about":[{"href":"https:\/\/akerkimya.com\/eticaret\/wp-json\/wp\/v2\/types\/product"}],"replies":[{"embeddable":true,"href":"https:\/\/akerkimya.com\/eticaret\/wp-json\/wp\/v2\/comments?post=15704"}],"version-history":[{"count":3,"href":"https:\/\/akerkimya.com\/eticaret\/wp-json\/wp\/v2\/product\/15704\/revisions"}],"predecessor-version":[{"id":18561,"href":"https:\/\/akerkimya.com\/eticaret\/wp-json\/wp\/v2\/product\/15704\/revisions\/18561"}],"wp:featuredmedia":[{"embeddable":true,"href":"https:\/\/akerkimya.com\/eticaret\/wp-json\/wp\/v2\/media\/15705"}],"wp:attachment":[{"href":"https:\/\/akerkimya.com\/eticaret\/wp-json\/wp\/v2\/media?parent=15704"}],"wp:term":[{"taxonomy":"product_cat","embeddable":true,"href":"https:\/\/akerkimya.com\/eticaret\/wp-json\/wp\/v2\/product_cat?post=15704"},{"taxonomy":"product_tag","embeddable":true,"href":"https:\/\/akerkimya.com\/eticaret\/wp-json\/wp\/v2\/product_tag?post=15704"}],"curies":[{"name":"wp","href":"https:\/\/api.w.org\/{rel}","templated":true}]}}