{"id":15722,"date":"2024-12-26T15:33:31","date_gmt":"2024-12-26T12:33:31","guid":{"rendered":"https:\/\/akerkimya.com\/eticaret\/?post_type=product&#038;p=15722"},"modified":"2026-05-08T09:23:03","modified_gmt":"2026-05-08T06:23:03","slug":"aerosil-r972","status":"publish","type":"product","link":"https:\/\/akerkimya.com\/eticaret\/urun\/aerosil-r972\/","title":{"rendered":"AEROS\u0130L R972"},"content":{"rendered":"<h1>AEROS\u0130L R972<\/h1>\n<p><strong>AEROS\u0130L R972, DDS (Dimetildiklorosilan) ile i\u015flemden ge\u00e7irilmi\u015f f\u00fcme bir silikad\u0131r. Y\u00fcksek safl\u0131kta, amorf, susuz, hidrofobik kolloidal silikad\u0131r.<\/strong><\/p>\n<p><strong>AEROS\u0130L R972 \u00d6ZELL\u0130KLER\u0130<\/strong><\/p>\n<p><strong>Beyaz renkte toz formdad\u0131r.<\/strong><\/p>\n<p><strong>Karma\u015f\u0131k s\u0131v\u0131 sistemlerin reoliji kontrol\u00fcne sahiptir.<\/strong><\/p>\n<p><strong>Suya dayan\u0131kl\u0131d\u0131r. S\u0131v\u0131 sistemleri hidrofobize eder.<\/strong><\/p>\n<p><strong>\u00a0<\/strong><\/p>\n<p><strong>TEKN\u0130K \u00d6ZELL\u0130KLER\u0130<\/strong><\/p>\n<p><strong>CAS NUMARASI: 60842-32-2<\/strong><\/p>\n<p><strong>AT NUMARASI: 612-048-5<\/strong><\/p>\n<p><strong>K\u0130MYASAL \u0130SM\u0130: Silika dimetil silikat, f\u00fcmed silika<\/strong><\/p>\n<p><strong>PH DE\u011eER\u0130: 4,2<\/strong><\/p>\n<p><strong>ATE\u015eLEME SICAKLI\u011eI: 600 \u00b0C<\/strong><\/p>\n<p><strong>TERMAL AYRI\u015eMA: 300 \u00b0C<\/strong><\/p>\n<p><strong>\u00a0<\/strong><\/p>\n<p><strong>KULLANIM ALANLARI<\/strong><\/p>\n<p><strong>Pigment stabilizasyonu ve korozyon korunmas\u0131n\u0131n iyile\u015ftirilmesi i\u00e7in kaplamalarda \u00e7\u00f6kelme \u00f6nleyici bir madde olarak kullan\u0131l\u0131r.<\/strong><\/p>\n<p><strong>Yap\u0131\u015ft\u0131r\u0131c\u0131 ve silikon dolgu macunlar\u0131nda kullan\u0131l\u0131r.<\/strong><\/p>\n<p><strong>Koyula\u015ft\u0131r\u0131c\u0131 ve g\u00fc\u00e7lendirici, hidrofobiklik ve pigment \u00f6zelliklerini iyile\u015ftirmesi ve korumas\u0131 i\u00e7in kullan\u0131l\u0131r.<\/strong><\/p>\n<p><strong>Su direnci ve tozlar\u0131n serbest ak\u0131\u015f ve topaklanma \u00f6nleyici \u00f6zelliklerinin iyile\u015ftirilmesi ve korunmas\u0131ndan kullan\u0131l\u0131r.<\/strong><\/p>\n<p><strong>Boyalarda ve kaplamalarda, matbaa m\u00fcrekkeplerinde ve tonerlerde, kablo bile\u015fiklerinde ve jellerde, yap\u0131\u015ft\u0131r\u0131c\u0131larda ve bitki korumada kullan\u0131l\u0131r.<\/strong><\/p>\n<p><strong>Farma, farmas\u00f6tik \u00fcr\u00fcnlerde yard\u0131mc\u0131 madde olarak kullan\u0131l\u0131r.<\/strong><\/p>\n<p><strong>Silikon mastiklerin kal\u0131nla\u015ft\u0131r\u0131lmas\u0131, g\u00fc\u00e7lendirilmesi ve raf \u00f6mr\u00fcn\u00fc uzatmak i\u00e7in kullan\u0131l\u0131r.<\/strong><\/p>\n<p><strong>D\u00fc\u015f\u00fck ve polar olmayan yumu\u015fat\u0131c\u0131lar\u0131n koyula\u015ft\u0131r\u0131lmas\u0131nda kullan\u0131l\u0131r.<\/strong><\/p>\n<p><strong>Kozmetikte stabilite ve yap\u0131y\u0131 iyile\u015ftirir.<\/strong><\/p>\n<p><strong>Jel ve ya\u011f kal\u0131nla\u015fmas\u0131, matl\u0131k hissi i\u00e7in etkilidir.<\/strong><\/p>\n<p><strong>Ya\u011f aray\u00fcz\u00fc \u00fczerindeki toplama etkisiyle ya\u011f damlac\u0131klar\u0131n\u0131n stabilitesini artt\u0131r\u0131r.<\/strong><\/p>\n<p><strong>Ya\u011f faz\u0131n\u0131n viskozitesini artt\u0131r\u0131r.<\/strong><\/p>\n<p><strong>\u00a0<\/strong><\/p>\n<p><strong>AMBALAJ<\/strong><\/p>\n<p><strong>100-250-500 gram ambalajlarda ve 10 kg torbalar halinde<\/strong><\/p>\n<p><strong>\u00a0<\/strong><\/p>\n<p><strong>DEPOLAMA<\/strong><\/p>\n<p><strong>Serin ve kuru bir alanda muhafaza ediniz.<\/strong><\/p>\n<p><strong>\u00a0<\/strong><\/p>\n","protected":false},"excerpt":{"rendered":"<p>AEROS\u0130L R972 AEROS\u0130L R972, DDS (Dimetildiklorosilan) ile i\u015flemden ge\u00e7irilmi\u015f f\u00fcme bir silikad\u0131r. Y\u00fcksek safl\u0131kta, amorf, susuz, hidrofobik kolloidal silikad\u0131r. AEROS\u0130L<\/p>\n","protected":false},"featured_media":15723,"comment_status":"open","ping_status":"closed","template":"","meta":{"_joinchat":[]},"product_cat":[70,74],"product_tag":[998,996,973,1000,999,994,995,997,990,1001],"class_list":{"0":"post-15722","1":"product","2":"type-product","3":"status-publish","4":"has-post-thumbnail","6":"product_cat-boya-ve-yapi-kimyasallar","7":"product_cat-deterjan-ve-kozmetik-kimyasallari","8":"product_tag-aerosil-r972","9":"product_tag-boya-katkisi","10":"product_tag-endustriyel-kimya","11":"product_tag-fume-silika","12":"product_tag-hidrofobik-silika","13":"product_tag-kivam-artirici","14":"product_tag-kozmetik-hammaddesi","15":"product_tag-reoloji-duzenleyici","16":"product_tag-silikon-dioksit","17":"product_tag-yapistirici-hammaddesi","19":"first","20":"outofstock","21":"shipping-taxable","22":"purchasable","23":"product-type-variable"},"yoast_head":"<!-- This site is optimized with the Yoast SEO Premium plugin v20.2.1 (Yoast SEO v20.2.1) - https:\/\/yoast.com\/wordpress\/plugins\/seo\/ -->\n<title>Aerosil R972: Hidrofobik F\u00fcme Silika ile \u00dcst\u00fcn Reoloji Kontrol\u00fc<\/title>\n<meta name=\"description\" content=\"Aerosil R972; hidrofobik yap\u0131s\u0131, y\u00fcksek safl\u0131\u011f\u0131 ve reoloji kontrol\u00fc sayesinde boya, kozmetik, yap\u0131\u015ft\u0131r\u0131c\u0131 ve silikon uygulamalar\u0131nda \u00fcst\u00fcn performans sunar.\" \/>\n<meta name=\"robots\" content=\"index, follow, max-snippet:-1, max-image-preview:large, max-video-preview:-1\" \/>\n<link rel=\"canonical\" href=\"https:\/\/akerkimya.com\/eticaret\/urun\/aerosil-r972\/\" \/>\n<meta property=\"og:locale\" content=\"tr_TR\" \/>\n<meta property=\"og:type\" content=\"article\" \/>\n<meta property=\"og:title\" content=\"AEROS\u0130L R972\" \/>\n<meta property=\"og:description\" content=\"Aerosil R972; hidrofobik yap\u0131s\u0131, y\u00fcksek safl\u0131\u011f\u0131 ve reoloji kontrol\u00fc sayesinde boya, kozmetik, yap\u0131\u015ft\u0131r\u0131c\u0131 ve silikon uygulamalar\u0131nda \u00fcst\u00fcn performans sunar.\" \/>\n<meta property=\"og:url\" content=\"https:\/\/akerkimya.com\/eticaret\/urun\/aerosil-r972\/\" \/>\n<meta property=\"og:site_name\" content=\"Akerkimya\" \/>\n<meta property=\"article:modified_time\" content=\"2026-05-08T06:23:03+00:00\" \/>\n<meta property=\"og:image\" content=\"https:\/\/akerkimya.com\/eticaret\/wp-content\/uploads\/2024\/12\/GUNCEL-1.png\" \/>\n\t<meta property=\"og:image:width\" content=\"1000\" \/>\n\t<meta property=\"og:image:height\" content=\"1000\" \/>\n\t<meta property=\"og:image:type\" content=\"image\/png\" \/>\n<meta name=\"twitter:card\" content=\"summary_large_image\" \/>\n<meta name=\"twitter:label1\" content=\"Tahmini okuma s\u00fcresi\" \/>\n\t<meta name=\"twitter:data1\" content=\"2 dakika\" \/>\n<script type=\"application\/ld+json\" class=\"yoast-schema-graph\">{\"@context\":\"https:\/\/schema.org\",\"@graph\":[{\"@type\":\"WebPage\",\"@id\":\"https:\/\/akerkimya.com\/eticaret\/urun\/aerosil-r972\/\",\"url\":\"https:\/\/akerkimya.com\/eticaret\/urun\/aerosil-r972\/\",\"name\":\"Aerosil R972: Hidrofobik F\u00fcme Silika ile \u00dcst\u00fcn Reoloji Kontrol\u00fc\",\"isPartOf\":{\"@id\":\"https:\/\/akerkimya.com\/eticaret\/#website\"},\"datePublished\":\"2024-12-26T12:33:31+00:00\",\"dateModified\":\"2026-05-08T06:23:03+00:00\",\"description\":\"Aerosil R972; hidrofobik yap\u0131s\u0131, y\u00fcksek safl\u0131\u011f\u0131 ve reoloji kontrol\u00fc sayesinde boya, kozmetik, yap\u0131\u015ft\u0131r\u0131c\u0131 ve silikon uygulamalar\u0131nda \u00fcst\u00fcn performans sunar.\",\"breadcrumb\":{\"@id\":\"https:\/\/akerkimya.com\/eticaret\/urun\/aerosil-r972\/#breadcrumb\"},\"inLanguage\":\"tr\",\"potentialAction\":[{\"@type\":\"ReadAction\",\"target\":[\"https:\/\/akerkimya.com\/eticaret\/urun\/aerosil-r972\/\"]}]},{\"@type\":\"BreadcrumbList\",\"@id\":\"https:\/\/akerkimya.com\/eticaret\/urun\/aerosil-r972\/#breadcrumb\",\"itemListElement\":[{\"@type\":\"ListItem\",\"position\":1,\"name\":\"Home\",\"item\":\"https:\/\/akerkimya.com\/eticaret\/\"},{\"@type\":\"ListItem\",\"position\":2,\"name\":\"Market\",\"item\":\"https:\/\/akerkimya.com\/eticaret\/market\/\"},{\"@type\":\"ListItem\",\"position\":3,\"name\":\"AEROS\u0130L R972\"}]},{\"@type\":\"WebSite\",\"@id\":\"https:\/\/akerkimya.com\/eticaret\/#website\",\"url\":\"https:\/\/akerkimya.com\/eticaret\/\",\"name\":\"Akerkimya\",\"description\":\"\",\"potentialAction\":[{\"@type\":\"SearchAction\",\"target\":{\"@type\":\"EntryPoint\",\"urlTemplate\":\"https:\/\/akerkimya.com\/eticaret\/?s={search_term_string}\"},\"query-input\":\"required name=search_term_string\"}],\"inLanguage\":\"tr\"}]}<\/script>\n<!-- \/ Yoast SEO Premium plugin. -->","yoast_head_json":{"title":"Aerosil R972: Hidrofobik F\u00fcme Silika ile \u00dcst\u00fcn Reoloji Kontrol\u00fc","description":"Aerosil R972; hidrofobik yap\u0131s\u0131, y\u00fcksek safl\u0131\u011f\u0131 ve reoloji kontrol\u00fc sayesinde boya, kozmetik, yap\u0131\u015ft\u0131r\u0131c\u0131 ve silikon uygulamalar\u0131nda \u00fcst\u00fcn performans sunar.","robots":{"index":"index","follow":"follow","max-snippet":"max-snippet:-1","max-image-preview":"max-image-preview:large","max-video-preview":"max-video-preview:-1"},"canonical":"https:\/\/akerkimya.com\/eticaret\/urun\/aerosil-r972\/","og_locale":"tr_TR","og_type":"article","og_title":"AEROS\u0130L R972","og_description":"Aerosil R972; hidrofobik yap\u0131s\u0131, y\u00fcksek safl\u0131\u011f\u0131 ve reoloji kontrol\u00fc sayesinde boya, kozmetik, yap\u0131\u015ft\u0131r\u0131c\u0131 ve silikon uygulamalar\u0131nda \u00fcst\u00fcn performans sunar.","og_url":"https:\/\/akerkimya.com\/eticaret\/urun\/aerosil-r972\/","og_site_name":"Akerkimya","article_modified_time":"2026-05-08T06:23:03+00:00","og_image":[{"width":1000,"height":1000,"url":"https:\/\/akerkimya.com\/eticaret\/wp-content\/uploads\/2024\/12\/GUNCEL-1.png","type":"image\/png"}],"twitter_card":"summary_large_image","twitter_misc":{"Tahmini okuma s\u00fcresi":"2 dakika"},"schema":{"@context":"https:\/\/schema.org","@graph":[{"@type":"WebPage","@id":"https:\/\/akerkimya.com\/eticaret\/urun\/aerosil-r972\/","url":"https:\/\/akerkimya.com\/eticaret\/urun\/aerosil-r972\/","name":"Aerosil R972: Hidrofobik F\u00fcme Silika ile \u00dcst\u00fcn Reoloji Kontrol\u00fc","isPartOf":{"@id":"https:\/\/akerkimya.com\/eticaret\/#website"},"datePublished":"2024-12-26T12:33:31+00:00","dateModified":"2026-05-08T06:23:03+00:00","description":"Aerosil R972; hidrofobik yap\u0131s\u0131, y\u00fcksek safl\u0131\u011f\u0131 ve reoloji kontrol\u00fc sayesinde boya, kozmetik, yap\u0131\u015ft\u0131r\u0131c\u0131 ve silikon uygulamalar\u0131nda \u00fcst\u00fcn performans sunar.","breadcrumb":{"@id":"https:\/\/akerkimya.com\/eticaret\/urun\/aerosil-r972\/#breadcrumb"},"inLanguage":"tr","potentialAction":[{"@type":"ReadAction","target":["https:\/\/akerkimya.com\/eticaret\/urun\/aerosil-r972\/"]}]},{"@type":"BreadcrumbList","@id":"https:\/\/akerkimya.com\/eticaret\/urun\/aerosil-r972\/#breadcrumb","itemListElement":[{"@type":"ListItem","position":1,"name":"Home","item":"https:\/\/akerkimya.com\/eticaret\/"},{"@type":"ListItem","position":2,"name":"Market","item":"https:\/\/akerkimya.com\/eticaret\/market\/"},{"@type":"ListItem","position":3,"name":"AEROS\u0130L R972"}]},{"@type":"WebSite","@id":"https:\/\/akerkimya.com\/eticaret\/#website","url":"https:\/\/akerkimya.com\/eticaret\/","name":"Akerkimya","description":"","potentialAction":[{"@type":"SearchAction","target":{"@type":"EntryPoint","urlTemplate":"https:\/\/akerkimya.com\/eticaret\/?s={search_term_string}"},"query-input":"required name=search_term_string"}],"inLanguage":"tr"}]}},"_links":{"self":[{"href":"https:\/\/akerkimya.com\/eticaret\/wp-json\/wp\/v2\/product\/15722","targetHints":{"allow":["GET"]}}],"collection":[{"href":"https:\/\/akerkimya.com\/eticaret\/wp-json\/wp\/v2\/product"}],"about":[{"href":"https:\/\/akerkimya.com\/eticaret\/wp-json\/wp\/v2\/types\/product"}],"replies":[{"embeddable":true,"href":"https:\/\/akerkimya.com\/eticaret\/wp-json\/wp\/v2\/comments?post=15722"}],"version-history":[{"count":3,"href":"https:\/\/akerkimya.com\/eticaret\/wp-json\/wp\/v2\/product\/15722\/revisions"}],"predecessor-version":[{"id":18976,"href":"https:\/\/akerkimya.com\/eticaret\/wp-json\/wp\/v2\/product\/15722\/revisions\/18976"}],"wp:featuredmedia":[{"embeddable":true,"href":"https:\/\/akerkimya.com\/eticaret\/wp-json\/wp\/v2\/media\/15723"}],"wp:attachment":[{"href":"https:\/\/akerkimya.com\/eticaret\/wp-json\/wp\/v2\/media?parent=15722"}],"wp:term":[{"taxonomy":"product_cat","embeddable":true,"href":"https:\/\/akerkimya.com\/eticaret\/wp-json\/wp\/v2\/product_cat?post=15722"},{"taxonomy":"product_tag","embeddable":true,"href":"https:\/\/akerkimya.com\/eticaret\/wp-json\/wp\/v2\/product_tag?post=15722"}],"curies":[{"name":"wp","href":"https:\/\/api.w.org\/{rel}","templated":true}]}}