{"id":15730,"date":"2024-12-26T15:43:49","date_gmt":"2024-12-26T12:43:49","guid":{"rendered":"https:\/\/akerkimya.com\/eticaret\/?post_type=product&#038;p=15730"},"modified":"2026-04-16T02:55:37","modified_gmt":"2026-04-15T23:55:37","slug":"akrilik-asit","status":"publish","type":"product","link":"https:\/\/akerkimya.com\/eticaret\/urun\/akrilik-asit\/","title":{"rendered":"AKR\u0130L\u0130K AS\u0130T"},"content":{"rendered":"<h1>AKR\u0130L\u0130K AS\u0130T<\/h1>\n<p><strong>Akrilik asit, CH2=CHCOOH kimyasal form\u00fcl\u00fcne sahip, organik bir bile\u015fik\u2019tir. Polimerlerin \u00fcretiminin ba\u015flang\u0131\u00e7 maddesidir. Do\u011fada meyvelerde, bitkisel ya\u011flarda esas olarak, hayvanlar\u0131n doku, d\u0131\u015fk\u0131 ve kanlar\u0131nda serbest asit formunda bulunur. Y\u0131lda bir milyon tondan fazla \u00fcretilir.<\/strong><\/p>\n<p><strong>\u00a0<\/strong><\/p>\n<p><strong>AKR\u0130L\u0130K AS\u0130T \u00d6ZELL\u0130KLER\u0130<\/strong><\/p>\n<p><strong>Renksiz, keskin ek\u015fi bir kokuya sahiptir.<\/strong><\/p>\n<p><strong>Cams\u0131 bir k\u0131vama sahiptir.<\/strong><\/p>\n<p><strong>Ayr\u0131ca, su ile kar\u0131\u015fabilen ve suda \u00e7\u00f6z\u00fcn\u00fcr bir yap\u0131ya sahiptir.<\/strong><\/p>\n<p><strong>So\u011fuk suda az, s\u0131cak su, etenol, eter ve aseton ile kolayca \u00e7\u00f6z\u00fcn\u00fcr.<\/strong><\/p>\n<p><strong>Akrilik asit \u00e7ok ciddi cilt ve solunum yollar\u0131n\u0131 i\u00e7in tahri\u015f edicidir. <\/strong><\/p>\n<p><strong>Akrilik asit, doymam\u0131\u015f bir karboksilik asittir.<\/strong><\/p>\n<p><strong>I\u015f\u0131k, \u0131s\u0131 veya metale maruz kald\u0131\u011f\u0131nda kolayca polimerle\u015fir.<\/strong><\/p>\n<p><strong>\u00a0<\/strong><\/p>\n<p><strong>TEKN\u0130K \u00d6ZELL\u0130KLER\u0130<\/strong><\/p>\n<p><strong>CAS NUMARASI: 79-10-7<\/strong><\/p>\n<p><strong>EC NUMARASI: 201-177-9<\/strong><\/p>\n<p><strong>MOLEK\u00dcLER FORM\u00dcL: 72.63<\/strong><\/p>\n<p><strong>K\u0130MYASAL FORM\u00dcL: CH2=CHCOOH:C3H4O2<\/strong><\/p>\n<p><strong>K\u0130MYASAL \u0130SM\u0130: Akrilik Asit, <\/strong><strong>Akrilik Polimer <\/strong><\/p>\n<p><strong>MOLAR K\u00dcTLE: 72,06 g\/mol<\/strong><\/p>\n<p><strong>YO\u011eUNLUK: 1,051 gr\/cm\u00b3<\/strong><\/p>\n<p><strong>ER\u0130ME NOKTASI: 14 \u00b0C<\/strong><\/p>\n<p><strong>KAYNAMA NOKTASI: <\/strong><strong>141\u00b0C\u00a0\u00a0\u00a0\u00a0 <\/strong><\/p>\n<p><strong>PARLAMA NOKTASI: 68 \u00b0C<\/strong><\/p>\n<p><strong>\u00c7\u00d6Z\u00dcN\u00dcRL\u00dcK: Suda \u00e7\u00f6z\u00fcn\u00fcr.<\/strong><\/p>\n<p><strong>\u00a0<\/strong><\/p>\n<p><strong>KULLANIM ALANLARI <\/strong><\/p>\n<p><strong>Polimer jeller, ila\u00e7 da\u011f\u0131t\u0131m\u0131, ve s\u00fcper emici malzemeler gibi bir\u00e7ok geli\u015fen teknolojik alanda \u00f6nemli rol oynamaktad\u0131r.<\/strong><\/p>\n<p><strong>S\u00fcper emici polimerler (SAP&#8217;ler) tek kullan\u0131ml\u0131k \u00e7ocuk bezlerinde kullan\u0131l\u0131r.<\/strong><\/p>\n<p><strong>Genellikle polimer olu\u015fumunda, y\u00fczey kaplamalar\u0131n, yap\u0131\u015ft\u0131r\u0131c\u0131lar\u0131n, deterjanlar\u0131n, plastiklerin, hijyenik t\u0131bbi \u00fcr\u00fcnlerin ve di\u011fer bir\u00e7ok kimyasal \u00fcr\u00fcn\u00fcn \u00fcretiminde kullan\u0131l\u0131r.<\/strong><\/p>\n<p><strong>Akrilik asit, polimerlerin \u00fcretiminde kullan\u0131lan\u0131l\u0131r<\/strong><\/p>\n<p><strong>Boya, vernik, kaplama, yap\u0131\u015ft\u0131r\u0131c\u0131 gibi \u00e7e\u015fitli \u00fcr\u00fcnlerin imalat\u0131nda kullan\u0131l\u0131r.<\/strong><\/p>\n<p><strong>Y\u00fczey aktif maddelerin imalat\u0131nda Akrilik asit, sodyum akrilat, sodyum hidroksit ve s\u00fclf\u00fcrik asit gibi \u00e7e\u015fitli malzemelerle birle\u015ftirilerek \u00fcretilir. <\/strong><\/p>\n<p><strong>Deterjanlar, temizleyiciler, kozmetikler ve tekstil i\u015fleme \u00fcr\u00fcnleri gibi bir\u00e7ok uygulamada kullan\u0131l\u0131r.<\/strong><\/p>\n<p><strong>Su ar\u0131tma end\u00fcstrisinde, Akrilik asit flok\u00fclasyon maddesi olarak kullan\u0131l\u0131r. Suda \u00e7\u00f6z\u00fcnmeyen kirleticileri \u00e7\u00f6zeltmek i\u00e7in polimerlerle birle\u015ftirilir.<\/strong><\/p>\n<p><strong>Akrilik asit bazl\u0131 polimerler, tar\u0131m end\u00fcstrisinde topra\u011f\u0131 nemlendirme ve koruma, bitki b\u00fcy\u00fcmesini art\u0131rma gibi ama\u00e7larla kullan\u0131l\u0131r.<\/strong><\/p>\n<p><strong>Akrilik asit ayr\u0131ca ka\u011f\u0131t \u00fcretimi, tekstil, madencilik, petrol ve do\u011falgaz end\u00fcstrilerinde kullan\u0131l\u0131r.<\/strong><\/p>\n<p><strong>\u00a0<\/strong><\/p>\n<p><strong>AMBALAJ<\/strong><\/p>\n<p><strong>\u00a0<\/strong><\/p>\n<p><strong>DEPOLAMA<\/strong><\/p>\n<p><strong>Akrilik asit ayn\u0131 zamanda yan\u0131c\u0131 bir maddedir. Buhar\u0131 da yan\u0131c\u0131d\u0131r. Dolay\u0131s\u0131yla depolan\u0131rken dikkat edilmeli; ate\u015f, y\u00fcksek \u0131s\u0131 gibi yang\u0131na sebebiyet verecek kaynaklardan uzak tutulmal\u0131d\u0131r. Muhafaza edilen kab\u0131n kapa\u011f\u0131 s\u0131k\u0131ca kapat\u0131lmal\u0131 ve iyi havaland\u0131r\u0131lan serin bir yerde muhafaza edilmelidir.<\/strong><\/p>\n","protected":false},"excerpt":{"rendered":"<p>AKR\u0130L\u0130K AS\u0130T Akrilik asit, CH2=CHCOOH kimyasal form\u00fcl\u00fcne sahip, organik bir bile\u015fik\u2019tir. Polimerlerin \u00fcretiminin ba\u015flang\u0131\u00e7 maddesidir. Do\u011fada meyvelerde, bitkisel ya\u011flarda esas<\/p>\n","protected":false},"featured_media":15731,"comment_status":"open","ping_status":"closed","template":"","meta":{"_joinchat":[]},"product_cat":[70,73,74],"product_tag":[1002,1003,976,1008,970,1004,1006,1009,1005,1007],"class_list":{"0":"post-15730","1":"product","2":"type-product","3":"status-publish","4":"has-post-thumbnail","6":"product_cat-boya-ve-yapi-kimyasallar","7":"product_cat-deri-ve-tekstil-kimyasallari","8":"product_cat-deterjan-ve-kozmetik-kimyasallari","9":"product_tag-akrilik-asit","10":"product_tag-akrilik-monomer","11":"product_tag-boya-hammaddesi","12":"product_tag-deterjan-hammaddesi","13":"product_tag-kimyasal-hammadde","14":"product_tag-polimer-hammaddesi","15":"product_tag-sap","16":"product_tag-su-aritma-kimyasallari","17":"product_tag-super-emici-polimer","18":"product_tag-yapistirici-uretimi","20":"first","21":"instock","22":"shipping-taxable","23":"purchasable","24":"product-type-variable"},"yoast_head":"<!-- This site is optimized with the Yoast SEO Premium plugin v20.2.1 (Yoast SEO v20.2.1) - https:\/\/yoast.com\/wordpress\/plugins\/seo\/ -->\n<title>Akrilik Asit Nedir? \u00d6zellikleri ve Geni\u015f Kullan\u0131m Alanlar\u0131<\/title>\n<meta name=\"description\" content=\"Akrilik asit (CH\u2082=CHCOOH); polimer \u00fcretiminden boya, yap\u0131\u015ft\u0131r\u0131c\u0131 ve s\u00fcper emici malzemelere kadar bir\u00e7ok sekt\u00f6rde kullan\u0131lan temel bir kimyasald\u0131r.\" \/>\n<meta name=\"robots\" content=\"index, follow, max-snippet:-1, max-image-preview:large, max-video-preview:-1\" \/>\n<link rel=\"canonical\" href=\"https:\/\/akerkimya.com\/eticaret\/urun\/akrilik-asit\/\" \/>\n<meta property=\"og:locale\" content=\"tr_TR\" \/>\n<meta property=\"og:type\" content=\"article\" \/>\n<meta property=\"og:title\" content=\"AKR\u0130L\u0130K AS\u0130T\" \/>\n<meta property=\"og:description\" content=\"Akrilik asit (CH\u2082=CHCOOH); polimer \u00fcretiminden boya, yap\u0131\u015ft\u0131r\u0131c\u0131 ve s\u00fcper emici malzemelere kadar bir\u00e7ok sekt\u00f6rde kullan\u0131lan temel bir kimyasald\u0131r.\" \/>\n<meta property=\"og:url\" content=\"https:\/\/akerkimya.com\/eticaret\/urun\/akrilik-asit\/\" \/>\n<meta property=\"og:site_name\" content=\"Akerkimya\" \/>\n<meta property=\"article:modified_time\" content=\"2026-04-15T23:55:37+00:00\" \/>\n<meta property=\"og:image\" content=\"https:\/\/akerkimya.com\/eticaret\/wp-content\/uploads\/2024\/12\/akrilik-asit-guncel.png\" \/>\n\t<meta property=\"og:image:width\" content=\"1000\" \/>\n\t<meta property=\"og:image:height\" content=\"1000\" \/>\n\t<meta property=\"og:image:type\" content=\"image\/png\" \/>\n<meta name=\"twitter:card\" content=\"summary_large_image\" \/>\n<meta name=\"twitter:label1\" content=\"Tahmini okuma s\u00fcresi\" \/>\n\t<meta name=\"twitter:data1\" content=\"2 dakika\" \/>\n<script type=\"application\/ld+json\" class=\"yoast-schema-graph\">{\"@context\":\"https:\/\/schema.org\",\"@graph\":[{\"@type\":\"WebPage\",\"@id\":\"https:\/\/akerkimya.com\/eticaret\/urun\/akrilik-asit\/\",\"url\":\"https:\/\/akerkimya.com\/eticaret\/urun\/akrilik-asit\/\",\"name\":\"Akrilik Asit Nedir? \u00d6zellikleri ve Geni\u015f Kullan\u0131m Alanlar\u0131\",\"isPartOf\":{\"@id\":\"https:\/\/akerkimya.com\/eticaret\/#website\"},\"datePublished\":\"2024-12-26T12:43:49+00:00\",\"dateModified\":\"2026-04-15T23:55:37+00:00\",\"description\":\"Akrilik asit (CH\u2082=CHCOOH); polimer \u00fcretiminden boya, yap\u0131\u015ft\u0131r\u0131c\u0131 ve s\u00fcper emici malzemelere kadar bir\u00e7ok sekt\u00f6rde kullan\u0131lan temel bir kimyasald\u0131r.\",\"breadcrumb\":{\"@id\":\"https:\/\/akerkimya.com\/eticaret\/urun\/akrilik-asit\/#breadcrumb\"},\"inLanguage\":\"tr\",\"potentialAction\":[{\"@type\":\"ReadAction\",\"target\":[\"https:\/\/akerkimya.com\/eticaret\/urun\/akrilik-asit\/\"]}]},{\"@type\":\"BreadcrumbList\",\"@id\":\"https:\/\/akerkimya.com\/eticaret\/urun\/akrilik-asit\/#breadcrumb\",\"itemListElement\":[{\"@type\":\"ListItem\",\"position\":1,\"name\":\"Home\",\"item\":\"https:\/\/akerkimya.com\/eticaret\/\"},{\"@type\":\"ListItem\",\"position\":2,\"name\":\"Market\",\"item\":\"https:\/\/akerkimya.com\/eticaret\/market\/\"},{\"@type\":\"ListItem\",\"position\":3,\"name\":\"AKR\u0130L\u0130K AS\u0130T\"}]},{\"@type\":\"WebSite\",\"@id\":\"https:\/\/akerkimya.com\/eticaret\/#website\",\"url\":\"https:\/\/akerkimya.com\/eticaret\/\",\"name\":\"Akerkimya\",\"description\":\"\",\"potentialAction\":[{\"@type\":\"SearchAction\",\"target\":{\"@type\":\"EntryPoint\",\"urlTemplate\":\"https:\/\/akerkimya.com\/eticaret\/?s={search_term_string}\"},\"query-input\":\"required name=search_term_string\"}],\"inLanguage\":\"tr\"}]}<\/script>\n<!-- \/ Yoast SEO Premium plugin. -->","yoast_head_json":{"title":"Akrilik Asit Nedir? \u00d6zellikleri ve Geni\u015f Kullan\u0131m Alanlar\u0131","description":"Akrilik asit (CH\u2082=CHCOOH); polimer \u00fcretiminden boya, yap\u0131\u015ft\u0131r\u0131c\u0131 ve s\u00fcper emici malzemelere kadar bir\u00e7ok sekt\u00f6rde kullan\u0131lan temel bir kimyasald\u0131r.","robots":{"index":"index","follow":"follow","max-snippet":"max-snippet:-1","max-image-preview":"max-image-preview:large","max-video-preview":"max-video-preview:-1"},"canonical":"https:\/\/akerkimya.com\/eticaret\/urun\/akrilik-asit\/","og_locale":"tr_TR","og_type":"article","og_title":"AKR\u0130L\u0130K AS\u0130T","og_description":"Akrilik asit (CH\u2082=CHCOOH); polimer \u00fcretiminden boya, yap\u0131\u015ft\u0131r\u0131c\u0131 ve s\u00fcper emici malzemelere kadar bir\u00e7ok sekt\u00f6rde kullan\u0131lan temel bir kimyasald\u0131r.","og_url":"https:\/\/akerkimya.com\/eticaret\/urun\/akrilik-asit\/","og_site_name":"Akerkimya","article_modified_time":"2026-04-15T23:55:37+00:00","og_image":[{"width":1000,"height":1000,"url":"https:\/\/akerkimya.com\/eticaret\/wp-content\/uploads\/2024\/12\/akrilik-asit-guncel.png","type":"image\/png"}],"twitter_card":"summary_large_image","twitter_misc":{"Tahmini okuma s\u00fcresi":"2 dakika"},"schema":{"@context":"https:\/\/schema.org","@graph":[{"@type":"WebPage","@id":"https:\/\/akerkimya.com\/eticaret\/urun\/akrilik-asit\/","url":"https:\/\/akerkimya.com\/eticaret\/urun\/akrilik-asit\/","name":"Akrilik Asit Nedir? \u00d6zellikleri ve Geni\u015f Kullan\u0131m Alanlar\u0131","isPartOf":{"@id":"https:\/\/akerkimya.com\/eticaret\/#website"},"datePublished":"2024-12-26T12:43:49+00:00","dateModified":"2026-04-15T23:55:37+00:00","description":"Akrilik asit (CH\u2082=CHCOOH); polimer \u00fcretiminden boya, yap\u0131\u015ft\u0131r\u0131c\u0131 ve s\u00fcper emici malzemelere kadar bir\u00e7ok sekt\u00f6rde kullan\u0131lan temel bir kimyasald\u0131r.","breadcrumb":{"@id":"https:\/\/akerkimya.com\/eticaret\/urun\/akrilik-asit\/#breadcrumb"},"inLanguage":"tr","potentialAction":[{"@type":"ReadAction","target":["https:\/\/akerkimya.com\/eticaret\/urun\/akrilik-asit\/"]}]},{"@type":"BreadcrumbList","@id":"https:\/\/akerkimya.com\/eticaret\/urun\/akrilik-asit\/#breadcrumb","itemListElement":[{"@type":"ListItem","position":1,"name":"Home","item":"https:\/\/akerkimya.com\/eticaret\/"},{"@type":"ListItem","position":2,"name":"Market","item":"https:\/\/akerkimya.com\/eticaret\/market\/"},{"@type":"ListItem","position":3,"name":"AKR\u0130L\u0130K AS\u0130T"}]},{"@type":"WebSite","@id":"https:\/\/akerkimya.com\/eticaret\/#website","url":"https:\/\/akerkimya.com\/eticaret\/","name":"Akerkimya","description":"","potentialAction":[{"@type":"SearchAction","target":{"@type":"EntryPoint","urlTemplate":"https:\/\/akerkimya.com\/eticaret\/?s={search_term_string}"},"query-input":"required name=search_term_string"}],"inLanguage":"tr"}]}},"_links":{"self":[{"href":"https:\/\/akerkimya.com\/eticaret\/wp-json\/wp\/v2\/product\/15730","targetHints":{"allow":["GET"]}}],"collection":[{"href":"https:\/\/akerkimya.com\/eticaret\/wp-json\/wp\/v2\/product"}],"about":[{"href":"https:\/\/akerkimya.com\/eticaret\/wp-json\/wp\/v2\/types\/product"}],"replies":[{"embeddable":true,"href":"https:\/\/akerkimya.com\/eticaret\/wp-json\/wp\/v2\/comments?post=15730"}],"version-history":[{"count":2,"href":"https:\/\/akerkimya.com\/eticaret\/wp-json\/wp\/v2\/product\/15730\/revisions"}],"predecessor-version":[{"id":16787,"href":"https:\/\/akerkimya.com\/eticaret\/wp-json\/wp\/v2\/product\/15730\/revisions\/16787"}],"wp:featuredmedia":[{"embeddable":true,"href":"https:\/\/akerkimya.com\/eticaret\/wp-json\/wp\/v2\/media\/15731"}],"wp:attachment":[{"href":"https:\/\/akerkimya.com\/eticaret\/wp-json\/wp\/v2\/media?parent=15730"}],"wp:term":[{"taxonomy":"product_cat","embeddable":true,"href":"https:\/\/akerkimya.com\/eticaret\/wp-json\/wp\/v2\/product_cat?post=15730"},{"taxonomy":"product_tag","embeddable":true,"href":"https:\/\/akerkimya.com\/eticaret\/wp-json\/wp\/v2\/product_tag?post=15730"}],"curies":[{"name":"wp","href":"https:\/\/api.w.org\/{rel}","templated":true}]}}