{"id":15737,"date":"2024-12-26T15:57:35","date_gmt":"2024-12-26T12:57:35","guid":{"rendered":"https:\/\/akerkimya.com\/eticaret\/?post_type=product&#038;p=15737"},"modified":"2026-05-12T03:20:28","modified_gmt":"2026-05-12T00:20:28","slug":"akrilik-kalinlastirici","status":"publish","type":"product","link":"https:\/\/akerkimya.com\/eticaret\/urun\/akrilik-kalinlastirici\/","title":{"rendered":"AKR\u0130L\u0130K KALINLA\u015eTIRICI"},"content":{"rendered":"<h1>AKR\u0130L\u0130K KALINLA\u015eTIRICI<\/h1>\n<p><strong>Akrilik kal\u0131nla\u015ft\u0131r\u0131c\u0131, APEO ve formaldehit i\u00e7ermeyen anyonik sentetik k\u0131vamla\u015ft\u0131r\u0131c\u0131d\u0131r. Set olu\u015fumu ve \u00e7\u00f6kmeyi \u00f6nleyen s\u0131v\u0131 akrilik kal\u0131nla\u015ft\u0131r\u0131c\u0131 ajand\u0131r.<\/strong><\/p>\n<p><strong>\u00a0<\/strong><\/p>\n<p><strong>TEKN\u0130K \u00d6ZELL\u0130KLER\u0130<\/strong><\/p>\n<p><strong>PH: 2.0-4.0<\/strong><\/p>\n<p><strong>G\u00d6R\u00dcN\u00dc\u015e\u00dc: Beyaz\u0131ms\u0131 s\u00fcte benzer s\u0131v\u0131 <\/strong><\/p>\n<p><strong>\u00a0<\/strong><\/p>\n<p><strong>AKR\u0130L\u0130K KALINLA\u015eTIRICI \u00d6ZELL\u0130KLER\u0130<\/strong><\/p>\n<p><strong>Set olu\u015fumu ve \u00e7\u00f6kmeyi \u00f6nleyen s\u0131v\u0131 akrilik kal\u0131nla\u015ft\u0131r\u0131c\u0131 ajand\u0131r.<\/strong><\/p>\n<p><strong>Su bazl\u0131 boyalarda pigmentlerin, disperse edilmi\u015f dolgular\u0131n ve di\u011fer katk\u0131 maddelerinin \u00e7\u00f6kmesini etkili bir \u015fekilde \u00f6nler. B\u00f6ylece boyalar uzun s\u00fcre muhafaza edilebilir.<\/strong><\/p>\n<p><strong>Boyan\u0131n kal\u0131nl\u0131k k\u0131vam\u0131n\u0131n ayarlanmas\u0131nda kullan\u0131l\u0131r.<\/strong><\/p>\n<p><strong>Boyalarda kal\u0131nla\u015ft\u0131rma ama\u00e7l\u0131 kullan\u0131l\u0131r.<\/strong><\/p>\n<p><strong>Kal\u0131nla\u015ft\u0131r\u0131c\u0131 genellikle hem su hem de solvent sistemlerine uygulanabilmektedir.<\/strong><\/p>\n<p><strong>\u00a0<\/strong><\/p>\n<p><strong>AMBALAJ<\/strong><\/p>\n<p><strong>1-5-30 kg bidonlar ve 170 kg variller halindedir.<\/strong><\/p>\n<p><strong>\u00a0<\/strong><\/p>\n<p><strong>DEPOLAMA<\/strong><\/p>\n<p><strong>Serin ve kuru bir alanda muhafaza edilmelidir. <\/strong><\/p>\n<p><strong>\u00a0<\/strong><\/p>\n","protected":false},"excerpt":{"rendered":"<p>AKR\u0130L\u0130K KALINLA\u015eTIRICI Akrilik kal\u0131nla\u015ft\u0131r\u0131c\u0131, APEO ve formaldehit i\u00e7ermeyen anyonik sentetik k\u0131vamla\u015ft\u0131r\u0131c\u0131d\u0131r. Set olu\u015fumu ve \u00e7\u00f6kmeyi \u00f6nleyen s\u0131v\u0131 akrilik kal\u0131nla\u015ft\u0131r\u0131c\u0131 ajand\u0131r.<\/p>\n","protected":false},"featured_media":15738,"comment_status":"open","ping_status":"closed","template":"","meta":{"_joinchat":[]},"product_cat":[70],"product_tag":[1145,1146,1147,1148,1149,1150,1151,994,1152,1153],"class_list":{"0":"post-15737","1":"product","2":"type-product","3":"status-publish","4":"has-post-thumbnail","6":"product_cat-boya-ve-yapi-kimyasallar","7":"product_tag-akrilik-kalinlastirici","8":"product_tag-anyonik-kalinlastirici","9":"product_tag-boya-katki-maddesi","10":"product_tag-boya-kimyasallari","11":"product_tag-dispersiyon-stabilizatoru","12":"product_tag-endustriyel-kimyasallar","13":"product_tag-kimyasal-katki","14":"product_tag-kivam-artirici","15":"product_tag-pigment-cokmeyi-onleyici","16":"product_tag-su-bazli-boya-katkisi","18":"first","19":"instock","20":"shipping-taxable","21":"purchasable","22":"product-type-variable"},"yoast_head":"<!-- This site is optimized with the Yoast SEO Premium plugin v20.2.1 (Yoast SEO v20.2.1) - https:\/\/yoast.com\/wordpress\/plugins\/seo\/ -->\n<title>Akrilik Kal\u0131nla\u015ft\u0131r\u0131c\u0131 Nedir? Su Bazl\u0131 Boyalar \u0130\u00e7in K\u0131vam Art\u0131r\u0131c\u0131<\/title>\n<meta name=\"description\" content=\"Akrilik kal\u0131nla\u015ft\u0131r\u0131c\u0131, su bazl\u0131 boyalarda \u00e7\u00f6kmeyi \u00f6nleyen ve k\u0131vam ayar\u0131 sa\u011flayan APEO ve formaldehit i\u00e7ermeyen anyonik katk\u0131 maddesidir. Detayl\u0131 bilgi i\u00e7in inceleyin.\" \/>\n<meta name=\"robots\" content=\"index, follow, max-snippet:-1, max-image-preview:large, max-video-preview:-1\" \/>\n<link rel=\"canonical\" href=\"https:\/\/akerkimya.com\/eticaret\/urun\/akrilik-kalinlastirici\/\" \/>\n<meta property=\"og:locale\" content=\"tr_TR\" \/>\n<meta property=\"og:type\" content=\"article\" \/>\n<meta property=\"og:title\" content=\"AKR\u0130L\u0130K KALINLA\u015eTIRICI\" \/>\n<meta property=\"og:description\" content=\"Akrilik kal\u0131nla\u015ft\u0131r\u0131c\u0131, su bazl\u0131 boyalarda \u00e7\u00f6kmeyi \u00f6nleyen ve k\u0131vam ayar\u0131 sa\u011flayan APEO ve formaldehit i\u00e7ermeyen anyonik katk\u0131 maddesidir. Detayl\u0131 bilgi i\u00e7in inceleyin.\" \/>\n<meta property=\"og:url\" content=\"https:\/\/akerkimya.com\/eticaret\/urun\/akrilik-kalinlastirici\/\" \/>\n<meta property=\"og:site_name\" content=\"Akerkimya\" \/>\n<meta property=\"article:modified_time\" content=\"2026-05-12T00:20:28+00:00\" \/>\n<meta property=\"og:image\" content=\"https:\/\/akerkimya.com\/eticaret\/wp-content\/uploads\/2024\/12\/AKRILIK-KALINLASTIRICI-GUNCEL-.png\" \/>\n\t<meta property=\"og:image:width\" content=\"1000\" \/>\n\t<meta property=\"og:image:height\" content=\"1000\" \/>\n\t<meta property=\"og:image:type\" content=\"image\/png\" \/>\n<meta name=\"twitter:card\" content=\"summary_large_image\" \/>\n<meta name=\"twitter:label1\" content=\"Tahmini okuma s\u00fcresi\" \/>\n\t<meta name=\"twitter:data1\" content=\"1 dakika\" \/>\n<script type=\"application\/ld+json\" class=\"yoast-schema-graph\">{\"@context\":\"https:\/\/schema.org\",\"@graph\":[{\"@type\":\"WebPage\",\"@id\":\"https:\/\/akerkimya.com\/eticaret\/urun\/akrilik-kalinlastirici\/\",\"url\":\"https:\/\/akerkimya.com\/eticaret\/urun\/akrilik-kalinlastirici\/\",\"name\":\"Akrilik Kal\u0131nla\u015ft\u0131r\u0131c\u0131 Nedir? Su Bazl\u0131 Boyalar \u0130\u00e7in K\u0131vam Art\u0131r\u0131c\u0131\",\"isPartOf\":{\"@id\":\"https:\/\/akerkimya.com\/eticaret\/#website\"},\"datePublished\":\"2024-12-26T12:57:35+00:00\",\"dateModified\":\"2026-05-12T00:20:28+00:00\",\"description\":\"Akrilik kal\u0131nla\u015ft\u0131r\u0131c\u0131, su bazl\u0131 boyalarda \u00e7\u00f6kmeyi \u00f6nleyen ve k\u0131vam ayar\u0131 sa\u011flayan APEO ve formaldehit i\u00e7ermeyen anyonik katk\u0131 maddesidir. Detayl\u0131 bilgi i\u00e7in inceleyin.\",\"breadcrumb\":{\"@id\":\"https:\/\/akerkimya.com\/eticaret\/urun\/akrilik-kalinlastirici\/#breadcrumb\"},\"inLanguage\":\"tr\",\"potentialAction\":[{\"@type\":\"ReadAction\",\"target\":[\"https:\/\/akerkimya.com\/eticaret\/urun\/akrilik-kalinlastirici\/\"]}]},{\"@type\":\"BreadcrumbList\",\"@id\":\"https:\/\/akerkimya.com\/eticaret\/urun\/akrilik-kalinlastirici\/#breadcrumb\",\"itemListElement\":[{\"@type\":\"ListItem\",\"position\":1,\"name\":\"Home\",\"item\":\"https:\/\/akerkimya.com\/eticaret\/\"},{\"@type\":\"ListItem\",\"position\":2,\"name\":\"Market\",\"item\":\"https:\/\/akerkimya.com\/eticaret\/market\/\"},{\"@type\":\"ListItem\",\"position\":3,\"name\":\"AKR\u0130L\u0130K KALINLA\u015eTIRICI\"}]},{\"@type\":\"WebSite\",\"@id\":\"https:\/\/akerkimya.com\/eticaret\/#website\",\"url\":\"https:\/\/akerkimya.com\/eticaret\/\",\"name\":\"Akerkimya\",\"description\":\"\",\"potentialAction\":[{\"@type\":\"SearchAction\",\"target\":{\"@type\":\"EntryPoint\",\"urlTemplate\":\"https:\/\/akerkimya.com\/eticaret\/?s={search_term_string}\"},\"query-input\":\"required name=search_term_string\"}],\"inLanguage\":\"tr\"}]}<\/script>\n<!-- \/ Yoast SEO Premium plugin. -->","yoast_head_json":{"title":"Akrilik Kal\u0131nla\u015ft\u0131r\u0131c\u0131 Nedir? Su Bazl\u0131 Boyalar \u0130\u00e7in K\u0131vam Art\u0131r\u0131c\u0131","description":"Akrilik kal\u0131nla\u015ft\u0131r\u0131c\u0131, su bazl\u0131 boyalarda \u00e7\u00f6kmeyi \u00f6nleyen ve k\u0131vam ayar\u0131 sa\u011flayan APEO ve formaldehit i\u00e7ermeyen anyonik katk\u0131 maddesidir. Detayl\u0131 bilgi i\u00e7in inceleyin.","robots":{"index":"index","follow":"follow","max-snippet":"max-snippet:-1","max-image-preview":"max-image-preview:large","max-video-preview":"max-video-preview:-1"},"canonical":"https:\/\/akerkimya.com\/eticaret\/urun\/akrilik-kalinlastirici\/","og_locale":"tr_TR","og_type":"article","og_title":"AKR\u0130L\u0130K KALINLA\u015eTIRICI","og_description":"Akrilik kal\u0131nla\u015ft\u0131r\u0131c\u0131, su bazl\u0131 boyalarda \u00e7\u00f6kmeyi \u00f6nleyen ve k\u0131vam ayar\u0131 sa\u011flayan APEO ve formaldehit i\u00e7ermeyen anyonik katk\u0131 maddesidir. Detayl\u0131 bilgi i\u00e7in inceleyin.","og_url":"https:\/\/akerkimya.com\/eticaret\/urun\/akrilik-kalinlastirici\/","og_site_name":"Akerkimya","article_modified_time":"2026-05-12T00:20:28+00:00","og_image":[{"width":1000,"height":1000,"url":"https:\/\/akerkimya.com\/eticaret\/wp-content\/uploads\/2024\/12\/AKRILIK-KALINLASTIRICI-GUNCEL-.png","type":"image\/png"}],"twitter_card":"summary_large_image","twitter_misc":{"Tahmini okuma s\u00fcresi":"1 dakika"},"schema":{"@context":"https:\/\/schema.org","@graph":[{"@type":"WebPage","@id":"https:\/\/akerkimya.com\/eticaret\/urun\/akrilik-kalinlastirici\/","url":"https:\/\/akerkimya.com\/eticaret\/urun\/akrilik-kalinlastirici\/","name":"Akrilik Kal\u0131nla\u015ft\u0131r\u0131c\u0131 Nedir? Su Bazl\u0131 Boyalar \u0130\u00e7in K\u0131vam Art\u0131r\u0131c\u0131","isPartOf":{"@id":"https:\/\/akerkimya.com\/eticaret\/#website"},"datePublished":"2024-12-26T12:57:35+00:00","dateModified":"2026-05-12T00:20:28+00:00","description":"Akrilik kal\u0131nla\u015ft\u0131r\u0131c\u0131, su bazl\u0131 boyalarda \u00e7\u00f6kmeyi \u00f6nleyen ve k\u0131vam ayar\u0131 sa\u011flayan APEO ve formaldehit i\u00e7ermeyen anyonik katk\u0131 maddesidir. Detayl\u0131 bilgi i\u00e7in inceleyin.","breadcrumb":{"@id":"https:\/\/akerkimya.com\/eticaret\/urun\/akrilik-kalinlastirici\/#breadcrumb"},"inLanguage":"tr","potentialAction":[{"@type":"ReadAction","target":["https:\/\/akerkimya.com\/eticaret\/urun\/akrilik-kalinlastirici\/"]}]},{"@type":"BreadcrumbList","@id":"https:\/\/akerkimya.com\/eticaret\/urun\/akrilik-kalinlastirici\/#breadcrumb","itemListElement":[{"@type":"ListItem","position":1,"name":"Home","item":"https:\/\/akerkimya.com\/eticaret\/"},{"@type":"ListItem","position":2,"name":"Market","item":"https:\/\/akerkimya.com\/eticaret\/market\/"},{"@type":"ListItem","position":3,"name":"AKR\u0130L\u0130K KALINLA\u015eTIRICI"}]},{"@type":"WebSite","@id":"https:\/\/akerkimya.com\/eticaret\/#website","url":"https:\/\/akerkimya.com\/eticaret\/","name":"Akerkimya","description":"","potentialAction":[{"@type":"SearchAction","target":{"@type":"EntryPoint","urlTemplate":"https:\/\/akerkimya.com\/eticaret\/?s={search_term_string}"},"query-input":"required name=search_term_string"}],"inLanguage":"tr"}]}},"_links":{"self":[{"href":"https:\/\/akerkimya.com\/eticaret\/wp-json\/wp\/v2\/product\/15737","targetHints":{"allow":["GET"]}}],"collection":[{"href":"https:\/\/akerkimya.com\/eticaret\/wp-json\/wp\/v2\/product"}],"about":[{"href":"https:\/\/akerkimya.com\/eticaret\/wp-json\/wp\/v2\/types\/product"}],"replies":[{"embeddable":true,"href":"https:\/\/akerkimya.com\/eticaret\/wp-json\/wp\/v2\/comments?post=15737"}],"version-history":[{"count":2,"href":"https:\/\/akerkimya.com\/eticaret\/wp-json\/wp\/v2\/product\/15737\/revisions"}],"predecessor-version":[{"id":16786,"href":"https:\/\/akerkimya.com\/eticaret\/wp-json\/wp\/v2\/product\/15737\/revisions\/16786"}],"wp:featuredmedia":[{"embeddable":true,"href":"https:\/\/akerkimya.com\/eticaret\/wp-json\/wp\/v2\/media\/15738"}],"wp:attachment":[{"href":"https:\/\/akerkimya.com\/eticaret\/wp-json\/wp\/v2\/media?parent=15737"}],"wp:term":[{"taxonomy":"product_cat","embeddable":true,"href":"https:\/\/akerkimya.com\/eticaret\/wp-json\/wp\/v2\/product_cat?post=15737"},{"taxonomy":"product_tag","embeddable":true,"href":"https:\/\/akerkimya.com\/eticaret\/wp-json\/wp\/v2\/product_tag?post=15737"}],"curies":[{"name":"wp","href":"https:\/\/api.w.org\/{rel}","templated":true}]}}