{"id":15744,"date":"2024-12-26T16:02:07","date_gmt":"2024-12-26T13:02:07","guid":{"rendered":"https:\/\/akerkimya.com\/eticaret\/?post_type=product&#038;p=15744"},"modified":"2026-05-12T03:23:11","modified_gmt":"2026-05-12T00:23:11","slug":"alfa-alci","status":"publish","type":"product","link":"https:\/\/akerkimya.com\/eticaret\/urun\/alfa-alci\/","title":{"rendered":"ALFA AL\u00c7I"},"content":{"rendered":"<h1>ALFA AL\u00c7I<\/h1>\n<p><strong>Al\u00e7\u0131 ta\u015f\u0131n\u0131n y\u00fcksek bas\u0131n\u00e7 alt\u0131nda pi\u015firilmesiyle elde edilir. Kimyasal yap\u0131s\u0131 ve ifadesi Beta al\u00e7\u0131 ile ayn\u0131d\u0131r fakat kristal yap\u0131 olarak farkl\u0131d\u0131r. Beta al\u00e7\u0131da kristal yap\u0131 i\u011fne gibi ve amorf \u015fekilliyken Alfa al\u00e7\u0131da kristal yap\u0131 geometrik \u015fekildedir. Bu yap\u0131 farkl\u0131l\u0131\u011f\u0131 Alfa al\u00e7\u0131n\u0131n Beta al\u00e7\u0131ya oranla \u00e7ok daha az su ile kar\u0131\u015ft\u0131r\u0131ld\u0131\u011f\u0131nda bile ak\u0131\u015fkanl\u0131k kazanmas\u0131 ile kendini g\u00f6sterir ve Alfa al\u00e7\u0131ya y\u00fcksek mukavemet kazand\u0131r\u0131r.<\/strong><\/p>\n<p><strong>TEKN\u0130K \u00d6ZELL\u0130KLER\u0130<\/strong><\/p>\n<p><strong>SU AL\u00c7I ORANI(%): 38-42<\/strong><\/p>\n<p><strong>HEM\u0130HRAT \u0130\u00c7ER\u0130\u011e\u0130(%):&gt;90<\/strong><\/p>\n<p><strong>PR\u0130Z BA\u015eLANGICI(dk):&gt;30<\/strong><\/p>\n<p><strong>PR\u0130Z SONU(dk): &lt;25<\/strong><\/p>\n<p><strong>YAYILMA \u00c7API(mm): 160-220<\/strong><\/p>\n<p><strong>KR\u0130STAL SU(%): 5,8-6,2<\/strong><\/p>\n<p><strong>BASIN\u00c7 MUKAVEMET\u0130(kg\/cm2):&gt;400<\/strong><\/p>\n<p><strong>YI\u011eIN YO\u011eUNLU\u011eU(g\/L): 1100<\/strong><\/p>\n<p><strong>\u00a0<\/strong><\/p>\n<p><strong>KULLANIM ALANLARI<\/strong><\/p>\n<p><strong>Y\u00fcksek kalitedeki Alfa al\u00e7\u0131s\u0131 di\u015f\u00e7ilik al\u00e7\u0131s\u0131 olarak kullan\u0131l\u0131r.<\/strong><\/p>\n<p><strong>Daha d\u00fc\u015f\u00fck mukavemetteki ise seramik kal\u0131b\u0131 al\u00e7\u0131s\u0131 olarak kullan\u0131l\u0131r.<\/strong><\/p>\n<p><strong>Heykel ve d\u0131\u015f cephe s\u00fcslemelerinde kullan\u0131l\u0131r.<\/strong><\/p>\n<p><strong>Hobi \u00fcr\u00fcnlerinde kullan\u0131l\u0131r.<\/strong><\/p>\n<p><strong>Ham jips \u00e7imento sanayiinde prizlenmeyi geciktirmek i\u00e7in kullan\u0131l\u0131r.<\/strong><\/p>\n<p><strong>Ham jisp, beyaz boya ve dolgu maddesi olarak k\u00e2\u011f\u0131t ve pamuklu tekstil maddelerine kat\u0131l\u0131r.<\/strong><\/p>\n<p><strong>Kimya sanayiinde k\u00fck\u00fcrt, k\u00fck\u00fcrt oksit, s\u00fclfat asidi, amonyum s\u00fclfat elde etmek i\u00e7in kullan\u0131l\u0131r.<\/strong><\/p>\n<p><strong>\u0130n\u015faat ve prefabrik in\u015faat malzemelerinin ana girdisidir.<\/strong><\/p>\n<p><strong>So\u011fuk-s\u0131cak yal\u0131t\u0131m malzemesi olarak kullan\u0131l\u0131r.<\/strong><\/p>\n<p><strong>Ses yal\u0131t\u0131m\u0131nda ve rutubeti ayarlayan bir d\u00fczenleyici olarak kullan\u0131l\u0131r.<\/strong><\/p>\n<p><strong>Yap\u0131 kimyasallar\u0131nda ve derz dolguda kullan\u0131l\u0131r.<\/strong><\/p>\n<p><strong>Bira sanayiinde mayaland\u0131rma i\u00e7in kullan\u0131l\u0131r.<\/strong><\/p>\n<p><strong>\u00a0<\/strong><\/p>\n<p><strong>AVANTAJLARI<\/strong><\/p>\n<p><strong>Sert tok molek\u00fcl yap\u0131s\u0131 sayesinde y\u00fcksek mukavemet gerektiren alanlarda kullan\u0131l\u0131r.<\/strong><\/p>\n<p><strong>Sert ve mukavim yap\u0131s\u0131 sayesinde i\u00e7erisine d\u00f6\u015fenen hava kanallar\u0131yla uygulanan 5 bar bas\u0131nc\u0131ndaki havayla kal\u0131plardan al\u0131nan \u00fcr\u00fcn fazlal\u0131\u011f\u0131yla \u00fcreticilere k\u0131sa s\u00fcrede fazla \u00fcr\u00fcn alma avantaj\u0131 sa\u011flar.<\/strong><\/p>\n<p><strong>E\u011filme, basma ve \u00e7izilmeye kar\u015f\u0131 mukavemeti fazlad\u0131r.<\/strong><\/p>\n<p><strong>100 gr al\u00e7\u0131n\u0131n 25 gr su ile kar\u0131\u015ft\u0131r\u0131ld\u0131\u011f\u0131nda 4 k\u0131vamdaki al\u00e7\u0131dan yap\u0131lan nihai \u00fcr\u00fcn\u00fcn basma mukavemeti 900 kg\/cm2 civar\u0131ndad\u0131r. Normal bir betonarme betonunda 300 kg\/cm2 oldu\u011fu d\u00fc\u015f\u00fcn\u00fcl\u00fcrse Alfa al\u00e7\u0131 ile ula\u015f\u0131lan mukavemetin \u00f6nemi \u00e7ok daha kolay anla\u015f\u0131l\u0131r.<\/strong><\/p>\n<p><strong>\u00a0<\/strong><\/p>\n<p><strong>AMBALAJ <\/strong><\/p>\n<p><strong>1-10-35 kg torbalar halindedir.<\/strong><\/p>\n<p><strong>\u00a0<\/strong><\/p>\n<p><strong>DEPOLAMA <\/strong><\/p>\n<p><strong>Serin ve kuru bir alanda torba a\u011fz\u0131 a\u00e7\u0131k olmayacak \u015fekilde muhafaza ediniz.<\/strong><\/p>\n<p><strong>\u00a0<\/strong><\/p>\n<p><strong>\u00a0<\/strong><\/p>\n","protected":false},"excerpt":{"rendered":"<p>ALFA AL\u00c7I Al\u00e7\u0131 ta\u015f\u0131n\u0131n y\u00fcksek bas\u0131n\u00e7 alt\u0131nda pi\u015firilmesiyle elde edilir. Kimyasal yap\u0131s\u0131 ve ifadesi Beta al\u00e7\u0131 ile ayn\u0131d\u0131r fakat kristal<\/p>\n","protected":false},"featured_media":15745,"comment_status":"open","ping_status":"closed","template":"","meta":{"_joinchat":[]},"product_cat":[70],"product_tag":[1154,1155,1156,1157,1158,1159,1160,1161,1162,1163],"class_list":{"0":"post-15744","1":"product","2":"type-product","3":"status-publish","4":"has-post-thumbnail","6":"product_cat-boya-ve-yapi-kimyasallar","7":"product_tag-alci-cesitleri","8":"product_tag-alci-kullanim-alanlari","9":"product_tag-alci-teknik-ozellikleri","10":"product_tag-alfa-alci","11":"product_tag-discilik-alcisi","12":"product_tag-endustriyel-alci","13":"product_tag-prefabrik-yapi-malzemeleri","14":"product_tag-seramik-kalip-alcisi","15":"product_tag-yapi-kimyasallari","16":"product_tag-yuksek-mukavemetli-alci","18":"first","19":"instock","20":"shipping-taxable","21":"purchasable","22":"product-type-variable"},"yoast_head":"<!-- This site is optimized with the Yoast SEO Premium plugin v20.2.1 (Yoast SEO v20.2.1) - https:\/\/yoast.com\/wordpress\/plugins\/seo\/ -->\n<title>Alfa Al\u00e7\u0131 Nedir? Y\u00fcksek Mukavemetli Al\u00e7\u0131 \u00d6zellikleri ve Kullan\u0131m Alanlar\u0131<\/title>\n<meta name=\"description\" content=\"Alfa al\u00e7\u0131, d\u00fc\u015f\u00fck su oran\u0131 ile y\u00fcksek mukavemet sa\u011flayan \u00f6zel al\u00e7\u0131 t\u00fcr\u00fcd\u00fcr. Di\u015f\u00e7ilik, seramik kal\u0131p, yap\u0131 kimyasallar\u0131 ve end\u00fcstride geni\u015f kullan\u0131m alanlar\u0131na sahiptir.\" \/>\n<meta name=\"robots\" content=\"index, follow, max-snippet:-1, max-image-preview:large, max-video-preview:-1\" \/>\n<link rel=\"canonical\" href=\"https:\/\/akerkimya.com\/eticaret\/urun\/alfa-alci\/\" \/>\n<meta property=\"og:locale\" content=\"tr_TR\" \/>\n<meta property=\"og:type\" content=\"article\" \/>\n<meta property=\"og:title\" content=\"ALFA AL\u00c7I\" \/>\n<meta property=\"og:description\" content=\"Alfa al\u00e7\u0131, d\u00fc\u015f\u00fck su oran\u0131 ile y\u00fcksek mukavemet sa\u011flayan \u00f6zel al\u00e7\u0131 t\u00fcr\u00fcd\u00fcr. Di\u015f\u00e7ilik, seramik kal\u0131p, yap\u0131 kimyasallar\u0131 ve end\u00fcstride geni\u015f kullan\u0131m alanlar\u0131na sahiptir.\" \/>\n<meta property=\"og:url\" content=\"https:\/\/akerkimya.com\/eticaret\/urun\/alfa-alci\/\" \/>\n<meta property=\"og:site_name\" content=\"Akerkimya\" \/>\n<meta property=\"article:modified_time\" content=\"2026-05-12T00:23:11+00:00\" \/>\n<meta property=\"og:image\" content=\"https:\/\/akerkimya.com\/eticaret\/wp-content\/uploads\/2024\/12\/ALFA-ALCI-GUNCEL-.png\" \/>\n\t<meta property=\"og:image:width\" content=\"1000\" \/>\n\t<meta property=\"og:image:height\" content=\"1000\" \/>\n\t<meta property=\"og:image:type\" content=\"image\/png\" \/>\n<meta name=\"twitter:card\" content=\"summary_large_image\" \/>\n<meta name=\"twitter:label1\" content=\"Tahmini okuma s\u00fcresi\" \/>\n\t<meta name=\"twitter:data1\" content=\"2 dakika\" \/>\n<script type=\"application\/ld+json\" class=\"yoast-schema-graph\">{\"@context\":\"https:\/\/schema.org\",\"@graph\":[{\"@type\":\"WebPage\",\"@id\":\"https:\/\/akerkimya.com\/eticaret\/urun\/alfa-alci\/\",\"url\":\"https:\/\/akerkimya.com\/eticaret\/urun\/alfa-alci\/\",\"name\":\"Alfa Al\u00e7\u0131 Nedir? Y\u00fcksek Mukavemetli Al\u00e7\u0131 \u00d6zellikleri ve Kullan\u0131m Alanlar\u0131\",\"isPartOf\":{\"@id\":\"https:\/\/akerkimya.com\/eticaret\/#website\"},\"datePublished\":\"2024-12-26T13:02:07+00:00\",\"dateModified\":\"2026-05-12T00:23:11+00:00\",\"description\":\"Alfa al\u00e7\u0131, d\u00fc\u015f\u00fck su oran\u0131 ile y\u00fcksek mukavemet sa\u011flayan \u00f6zel al\u00e7\u0131 t\u00fcr\u00fcd\u00fcr. Di\u015f\u00e7ilik, seramik kal\u0131p, yap\u0131 kimyasallar\u0131 ve end\u00fcstride geni\u015f kullan\u0131m alanlar\u0131na sahiptir.\",\"breadcrumb\":{\"@id\":\"https:\/\/akerkimya.com\/eticaret\/urun\/alfa-alci\/#breadcrumb\"},\"inLanguage\":\"tr\",\"potentialAction\":[{\"@type\":\"ReadAction\",\"target\":[\"https:\/\/akerkimya.com\/eticaret\/urun\/alfa-alci\/\"]}]},{\"@type\":\"BreadcrumbList\",\"@id\":\"https:\/\/akerkimya.com\/eticaret\/urun\/alfa-alci\/#breadcrumb\",\"itemListElement\":[{\"@type\":\"ListItem\",\"position\":1,\"name\":\"Home\",\"item\":\"https:\/\/akerkimya.com\/eticaret\/\"},{\"@type\":\"ListItem\",\"position\":2,\"name\":\"Market\",\"item\":\"https:\/\/akerkimya.com\/eticaret\/market\/\"},{\"@type\":\"ListItem\",\"position\":3,\"name\":\"ALFA AL\u00c7I\"}]},{\"@type\":\"WebSite\",\"@id\":\"https:\/\/akerkimya.com\/eticaret\/#website\",\"url\":\"https:\/\/akerkimya.com\/eticaret\/\",\"name\":\"Akerkimya\",\"description\":\"\",\"potentialAction\":[{\"@type\":\"SearchAction\",\"target\":{\"@type\":\"EntryPoint\",\"urlTemplate\":\"https:\/\/akerkimya.com\/eticaret\/?s={search_term_string}\"},\"query-input\":\"required name=search_term_string\"}],\"inLanguage\":\"tr\"}]}<\/script>\n<!-- \/ Yoast SEO Premium plugin. -->","yoast_head_json":{"title":"Alfa Al\u00e7\u0131 Nedir? Y\u00fcksek Mukavemetli Al\u00e7\u0131 \u00d6zellikleri ve Kullan\u0131m Alanlar\u0131","description":"Alfa al\u00e7\u0131, d\u00fc\u015f\u00fck su oran\u0131 ile y\u00fcksek mukavemet sa\u011flayan \u00f6zel al\u00e7\u0131 t\u00fcr\u00fcd\u00fcr. Di\u015f\u00e7ilik, seramik kal\u0131p, yap\u0131 kimyasallar\u0131 ve end\u00fcstride geni\u015f kullan\u0131m alanlar\u0131na sahiptir.","robots":{"index":"index","follow":"follow","max-snippet":"max-snippet:-1","max-image-preview":"max-image-preview:large","max-video-preview":"max-video-preview:-1"},"canonical":"https:\/\/akerkimya.com\/eticaret\/urun\/alfa-alci\/","og_locale":"tr_TR","og_type":"article","og_title":"ALFA AL\u00c7I","og_description":"Alfa al\u00e7\u0131, d\u00fc\u015f\u00fck su oran\u0131 ile y\u00fcksek mukavemet sa\u011flayan \u00f6zel al\u00e7\u0131 t\u00fcr\u00fcd\u00fcr. Di\u015f\u00e7ilik, seramik kal\u0131p, yap\u0131 kimyasallar\u0131 ve end\u00fcstride geni\u015f kullan\u0131m alanlar\u0131na sahiptir.","og_url":"https:\/\/akerkimya.com\/eticaret\/urun\/alfa-alci\/","og_site_name":"Akerkimya","article_modified_time":"2026-05-12T00:23:11+00:00","og_image":[{"width":1000,"height":1000,"url":"https:\/\/akerkimya.com\/eticaret\/wp-content\/uploads\/2024\/12\/ALFA-ALCI-GUNCEL-.png","type":"image\/png"}],"twitter_card":"summary_large_image","twitter_misc":{"Tahmini okuma s\u00fcresi":"2 dakika"},"schema":{"@context":"https:\/\/schema.org","@graph":[{"@type":"WebPage","@id":"https:\/\/akerkimya.com\/eticaret\/urun\/alfa-alci\/","url":"https:\/\/akerkimya.com\/eticaret\/urun\/alfa-alci\/","name":"Alfa Al\u00e7\u0131 Nedir? Y\u00fcksek Mukavemetli Al\u00e7\u0131 \u00d6zellikleri ve Kullan\u0131m Alanlar\u0131","isPartOf":{"@id":"https:\/\/akerkimya.com\/eticaret\/#website"},"datePublished":"2024-12-26T13:02:07+00:00","dateModified":"2026-05-12T00:23:11+00:00","description":"Alfa al\u00e7\u0131, d\u00fc\u015f\u00fck su oran\u0131 ile y\u00fcksek mukavemet sa\u011flayan \u00f6zel al\u00e7\u0131 t\u00fcr\u00fcd\u00fcr. Di\u015f\u00e7ilik, seramik kal\u0131p, yap\u0131 kimyasallar\u0131 ve end\u00fcstride geni\u015f kullan\u0131m alanlar\u0131na sahiptir.","breadcrumb":{"@id":"https:\/\/akerkimya.com\/eticaret\/urun\/alfa-alci\/#breadcrumb"},"inLanguage":"tr","potentialAction":[{"@type":"ReadAction","target":["https:\/\/akerkimya.com\/eticaret\/urun\/alfa-alci\/"]}]},{"@type":"BreadcrumbList","@id":"https:\/\/akerkimya.com\/eticaret\/urun\/alfa-alci\/#breadcrumb","itemListElement":[{"@type":"ListItem","position":1,"name":"Home","item":"https:\/\/akerkimya.com\/eticaret\/"},{"@type":"ListItem","position":2,"name":"Market","item":"https:\/\/akerkimya.com\/eticaret\/market\/"},{"@type":"ListItem","position":3,"name":"ALFA AL\u00c7I"}]},{"@type":"WebSite","@id":"https:\/\/akerkimya.com\/eticaret\/#website","url":"https:\/\/akerkimya.com\/eticaret\/","name":"Akerkimya","description":"","potentialAction":[{"@type":"SearchAction","target":{"@type":"EntryPoint","urlTemplate":"https:\/\/akerkimya.com\/eticaret\/?s={search_term_string}"},"query-input":"required name=search_term_string"}],"inLanguage":"tr"}]}},"_links":{"self":[{"href":"https:\/\/akerkimya.com\/eticaret\/wp-json\/wp\/v2\/product\/15744","targetHints":{"allow":["GET"]}}],"collection":[{"href":"https:\/\/akerkimya.com\/eticaret\/wp-json\/wp\/v2\/product"}],"about":[{"href":"https:\/\/akerkimya.com\/eticaret\/wp-json\/wp\/v2\/types\/product"}],"replies":[{"embeddable":true,"href":"https:\/\/akerkimya.com\/eticaret\/wp-json\/wp\/v2\/comments?post=15744"}],"version-history":[{"count":4,"href":"https:\/\/akerkimya.com\/eticaret\/wp-json\/wp\/v2\/product\/15744\/revisions"}],"predecessor-version":[{"id":21202,"href":"https:\/\/akerkimya.com\/eticaret\/wp-json\/wp\/v2\/product\/15744\/revisions\/21202"}],"wp:featuredmedia":[{"embeddable":true,"href":"https:\/\/akerkimya.com\/eticaret\/wp-json\/wp\/v2\/media\/15745"}],"wp:attachment":[{"href":"https:\/\/akerkimya.com\/eticaret\/wp-json\/wp\/v2\/media?parent=15744"}],"wp:term":[{"taxonomy":"product_cat","embeddable":true,"href":"https:\/\/akerkimya.com\/eticaret\/wp-json\/wp\/v2\/product_cat?post=15744"},{"taxonomy":"product_tag","embeddable":true,"href":"https:\/\/akerkimya.com\/eticaret\/wp-json\/wp\/v2\/product_tag?post=15744"}],"curies":[{"name":"wp","href":"https:\/\/api.w.org\/{rel}","templated":true}]}}