{"id":15756,"date":"2024-12-26T16:10:43","date_gmt":"2024-12-26T13:10:43","guid":{"rendered":"https:\/\/akerkimya.com\/eticaret\/?post_type=product&#038;p=15756"},"modified":"2026-05-12T03:27:09","modified_gmt":"2026-05-12T00:27:09","slug":"anhidrit-alci","status":"publish","type":"product","link":"https:\/\/akerkimya.com\/eticaret\/urun\/anhidrit-alci\/","title":{"rendered":"ANH\u0130DR\u0130T (ANH\u0130DR\u0130T AL\u00c7I)"},"content":{"rendered":"<h1>ANH\u0130DR\u0130T (ANH\u0130DR\u0130T AL\u00c7I)<\/h1>\n<p><strong>Anhidrit, susuz kalsiyum s\u00fclfat(CaSO4) yap\u0131s\u0131nda bulunan ve kaya\u00e7 olu\u015fturan \u00f6nemli bir mineraldir. Al\u00e7\u0131 ta\u015f\u0131n\u0131n (jips) kalsine edilmesiyle \u00fcretilir. Jipsten daha sert, \u00f6zg\u00fcl a\u011f\u0131rl\u0131\u011f\u0131 kalsitten fazlad\u0131r. Al\u00e7\u0131 ve \u00e7imento yap\u0131m\u0131nda kullan\u0131l\u0131r.<\/strong><\/p>\n<p><strong>TEKN\u0130K \u00d6ZELL\u0130KLER\u0130<\/strong><\/p>\n<p><strong>CaSO4\u00a0\u00a0 \u00a0\u00a0\u00a0\u00a0\u00a0\u00a0\u00a0\u00a0\u00a0\u00a0\u00a0\u00a0\u00a0\u00a0\u00a0\u00a0\u00a0\u00a0\u00a0\u00a0\u00a0\u00a0\u00a0\u00a0\u00a0\u00a0\u00a0\u00a0\u00a0\u00a0\u00a0\u00a0&gt;94<\/strong><\/p>\n<p><strong>S\u0130O2 &lt;1\u00a0\u00a0\u00a0\u00a0\u00a0\u00a0\u00a0\u00a0\u00a0\u00a0\u00a0\u00a0\u00a0\u00a0\u00a0\u00a0\u00a0\u00a0\u00a0\u00a0\u00a0\u00a0\u00a0\u00a0\u00a0\u00a0\u00a0\u00a0\u00a0\u00a0\u00a0\u00a0 &lt;1<\/strong><\/p>\n<p><strong>Serbest Ca0 free lime\u00a0\u00a0\u00a0\u00a0\u00a0\u00a0\u00a0 \u00a0\u00a0\u00a0&lt;1<\/strong><\/p>\n<p><strong>Cl\u00a0\u00a0\u00a0\u00a0\u00a0\u00a0\u00a0\u00a0\u00a0\u00a0\u00a0 \u00a0\u00a0\u00a0\u00a0\u00a0\u00a0\u00a0\u00a0\u00a0\u00a0\u00a0\u00a0\u00a0\u00a0\u00a0\u00a0\u00a0\u00a0\u00a0\u00a0\u00a0\u00a0\u00a0\u00a0\u00a0\u00a0\u00a0\u00a0\u00a0\u00a0&lt;0,01<\/strong><\/p>\n<p><strong>LOI k\u0131zd\u0131rma kayb\u0131\u00a0\u00a0\u00a0\u00a0\u00a0\u00a0\u00a0\u00a0\u00a0\u00a0\u00a0\u00a0\u00a0 \u00a0&lt;0,3<\/strong><\/p>\n<p><strong>Partik\u00fcl boyutu\u00a0\u00a0\u00a0\u00a0\u00a0\u00a0\u00a0\u00a0\u00a0\u00a0\u00a0\u00a0\u00a0\u00a0\u00a0\u00a0\u00a0\u00a0 \u00a0\u00a050-70<\/strong><\/p>\n<p><strong>Y\u0131\u011f\u0131n yo\u011funlu\u011fu\u00a0\u00a0\u00a0\u00a0\u00a0\u00a0\u00a0\u00a0\u00a0\u00a0\u00a0\u00a0\u00a0\u00a0\u00a0\u00a0\u00a0\u00a0 1,20<\/strong><\/p>\n<p><strong>Kristal sistemi\u00a0\u00a0\u00a0\u00a0\u00a0\u00a0\u00a0\u00a0\u00a0\u00a0\u00a0\u00a0\u00a0\u00a0\u00a0\u00a0\u00a0\u00a0\u00a0\u00a0\u00a0\u00a0 Ortorombik<\/strong><\/p>\n<p><strong>Sertlik\u00a0\u00a0\u00a0\u00a0\u00a0\u00a0\u00a0\u00a0\u00a0\u00a0\u00a0\u00a0\u00a0\u00a0\u00a0\u00a0\u00a0\u00a0\u00a0\u00a0\u00a0\u00a0\u00a0\u00a0\u00a0\u00a0\u00a0\u00a0\u00a0\u00a0\u00a0\u00a0\u00a0\u00a0\u00a0 3,5<\/strong><\/p>\n<p><strong>\u00d6zg\u00fcl a\u011f\u0131rl\u0131k\u00a0\u00a0\u00a0\u00a0\u00a0\u00a0\u00a0\u00a0\u00a0\u00a0\u00a0\u00a0\u00a0\u00a0\u00a0\u00a0\u00a0\u00a0\u00a0\u00a0\u00a0\u00a0\u00a0\u00a0 2,98<\/strong><\/p>\n<p><strong>Parlakl\u0131k\u00a0\u00a0\u00a0\u00a0\u00a0\u00a0\u00a0\u00a0\u00a0\u00a0\u00a0\u00a0\u00a0\u00a0\u00a0\u00a0\u00a0\u00a0\u00a0\u00a0\u00a0\u00a0\u00a0\u00a0\u00a0\u00a0\u00a0\u00a0\u00a0\u00a0\u00a0 Cams\u0131<\/strong><\/p>\n<p><strong>\u00a0<\/strong><\/p>\n<p><strong>AMBALAJ<\/strong><\/p>\n<p><strong>1-5-25 kg torbalar halinde\u00a0<\/strong><\/p>\n<p><strong>\u00a0<\/strong><\/p>\n<p><strong>DEPOLAMA<\/strong><\/p>\n<p><strong>G\u00fcne\u015f \u0131\u015f\u0131\u011f\u0131na temas etmeyen kuru ve serin yerlerde muhafaza ediniz. \u00dcr\u00fcn kullan\u0131ld\u0131ktan sonra a\u011fz\u0131 a\u00e7\u0131k b\u0131rak\u0131lmamal\u0131 ve s\u0131k\u0131ca kapat\u0131lmal\u0131d\u0131r. De\u011fi\u015fken s\u0131cakl\u0131klar \u00fcr\u00fcn\u00fcn oksidasyonuna neden olur. Hareketsiz bir atmosfer alt\u0131nda saklanmal\u0131d\u0131r.<\/strong><\/p>\n<p><strong>\u00a0<\/strong><\/p>\n<p>&nbsp;<\/p>\n","protected":false},"excerpt":{"rendered":"<p>ANH\u0130DR\u0130T (ANH\u0130DR\u0130T AL\u00c7I) Anhidrit, susuz kalsiyum s\u00fclfat(CaSO4) yap\u0131s\u0131nda bulunan ve kaya\u00e7 olu\u015fturan \u00f6nemli bir mineraldir. Al\u00e7\u0131 ta\u015f\u0131n\u0131n (jips) kalsine edilmesiyle<\/p>\n","protected":false},"featured_media":15757,"comment_status":"open","ping_status":"closed","template":"","meta":{"_joinchat":[]},"product_cat":[70,73],"product_tag":[1154,1171,1172,1173,1174,1175,1176,1177,1178,1162],"class_list":{"0":"post-15756","1":"product","2":"type-product","3":"status-publish","4":"has-post-thumbnail","6":"product_cat-boya-ve-yapi-kimyasallar","7":"product_cat-deri-ve-tekstil-kimyasallari","8":"product_tag-alci-cesitleri","9":"product_tag-alci-hammaddesi","10":"product_tag-anhidrit-alci","11":"product_tag-anhidrit-nedir","12":"product_tag-caso4","13":"product_tag-cimento-katkisi","14":"product_tag-endustriyel-mineraller","15":"product_tag-insaat-malzemeleri","16":"product_tag-kalsiyum-sulfat","17":"product_tag-yapi-kimyasallari","19":"first","20":"instock","21":"shipping-taxable","22":"purchasable","23":"product-type-variable"},"yoast_head":"<!-- This site is optimized with the Yoast SEO Premium plugin v20.2.1 (Yoast SEO v20.2.1) - https:\/\/yoast.com\/wordpress\/plugins\/seo\/ -->\n<title>Anhidrit Al\u00e7\u0131 Nedir? (CaSO\u2084) \u00d6zellikleri ve Kullan\u0131m Alanlar\u0131<\/title>\n<meta name=\"description\" content=\"Anhidrit al\u00e7\u0131 (CaSO\u2084), susuz kalsiyum s\u00fclfat yap\u0131s\u0131na sahip, \u00e7imento ve al\u00e7\u0131 \u00fcretiminde kullan\u0131lan y\u00fcksek safl\u0131kta bir mineraldir. Teknik \u00f6zellikleri ve kullan\u0131m alanlar\u0131n\u0131 ke\u015ffedin.\" \/>\n<meta name=\"robots\" content=\"index, follow, max-snippet:-1, max-image-preview:large, max-video-preview:-1\" \/>\n<link rel=\"canonical\" href=\"https:\/\/akerkimya.com\/eticaret\/urun\/anhidrit-alci\/\" \/>\n<meta property=\"og:locale\" content=\"tr_TR\" \/>\n<meta property=\"og:type\" content=\"article\" \/>\n<meta property=\"og:title\" content=\"ANH\u0130DR\u0130T (ANH\u0130DR\u0130T AL\u00c7I)\" \/>\n<meta property=\"og:description\" content=\"Anhidrit al\u00e7\u0131 (CaSO\u2084), susuz kalsiyum s\u00fclfat yap\u0131s\u0131na sahip, \u00e7imento ve al\u00e7\u0131 \u00fcretiminde kullan\u0131lan y\u00fcksek safl\u0131kta bir mineraldir. Teknik \u00f6zellikleri ve kullan\u0131m alanlar\u0131n\u0131 ke\u015ffedin.\" \/>\n<meta property=\"og:url\" content=\"https:\/\/akerkimya.com\/eticaret\/urun\/anhidrit-alci\/\" \/>\n<meta property=\"og:site_name\" content=\"Akerkimya\" \/>\n<meta property=\"article:modified_time\" content=\"2026-05-12T00:27:09+00:00\" \/>\n<meta property=\"og:image\" content=\"https:\/\/akerkimya.com\/eticaret\/wp-content\/uploads\/2024\/12\/ANHIDRIT-ALCI-GUNCEL-.png\" \/>\n\t<meta property=\"og:image:width\" content=\"1000\" \/>\n\t<meta property=\"og:image:height\" content=\"1000\" \/>\n\t<meta property=\"og:image:type\" content=\"image\/png\" \/>\n<meta name=\"twitter:card\" content=\"summary_large_image\" \/>\n<meta name=\"twitter:label1\" content=\"Tahmini okuma s\u00fcresi\" \/>\n\t<meta name=\"twitter:data1\" content=\"1 dakika\" \/>\n<script type=\"application\/ld+json\" class=\"yoast-schema-graph\">{\"@context\":\"https:\/\/schema.org\",\"@graph\":[{\"@type\":\"WebPage\",\"@id\":\"https:\/\/akerkimya.com\/eticaret\/urun\/anhidrit-alci\/\",\"url\":\"https:\/\/akerkimya.com\/eticaret\/urun\/anhidrit-alci\/\",\"name\":\"Anhidrit Al\u00e7\u0131 Nedir? (CaSO\u2084) \u00d6zellikleri ve Kullan\u0131m Alanlar\u0131\",\"isPartOf\":{\"@id\":\"https:\/\/akerkimya.com\/eticaret\/#website\"},\"datePublished\":\"2024-12-26T13:10:43+00:00\",\"dateModified\":\"2026-05-12T00:27:09+00:00\",\"description\":\"Anhidrit al\u00e7\u0131 (CaSO\u2084), susuz kalsiyum s\u00fclfat yap\u0131s\u0131na sahip, \u00e7imento ve al\u00e7\u0131 \u00fcretiminde kullan\u0131lan y\u00fcksek safl\u0131kta bir mineraldir. Teknik \u00f6zellikleri ve kullan\u0131m alanlar\u0131n\u0131 ke\u015ffedin.\",\"breadcrumb\":{\"@id\":\"https:\/\/akerkimya.com\/eticaret\/urun\/anhidrit-alci\/#breadcrumb\"},\"inLanguage\":\"tr\",\"potentialAction\":[{\"@type\":\"ReadAction\",\"target\":[\"https:\/\/akerkimya.com\/eticaret\/urun\/anhidrit-alci\/\"]}]},{\"@type\":\"BreadcrumbList\",\"@id\":\"https:\/\/akerkimya.com\/eticaret\/urun\/anhidrit-alci\/#breadcrumb\",\"itemListElement\":[{\"@type\":\"ListItem\",\"position\":1,\"name\":\"Home\",\"item\":\"https:\/\/akerkimya.com\/eticaret\/\"},{\"@type\":\"ListItem\",\"position\":2,\"name\":\"Market\",\"item\":\"https:\/\/akerkimya.com\/eticaret\/market\/\"},{\"@type\":\"ListItem\",\"position\":3,\"name\":\"ANH\u0130DR\u0130T (ANH\u0130DR\u0130T AL\u00c7I)\"}]},{\"@type\":\"WebSite\",\"@id\":\"https:\/\/akerkimya.com\/eticaret\/#website\",\"url\":\"https:\/\/akerkimya.com\/eticaret\/\",\"name\":\"Akerkimya\",\"description\":\"\",\"potentialAction\":[{\"@type\":\"SearchAction\",\"target\":{\"@type\":\"EntryPoint\",\"urlTemplate\":\"https:\/\/akerkimya.com\/eticaret\/?s={search_term_string}\"},\"query-input\":\"required name=search_term_string\"}],\"inLanguage\":\"tr\"}]}<\/script>\n<!-- \/ Yoast SEO Premium plugin. -->","yoast_head_json":{"title":"Anhidrit Al\u00e7\u0131 Nedir? (CaSO\u2084) \u00d6zellikleri ve Kullan\u0131m Alanlar\u0131","description":"Anhidrit al\u00e7\u0131 (CaSO\u2084), susuz kalsiyum s\u00fclfat yap\u0131s\u0131na sahip, \u00e7imento ve al\u00e7\u0131 \u00fcretiminde kullan\u0131lan y\u00fcksek safl\u0131kta bir mineraldir. Teknik \u00f6zellikleri ve kullan\u0131m alanlar\u0131n\u0131 ke\u015ffedin.","robots":{"index":"index","follow":"follow","max-snippet":"max-snippet:-1","max-image-preview":"max-image-preview:large","max-video-preview":"max-video-preview:-1"},"canonical":"https:\/\/akerkimya.com\/eticaret\/urun\/anhidrit-alci\/","og_locale":"tr_TR","og_type":"article","og_title":"ANH\u0130DR\u0130T (ANH\u0130DR\u0130T AL\u00c7I)","og_description":"Anhidrit al\u00e7\u0131 (CaSO\u2084), susuz kalsiyum s\u00fclfat yap\u0131s\u0131na sahip, \u00e7imento ve al\u00e7\u0131 \u00fcretiminde kullan\u0131lan y\u00fcksek safl\u0131kta bir mineraldir. Teknik \u00f6zellikleri ve kullan\u0131m alanlar\u0131n\u0131 ke\u015ffedin.","og_url":"https:\/\/akerkimya.com\/eticaret\/urun\/anhidrit-alci\/","og_site_name":"Akerkimya","article_modified_time":"2026-05-12T00:27:09+00:00","og_image":[{"width":1000,"height":1000,"url":"https:\/\/akerkimya.com\/eticaret\/wp-content\/uploads\/2024\/12\/ANHIDRIT-ALCI-GUNCEL-.png","type":"image\/png"}],"twitter_card":"summary_large_image","twitter_misc":{"Tahmini okuma s\u00fcresi":"1 dakika"},"schema":{"@context":"https:\/\/schema.org","@graph":[{"@type":"WebPage","@id":"https:\/\/akerkimya.com\/eticaret\/urun\/anhidrit-alci\/","url":"https:\/\/akerkimya.com\/eticaret\/urun\/anhidrit-alci\/","name":"Anhidrit Al\u00e7\u0131 Nedir? (CaSO\u2084) \u00d6zellikleri ve Kullan\u0131m Alanlar\u0131","isPartOf":{"@id":"https:\/\/akerkimya.com\/eticaret\/#website"},"datePublished":"2024-12-26T13:10:43+00:00","dateModified":"2026-05-12T00:27:09+00:00","description":"Anhidrit al\u00e7\u0131 (CaSO\u2084), susuz kalsiyum s\u00fclfat yap\u0131s\u0131na sahip, \u00e7imento ve al\u00e7\u0131 \u00fcretiminde kullan\u0131lan y\u00fcksek safl\u0131kta bir mineraldir. Teknik \u00f6zellikleri ve kullan\u0131m alanlar\u0131n\u0131 ke\u015ffedin.","breadcrumb":{"@id":"https:\/\/akerkimya.com\/eticaret\/urun\/anhidrit-alci\/#breadcrumb"},"inLanguage":"tr","potentialAction":[{"@type":"ReadAction","target":["https:\/\/akerkimya.com\/eticaret\/urun\/anhidrit-alci\/"]}]},{"@type":"BreadcrumbList","@id":"https:\/\/akerkimya.com\/eticaret\/urun\/anhidrit-alci\/#breadcrumb","itemListElement":[{"@type":"ListItem","position":1,"name":"Home","item":"https:\/\/akerkimya.com\/eticaret\/"},{"@type":"ListItem","position":2,"name":"Market","item":"https:\/\/akerkimya.com\/eticaret\/market\/"},{"@type":"ListItem","position":3,"name":"ANH\u0130DR\u0130T (ANH\u0130DR\u0130T AL\u00c7I)"}]},{"@type":"WebSite","@id":"https:\/\/akerkimya.com\/eticaret\/#website","url":"https:\/\/akerkimya.com\/eticaret\/","name":"Akerkimya","description":"","potentialAction":[{"@type":"SearchAction","target":{"@type":"EntryPoint","urlTemplate":"https:\/\/akerkimya.com\/eticaret\/?s={search_term_string}"},"query-input":"required name=search_term_string"}],"inLanguage":"tr"}]}},"_links":{"self":[{"href":"https:\/\/akerkimya.com\/eticaret\/wp-json\/wp\/v2\/product\/15756","targetHints":{"allow":["GET"]}}],"collection":[{"href":"https:\/\/akerkimya.com\/eticaret\/wp-json\/wp\/v2\/product"}],"about":[{"href":"https:\/\/akerkimya.com\/eticaret\/wp-json\/wp\/v2\/types\/product"}],"replies":[{"embeddable":true,"href":"https:\/\/akerkimya.com\/eticaret\/wp-json\/wp\/v2\/comments?post=15756"}],"version-history":[{"count":2,"href":"https:\/\/akerkimya.com\/eticaret\/wp-json\/wp\/v2\/product\/15756\/revisions"}],"predecessor-version":[{"id":16783,"href":"https:\/\/akerkimya.com\/eticaret\/wp-json\/wp\/v2\/product\/15756\/revisions\/16783"}],"wp:featuredmedia":[{"embeddable":true,"href":"https:\/\/akerkimya.com\/eticaret\/wp-json\/wp\/v2\/media\/15757"}],"wp:attachment":[{"href":"https:\/\/akerkimya.com\/eticaret\/wp-json\/wp\/v2\/media?parent=15756"}],"wp:term":[{"taxonomy":"product_cat","embeddable":true,"href":"https:\/\/akerkimya.com\/eticaret\/wp-json\/wp\/v2\/product_cat?post=15756"},{"taxonomy":"product_tag","embeddable":true,"href":"https:\/\/akerkimya.com\/eticaret\/wp-json\/wp\/v2\/product_tag?post=15756"}],"curies":[{"name":"wp","href":"https:\/\/api.w.org\/{rel}","templated":true}]}}