{"id":15769,"date":"2024-12-27T15:21:12","date_gmt":"2024-12-27T12:21:12","guid":{"rendered":"https:\/\/akerkimya.com\/eticaret\/?post_type=product&#038;p=15769"},"modified":"2026-05-12T03:29:38","modified_gmt":"2026-05-12T00:29:38","slug":"baryum-karbonat","status":"publish","type":"product","link":"https:\/\/akerkimya.com\/eticaret\/urun\/baryum-karbonat\/","title":{"rendered":"BARYUM KARBONAT"},"content":{"rendered":"<h1>BARYUM KARBONAT<\/h1>\n<p><strong>BaCO3 form\u00fcll\u00fc baryum karbonat, inorganik bir bile\u015fiktir. \u00c7o\u011fu alkali toprak metal karbonat gibi, suda az \u00e7\u00f6z\u00fcn\u00fcr olan beyaz bir tuzdur. Az miktarda kullan\u0131ld\u0131\u011f\u0131nda parlakl\u0131\u011f\u0131 artt\u0131r\u0131c\u0131 \u00f6zelli\u011fe sahiptir. Kullan\u0131m miktar\u0131 artt\u0131k\u00e7a matl\u0131\u011fa neden olur.<\/strong><\/p>\n<p><strong>BARYUM KARBONAT \u00d6ZELL\u0130KLER\u0130<\/strong><\/p>\n<p><strong>Suda hemen hemen \u00e7\u00f6z\u00fcnmeyen,<\/strong><\/p>\n<p><strong>D\u00fc\u015f\u00fck sertlikte,<\/strong><\/p>\n<p><strong>A\u011f\u0131r,<\/strong><\/p>\n<p><strong>Beyaz kristal haldedir ve kokusuzdur.<\/strong><\/p>\n<p><strong>X-\u0131\u015f\u0131nlar\u0131n\u0131 emebilen, zehirli bir maddedir.<\/strong><\/p>\n<p><strong>\u00a0<\/strong><\/p>\n<p><strong>TEKN\u0130K \u00d6ZELL\u0130KLER\u0130<\/strong><\/p>\n<p><strong>FORM\u00dcL: BaCO3<\/strong><\/p>\n<p><strong>K\u0130MYASAL ADI: Barium Carbonate<\/strong><\/p>\n<p><strong>MOLAR K\u00dcTLE: 197,34 g\/mol<\/strong><\/p>\n<p><strong>ER\u0130ME NOKTASI: 811 \u00b0C<\/strong><\/p>\n<p><strong>YO\u011eUNLUK: 4,29 g\/cm\u00b3<\/strong><\/p>\n<p><strong>KAYNAMA NOKTASI: 1.360 \u00b0C<\/strong><\/p>\n<p><strong>SUDA \u00c7\u00d6Z\u00dcN\u00dcRL\u00dcK: 0,0024 g\/100 ml (20 \u00b0C)<\/strong><\/p>\n<p><strong>\u00c7\u00d6Z\u00dcN\u00dcRL\u00dcK: AS\u0130TTE AYRI\u015eIR.<\/strong><\/p>\n<p><strong>SINIFLANDIRMA: Alkali<\/strong><\/p>\n<p><strong>\u00a0<\/strong><\/p>\n<p><strong>KULLANIM ALANLARI<\/strong><\/p>\n<p><strong>Fare zehri yap\u0131m\u0131nda,<\/strong><\/p>\n<p><strong>Boya- kau\u00e7uk end\u00fcstrisinde kullan\u0131l\u0131r.<\/strong><\/p>\n<p><strong>Optik alan\u0131nda g\u00f6zl\u00fck imalat\u0131nda,<\/strong><\/p>\n<p><strong>Seramik sekt\u00f6r\u00fcnde \u00e7\u00f6z\u00fcn\u00fcr tuzlar\u0131n \u00e7\u00f6keltilmesinde kullan\u0131l\u0131r.<\/strong><\/p>\n<p><strong>Petrol kuyusu sondaj \u00e7al\u0131\u015fmalar\u0131nda kullan\u0131lan \u00e7amurdaki katk\u0131 maddesinden biridir.<\/strong><\/p>\n<p><strong>Havai fi\u015fek, alev haz\u0131rl\u0131\u011f\u0131 ve firit yap\u0131m a\u015famas\u0131nda i\u00e7erisinde kullan\u0131l\u0131r.<\/strong><\/p>\n<p><strong>Rodentisit ve ar\u0131nd\u0131r\u0131c\u0131 ajan, oksidasyon kataliz\u00f6r\u00fc olarak kullan\u0131l\u0131r.<\/strong><\/p>\n<p><strong>Tu\u011fla, kiremit ve toprak end\u00fcstrisinde baryum oksit, \u00e7i\u00e7eklenmeye neden olan \u00e7\u00f6z\u00fcn\u00fcr tuzlar\u0131n (kalsiyum s\u00fclfat ve magnezyum s\u00fclfat) \u00e7\u00f6keltilmesi i\u00e7in killerin i\u00e7erisine ilave edilir.<\/strong><\/p>\n<p><strong>Baz\u0131 renklendirme oksitleriyle birle\u015ferek benzersiz renkler \u00fcretir.<\/strong><\/p>\n<p><strong>Renkli TV \u00fcretiminde,<\/strong><\/p>\n<p><strong>Hammadde olarak kimya sanayisinde\u00a0<\/strong><\/p>\n<p><strong>Karbon ta\u015f\u0131y\u0131c\u0131 olarak metal y\u00fczeylerinde,<\/strong><\/p>\n<p><strong>\u0130n\u015faat malzemeleri i\u00e7erisinde kullan\u0131l\u0131r.<\/strong><\/p>\n<p><strong>\u00a0<\/strong><\/p>\n<p><strong>\u00a0AMBALAJ<\/strong><\/p>\n<p><strong>1-5-25 Kg torbalarda ve 1000 kg Big bag torbalarda bulunur.<\/strong><\/p>\n<p><strong>\u00a0<\/strong><\/p>\n<p><strong>DEPOLAMA<\/strong><\/p>\n<p><strong>Do\u011frudan g\u00fcne\u015f g\u00f6rmeyen ve nem bulunmayan ortamda depolanmal\u0131d\u0131r.<\/strong><\/p>\n<p><strong>Kullan\u0131ld\u0131ktan sonra torba a\u011fz\u0131 a\u00e7\u0131k b\u0131rak\u0131lmamal\u0131d\u0131r.<\/strong><\/p>\n<p><strong>\u00a0<\/strong><\/p>\n","protected":false},"excerpt":{"rendered":"<p>BARYUM KARBONAT BaCO3 form\u00fcll\u00fc baryum karbonat, inorganik bir bile\u015fiktir. \u00c7o\u011fu alkali toprak metal karbonat gibi, suda az \u00e7\u00f6z\u00fcn\u00fcr olan beyaz<\/p>\n","protected":false},"featured_media":15770,"comment_status":"open","ping_status":"closed","template":"","meta":{"_joinchat":[]},"product_cat":[70,72],"product_tag":[1187,1188,1189,1190,1191,1150,1192,1193,1194,1162],"class_list":{"0":"post-15769","1":"product","2":"type-product","3":"status-publish","4":"has-post-thumbnail","6":"product_cat-boya-ve-yapi-kimyasallar","7":"product_cat-cam-ve-seramik-kimyasallari","8":"product_tag-baco3","9":"product_tag-barium-carbonate","10":"product_tag-baryum-karbonat","11":"product_tag-boya-ve-kaucuk-katkilari","12":"product_tag-cam-sanayi-kimyasallari","13":"product_tag-endustriyel-kimyasallar","14":"product_tag-inorganik-bilesikler","15":"product_tag-kimyasal-hammaddeler","16":"product_tag-seramik-katki-maddesi","17":"product_tag-yapi-kimyasallari","19":"first","20":"instock","21":"shipping-taxable","22":"purchasable","23":"product-type-variable"},"yoast_head":"<!-- This site is optimized with the Yoast SEO Premium plugin v20.2.1 (Yoast SEO v20.2.1) - https:\/\/yoast.com\/wordpress\/plugins\/seo\/ -->\n<title>Baryum Karbonat (BaCO\u2083) Nedir? \u00d6zellikleri ve Kullan\u0131m Alanlar\u0131<\/title>\n<meta name=\"description\" content=\"Baryum karbonat (BaCO\u2083), seramik, cam ve kimya sanayisinde kullan\u0131lan beyaz, az \u00e7\u00f6z\u00fcn\u00fcr inorganik bir bile\u015fiktir. Teknik \u00f6zellikleri ve kullan\u0131m alanlar\u0131n\u0131 ke\u015ffedin.\" \/>\n<meta name=\"robots\" content=\"index, follow, max-snippet:-1, max-image-preview:large, max-video-preview:-1\" \/>\n<link rel=\"canonical\" href=\"https:\/\/akerkimya.com\/eticaret\/urun\/baryum-karbonat\/\" \/>\n<meta property=\"og:locale\" content=\"tr_TR\" \/>\n<meta property=\"og:type\" content=\"article\" \/>\n<meta property=\"og:title\" content=\"BARYUM KARBONAT\" \/>\n<meta property=\"og:description\" content=\"Baryum karbonat (BaCO\u2083), seramik, cam ve kimya sanayisinde kullan\u0131lan beyaz, az \u00e7\u00f6z\u00fcn\u00fcr inorganik bir bile\u015fiktir. Teknik \u00f6zellikleri ve kullan\u0131m alanlar\u0131n\u0131 ke\u015ffedin.\" \/>\n<meta property=\"og:url\" content=\"https:\/\/akerkimya.com\/eticaret\/urun\/baryum-karbonat\/\" \/>\n<meta property=\"og:site_name\" content=\"Akerkimya\" \/>\n<meta property=\"article:modified_time\" content=\"2026-05-12T00:29:38+00:00\" \/>\n<meta property=\"og:image\" content=\"https:\/\/akerkimya.com\/eticaret\/wp-content\/uploads\/2024\/12\/BARYUM-KARBONAT-GUNCEL.png\" \/>\n\t<meta property=\"og:image:width\" content=\"1000\" \/>\n\t<meta property=\"og:image:height\" content=\"1000\" \/>\n\t<meta property=\"og:image:type\" content=\"image\/png\" \/>\n<meta name=\"twitter:card\" content=\"summary_large_image\" \/>\n<meta name=\"twitter:label1\" content=\"Tahmini okuma s\u00fcresi\" \/>\n\t<meta name=\"twitter:data1\" content=\"2 dakika\" \/>\n<script type=\"application\/ld+json\" class=\"yoast-schema-graph\">{\"@context\":\"https:\/\/schema.org\",\"@graph\":[{\"@type\":\"WebPage\",\"@id\":\"https:\/\/akerkimya.com\/eticaret\/urun\/baryum-karbonat\/\",\"url\":\"https:\/\/akerkimya.com\/eticaret\/urun\/baryum-karbonat\/\",\"name\":\"Baryum Karbonat (BaCO\u2083) Nedir? \u00d6zellikleri ve Kullan\u0131m Alanlar\u0131\",\"isPartOf\":{\"@id\":\"https:\/\/akerkimya.com\/eticaret\/#website\"},\"datePublished\":\"2024-12-27T12:21:12+00:00\",\"dateModified\":\"2026-05-12T00:29:38+00:00\",\"description\":\"Baryum karbonat (BaCO\u2083), seramik, cam ve kimya sanayisinde kullan\u0131lan beyaz, az \u00e7\u00f6z\u00fcn\u00fcr inorganik bir bile\u015fiktir. Teknik \u00f6zellikleri ve kullan\u0131m alanlar\u0131n\u0131 ke\u015ffedin.\",\"breadcrumb\":{\"@id\":\"https:\/\/akerkimya.com\/eticaret\/urun\/baryum-karbonat\/#breadcrumb\"},\"inLanguage\":\"tr\",\"potentialAction\":[{\"@type\":\"ReadAction\",\"target\":[\"https:\/\/akerkimya.com\/eticaret\/urun\/baryum-karbonat\/\"]}]},{\"@type\":\"BreadcrumbList\",\"@id\":\"https:\/\/akerkimya.com\/eticaret\/urun\/baryum-karbonat\/#breadcrumb\",\"itemListElement\":[{\"@type\":\"ListItem\",\"position\":1,\"name\":\"Home\",\"item\":\"https:\/\/akerkimya.com\/eticaret\/\"},{\"@type\":\"ListItem\",\"position\":2,\"name\":\"Market\",\"item\":\"https:\/\/akerkimya.com\/eticaret\/market\/\"},{\"@type\":\"ListItem\",\"position\":3,\"name\":\"BARYUM KARBONAT\"}]},{\"@type\":\"WebSite\",\"@id\":\"https:\/\/akerkimya.com\/eticaret\/#website\",\"url\":\"https:\/\/akerkimya.com\/eticaret\/\",\"name\":\"Akerkimya\",\"description\":\"\",\"potentialAction\":[{\"@type\":\"SearchAction\",\"target\":{\"@type\":\"EntryPoint\",\"urlTemplate\":\"https:\/\/akerkimya.com\/eticaret\/?s={search_term_string}\"},\"query-input\":\"required name=search_term_string\"}],\"inLanguage\":\"tr\"}]}<\/script>\n<!-- \/ Yoast SEO Premium plugin. -->","yoast_head_json":{"title":"Baryum Karbonat (BaCO\u2083) Nedir? \u00d6zellikleri ve Kullan\u0131m Alanlar\u0131","description":"Baryum karbonat (BaCO\u2083), seramik, cam ve kimya sanayisinde kullan\u0131lan beyaz, az \u00e7\u00f6z\u00fcn\u00fcr inorganik bir bile\u015fiktir. Teknik \u00f6zellikleri ve kullan\u0131m alanlar\u0131n\u0131 ke\u015ffedin.","robots":{"index":"index","follow":"follow","max-snippet":"max-snippet:-1","max-image-preview":"max-image-preview:large","max-video-preview":"max-video-preview:-1"},"canonical":"https:\/\/akerkimya.com\/eticaret\/urun\/baryum-karbonat\/","og_locale":"tr_TR","og_type":"article","og_title":"BARYUM KARBONAT","og_description":"Baryum karbonat (BaCO\u2083), seramik, cam ve kimya sanayisinde kullan\u0131lan beyaz, az \u00e7\u00f6z\u00fcn\u00fcr inorganik bir bile\u015fiktir. Teknik \u00f6zellikleri ve kullan\u0131m alanlar\u0131n\u0131 ke\u015ffedin.","og_url":"https:\/\/akerkimya.com\/eticaret\/urun\/baryum-karbonat\/","og_site_name":"Akerkimya","article_modified_time":"2026-05-12T00:29:38+00:00","og_image":[{"width":1000,"height":1000,"url":"https:\/\/akerkimya.com\/eticaret\/wp-content\/uploads\/2024\/12\/BARYUM-KARBONAT-GUNCEL.png","type":"image\/png"}],"twitter_card":"summary_large_image","twitter_misc":{"Tahmini okuma s\u00fcresi":"2 dakika"},"schema":{"@context":"https:\/\/schema.org","@graph":[{"@type":"WebPage","@id":"https:\/\/akerkimya.com\/eticaret\/urun\/baryum-karbonat\/","url":"https:\/\/akerkimya.com\/eticaret\/urun\/baryum-karbonat\/","name":"Baryum Karbonat (BaCO\u2083) Nedir? \u00d6zellikleri ve Kullan\u0131m Alanlar\u0131","isPartOf":{"@id":"https:\/\/akerkimya.com\/eticaret\/#website"},"datePublished":"2024-12-27T12:21:12+00:00","dateModified":"2026-05-12T00:29:38+00:00","description":"Baryum karbonat (BaCO\u2083), seramik, cam ve kimya sanayisinde kullan\u0131lan beyaz, az \u00e7\u00f6z\u00fcn\u00fcr inorganik bir bile\u015fiktir. Teknik \u00f6zellikleri ve kullan\u0131m alanlar\u0131n\u0131 ke\u015ffedin.","breadcrumb":{"@id":"https:\/\/akerkimya.com\/eticaret\/urun\/baryum-karbonat\/#breadcrumb"},"inLanguage":"tr","potentialAction":[{"@type":"ReadAction","target":["https:\/\/akerkimya.com\/eticaret\/urun\/baryum-karbonat\/"]}]},{"@type":"BreadcrumbList","@id":"https:\/\/akerkimya.com\/eticaret\/urun\/baryum-karbonat\/#breadcrumb","itemListElement":[{"@type":"ListItem","position":1,"name":"Home","item":"https:\/\/akerkimya.com\/eticaret\/"},{"@type":"ListItem","position":2,"name":"Market","item":"https:\/\/akerkimya.com\/eticaret\/market\/"},{"@type":"ListItem","position":3,"name":"BARYUM KARBONAT"}]},{"@type":"WebSite","@id":"https:\/\/akerkimya.com\/eticaret\/#website","url":"https:\/\/akerkimya.com\/eticaret\/","name":"Akerkimya","description":"","potentialAction":[{"@type":"SearchAction","target":{"@type":"EntryPoint","urlTemplate":"https:\/\/akerkimya.com\/eticaret\/?s={search_term_string}"},"query-input":"required name=search_term_string"}],"inLanguage":"tr"}]}},"_links":{"self":[{"href":"https:\/\/akerkimya.com\/eticaret\/wp-json\/wp\/v2\/product\/15769","targetHints":{"allow":["GET"]}}],"collection":[{"href":"https:\/\/akerkimya.com\/eticaret\/wp-json\/wp\/v2\/product"}],"about":[{"href":"https:\/\/akerkimya.com\/eticaret\/wp-json\/wp\/v2\/types\/product"}],"replies":[{"embeddable":true,"href":"https:\/\/akerkimya.com\/eticaret\/wp-json\/wp\/v2\/comments?post=15769"}],"version-history":[{"count":2,"href":"https:\/\/akerkimya.com\/eticaret\/wp-json\/wp\/v2\/product\/15769\/revisions"}],"predecessor-version":[{"id":16781,"href":"https:\/\/akerkimya.com\/eticaret\/wp-json\/wp\/v2\/product\/15769\/revisions\/16781"}],"wp:featuredmedia":[{"embeddable":true,"href":"https:\/\/akerkimya.com\/eticaret\/wp-json\/wp\/v2\/media\/15770"}],"wp:attachment":[{"href":"https:\/\/akerkimya.com\/eticaret\/wp-json\/wp\/v2\/media?parent=15769"}],"wp:term":[{"taxonomy":"product_cat","embeddable":true,"href":"https:\/\/akerkimya.com\/eticaret\/wp-json\/wp\/v2\/product_cat?post=15769"},{"taxonomy":"product_tag","embeddable":true,"href":"https:\/\/akerkimya.com\/eticaret\/wp-json\/wp\/v2\/product_tag?post=15769"}],"curies":[{"name":"wp","href":"https:\/\/api.w.org\/{rel}","templated":true}]}}