{"id":15782,"date":"2024-12-27T15:28:34","date_gmt":"2024-12-27T12:28:34","guid":{"rendered":"https:\/\/akerkimya.com\/eticaret\/?post_type=product&#038;p=15782"},"modified":"2026-05-12T03:41:31","modified_gmt":"2026-05-12T00:41:31","slug":"barit-baryum-sulfat-bas04-ozellikleri-kullanim-alanlari","status":"publish","type":"product","link":"https:\/\/akerkimya.com\/eticaret\/urun\/barit-baryum-sulfat-bas04-ozellikleri-kullanim-alanlari\/","title":{"rendered":"BAR\u0130T (BARYUM S\u00dcLFAT)"},"content":{"rendered":"<h1>BAR\u0130T (BARYUM S\u00dcLFAT)<\/h1>\n<p><strong>Barit BaSO4 form\u00fcll\u00fc inorganik bir bile\u015fiktir. Baryum cevheri oldu\u011fu gibi baryum s\u00fclfattan olu\u015fan bir mineraldir. I\u015f\u0131ma yapan rengine Bologna ta\u015f\u0131 da denir. Kristal yap\u0131s\u0131 ortorombiktir.<\/strong><\/p>\n<p><strong>\u00a0<\/strong><\/p>\n<p><strong>BAR\u0130T (BARYUM S\u00dcLFAT) \u00d6ZELL\u0130KLER\u0130<\/strong><\/p>\n<p><strong>Beyaz ya da renksizdir, bazen sar\u0131 ve gri olabilir.<\/strong><\/p>\n<p><strong>Su da \u00e7\u00f6z\u00fcnmez.<\/strong><\/p>\n<p><strong>Kokusuzdur.<\/strong><\/p>\n<p><strong>Az a\u015f\u0131nd\u0131r\u0131c\u0131 olmas\u0131 (Mohs 3-3,5),<\/strong><\/p>\n<p><strong>Y\u00fcksek \u0131s\u0131 ve bas\u0131n\u00e7 alt\u0131nda kimyasal sabitli\u011fini korumas\u0131,<\/strong><\/p>\n<p><strong>En \u00f6nemli \u00f6zelli\u011fi ise y\u00fcksek yo\u011funlu\u011fudur.<\/strong><\/p>\n<p><strong>\u00a0<\/strong><\/p>\n<p><strong>TEKN\u0130K \u00d6ZELL\u0130KLER\u0130<\/strong><\/p>\n<p><strong>MOLEK\u00dcL FORM\u00dcL\u00dc: BaSO4<\/strong><\/p>\n<p><strong>MOLEK\u00dcL K\u00dcTLES\u0130:<\/strong><strong>\u00a0 233. 43 g\/mol\u00a0\u00a0\u00a0\u00a0\u00a0\u00a0\u00a0 <\/strong><\/p>\n<p><strong>G\u00d6R\u00dcN\u00dcM: Beyaz toz ve kristal<\/strong><\/p>\n<p><strong>YO\u011eUNLUK: 4.49 g\/cm2<\/strong><\/p>\n<p><strong>ER\u0130ME NOKTASI: 1580 \u00b0C (2880 \u00b0F; 1850 K)\u00a0\u00a0\u00a0\u00a0\u00a0\u00a0\u00a0\u00a0\u00a0\u00a0\u00a0\u00a0\u00a0\u00a0\u00a0\u00a0\u00a0\u00a0\u00a0\u00a0\u00a0 <\/strong><strong>\u00a0<\/strong><\/p>\n<p><strong>KAYNAMA NOKTASI: 1600 \u00b0C (2910 \u00b0F; 1870 K)<\/strong><\/p>\n<p><strong>\u00c7\u00d6Z\u00dcN\u00dcRL\u00dcK: Alkolde \u00e7\u00f6z\u00fcnmez g\u00fc\u00e7l\u00fc s\u00fclf\u00fcrik asitte \u00e7\u00f6z\u00fcn\u00fcr.<\/strong><\/p>\n<p><strong>\u00a0<\/strong><\/p>\n<p><strong>KULLANIM ALANLARI<\/strong><\/p>\n<p><strong>Petrol ve do\u011falgaz sondajlar\u0131nda sondaj \u00e7amuru a\u011f\u0131rl\u0131k maddesi olarak,<\/strong><\/p>\n<p><strong>Dolgu end\u00fcstrilerinde kullan\u0131l\u0131r.<\/strong><\/p>\n<p><strong>D\u00fc\u015f\u00fck re\u00e7ine talebi, dolay\u0131s\u0131yla d\u00fc\u015f\u00fck ya\u011f absorbsiyonu ve iyi bir i\u015fleme reolojisinden dolay\u0131 y\u00fcksek y\u00fczeylerde polimerlere ilave edilebilir.<\/strong><\/p>\n<p><strong>Poli\u00fcretan sekt\u00f6rlerinde,<\/strong><\/p>\n<p><strong>Boya sekt\u00f6r\u00fcnde \u00f6rt\u00fcc\u00fc \u00f6zelli\u011fi ile beyaz pigment ve dolgu maddesi olarak artt\u0131r\u0131c\u0131, dayan\u0131kl\u0131l\u0131k gibi di\u011fer pigmentlerde uyum sa\u011flama \u00f6zelli\u011fi vard\u0131r.<\/strong><\/p>\n<p><strong>Barit \u00e7inko s\u00fclfitle kar\u0131\u015ft\u0131r\u0131l\u0131nca litopon denen beyaz boya elde edilir bu da ya\u011fl\u0131 boyalarda kullan\u0131l\u0131r. <\/strong><\/p>\n<p><strong>\u00a0<\/strong><\/p>\n<p><strong>Dekoratif boyalar\u0131n \u00fcretiminde yap\u0131s\u0131n\u0131n p\u00fcr\u00fczs\u00fcz ve uzun \u00f6m\u00fcrl\u00fc olmas\u0131n\u0131 sa\u011flamak amac\u0131yla kullan\u0131r.<\/strong><\/p>\n<p><strong>End\u00fcstriyel boyalarda koruyucu ve antikorozif kaplama i\u015flevinin sa\u011flanmas\u0131n\u0131 mikronize barit minerali sa\u011flar.<\/strong><\/p>\n<p><strong>Foto\u011fraf\u00e7\u0131l\u0131kta baz\u0131 foto\u011fraf kaplamalarda k\u00e2\u011f\u0131t parlatmak i\u00e7in kullan\u0131l\u0131r.<\/strong><\/p>\n<p><strong>Cam end\u00fcstrisinde cam\u0131n kolay i\u015flenmesi ve parlakl\u0131\u011f\u0131n\u0131 artt\u0131rmak amac\u0131yla yap\u0131m\u0131nda mikronize halde barit kullan\u0131l\u0131r.<\/strong><\/p>\n<p><strong>Beyaz mukavva ve k\u00e2\u011f\u0131t end\u00fcstrisinde \u00fcretim a\u015famas\u0131nda \u00fcr\u00fcnlerin beyazl\u0131\u011f\u0131n\u0131 iyile\u015ftirmek ve kapsama y\u00fczdesini artt\u0131rmak i\u00e7in barit tozu kullan\u0131l\u0131r.<\/strong><\/p>\n<p><strong>Suda \u00e7\u00f6z\u00fcnmez olmas\u0131, y\u00fcksek k\u0131r\u0131lma indeksine ve asitlerle alkalilere kar\u015f\u0131 y\u00fcksek dirence sahip olmas\u0131yla ayn\u0131 zamanda y\u00fcksek k\u00fctle yo\u011funlu\u011fu sayesinde de beyaz e\u015fya end\u00fcstrisinde kullan\u0131l\u0131r.<\/strong><\/p>\n<p><strong>Otomotiv ve demiryolu end\u00fcstrilerinde fren balatalar\u0131n\u0131n \u00fcretilmesinde kullan\u0131l\u0131r. <\/strong><\/p>\n<p><strong>Oto lasti\u011fi ve di\u011fer lastik \u00fcretiminde dolgu maddesi olarak kullan\u0131l\u0131r.<\/strong><\/p>\n<p><strong>Radyasyona kar\u015f\u0131 koruma sa\u011flad\u0131\u011f\u0131 i\u00e7in X-Ray odalar\u0131n\u0131n in\u015fas\u0131nda kullan\u0131l\u0131r.<\/strong><\/p>\n<p><strong>Ses yal\u0131t\u0131m\u0131nda kullan\u0131lan verimli ve \u00e7evre dostu ses emici malzemelerin \u00fcretiminde kullan\u0131lan \u00f6nemli bir hammaddedir.<\/strong><\/p>\n<p><strong>\u00a0<\/strong><\/p>\n<p><strong>AMBALAJ <\/strong><\/p>\n<p><strong>1-5-25 kg torbalarda<\/strong><\/p>\n<p><strong>\u00a0<\/strong><\/p>\n<p><strong>DEPO<\/strong><\/p>\n<p><strong>\u00dcr\u00fcn kuru ve serin bir yerde saklanmal\u0131d\u0131r. Raf \u00f6mr\u00fc uygun \u015fartlarda 1 y\u0131ld\u0131r. \u0130stifleme \u00fcst \u00fcste 8 s\u0131ray\u0131 ge\u00e7memelidir.<\/strong><\/p>\n<p><strong>\u00a0<\/strong><\/p>\n<p><strong>\u00a0<\/strong><\/p>\n","protected":false},"excerpt":{"rendered":"<p>BAR\u0130T (BARYUM S\u00dcLFAT) Barit BaSO4 form\u00fcll\u00fc inorganik bir bile\u015fiktir. Baryum cevheri oldu\u011fu gibi baryum s\u00fclfattan olu\u015fan bir mineraldir. I\u015f\u0131ma yapan<\/p>\n","protected":false},"featured_media":15783,"comment_status":"open","ping_status":"closed","template":"","meta":{"_joinchat":[]},"product_cat":[70,72,78],"product_tag":[1201,1204,1202,1203,1147,1209,1207,1176,1210,1211,1206,1208,1212,1213,1205],"class_list":{"0":"post-15782","1":"product","2":"type-product","3":"status-publish","4":"has-post-thumbnail","6":"product_cat-boya-ve-yapi-kimyasallar","7":"product_cat-cam-ve-seramik-kimyasallari","8":"product_cat-metal-dokum-kaplama","9":"product_tag-barit","10":"product_tag-barit-minerali","11":"product_tag-baryum-sulfat","12":"product_tag-baso4","13":"product_tag-boya-katki-maddesi","14":"product_tag-cam-sanayi-katkisi","15":"product_tag-dolgu-maddesi","16":"product_tag-endustriyel-mineraller","17":"product_tag-kagit-endustrisi-dolgu","18":"product_tag-lastik-dolgu-maddesi","19":"product_tag-mikronize-barit","20":"product_tag-plastik-dolgu-malzemesi","21":"product_tag-radyasyon-koruyucu-malzeme","22":"product_tag-ses-yalitim-malzemesi","23":"product_tag-sondaj-camuru-agirlik-maddesi","25":"first","26":"instock","27":"shipping-taxable","28":"purchasable","29":"product-type-variable"},"yoast_head":"<!-- This site is optimized with the Yoast SEO Premium plugin v20.2.1 (Yoast SEO v20.2.1) - https:\/\/yoast.com\/wordpress\/plugins\/seo\/ -->\n<title>Barit (Baryum S\u00fclfat \u2013 BaSO4) Nedir? \u00d6zellikleri ve Kullan\u0131m Alanlar\u0131<\/title>\n<meta name=\"description\" content=\"Barit (baryum s\u00fclfat \u2013 BaSO4), y\u00fcksek yo\u011funluklu inorganik bir mineraldir. Sondaj, boya, plastik, cam ve radyasyon yal\u0131t\u0131m\u0131 gibi bir\u00e7ok end\u00fcstride kullan\u0131lan baritin \u00f6zellikleri ve kullan\u0131m alanlar\u0131n\u0131 ke\u015ffedin.\" \/>\n<meta name=\"robots\" content=\"index, follow, max-snippet:-1, max-image-preview:large, max-video-preview:-1\" \/>\n<link rel=\"canonical\" href=\"https:\/\/akerkimya.com\/eticaret\/urun\/barit-baryum-sulfat-bas04-ozellikleri-kullanim-alanlari\/\" \/>\n<meta property=\"og:locale\" content=\"tr_TR\" \/>\n<meta property=\"og:type\" content=\"article\" \/>\n<meta property=\"og:title\" content=\"BAR\u0130T (BARYUM S\u00dcLFAT)\" \/>\n<meta property=\"og:description\" content=\"Barit (baryum s\u00fclfat \u2013 BaSO4), y\u00fcksek yo\u011funluklu inorganik bir mineraldir. Sondaj, boya, plastik, cam ve radyasyon yal\u0131t\u0131m\u0131 gibi bir\u00e7ok end\u00fcstride kullan\u0131lan baritin \u00f6zellikleri ve kullan\u0131m alanlar\u0131n\u0131 ke\u015ffedin.\" \/>\n<meta property=\"og:url\" content=\"https:\/\/akerkimya.com\/eticaret\/urun\/barit-baryum-sulfat-bas04-ozellikleri-kullanim-alanlari\/\" \/>\n<meta property=\"og:site_name\" content=\"Akerkimya\" \/>\n<meta property=\"article:modified_time\" content=\"2026-05-12T00:41:31+00:00\" \/>\n<meta property=\"og:image\" content=\"https:\/\/akerkimya.com\/eticaret\/wp-content\/uploads\/2024\/12\/BARYUM-SULFAT-GUNCEL.png\" \/>\n\t<meta property=\"og:image:width\" content=\"1000\" \/>\n\t<meta property=\"og:image:height\" content=\"1000\" \/>\n\t<meta property=\"og:image:type\" content=\"image\/png\" \/>\n<meta name=\"twitter:card\" content=\"summary_large_image\" \/>\n<meta name=\"twitter:label1\" content=\"Tahmini okuma s\u00fcresi\" \/>\n\t<meta name=\"twitter:data1\" content=\"2 dakika\" \/>\n<script type=\"application\/ld+json\" class=\"yoast-schema-graph\">{\"@context\":\"https:\/\/schema.org\",\"@graph\":[{\"@type\":\"WebPage\",\"@id\":\"https:\/\/akerkimya.com\/eticaret\/urun\/barit-baryum-sulfat-bas04-ozellikleri-kullanim-alanlari\/\",\"url\":\"https:\/\/akerkimya.com\/eticaret\/urun\/barit-baryum-sulfat-bas04-ozellikleri-kullanim-alanlari\/\",\"name\":\"Barit (Baryum S\u00fclfat \u2013 BaSO4) Nedir? \u00d6zellikleri ve Kullan\u0131m Alanlar\u0131\",\"isPartOf\":{\"@id\":\"https:\/\/akerkimya.com\/eticaret\/#website\"},\"datePublished\":\"2024-12-27T12:28:34+00:00\",\"dateModified\":\"2026-05-12T00:41:31+00:00\",\"description\":\"Barit (baryum s\u00fclfat \u2013 BaSO4), y\u00fcksek yo\u011funluklu inorganik bir mineraldir. Sondaj, boya, plastik, cam ve radyasyon yal\u0131t\u0131m\u0131 gibi bir\u00e7ok end\u00fcstride kullan\u0131lan baritin \u00f6zellikleri ve kullan\u0131m alanlar\u0131n\u0131 ke\u015ffedin.\",\"breadcrumb\":{\"@id\":\"https:\/\/akerkimya.com\/eticaret\/urun\/barit-baryum-sulfat-bas04-ozellikleri-kullanim-alanlari\/#breadcrumb\"},\"inLanguage\":\"tr\",\"potentialAction\":[{\"@type\":\"ReadAction\",\"target\":[\"https:\/\/akerkimya.com\/eticaret\/urun\/barit-baryum-sulfat-bas04-ozellikleri-kullanim-alanlari\/\"]}]},{\"@type\":\"BreadcrumbList\",\"@id\":\"https:\/\/akerkimya.com\/eticaret\/urun\/barit-baryum-sulfat-bas04-ozellikleri-kullanim-alanlari\/#breadcrumb\",\"itemListElement\":[{\"@type\":\"ListItem\",\"position\":1,\"name\":\"Home\",\"item\":\"https:\/\/akerkimya.com\/eticaret\/\"},{\"@type\":\"ListItem\",\"position\":2,\"name\":\"Market\",\"item\":\"https:\/\/akerkimya.com\/eticaret\/market\/\"},{\"@type\":\"ListItem\",\"position\":3,\"name\":\"BAR\u0130T (BARYUM S\u00dcLFAT)\"}]},{\"@type\":\"WebSite\",\"@id\":\"https:\/\/akerkimya.com\/eticaret\/#website\",\"url\":\"https:\/\/akerkimya.com\/eticaret\/\",\"name\":\"Akerkimya\",\"description\":\"\",\"potentialAction\":[{\"@type\":\"SearchAction\",\"target\":{\"@type\":\"EntryPoint\",\"urlTemplate\":\"https:\/\/akerkimya.com\/eticaret\/?s={search_term_string}\"},\"query-input\":\"required name=search_term_string\"}],\"inLanguage\":\"tr\"}]}<\/script>\n<!-- \/ Yoast SEO Premium plugin. -->","yoast_head_json":{"title":"Barit (Baryum S\u00fclfat \u2013 BaSO4) Nedir? \u00d6zellikleri ve Kullan\u0131m Alanlar\u0131","description":"Barit (baryum s\u00fclfat \u2013 BaSO4), y\u00fcksek yo\u011funluklu inorganik bir mineraldir. Sondaj, boya, plastik, cam ve radyasyon yal\u0131t\u0131m\u0131 gibi bir\u00e7ok end\u00fcstride kullan\u0131lan baritin \u00f6zellikleri ve kullan\u0131m alanlar\u0131n\u0131 ke\u015ffedin.","robots":{"index":"index","follow":"follow","max-snippet":"max-snippet:-1","max-image-preview":"max-image-preview:large","max-video-preview":"max-video-preview:-1"},"canonical":"https:\/\/akerkimya.com\/eticaret\/urun\/barit-baryum-sulfat-bas04-ozellikleri-kullanim-alanlari\/","og_locale":"tr_TR","og_type":"article","og_title":"BAR\u0130T (BARYUM S\u00dcLFAT)","og_description":"Barit (baryum s\u00fclfat \u2013 BaSO4), y\u00fcksek yo\u011funluklu inorganik bir mineraldir. Sondaj, boya, plastik, cam ve radyasyon yal\u0131t\u0131m\u0131 gibi bir\u00e7ok end\u00fcstride kullan\u0131lan baritin \u00f6zellikleri ve kullan\u0131m alanlar\u0131n\u0131 ke\u015ffedin.","og_url":"https:\/\/akerkimya.com\/eticaret\/urun\/barit-baryum-sulfat-bas04-ozellikleri-kullanim-alanlari\/","og_site_name":"Akerkimya","article_modified_time":"2026-05-12T00:41:31+00:00","og_image":[{"width":1000,"height":1000,"url":"https:\/\/akerkimya.com\/eticaret\/wp-content\/uploads\/2024\/12\/BARYUM-SULFAT-GUNCEL.png","type":"image\/png"}],"twitter_card":"summary_large_image","twitter_misc":{"Tahmini okuma s\u00fcresi":"2 dakika"},"schema":{"@context":"https:\/\/schema.org","@graph":[{"@type":"WebPage","@id":"https:\/\/akerkimya.com\/eticaret\/urun\/barit-baryum-sulfat-bas04-ozellikleri-kullanim-alanlari\/","url":"https:\/\/akerkimya.com\/eticaret\/urun\/barit-baryum-sulfat-bas04-ozellikleri-kullanim-alanlari\/","name":"Barit (Baryum S\u00fclfat \u2013 BaSO4) Nedir? \u00d6zellikleri ve Kullan\u0131m Alanlar\u0131","isPartOf":{"@id":"https:\/\/akerkimya.com\/eticaret\/#website"},"datePublished":"2024-12-27T12:28:34+00:00","dateModified":"2026-05-12T00:41:31+00:00","description":"Barit (baryum s\u00fclfat \u2013 BaSO4), y\u00fcksek yo\u011funluklu inorganik bir mineraldir. Sondaj, boya, plastik, cam ve radyasyon yal\u0131t\u0131m\u0131 gibi bir\u00e7ok end\u00fcstride kullan\u0131lan baritin \u00f6zellikleri ve kullan\u0131m alanlar\u0131n\u0131 ke\u015ffedin.","breadcrumb":{"@id":"https:\/\/akerkimya.com\/eticaret\/urun\/barit-baryum-sulfat-bas04-ozellikleri-kullanim-alanlari\/#breadcrumb"},"inLanguage":"tr","potentialAction":[{"@type":"ReadAction","target":["https:\/\/akerkimya.com\/eticaret\/urun\/barit-baryum-sulfat-bas04-ozellikleri-kullanim-alanlari\/"]}]},{"@type":"BreadcrumbList","@id":"https:\/\/akerkimya.com\/eticaret\/urun\/barit-baryum-sulfat-bas04-ozellikleri-kullanim-alanlari\/#breadcrumb","itemListElement":[{"@type":"ListItem","position":1,"name":"Home","item":"https:\/\/akerkimya.com\/eticaret\/"},{"@type":"ListItem","position":2,"name":"Market","item":"https:\/\/akerkimya.com\/eticaret\/market\/"},{"@type":"ListItem","position":3,"name":"BAR\u0130T (BARYUM S\u00dcLFAT)"}]},{"@type":"WebSite","@id":"https:\/\/akerkimya.com\/eticaret\/#website","url":"https:\/\/akerkimya.com\/eticaret\/","name":"Akerkimya","description":"","potentialAction":[{"@type":"SearchAction","target":{"@type":"EntryPoint","urlTemplate":"https:\/\/akerkimya.com\/eticaret\/?s={search_term_string}"},"query-input":"required name=search_term_string"}],"inLanguage":"tr"}]}},"_links":{"self":[{"href":"https:\/\/akerkimya.com\/eticaret\/wp-json\/wp\/v2\/product\/15782","targetHints":{"allow":["GET"]}}],"collection":[{"href":"https:\/\/akerkimya.com\/eticaret\/wp-json\/wp\/v2\/product"}],"about":[{"href":"https:\/\/akerkimya.com\/eticaret\/wp-json\/wp\/v2\/types\/product"}],"replies":[{"embeddable":true,"href":"https:\/\/akerkimya.com\/eticaret\/wp-json\/wp\/v2\/comments?post=15782"}],"version-history":[{"count":2,"href":"https:\/\/akerkimya.com\/eticaret\/wp-json\/wp\/v2\/product\/15782\/revisions"}],"predecessor-version":[{"id":16779,"href":"https:\/\/akerkimya.com\/eticaret\/wp-json\/wp\/v2\/product\/15782\/revisions\/16779"}],"wp:featuredmedia":[{"embeddable":true,"href":"https:\/\/akerkimya.com\/eticaret\/wp-json\/wp\/v2\/media\/15783"}],"wp:attachment":[{"href":"https:\/\/akerkimya.com\/eticaret\/wp-json\/wp\/v2\/media?parent=15782"}],"wp:term":[{"taxonomy":"product_cat","embeddable":true,"href":"https:\/\/akerkimya.com\/eticaret\/wp-json\/wp\/v2\/product_cat?post=15782"},{"taxonomy":"product_tag","embeddable":true,"href":"https:\/\/akerkimya.com\/eticaret\/wp-json\/wp\/v2\/product_tag?post=15782"}],"curies":[{"name":"wp","href":"https:\/\/api.w.org\/{rel}","templated":true}]}}