{"id":15789,"date":"2024-12-27T15:31:58","date_gmt":"2024-12-27T12:31:58","guid":{"rendered":"https:\/\/akerkimya.com\/eticaret\/?post_type=product&#038;p=15789"},"modified":"2026-05-12T03:47:58","modified_gmt":"2026-05-12T00:47:58","slug":"benzoik-asit-c7h6o2-ozellikleri-kullanim-alanlari","status":"publish","type":"product","link":"https:\/\/akerkimya.com\/eticaret\/urun\/benzoik-asit-c7h6o2-ozellikleri-kullanim-alanlari\/","title":{"rendered":"BENZO\u0130K AS\u0130T"},"content":{"rendered":"<h1>BENZO\u0130K AS\u0130T<\/h1>\n<p><strong>Benzoik asit,bir\u00e7ok \u00f6nemli organik bile\u015fi\u011fin sentezinin \u00f6nc\u00fcs\u00fc durumunda olan zay\u0131f bir asittir.Etanol i\u00e7erisinde benzen ve asetonda k\u0131smen \u00e7\u00f6z\u00fcn\u00fcr.G\u0131da \u00fcretiminde en g\u00fcvenli katk\u0131 maddelerinden biridir.<\/strong><\/p>\n<p><strong>\u00a0<\/strong><\/p>\n<p><strong>BENZO\u0130K AS\u0130T \u00d6ZELL\u0130KLER\u0130<\/strong><\/p>\n<p><strong>Benzoik asitin tuzlar\u0131na Benzoat ad\u0131 verilir.<\/strong><\/p>\n<p><strong>Benzoik asit, beyaz payet ve kristalimsi bir kat\u0131d\u0131r ve suda az \u00e7\u00f6z\u00fcn\u00fcr.<\/strong><\/p>\n<p><strong>Ayn\u0131 zamanda bir kau\u00e7uk polimerizasyon aktivat\u00f6r\u00fc bir maddedir.<\/strong><\/p>\n<p><strong>Organik maddelerin sentezi i\u00e7in \u00f6nemli bir \u00f6n maddedir.<\/strong><\/p>\n<p><strong>Kat\u0131 bir formda olan en basit aromatik karboksilik asittir.<\/strong><\/p>\n<p><strong>Bir\u00e7ok bitki i\u00e7erisinde do\u011fal olarak bulunur.<\/strong><\/p>\n<p><strong>Bir\u00e7ok metabolitin sentezindede ara \u00fcr\u00fcn olarak yer al\u0131r.<\/strong><\/p>\n<p><strong>Benzoik asit,g\u0131da sekt\u00f6r\u00fc ba\u015fta olmak \u00fczere kozmetik, otomotiv ve tekstil alan\u0131nda yayg\u0131n olarak kullan\u0131lmaktad\u0131r.<\/strong><\/p>\n<p><strong>Benzoik asit, kimyasallar\u0131 koruyucu etkisi nedeniyle bitki ve b\u00f6cek ila\u00e7lamada da kullan\u0131l\u0131r.<\/strong><\/p>\n<p><strong>BENZO\u0130K AS\u0130T TEKN\u0130K B\u0130LG\u0130LER<\/strong><\/p>\n<p><strong>CAS NO: 65-85-0<\/strong><\/p>\n<p><strong>EC NO: 20618-2<\/strong><\/p>\n<p><strong>FORM\u00dcL:C7H6O2<\/strong><\/p>\n<p><strong>G\u00d6R\u00dcN\u00dcM: Renksiz kristal veya toz yap\u0131da<\/strong><\/p>\n<p><strong>SAFLIK: 99,05<\/strong><\/p>\n<p><strong>YO\u011eUNLUK: 1,2659 kg\/lt<\/strong><\/p>\n<p><strong>PARLAMA NOKTASI: 121,5 C<\/strong><\/p>\n<p><strong>KAYNAMA NOKTASI: 249,2C<\/strong><\/p>\n<p><strong>\u00a0<\/strong><\/p>\n<p><strong>BENZO\u0130K AS\u0130T KULLANIM ALANLARI<\/strong><\/p>\n<p><strong>Sondaj \u00e7amuru katk\u0131 maddesi \u00fcretiminde kullan\u0131l\u0131r.<\/strong><\/p>\n<p><strong>Meyve suyu, gazl\u0131 i\u00e7ecek, re\u00e7el, tur\u015fu ve ket\u00e7ap gibi g\u0131dalarda mikrobik bozulmalar\u0131 \u00f6nlemek i\u00e7in kullan\u0131l\u0131r.<\/strong><\/p>\n<p><strong>Asitli ve zay\u0131f asitli g\u0131dalarda koruyucu katk\u0131 maddesi olarak kullan\u0131l\u0131r.<\/strong><\/p>\n<p><strong>Kozmetik sekt\u00f6r\u00fcnde \u015fampuan, t\u0131ra\u015f k\u00f6p\u00fc\u011f\u00fc ve sa\u00e7 boyalar\u0131nda kullan\u0131lmaktad\u0131r.<\/strong><\/p>\n<p><strong>B\u00f6cek ve t\u00fct\u00fcn ila\u00e7lamada kullan\u0131l\u0131r.<\/strong><\/p>\n<p><strong>Derideki mantar hastal\u0131klar\u0131n\u0131n tedavisi i\u00e7in merhem yap\u0131m\u0131nda kullan\u0131l\u0131r.<\/strong><\/p>\n<p><strong>Otomobillerin antifirizlerinin so\u011futucu k\u0131sm\u0131ndaki kimyasallar\u0131n i\u00e7eri\u011fine kat\u0131l\u0131r.<\/strong><\/p>\n<p><strong>Yap\u0131\u015ft\u0131r\u0131c\u0131 sekt\u00f6r\u00fcnde formulasyonlarda plastikle\u015ftiricilerin uygulamas\u0131nda glikol benzoitlerin \u00fcretiminde kullan\u0131l\u0131r.<\/strong><\/p>\n<p><strong>\u00a0<\/strong><\/p>\n<p><strong>AMBALAJ<\/strong><\/p>\n<p><strong>1-5-25 kg torbalar halinde <\/strong><\/p>\n<p><strong>\u00a0<\/strong><\/p>\n<p><strong>DEPOLAMA <\/strong><\/p>\n<p><strong>Serin ve kuru bir alanda, torba i\u00e7i hava almayacak \u015fekilde muhafaza ediniz. <\/strong><\/p>\n<p><strong>\u00a0<\/strong><\/p>\n","protected":false},"excerpt":{"rendered":"<p>BENZO\u0130K AS\u0130T Benzoik asit,bir\u00e7ok \u00f6nemli organik bile\u015fi\u011fin sentezinin \u00f6nc\u00fcs\u00fc durumunda olan zay\u0131f bir asittir.Etanol i\u00e7erisinde benzen ve asetonda k\u0131smen \u00e7\u00f6z\u00fcn\u00fcr.G\u0131da<\/p>\n","protected":false},"featured_media":15790,"comment_status":"open","ping_status":"closed","template":"","meta":{"_joinchat":[]},"product_cat":[70,74,76],"product_tag":[1221,1215,1214,1219,1216,1150,1218,1222,995,1217,1220,1168,1001],"class_list":{"0":"post-15789","1":"product","2":"type-product","3":"status-publish","4":"has-post-thumbnail","6":"product_cat-boya-ve-yapi-kimyasallar","7":"product_cat-deterjan-ve-kozmetik-kimyasallari","8":"product_cat-gida-ve-katki-kimyasallari","9":"product_tag-antifriz-katkisi","10":"product_tag-benzoat","11":"product_tag-benzoik-asit","12":"product_tag-bocek-ilaclama-kimyasali","13":"product_tag-c7h6o2","14":"product_tag-endustriyel-kimyasallar","15":"product_tag-gida-koruyucu","16":"product_tag-kimyasal-koruyucu","17":"product_tag-kozmetik-hammaddesi","18":"product_tag-organik-karboksilik-asit","19":"product_tag-sondaj-katki-maddesi","20":"product_tag-tekstil-kimyasallari","21":"product_tag-yapistirici-hammaddesi","23":"first","24":"instock","25":"shipping-taxable","26":"purchasable","27":"product-type-variable"},"yoast_head":"<!-- This site is optimized with the Yoast SEO Premium plugin v20.2.1 (Yoast SEO v20.2.1) - https:\/\/yoast.com\/wordpress\/plugins\/seo\/ -->\n<title>NedirBenzoik Asit Nedir? \u00d6zellikleri, Kullan\u0131m Alanlar\u0131 ve Teknik Bilgiler<\/title>\n<meta name=\"description\" content=\"Benzoik asit (C7H6O2), g\u0131da, kozmetik, tekstil ve end\u00fcstriyel alanlarda kullan\u0131lan zay\u0131f organik bir asittir. Koruyucu etkisiyle bilinen benzoik asidin \u00f6zellikleri ve kullan\u0131m alanlar\u0131n\u0131 ke\u015ffedin.\" \/>\n<meta name=\"robots\" content=\"index, follow, max-snippet:-1, max-image-preview:large, max-video-preview:-1\" \/>\n<link rel=\"canonical\" href=\"https:\/\/akerkimya.com\/eticaret\/urun\/benzoik-asit-c7h6o2-ozellikleri-kullanim-alanlari\/\" \/>\n<meta property=\"og:locale\" content=\"tr_TR\" \/>\n<meta property=\"og:type\" content=\"article\" \/>\n<meta property=\"og:title\" content=\"BENZO\u0130K AS\u0130T\" \/>\n<meta property=\"og:description\" content=\"Benzoik asit (C7H6O2), g\u0131da, kozmetik, tekstil ve end\u00fcstriyel alanlarda kullan\u0131lan zay\u0131f organik bir asittir. Koruyucu etkisiyle bilinen benzoik asidin \u00f6zellikleri ve kullan\u0131m alanlar\u0131n\u0131 ke\u015ffedin.\" \/>\n<meta property=\"og:url\" content=\"https:\/\/akerkimya.com\/eticaret\/urun\/benzoik-asit-c7h6o2-ozellikleri-kullanim-alanlari\/\" \/>\n<meta property=\"og:site_name\" content=\"Akerkimya\" \/>\n<meta property=\"article:modified_time\" content=\"2026-05-12T00:47:58+00:00\" \/>\n<meta property=\"og:image\" content=\"https:\/\/akerkimya.com\/eticaret\/wp-content\/uploads\/2024\/12\/BENZOIK-ASIT-GUNCEL.png\" \/>\n\t<meta property=\"og:image:width\" content=\"1000\" \/>\n\t<meta property=\"og:image:height\" content=\"1000\" \/>\n\t<meta property=\"og:image:type\" content=\"image\/png\" \/>\n<meta name=\"twitter:card\" content=\"summary_large_image\" \/>\n<meta name=\"twitter:label1\" content=\"Tahmini okuma s\u00fcresi\" \/>\n\t<meta name=\"twitter:data1\" content=\"2 dakika\" \/>\n<script type=\"application\/ld+json\" class=\"yoast-schema-graph\">{\"@context\":\"https:\/\/schema.org\",\"@graph\":[{\"@type\":\"WebPage\",\"@id\":\"https:\/\/akerkimya.com\/eticaret\/urun\/benzoik-asit-c7h6o2-ozellikleri-kullanim-alanlari\/\",\"url\":\"https:\/\/akerkimya.com\/eticaret\/urun\/benzoik-asit-c7h6o2-ozellikleri-kullanim-alanlari\/\",\"name\":\"NedirBenzoik Asit Nedir? \u00d6zellikleri, Kullan\u0131m Alanlar\u0131 ve Teknik Bilgiler\",\"isPartOf\":{\"@id\":\"https:\/\/akerkimya.com\/eticaret\/#website\"},\"datePublished\":\"2024-12-27T12:31:58+00:00\",\"dateModified\":\"2026-05-12T00:47:58+00:00\",\"description\":\"Benzoik asit (C7H6O2), g\u0131da, kozmetik, tekstil ve end\u00fcstriyel alanlarda kullan\u0131lan zay\u0131f organik bir asittir. Koruyucu etkisiyle bilinen benzoik asidin \u00f6zellikleri ve kullan\u0131m alanlar\u0131n\u0131 ke\u015ffedin.\",\"breadcrumb\":{\"@id\":\"https:\/\/akerkimya.com\/eticaret\/urun\/benzoik-asit-c7h6o2-ozellikleri-kullanim-alanlari\/#breadcrumb\"},\"inLanguage\":\"tr\",\"potentialAction\":[{\"@type\":\"ReadAction\",\"target\":[\"https:\/\/akerkimya.com\/eticaret\/urun\/benzoik-asit-c7h6o2-ozellikleri-kullanim-alanlari\/\"]}]},{\"@type\":\"BreadcrumbList\",\"@id\":\"https:\/\/akerkimya.com\/eticaret\/urun\/benzoik-asit-c7h6o2-ozellikleri-kullanim-alanlari\/#breadcrumb\",\"itemListElement\":[{\"@type\":\"ListItem\",\"position\":1,\"name\":\"Home\",\"item\":\"https:\/\/akerkimya.com\/eticaret\/\"},{\"@type\":\"ListItem\",\"position\":2,\"name\":\"Market\",\"item\":\"https:\/\/akerkimya.com\/eticaret\/market\/\"},{\"@type\":\"ListItem\",\"position\":3,\"name\":\"BENZO\u0130K AS\u0130T\"}]},{\"@type\":\"WebSite\",\"@id\":\"https:\/\/akerkimya.com\/eticaret\/#website\",\"url\":\"https:\/\/akerkimya.com\/eticaret\/\",\"name\":\"Akerkimya\",\"description\":\"\",\"potentialAction\":[{\"@type\":\"SearchAction\",\"target\":{\"@type\":\"EntryPoint\",\"urlTemplate\":\"https:\/\/akerkimya.com\/eticaret\/?s={search_term_string}\"},\"query-input\":\"required name=search_term_string\"}],\"inLanguage\":\"tr\"}]}<\/script>\n<!-- \/ Yoast SEO Premium plugin. -->","yoast_head_json":{"title":"NedirBenzoik Asit Nedir? \u00d6zellikleri, Kullan\u0131m Alanlar\u0131 ve Teknik Bilgiler","description":"Benzoik asit (C7H6O2), g\u0131da, kozmetik, tekstil ve end\u00fcstriyel alanlarda kullan\u0131lan zay\u0131f organik bir asittir. Koruyucu etkisiyle bilinen benzoik asidin \u00f6zellikleri ve kullan\u0131m alanlar\u0131n\u0131 ke\u015ffedin.","robots":{"index":"index","follow":"follow","max-snippet":"max-snippet:-1","max-image-preview":"max-image-preview:large","max-video-preview":"max-video-preview:-1"},"canonical":"https:\/\/akerkimya.com\/eticaret\/urun\/benzoik-asit-c7h6o2-ozellikleri-kullanim-alanlari\/","og_locale":"tr_TR","og_type":"article","og_title":"BENZO\u0130K AS\u0130T","og_description":"Benzoik asit (C7H6O2), g\u0131da, kozmetik, tekstil ve end\u00fcstriyel alanlarda kullan\u0131lan zay\u0131f organik bir asittir. Koruyucu etkisiyle bilinen benzoik asidin \u00f6zellikleri ve kullan\u0131m alanlar\u0131n\u0131 ke\u015ffedin.","og_url":"https:\/\/akerkimya.com\/eticaret\/urun\/benzoik-asit-c7h6o2-ozellikleri-kullanim-alanlari\/","og_site_name":"Akerkimya","article_modified_time":"2026-05-12T00:47:58+00:00","og_image":[{"width":1000,"height":1000,"url":"https:\/\/akerkimya.com\/eticaret\/wp-content\/uploads\/2024\/12\/BENZOIK-ASIT-GUNCEL.png","type":"image\/png"}],"twitter_card":"summary_large_image","twitter_misc":{"Tahmini okuma s\u00fcresi":"2 dakika"},"schema":{"@context":"https:\/\/schema.org","@graph":[{"@type":"WebPage","@id":"https:\/\/akerkimya.com\/eticaret\/urun\/benzoik-asit-c7h6o2-ozellikleri-kullanim-alanlari\/","url":"https:\/\/akerkimya.com\/eticaret\/urun\/benzoik-asit-c7h6o2-ozellikleri-kullanim-alanlari\/","name":"NedirBenzoik Asit Nedir? \u00d6zellikleri, Kullan\u0131m Alanlar\u0131 ve Teknik Bilgiler","isPartOf":{"@id":"https:\/\/akerkimya.com\/eticaret\/#website"},"datePublished":"2024-12-27T12:31:58+00:00","dateModified":"2026-05-12T00:47:58+00:00","description":"Benzoik asit (C7H6O2), g\u0131da, kozmetik, tekstil ve end\u00fcstriyel alanlarda kullan\u0131lan zay\u0131f organik bir asittir. Koruyucu etkisiyle bilinen benzoik asidin \u00f6zellikleri ve kullan\u0131m alanlar\u0131n\u0131 ke\u015ffedin.","breadcrumb":{"@id":"https:\/\/akerkimya.com\/eticaret\/urun\/benzoik-asit-c7h6o2-ozellikleri-kullanim-alanlari\/#breadcrumb"},"inLanguage":"tr","potentialAction":[{"@type":"ReadAction","target":["https:\/\/akerkimya.com\/eticaret\/urun\/benzoik-asit-c7h6o2-ozellikleri-kullanim-alanlari\/"]}]},{"@type":"BreadcrumbList","@id":"https:\/\/akerkimya.com\/eticaret\/urun\/benzoik-asit-c7h6o2-ozellikleri-kullanim-alanlari\/#breadcrumb","itemListElement":[{"@type":"ListItem","position":1,"name":"Home","item":"https:\/\/akerkimya.com\/eticaret\/"},{"@type":"ListItem","position":2,"name":"Market","item":"https:\/\/akerkimya.com\/eticaret\/market\/"},{"@type":"ListItem","position":3,"name":"BENZO\u0130K AS\u0130T"}]},{"@type":"WebSite","@id":"https:\/\/akerkimya.com\/eticaret\/#website","url":"https:\/\/akerkimya.com\/eticaret\/","name":"Akerkimya","description":"","potentialAction":[{"@type":"SearchAction","target":{"@type":"EntryPoint","urlTemplate":"https:\/\/akerkimya.com\/eticaret\/?s={search_term_string}"},"query-input":"required name=search_term_string"}],"inLanguage":"tr"}]}},"_links":{"self":[{"href":"https:\/\/akerkimya.com\/eticaret\/wp-json\/wp\/v2\/product\/15789","targetHints":{"allow":["GET"]}}],"collection":[{"href":"https:\/\/akerkimya.com\/eticaret\/wp-json\/wp\/v2\/product"}],"about":[{"href":"https:\/\/akerkimya.com\/eticaret\/wp-json\/wp\/v2\/types\/product"}],"replies":[{"embeddable":true,"href":"https:\/\/akerkimya.com\/eticaret\/wp-json\/wp\/v2\/comments?post=15789"}],"version-history":[{"count":2,"href":"https:\/\/akerkimya.com\/eticaret\/wp-json\/wp\/v2\/product\/15789\/revisions"}],"predecessor-version":[{"id":16778,"href":"https:\/\/akerkimya.com\/eticaret\/wp-json\/wp\/v2\/product\/15789\/revisions\/16778"}],"wp:featuredmedia":[{"embeddable":true,"href":"https:\/\/akerkimya.com\/eticaret\/wp-json\/wp\/v2\/media\/15790"}],"wp:attachment":[{"href":"https:\/\/akerkimya.com\/eticaret\/wp-json\/wp\/v2\/media?parent=15789"}],"wp:term":[{"taxonomy":"product_cat","embeddable":true,"href":"https:\/\/akerkimya.com\/eticaret\/wp-json\/wp\/v2\/product_cat?post=15789"},{"taxonomy":"product_tag","embeddable":true,"href":"https:\/\/akerkimya.com\/eticaret\/wp-json\/wp\/v2\/product_tag?post=15789"}],"curies":[{"name":"wp","href":"https:\/\/api.w.org\/{rel}","templated":true}]}}