{"id":15798,"date":"2024-12-27T15:38:15","date_gmt":"2024-12-27T12:38:15","guid":{"rendered":"https:\/\/akerkimya.com\/eticaret\/?post_type=product&#038;p=15798"},"modified":"2026-03-30T02:23:33","modified_gmt":"2026-03-29T23:23:33","slug":"beyaz-cimento","status":"publish","type":"product","link":"https:\/\/akerkimya.com\/eticaret\/urun\/beyaz-cimento\/","title":{"rendered":"BEYAZ \u00c7\u0130MENTO"},"content":{"rendered":"<h1>BEYAZ \u00c7\u0130MENTO<\/h1>\n<p><strong>Beyaz \u00e7imento, \u00f6zel nitelikli kil ile kire\u00e7 ta\u015f\u0131n\u0131n kar\u0131\u015ft\u0131r\u0131lmas\u0131 ile elde edilen beyaz klinkerin al\u00e7\u0131 ile \u00f6\u011f\u00fct\u00fclmesi sonucunda elde edilen dekoratif ama\u00e7l\u0131 \u00fcretilen bir hidrolik ba\u011flay\u0131c\u0131d\u0131r. T\u00fcm d\u00fcnyada iddial\u0131 mimari yap\u0131larda, fayans, seramik gibi elemanlar\u0131n birle\u015ftirilmesinde kullan\u0131lan bir \u00e7imento tipidir.<\/strong><\/p>\n<p><strong>BEYAZ \u00c7\u0130MENTO \u00d6ZELL\u0130KLER\u0130<\/strong><strong><br \/>\n<\/strong><strong>En y\u00fcksek mukavemete ve beyazl\u0131\u011fa sahip \u00fcr\u00fcnlerdendir.<\/strong><strong><br \/>\n<\/strong><strong>Hem genel kullan\u0131ma y\u00f6nelik hem de estetik ama\u00e7l\u0131 yap\u0131lar i\u00e7in ideal bir \u00e7imentodur.<\/strong><strong><br \/>\n<\/strong><strong>Dayan\u0131m kazan\u0131m\u0131 y\u00fcksektir.<\/strong><strong><br \/>\n<\/strong><strong>Estetik ve dekoratif \u00f6zelliklere sahiptir.<\/strong><strong><br \/>\n<\/strong><strong>Y\u00fczey d\u00fczg\u00fcnl\u00fc\u011f\u00fc ve g\u00f6r\u00fcn\u00fc\u015f g\u00fczelli\u011fine sahiptir.<\/strong><strong><br \/>\n<\/strong><strong>\u0130nce olmas\u0131 sebebiyle yap\u0131 kimyasallar\u0131 \u00fcretiminde tercih edilir.<\/strong><strong><br \/>\n<\/strong><strong>\u00a0<\/strong><\/p>\n<p><strong>BEYAZ \u00c7\u0130MENTO KULLANIM ALANLARI<\/strong><strong><br \/>\n<\/strong><strong>\u00c7imento esasl\u0131 yap\u0131 malzemelerinin \u00fcretiminde ana ba\u011flay\u0131c\u0131 bile\u015fen olarak kullan\u0131l\u0131r.<\/strong><strong><br \/>\n<\/strong><strong>Betonarme in\u015faat betonu olarak kongre, yeralt\u0131 treni, tren istasyonlar\u0131, stadyum ve spor alanlar\u0131nda, siteler ve konut in\u015faatlarda kullan\u0131l\u0131r.<\/strong><strong><br \/>\n<\/strong><strong>Prefabrik beton, bina s\u00fcsleme elemanlar\u0131 ve dekoratif kaplama ta\u015flar\u0131 \u00fcretiminde ba\u015far\u0131yla kullan\u0131lmaktad\u0131r.<\/strong><strong><br \/>\n<\/strong><strong>Kald\u0131r\u0131m ve bord\u00fcr ta\u015flar\u0131, basamak ve balkonlar, pencere s\u00f6veleri ve kent mobilyalar\u0131 gibi uygulama alanlar\u0131nda s\u0131kl\u0131kla kullan\u0131lmaktad\u0131r.<\/strong><strong><br \/>\n<\/strong><strong>Beton heykeller, an\u0131tlar ve modern sanat uygulamalar\u0131 ile arkeolojik ve sanatsal yap\u0131lar\u0131n restorasyonunda kullan\u0131lmaktad\u0131r.<\/strong><strong><br \/>\n<\/strong><strong>\u00a0<\/strong><\/p>\n<p><strong>BEYAZ \u00c7\u0130MENTO AVANTAJLARI<\/strong><strong><br \/>\n<\/strong><strong>Hidrolik olarak \u00e7ok reaktif bir ba\u011flay\u0131c\u0131d\u0131r.<\/strong><strong><br \/>\n<\/strong><strong>So\u011fuk havada beton d\u00f6k\u00fcm\u00fcne olanak tan\u0131r.<\/strong><strong><br \/>\n<\/strong><strong>Erken ya\u015f dayan\u0131m\u0131 en y\u00fcksek \u00e7imentodur.<\/strong><strong><br \/>\n<\/strong><strong>Stabil \u00fcr\u00fcn imalat\u0131na olanak verir.<\/strong><strong><br \/>\n<\/strong><strong>Priz h\u0131zland\u0131r\u0131c\u0131 katk\u0131 ilavesine gerek b\u0131rakmaz.<\/strong><\/p>\n<p><strong>AMBALAJ<\/strong><\/p>\n<p><strong>1-5-25 kg torbalar halindedir.<\/strong><\/p>\n<p><strong>DEPOLAMA <\/strong><\/p>\n<p><strong>Serin ve kuru bir alanda muhafaza edilmelidir.<\/strong><\/p>\n<p><strong>\u00a0<\/strong><\/p>\n","protected":false},"excerpt":{"rendered":"<p>BEYAZ \u00c7\u0130MENTO Beyaz \u00e7imento, \u00f6zel nitelikli kil ile kire\u00e7 ta\u015f\u0131n\u0131n kar\u0131\u015ft\u0131r\u0131lmas\u0131 ile elde edilen beyaz klinkerin al\u00e7\u0131 ile \u00f6\u011f\u00fct\u00fclmesi sonucunda<\/p>\n","protected":false},"featured_media":15800,"comment_status":"open","ping_status":"closed","template":"","meta":{"_joinchat":[]},"product_cat":[70],"product_tag":[],"class_list":{"0":"post-15798","1":"product","2":"type-product","3":"status-publish","4":"has-post-thumbnail","6":"product_cat-boya-ve-yapi-kimyasallar","8":"first","9":"instock","10":"shipping-taxable","11":"purchasable","12":"product-type-variable"},"yoast_head":"<!-- This site is optimized with the Yoast SEO Premium plugin v20.2.1 (Yoast SEO v20.2.1) - https:\/\/yoast.com\/wordpress\/plugins\/seo\/ -->\n<title>BEYAZ \u00c7\u0130MENTO - Akerkimya<\/title>\n<meta name=\"robots\" content=\"index, follow, max-snippet:-1, max-image-preview:large, max-video-preview:-1\" \/>\n<link rel=\"canonical\" href=\"https:\/\/akerkimya.com\/eticaret\/urun\/beyaz-cimento\/\" \/>\n<meta property=\"og:locale\" content=\"tr_TR\" \/>\n<meta property=\"og:type\" content=\"article\" \/>\n<meta property=\"og:title\" content=\"BEYAZ \u00c7\u0130MENTO\" \/>\n<meta property=\"og:description\" content=\"BEYAZ \u00c7\u0130MENTO Beyaz \u00e7imento, \u00f6zel nitelikli kil ile kire\u00e7 ta\u015f\u0131n\u0131n kar\u0131\u015ft\u0131r\u0131lmas\u0131 ile elde edilen beyaz klinkerin al\u00e7\u0131 ile \u00f6\u011f\u00fct\u00fclmesi sonucunda\" \/>\n<meta property=\"og:url\" content=\"https:\/\/akerkimya.com\/eticaret\/urun\/beyaz-cimento\/\" \/>\n<meta property=\"og:site_name\" content=\"Akerkimya\" \/>\n<meta property=\"article:modified_time\" content=\"2026-03-29T23:23:33+00:00\" \/>\n<meta property=\"og:image\" content=\"https:\/\/akerkimya.com\/eticaret\/wp-content\/uploads\/2024\/12\/BEYAZ-CIMENTO-GUNCEL-.png\" \/>\n\t<meta property=\"og:image:width\" content=\"1000\" \/>\n\t<meta property=\"og:image:height\" content=\"1000\" \/>\n\t<meta property=\"og:image:type\" content=\"image\/png\" \/>\n<meta name=\"twitter:card\" content=\"summary_large_image\" \/>\n<meta name=\"twitter:label1\" content=\"Tahmini okuma s\u00fcresi\" \/>\n\t<meta name=\"twitter:data1\" content=\"1 dakika\" \/>\n<script type=\"application\/ld+json\" class=\"yoast-schema-graph\">{\"@context\":\"https:\/\/schema.org\",\"@graph\":[{\"@type\":\"WebPage\",\"@id\":\"https:\/\/akerkimya.com\/eticaret\/urun\/beyaz-cimento\/\",\"url\":\"https:\/\/akerkimya.com\/eticaret\/urun\/beyaz-cimento\/\",\"name\":\"BEYAZ \u00c7\u0130MENTO - Akerkimya\",\"isPartOf\":{\"@id\":\"https:\/\/akerkimya.com\/eticaret\/#website\"},\"datePublished\":\"2024-12-27T12:38:15+00:00\",\"dateModified\":\"2026-03-29T23:23:33+00:00\",\"breadcrumb\":{\"@id\":\"https:\/\/akerkimya.com\/eticaret\/urun\/beyaz-cimento\/#breadcrumb\"},\"inLanguage\":\"tr\",\"potentialAction\":[{\"@type\":\"ReadAction\",\"target\":[\"https:\/\/akerkimya.com\/eticaret\/urun\/beyaz-cimento\/\"]}]},{\"@type\":\"BreadcrumbList\",\"@id\":\"https:\/\/akerkimya.com\/eticaret\/urun\/beyaz-cimento\/#breadcrumb\",\"itemListElement\":[{\"@type\":\"ListItem\",\"position\":1,\"name\":\"Home\",\"item\":\"https:\/\/akerkimya.com\/eticaret\/\"},{\"@type\":\"ListItem\",\"position\":2,\"name\":\"Market\",\"item\":\"https:\/\/akerkimya.com\/eticaret\/market\/\"},{\"@type\":\"ListItem\",\"position\":3,\"name\":\"BEYAZ \u00c7\u0130MENTO\"}]},{\"@type\":\"WebSite\",\"@id\":\"https:\/\/akerkimya.com\/eticaret\/#website\",\"url\":\"https:\/\/akerkimya.com\/eticaret\/\",\"name\":\"Akerkimya\",\"description\":\"\",\"potentialAction\":[{\"@type\":\"SearchAction\",\"target\":{\"@type\":\"EntryPoint\",\"urlTemplate\":\"https:\/\/akerkimya.com\/eticaret\/?s={search_term_string}\"},\"query-input\":\"required name=search_term_string\"}],\"inLanguage\":\"tr\"}]}<\/script>\n<!-- \/ Yoast SEO Premium plugin. -->","yoast_head_json":{"title":"BEYAZ \u00c7\u0130MENTO - Akerkimya","robots":{"index":"index","follow":"follow","max-snippet":"max-snippet:-1","max-image-preview":"max-image-preview:large","max-video-preview":"max-video-preview:-1"},"canonical":"https:\/\/akerkimya.com\/eticaret\/urun\/beyaz-cimento\/","og_locale":"tr_TR","og_type":"article","og_title":"BEYAZ \u00c7\u0130MENTO","og_description":"BEYAZ \u00c7\u0130MENTO Beyaz \u00e7imento, \u00f6zel nitelikli kil ile kire\u00e7 ta\u015f\u0131n\u0131n kar\u0131\u015ft\u0131r\u0131lmas\u0131 ile elde edilen beyaz klinkerin al\u00e7\u0131 ile \u00f6\u011f\u00fct\u00fclmesi sonucunda","og_url":"https:\/\/akerkimya.com\/eticaret\/urun\/beyaz-cimento\/","og_site_name":"Akerkimya","article_modified_time":"2026-03-29T23:23:33+00:00","og_image":[{"width":1000,"height":1000,"url":"https:\/\/akerkimya.com\/eticaret\/wp-content\/uploads\/2024\/12\/BEYAZ-CIMENTO-GUNCEL-.png","type":"image\/png"}],"twitter_card":"summary_large_image","twitter_misc":{"Tahmini okuma s\u00fcresi":"1 dakika"},"schema":{"@context":"https:\/\/schema.org","@graph":[{"@type":"WebPage","@id":"https:\/\/akerkimya.com\/eticaret\/urun\/beyaz-cimento\/","url":"https:\/\/akerkimya.com\/eticaret\/urun\/beyaz-cimento\/","name":"BEYAZ \u00c7\u0130MENTO - Akerkimya","isPartOf":{"@id":"https:\/\/akerkimya.com\/eticaret\/#website"},"datePublished":"2024-12-27T12:38:15+00:00","dateModified":"2026-03-29T23:23:33+00:00","breadcrumb":{"@id":"https:\/\/akerkimya.com\/eticaret\/urun\/beyaz-cimento\/#breadcrumb"},"inLanguage":"tr","potentialAction":[{"@type":"ReadAction","target":["https:\/\/akerkimya.com\/eticaret\/urun\/beyaz-cimento\/"]}]},{"@type":"BreadcrumbList","@id":"https:\/\/akerkimya.com\/eticaret\/urun\/beyaz-cimento\/#breadcrumb","itemListElement":[{"@type":"ListItem","position":1,"name":"Home","item":"https:\/\/akerkimya.com\/eticaret\/"},{"@type":"ListItem","position":2,"name":"Market","item":"https:\/\/akerkimya.com\/eticaret\/market\/"},{"@type":"ListItem","position":3,"name":"BEYAZ \u00c7\u0130MENTO"}]},{"@type":"WebSite","@id":"https:\/\/akerkimya.com\/eticaret\/#website","url":"https:\/\/akerkimya.com\/eticaret\/","name":"Akerkimya","description":"","potentialAction":[{"@type":"SearchAction","target":{"@type":"EntryPoint","urlTemplate":"https:\/\/akerkimya.com\/eticaret\/?s={search_term_string}"},"query-input":"required name=search_term_string"}],"inLanguage":"tr"}]}},"_links":{"self":[{"href":"https:\/\/akerkimya.com\/eticaret\/wp-json\/wp\/v2\/product\/15798","targetHints":{"allow":["GET"]}}],"collection":[{"href":"https:\/\/akerkimya.com\/eticaret\/wp-json\/wp\/v2\/product"}],"about":[{"href":"https:\/\/akerkimya.com\/eticaret\/wp-json\/wp\/v2\/types\/product"}],"replies":[{"embeddable":true,"href":"https:\/\/akerkimya.com\/eticaret\/wp-json\/wp\/v2\/comments?post=15798"}],"version-history":[{"count":2,"href":"https:\/\/akerkimya.com\/eticaret\/wp-json\/wp\/v2\/product\/15798\/revisions"}],"predecessor-version":[{"id":16776,"href":"https:\/\/akerkimya.com\/eticaret\/wp-json\/wp\/v2\/product\/15798\/revisions\/16776"}],"wp:featuredmedia":[{"embeddable":true,"href":"https:\/\/akerkimya.com\/eticaret\/wp-json\/wp\/v2\/media\/15800"}],"wp:attachment":[{"href":"https:\/\/akerkimya.com\/eticaret\/wp-json\/wp\/v2\/media?parent=15798"}],"wp:term":[{"taxonomy":"product_cat","embeddable":true,"href":"https:\/\/akerkimya.com\/eticaret\/wp-json\/wp\/v2\/product_cat?post=15798"},{"taxonomy":"product_tag","embeddable":true,"href":"https:\/\/akerkimya.com\/eticaret\/wp-json\/wp\/v2\/product_tag?post=15798"}],"curies":[{"name":"wp","href":"https:\/\/api.w.org\/{rel}","templated":true}]}}