{"id":15801,"date":"2024-12-27T15:42:49","date_gmt":"2024-12-27T12:42:49","guid":{"rendered":"https:\/\/akerkimya.com\/eticaret\/?post_type=product&#038;p=15801"},"modified":"2026-05-07T16:38:56","modified_gmt":"2026-05-07T13:38:56","slug":"bakir-klorur","status":"publish","type":"product","link":"https:\/\/akerkimya.com\/eticaret\/urun\/bakir-klorur\/","title":{"rendered":"BAKIR KLOR\u00dcR"},"content":{"rendered":"<h1>BAKIR KLOR\u00dcR<\/h1>\n<p><strong>Bak\u0131r klor\u00fcr, CuCl2-2h2O kimyasal form\u00fcl\u00fcne sahip do\u011fada do\u011fal olarak nantokit olarak olu\u015fan bak\u0131r mineralidir. Elemental bak\u0131r\u0131n klor gaz\u0131 ile pi\u015firilmesi sonucu elde edilir. Yumu\u015fak asit s\u0131n\u0131f\u0131na giren Lewis asidi olarak g\u00f6sterilir.<\/strong><\/p>\n<p><strong>BAKIR KLOR\u00dcR \u00d6ZELL\u0130KLER\u0130<\/strong><\/p>\n<p><strong>Anhidrat formu, sar\u0131 ve kahverengi toz formdad\u0131r. Dihidrat formu ye\u015fil kristal formdad\u0131r.<\/strong><\/p>\n<p><strong>Suda, metil ve etil alkolde kolayca \u00e7\u00f6z\u00fcl\u00fcr. Amonyak suyunda \u00e7\u00f6z\u00fcn\u00fcr. Aseton ve etil asetatta az \u00e7\u00f6z\u00fcn\u00fcr.<\/strong><\/p>\n<p><strong>Bak\u0131r klor\u00fcr, \u00e7e\u015fitli fonksiyonel gruplar\u0131 i\u00e7in etkili bir klorlama maddesidir ve butiraldehit gibi karbonil at\u0131klar\u0131n\u0131n a-klorlama reaksiyonlar\u0131n\u0131 ger\u00e7ekle\u015ftirebilir.<\/strong><\/p>\n<p><strong>Susuz olan formu nemli havaya maruz kalmas\u0131 durumunda dihitrat forma d\u00f6n\u00fc\u015f\u00fcr.<\/strong><\/p>\n<p><strong>\u00a0<\/strong><\/p>\n<p><strong>TEKN\u0130K \u00d6ZELL\u0130KLER\u0130<\/strong><\/p>\n<p><strong>CAS NUMARASI: 10125-13-0<\/strong><\/p>\n<p><strong>MOLEK\u00dcLER FORM\u00dcL: CuCl2-2h2O<\/strong><\/p>\n<p><strong>K\u0130MYASAL \u0130SM\u0130: Bak\u0131r Klor\u00fcr, K\u00fcprik Klor\u00fcr, CuCl, Bak\u0131r Diklor\u00fcr, Dikloro Bak\u0131r<\/strong><\/p>\n<p><strong>MOLEK\u00dcL A\u011eIRLI\u011eI: 170,48 g\/mol<\/strong><\/p>\n<p><strong>YO\u011eUNLUK: 2,51 g\/cm\u00b3<\/strong><\/p>\n<p><strong>ER\u0130ME NOKTASI: 498 \u00b0C<\/strong><\/p>\n<p><strong>SAFLIK: 0,995<\/strong><\/p>\n<p><strong>PH (%5 suda \u00e7\u00f6zeltisi): 3<\/strong><\/p>\n<p><strong>\u00a0<\/strong><\/p>\n<p><strong>SPES\u0130F\u0130KASYON DE\u011eERLER\u0130<\/strong><\/p>\n<p><strong>M\u0130KTAR TAY\u0130N:%98<\/strong><\/p>\n<p><strong>BAKIR (Cu): %36,5<\/strong><\/p>\n<p><strong>BAKIR N\u0130TRAT: %0,5<\/strong><\/p>\n<p><strong>RUTUBET: %4<\/strong><\/p>\n<p><strong>N\u0130TR\u0130K AS\u0130T (HNO3): %0,1<\/strong><\/p>\n<p><strong>S\u00dcLFATLAR: %0,01<\/strong><\/p>\n<p><strong>DEM\u0130R (Fe): %0,01<\/strong><\/p>\n<p><strong>\u00c7\u0130NKO (Zn): %0,01<\/strong><\/p>\n<p><strong>KALS\u0130YUM (Ca): %0,01<\/strong><\/p>\n<p><strong>POTASYUM (K): %0,01<\/strong><\/p>\n<p><strong>SODYUM (Na): %0,01<\/strong><\/p>\n<p><strong>MAGNEZYUM (Mg): %0,01<\/strong><\/p>\n<p><strong>ALUM\u0130NYUM (Al): %0,01<\/strong><\/p>\n<p><strong>ARSEN\u0130K (As): %0,01<\/strong><\/p>\n<p><strong>N\u0130KEL (Ni): % 0,008<\/strong><\/p>\n<p><strong>KUR\u015eUN (Pb): % 0,005<\/strong><\/p>\n<p><strong>\u00a0<\/strong><\/p>\n<p><strong>KULLANIM ALANLARI<\/strong><\/p>\n<p><strong>Tekstil end\u00fcstrisinde, metal iyonlar\u0131 naylon lifler gibi kuma\u015flarla karma\u015f\u0131k bir s\u0131cakl\u0131k de\u011ferine sahip oldu\u011fundan boyalarda mordan olarak kullan\u0131l\u0131r.<\/strong><\/p>\n<p><strong>Petrol sekt\u00f6r\u00fcnde, koku giderici ajan, k\u00fck\u00fcrt giderici ve ar\u0131tma maddesi olarak kullan\u0131l\u0131r.<\/strong><\/p>\n<p><strong>Yem sekt\u00f6r\u00fcnde, koruyucu, tedavi edici etkilerine sahip bir fungistir. Yayg\u0131n olarak yem katk\u0131 maddesi olarak kullan\u0131l\u0131r.<\/strong><\/p>\n<p><strong>T\u0131p sekt\u00f6r\u00fcnde, diyabet kontrol etmede kullan\u0131l\u0131r.<\/strong><\/p>\n<p><strong>Gaz analizinde yayg\u0131n olarak kullan\u0131m\u0131 mevcuttur.<\/strong><\/p>\n<p><strong>Cam ve seramik sekt\u00f6r\u00fcnde renklendirici pigment olarak kullan\u0131lmaktad\u0131r.<\/strong><\/p>\n<p><strong>Piroteknikte mavi ve ye\u015fil renklendirici olarak kullan\u0131l\u0131r.<\/strong><\/p>\n<p><strong>\u00a0Galvanik kaplama banyolar\u0131nda, al\u00fcminyum \u00fczerinde bak\u0131r kaplamak i\u00e7in kullan\u0131l\u0131r.<\/strong><\/p>\n<p><strong>Kereste ve ah\u015fap sekt\u00f6r\u00fcnde koruyucu madde olarak kullan\u0131l\u0131r.<\/strong><\/p>\n<p><strong>Bir\u00e7ok organik reaksiyonda kataliz\u00f6r g\u00f6revi g\u00f6rmektedir.<\/strong><\/p>\n<p><strong>\u00a0<\/strong><\/p>\n<p><strong>AMBALAJ<\/strong><\/p>\n<p><strong>1-5-25 Kg torbalar halinde.<\/strong><\/p>\n<p><strong>\u00a0<\/strong><\/p>\n<p><strong>DEPOLAMA<\/strong><\/p>\n<p><strong>Serin, havaland\u0131r\u0131lm\u0131\u015f bir depoda, ate\u015f ve \u0131s\u0131 kaynaklar\u0131ndan uzak bir \u015fekilde muhafaza edilmelidir.<\/strong><\/p>\n","protected":false},"excerpt":{"rendered":"<p>BAKIR KLOR\u00dcR Bak\u0131r klor\u00fcr, CuCl2-2h2O kimyasal form\u00fcl\u00fcne sahip do\u011fada do\u011fal olarak nantokit olarak olu\u015fan bak\u0131r mineralidir. Elemental bak\u0131r\u0131n klor gaz\u0131<\/p>\n","protected":false},"featured_media":15805,"comment_status":"open","ping_status":"closed","template":"","meta":{"_joinchat":[]},"product_cat":[72,73,78],"product_tag":[],"class_list":{"0":"post-15801","1":"product","2":"type-product","3":"status-publish","4":"has-post-thumbnail","6":"product_cat-cam-ve-seramik-kimyasallari","7":"product_cat-deri-ve-tekstil-kimyasallari","8":"product_cat-metal-dokum-kaplama","10":"first","11":"instock","12":"shipping-taxable","13":"purchasable","14":"product-type-variable"},"yoast_head":"<!-- This site is optimized with the Yoast SEO Premium plugin v20.2.1 (Yoast SEO v20.2.1) - https:\/\/yoast.com\/wordpress\/plugins\/seo\/ -->\n<title>BAKIR KLOR\u00dcR - Akerkimya<\/title>\n<meta name=\"robots\" content=\"index, follow, max-snippet:-1, max-image-preview:large, max-video-preview:-1\" \/>\n<link rel=\"canonical\" href=\"https:\/\/akerkimya.com\/eticaret\/urun\/bakir-klorur\/\" \/>\n<meta property=\"og:locale\" content=\"tr_TR\" \/>\n<meta property=\"og:type\" content=\"article\" \/>\n<meta property=\"og:title\" content=\"BAKIR KLOR\u00dcR\" \/>\n<meta property=\"og:description\" content=\"BAKIR KLOR\u00dcR Bak\u0131r klor\u00fcr, CuCl2-2h2O kimyasal form\u00fcl\u00fcne sahip do\u011fada do\u011fal olarak nantokit olarak olu\u015fan bak\u0131r mineralidir. Elemental bak\u0131r\u0131n klor gaz\u0131\" \/>\n<meta property=\"og:url\" content=\"https:\/\/akerkimya.com\/eticaret\/urun\/bakir-klorur\/\" \/>\n<meta property=\"og:site_name\" content=\"Akerkimya\" \/>\n<meta property=\"article:modified_time\" content=\"2026-05-07T13:38:56+00:00\" \/>\n<meta property=\"og:image\" content=\"https:\/\/akerkimya.com\/eticaret\/wp-content\/uploads\/2024\/12\/BAKIR-KLORUR-GUNCEL-.png\" \/>\n\t<meta property=\"og:image:width\" content=\"1000\" \/>\n\t<meta property=\"og:image:height\" content=\"1000\" \/>\n\t<meta property=\"og:image:type\" content=\"image\/png\" \/>\n<meta name=\"twitter:card\" content=\"summary_large_image\" \/>\n<meta name=\"twitter:label1\" content=\"Tahmini okuma s\u00fcresi\" \/>\n\t<meta name=\"twitter:data1\" content=\"2 dakika\" \/>\n<script type=\"application\/ld+json\" class=\"yoast-schema-graph\">{\"@context\":\"https:\/\/schema.org\",\"@graph\":[{\"@type\":\"WebPage\",\"@id\":\"https:\/\/akerkimya.com\/eticaret\/urun\/bakir-klorur\/\",\"url\":\"https:\/\/akerkimya.com\/eticaret\/urun\/bakir-klorur\/\",\"name\":\"BAKIR KLOR\u00dcR - Akerkimya\",\"isPartOf\":{\"@id\":\"https:\/\/akerkimya.com\/eticaret\/#website\"},\"datePublished\":\"2024-12-27T12:42:49+00:00\",\"dateModified\":\"2026-05-07T13:38:56+00:00\",\"breadcrumb\":{\"@id\":\"https:\/\/akerkimya.com\/eticaret\/urun\/bakir-klorur\/#breadcrumb\"},\"inLanguage\":\"tr\",\"potentialAction\":[{\"@type\":\"ReadAction\",\"target\":[\"https:\/\/akerkimya.com\/eticaret\/urun\/bakir-klorur\/\"]}]},{\"@type\":\"BreadcrumbList\",\"@id\":\"https:\/\/akerkimya.com\/eticaret\/urun\/bakir-klorur\/#breadcrumb\",\"itemListElement\":[{\"@type\":\"ListItem\",\"position\":1,\"name\":\"Home\",\"item\":\"https:\/\/akerkimya.com\/eticaret\/\"},{\"@type\":\"ListItem\",\"position\":2,\"name\":\"Market\",\"item\":\"https:\/\/akerkimya.com\/eticaret\/market\/\"},{\"@type\":\"ListItem\",\"position\":3,\"name\":\"BAKIR KLOR\u00dcR\"}]},{\"@type\":\"WebSite\",\"@id\":\"https:\/\/akerkimya.com\/eticaret\/#website\",\"url\":\"https:\/\/akerkimya.com\/eticaret\/\",\"name\":\"Akerkimya\",\"description\":\"\",\"potentialAction\":[{\"@type\":\"SearchAction\",\"target\":{\"@type\":\"EntryPoint\",\"urlTemplate\":\"https:\/\/akerkimya.com\/eticaret\/?s={search_term_string}\"},\"query-input\":\"required name=search_term_string\"}],\"inLanguage\":\"tr\"}]}<\/script>\n<!-- \/ Yoast SEO Premium plugin. -->","yoast_head_json":{"title":"BAKIR KLOR\u00dcR - Akerkimya","robots":{"index":"index","follow":"follow","max-snippet":"max-snippet:-1","max-image-preview":"max-image-preview:large","max-video-preview":"max-video-preview:-1"},"canonical":"https:\/\/akerkimya.com\/eticaret\/urun\/bakir-klorur\/","og_locale":"tr_TR","og_type":"article","og_title":"BAKIR KLOR\u00dcR","og_description":"BAKIR KLOR\u00dcR Bak\u0131r klor\u00fcr, CuCl2-2h2O kimyasal form\u00fcl\u00fcne sahip do\u011fada do\u011fal olarak nantokit olarak olu\u015fan bak\u0131r mineralidir. Elemental bak\u0131r\u0131n klor gaz\u0131","og_url":"https:\/\/akerkimya.com\/eticaret\/urun\/bakir-klorur\/","og_site_name":"Akerkimya","article_modified_time":"2026-05-07T13:38:56+00:00","og_image":[{"width":1000,"height":1000,"url":"https:\/\/akerkimya.com\/eticaret\/wp-content\/uploads\/2024\/12\/BAKIR-KLORUR-GUNCEL-.png","type":"image\/png"}],"twitter_card":"summary_large_image","twitter_misc":{"Tahmini okuma s\u00fcresi":"2 dakika"},"schema":{"@context":"https:\/\/schema.org","@graph":[{"@type":"WebPage","@id":"https:\/\/akerkimya.com\/eticaret\/urun\/bakir-klorur\/","url":"https:\/\/akerkimya.com\/eticaret\/urun\/bakir-klorur\/","name":"BAKIR KLOR\u00dcR - Akerkimya","isPartOf":{"@id":"https:\/\/akerkimya.com\/eticaret\/#website"},"datePublished":"2024-12-27T12:42:49+00:00","dateModified":"2026-05-07T13:38:56+00:00","breadcrumb":{"@id":"https:\/\/akerkimya.com\/eticaret\/urun\/bakir-klorur\/#breadcrumb"},"inLanguage":"tr","potentialAction":[{"@type":"ReadAction","target":["https:\/\/akerkimya.com\/eticaret\/urun\/bakir-klorur\/"]}]},{"@type":"BreadcrumbList","@id":"https:\/\/akerkimya.com\/eticaret\/urun\/bakir-klorur\/#breadcrumb","itemListElement":[{"@type":"ListItem","position":1,"name":"Home","item":"https:\/\/akerkimya.com\/eticaret\/"},{"@type":"ListItem","position":2,"name":"Market","item":"https:\/\/akerkimya.com\/eticaret\/market\/"},{"@type":"ListItem","position":3,"name":"BAKIR KLOR\u00dcR"}]},{"@type":"WebSite","@id":"https:\/\/akerkimya.com\/eticaret\/#website","url":"https:\/\/akerkimya.com\/eticaret\/","name":"Akerkimya","description":"","potentialAction":[{"@type":"SearchAction","target":{"@type":"EntryPoint","urlTemplate":"https:\/\/akerkimya.com\/eticaret\/?s={search_term_string}"},"query-input":"required name=search_term_string"}],"inLanguage":"tr"}]}},"_links":{"self":[{"href":"https:\/\/akerkimya.com\/eticaret\/wp-json\/wp\/v2\/product\/15801","targetHints":{"allow":["GET"]}}],"collection":[{"href":"https:\/\/akerkimya.com\/eticaret\/wp-json\/wp\/v2\/product"}],"about":[{"href":"https:\/\/akerkimya.com\/eticaret\/wp-json\/wp\/v2\/types\/product"}],"replies":[{"embeddable":true,"href":"https:\/\/akerkimya.com\/eticaret\/wp-json\/wp\/v2\/comments?post=15801"}],"version-history":[{"count":3,"href":"https:\/\/akerkimya.com\/eticaret\/wp-json\/wp\/v2\/product\/15801\/revisions"}],"predecessor-version":[{"id":18849,"href":"https:\/\/akerkimya.com\/eticaret\/wp-json\/wp\/v2\/product\/15801\/revisions\/18849"}],"wp:featuredmedia":[{"embeddable":true,"href":"https:\/\/akerkimya.com\/eticaret\/wp-json\/wp\/v2\/media\/15805"}],"wp:attachment":[{"href":"https:\/\/akerkimya.com\/eticaret\/wp-json\/wp\/v2\/media?parent=15801"}],"wp:term":[{"taxonomy":"product_cat","embeddable":true,"href":"https:\/\/akerkimya.com\/eticaret\/wp-json\/wp\/v2\/product_cat?post=15801"},{"taxonomy":"product_tag","embeddable":true,"href":"https:\/\/akerkimya.com\/eticaret\/wp-json\/wp\/v2\/product_tag?post=15801"}],"curies":[{"name":"wp","href":"https:\/\/api.w.org\/{rel}","templated":true}]}}