{"id":15807,"date":"2024-12-27T15:55:13","date_gmt":"2024-12-27T12:55:13","guid":{"rendered":"https:\/\/akerkimya.com\/eticaret\/?post_type=product&#038;p=15807"},"modified":"2026-03-30T02:23:34","modified_gmt":"2026-03-29T23:23:34","slug":"butil-asetat","status":"publish","type":"product","link":"https:\/\/akerkimya.com\/eticaret\/urun\/butil-asetat\/","title":{"rendered":"BUT\u0130L ASETAT"},"content":{"rendered":"<h1>BUT\u0130L ASETAT<\/h1>\n<p><strong>Butil Asetat, C6H12O2 form\u00fcl\u00fcne sahip butil etanot olarakta adland\u0131r\u0131lan s\u0131v\u0131 formda bir esterdir. Karakteristik tat ve koku verme aromas\u0131 vard\u0131r. Bu sebepten dolay\u0131 muz ve elma gibi meyvelerde bulunur. Genel olarak butil asetatlar, s\u00fclf\u00fcr\u00fck asit kataliz\u00f6rl\u00fc\u011f\u00fcnde, butil alkol ve asetik asitin reaksiyonu olan Fischer esterfikasyonu prosesiyle \u00fcretilirler. Baz\u0131 elma t\u00fcrlerinin bir k\u0131sm\u0131 bu y\u00f6ntem ile tatland\u0131r\u0131lm\u0131\u015ft\u0131r.<\/strong><\/p>\n<p><strong>\u00a0<\/strong><\/p>\n<p><strong>BUT\u0130L ASETAT \u00d6ZELL\u0130KLER\u0130<\/strong><\/p>\n<p><strong>Meyvemsi bir kokuya sahiptir.<\/strong><\/p>\n<p><strong>Renksiz, orta derecede u\u00e7ucu, yan\u0131c\u0131 s\u0131v\u0131 formdad\u0131r.<\/strong><\/p>\n<p><strong>Kararl\u0131l\u0131k olarak g\u00fc\u00e7l\u00fc asitler, g\u00fc\u00e7l\u00fc bazlar ve oksitleyici yap\u0131daki kimyasal maddelerle uyumlu de\u011fildir. Bu kimyasal maddelerle h\u0131zl\u0131 bir \u015fekilde reaksiyona girer.<\/strong><\/p>\n<p><strong>Yan\u0131c\u0131l\u0131\u011f\u0131 y\u00fcksek bir kimyasal maddedir.<\/strong><\/p>\n<p><strong>\u00a0<\/strong><\/p>\n<p><strong>TEKN\u0130K \u00d6ZELL\u0130KLER\u0130<\/strong><\/p>\n<p><strong>CAS NUMARASI: 123-86-4<\/strong><\/p>\n<p><strong>K\u0130MYASAL FORM\u00dcL\u00dc: C6H12O2<\/strong><\/p>\n<p><strong>K\u0130MYASAL ADI: Acetic acid, N-butyl ester, Butile, Butyl ethanoate<\/strong><\/p>\n<p><strong>MOLAR K\u00dcTLE: 116.6 g\/mol-1<\/strong><\/p>\n<p><strong>YO\u011eUNLUK: 0.88 g\/cm\u00b3<\/strong><\/p>\n<p><strong>ER\u0130ME NOKTASI: -77 \u00b0C,196 K, -107 \u00b0F<\/strong><\/p>\n<p><strong>KAYNAMA NOKTASI: 127 \u00b0C, 400 K, 261 \u00b0F<\/strong><\/p>\n<p><strong>SUDA \u00c7\u00d6Z\u00dcN\u00dcRL\u00dcK: 10 g\/l (20.0 \u00b0C)<\/strong><\/p>\n<p><strong>KIRILMA \u0130NDEKS\u0130: 1.394 (20.0 \u00b0C)<\/strong><\/p>\n<p><strong>SAFLIK (%): 99,4<\/strong><\/p>\n<p><strong>PARLAMA NOKTASI: 27<\/strong><\/p>\n<p><strong>AS\u0130T\u0130K DE\u011eER(%): 0,001<\/strong><\/p>\n<p><strong>Asitik de\u011fer, %\u00a0\u00a0 0,001<\/strong><\/p>\n<p><strong>\u00a0<\/strong><\/p>\n<p><strong>KULLANIM ALANLARI<\/strong><\/p>\n<p><strong>Boya \u00fcretiminde \u00f6nemli bir solventtir. Boyan\u0131n ak\u0131\u015fkanl\u0131\u011f\u0131n\u0131 ayarlarken, daha kolay uygulanabilmesi i\u00e7in re\u00e7ineyi \u00e7\u00f6zelti haline getirmekte kullan\u0131lmaktad\u0131r.<\/strong><\/p>\n<p><strong>\u00c7\u00f6z\u00fcc\u00fc \u00f6zelli\u011fi nedeniyle lake(vernik) \u00fcretiminde kullan\u0131l\u0131r.<\/strong><\/p>\n<p><strong>G\u0131da sekt\u00f6r\u00fcnde meyvemsi bir kokuya sahip olmas\u0131 nedeni ile g\u0131dalarda lezzet verici olarak kullan\u0131l\u0131r. \u015eeker, sak\u0131z, dondurma, peynir ve f\u0131r\u0131nlanm\u0131\u015f g\u0131dalarda sentetik meyve aromas\u0131 olarak kullan\u0131l\u0131r. Meyve tozlar\u0131n\u0131n \u00fcretiminde kullan\u0131l\u0131r.<\/strong><\/p>\n<p><strong>Deri imalatlar\u0131nda, s\u00fcet ve nubuk derilerin kaplamas\u0131nda kullan\u0131lmaktad\u0131r.<\/strong><\/p>\n<p><strong>Kimya end\u00fcstrisinde kullan\u0131l\u0131r.<\/strong><\/p>\n<p><strong>Parf\u00fcmlerin ve oje gibi \u00fcr\u00fcnlerin \u00fcretim i\u015flemleri s\u0131ras\u0131nda \u00e7\u00f6z\u00fcc\u00fc, esans olarak kullan\u0131lmaktad\u0131r.<\/strong><\/p>\n<p><strong>\u0130la\u00e7 sanayisinde, baz\u0131 mamul ve yar\u0131 mamullerde \u00e7\u00f6z\u00fcc\u00fc hammadde olarak ve ekstraksiyon i\u015flemi s\u0131ras\u0131nda kullan\u0131l\u0131r.<\/strong><\/p>\n<p><strong>Re\u00e7ineler, m\u00fcrekkep ve ya\u011flar i\u00e7in \u00e7ok yayg\u0131n kullan\u0131lan solventtir.<\/strong><\/p>\n<p><strong>Temizlik malzemelerinde esans olarak kullan\u0131l\u0131r.<\/strong><\/p>\n<p><strong>Pas \u00f6nleyici ve ara\u00e7 bak\u0131m temizlik \u00fcr\u00fcnlerinde kullan\u0131lmaktad\u0131r.<\/strong><\/p>\n<p><strong>Klimalar\u0131n hava bak\u0131m \u00fcr\u00fcnlerinde ve hava filtrelerinin \u00fcretimi s\u0131ras\u0131nda kullan\u0131lmaktad\u0131r.<\/strong><\/p>\n<p><strong>Plastik sekt\u00f6r\u00fcnde \u00fcr\u00fcn imalatlar\u0131nda kullan\u0131l\u0131r.<\/strong><\/p>\n<p><strong>G\u00fcvenlik cam\u0131 \u00fcretiminde kullan\u0131l\u0131r.<\/strong><\/p>\n<p><strong>Kaplama sekt\u00f6r\u00fcnde d\u00fc\u015f\u00fck u\u00e7uculuk \u00f6zelli\u011finden dolay\u0131 tercih edilir.<\/strong><\/p>\n<p><strong>Emaye end\u00fcstrisinde, vinil re\u00e7ineler ve nitrosel\u00fcloz yapmak i\u00e7in kullan\u0131lmaktad\u0131r.<\/strong><\/p>\n<p><strong>Yap\u0131\u015ft\u0131r\u0131c\u0131lar\u0131n ve sertle\u015fmi\u015f kaplamalar\u0131n \u00fcretiminde \u00e7\u00f6z\u00fcc\u00fc olarak kullan\u0131lmaktad\u0131r.<\/strong><\/p>\n<p><strong>\u00a0<\/strong><\/p>\n<p><strong>\u00a0AMBALAJ<\/strong><\/p>\n<p><strong>1-5-30 kg bidonlar ve 180 kg varil halinde.<\/strong><\/p>\n<p><strong>\u00a0<\/strong><\/p>\n<p><strong>DEPOLAMA<\/strong><\/p>\n<p><strong>A\u011fz\u0131 s\u0131k\u0131 kapat\u0131lm\u0131\u015f kaplarda muhafaza edilmelidir. Havaland\u0131r\u0131lm\u0131\u015f, serin ve kuru ortamda saklanmal\u0131d\u0131r. Y\u00fcksek s\u0131cakl\u0131ktan ve a\u00e7\u0131k ate\u015ften uzak tutulmas\u0131 gerekmektir.<\/strong><\/p>\n<p><strong>\u00a0<\/strong><\/p>\n","protected":false},"excerpt":{"rendered":"<p>BUT\u0130L ASETAT Butil Asetat, C6H12O2 form\u00fcl\u00fcne sahip butil etanot olarakta adland\u0131r\u0131lan s\u0131v\u0131 formda bir esterdir. Karakteristik tat ve koku verme<\/p>\n","protected":false},"featured_media":15812,"comment_status":"open","ping_status":"closed","template":"","meta":{"_joinchat":[]},"product_cat":[70,74,76],"product_tag":[],"class_list":{"0":"post-15807","1":"product","2":"type-product","3":"status-publish","4":"has-post-thumbnail","6":"product_cat-boya-ve-yapi-kimyasallar","7":"product_cat-deterjan-ve-kozmetik-kimyasallari","8":"product_cat-gida-ve-katki-kimyasallari","10":"first","11":"instock","12":"shipping-taxable","13":"purchasable","14":"product-type-variable"},"yoast_head":"<!-- This site is optimized with the Yoast SEO Premium plugin v20.2.1 (Yoast SEO v20.2.1) - https:\/\/yoast.com\/wordpress\/plugins\/seo\/ -->\n<title>BUT\u0130L ASETAT - Akerkimya<\/title>\n<meta name=\"robots\" content=\"index, follow, max-snippet:-1, max-image-preview:large, max-video-preview:-1\" \/>\n<link rel=\"canonical\" href=\"https:\/\/akerkimya.com\/eticaret\/urun\/butil-asetat\/\" \/>\n<meta property=\"og:locale\" content=\"tr_TR\" \/>\n<meta property=\"og:type\" content=\"article\" \/>\n<meta property=\"og:title\" content=\"BUT\u0130L ASETAT\" \/>\n<meta property=\"og:description\" content=\"BUT\u0130L ASETAT Butil Asetat, C6H12O2 form\u00fcl\u00fcne sahip butil etanot olarakta adland\u0131r\u0131lan s\u0131v\u0131 formda bir esterdir. Karakteristik tat ve koku verme\" \/>\n<meta property=\"og:url\" content=\"https:\/\/akerkimya.com\/eticaret\/urun\/butil-asetat\/\" \/>\n<meta property=\"og:site_name\" content=\"Akerkimya\" \/>\n<meta property=\"article:modified_time\" content=\"2026-03-29T23:23:34+00:00\" \/>\n<meta property=\"og:image\" content=\"https:\/\/akerkimya.com\/eticaret\/wp-content\/uploads\/2024\/12\/butil-asetat-guncel.png\" \/>\n\t<meta property=\"og:image:width\" content=\"1000\" \/>\n\t<meta property=\"og:image:height\" content=\"1000\" \/>\n\t<meta property=\"og:image:type\" content=\"image\/png\" \/>\n<meta name=\"twitter:card\" content=\"summary_large_image\" \/>\n<meta name=\"twitter:label1\" content=\"Tahmini okuma s\u00fcresi\" \/>\n\t<meta name=\"twitter:data1\" content=\"3 dakika\" \/>\n<script type=\"application\/ld+json\" class=\"yoast-schema-graph\">{\"@context\":\"https:\/\/schema.org\",\"@graph\":[{\"@type\":\"WebPage\",\"@id\":\"https:\/\/akerkimya.com\/eticaret\/urun\/butil-asetat\/\",\"url\":\"https:\/\/akerkimya.com\/eticaret\/urun\/butil-asetat\/\",\"name\":\"BUT\u0130L ASETAT - Akerkimya\",\"isPartOf\":{\"@id\":\"https:\/\/akerkimya.com\/eticaret\/#website\"},\"datePublished\":\"2024-12-27T12:55:13+00:00\",\"dateModified\":\"2026-03-29T23:23:34+00:00\",\"breadcrumb\":{\"@id\":\"https:\/\/akerkimya.com\/eticaret\/urun\/butil-asetat\/#breadcrumb\"},\"inLanguage\":\"tr\",\"potentialAction\":[{\"@type\":\"ReadAction\",\"target\":[\"https:\/\/akerkimya.com\/eticaret\/urun\/butil-asetat\/\"]}]},{\"@type\":\"BreadcrumbList\",\"@id\":\"https:\/\/akerkimya.com\/eticaret\/urun\/butil-asetat\/#breadcrumb\",\"itemListElement\":[{\"@type\":\"ListItem\",\"position\":1,\"name\":\"Home\",\"item\":\"https:\/\/akerkimya.com\/eticaret\/\"},{\"@type\":\"ListItem\",\"position\":2,\"name\":\"Market\",\"item\":\"https:\/\/akerkimya.com\/eticaret\/market\/\"},{\"@type\":\"ListItem\",\"position\":3,\"name\":\"BUT\u0130L ASETAT\"}]},{\"@type\":\"WebSite\",\"@id\":\"https:\/\/akerkimya.com\/eticaret\/#website\",\"url\":\"https:\/\/akerkimya.com\/eticaret\/\",\"name\":\"Akerkimya\",\"description\":\"\",\"potentialAction\":[{\"@type\":\"SearchAction\",\"target\":{\"@type\":\"EntryPoint\",\"urlTemplate\":\"https:\/\/akerkimya.com\/eticaret\/?s={search_term_string}\"},\"query-input\":\"required name=search_term_string\"}],\"inLanguage\":\"tr\"}]}<\/script>\n<!-- \/ Yoast SEO Premium plugin. -->","yoast_head_json":{"title":"BUT\u0130L ASETAT - Akerkimya","robots":{"index":"index","follow":"follow","max-snippet":"max-snippet:-1","max-image-preview":"max-image-preview:large","max-video-preview":"max-video-preview:-1"},"canonical":"https:\/\/akerkimya.com\/eticaret\/urun\/butil-asetat\/","og_locale":"tr_TR","og_type":"article","og_title":"BUT\u0130L ASETAT","og_description":"BUT\u0130L ASETAT Butil Asetat, C6H12O2 form\u00fcl\u00fcne sahip butil etanot olarakta adland\u0131r\u0131lan s\u0131v\u0131 formda bir esterdir. Karakteristik tat ve koku verme","og_url":"https:\/\/akerkimya.com\/eticaret\/urun\/butil-asetat\/","og_site_name":"Akerkimya","article_modified_time":"2026-03-29T23:23:34+00:00","og_image":[{"width":1000,"height":1000,"url":"https:\/\/akerkimya.com\/eticaret\/wp-content\/uploads\/2024\/12\/butil-asetat-guncel.png","type":"image\/png"}],"twitter_card":"summary_large_image","twitter_misc":{"Tahmini okuma s\u00fcresi":"3 dakika"},"schema":{"@context":"https:\/\/schema.org","@graph":[{"@type":"WebPage","@id":"https:\/\/akerkimya.com\/eticaret\/urun\/butil-asetat\/","url":"https:\/\/akerkimya.com\/eticaret\/urun\/butil-asetat\/","name":"BUT\u0130L ASETAT - Akerkimya","isPartOf":{"@id":"https:\/\/akerkimya.com\/eticaret\/#website"},"datePublished":"2024-12-27T12:55:13+00:00","dateModified":"2026-03-29T23:23:34+00:00","breadcrumb":{"@id":"https:\/\/akerkimya.com\/eticaret\/urun\/butil-asetat\/#breadcrumb"},"inLanguage":"tr","potentialAction":[{"@type":"ReadAction","target":["https:\/\/akerkimya.com\/eticaret\/urun\/butil-asetat\/"]}]},{"@type":"BreadcrumbList","@id":"https:\/\/akerkimya.com\/eticaret\/urun\/butil-asetat\/#breadcrumb","itemListElement":[{"@type":"ListItem","position":1,"name":"Home","item":"https:\/\/akerkimya.com\/eticaret\/"},{"@type":"ListItem","position":2,"name":"Market","item":"https:\/\/akerkimya.com\/eticaret\/market\/"},{"@type":"ListItem","position":3,"name":"BUT\u0130L ASETAT"}]},{"@type":"WebSite","@id":"https:\/\/akerkimya.com\/eticaret\/#website","url":"https:\/\/akerkimya.com\/eticaret\/","name":"Akerkimya","description":"","potentialAction":[{"@type":"SearchAction","target":{"@type":"EntryPoint","urlTemplate":"https:\/\/akerkimya.com\/eticaret\/?s={search_term_string}"},"query-input":"required name=search_term_string"}],"inLanguage":"tr"}]}},"_links":{"self":[{"href":"https:\/\/akerkimya.com\/eticaret\/wp-json\/wp\/v2\/product\/15807","targetHints":{"allow":["GET"]}}],"collection":[{"href":"https:\/\/akerkimya.com\/eticaret\/wp-json\/wp\/v2\/product"}],"about":[{"href":"https:\/\/akerkimya.com\/eticaret\/wp-json\/wp\/v2\/types\/product"}],"replies":[{"embeddable":true,"href":"https:\/\/akerkimya.com\/eticaret\/wp-json\/wp\/v2\/comments?post=15807"}],"version-history":[{"count":2,"href":"https:\/\/akerkimya.com\/eticaret\/wp-json\/wp\/v2\/product\/15807\/revisions"}],"predecessor-version":[{"id":16774,"href":"https:\/\/akerkimya.com\/eticaret\/wp-json\/wp\/v2\/product\/15807\/revisions\/16774"}],"wp:featuredmedia":[{"embeddable":true,"href":"https:\/\/akerkimya.com\/eticaret\/wp-json\/wp\/v2\/media\/15812"}],"wp:attachment":[{"href":"https:\/\/akerkimya.com\/eticaret\/wp-json\/wp\/v2\/media?parent=15807"}],"wp:term":[{"taxonomy":"product_cat","embeddable":true,"href":"https:\/\/akerkimya.com\/eticaret\/wp-json\/wp\/v2\/product_cat?post=15807"},{"taxonomy":"product_tag","embeddable":true,"href":"https:\/\/akerkimya.com\/eticaret\/wp-json\/wp\/v2\/product_tag?post=15807"}],"curies":[{"name":"wp","href":"https:\/\/api.w.org\/{rel}","templated":true}]}}