{"id":15818,"date":"2024-12-27T16:14:00","date_gmt":"2024-12-27T13:14:00","guid":{"rendered":"https:\/\/akerkimya.com\/eticaret\/?post_type=product&#038;p=15818"},"modified":"2026-03-30T02:23:35","modified_gmt":"2026-03-29T23:23:35","slug":"butil-glikol","status":"publish","type":"product","link":"https:\/\/akerkimya.com\/eticaret\/urun\/butil-glikol\/","title":{"rendered":"BUT\u0130L GL\u0130KOL"},"content":{"rendered":"<h1>BUT\u0130L GL\u0130KOL<\/h1>\n<p><strong>Butil glikol, C6H1402 form\u00fcl\u00fcne sahip etilen glikol mono olarak da bilinen organik bir bile\u015fiktir. Etilen oksit ile normal b\u00fctanol\u00fcn (n-butanol) bir kataliz\u00f6r varl\u0131\u011f\u0131nda reaksiyonu ile \u00fcretilir. Y\u00fczey aktif \u00f6zellikleri olan bir glikol eterdir. Kar\u015f\u0131l\u0131kl\u0131 \u00e7\u00f6z\u00fcc\u00fc olarak kullan\u0131l\u0131r. Hem su ile hem de \u00e7ok \u00e7e\u015fitli organik molek\u00fclerle bir\u00e7ok oranda kar\u0131\u015fabilir.<\/strong><\/p>\n<p><strong>\u00a0<\/strong><\/p>\n<p><strong>F\u0130Z\u0130KSEL \u00d6ZELL\u0130KLER\u0130<\/strong><\/p>\n<p><strong>Berrak ve renksiz s\u0131v\u0131 formdad\u0131r.<\/strong><\/p>\n<p><strong>Eter benzeri bir kokuya sahiptir.<\/strong><\/p>\n<p><strong>Etil eter, etil alkolde ve karbon tetraklor\u00fcr de az \u00e7\u00f6z\u00fcn\u00fcr.<\/strong><\/p>\n<p><strong>Yan\u0131c\u0131 bir maddedir.<\/strong><\/p>\n<p><strong>U\u00e7uculu\u011fu azd\u0131r ve kaynama noktas\u0131 y\u00fcksektir.<\/strong><\/p>\n<p><strong>\u00a0<\/strong><\/p>\n<p><strong>TEKN\u0130K \u00d6ZELL\u0130KLER\u0130<\/strong><\/p>\n<p><strong>CAS NUMARASI: 111-76-2<\/strong><\/p>\n<p><strong>K\u0130MYASAL FORM\u00dcL\u00dc: C6H1402<\/strong><\/p>\n<p><strong>K\u0130MYASAL \u0130SM\u0130: Butil Glikol, Etilen Glikol Mono Butil Eter, Eter Alkol, 2- B\u00fctoksietanol<\/strong><\/p>\n<p><strong>MOLEK\u00dcLER A\u011eIRLIK: 118.176 g\/mol<\/strong><\/p>\n<p><strong>YO\u011eUNLUK: 0,90 g\/cm<\/strong><\/p>\n<p><strong>KAYNAMA NOKTASI: 125,8 \u00b0C<\/strong><\/p>\n<p><strong>DOYMA NOKTASI: -70 \u00b0C<\/strong><\/p>\n<p><strong>ER\u0130ME NOKTASI: -77 \u00b0C<\/strong><\/p>\n<p><strong>PARLAMA NOKTASI: 67 \u00b0C<\/strong><\/p>\n<p><strong>KIRILMA \u0130NDEKS\u0130: 1.4196<\/strong><\/p>\n<p><strong>BUHAR BASINCI: 0,8 mmHg<\/strong><\/p>\n<p><strong>SAFLIK: %99<\/strong><\/p>\n<p><strong>\u00c7\u00d6Z\u00dcN\u00dcRL\u00dcK: Suda \u00e7\u00f6z\u00fcn\u00fcr.<\/strong><\/p>\n<p><strong>\u00a0<\/strong><\/p>\n<p><strong>\u00dcR\u00dcN SPEF\u0130KASYONU<\/strong><\/p>\n<p><strong>\u0130\u00c7ER\u0130K: %98.5 min<\/strong><\/p>\n<p><strong>NEM (20): 0.952-0.955 g\/ml<\/strong><\/p>\n<p><strong>SU \u0130\u00c7ER\u0130\u011e\u0130: %0.10 max<\/strong><\/p>\n<p><strong>AS\u0130TL\u0130K: %0.01 max<\/strong><\/p>\n<p><strong>RENK (Pt- Co): 15 max<\/strong><\/p>\n<p><strong>\u00a0<\/strong><\/p>\n<p><strong>KULLANIM ALANLARI<\/strong><\/p>\n<p><strong>Butil glikol, su bazl\u0131 boyalar, kaplamalar ve m\u00fcrekkeplerde \u00fcr\u00fcnlerin ak\u0131\u015f\u0131n\u0131 geli\u015ftirme ve kuruma s\u00fcrelerini uzatmak amac\u0131yla solvent ve birle\u015fim ajan\u0131 olarak kullan\u0131l\u0131r.<\/strong><\/p>\n<p><strong>%75 oran\u0131nda boya end\u00fcstrilerinde kullan\u0131l\u0131r.<\/strong><\/p>\n<p><strong>B\u00f6cek \u00f6ld\u00fcr\u00fcc\u00fc ila\u00e7lar, herbisitler ve zirai ila\u00e7lar i\u00e7erisinde kullan\u0131l\u0131r.<\/strong><\/p>\n<p><strong>Yap\u0131\u015ft\u0131r\u0131c\u0131lar ve s\u0131zd\u0131rmazl\u0131k maddelerin \u00fcretiminde kullan\u0131l\u0131r.<\/strong><\/p>\n<p><strong>Yak\u0131tlar ve yak\u0131t maddelerin imalat\u0131nda kullan\u0131l\u0131r.<\/strong><\/p>\n<p><strong>Kataliz\u00f6r olarak kullan\u0131l\u0131r.<\/strong><\/p>\n<p><strong>Polyester ve epoksi re\u00e7ineyi \u00e7\u00f6zmede kullan\u0131l\u0131r.<\/strong><\/p>\n<p><strong>Bask\u0131 m\u00fcrekkepleri ve tekstil boyalar\u0131nda \u00e7\u00f6z\u00fcc\u00fc olarak ve hidrolik s\u0131v\u0131lar\u0131n bir bile\u015feni olarak kullan\u0131l\u0131r.<\/strong><\/p>\n<p><strong>Temizlik malzemelerinde \u00fcretiminde, temizlik g\u00fcc\u00fcnden ve karakteristik kokusu nedeni ile kullan\u0131l\u0131r.<\/strong><\/p>\n<p><strong>Petrol s\u0131z\u0131nt\u0131s\u0131 dispersan \u00fcr\u00fcn\u00fc olan Corexit 9527\u2019 nin \u00f6nemli bir bile\u015fenidir.<\/strong><\/p>\n<p><strong>Yang\u0131n k\u00f6p\u00fc\u011f\u00fc imalat\u0131nda iyi bir component olu\u015fturmak amac\u0131yla kullan\u0131l\u0131r.<\/strong><\/p>\n<p><strong>Kimyasal alanda ara madde olarak kullan\u0131l\u0131r.<\/strong><\/p>\n<p><strong>Plastikle\u015ftiricilerin \u00fcretiminde ftalik anhidrit ile reaksiyona girerek ba\u015flang\u0131\u00e7 malzemesi olarak kullan\u0131l\u0131r.<\/strong><\/p>\n<p><strong>Kozmetik sekt\u00f6r\u00fcnde kullan\u0131m\u0131 mevcuttur.<\/strong><\/p>\n<p><strong>Derilerde kuma\u015f koruyucu \u00f6zelli\u011fi i\u00e7in butil glikol kullan\u0131l\u0131r.<\/strong><\/p>\n<p><strong>Ya\u011f alma \u00fcr\u00fcnlerinin imalat\u0131nda ve ya\u011f s\u00f6k\u00fcc\u00fc maddelerin imalat\u0131nda kullan\u0131l\u0131r.<\/strong><\/p>\n<p><strong>Kuru temizleme \u00e7\u00f6z\u00fcc\u00fc ajan olarak kullan\u0131l\u0131r.<\/strong><\/p>\n<p><strong>Motor temizleme imalatlar\u0131nda kullan\u0131l\u0131r.<\/strong><\/p>\n<p><strong>\u00a0<\/strong><\/p>\n<p><strong>AMBALAJ<\/strong><\/p>\n<p><strong>1-5-25 kg bidonlar ve 190 kg varillerde<\/strong><\/p>\n<p><strong>\u00a0<\/strong><\/p>\n<p><strong>DEPOLAMA<\/strong><\/p>\n<p><strong>Serin ve kuru alanda, hava almayacak kaplarda muhafaza ediniz.<\/strong><\/p>\n<p><strong>\u00a0<\/strong><\/p>\n","protected":false},"excerpt":{"rendered":"<p>BUT\u0130L GL\u0130KOL Butil glikol, C6H1402 form\u00fcl\u00fcne sahip etilen glikol mono olarak da bilinen organik bir bile\u015fiktir. Etilen oksit ile normal<\/p>\n","protected":false},"featured_media":15826,"comment_status":"open","ping_status":"closed","template":"","meta":{"_joinchat":[]},"product_cat":[70,74],"product_tag":[],"class_list":{"0":"post-15818","1":"product","2":"type-product","3":"status-publish","4":"has-post-thumbnail","6":"product_cat-boya-ve-yapi-kimyasallar","7":"product_cat-deterjan-ve-kozmetik-kimyasallari","9":"first","10":"instock","11":"shipping-taxable","12":"purchasable","13":"product-type-variable"},"yoast_head":"<!-- This site is optimized with the Yoast SEO Premium plugin v20.2.1 (Yoast SEO v20.2.1) - https:\/\/yoast.com\/wordpress\/plugins\/seo\/ -->\n<title>BUT\u0130L GL\u0130KOL - Akerkimya<\/title>\n<meta name=\"robots\" content=\"index, follow, max-snippet:-1, max-image-preview:large, max-video-preview:-1\" \/>\n<link rel=\"canonical\" href=\"https:\/\/akerkimya.com\/eticaret\/urun\/butil-glikol\/\" \/>\n<meta property=\"og:locale\" content=\"tr_TR\" \/>\n<meta property=\"og:type\" content=\"article\" \/>\n<meta property=\"og:title\" content=\"BUT\u0130L GL\u0130KOL\" \/>\n<meta property=\"og:description\" content=\"BUT\u0130L GL\u0130KOL Butil glikol, C6H1402 form\u00fcl\u00fcne sahip etilen glikol mono olarak da bilinen organik bir bile\u015fiktir. Etilen oksit ile normal\" \/>\n<meta property=\"og:url\" content=\"https:\/\/akerkimya.com\/eticaret\/urun\/butil-glikol\/\" \/>\n<meta property=\"og:site_name\" content=\"Akerkimya\" \/>\n<meta property=\"article:modified_time\" content=\"2026-03-29T23:23:35+00:00\" \/>\n<meta property=\"og:image\" content=\"https:\/\/akerkimya.com\/eticaret\/wp-content\/uploads\/2024\/12\/butil-glikol-guncel.png\" \/>\n\t<meta property=\"og:image:width\" content=\"1000\" \/>\n\t<meta property=\"og:image:height\" content=\"1000\" \/>\n\t<meta property=\"og:image:type\" content=\"image\/png\" \/>\n<meta name=\"twitter:card\" content=\"summary_large_image\" \/>\n<meta name=\"twitter:label1\" content=\"Tahmini okuma s\u00fcresi\" \/>\n\t<meta name=\"twitter:data1\" content=\"2 dakika\" \/>\n<script type=\"application\/ld+json\" class=\"yoast-schema-graph\">{\"@context\":\"https:\/\/schema.org\",\"@graph\":[{\"@type\":\"WebPage\",\"@id\":\"https:\/\/akerkimya.com\/eticaret\/urun\/butil-glikol\/\",\"url\":\"https:\/\/akerkimya.com\/eticaret\/urun\/butil-glikol\/\",\"name\":\"BUT\u0130L GL\u0130KOL - Akerkimya\",\"isPartOf\":{\"@id\":\"https:\/\/akerkimya.com\/eticaret\/#website\"},\"datePublished\":\"2024-12-27T13:14:00+00:00\",\"dateModified\":\"2026-03-29T23:23:35+00:00\",\"breadcrumb\":{\"@id\":\"https:\/\/akerkimya.com\/eticaret\/urun\/butil-glikol\/#breadcrumb\"},\"inLanguage\":\"tr\",\"potentialAction\":[{\"@type\":\"ReadAction\",\"target\":[\"https:\/\/akerkimya.com\/eticaret\/urun\/butil-glikol\/\"]}]},{\"@type\":\"BreadcrumbList\",\"@id\":\"https:\/\/akerkimya.com\/eticaret\/urun\/butil-glikol\/#breadcrumb\",\"itemListElement\":[{\"@type\":\"ListItem\",\"position\":1,\"name\":\"Home\",\"item\":\"https:\/\/akerkimya.com\/eticaret\/\"},{\"@type\":\"ListItem\",\"position\":2,\"name\":\"Market\",\"item\":\"https:\/\/akerkimya.com\/eticaret\/market\/\"},{\"@type\":\"ListItem\",\"position\":3,\"name\":\"BUT\u0130L GL\u0130KOL\"}]},{\"@type\":\"WebSite\",\"@id\":\"https:\/\/akerkimya.com\/eticaret\/#website\",\"url\":\"https:\/\/akerkimya.com\/eticaret\/\",\"name\":\"Akerkimya\",\"description\":\"\",\"potentialAction\":[{\"@type\":\"SearchAction\",\"target\":{\"@type\":\"EntryPoint\",\"urlTemplate\":\"https:\/\/akerkimya.com\/eticaret\/?s={search_term_string}\"},\"query-input\":\"required name=search_term_string\"}],\"inLanguage\":\"tr\"}]}<\/script>\n<!-- \/ Yoast SEO Premium plugin. -->","yoast_head_json":{"title":"BUT\u0130L GL\u0130KOL - Akerkimya","robots":{"index":"index","follow":"follow","max-snippet":"max-snippet:-1","max-image-preview":"max-image-preview:large","max-video-preview":"max-video-preview:-1"},"canonical":"https:\/\/akerkimya.com\/eticaret\/urun\/butil-glikol\/","og_locale":"tr_TR","og_type":"article","og_title":"BUT\u0130L GL\u0130KOL","og_description":"BUT\u0130L GL\u0130KOL Butil glikol, C6H1402 form\u00fcl\u00fcne sahip etilen glikol mono olarak da bilinen organik bir bile\u015fiktir. Etilen oksit ile normal","og_url":"https:\/\/akerkimya.com\/eticaret\/urun\/butil-glikol\/","og_site_name":"Akerkimya","article_modified_time":"2026-03-29T23:23:35+00:00","og_image":[{"width":1000,"height":1000,"url":"https:\/\/akerkimya.com\/eticaret\/wp-content\/uploads\/2024\/12\/butil-glikol-guncel.png","type":"image\/png"}],"twitter_card":"summary_large_image","twitter_misc":{"Tahmini okuma s\u00fcresi":"2 dakika"},"schema":{"@context":"https:\/\/schema.org","@graph":[{"@type":"WebPage","@id":"https:\/\/akerkimya.com\/eticaret\/urun\/butil-glikol\/","url":"https:\/\/akerkimya.com\/eticaret\/urun\/butil-glikol\/","name":"BUT\u0130L GL\u0130KOL - Akerkimya","isPartOf":{"@id":"https:\/\/akerkimya.com\/eticaret\/#website"},"datePublished":"2024-12-27T13:14:00+00:00","dateModified":"2026-03-29T23:23:35+00:00","breadcrumb":{"@id":"https:\/\/akerkimya.com\/eticaret\/urun\/butil-glikol\/#breadcrumb"},"inLanguage":"tr","potentialAction":[{"@type":"ReadAction","target":["https:\/\/akerkimya.com\/eticaret\/urun\/butil-glikol\/"]}]},{"@type":"BreadcrumbList","@id":"https:\/\/akerkimya.com\/eticaret\/urun\/butil-glikol\/#breadcrumb","itemListElement":[{"@type":"ListItem","position":1,"name":"Home","item":"https:\/\/akerkimya.com\/eticaret\/"},{"@type":"ListItem","position":2,"name":"Market","item":"https:\/\/akerkimya.com\/eticaret\/market\/"},{"@type":"ListItem","position":3,"name":"BUT\u0130L GL\u0130KOL"}]},{"@type":"WebSite","@id":"https:\/\/akerkimya.com\/eticaret\/#website","url":"https:\/\/akerkimya.com\/eticaret\/","name":"Akerkimya","description":"","potentialAction":[{"@type":"SearchAction","target":{"@type":"EntryPoint","urlTemplate":"https:\/\/akerkimya.com\/eticaret\/?s={search_term_string}"},"query-input":"required name=search_term_string"}],"inLanguage":"tr"}]}},"_links":{"self":[{"href":"https:\/\/akerkimya.com\/eticaret\/wp-json\/wp\/v2\/product\/15818","targetHints":{"allow":["GET"]}}],"collection":[{"href":"https:\/\/akerkimya.com\/eticaret\/wp-json\/wp\/v2\/product"}],"about":[{"href":"https:\/\/akerkimya.com\/eticaret\/wp-json\/wp\/v2\/types\/product"}],"replies":[{"embeddable":true,"href":"https:\/\/akerkimya.com\/eticaret\/wp-json\/wp\/v2\/comments?post=15818"}],"version-history":[{"count":2,"href":"https:\/\/akerkimya.com\/eticaret\/wp-json\/wp\/v2\/product\/15818\/revisions"}],"predecessor-version":[{"id":16771,"href":"https:\/\/akerkimya.com\/eticaret\/wp-json\/wp\/v2\/product\/15818\/revisions\/16771"}],"wp:featuredmedia":[{"embeddable":true,"href":"https:\/\/akerkimya.com\/eticaret\/wp-json\/wp\/v2\/media\/15826"}],"wp:attachment":[{"href":"https:\/\/akerkimya.com\/eticaret\/wp-json\/wp\/v2\/media?parent=15818"}],"wp:term":[{"taxonomy":"product_cat","embeddable":true,"href":"https:\/\/akerkimya.com\/eticaret\/wp-json\/wp\/v2\/product_cat?post=15818"},{"taxonomy":"product_tag","embeddable":true,"href":"https:\/\/akerkimya.com\/eticaret\/wp-json\/wp\/v2\/product_tag?post=15818"}],"curies":[{"name":"wp","href":"https:\/\/api.w.org\/{rel}","templated":true}]}}