{"id":15825,"date":"2024-12-27T16:13:44","date_gmt":"2024-12-27T13:13:44","guid":{"rendered":"https:\/\/akerkimya.com\/eticaret\/?post_type=product&#038;p=15825"},"modified":"2026-03-30T02:23:35","modified_gmt":"2026-03-29T23:23:35","slug":"calgon-sodyum-hegza-meta-fosfat","status":"publish","type":"product","link":"https:\/\/akerkimya.com\/eticaret\/urun\/calgon-sodyum-hegza-meta-fosfat\/","title":{"rendered":"CALGON (SODYUM HEGZA META FOSFAT)"},"content":{"rendered":"<h1>CALGON (SODYUM HEGZA META FOSFAT)<\/h1>\n<p><strong>Calgon\u00a0ya da Sodyum Hegza Meta Fosfat olarak bilinen kimyasal form\u00fcl\u00fc Na6O18P6 olan kimyasal bir bile\u015fiktir ve monosodyum ortofosfat\u0131n \u0131s\u0131t\u0131lmas\u0131yla haz\u0131rlan\u0131r. Suda rahatl\u0131kla \u00e7\u00f6z\u00fcn\u00fcr ve normal ko\u015fullarda stabildir.<\/strong><\/p>\n<p><strong>\u00a0<\/strong><\/p>\n<p><strong>TEKN\u0130K \u00d6ZELL\u0130KLER\u0130<\/strong><\/p>\n<p><strong>G\u00d6R\u00dcN\u00dcM: Beyaz toz<\/strong><\/p>\n<p><strong>K\u0130MYASAL FORM\u00dcL\u00dc: Na6O18P6<\/strong><\/p>\n<p><strong>D\u0130\u011eER \u0130S\u0130MLER\u0130: Calgon, Grahams Tuzu, SHMP<\/strong><\/p>\n<p><strong>CAS NUMARASI: 10124-58-8<\/strong><\/p>\n<p><strong>MOLAR A\u011eIRLIK: 611.7704 g\/mol<\/strong><\/p>\n<p><strong>ER\u0130ME NOKTASI: 28C<\/strong><\/p>\n<p><strong>KAYNAMA NOKTASI: 1,500C<\/strong><\/p>\n<p><strong>KIRILMA \u0130NDEKS\u0130: 1.482<\/strong><\/p>\n<p><strong>\u00a0<\/strong><\/p>\n<p><strong>KULLANIM ALANLARI<\/strong><\/p>\n<p><strong>G\u0131da sekt\u00f6r\u00fcnde E 452 ad\u0131yla bir katk\u0131 maddesi olarak kullan\u0131l\u0131r.<\/strong><\/p>\n<p><strong>Etin i\u00e7indeki ya\u011f\u0131n bozulmas\u0131n\u0131 engellemek i\u00e7in ve PH ayarlama ajan\u0131 olarak kullan\u0131l\u0131r.<\/strong><\/p>\n<p><strong>Mayalamada katk\u0131 maddesi olarak ve birada berrakl\u0131\u011f\u0131 sa\u011flama amac\u0131yla kullan\u0131l\u0131r.<\/strong><\/p>\n<p><strong>Tekstil boyamada, k\u00e2\u011f\u0131tta, petrokimya, metal\u00fcrji ve yap\u0131 kimyasallar\u0131nda banyo suyunu yumu\u015fatmada kullan\u0131l\u0131r.<\/strong><\/p>\n<p><strong>K\u00e2\u011f\u0131t end\u00fcstrisinde da\u011f\u0131t\u0131c\u0131 olarak da kullan\u0131l\u0131r.<\/strong><\/p>\n<p><strong>Kire\u00e7 \u00f6nleyici olarak kullan\u0131l\u0131r.<\/strong><\/p>\n<p><strong>Kil bazl\u0131 seramik par\u00e7ac\u0131klar\u0131n\u0131n \u00fcretiminde \u00e7\u00f6z\u00fclme maddesi olarak kullan\u0131l\u0131r.<\/strong><\/p>\n<p><strong>Di\u015f macunlar\u0131nda tartar \u00f6nleyici olarak kullan\u0131l\u0131r.<\/strong><\/p>\n<p><strong>Sabun ve deterjan sekt\u00f6r\u00fcnde istenmeyen tuz ve katyonlar\u0131n olu\u015fmas\u0131n\u0131 engeller.<\/strong><\/p>\n<p><strong>Sabun sekt\u00f6r\u00fcnde suyu yumu\u015fatarak kirlerin life yap\u0131\u015fmas\u0131n\u0131 engellemesi i\u00e7in kullan\u0131l\u0131r.<\/strong><\/p>\n<p><strong>Toprak ve kil t\u00fcrlerini par\u00e7alamada da\u011f\u0131t\u0131c\u0131 olarak kullan\u0131l\u0131r.<\/strong><\/p>\n<p><strong>Yang\u0131n s\u00f6nd\u00fcr\u00fcc\u00fclerde kuru s\u00f6nd\u00fcrme maddesi olarak kullan\u0131l\u0131r.<\/strong><\/p>\n<p><strong>\u00a0<\/strong><\/p>\n<p><strong>AMBALAJ<\/strong><\/p>\n<p><strong>1-5-25 kg ambalajlar halinde <\/strong><\/p>\n<p><strong>\u00a0<\/strong><\/p>\n<p><strong>DEPOLAMA<\/strong><\/p>\n<p><strong>Kuru ve serin ortamda depolanmal\u0131d\u0131r. Kullan\u0131lmad\u0131\u011f\u0131nda a\u011fz\u0131 s\u0131k\u0131ca kapat\u0131lmal\u0131d\u0131r.<\/strong><\/p>\n<p><strong>\u00a0<\/strong><\/p>\n","protected":false},"excerpt":{"rendered":"<p>CALGON (SODYUM HEGZA META FOSFAT) Calgon\u00a0ya da Sodyum Hegza Meta Fosfat olarak bilinen kimyasal form\u00fcl\u00fc Na6O18P6 olan kimyasal bir bile\u015fiktir<\/p>\n","protected":false},"featured_media":15827,"comment_status":"open","ping_status":"closed","template":"","meta":{"_joinchat":[]},"product_cat":[72,74,76],"product_tag":[],"class_list":{"0":"post-15825","1":"product","2":"type-product","3":"status-publish","4":"has-post-thumbnail","6":"product_cat-cam-ve-seramik-kimyasallari","7":"product_cat-deterjan-ve-kozmetik-kimyasallari","8":"product_cat-gida-ve-katki-kimyasallari","10":"first","11":"instock","12":"shipping-taxable","13":"purchasable","14":"product-type-variable"},"yoast_head":"<!-- This site is optimized with the Yoast SEO Premium plugin v20.2.1 (Yoast SEO v20.2.1) - https:\/\/yoast.com\/wordpress\/plugins\/seo\/ -->\n<title>CALGON (SODYUM HEGZA META FOSFAT) - Akerkimya<\/title>\n<meta name=\"robots\" content=\"index, follow, max-snippet:-1, max-image-preview:large, max-video-preview:-1\" \/>\n<link rel=\"canonical\" href=\"https:\/\/akerkimya.com\/eticaret\/urun\/calgon-sodyum-hegza-meta-fosfat\/\" \/>\n<meta property=\"og:locale\" content=\"tr_TR\" \/>\n<meta property=\"og:type\" content=\"article\" \/>\n<meta property=\"og:title\" content=\"CALGON (SODYUM HEGZA META FOSFAT)\" \/>\n<meta property=\"og:description\" content=\"CALGON (SODYUM HEGZA META FOSFAT) Calgon\u00a0ya da Sodyum Hegza Meta Fosfat olarak bilinen kimyasal form\u00fcl\u00fc Na6O18P6 olan kimyasal bir bile\u015fiktir\" \/>\n<meta property=\"og:url\" content=\"https:\/\/akerkimya.com\/eticaret\/urun\/calgon-sodyum-hegza-meta-fosfat\/\" \/>\n<meta property=\"og:site_name\" content=\"Akerkimya\" \/>\n<meta property=\"article:modified_time\" content=\"2026-03-29T23:23:35+00:00\" \/>\n<meta property=\"og:image\" content=\"https:\/\/akerkimya.com\/eticaret\/wp-content\/uploads\/2024\/12\/CALGON-GUNCEL.png\" \/>\n\t<meta property=\"og:image:width\" content=\"1000\" \/>\n\t<meta property=\"og:image:height\" content=\"1000\" \/>\n\t<meta property=\"og:image:type\" content=\"image\/png\" \/>\n<meta name=\"twitter:card\" content=\"summary_large_image\" \/>\n<meta name=\"twitter:label1\" content=\"Tahmini okuma s\u00fcresi\" \/>\n\t<meta name=\"twitter:data1\" content=\"1 dakika\" \/>\n<script type=\"application\/ld+json\" class=\"yoast-schema-graph\">{\"@context\":\"https:\/\/schema.org\",\"@graph\":[{\"@type\":\"WebPage\",\"@id\":\"https:\/\/akerkimya.com\/eticaret\/urun\/calgon-sodyum-hegza-meta-fosfat\/\",\"url\":\"https:\/\/akerkimya.com\/eticaret\/urun\/calgon-sodyum-hegza-meta-fosfat\/\",\"name\":\"CALGON (SODYUM HEGZA META FOSFAT) - Akerkimya\",\"isPartOf\":{\"@id\":\"https:\/\/akerkimya.com\/eticaret\/#website\"},\"datePublished\":\"2024-12-27T13:13:44+00:00\",\"dateModified\":\"2026-03-29T23:23:35+00:00\",\"breadcrumb\":{\"@id\":\"https:\/\/akerkimya.com\/eticaret\/urun\/calgon-sodyum-hegza-meta-fosfat\/#breadcrumb\"},\"inLanguage\":\"tr\",\"potentialAction\":[{\"@type\":\"ReadAction\",\"target\":[\"https:\/\/akerkimya.com\/eticaret\/urun\/calgon-sodyum-hegza-meta-fosfat\/\"]}]},{\"@type\":\"BreadcrumbList\",\"@id\":\"https:\/\/akerkimya.com\/eticaret\/urun\/calgon-sodyum-hegza-meta-fosfat\/#breadcrumb\",\"itemListElement\":[{\"@type\":\"ListItem\",\"position\":1,\"name\":\"Home\",\"item\":\"https:\/\/akerkimya.com\/eticaret\/\"},{\"@type\":\"ListItem\",\"position\":2,\"name\":\"Market\",\"item\":\"https:\/\/akerkimya.com\/eticaret\/market\/\"},{\"@type\":\"ListItem\",\"position\":3,\"name\":\"CALGON (SODYUM HEGZA META FOSFAT)\"}]},{\"@type\":\"WebSite\",\"@id\":\"https:\/\/akerkimya.com\/eticaret\/#website\",\"url\":\"https:\/\/akerkimya.com\/eticaret\/\",\"name\":\"Akerkimya\",\"description\":\"\",\"potentialAction\":[{\"@type\":\"SearchAction\",\"target\":{\"@type\":\"EntryPoint\",\"urlTemplate\":\"https:\/\/akerkimya.com\/eticaret\/?s={search_term_string}\"},\"query-input\":\"required name=search_term_string\"}],\"inLanguage\":\"tr\"}]}<\/script>\n<!-- \/ Yoast SEO Premium plugin. -->","yoast_head_json":{"title":"CALGON (SODYUM HEGZA META FOSFAT) - Akerkimya","robots":{"index":"index","follow":"follow","max-snippet":"max-snippet:-1","max-image-preview":"max-image-preview:large","max-video-preview":"max-video-preview:-1"},"canonical":"https:\/\/akerkimya.com\/eticaret\/urun\/calgon-sodyum-hegza-meta-fosfat\/","og_locale":"tr_TR","og_type":"article","og_title":"CALGON (SODYUM HEGZA META FOSFAT)","og_description":"CALGON (SODYUM HEGZA META FOSFAT) Calgon\u00a0ya da Sodyum Hegza Meta Fosfat olarak bilinen kimyasal form\u00fcl\u00fc Na6O18P6 olan kimyasal bir bile\u015fiktir","og_url":"https:\/\/akerkimya.com\/eticaret\/urun\/calgon-sodyum-hegza-meta-fosfat\/","og_site_name":"Akerkimya","article_modified_time":"2026-03-29T23:23:35+00:00","og_image":[{"width":1000,"height":1000,"url":"https:\/\/akerkimya.com\/eticaret\/wp-content\/uploads\/2024\/12\/CALGON-GUNCEL.png","type":"image\/png"}],"twitter_card":"summary_large_image","twitter_misc":{"Tahmini okuma s\u00fcresi":"1 dakika"},"schema":{"@context":"https:\/\/schema.org","@graph":[{"@type":"WebPage","@id":"https:\/\/akerkimya.com\/eticaret\/urun\/calgon-sodyum-hegza-meta-fosfat\/","url":"https:\/\/akerkimya.com\/eticaret\/urun\/calgon-sodyum-hegza-meta-fosfat\/","name":"CALGON (SODYUM HEGZA META FOSFAT) - Akerkimya","isPartOf":{"@id":"https:\/\/akerkimya.com\/eticaret\/#website"},"datePublished":"2024-12-27T13:13:44+00:00","dateModified":"2026-03-29T23:23:35+00:00","breadcrumb":{"@id":"https:\/\/akerkimya.com\/eticaret\/urun\/calgon-sodyum-hegza-meta-fosfat\/#breadcrumb"},"inLanguage":"tr","potentialAction":[{"@type":"ReadAction","target":["https:\/\/akerkimya.com\/eticaret\/urun\/calgon-sodyum-hegza-meta-fosfat\/"]}]},{"@type":"BreadcrumbList","@id":"https:\/\/akerkimya.com\/eticaret\/urun\/calgon-sodyum-hegza-meta-fosfat\/#breadcrumb","itemListElement":[{"@type":"ListItem","position":1,"name":"Home","item":"https:\/\/akerkimya.com\/eticaret\/"},{"@type":"ListItem","position":2,"name":"Market","item":"https:\/\/akerkimya.com\/eticaret\/market\/"},{"@type":"ListItem","position":3,"name":"CALGON (SODYUM HEGZA META FOSFAT)"}]},{"@type":"WebSite","@id":"https:\/\/akerkimya.com\/eticaret\/#website","url":"https:\/\/akerkimya.com\/eticaret\/","name":"Akerkimya","description":"","potentialAction":[{"@type":"SearchAction","target":{"@type":"EntryPoint","urlTemplate":"https:\/\/akerkimya.com\/eticaret\/?s={search_term_string}"},"query-input":"required name=search_term_string"}],"inLanguage":"tr"}]}},"_links":{"self":[{"href":"https:\/\/akerkimya.com\/eticaret\/wp-json\/wp\/v2\/product\/15825","targetHints":{"allow":["GET"]}}],"collection":[{"href":"https:\/\/akerkimya.com\/eticaret\/wp-json\/wp\/v2\/product"}],"about":[{"href":"https:\/\/akerkimya.com\/eticaret\/wp-json\/wp\/v2\/types\/product"}],"replies":[{"embeddable":true,"href":"https:\/\/akerkimya.com\/eticaret\/wp-json\/wp\/v2\/comments?post=15825"}],"version-history":[{"count":2,"href":"https:\/\/akerkimya.com\/eticaret\/wp-json\/wp\/v2\/product\/15825\/revisions"}],"predecessor-version":[{"id":16772,"href":"https:\/\/akerkimya.com\/eticaret\/wp-json\/wp\/v2\/product\/15825\/revisions\/16772"}],"wp:featuredmedia":[{"embeddable":true,"href":"https:\/\/akerkimya.com\/eticaret\/wp-json\/wp\/v2\/media\/15827"}],"wp:attachment":[{"href":"https:\/\/akerkimya.com\/eticaret\/wp-json\/wp\/v2\/media?parent=15825"}],"wp:term":[{"taxonomy":"product_cat","embeddable":true,"href":"https:\/\/akerkimya.com\/eticaret\/wp-json\/wp\/v2\/product_cat?post=15825"},{"taxonomy":"product_tag","embeddable":true,"href":"https:\/\/akerkimya.com\/eticaret\/wp-json\/wp\/v2\/product_tag?post=15825"}],"curies":[{"name":"wp","href":"https:\/\/api.w.org\/{rel}","templated":true}]}}