{"id":15837,"date":"2024-12-27T16:21:01","date_gmt":"2024-12-27T13:21:01","guid":{"rendered":"https:\/\/akerkimya.com\/eticaret\/?post_type=product&#038;p=15837"},"modified":"2026-03-30T02:23:35","modified_gmt":"2026-03-29T23:23:35","slug":"hidroflorik-asit","status":"publish","type":"product","link":"https:\/\/akerkimya.com\/eticaret\/urun\/hidroflorik-asit\/","title":{"rendered":"H\u0130DROFLOR\u0130K AS\u0130T"},"content":{"rendered":"<h1>H\u0130DROFLOR\u0130K AS\u0130T<\/h1>\n<p><strong>Hidroflorik asit, HF form\u00fcl\u00fcne sahip bir bile\u015fiktir. Hidroflorik asit, hidrojen flor\u00fcr sudaki \u00e7\u00f6zeltisine verilen isimdir. Camlarda a\u015f\u0131nd\u0131rma \u00f6zelli\u011finden dolay\u0131 cam kaplarda saklanamaz. Hidroflorik asit genelde, mineral floritin s\u00fclfirik asitle muamelesi ile elfsefde edilir. <\/strong><\/p>\n<p><strong>\u00a0<\/strong><\/p>\n<p><strong>F\u0130Z\u0130KSEL \u00d6ZELL\u0130KLER<\/strong><\/p>\n<p><strong>Renksiz ve keskin tahri\u015f edici bir kokuya sahiptir.<\/strong><\/p>\n<p><strong>Son derece reaktif bir maddedir.<\/strong><\/p>\n<p><strong>Asidik ve a\u015f\u0131nd\u0131r\u0131c\u0131 \u00f6zelliktedir.<\/strong><\/p>\n<p><strong>Saf hali y\u00fcksek s\u0131cakl\u0131klarda kararl\u0131d\u0131r.<\/strong><\/p>\n<p><strong>\u00a0<\/strong><\/p>\n<p><strong>TEMEL \u00d6ZELL\u0130KLER<\/strong><\/p>\n<p><strong>CAS NO: 7664-39-3<\/strong><\/p>\n<p><strong>K\u0130MYASAL FORM\u00dcL\u00dc: HF<\/strong><\/p>\n<p><strong>K\u0130MYASAL ADI: Hidroflorik Asit, Flourohydric acid, Hidrojen Florid, Hydrogen Fluoride Sulotuion<\/strong><\/p>\n<p><strong>MOLEK\u00dcLER A\u011eIRLI\u011eI: 20.006 g\/mol<\/strong><\/p>\n<p><strong>YO\u011eUNLUK: 1.15 g\/15 cm\u00b3<\/strong><\/p>\n<p><strong>KAYNAMA NOKTASI: 19.5\u00b0C<\/strong><\/p>\n<p><strong>ER\u0130ME NOKTASI: -83,6\u00b0C<\/strong><\/p>\n<p><strong>BUHAR BASINCI: 783 mmHg<\/strong><\/p>\n<p><strong>KIRILMA \u0130ND\u0130S\u0130: 1,00001<\/strong><\/p>\n<p><strong>SAFLIK(%): 70<\/strong><\/p>\n<p><strong>AS\u0130TL\u0130K (pKa): 3.17<\/strong><\/p>\n<p><strong>\u00a0<\/strong><\/p>\n<p><strong>KULLANIM ALANLARI<\/strong><\/p>\n<p><strong>Hidroflorik asit, cam i\u015fleme sanayisinde cam\u0131 parlatmak ve dondurmak i\u00e7in kullan\u0131l\u0131r.<\/strong><\/p>\n<p><strong>Yar\u0131 iletken end\u00fcstrisinde silikon levhalar\u0131 temizlemek i\u00e7in kullan\u0131lan Wright Etch ve tamponlu oksit i\u015flemenin \u00f6nemli birle\u015feni olarak kullan\u0131l\u0131r.<\/strong><\/p>\n<p><strong>Metal kaplama sekt\u00f6r\u00fcnde s\u00fclfirik asitle kar\u0131\u015ft\u0131r\u0131larak metalin temizlenmesi ve pas giderici olarak kullan\u0131l\u0131r.<\/strong><\/p>\n<p><strong>B\u00f6cek ilac\u0131 ve g\u00fcbre \u00fcretiminde kullan\u0131l\u0131r.<\/strong><\/p>\n<p><strong>Alim\u00fcnyum ve Uranyum\u2019un safla\u015ft\u0131r\u0131lmas\u0131nda kullan\u0131l\u0131r.<\/strong><\/p>\n<p><strong>End\u00fcstriyel kimya, maden \u00e7\u0131karma, rafine etme, cam kaplama ve silikon tala\u015f imalat\u0131nda ara madde olarak kullan\u0131l\u0131r.<\/strong><\/p>\n<p><strong>Hidroflorik asit, u\u00e7ak ve otomobiller i\u00e7in y\u00fcksek oktanl\u0131 yak\u0131t \u00fcretiminde, oktan say\u0131s\u0131n\u0131 artt\u0131rmak i\u00e7in kullan\u0131l\u0131r. <\/strong><\/p>\n<p><strong>Teflon, floropolimerler, florokarbonlar ve freon gibi so\u011futucular d\u00e2hil bir\u00e7ok organoflorin bile\u015fi\u011fi flor kayna\u011f\u0131 olarak HF kullan\u0131l\u0131r.<\/strong><\/p>\n<p><strong>Titanyumun kimyasal \u00f6\u011f\u00fctlenmesinde kullan\u0131l\u0131r.<\/strong><\/p>\n<p><strong>Y\u00fcksek hacimli inorganik flor\u00fcr bile\u015fiklerinin \u00e7o\u011funun haz\u0131rlanmas\u0131nda kullan\u0131lmaktad\u0131r.<\/strong><\/p>\n<p><strong>LCD televizyon ekranlar\u0131nda, bilgisiyar monit\u00f6rlerinde ve cep telefonu monit\u00f6rlerinde kullan\u0131lan s\u0131v\u0131 kristalleri \u00fcretmek i\u00e7in kullan\u0131l\u0131r. <\/strong><\/p>\n<p><strong>Hidroflorik asit, seramik di\u015f restorasyonlar\u0131n\u0131n dama\u011fa tutunmas\u0131n\u0131 sa\u011flamla\u015ft\u0131rmak i\u00e7in %5 ile %9 HF jeli di\u015f hekimli\u011finde kullan\u0131l\u0131r.<\/strong><\/p>\n<p><strong>Ya\u011f end\u00fcstrisinde izobutan ve butenin alkilasyonu i\u00e7in kataliz\u00f6r olarak kullan\u0131l\u0131r.<\/strong><\/p>\n<p><strong>Paslanmaz ve karbonlu \u00e7eliklerden oksitleri ve di\u011fer yabanc\u0131 maddeleri uzakla\u015ft\u0131rmak i\u00e7in asitleme ajan\u0131 olarak kullan\u0131lmaktad\u0131r.<\/strong><\/p>\n<p><strong>Petrokimya ve ila\u00e7 sekt\u00f6rlerinde kullan\u0131l\u0131r.<\/strong><\/p>\n<p><strong>Hidroflorik asit, silikat kaya\u00e7lar\u0131ndan organik fosiiler \u00e7\u0131karmak i\u00e7in asit macerasyonlar\u0131nda kullan\u0131l\u0131r.<\/strong><\/p>\n<p><strong>Benzin yap\u0131m\u0131nda kullan\u0131l\u0131r.<\/strong><\/p>\n<p><strong>Ev temizli\u011finde pas temizleyici \u00fcr\u00fcnlerin i\u00e7eriklerinde kullan\u0131lmaktad\u0131r.<\/strong><\/p>\n<p><strong>Y\u00fcksek bas\u0131n\u00e7l\u0131 buhar \u00fcreten \u00f6n devre kazanlar\u0131nda kullan\u0131l\u0131r.<\/strong><\/p>\n<p><strong>\u00a0<\/strong><\/p>\n<p><strong>AMBALAJ <\/strong><\/p>\n<p><strong>1-5-25 Kg bidonlar halinde<\/strong><\/p>\n<p><strong>\u00a0<\/strong><\/p>\n<p><strong>DEPOLAMA<\/strong><\/p>\n<p><strong>Serin ve kuru bir alanda, bidonlar\u0131n a\u011fz\u0131 hava almayacak \u015fekilde muhafaza ediniz.<\/strong><\/p>\n<p><strong>\u00a0<\/strong><\/p>\n","protected":false},"excerpt":{"rendered":"<p>H\u0130DROFLOR\u0130K AS\u0130T Hidroflorik asit, HF form\u00fcl\u00fcne sahip bir bile\u015fiktir. Hidroflorik asit, hidrojen flor\u00fcr sudaki \u00e7\u00f6zeltisine verilen isimdir. Camlarda a\u015f\u0131nd\u0131rma \u00f6zelli\u011finden<\/p>\n","protected":false},"featured_media":15838,"comment_status":"open","ping_status":"closed","template":"","meta":{"_joinchat":[]},"product_cat":[72,73,74,78,79],"product_tag":[],"class_list":{"0":"post-15837","1":"product","2":"type-product","3":"status-publish","4":"has-post-thumbnail","6":"product_cat-cam-ve-seramik-kimyasallari","7":"product_cat-deri-ve-tekstil-kimyasallari","8":"product_cat-deterjan-ve-kozmetik-kimyasallari","9":"product_cat-metal-dokum-kaplama","10":"product_cat-tarim-kimyasallari","12":"first","13":"instock","14":"shipping-taxable","15":"purchasable","16":"product-type-variable"},"yoast_head":"<!-- This site is optimized with the Yoast SEO Premium plugin v20.2.1 (Yoast SEO v20.2.1) - https:\/\/yoast.com\/wordpress\/plugins\/seo\/ -->\n<title>H\u0130DROFLOR\u0130K AS\u0130T - Akerkimya<\/title>\n<meta name=\"robots\" content=\"index, follow, max-snippet:-1, max-image-preview:large, max-video-preview:-1\" \/>\n<link rel=\"canonical\" href=\"https:\/\/akerkimya.com\/eticaret\/urun\/hidroflorik-asit\/\" \/>\n<meta property=\"og:locale\" content=\"tr_TR\" \/>\n<meta property=\"og:type\" content=\"article\" \/>\n<meta property=\"og:title\" content=\"H\u0130DROFLOR\u0130K AS\u0130T\" \/>\n<meta property=\"og:description\" content=\"H\u0130DROFLOR\u0130K AS\u0130T Hidroflorik asit, HF form\u00fcl\u00fcne sahip bir bile\u015fiktir. Hidroflorik asit, hidrojen flor\u00fcr sudaki \u00e7\u00f6zeltisine verilen isimdir. Camlarda a\u015f\u0131nd\u0131rma \u00f6zelli\u011finden\" \/>\n<meta property=\"og:url\" content=\"https:\/\/akerkimya.com\/eticaret\/urun\/hidroflorik-asit\/\" \/>\n<meta property=\"og:site_name\" content=\"Akerkimya\" \/>\n<meta property=\"article:modified_time\" content=\"2026-03-29T23:23:35+00:00\" \/>\n<meta property=\"og:image\" content=\"https:\/\/akerkimya.com\/eticaret\/wp-content\/uploads\/2024\/12\/HIFROFLORIK-ASIT-GUNCEL-.png\" \/>\n\t<meta property=\"og:image:width\" content=\"1000\" \/>\n\t<meta property=\"og:image:height\" content=\"1000\" \/>\n\t<meta property=\"og:image:type\" content=\"image\/png\" \/>\n<meta name=\"twitter:card\" content=\"summary_large_image\" \/>\n<meta name=\"twitter:label1\" content=\"Tahmini okuma s\u00fcresi\" \/>\n\t<meta name=\"twitter:data1\" content=\"2 dakika\" \/>\n<script type=\"application\/ld+json\" class=\"yoast-schema-graph\">{\"@context\":\"https:\/\/schema.org\",\"@graph\":[{\"@type\":\"WebPage\",\"@id\":\"https:\/\/akerkimya.com\/eticaret\/urun\/hidroflorik-asit\/\",\"url\":\"https:\/\/akerkimya.com\/eticaret\/urun\/hidroflorik-asit\/\",\"name\":\"H\u0130DROFLOR\u0130K AS\u0130T - Akerkimya\",\"isPartOf\":{\"@id\":\"https:\/\/akerkimya.com\/eticaret\/#website\"},\"datePublished\":\"2024-12-27T13:21:01+00:00\",\"dateModified\":\"2026-03-29T23:23:35+00:00\",\"breadcrumb\":{\"@id\":\"https:\/\/akerkimya.com\/eticaret\/urun\/hidroflorik-asit\/#breadcrumb\"},\"inLanguage\":\"tr\",\"potentialAction\":[{\"@type\":\"ReadAction\",\"target\":[\"https:\/\/akerkimya.com\/eticaret\/urun\/hidroflorik-asit\/\"]}]},{\"@type\":\"BreadcrumbList\",\"@id\":\"https:\/\/akerkimya.com\/eticaret\/urun\/hidroflorik-asit\/#breadcrumb\",\"itemListElement\":[{\"@type\":\"ListItem\",\"position\":1,\"name\":\"Home\",\"item\":\"https:\/\/akerkimya.com\/eticaret\/\"},{\"@type\":\"ListItem\",\"position\":2,\"name\":\"Market\",\"item\":\"https:\/\/akerkimya.com\/eticaret\/market\/\"},{\"@type\":\"ListItem\",\"position\":3,\"name\":\"H\u0130DROFLOR\u0130K AS\u0130T\"}]},{\"@type\":\"WebSite\",\"@id\":\"https:\/\/akerkimya.com\/eticaret\/#website\",\"url\":\"https:\/\/akerkimya.com\/eticaret\/\",\"name\":\"Akerkimya\",\"description\":\"\",\"potentialAction\":[{\"@type\":\"SearchAction\",\"target\":{\"@type\":\"EntryPoint\",\"urlTemplate\":\"https:\/\/akerkimya.com\/eticaret\/?s={search_term_string}\"},\"query-input\":\"required name=search_term_string\"}],\"inLanguage\":\"tr\"}]}<\/script>\n<!-- \/ Yoast SEO Premium plugin. -->","yoast_head_json":{"title":"H\u0130DROFLOR\u0130K AS\u0130T - Akerkimya","robots":{"index":"index","follow":"follow","max-snippet":"max-snippet:-1","max-image-preview":"max-image-preview:large","max-video-preview":"max-video-preview:-1"},"canonical":"https:\/\/akerkimya.com\/eticaret\/urun\/hidroflorik-asit\/","og_locale":"tr_TR","og_type":"article","og_title":"H\u0130DROFLOR\u0130K AS\u0130T","og_description":"H\u0130DROFLOR\u0130K AS\u0130T Hidroflorik asit, HF form\u00fcl\u00fcne sahip bir bile\u015fiktir. Hidroflorik asit, hidrojen flor\u00fcr sudaki \u00e7\u00f6zeltisine verilen isimdir. Camlarda a\u015f\u0131nd\u0131rma \u00f6zelli\u011finden","og_url":"https:\/\/akerkimya.com\/eticaret\/urun\/hidroflorik-asit\/","og_site_name":"Akerkimya","article_modified_time":"2026-03-29T23:23:35+00:00","og_image":[{"width":1000,"height":1000,"url":"https:\/\/akerkimya.com\/eticaret\/wp-content\/uploads\/2024\/12\/HIFROFLORIK-ASIT-GUNCEL-.png","type":"image\/png"}],"twitter_card":"summary_large_image","twitter_misc":{"Tahmini okuma s\u00fcresi":"2 dakika"},"schema":{"@context":"https:\/\/schema.org","@graph":[{"@type":"WebPage","@id":"https:\/\/akerkimya.com\/eticaret\/urun\/hidroflorik-asit\/","url":"https:\/\/akerkimya.com\/eticaret\/urun\/hidroflorik-asit\/","name":"H\u0130DROFLOR\u0130K AS\u0130T - Akerkimya","isPartOf":{"@id":"https:\/\/akerkimya.com\/eticaret\/#website"},"datePublished":"2024-12-27T13:21:01+00:00","dateModified":"2026-03-29T23:23:35+00:00","breadcrumb":{"@id":"https:\/\/akerkimya.com\/eticaret\/urun\/hidroflorik-asit\/#breadcrumb"},"inLanguage":"tr","potentialAction":[{"@type":"ReadAction","target":["https:\/\/akerkimya.com\/eticaret\/urun\/hidroflorik-asit\/"]}]},{"@type":"BreadcrumbList","@id":"https:\/\/akerkimya.com\/eticaret\/urun\/hidroflorik-asit\/#breadcrumb","itemListElement":[{"@type":"ListItem","position":1,"name":"Home","item":"https:\/\/akerkimya.com\/eticaret\/"},{"@type":"ListItem","position":2,"name":"Market","item":"https:\/\/akerkimya.com\/eticaret\/market\/"},{"@type":"ListItem","position":3,"name":"H\u0130DROFLOR\u0130K AS\u0130T"}]},{"@type":"WebSite","@id":"https:\/\/akerkimya.com\/eticaret\/#website","url":"https:\/\/akerkimya.com\/eticaret\/","name":"Akerkimya","description":"","potentialAction":[{"@type":"SearchAction","target":{"@type":"EntryPoint","urlTemplate":"https:\/\/akerkimya.com\/eticaret\/?s={search_term_string}"},"query-input":"required name=search_term_string"}],"inLanguage":"tr"}]}},"_links":{"self":[{"href":"https:\/\/akerkimya.com\/eticaret\/wp-json\/wp\/v2\/product\/15837","targetHints":{"allow":["GET"]}}],"collection":[{"href":"https:\/\/akerkimya.com\/eticaret\/wp-json\/wp\/v2\/product"}],"about":[{"href":"https:\/\/akerkimya.com\/eticaret\/wp-json\/wp\/v2\/types\/product"}],"replies":[{"embeddable":true,"href":"https:\/\/akerkimya.com\/eticaret\/wp-json\/wp\/v2\/comments?post=15837"}],"version-history":[{"count":3,"href":"https:\/\/akerkimya.com\/eticaret\/wp-json\/wp\/v2\/product\/15837\/revisions"}],"predecessor-version":[{"id":18560,"href":"https:\/\/akerkimya.com\/eticaret\/wp-json\/wp\/v2\/product\/15837\/revisions\/18560"}],"wp:featuredmedia":[{"embeddable":true,"href":"https:\/\/akerkimya.com\/eticaret\/wp-json\/wp\/v2\/media\/15838"}],"wp:attachment":[{"href":"https:\/\/akerkimya.com\/eticaret\/wp-json\/wp\/v2\/media?parent=15837"}],"wp:term":[{"taxonomy":"product_cat","embeddable":true,"href":"https:\/\/akerkimya.com\/eticaret\/wp-json\/wp\/v2\/product_cat?post=15837"},{"taxonomy":"product_tag","embeddable":true,"href":"https:\/\/akerkimya.com\/eticaret\/wp-json\/wp\/v2\/product_tag?post=15837"}],"curies":[{"name":"wp","href":"https:\/\/api.w.org\/{rel}","templated":true}]}}