{"id":15870,"date":"2024-12-27T17:02:59","date_gmt":"2024-12-27T14:02:59","guid":{"rendered":"https:\/\/akerkimya.com\/eticaret\/?post_type=product&#038;p=15870"},"modified":"2026-03-30T02:23:35","modified_gmt":"2026-03-29T23:23:35","slug":"potasyum-sulfat","status":"publish","type":"product","link":"https:\/\/akerkimya.com\/eticaret\/urun\/potasyum-sulfat\/","title":{"rendered":"POTASYUM S\u00dcLFAT"},"content":{"rendered":"<h1>POTASYUM S\u00dcLFAT<\/h1>\n<p><strong>Potasyum s\u00fclfat, K2SO4 form\u00fcl\u00fcne sahip inorganik bir tuzdur. Potasyum s\u00fclfat\u0131n do\u011fal kaynaklar\u0131 Stassfurt tuzunda bolca bulunan minerallerdir. Potasyum klor\u00fcrle s\u00fclf\u00fcrik asitin tepkimesinden elde edilir.<\/strong><\/p>\n<p><strong>\u00a0<\/strong><\/p>\n<p><strong>POTASYUM S\u00dcLFAT \u00d6ZELL\u0130KLER\u0130<\/strong><\/p>\n<p><strong>Kokusuz, \u00e7ok ince kristaller veya toz formundad\u0131r.<\/strong><\/p>\n<p><strong>Sert, ac\u0131, tuzlu tada sahiptir.<\/strong><\/p>\n<p><strong>Gliserinde \u00e7ok az \u00e7\u00f6z\u00fcn\u00fcr. Aseton ve alkol i\u00e7erisinde \u00e7\u00f6z\u00fcnmez.<\/strong><\/p>\n<p><strong>\u00a0<\/strong><\/p>\n<p><strong>TEKN\u0130K \u00d6ZELL\u0130KLER\u0130<\/strong><\/p>\n<p><strong>CAS NUMARASI: 7778-80-5<\/strong><\/p>\n<p><strong>MOLEK\u00dcLER FORM\u00dcL: K2SO4<\/strong><\/p>\n<p><strong>K\u0130MYASAL \u0130SM\u0130: Potasyum s\u00fclfat,<\/strong><\/p>\n<p><strong>MOLEK\u00dcL K\u00dcTLES\u0130: 174.259 gr\/mol<\/strong><\/p>\n<p><strong>ER\u0130ME NOKTASI: 1069 \u00b0C<\/strong><\/p>\n<p><strong>KAYNAMA NOKTASI: 1689 \u00b0C<\/strong><\/p>\n<p><strong>\u00c7\u00d6Z\u00dcN\u00dcRL\u00dcK: 111 gr\/L ( 20 \u00b0C)-120 gr\/L (25 \u00b0C)- 240 gr\/L (100 \u00b0C)<\/strong><\/p>\n<p><strong>YO\u011eUNLUK: 2.66 g\/cm\u00b3<\/strong><\/p>\n<p><strong>PH: 5.5-8.5 (%5 \u00e7\u00f6zelti)<\/strong><\/p>\n<p><strong>REAKT\u0130F \u0130NDEKS: 1.494<\/strong><\/p>\n<p><strong>\u00a0<\/strong><\/p>\n<p><strong>KULLANIM ALANLARI<\/strong><\/p>\n<p><strong>Potasyum ve k\u00fck\u00fcrt kayna\u011f\u0131 olarak g\u00fcbrelerde kullan\u0131l\u0131r.<\/strong><\/p>\n<p><strong>Cam sekt\u00f6r\u00fcnde, i\u015flenmemi\u015f potasyum s\u00fclfat tuzu kullan\u0131l\u0131r.<\/strong><\/p>\n<p><strong>En \u00e7ok patates, t\u00fct\u00fcn, sebze, meyve, turun\u00e7giller, baklagiller, m\u0131s\u0131r ve pamuk seralar\u0131nda bitkilerin ye\u015fil yapraklar\u0131n\u0131n sar\u0131 ya da k\u0131rm\u0131z\u0131ms\u0131 kahverengi lekeler olu\u015fmas\u0131n\u0131 engeller.<\/strong><\/p>\n<p><strong>Meyvelerde asit \u015feker oran\u0131n\u0131 dengeler, renklenmesine etki eder, tat ce kokuyu artt\u0131r\u0131r. Don ve so\u011fuklar kar\u015f\u0131s\u0131nda dayan\u0131kl\u0131l\u0131\u011f\u0131n artmas\u0131n\u0131 sa\u011flar.<\/strong><\/p>\n<p><strong>Hububatta sap kalitesini artt\u0131rarak verim kay\u0131plar\u0131na neden olan ekin yatmalar\u0131n\u0131 engellemek i\u00e7in kullan\u0131l\u0131r.<\/strong><\/p>\n<p><strong>Top\u00e7u silahlar\u0131ndan namlu parlamas\u0131n\u0131 azaltmak i\u00e7in kullan\u0131l\u0131r.<\/strong><\/p>\n<p><strong>Makine y\u0131kama s\u0131v\u0131lar\u0131nda kullan\u0131l\u0131r.<\/strong><\/p>\n<p><strong>Tekstillerde ce i\u00e7 mekan boyalar\u0131n\u0131n \u00e7\u0131kar\u0131lmas\u0131nda kullan\u0131l\u0131r.<\/strong><\/p>\n<p><strong>Topra\u011f\u0131n verimini artt\u0131r\u0131r ve hastal\u0131k ve zararlar\u0131n\u0131n bitkiye giri\u015fini \u00f6nemli derecede engeller.<\/strong><\/p>\n<p><strong>\u00a0<\/strong><\/p>\n<p><strong>AMBALAJ <\/strong><\/p>\n<p><strong>1-5-25 kg ambalajlar halindedir.<\/strong><\/p>\n<p><strong>\u00a0<\/strong><\/p>\n<p><strong>DEPOLAMA <\/strong><\/p>\n<p><strong>Serin ve kuru bir alanda muhafaza ediniz.<\/strong><\/p>\n","protected":false},"excerpt":{"rendered":"<p>POTASYUM S\u00dcLFAT Potasyum s\u00fclfat, K2SO4 form\u00fcl\u00fcne sahip inorganik bir tuzdur. Potasyum s\u00fclfat\u0131n do\u011fal kaynaklar\u0131 Stassfurt tuzunda bolca bulunan minerallerdir. Potasyum<\/p>\n","protected":false},"featured_media":15871,"comment_status":"open","ping_status":"closed","template":"","meta":{"_joinchat":[]},"product_cat":[72,79],"product_tag":[],"class_list":{"0":"post-15870","1":"product","2":"type-product","3":"status-publish","4":"has-post-thumbnail","6":"product_cat-cam-ve-seramik-kimyasallari","7":"product_cat-tarim-kimyasallari","9":"first","10":"instock","11":"shipping-taxable","12":"purchasable","13":"product-type-variable"},"yoast_head":"<!-- This site is optimized with the Yoast SEO Premium plugin v20.2.1 (Yoast SEO v20.2.1) - https:\/\/yoast.com\/wordpress\/plugins\/seo\/ -->\n<title>POTASYUM S\u00dcLFAT - Akerkimya<\/title>\n<meta name=\"robots\" content=\"index, follow, max-snippet:-1, max-image-preview:large, max-video-preview:-1\" \/>\n<link rel=\"canonical\" href=\"https:\/\/akerkimya.com\/eticaret\/urun\/potasyum-sulfat\/\" \/>\n<meta property=\"og:locale\" content=\"tr_TR\" \/>\n<meta property=\"og:type\" content=\"article\" \/>\n<meta property=\"og:title\" content=\"POTASYUM S\u00dcLFAT\" \/>\n<meta property=\"og:description\" content=\"POTASYUM S\u00dcLFAT Potasyum s\u00fclfat, K2SO4 form\u00fcl\u00fcne sahip inorganik bir tuzdur. Potasyum s\u00fclfat\u0131n do\u011fal kaynaklar\u0131 Stassfurt tuzunda bolca bulunan minerallerdir. Potasyum\" \/>\n<meta property=\"og:url\" content=\"https:\/\/akerkimya.com\/eticaret\/urun\/potasyum-sulfat\/\" \/>\n<meta property=\"og:site_name\" content=\"Akerkimya\" \/>\n<meta property=\"article:modified_time\" content=\"2026-03-29T23:23:35+00:00\" \/>\n<meta property=\"og:image\" content=\"https:\/\/akerkimya.com\/eticaret\/wp-content\/uploads\/2024\/12\/POTASYUM-SULFAT-GUNCEL-.png\" \/>\n\t<meta property=\"og:image:width\" content=\"1000\" \/>\n\t<meta property=\"og:image:height\" content=\"1000\" \/>\n\t<meta property=\"og:image:type\" content=\"image\/png\" \/>\n<meta name=\"twitter:card\" content=\"summary_large_image\" \/>\n<meta name=\"twitter:label1\" content=\"Tahmini okuma s\u00fcresi\" \/>\n\t<meta name=\"twitter:data1\" content=\"2 dakika\" \/>\n<script type=\"application\/ld+json\" class=\"yoast-schema-graph\">{\"@context\":\"https:\/\/schema.org\",\"@graph\":[{\"@type\":\"WebPage\",\"@id\":\"https:\/\/akerkimya.com\/eticaret\/urun\/potasyum-sulfat\/\",\"url\":\"https:\/\/akerkimya.com\/eticaret\/urun\/potasyum-sulfat\/\",\"name\":\"POTASYUM S\u00dcLFAT - Akerkimya\",\"isPartOf\":{\"@id\":\"https:\/\/akerkimya.com\/eticaret\/#website\"},\"datePublished\":\"2024-12-27T14:02:59+00:00\",\"dateModified\":\"2026-03-29T23:23:35+00:00\",\"breadcrumb\":{\"@id\":\"https:\/\/akerkimya.com\/eticaret\/urun\/potasyum-sulfat\/#breadcrumb\"},\"inLanguage\":\"tr\",\"potentialAction\":[{\"@type\":\"ReadAction\",\"target\":[\"https:\/\/akerkimya.com\/eticaret\/urun\/potasyum-sulfat\/\"]}]},{\"@type\":\"BreadcrumbList\",\"@id\":\"https:\/\/akerkimya.com\/eticaret\/urun\/potasyum-sulfat\/#breadcrumb\",\"itemListElement\":[{\"@type\":\"ListItem\",\"position\":1,\"name\":\"Home\",\"item\":\"https:\/\/akerkimya.com\/eticaret\/\"},{\"@type\":\"ListItem\",\"position\":2,\"name\":\"Market\",\"item\":\"https:\/\/akerkimya.com\/eticaret\/market\/\"},{\"@type\":\"ListItem\",\"position\":3,\"name\":\"POTASYUM S\u00dcLFAT\"}]},{\"@type\":\"WebSite\",\"@id\":\"https:\/\/akerkimya.com\/eticaret\/#website\",\"url\":\"https:\/\/akerkimya.com\/eticaret\/\",\"name\":\"Akerkimya\",\"description\":\"\",\"potentialAction\":[{\"@type\":\"SearchAction\",\"target\":{\"@type\":\"EntryPoint\",\"urlTemplate\":\"https:\/\/akerkimya.com\/eticaret\/?s={search_term_string}\"},\"query-input\":\"required name=search_term_string\"}],\"inLanguage\":\"tr\"}]}<\/script>\n<!-- \/ Yoast SEO Premium plugin. -->","yoast_head_json":{"title":"POTASYUM S\u00dcLFAT - Akerkimya","robots":{"index":"index","follow":"follow","max-snippet":"max-snippet:-1","max-image-preview":"max-image-preview:large","max-video-preview":"max-video-preview:-1"},"canonical":"https:\/\/akerkimya.com\/eticaret\/urun\/potasyum-sulfat\/","og_locale":"tr_TR","og_type":"article","og_title":"POTASYUM S\u00dcLFAT","og_description":"POTASYUM S\u00dcLFAT Potasyum s\u00fclfat, K2SO4 form\u00fcl\u00fcne sahip inorganik bir tuzdur. Potasyum s\u00fclfat\u0131n do\u011fal kaynaklar\u0131 Stassfurt tuzunda bolca bulunan minerallerdir. Potasyum","og_url":"https:\/\/akerkimya.com\/eticaret\/urun\/potasyum-sulfat\/","og_site_name":"Akerkimya","article_modified_time":"2026-03-29T23:23:35+00:00","og_image":[{"width":1000,"height":1000,"url":"https:\/\/akerkimya.com\/eticaret\/wp-content\/uploads\/2024\/12\/POTASYUM-SULFAT-GUNCEL-.png","type":"image\/png"}],"twitter_card":"summary_large_image","twitter_misc":{"Tahmini okuma s\u00fcresi":"2 dakika"},"schema":{"@context":"https:\/\/schema.org","@graph":[{"@type":"WebPage","@id":"https:\/\/akerkimya.com\/eticaret\/urun\/potasyum-sulfat\/","url":"https:\/\/akerkimya.com\/eticaret\/urun\/potasyum-sulfat\/","name":"POTASYUM S\u00dcLFAT - Akerkimya","isPartOf":{"@id":"https:\/\/akerkimya.com\/eticaret\/#website"},"datePublished":"2024-12-27T14:02:59+00:00","dateModified":"2026-03-29T23:23:35+00:00","breadcrumb":{"@id":"https:\/\/akerkimya.com\/eticaret\/urun\/potasyum-sulfat\/#breadcrumb"},"inLanguage":"tr","potentialAction":[{"@type":"ReadAction","target":["https:\/\/akerkimya.com\/eticaret\/urun\/potasyum-sulfat\/"]}]},{"@type":"BreadcrumbList","@id":"https:\/\/akerkimya.com\/eticaret\/urun\/potasyum-sulfat\/#breadcrumb","itemListElement":[{"@type":"ListItem","position":1,"name":"Home","item":"https:\/\/akerkimya.com\/eticaret\/"},{"@type":"ListItem","position":2,"name":"Market","item":"https:\/\/akerkimya.com\/eticaret\/market\/"},{"@type":"ListItem","position":3,"name":"POTASYUM S\u00dcLFAT"}]},{"@type":"WebSite","@id":"https:\/\/akerkimya.com\/eticaret\/#website","url":"https:\/\/akerkimya.com\/eticaret\/","name":"Akerkimya","description":"","potentialAction":[{"@type":"SearchAction","target":{"@type":"EntryPoint","urlTemplate":"https:\/\/akerkimya.com\/eticaret\/?s={search_term_string}"},"query-input":"required name=search_term_string"}],"inLanguage":"tr"}]}},"_links":{"self":[{"href":"https:\/\/akerkimya.com\/eticaret\/wp-json\/wp\/v2\/product\/15870","targetHints":{"allow":["GET"]}}],"collection":[{"href":"https:\/\/akerkimya.com\/eticaret\/wp-json\/wp\/v2\/product"}],"about":[{"href":"https:\/\/akerkimya.com\/eticaret\/wp-json\/wp\/v2\/types\/product"}],"replies":[{"embeddable":true,"href":"https:\/\/akerkimya.com\/eticaret\/wp-json\/wp\/v2\/comments?post=15870"}],"version-history":[{"count":2,"href":"https:\/\/akerkimya.com\/eticaret\/wp-json\/wp\/v2\/product\/15870\/revisions"}],"predecessor-version":[{"id":16766,"href":"https:\/\/akerkimya.com\/eticaret\/wp-json\/wp\/v2\/product\/15870\/revisions\/16766"}],"wp:featuredmedia":[{"embeddable":true,"href":"https:\/\/akerkimya.com\/eticaret\/wp-json\/wp\/v2\/media\/15871"}],"wp:attachment":[{"href":"https:\/\/akerkimya.com\/eticaret\/wp-json\/wp\/v2\/media?parent=15870"}],"wp:term":[{"taxonomy":"product_cat","embeddable":true,"href":"https:\/\/akerkimya.com\/eticaret\/wp-json\/wp\/v2\/product_cat?post=15870"},{"taxonomy":"product_tag","embeddable":true,"href":"https:\/\/akerkimya.com\/eticaret\/wp-json\/wp\/v2\/product_tag?post=15870"}],"curies":[{"name":"wp","href":"https:\/\/api.w.org\/{rel}","templated":true}]}}