{"id":15889,"date":"2024-12-27T19:11:43","date_gmt":"2024-12-27T16:11:43","guid":{"rendered":"https:\/\/akerkimya.com\/eticaret\/?post_type=product&#038;p=15889"},"modified":"2026-03-30T02:23:37","modified_gmt":"2026-03-29T23:23:37","slug":"cam-elyaf-tozu","status":"publish","type":"product","link":"https:\/\/akerkimya.com\/eticaret\/urun\/cam-elyaf-tozu\/","title":{"rendered":"CAM ELYAF TOZU"},"content":{"rendered":"<h1>CAM ELYAF TOZU<\/h1>\n<p><strong>Cam elyaf tozu, cam elyaf tellerinin kesilmesi, \u00f6\u011f\u00fct\u00fclmesi ve elenmesiyle \u00fcretilir.<\/strong><\/p>\n<p><strong>\u00a0<\/strong><\/p>\n<p><strong>TEKN\u0130K \u00d6ZELL\u0130KLER\u0130<\/strong><\/p>\n<p><strong>F\u0130BER \u00c7API (NOM.): 14 um<\/strong><\/p>\n<p><strong>ELYAF UZUNLU\u011eU: 50 um<\/strong><\/p>\n<p><strong>CAM T\u0130P\u0130: E-cam<\/strong><\/p>\n<p><strong>NEML\u0130 \u0130\u00c7ER\u0130K: \u2264 0,05 wt%<\/strong><\/p>\n<p><strong>K\u00dcTLE YO\u011eUNLU\u011eU: approx. 920 kg\/m\u00b2<\/strong><\/p>\n<p><strong>RENK: Beyaz<\/strong><\/p>\n<p><strong>\u00a0<\/strong><\/p>\n<p><strong>KULLANIM ALANLARI<\/strong><\/p>\n<p><strong>Y\u00fcksek \u0131s\u0131ya dayan\u0131kl\u0131 conta-levha imalatlar\u0131nda kullan\u0131l\u0131r.<\/strong><\/p>\n<p><strong>Kompozit sekt\u00f6r\u00fcnde dolgu malzemesi olarak kullan\u0131l\u0131r.<\/strong><\/p>\n<p><strong>Epoksi, poli\u00fcretan, tamir macunlar\u0131nda dolgu malzemesi olarak kullan\u0131l\u0131r.<\/strong><\/p>\n<p><strong>Boya ve kimya sanayinde polyester macun olarak kullan\u0131l\u0131r. D\u0131\u015f cehpe boyalar\u0131nda yang\u0131na ve \u0131s\u0131ya dayan\u0131kl\u0131 ba\u011flay\u0131c\u0131lar ile yanmaz boya imalat\u0131nda kullan\u0131l\u0131r.<\/strong><\/p>\n<p><strong>\u0130n\u015faat sekt\u00f6r\u00fcnde mukavemet artt\u0131r\u0131c\u0131 olarak kullan\u0131lmaktad\u0131r.<\/strong><\/p>\n<p><strong>Beton yap\u0131m\u0131nda s\u0131z\u0131nt\u0131y\u0131 ve \u00e7atlamaya dayan\u0131kl\u0131 inorganik liflerini geli\u015ftirmek i\u00e7in kullan\u0131l\u0131r.<\/strong><\/p>\n<p><strong>Termoset re\u00e7inelerde dolgu takviye malzemesi olarak kullan\u0131l\u0131r.<\/strong><\/p>\n<p><strong>\u00a0<\/strong><\/p>\n<p><strong>AMBALAJ<\/strong><\/p>\n<p><strong>1-5-25 torbalar ve 100-750 kg bigbag halinde.<\/strong><\/p>\n<p><strong>\u00a0<\/strong><\/p>\n<p><strong>DEPOLAMA<\/strong><\/p>\n<p><strong>Serin ve kuru bir alanda muhafaza ediniz.<\/strong><\/p>\n<p><strong>\u00a0<\/strong><\/p>\n","protected":false},"excerpt":{"rendered":"<p>CAM ELYAF TOZU Cam elyaf tozu, cam elyaf tellerinin kesilmesi, \u00f6\u011f\u00fct\u00fclmesi ve elenmesiyle \u00fcretilir. \u00a0 TEKN\u0130K \u00d6ZELL\u0130KLER\u0130 F\u0130BER \u00c7API (NOM.):<\/p>\n","protected":false},"featured_media":15890,"comment_status":"open","ping_status":"closed","template":"","meta":{"_joinchat":[]},"product_cat":[70],"product_tag":[],"class_list":{"0":"post-15889","1":"product","2":"type-product","3":"status-publish","4":"has-post-thumbnail","6":"product_cat-boya-ve-yapi-kimyasallar","8":"first","9":"instock","10":"shipping-taxable","11":"purchasable","12":"product-type-variable"},"yoast_head":"<!-- This site is optimized with the Yoast SEO Premium plugin v20.2.1 (Yoast SEO v20.2.1) - https:\/\/yoast.com\/wordpress\/plugins\/seo\/ -->\n<title>CAM ELYAF TOZU - Akerkimya<\/title>\n<meta name=\"robots\" content=\"index, follow, max-snippet:-1, max-image-preview:large, max-video-preview:-1\" \/>\n<link rel=\"canonical\" href=\"https:\/\/akerkimya.com\/eticaret\/urun\/cam-elyaf-tozu\/\" \/>\n<meta property=\"og:locale\" content=\"tr_TR\" \/>\n<meta property=\"og:type\" content=\"article\" \/>\n<meta property=\"og:title\" content=\"CAM ELYAF TOZU\" \/>\n<meta property=\"og:description\" content=\"CAM ELYAF TOZU Cam elyaf tozu, cam elyaf tellerinin kesilmesi, \u00f6\u011f\u00fct\u00fclmesi ve elenmesiyle \u00fcretilir. \u00a0 TEKN\u0130K \u00d6ZELL\u0130KLER\u0130 F\u0130BER \u00c7API (NOM.):\" \/>\n<meta property=\"og:url\" content=\"https:\/\/akerkimya.com\/eticaret\/urun\/cam-elyaf-tozu\/\" \/>\n<meta property=\"og:site_name\" content=\"Akerkimya\" \/>\n<meta property=\"article:modified_time\" content=\"2026-03-29T23:23:37+00:00\" \/>\n<meta property=\"og:image\" content=\"https:\/\/akerkimya.com\/eticaret\/wp-content\/uploads\/2024\/12\/CAM-ELYAF-TOZU-GUNCEL.png\" \/>\n\t<meta property=\"og:image:width\" content=\"1000\" \/>\n\t<meta property=\"og:image:height\" content=\"1000\" \/>\n\t<meta property=\"og:image:type\" content=\"image\/png\" \/>\n<meta name=\"twitter:card\" content=\"summary_large_image\" \/>\n<meta name=\"twitter:label1\" content=\"Tahmini okuma s\u00fcresi\" \/>\n\t<meta name=\"twitter:data1\" content=\"1 dakika\" \/>\n<script type=\"application\/ld+json\" class=\"yoast-schema-graph\">{\"@context\":\"https:\/\/schema.org\",\"@graph\":[{\"@type\":\"WebPage\",\"@id\":\"https:\/\/akerkimya.com\/eticaret\/urun\/cam-elyaf-tozu\/\",\"url\":\"https:\/\/akerkimya.com\/eticaret\/urun\/cam-elyaf-tozu\/\",\"name\":\"CAM ELYAF TOZU - Akerkimya\",\"isPartOf\":{\"@id\":\"https:\/\/akerkimya.com\/eticaret\/#website\"},\"datePublished\":\"2024-12-27T16:11:43+00:00\",\"dateModified\":\"2026-03-29T23:23:37+00:00\",\"breadcrumb\":{\"@id\":\"https:\/\/akerkimya.com\/eticaret\/urun\/cam-elyaf-tozu\/#breadcrumb\"},\"inLanguage\":\"tr\",\"potentialAction\":[{\"@type\":\"ReadAction\",\"target\":[\"https:\/\/akerkimya.com\/eticaret\/urun\/cam-elyaf-tozu\/\"]}]},{\"@type\":\"BreadcrumbList\",\"@id\":\"https:\/\/akerkimya.com\/eticaret\/urun\/cam-elyaf-tozu\/#breadcrumb\",\"itemListElement\":[{\"@type\":\"ListItem\",\"position\":1,\"name\":\"Home\",\"item\":\"https:\/\/akerkimya.com\/eticaret\/\"},{\"@type\":\"ListItem\",\"position\":2,\"name\":\"Market\",\"item\":\"https:\/\/akerkimya.com\/eticaret\/market\/\"},{\"@type\":\"ListItem\",\"position\":3,\"name\":\"CAM ELYAF TOZU\"}]},{\"@type\":\"WebSite\",\"@id\":\"https:\/\/akerkimya.com\/eticaret\/#website\",\"url\":\"https:\/\/akerkimya.com\/eticaret\/\",\"name\":\"Akerkimya\",\"description\":\"\",\"potentialAction\":[{\"@type\":\"SearchAction\",\"target\":{\"@type\":\"EntryPoint\",\"urlTemplate\":\"https:\/\/akerkimya.com\/eticaret\/?s={search_term_string}\"},\"query-input\":\"required name=search_term_string\"}],\"inLanguage\":\"tr\"}]}<\/script>\n<!-- \/ Yoast SEO Premium plugin. -->","yoast_head_json":{"title":"CAM ELYAF TOZU - Akerkimya","robots":{"index":"index","follow":"follow","max-snippet":"max-snippet:-1","max-image-preview":"max-image-preview:large","max-video-preview":"max-video-preview:-1"},"canonical":"https:\/\/akerkimya.com\/eticaret\/urun\/cam-elyaf-tozu\/","og_locale":"tr_TR","og_type":"article","og_title":"CAM ELYAF TOZU","og_description":"CAM ELYAF TOZU Cam elyaf tozu, cam elyaf tellerinin kesilmesi, \u00f6\u011f\u00fct\u00fclmesi ve elenmesiyle \u00fcretilir. \u00a0 TEKN\u0130K \u00d6ZELL\u0130KLER\u0130 F\u0130BER \u00c7API (NOM.):","og_url":"https:\/\/akerkimya.com\/eticaret\/urun\/cam-elyaf-tozu\/","og_site_name":"Akerkimya","article_modified_time":"2026-03-29T23:23:37+00:00","og_image":[{"width":1000,"height":1000,"url":"https:\/\/akerkimya.com\/eticaret\/wp-content\/uploads\/2024\/12\/CAM-ELYAF-TOZU-GUNCEL.png","type":"image\/png"}],"twitter_card":"summary_large_image","twitter_misc":{"Tahmini okuma s\u00fcresi":"1 dakika"},"schema":{"@context":"https:\/\/schema.org","@graph":[{"@type":"WebPage","@id":"https:\/\/akerkimya.com\/eticaret\/urun\/cam-elyaf-tozu\/","url":"https:\/\/akerkimya.com\/eticaret\/urun\/cam-elyaf-tozu\/","name":"CAM ELYAF TOZU - Akerkimya","isPartOf":{"@id":"https:\/\/akerkimya.com\/eticaret\/#website"},"datePublished":"2024-12-27T16:11:43+00:00","dateModified":"2026-03-29T23:23:37+00:00","breadcrumb":{"@id":"https:\/\/akerkimya.com\/eticaret\/urun\/cam-elyaf-tozu\/#breadcrumb"},"inLanguage":"tr","potentialAction":[{"@type":"ReadAction","target":["https:\/\/akerkimya.com\/eticaret\/urun\/cam-elyaf-tozu\/"]}]},{"@type":"BreadcrumbList","@id":"https:\/\/akerkimya.com\/eticaret\/urun\/cam-elyaf-tozu\/#breadcrumb","itemListElement":[{"@type":"ListItem","position":1,"name":"Home","item":"https:\/\/akerkimya.com\/eticaret\/"},{"@type":"ListItem","position":2,"name":"Market","item":"https:\/\/akerkimya.com\/eticaret\/market\/"},{"@type":"ListItem","position":3,"name":"CAM ELYAF TOZU"}]},{"@type":"WebSite","@id":"https:\/\/akerkimya.com\/eticaret\/#website","url":"https:\/\/akerkimya.com\/eticaret\/","name":"Akerkimya","description":"","potentialAction":[{"@type":"SearchAction","target":{"@type":"EntryPoint","urlTemplate":"https:\/\/akerkimya.com\/eticaret\/?s={search_term_string}"},"query-input":"required name=search_term_string"}],"inLanguage":"tr"}]}},"_links":{"self":[{"href":"https:\/\/akerkimya.com\/eticaret\/wp-json\/wp\/v2\/product\/15889","targetHints":{"allow":["GET"]}}],"collection":[{"href":"https:\/\/akerkimya.com\/eticaret\/wp-json\/wp\/v2\/product"}],"about":[{"href":"https:\/\/akerkimya.com\/eticaret\/wp-json\/wp\/v2\/types\/product"}],"replies":[{"embeddable":true,"href":"https:\/\/akerkimya.com\/eticaret\/wp-json\/wp\/v2\/comments?post=15889"}],"version-history":[{"count":3,"href":"https:\/\/akerkimya.com\/eticaret\/wp-json\/wp\/v2\/product\/15889\/revisions"}],"predecessor-version":[{"id":18977,"href":"https:\/\/akerkimya.com\/eticaret\/wp-json\/wp\/v2\/product\/15889\/revisions\/18977"}],"wp:featuredmedia":[{"embeddable":true,"href":"https:\/\/akerkimya.com\/eticaret\/wp-json\/wp\/v2\/media\/15890"}],"wp:attachment":[{"href":"https:\/\/akerkimya.com\/eticaret\/wp-json\/wp\/v2\/media?parent=15889"}],"wp:term":[{"taxonomy":"product_cat","embeddable":true,"href":"https:\/\/akerkimya.com\/eticaret\/wp-json\/wp\/v2\/product_cat?post=15889"},{"taxonomy":"product_tag","embeddable":true,"href":"https:\/\/akerkimya.com\/eticaret\/wp-json\/wp\/v2\/product_tag?post=15889"}],"curies":[{"name":"wp","href":"https:\/\/api.w.org\/{rel}","templated":true}]}}