{"id":15903,"date":"2024-12-27T19:20:54","date_gmt":"2024-12-27T16:20:54","guid":{"rendered":"https:\/\/akerkimya.com\/eticaret\/?post_type=product&#038;p=15903"},"modified":"2026-05-06T09:31:46","modified_gmt":"2026-05-06T06:31:46","slug":"cinko-borat","status":"publish","type":"product","link":"https:\/\/akerkimya.com\/eticaret\/urun\/cinko-borat\/","title":{"rendered":"\u00c7\u0130NKO BORAT"},"content":{"rendered":"<h1>\u00c7\u0130NKO BORAT<\/h1>\n<p><strong>\u00c7inko Borat, 2ZnO.3B2O3.3,5H2O form\u00fcl\u00fcne sahip beyaz, viskoz toz yap\u0131da bir boratt\u0131r. Y\u00fcksek dehidrasyon s\u0131cakl\u0131\u011f\u0131na ( 290-300 \u00b0C) sahiptir. Borik asit (H3B03) ve \u00e7inko oksitin (Zn0) reaksiyonu sonucu elde edilir.<\/strong><\/p>\n<p><strong>\u00c7\u0130NKO BORAT \u00d6ZELL\u0130KLER\u0130<\/strong><\/p>\n<p><strong>Beyaz veya soluk sar\u0131 toz formundad\u0131r.<\/strong><\/p>\n<p><strong>\u00c7inko borat antimon oksit gibi di\u011fer yang\u0131n geciktirici katk\u0131 maddelerinin k\u0131smen veya tamamen yerine kullan\u0131labilir.<\/strong><\/p>\n<p><strong>Zehirli \u00f6zelli\u011fe sahip de\u011fildir.<\/strong><\/p>\n<p><strong>Nem absorplamaz.<\/strong><\/p>\n<p><strong>ATH ile birlikte kullan\u0131larak duman bast\u0131rma \u00f6zelli\u011fi kuvvetlendirilir.<\/strong><\/p>\n<p><strong>Kuvvetli asit ve bazlarla hidroliz olur.<\/strong><\/p>\n<p><strong>\u00a0<\/strong><\/p>\n<p><strong>TEKN\u0130K \u00d6ZELL\u0130KLER<\/strong><\/p>\n<p><strong>CAS NUMARASI: 138265-88-0\/ 12767-90-7<\/strong><\/p>\n<p><strong>K\u0130MYASAL FORM\u00dcL: 2Zn0.3B203.3,5H20<\/strong><\/p>\n<p><strong>K\u0130MYASAL ADI: \u00c7inko Borat<\/strong><\/p>\n<p><strong>\u00d6ZG\u00dcL A\u011eIRLIK: 2,71 (25 \u00b0C)<\/strong><\/p>\n<p><strong>MOLEK\u00dcL A\u011eIRLIK: 434,6 g\/mol<\/strong><\/p>\n<p><strong>ER\u0130ME NOKTASI: 650 \u00b0C<\/strong><\/p>\n<p><strong>YO\u011eUNLUK: 3,64 g\/cm\u00b3 (20 \u00b0C)<\/strong><\/p>\n<p><strong>\u00c7\u00d6Z\u00dcN\u00dcRL\u00dcK: Suda az \u00e7\u00f6z\u00fcn\u00fcr.<\/strong><\/p>\n<p><strong>PART\u0130K\u00dcL BOYUTU (D50,um): 10 max<\/strong><\/p>\n<p><strong>\u00a0<\/strong><\/p>\n<p><strong>K\u0130MYASAL\u0130\u00c7ER\u0130K<\/strong><\/p>\n<p><strong>B203: %46,80-49,20<\/strong><\/p>\n<p><strong>Zn0: %36,30-38,70<\/strong><\/p>\n<p><strong>\u00a0<\/strong><\/p>\n<p><strong>KULLANIM ALANLARI<\/strong><\/p>\n<p><strong>Polimer, ah\u015fap, tekstil gibi sekt\u00f6rlerde yayg\u0131n olarak kullan\u0131lan \u00e7inko borat, alev geciktirici ve duman bast\u0131r\u0131c\u0131 inorganik bir katk\u0131 maddesidir.<\/strong><\/p>\n<p><strong>Kablolarda, yanmaya dayan\u0131kl\u0131 boyalarda, kuma\u015flarda, elektrik\/elektronik par\u00e7alarda, yanmaya dayan\u0131kl\u0131 hal\u0131 kaplamalarda, otomobil\/u\u00e7ak i\u00e7 aksamalar\u0131nda yang\u0131n geciktirici olarak kullan\u0131l\u0131r.<\/strong><\/p>\n<p><strong>Polivinil klor\u00fcr, polietilen klor\u00fcr, polietilen, polipropilen, naylon, epoksi, poliesterler, termoplastik elastomerler ve kau\u00e7uklar gibi polimer sistemlerinde alev geciktirici, duman ve parlama bask\u0131lay\u0131c\u0131 ve anti-ark ajan olarak kullan\u0131l\u0131r.<\/strong><\/p>\n<p><strong>K\u00e2\u011f\u0131t end\u00fcstrisinde yang\u0131n geciktirici olarak kullan\u0131l\u0131r.<\/strong><\/p>\n<p><strong>Plastik malzemelerin \u00fcretiminde daha g\u00fc\u00e7l\u00fc, dayan\u0131kl\u0131 ve kaliteli \u00fcr\u00fcnlere d\u00f6n\u00fc\u015fmesini sa\u011flar.<\/strong><\/p>\n<p><strong>D\u00fc\u015f\u00fck pigment y\u00fck\u00fcn\u00fcn kullan\u0131lmas\u0131n\u0131 sa\u011flar ve \u00f6nemli \u00f6l\u00e7\u00fcde yar\u0131 saydaml\u0131\u011f\u0131 korur.<\/strong><\/p>\n<p><strong>Naylon ve poliesterde anti-ark \u00f6zelli\u011fi sa\u011flar.<\/strong><\/p>\n<p><strong>Metaller ve plastikler aras\u0131ndaki yap\u0131\u015fma \u00f6zelli\u011fi artt\u0131rmak i\u00e7in kullan\u0131l\u0131r.<\/strong><\/p>\n<p><strong>Yap\u0131 kimyasal malzemesi olarak kullan\u0131lan \u00c7inko Borat; PVC kaplamalar\u0131, MDF, EVA \u00fcr\u00fcnlerini daha dayan\u0131kl\u0131 hale getirmektedir.<\/strong><\/p>\n<p><strong>Seramik end\u00fcstrisinde, erime noktas\u0131 d\u00fc\u015f\u00fcr\u00fcc\u00fc olarak kullan\u0131l\u0131r.<\/strong><\/p>\n<p><strong>Ah\u015fap ak\u015famlar\u0131n korunmas\u0131 i\u00e7in mantar ve b\u00f6cek \u00f6ld\u00fcr\u00fcc\u00fc olarak kullan\u0131l\u0131r.<\/strong><\/p>\n<p><strong>Bor silikat cam\u0131 i\u00e7in hammadde olarak kullan\u0131l\u0131r.<\/strong><\/p>\n<p><strong>\u00c7inko borat, halojen i\u00e7eren ve halojen i\u00e7ermeyen sistemlerde Al(OH)2 \u0130LE birlikte kullan\u0131labilir.<\/strong><\/p>\n<p><strong>\u00a0<\/strong><\/p>\n<p><strong>AMBALAJ<\/strong><\/p>\n<p><strong>1-5-25 kg torbalarda<\/strong><\/p>\n<p><strong>\u00a0<\/strong><\/p>\n<p><strong>DEPOLAMA<\/strong><\/p>\n<p><strong>Serin ve kuru bir alanda muhafaza edilmelidir.<\/strong><\/p>\n<p><strong>\u00a0<\/strong><\/p>\n","protected":false},"excerpt":{"rendered":"<p>\u00c7\u0130NKO BORAT \u00c7inko Borat, 2ZnO.3B2O3.3,5H2O form\u00fcl\u00fcne sahip beyaz, viskoz toz yap\u0131da bir boratt\u0131r. Y\u00fcksek dehidrasyon s\u0131cakl\u0131\u011f\u0131na ( 290-300 \u00b0C) sahiptir.<\/p>\n","protected":false},"featured_media":18096,"comment_status":"open","ping_status":"closed","template":"","meta":{"_joinchat":[]},"product_cat":[70,72,77],"product_tag":[],"class_list":{"0":"post-15903","1":"product","2":"type-product","3":"status-publish","4":"has-post-thumbnail","6":"product_cat-boya-ve-yapi-kimyasallar","7":"product_cat-cam-ve-seramik-kimyasallari","8":"product_cat-kablo-imalati-kimyasallari","10":"first","11":"instock","12":"shipping-taxable","13":"purchasable","14":"product-type-variable"},"yoast_head":"<!-- This site is optimized with the Yoast SEO Premium plugin v20.2.1 (Yoast SEO v20.2.1) - https:\/\/yoast.com\/wordpress\/plugins\/seo\/ -->\n<title>\u00c7\u0130NKO BORAT - Akerkimya<\/title>\n<meta name=\"robots\" content=\"index, follow, max-snippet:-1, max-image-preview:large, max-video-preview:-1\" \/>\n<link rel=\"canonical\" href=\"https:\/\/akerkimya.com\/eticaret\/urun\/cinko-borat\/\" \/>\n<meta property=\"og:locale\" content=\"tr_TR\" \/>\n<meta property=\"og:type\" content=\"article\" \/>\n<meta property=\"og:title\" content=\"\u00c7\u0130NKO BORAT\" \/>\n<meta property=\"og:description\" content=\"\u00c7\u0130NKO BORAT \u00c7inko Borat, 2ZnO.3B2O3.3,5H2O form\u00fcl\u00fcne sahip beyaz, viskoz toz yap\u0131da bir boratt\u0131r. Y\u00fcksek dehidrasyon s\u0131cakl\u0131\u011f\u0131na ( 290-300 \u00b0C) sahiptir.\" \/>\n<meta property=\"og:url\" content=\"https:\/\/akerkimya.com\/eticaret\/urun\/cinko-borat\/\" \/>\n<meta property=\"og:site_name\" content=\"Akerkimya\" \/>\n<meta property=\"article:modified_time\" content=\"2026-05-06T06:31:46+00:00\" \/>\n<meta property=\"og:image\" content=\"https:\/\/akerkimya.com\/eticaret\/wp-content\/uploads\/2024\/12\/CINKO-BORAT-GUNCEL.png\" \/>\n\t<meta property=\"og:image:width\" content=\"1000\" \/>\n\t<meta property=\"og:image:height\" content=\"1000\" \/>\n\t<meta property=\"og:image:type\" content=\"image\/png\" \/>\n<meta name=\"twitter:card\" content=\"summary_large_image\" \/>\n<meta name=\"twitter:label1\" content=\"Tahmini okuma s\u00fcresi\" \/>\n\t<meta name=\"twitter:data1\" content=\"2 dakika\" \/>\n<script type=\"application\/ld+json\" class=\"yoast-schema-graph\">{\"@context\":\"https:\/\/schema.org\",\"@graph\":[{\"@type\":\"WebPage\",\"@id\":\"https:\/\/akerkimya.com\/eticaret\/urun\/cinko-borat\/\",\"url\":\"https:\/\/akerkimya.com\/eticaret\/urun\/cinko-borat\/\",\"name\":\"\u00c7\u0130NKO BORAT - Akerkimya\",\"isPartOf\":{\"@id\":\"https:\/\/akerkimya.com\/eticaret\/#website\"},\"datePublished\":\"2024-12-27T16:20:54+00:00\",\"dateModified\":\"2026-05-06T06:31:46+00:00\",\"breadcrumb\":{\"@id\":\"https:\/\/akerkimya.com\/eticaret\/urun\/cinko-borat\/#breadcrumb\"},\"inLanguage\":\"tr\",\"potentialAction\":[{\"@type\":\"ReadAction\",\"target\":[\"https:\/\/akerkimya.com\/eticaret\/urun\/cinko-borat\/\"]}]},{\"@type\":\"BreadcrumbList\",\"@id\":\"https:\/\/akerkimya.com\/eticaret\/urun\/cinko-borat\/#breadcrumb\",\"itemListElement\":[{\"@type\":\"ListItem\",\"position\":1,\"name\":\"Home\",\"item\":\"https:\/\/akerkimya.com\/eticaret\/\"},{\"@type\":\"ListItem\",\"position\":2,\"name\":\"Market\",\"item\":\"https:\/\/akerkimya.com\/eticaret\/market\/\"},{\"@type\":\"ListItem\",\"position\":3,\"name\":\"\u00c7\u0130NKO BORAT\"}]},{\"@type\":\"WebSite\",\"@id\":\"https:\/\/akerkimya.com\/eticaret\/#website\",\"url\":\"https:\/\/akerkimya.com\/eticaret\/\",\"name\":\"Akerkimya\",\"description\":\"\",\"potentialAction\":[{\"@type\":\"SearchAction\",\"target\":{\"@type\":\"EntryPoint\",\"urlTemplate\":\"https:\/\/akerkimya.com\/eticaret\/?s={search_term_string}\"},\"query-input\":\"required name=search_term_string\"}],\"inLanguage\":\"tr\"}]}<\/script>\n<!-- \/ Yoast SEO Premium plugin. -->","yoast_head_json":{"title":"\u00c7\u0130NKO BORAT - Akerkimya","robots":{"index":"index","follow":"follow","max-snippet":"max-snippet:-1","max-image-preview":"max-image-preview:large","max-video-preview":"max-video-preview:-1"},"canonical":"https:\/\/akerkimya.com\/eticaret\/urun\/cinko-borat\/","og_locale":"tr_TR","og_type":"article","og_title":"\u00c7\u0130NKO BORAT","og_description":"\u00c7\u0130NKO BORAT \u00c7inko Borat, 2ZnO.3B2O3.3,5H2O form\u00fcl\u00fcne sahip beyaz, viskoz toz yap\u0131da bir boratt\u0131r. Y\u00fcksek dehidrasyon s\u0131cakl\u0131\u011f\u0131na ( 290-300 \u00b0C) sahiptir.","og_url":"https:\/\/akerkimya.com\/eticaret\/urun\/cinko-borat\/","og_site_name":"Akerkimya","article_modified_time":"2026-05-06T06:31:46+00:00","og_image":[{"width":1000,"height":1000,"url":"https:\/\/akerkimya.com\/eticaret\/wp-content\/uploads\/2024\/12\/CINKO-BORAT-GUNCEL.png","type":"image\/png"}],"twitter_card":"summary_large_image","twitter_misc":{"Tahmini okuma s\u00fcresi":"2 dakika"},"schema":{"@context":"https:\/\/schema.org","@graph":[{"@type":"WebPage","@id":"https:\/\/akerkimya.com\/eticaret\/urun\/cinko-borat\/","url":"https:\/\/akerkimya.com\/eticaret\/urun\/cinko-borat\/","name":"\u00c7\u0130NKO BORAT - Akerkimya","isPartOf":{"@id":"https:\/\/akerkimya.com\/eticaret\/#website"},"datePublished":"2024-12-27T16:20:54+00:00","dateModified":"2026-05-06T06:31:46+00:00","breadcrumb":{"@id":"https:\/\/akerkimya.com\/eticaret\/urun\/cinko-borat\/#breadcrumb"},"inLanguage":"tr","potentialAction":[{"@type":"ReadAction","target":["https:\/\/akerkimya.com\/eticaret\/urun\/cinko-borat\/"]}]},{"@type":"BreadcrumbList","@id":"https:\/\/akerkimya.com\/eticaret\/urun\/cinko-borat\/#breadcrumb","itemListElement":[{"@type":"ListItem","position":1,"name":"Home","item":"https:\/\/akerkimya.com\/eticaret\/"},{"@type":"ListItem","position":2,"name":"Market","item":"https:\/\/akerkimya.com\/eticaret\/market\/"},{"@type":"ListItem","position":3,"name":"\u00c7\u0130NKO BORAT"}]},{"@type":"WebSite","@id":"https:\/\/akerkimya.com\/eticaret\/#website","url":"https:\/\/akerkimya.com\/eticaret\/","name":"Akerkimya","description":"","potentialAction":[{"@type":"SearchAction","target":{"@type":"EntryPoint","urlTemplate":"https:\/\/akerkimya.com\/eticaret\/?s={search_term_string}"},"query-input":"required name=search_term_string"}],"inLanguage":"tr"}]}},"_links":{"self":[{"href":"https:\/\/akerkimya.com\/eticaret\/wp-json\/wp\/v2\/product\/15903","targetHints":{"allow":["GET"]}}],"collection":[{"href":"https:\/\/akerkimya.com\/eticaret\/wp-json\/wp\/v2\/product"}],"about":[{"href":"https:\/\/akerkimya.com\/eticaret\/wp-json\/wp\/v2\/types\/product"}],"replies":[{"embeddable":true,"href":"https:\/\/akerkimya.com\/eticaret\/wp-json\/wp\/v2\/comments?post=15903"}],"version-history":[{"count":3,"href":"https:\/\/akerkimya.com\/eticaret\/wp-json\/wp\/v2\/product\/15903\/revisions"}],"predecessor-version":[{"id":21134,"href":"https:\/\/akerkimya.com\/eticaret\/wp-json\/wp\/v2\/product\/15903\/revisions\/21134"}],"wp:featuredmedia":[{"embeddable":true,"href":"https:\/\/akerkimya.com\/eticaret\/wp-json\/wp\/v2\/media\/18096"}],"wp:attachment":[{"href":"https:\/\/akerkimya.com\/eticaret\/wp-json\/wp\/v2\/media?parent=15903"}],"wp:term":[{"taxonomy":"product_cat","embeddable":true,"href":"https:\/\/akerkimya.com\/eticaret\/wp-json\/wp\/v2\/product_cat?post=15903"},{"taxonomy":"product_tag","embeddable":true,"href":"https:\/\/akerkimya.com\/eticaret\/wp-json\/wp\/v2\/product_tag?post=15903"}],"curies":[{"name":"wp","href":"https:\/\/api.w.org\/{rel}","templated":true}]}}