{"id":15914,"date":"2024-12-27T19:37:27","date_gmt":"2024-12-27T16:37:27","guid":{"rendered":"https:\/\/akerkimya.com\/eticaret\/?post_type=product&#038;p=15914"},"modified":"2026-03-30T02:24:33","modified_gmt":"2026-03-29T23:24:33","slug":"cinko-stearat","status":"publish","type":"product","link":"https:\/\/akerkimya.com\/eticaret\/urun\/cinko-stearat\/","title":{"rendered":"\u00c7\u0130NKO STEARAT"},"content":{"rendered":"<h1>\u00c7\u0130NKO STEARAT<\/h1>\n<p><strong>Renksiz bir metal sabunu olup. Su itici ajan olarak \u00f6zellikle \u00e7imento esasl\u0131 har\u00e7larda, izolasyon malzemelerinde ve derz malzemelerinde su iticilik istenen y\u00fczeylerde kullan\u0131l\u0131r.<\/strong><\/p>\n<p><strong>\u00c7inko Stearat, kayd\u0131r\u0131c\u0131 olarak da kullan\u0131l\u0131r. Kau\u00e7uk ve plastikler ile uyumludur. Yap\u0131 kimyasallar\u0131nda su itici olarak kullan\u0131l\u0131r<\/strong><\/p>\n<p><strong>\u00c7\u0130NKO STREAT \u00a0\u00d6ZELL\u0130KLER\u0130<\/strong><\/p>\n<p><strong>G\u00f6r\u00fcn\u00fc\u015f beyaz, ince toz, suda \u00e7\u00f6z\u00fcnmez. S\u0131cak, g\u00fc\u00e7l\u00fc mineral asitlerle kar\u0131\u015ft\u0131r\u0131ld\u0131\u011f\u0131nda, stearik asit ve bunlara tekab\u00fcl eden \u00e7inko s\u00fclfatlara ayr\u0131\u015f\u0131rlar. Plastik, makine m\u00fchendisli\u011fi, kau\u00e7uk, boya ve m\u00fcrekkep end\u00fcstrisinde ya\u011flay\u0131c\u0131lar, kayganla\u015ft\u0131rma maddeleri, \u0131s\u0131 dengeleyiciler, kal\u0131p ay\u0131r\u0131c\u0131 ajanlar ve h\u0131zland\u0131r\u0131c\u0131lar olarak yayg\u0131n olarak kullan\u0131l\u0131rlar.<\/strong><\/p>\n<p><strong>\u00c7inko Stearat, su bazl\u0131 boyalarda \u015feffafl\u0131k, anti-k\u00f6p\u00fcklenme, stabiliteyi sa\u011flama, h\u0131zl\u0131 kuruma hassasiyetini iyile\u015ftirmek i\u00e7in kullan\u0131l\u0131r.<\/strong><\/p>\n<p><strong>Su bazl\u0131 m\u00fcrekkeplerde ajan olarak kullan\u0131l\u0131r.<\/strong><\/p>\n<p><strong>\u00c7inko Stearat, tekstil \u00fcr\u00fcnlerinde y\u00fczeyin hidrrofobikli\u011fini art\u0131rmak i\u00e7in cilalama ajan\u0131 olarak kullan\u0131l\u0131r.<\/strong><\/p>\n<p><strong>Kozmetik \u00fcr\u00fcnlerde y\u00fczey p\u00fcr\u00fczs\u00fczl\u00fc\u011f\u00fcn\u00fc art\u0131rmak i\u00e7in kullan\u0131labilir.<\/strong><\/p>\n<p><strong>\u00c7inko Stearat, k\u00e2\u011f\u0131t end\u00fcstrisinde\u00a0 \u00f6zel k\u00e2\u011f\u0131tlar\u0131n ve termal k\u00e2\u011f\u0131tlar\u0131n y\u00fczeylerinde su ge\u00e7irimsizlik ajan\u0131 olarak kullan\u0131l\u0131r.<\/strong><\/p>\n<p><strong>Parlatma z\u0131mpara k\u00e2\u011f\u0131tlar\u0131nda cila \u00f6zelli\u011fini, a\u015f\u0131nmaya kar\u015f\u0131 diren\u00e7 ve y\u00fczeyin su direncini art\u0131rmak i\u00e7in kullan\u0131l\u0131r.<\/strong><\/p>\n<p><strong>\u00a0<\/strong><\/p>\n<p><strong>\u00c7\u0130NKO STEARAT TEKN\u0130K\u00a0\u00d6ZELL\u0130KLER\u00a0<\/strong><\/p>\n<p><strong>T\u0130P: Teknik<\/strong><\/p>\n<p><strong>FORM\u00dcL: [CH<sub>3<\/sub>(CH<sub>2<\/sub>)<sub>16<\/sub>COO]<sub>2<\/sub>Zn<\/strong><\/p>\n<p><strong>G\u00d6R\u00dcN\u00dcM: Beyaz toz<\/strong><\/p>\n<p><strong>CAS NO:\u00a0 557-05-1<\/strong><\/p>\n<p><strong>MOLEK\u00dcL A\u011eIRLI\u011eI: 623,33 g\/mol<\/strong><\/p>\n<p><strong>NEM :%0,98<\/strong><\/p>\n<p><strong>ER\u0130ME NOKTASI:120-124 C<\/strong><\/p>\n<p><strong>YO\u011eUNLUK:\u00a0 0,997 g\/cm3<\/strong><\/p>\n<p><strong>\u00c7\u00d6Z\u00dcN\u00dcRL\u00dcK: So\u011fuk suda \u00e7\u00f6z\u00fcnmez<\/strong><\/p>\n<p><strong>\u00a0<\/strong><\/p>\n<p><strong>\u00c7\u0130NKO STEARAT KULLANIM ALANLARI<\/strong><\/p>\n<p><strong>\u00c7inko Stearat, plastikler i\u00e7in bir stabiliz\u00f6r olarak kullan\u0131l\u0131r.<\/strong><\/p>\n<p><strong>Kozmetik end\u00fcstrisinde oldu\u011fu gibi plastik end\u00fcstrisinde bir plastikle\u015ftirici olarak kullan\u0131l\u0131r.<\/strong><\/p>\n<p><strong>Verniklerde, kaplama ve m\u00fcrekkeplerde d\u00fczle\u015ftirici ve kumla\u015ft\u0131r\u0131c\u0131 ajan olarak kullan\u0131l\u0131r.<\/strong><\/p>\n<p><strong>\u00c7inko Stearat, tablet \u00fcretiminde uygulan\u0131r.<\/strong><\/p>\n<p><strong>Kau\u00e7uklar i\u00e7in ya\u011flay\u0131c\u0131 kurutma ve tozla\u015ft\u0131r\u0131c\u0131 ajan olarak kullan\u0131l\u0131r.<\/strong><\/p>\n<p><strong>Kimyasal sentezlerde bir kataliz\u00f6r olarak kullan\u0131l\u0131r. Beton, kaya y\u00fcn\u00fc (sert y\u00fcn), tekstil ve k\u00e2\u011f\u0131tta bir su ge\u00e7irmezlik katk\u0131s\u0131 olarak kullan\u0131lmaktad\u0131r.<\/strong><\/p>\n<p><strong>\u00c7inko Stearat, \u00e7imento esasl\u0131 izolasyon \u00fcr\u00fcnlerinde su itici olarak kullan\u0131l\u0131r.<\/strong><\/p>\n<p><strong>\u00a0<\/strong><\/p>\n<p><strong>AMBALAJ<\/strong><\/p>\n<p><strong>1-5-20 kg torbalar halinde <\/strong><\/p>\n<p><strong>\u00a0<\/strong><\/p>\n<p><strong>DEPOLAMA<\/strong><\/p>\n<p><strong>G\u00fcne\u015f \u0131\u015f\u0131\u011f\u0131na temas etmeyen kuru ve serin yerlerde muhafaza ediniz.<\/strong><\/p>\n<h1><\/h1>\n<p><strong>\u00a0<\/strong><\/p>\n","protected":false},"excerpt":{"rendered":"<p>\u00c7\u0130NKO STEARAT Renksiz bir metal sabunu olup. Su itici ajan olarak \u00f6zellikle \u00e7imento esasl\u0131 har\u00e7larda, izolasyon malzemelerinde ve derz malzemelerinde<\/p>\n","protected":false},"featured_media":15915,"comment_status":"open","ping_status":"closed","template":"","meta":{"_joinchat":[]},"product_cat":[70,74],"product_tag":[],"class_list":{"0":"post-15914","1":"product","2":"type-product","3":"status-publish","4":"has-post-thumbnail","6":"product_cat-boya-ve-yapi-kimyasallar","7":"product_cat-deterjan-ve-kozmetik-kimyasallari","9":"first","10":"instock","11":"shipping-taxable","12":"purchasable","13":"product-type-variable"},"yoast_head":"<!-- This site is optimized with the Yoast SEO Premium plugin v20.2.1 (Yoast SEO v20.2.1) - https:\/\/yoast.com\/wordpress\/plugins\/seo\/ -->\n<title>\u00c7\u0130NKO STEARAT - Akerkimya<\/title>\n<meta name=\"robots\" content=\"index, follow, max-snippet:-1, max-image-preview:large, max-video-preview:-1\" \/>\n<link rel=\"canonical\" href=\"https:\/\/akerkimya.com\/eticaret\/urun\/cinko-stearat\/\" \/>\n<meta property=\"og:locale\" content=\"tr_TR\" \/>\n<meta property=\"og:type\" content=\"article\" \/>\n<meta property=\"og:title\" content=\"\u00c7\u0130NKO STEARAT\" \/>\n<meta property=\"og:description\" content=\"\u00c7\u0130NKO STEARAT Renksiz bir metal sabunu olup. Su itici ajan olarak \u00f6zellikle \u00e7imento esasl\u0131 har\u00e7larda, izolasyon malzemelerinde ve derz malzemelerinde\" \/>\n<meta property=\"og:url\" content=\"https:\/\/akerkimya.com\/eticaret\/urun\/cinko-stearat\/\" \/>\n<meta property=\"og:site_name\" content=\"Akerkimya\" \/>\n<meta property=\"article:modified_time\" content=\"2026-03-29T23:24:33+00:00\" \/>\n<meta property=\"og:image\" content=\"https:\/\/akerkimya.com\/eticaret\/wp-content\/uploads\/2024\/12\/CINKO-STEARAT-GUNCEL-.png\" \/>\n\t<meta property=\"og:image:width\" content=\"1000\" \/>\n\t<meta property=\"og:image:height\" content=\"1000\" \/>\n\t<meta property=\"og:image:type\" content=\"image\/png\" \/>\n<meta name=\"twitter:card\" content=\"summary_large_image\" \/>\n<meta name=\"twitter:label1\" content=\"Tahmini okuma s\u00fcresi\" \/>\n\t<meta name=\"twitter:data1\" content=\"2 dakika\" \/>\n<script type=\"application\/ld+json\" class=\"yoast-schema-graph\">{\"@context\":\"https:\/\/schema.org\",\"@graph\":[{\"@type\":\"WebPage\",\"@id\":\"https:\/\/akerkimya.com\/eticaret\/urun\/cinko-stearat\/\",\"url\":\"https:\/\/akerkimya.com\/eticaret\/urun\/cinko-stearat\/\",\"name\":\"\u00c7\u0130NKO STEARAT - Akerkimya\",\"isPartOf\":{\"@id\":\"https:\/\/akerkimya.com\/eticaret\/#website\"},\"datePublished\":\"2024-12-27T16:37:27+00:00\",\"dateModified\":\"2026-03-29T23:24:33+00:00\",\"breadcrumb\":{\"@id\":\"https:\/\/akerkimya.com\/eticaret\/urun\/cinko-stearat\/#breadcrumb\"},\"inLanguage\":\"tr\",\"potentialAction\":[{\"@type\":\"ReadAction\",\"target\":[\"https:\/\/akerkimya.com\/eticaret\/urun\/cinko-stearat\/\"]}]},{\"@type\":\"BreadcrumbList\",\"@id\":\"https:\/\/akerkimya.com\/eticaret\/urun\/cinko-stearat\/#breadcrumb\",\"itemListElement\":[{\"@type\":\"ListItem\",\"position\":1,\"name\":\"Home\",\"item\":\"https:\/\/akerkimya.com\/eticaret\/\"},{\"@type\":\"ListItem\",\"position\":2,\"name\":\"Market\",\"item\":\"https:\/\/akerkimya.com\/eticaret\/market\/\"},{\"@type\":\"ListItem\",\"position\":3,\"name\":\"\u00c7\u0130NKO STEARAT\"}]},{\"@type\":\"WebSite\",\"@id\":\"https:\/\/akerkimya.com\/eticaret\/#website\",\"url\":\"https:\/\/akerkimya.com\/eticaret\/\",\"name\":\"Akerkimya\",\"description\":\"\",\"potentialAction\":[{\"@type\":\"SearchAction\",\"target\":{\"@type\":\"EntryPoint\",\"urlTemplate\":\"https:\/\/akerkimya.com\/eticaret\/?s={search_term_string}\"},\"query-input\":\"required name=search_term_string\"}],\"inLanguage\":\"tr\"}]}<\/script>\n<!-- \/ Yoast SEO Premium plugin. -->","yoast_head_json":{"title":"\u00c7\u0130NKO STEARAT - Akerkimya","robots":{"index":"index","follow":"follow","max-snippet":"max-snippet:-1","max-image-preview":"max-image-preview:large","max-video-preview":"max-video-preview:-1"},"canonical":"https:\/\/akerkimya.com\/eticaret\/urun\/cinko-stearat\/","og_locale":"tr_TR","og_type":"article","og_title":"\u00c7\u0130NKO STEARAT","og_description":"\u00c7\u0130NKO STEARAT Renksiz bir metal sabunu olup. Su itici ajan olarak \u00f6zellikle \u00e7imento esasl\u0131 har\u00e7larda, izolasyon malzemelerinde ve derz malzemelerinde","og_url":"https:\/\/akerkimya.com\/eticaret\/urun\/cinko-stearat\/","og_site_name":"Akerkimya","article_modified_time":"2026-03-29T23:24:33+00:00","og_image":[{"width":1000,"height":1000,"url":"https:\/\/akerkimya.com\/eticaret\/wp-content\/uploads\/2024\/12\/CINKO-STEARAT-GUNCEL-.png","type":"image\/png"}],"twitter_card":"summary_large_image","twitter_misc":{"Tahmini okuma s\u00fcresi":"2 dakika"},"schema":{"@context":"https:\/\/schema.org","@graph":[{"@type":"WebPage","@id":"https:\/\/akerkimya.com\/eticaret\/urun\/cinko-stearat\/","url":"https:\/\/akerkimya.com\/eticaret\/urun\/cinko-stearat\/","name":"\u00c7\u0130NKO STEARAT - Akerkimya","isPartOf":{"@id":"https:\/\/akerkimya.com\/eticaret\/#website"},"datePublished":"2024-12-27T16:37:27+00:00","dateModified":"2026-03-29T23:24:33+00:00","breadcrumb":{"@id":"https:\/\/akerkimya.com\/eticaret\/urun\/cinko-stearat\/#breadcrumb"},"inLanguage":"tr","potentialAction":[{"@type":"ReadAction","target":["https:\/\/akerkimya.com\/eticaret\/urun\/cinko-stearat\/"]}]},{"@type":"BreadcrumbList","@id":"https:\/\/akerkimya.com\/eticaret\/urun\/cinko-stearat\/#breadcrumb","itemListElement":[{"@type":"ListItem","position":1,"name":"Home","item":"https:\/\/akerkimya.com\/eticaret\/"},{"@type":"ListItem","position":2,"name":"Market","item":"https:\/\/akerkimya.com\/eticaret\/market\/"},{"@type":"ListItem","position":3,"name":"\u00c7\u0130NKO STEARAT"}]},{"@type":"WebSite","@id":"https:\/\/akerkimya.com\/eticaret\/#website","url":"https:\/\/akerkimya.com\/eticaret\/","name":"Akerkimya","description":"","potentialAction":[{"@type":"SearchAction","target":{"@type":"EntryPoint","urlTemplate":"https:\/\/akerkimya.com\/eticaret\/?s={search_term_string}"},"query-input":"required name=search_term_string"}],"inLanguage":"tr"}]}},"_links":{"self":[{"href":"https:\/\/akerkimya.com\/eticaret\/wp-json\/wp\/v2\/product\/15914","targetHints":{"allow":["GET"]}}],"collection":[{"href":"https:\/\/akerkimya.com\/eticaret\/wp-json\/wp\/v2\/product"}],"about":[{"href":"https:\/\/akerkimya.com\/eticaret\/wp-json\/wp\/v2\/types\/product"}],"replies":[{"embeddable":true,"href":"https:\/\/akerkimya.com\/eticaret\/wp-json\/wp\/v2\/comments?post=15914"}],"version-history":[{"count":2,"href":"https:\/\/akerkimya.com\/eticaret\/wp-json\/wp\/v2\/product\/15914\/revisions"}],"predecessor-version":[{"id":16759,"href":"https:\/\/akerkimya.com\/eticaret\/wp-json\/wp\/v2\/product\/15914\/revisions\/16759"}],"wp:featuredmedia":[{"embeddable":true,"href":"https:\/\/akerkimya.com\/eticaret\/wp-json\/wp\/v2\/media\/15915"}],"wp:attachment":[{"href":"https:\/\/akerkimya.com\/eticaret\/wp-json\/wp\/v2\/media?parent=15914"}],"wp:term":[{"taxonomy":"product_cat","embeddable":true,"href":"https:\/\/akerkimya.com\/eticaret\/wp-json\/wp\/v2\/product_cat?post=15914"},{"taxonomy":"product_tag","embeddable":true,"href":"https:\/\/akerkimya.com\/eticaret\/wp-json\/wp\/v2\/product_tag?post=15914"}],"curies":[{"name":"wp","href":"https:\/\/api.w.org\/{rel}","templated":true}]}}