{"id":15926,"date":"2024-12-27T19:47:16","date_gmt":"2024-12-27T16:47:16","guid":{"rendered":"https:\/\/akerkimya.com\/eticaret\/?post_type=product&#038;p=15926"},"modified":"2026-03-30T02:23:37","modified_gmt":"2026-03-29T23:23:37","slug":"cinko-sulfat-monohidrat","status":"publish","type":"product","link":"https:\/\/akerkimya.com\/eticaret\/urun\/cinko-sulfat-monohidrat\/","title":{"rendered":"\u00c7\u0130NKO S\u00dcLFAT MONOH\u0130DRAT"},"content":{"rendered":"<h1>\u00c7\u0130NKO S\u00dcLFAT MONOH\u0130DRAT<\/h1>\n<p><strong>\u00c7inko s\u00fclfat, ZnSO4 form\u00fcl\u00fcne sahip beyaz kezzap olarak da bilinen \u00e7inko s\u00fclfat inorganik bir bile\u015fiktir. S\u00fclf\u00fcrik asit ve \u00e7inko oksit reaksiyonu ile elde edilir.\u00a0 Renksiz\/beyaz renkte kristalize bir bile\u015fiktir. Do\u011fal olarak besinlerde ve suda bulunmaktad\u0131r. En s\u0131k rastlanan formu ise heptahidratt\u0131r<\/strong><strong>.<\/strong><\/p>\n<p><strong>\u00c7\u0130NKO S\u00dcLFAT \u00d6ZELL\u0130KLER\u0130<\/strong><\/p>\n<p><strong>Beyaz, kristal toz g\u00f6r\u00fcn\u00fcm\u00fcndedir. Kokusuzdur.<\/strong><\/p>\n<p><strong>Suda tamamen \u00e7\u00f6z\u00fcn\u00fcr.<\/strong><\/p>\n<p><strong>Kararl\u0131l\u0131k olarak bulundu\u011fu ortam \u015fart\u0131na g\u00f6re k\u0131smi olarak hidroliz olmaktad\u0131r.<\/strong><\/p>\n<p><strong>Yan\u0131c\u0131 madde de\u011fildir.<\/strong><\/p>\n<p><strong>Higroskopik \u00f6zelliktedir.<\/strong><\/p>\n<p><strong>\u00a0<\/strong><\/p>\n<p><strong>TEKN\u0130K \u00d6ZELL\u0130KLER\u0130<\/strong><\/p>\n<p><strong>CAS NUMARASI: 7733-02-0, 7446-19-7<\/strong><\/p>\n<p><strong>EC NUMARASI: 231-793-3<\/strong><\/p>\n<p><strong>MOLEK\u00dcLER FORM\u00dcL: ZnSO4<\/strong><\/p>\n<p><strong>K\u0130MYASAL \u0130SM\u0130: \u00c7inko S\u00fclfat, Beyaz Kezzap, \u00c7inko Tozu<\/strong><\/p>\n<p><strong>MOLAR K\u00dcTLE: 161,47 g\/mol (susuz), 179,47 g\/mol (monohidrat), 287,53 g\/mol (heptahidrat)<\/strong><\/p>\n<p><strong>YO\u011eUNLUK: 3.54 g\/cm\u00b3 (susuz), 2.072 g\/cm\u00b3 (hekzahidrat)<\/strong><\/p>\n<p><strong>ERG\u0130ME NOKTASI: 680 \u00b0C \u00e7\u00fcr\u00fcme (susuz), 100 \u00b0C (heptahidrat) ,70 \u00b0C \u00e7\u00fcr\u00fcme (hekzahidrat)<\/strong><\/p>\n<p><strong>KAYNAMA NOKTASI: 740 \u00b0C (susuz), 280 \u00b0C (heptahidrat)<\/strong><\/p>\n<p><strong>SUDA \u00c7\u00d6Z\u00dcN\u00dcRL\u00dcK: 57.7 g\/100 Ml susuz (20 \u00b0C)<\/strong><\/p>\n<p><strong>\u00a0<\/strong><\/p>\n<p><strong>KULLANIM ALANLARI<\/strong><\/p>\n<p><strong>En yayg\u0131n kullan\u0131m alan\u0131 \u00e7inko eksikli\u011fini gidermek i\u00e7in besin takviyesi olarak kullan\u0131lmas\u0131d\u0131r.<\/strong><\/p>\n<p><strong>\u00c7inko s\u00fclfat, iyile\u015ftirici ve iltihaplanma \u00f6nleyici \u00f6zelliklerden dolay\u0131 akne tedavisinde kullan\u0131lmaktad\u0131r.<\/strong><\/p>\n<p><strong>Maden sekt\u00f6r\u00fcnde, baz\u0131 metal flotasyonunda kullan\u0131l\u0131r.<\/strong><\/p>\n<p><strong>Elektro kaplama i\u00e7in bir elektrolit olarak kullan\u0131l\u0131r.<\/strong><\/p>\n<p><strong>Di\u015f macunlar\u0131nda ve tar\u0131msal spreylerde \u00e7inko sa\u011flamak amac\u0131 ile kullan\u0131l\u0131r.<\/strong><\/p>\n<p><strong>\u00c7ay\u0131r ve meralarda otlar\u0131n sararmas\u0131n\u0131 \u00f6nler, h\u0131zl\u0131 b\u00fcy\u00fcmesini ve bol ol olu\u015fumunu te\u015fvik eder. Topra\u011f\u0131n ph\u2019 \u0131n\u0131 d\u00fczenler ve verimi \u00f6nemli \u00f6l\u00e7\u00fcde artt\u0131r\u0131r.<\/strong><\/p>\n<p><strong>Boya sekt\u00f6r\u00fcnde mordan olarak kullan\u0131lmaktad\u0131r.<\/strong><\/p>\n<p><strong>Madencilik sekt\u00f6r\u00fcnde kullan\u0131larak y\u00fczd\u00fcrme i\u015flemleri ger\u00e7ekle\u015ftirilir.<\/strong><\/p>\n<p><strong>Ah\u015fap koruyucu olarak kullan\u0131lmaktad\u0131r.<\/strong><\/p>\n<p><strong>Meyve a\u011fa\u00e7lar\u0131nda s\u00fcrg\u00fcn say\u0131s\u0131 ve meyve tutumunu artt\u0131r\u0131r, meyvede \u015fekil bozukluklar\u0131n\u0131 \u00f6nler ve \u00fcr\u00fcn\u00fcn Pazar de\u011ferini y\u00fckseltir.<\/strong><\/p>\n<p><strong>T\u0131pta oral rehidrasyon tedavisinde ve kan suland\u0131r\u0131c\u0131 ile birlikte kullan\u0131l\u0131r.<\/strong><\/p>\n<p><strong>\u00c7inko s\u00fclfat, demleme prosesinde \u00e7inko takviyesi i\u00e7in kullan\u0131labilir. \u00c7inko, en kaliteli maya performans\u0131 i\u00e7in gerekli bir takviyedir, fakat demleme i\u015fleminde s\u0131k olarak kullan\u0131lan tah\u0131llar zaten gerekli \u00e7inko sa\u011flar.<\/strong><\/p>\n<p><strong>\u0130la\u00e7 end\u00fcstrisinde, b\u00fcz\u00fcc\u00fc (kan dondurucu) olarak kullan\u0131l\u0131r.<\/strong><\/p>\n<p><strong>Yem end\u00fcstrisinde hayvanlar\u0131n \u00e7inko ihtiyac\u0131n\u0131n kar\u015f\u0131lanmas\u0131 i\u00e7in kullan\u0131l\u0131r.<\/strong><\/p>\n<p><strong>\u00c7at\u0131lardaki yosun olu\u015fumunu kontrol etmek i\u00e7in kullan\u0131l\u0131r.<\/strong><\/p>\n<p><strong>Deri sekt\u00f6r\u00fcnde koruyucu madde olarak kullan\u0131l\u0131r.<\/strong><\/p>\n<p><strong>Tarlada bulunan yabani otlar\u0131n yok edilmesi i\u00e7in kullan\u0131l\u0131r.<\/strong><\/p>\n<p><strong>Tiyo \u00fcre dioksit ile modifiye edilerek odun hamurunun a\u011fart\u0131lmas\u0131 i\u015fleminde kullan\u0131l\u0131r.<\/strong><\/p>\n<p><strong>Suni ipek \u00fcretiminde kullan\u0131l\u0131r. Ayn\u0131 zamanda litofon pigmentinin \u00f6nc\u00fcs\u00fcd\u00fcr.<\/strong><\/p>\n<p><strong>Viskos rayon \u00fcretiminde ve \u00e7inko kaplama elektrolitinde \u00e7\u00f6kt\u00fcrme banyolar\u0131n\u0131n \u00f6nemli bir bile\u015feni olarak kullan\u0131l\u0131r.<\/strong><\/p>\n<p><strong>Vernikler, yap\u0131\u015ft\u0131r\u0131c\u0131lar, titanyum dioksit \u00fcretimi, h\u0131zland\u0131r\u0131c\u0131 olarak kau\u00e7ukta kullan\u0131l\u0131r.<\/strong><\/p>\n<p><strong>\u00a0<\/strong><\/p>\n<p><strong>AMBALAJ<\/strong><\/p>\n<p><strong>1-5-25 kg Kraft torbalarda<\/strong><\/p>\n<p><strong>\u00a0<\/strong><\/p>\n<p><strong>DEPOLAMA<\/strong><\/p>\n<p><strong>Serin ve kuru yerde muhafaza edilmelidir. \u00dcr\u00fcn kullan\u0131ld\u0131ktan sonra torba a\u011fz\u0131 a\u00e7\u0131k b\u0131rak\u0131lmamal\u0131d\u0131r.<\/strong><\/p>\n<p><strong>\u00a0<\/strong><\/p>\n<p><strong>\u00a0<\/strong><\/p>\n","protected":false},"excerpt":{"rendered":"<p>\u00c7\u0130NKO S\u00dcLFAT MONOH\u0130DRAT \u00c7inko s\u00fclfat, ZnSO4 form\u00fcl\u00fcne sahip beyaz kezzap olarak da bilinen \u00e7inko s\u00fclfat inorganik bir bile\u015fiktir. S\u00fclf\u00fcrik asit<\/p>\n","protected":false},"featured_media":15927,"comment_status":"open","ping_status":"closed","template":"","meta":{"_joinchat":[]},"product_cat":[70,73,74,76,79,80,81],"product_tag":[],"class_list":{"0":"post-15926","1":"product","2":"type-product","3":"status-publish","4":"has-post-thumbnail","6":"product_cat-boya-ve-yapi-kimyasallar","7":"product_cat-deri-ve-tekstil-kimyasallari","8":"product_cat-deterjan-ve-kozmetik-kimyasallari","9":"product_cat-gida-ve-katki-kimyasallari","10":"product_cat-tarim-kimyasallari","11":"product_cat-veteriner-ve-ilac-kimyasallari","12":"product_cat-yem-katki-kimyasallari","14":"first","15":"instock","16":"shipping-taxable","17":"purchasable","18":"product-type-variable"},"yoast_head":"<!-- This site is optimized with the Yoast SEO Premium plugin v20.2.1 (Yoast SEO v20.2.1) - https:\/\/yoast.com\/wordpress\/plugins\/seo\/ -->\n<title>\u00c7\u0130NKO S\u00dcLFAT MONOH\u0130DRAT - Akerkimya<\/title>\n<meta name=\"robots\" content=\"index, follow, max-snippet:-1, max-image-preview:large, max-video-preview:-1\" \/>\n<link rel=\"canonical\" href=\"https:\/\/akerkimya.com\/eticaret\/urun\/cinko-sulfat-monohidrat\/\" \/>\n<meta property=\"og:locale\" content=\"tr_TR\" \/>\n<meta property=\"og:type\" content=\"article\" \/>\n<meta property=\"og:title\" content=\"\u00c7\u0130NKO S\u00dcLFAT MONOH\u0130DRAT\" \/>\n<meta property=\"og:description\" content=\"\u00c7\u0130NKO S\u00dcLFAT MONOH\u0130DRAT \u00c7inko s\u00fclfat, ZnSO4 form\u00fcl\u00fcne sahip beyaz kezzap olarak da bilinen \u00e7inko s\u00fclfat inorganik bir bile\u015fiktir. S\u00fclf\u00fcrik asit\" \/>\n<meta property=\"og:url\" content=\"https:\/\/akerkimya.com\/eticaret\/urun\/cinko-sulfat-monohidrat\/\" \/>\n<meta property=\"og:site_name\" content=\"Akerkimya\" \/>\n<meta property=\"article:modified_time\" content=\"2026-03-29T23:23:37+00:00\" \/>\n<meta property=\"og:image\" content=\"https:\/\/akerkimya.com\/eticaret\/wp-content\/uploads\/2024\/12\/CINKO-SULFAT-MONO-GUNCEL.png\" \/>\n\t<meta property=\"og:image:width\" content=\"1000\" \/>\n\t<meta property=\"og:image:height\" content=\"1000\" \/>\n\t<meta property=\"og:image:type\" content=\"image\/png\" \/>\n<meta name=\"twitter:card\" content=\"summary_large_image\" \/>\n<meta name=\"twitter:label1\" content=\"Tahmini okuma s\u00fcresi\" \/>\n\t<meta name=\"twitter:data1\" content=\"3 dakika\" \/>\n<script type=\"application\/ld+json\" class=\"yoast-schema-graph\">{\"@context\":\"https:\/\/schema.org\",\"@graph\":[{\"@type\":\"WebPage\",\"@id\":\"https:\/\/akerkimya.com\/eticaret\/urun\/cinko-sulfat-monohidrat\/\",\"url\":\"https:\/\/akerkimya.com\/eticaret\/urun\/cinko-sulfat-monohidrat\/\",\"name\":\"\u00c7\u0130NKO S\u00dcLFAT MONOH\u0130DRAT - Akerkimya\",\"isPartOf\":{\"@id\":\"https:\/\/akerkimya.com\/eticaret\/#website\"},\"datePublished\":\"2024-12-27T16:47:16+00:00\",\"dateModified\":\"2026-03-29T23:23:37+00:00\",\"breadcrumb\":{\"@id\":\"https:\/\/akerkimya.com\/eticaret\/urun\/cinko-sulfat-monohidrat\/#breadcrumb\"},\"inLanguage\":\"tr\",\"potentialAction\":[{\"@type\":\"ReadAction\",\"target\":[\"https:\/\/akerkimya.com\/eticaret\/urun\/cinko-sulfat-monohidrat\/\"]}]},{\"@type\":\"BreadcrumbList\",\"@id\":\"https:\/\/akerkimya.com\/eticaret\/urun\/cinko-sulfat-monohidrat\/#breadcrumb\",\"itemListElement\":[{\"@type\":\"ListItem\",\"position\":1,\"name\":\"Home\",\"item\":\"https:\/\/akerkimya.com\/eticaret\/\"},{\"@type\":\"ListItem\",\"position\":2,\"name\":\"Market\",\"item\":\"https:\/\/akerkimya.com\/eticaret\/market\/\"},{\"@type\":\"ListItem\",\"position\":3,\"name\":\"\u00c7\u0130NKO S\u00dcLFAT MONOH\u0130DRAT\"}]},{\"@type\":\"WebSite\",\"@id\":\"https:\/\/akerkimya.com\/eticaret\/#website\",\"url\":\"https:\/\/akerkimya.com\/eticaret\/\",\"name\":\"Akerkimya\",\"description\":\"\",\"potentialAction\":[{\"@type\":\"SearchAction\",\"target\":{\"@type\":\"EntryPoint\",\"urlTemplate\":\"https:\/\/akerkimya.com\/eticaret\/?s={search_term_string}\"},\"query-input\":\"required name=search_term_string\"}],\"inLanguage\":\"tr\"}]}<\/script>\n<!-- \/ Yoast SEO Premium plugin. -->","yoast_head_json":{"title":"\u00c7\u0130NKO S\u00dcLFAT MONOH\u0130DRAT - Akerkimya","robots":{"index":"index","follow":"follow","max-snippet":"max-snippet:-1","max-image-preview":"max-image-preview:large","max-video-preview":"max-video-preview:-1"},"canonical":"https:\/\/akerkimya.com\/eticaret\/urun\/cinko-sulfat-monohidrat\/","og_locale":"tr_TR","og_type":"article","og_title":"\u00c7\u0130NKO S\u00dcLFAT MONOH\u0130DRAT","og_description":"\u00c7\u0130NKO S\u00dcLFAT MONOH\u0130DRAT \u00c7inko s\u00fclfat, ZnSO4 form\u00fcl\u00fcne sahip beyaz kezzap olarak da bilinen \u00e7inko s\u00fclfat inorganik bir bile\u015fiktir. S\u00fclf\u00fcrik asit","og_url":"https:\/\/akerkimya.com\/eticaret\/urun\/cinko-sulfat-monohidrat\/","og_site_name":"Akerkimya","article_modified_time":"2026-03-29T23:23:37+00:00","og_image":[{"width":1000,"height":1000,"url":"https:\/\/akerkimya.com\/eticaret\/wp-content\/uploads\/2024\/12\/CINKO-SULFAT-MONO-GUNCEL.png","type":"image\/png"}],"twitter_card":"summary_large_image","twitter_misc":{"Tahmini okuma s\u00fcresi":"3 dakika"},"schema":{"@context":"https:\/\/schema.org","@graph":[{"@type":"WebPage","@id":"https:\/\/akerkimya.com\/eticaret\/urun\/cinko-sulfat-monohidrat\/","url":"https:\/\/akerkimya.com\/eticaret\/urun\/cinko-sulfat-monohidrat\/","name":"\u00c7\u0130NKO S\u00dcLFAT MONOH\u0130DRAT - Akerkimya","isPartOf":{"@id":"https:\/\/akerkimya.com\/eticaret\/#website"},"datePublished":"2024-12-27T16:47:16+00:00","dateModified":"2026-03-29T23:23:37+00:00","breadcrumb":{"@id":"https:\/\/akerkimya.com\/eticaret\/urun\/cinko-sulfat-monohidrat\/#breadcrumb"},"inLanguage":"tr","potentialAction":[{"@type":"ReadAction","target":["https:\/\/akerkimya.com\/eticaret\/urun\/cinko-sulfat-monohidrat\/"]}]},{"@type":"BreadcrumbList","@id":"https:\/\/akerkimya.com\/eticaret\/urun\/cinko-sulfat-monohidrat\/#breadcrumb","itemListElement":[{"@type":"ListItem","position":1,"name":"Home","item":"https:\/\/akerkimya.com\/eticaret\/"},{"@type":"ListItem","position":2,"name":"Market","item":"https:\/\/akerkimya.com\/eticaret\/market\/"},{"@type":"ListItem","position":3,"name":"\u00c7\u0130NKO S\u00dcLFAT MONOH\u0130DRAT"}]},{"@type":"WebSite","@id":"https:\/\/akerkimya.com\/eticaret\/#website","url":"https:\/\/akerkimya.com\/eticaret\/","name":"Akerkimya","description":"","potentialAction":[{"@type":"SearchAction","target":{"@type":"EntryPoint","urlTemplate":"https:\/\/akerkimya.com\/eticaret\/?s={search_term_string}"},"query-input":"required name=search_term_string"}],"inLanguage":"tr"}]}},"_links":{"self":[{"href":"https:\/\/akerkimya.com\/eticaret\/wp-json\/wp\/v2\/product\/15926","targetHints":{"allow":["GET"]}}],"collection":[{"href":"https:\/\/akerkimya.com\/eticaret\/wp-json\/wp\/v2\/product"}],"about":[{"href":"https:\/\/akerkimya.com\/eticaret\/wp-json\/wp\/v2\/types\/product"}],"replies":[{"embeddable":true,"href":"https:\/\/akerkimya.com\/eticaret\/wp-json\/wp\/v2\/comments?post=15926"}],"version-history":[{"count":2,"href":"https:\/\/akerkimya.com\/eticaret\/wp-json\/wp\/v2\/product\/15926\/revisions"}],"predecessor-version":[{"id":16757,"href":"https:\/\/akerkimya.com\/eticaret\/wp-json\/wp\/v2\/product\/15926\/revisions\/16757"}],"wp:featuredmedia":[{"embeddable":true,"href":"https:\/\/akerkimya.com\/eticaret\/wp-json\/wp\/v2\/media\/15927"}],"wp:attachment":[{"href":"https:\/\/akerkimya.com\/eticaret\/wp-json\/wp\/v2\/media?parent=15926"}],"wp:term":[{"taxonomy":"product_cat","embeddable":true,"href":"https:\/\/akerkimya.com\/eticaret\/wp-json\/wp\/v2\/product_cat?post=15926"},{"taxonomy":"product_tag","embeddable":true,"href":"https:\/\/akerkimya.com\/eticaret\/wp-json\/wp\/v2\/product_tag?post=15926"}],"curies":[{"name":"wp","href":"https:\/\/api.w.org\/{rel}","templated":true}]}}