{"id":15932,"date":"2024-12-27T22:08:43","date_gmt":"2024-12-27T19:08:43","guid":{"rendered":"https:\/\/akerkimya.com\/eticaret\/?post_type=product&#038;p=15932"},"modified":"2026-03-30T02:23:37","modified_gmt":"2026-03-29T23:23:37","slug":"demir-iii-klorur-hekzahidrat","status":"publish","type":"product","link":"https:\/\/akerkimya.com\/eticaret\/urun\/demir-iii-klorur-hekzahidrat\/","title":{"rendered":"DEM\u0130R III KLOR\u00dcR (HEKZAH\u0130DRAT)"},"content":{"rendered":"<h1>DEM\u0130R III KLOR\u00dcR (HEKZAH\u0130DRAT)<\/h1>\n<p><strong>Demir III klor\u00fcr, CI3Fe.6H2O form\u00fcl\u00fcne sahip bir kimyasald\u0131r. Sulu \u00e7\u00f6zeltisi olduk\u00e7a asidiktir ve proteinleri p\u0131ht\u0131la\u015ft\u0131rabilir.<\/strong><\/p>\n<p><strong>DEM\u0130R III KLOR\u00dcR \u00d6ZELL\u0130KLER\u0130<\/strong><\/p>\n<p><strong>Kahverengi- sar\u0131 renkte kat\u0131 formdad\u0131r.<\/strong><\/p>\n<p><strong>Kararl\u0131 bir kimyasald\u0131r.<\/strong><\/p>\n<p><strong>Sodyum ve potasyumla kar\u0131\u015f\u0131m\u0131 patlay\u0131c\u0131 madde olu\u015fur.<\/strong><\/p>\n<p><strong>\u00a0<\/strong><\/p>\n<p><strong>TEKN\u0130K \u00d6ZELL\u0130KLER\u0130<\/strong><\/p>\n<p><strong>CAS NUMARASI: 10025-77-1<\/strong><\/p>\n<p><strong>MOLEK\u00dcLER FORM\u00dcL: CI3Fe.6H2O<\/strong><\/p>\n<p><strong>MOLAR K\u00dcTLE: 270.3 g\/mol<\/strong><\/p>\n<p><strong>ER\u0130ME NOKTASI: 37 \u00b0C<\/strong><\/p>\n<p><strong>KAYNAMA NOKTASI: 280-285 \u00b0C<\/strong><\/p>\n<p><strong>\u00a0<\/strong><\/p>\n<p><strong>KULLANIM ALANLARI<\/strong><\/p>\n<p><strong>Demir III klor\u00fcr, kanalizasyon ve i\u00e7me suyu \u00fcretiminde kullan\u0131lmaktad\u0131r.<\/strong><\/p>\n<p><strong>Laboratuvarda aromatik bile\u015fiklerin klorlanmas\u0131 i\u00e7in kullan\u0131l\u0131r.<\/strong><\/p>\n<p><strong>Baz\u0131 reaksiyonlarda kuru reaktif olarak susuz formda kullan\u0131l\u0131r.<\/strong><\/p>\n<p><strong>Tekstil sekt\u00f6r\u00fcnde boya sabitlemek i\u00e7in kullan\u0131l\u0131r.<\/strong><\/p>\n<p><strong>Klor\u00fcr hidormetaurjisinde kimyasal y\u0131kamada kullan\u0131l\u0131r.<\/strong><\/p>\n<p><strong>Demir III klor\u00fcr, veteriner hekimli\u011finde, bir hayvan t\u0131rna\u011f\u0131n\u0131n z\u0131vanas\u0131n\u0131 tedavi etmek i\u00e7in kullan\u0131l\u0131r.<\/strong><\/p>\n<p><strong>Organik sentezde fenol bile\u015fiklerinin varl\u0131\u011f\u0131n\u0131 saptamak i\u00e7in kullan\u0131l\u0131r.<\/strong><\/p>\n<p><strong>\u0130\u00e7me suyu ar\u0131tma sekt\u00f6r\u00fcnde topakla\u015ft\u0131r\u0131c\u0131 olarak kullan\u0131l\u0131r.<\/strong><\/p>\n<p><strong>\u00c7amuru \u015fartland\u0131rmak i\u00e7in kullan\u0131l\u0131r.<\/strong><\/p>\n<p><strong>Bask\u0131l\u0131 devre kartlar\u0131 (PCB) yapmak i\u00e7i kullan\u0131l\u0131r.<\/strong><\/p>\n<p><strong>Demir III klor\u00fcr, metal end\u00fcstrisinde metallerin korozyona dayan\u0131kl\u0131l\u0131k testlerinde kullan\u0131lmaktad\u0131r.<\/strong><\/p>\n<p><strong>Baz\u0131 pigment ve m\u00fcrekkeplerin imalat\u0131nda klorlanma maddesi olarak kullan\u0131l\u0131r.<\/strong><\/p>\n<p><strong>Paslanmaz \u00e7eliklerin ve di\u011fer ala\u015f\u0131mlar\u0131n \u00e7ukur ve \u00e7atlak korozyon direncini test etmek i\u00e7in kullan\u0131l\u0131r.<\/strong><\/p>\n<p><strong>Aromatik maddelerin klorlanmas\u0131 reaksiyonunda kataliz\u00f6r kullan\u0131l\u0131r.<\/strong><\/p>\n<p><strong>Organik asitleri birincil aminlere hafif\u00e7e indirgemek i\u00e7in asetonitril i\u00e7inde NaI ile birlikte kullan\u0131l\u0131r.<\/strong><\/p>\n<p><strong>Demir III klor\u00fcr, bask\u0131 devre \u00e7\u0131karma uygulamas\u0131nda fazla bak\u0131r\u0131n yedirilmesi \/ a\u015f\u0131nd\u0131r\u0131lmas\u0131 amac\u0131yla kullan\u0131lmaktad\u0131r.<\/strong><\/p>\n<p><strong>Hayvan trombozu modelinde kullan\u0131l\u0131r.<\/strong><\/p>\n<p><strong>Bak\u0131r\u0131 a\u015f\u0131nd\u0131rmak i\u00e7in kullan\u0131l\u0131r.<\/strong><\/p>\n<p><strong>Enerji depolama sisteminde kullan\u0131l\u0131r.<\/strong><\/p>\n<p><strong>\u00a0<\/strong><\/p>\n<p><strong>AMBALAJ<\/strong><\/p>\n<p><strong>30 kg torbalar halindedir.<\/strong><\/p>\n<p><strong>\u00a0<\/strong><\/p>\n<p><strong>DEPOLAMA<\/strong><\/p>\n<p><strong>Serin ve kuru bir alanda muhafaza ediniz.<\/strong><\/p>\n<p><strong>\u00a0<\/strong><\/p>\n","protected":false},"excerpt":{"rendered":"<p>DEM\u0130R III KLOR\u00dcR (HEKZAH\u0130DRAT) Demir III klor\u00fcr, CI3Fe.6H2O form\u00fcl\u00fcne sahip bir kimyasald\u0131r. Sulu \u00e7\u00f6zeltisi olduk\u00e7a asidiktir ve proteinleri p\u0131ht\u0131la\u015ft\u0131rabilir. DEM\u0130R<\/p>\n","protected":false},"featured_media":15933,"comment_status":"open","ping_status":"closed","template":"","meta":{"_joinchat":[]},"product_cat":[70,73,78,80],"product_tag":[],"class_list":{"0":"post-15932","1":"product","2":"type-product","3":"status-publish","4":"has-post-thumbnail","6":"product_cat-boya-ve-yapi-kimyasallar","7":"product_cat-deri-ve-tekstil-kimyasallari","8":"product_cat-metal-dokum-kaplama","9":"product_cat-veteriner-ve-ilac-kimyasallari","11":"first","12":"instock","13":"shipping-taxable","14":"purchasable","15":"product-type-variable"},"yoast_head":"<!-- This site is optimized with the Yoast SEO Premium plugin v20.2.1 (Yoast SEO v20.2.1) - https:\/\/yoast.com\/wordpress\/plugins\/seo\/ -->\n<title>DEM\u0130R III KLOR\u00dcR (HEKZAH\u0130DRAT) - Akerkimya<\/title>\n<meta name=\"robots\" content=\"index, follow, max-snippet:-1, max-image-preview:large, max-video-preview:-1\" \/>\n<link rel=\"canonical\" href=\"https:\/\/akerkimya.com\/eticaret\/urun\/demir-iii-klorur-hekzahidrat\/\" \/>\n<meta property=\"og:locale\" content=\"tr_TR\" \/>\n<meta property=\"og:type\" content=\"article\" \/>\n<meta property=\"og:title\" content=\"DEM\u0130R III KLOR\u00dcR (HEKZAH\u0130DRAT)\" \/>\n<meta property=\"og:description\" content=\"DEM\u0130R III KLOR\u00dcR (HEKZAH\u0130DRAT) Demir III klor\u00fcr, CI3Fe.6H2O form\u00fcl\u00fcne sahip bir kimyasald\u0131r. Sulu \u00e7\u00f6zeltisi olduk\u00e7a asidiktir ve proteinleri p\u0131ht\u0131la\u015ft\u0131rabilir. DEM\u0130R\" \/>\n<meta property=\"og:url\" content=\"https:\/\/akerkimya.com\/eticaret\/urun\/demir-iii-klorur-hekzahidrat\/\" \/>\n<meta property=\"og:site_name\" content=\"Akerkimya\" \/>\n<meta property=\"article:modified_time\" content=\"2026-03-29T23:23:37+00:00\" \/>\n<meta property=\"og:image\" content=\"https:\/\/akerkimya.com\/eticaret\/wp-content\/uploads\/2024\/12\/DEMIR-3-KLORUR-HEKZAHIDRAT-GUNCEL-.png\" \/>\n\t<meta property=\"og:image:width\" content=\"1000\" \/>\n\t<meta property=\"og:image:height\" content=\"1000\" \/>\n\t<meta property=\"og:image:type\" content=\"image\/png\" \/>\n<meta name=\"twitter:card\" content=\"summary_large_image\" \/>\n<meta name=\"twitter:label1\" content=\"Tahmini okuma s\u00fcresi\" \/>\n\t<meta name=\"twitter:data1\" content=\"2 dakika\" \/>\n<script type=\"application\/ld+json\" class=\"yoast-schema-graph\">{\"@context\":\"https:\/\/schema.org\",\"@graph\":[{\"@type\":\"WebPage\",\"@id\":\"https:\/\/akerkimya.com\/eticaret\/urun\/demir-iii-klorur-hekzahidrat\/\",\"url\":\"https:\/\/akerkimya.com\/eticaret\/urun\/demir-iii-klorur-hekzahidrat\/\",\"name\":\"DEM\u0130R III KLOR\u00dcR (HEKZAH\u0130DRAT) - Akerkimya\",\"isPartOf\":{\"@id\":\"https:\/\/akerkimya.com\/eticaret\/#website\"},\"datePublished\":\"2024-12-27T19:08:43+00:00\",\"dateModified\":\"2026-03-29T23:23:37+00:00\",\"breadcrumb\":{\"@id\":\"https:\/\/akerkimya.com\/eticaret\/urun\/demir-iii-klorur-hekzahidrat\/#breadcrumb\"},\"inLanguage\":\"tr\",\"potentialAction\":[{\"@type\":\"ReadAction\",\"target\":[\"https:\/\/akerkimya.com\/eticaret\/urun\/demir-iii-klorur-hekzahidrat\/\"]}]},{\"@type\":\"BreadcrumbList\",\"@id\":\"https:\/\/akerkimya.com\/eticaret\/urun\/demir-iii-klorur-hekzahidrat\/#breadcrumb\",\"itemListElement\":[{\"@type\":\"ListItem\",\"position\":1,\"name\":\"Home\",\"item\":\"https:\/\/akerkimya.com\/eticaret\/\"},{\"@type\":\"ListItem\",\"position\":2,\"name\":\"Market\",\"item\":\"https:\/\/akerkimya.com\/eticaret\/market\/\"},{\"@type\":\"ListItem\",\"position\":3,\"name\":\"DEM\u0130R III KLOR\u00dcR (HEKZAH\u0130DRAT)\"}]},{\"@type\":\"WebSite\",\"@id\":\"https:\/\/akerkimya.com\/eticaret\/#website\",\"url\":\"https:\/\/akerkimya.com\/eticaret\/\",\"name\":\"Akerkimya\",\"description\":\"\",\"potentialAction\":[{\"@type\":\"SearchAction\",\"target\":{\"@type\":\"EntryPoint\",\"urlTemplate\":\"https:\/\/akerkimya.com\/eticaret\/?s={search_term_string}\"},\"query-input\":\"required name=search_term_string\"}],\"inLanguage\":\"tr\"}]}<\/script>\n<!-- \/ Yoast SEO Premium plugin. -->","yoast_head_json":{"title":"DEM\u0130R III KLOR\u00dcR (HEKZAH\u0130DRAT) - Akerkimya","robots":{"index":"index","follow":"follow","max-snippet":"max-snippet:-1","max-image-preview":"max-image-preview:large","max-video-preview":"max-video-preview:-1"},"canonical":"https:\/\/akerkimya.com\/eticaret\/urun\/demir-iii-klorur-hekzahidrat\/","og_locale":"tr_TR","og_type":"article","og_title":"DEM\u0130R III KLOR\u00dcR (HEKZAH\u0130DRAT)","og_description":"DEM\u0130R III KLOR\u00dcR (HEKZAH\u0130DRAT) Demir III klor\u00fcr, CI3Fe.6H2O form\u00fcl\u00fcne sahip bir kimyasald\u0131r. Sulu \u00e7\u00f6zeltisi olduk\u00e7a asidiktir ve proteinleri p\u0131ht\u0131la\u015ft\u0131rabilir. DEM\u0130R","og_url":"https:\/\/akerkimya.com\/eticaret\/urun\/demir-iii-klorur-hekzahidrat\/","og_site_name":"Akerkimya","article_modified_time":"2026-03-29T23:23:37+00:00","og_image":[{"width":1000,"height":1000,"url":"https:\/\/akerkimya.com\/eticaret\/wp-content\/uploads\/2024\/12\/DEMIR-3-KLORUR-HEKZAHIDRAT-GUNCEL-.png","type":"image\/png"}],"twitter_card":"summary_large_image","twitter_misc":{"Tahmini okuma s\u00fcresi":"2 dakika"},"schema":{"@context":"https:\/\/schema.org","@graph":[{"@type":"WebPage","@id":"https:\/\/akerkimya.com\/eticaret\/urun\/demir-iii-klorur-hekzahidrat\/","url":"https:\/\/akerkimya.com\/eticaret\/urun\/demir-iii-klorur-hekzahidrat\/","name":"DEM\u0130R III KLOR\u00dcR (HEKZAH\u0130DRAT) - Akerkimya","isPartOf":{"@id":"https:\/\/akerkimya.com\/eticaret\/#website"},"datePublished":"2024-12-27T19:08:43+00:00","dateModified":"2026-03-29T23:23:37+00:00","breadcrumb":{"@id":"https:\/\/akerkimya.com\/eticaret\/urun\/demir-iii-klorur-hekzahidrat\/#breadcrumb"},"inLanguage":"tr","potentialAction":[{"@type":"ReadAction","target":["https:\/\/akerkimya.com\/eticaret\/urun\/demir-iii-klorur-hekzahidrat\/"]}]},{"@type":"BreadcrumbList","@id":"https:\/\/akerkimya.com\/eticaret\/urun\/demir-iii-klorur-hekzahidrat\/#breadcrumb","itemListElement":[{"@type":"ListItem","position":1,"name":"Home","item":"https:\/\/akerkimya.com\/eticaret\/"},{"@type":"ListItem","position":2,"name":"Market","item":"https:\/\/akerkimya.com\/eticaret\/market\/"},{"@type":"ListItem","position":3,"name":"DEM\u0130R III KLOR\u00dcR (HEKZAH\u0130DRAT)"}]},{"@type":"WebSite","@id":"https:\/\/akerkimya.com\/eticaret\/#website","url":"https:\/\/akerkimya.com\/eticaret\/","name":"Akerkimya","description":"","potentialAction":[{"@type":"SearchAction","target":{"@type":"EntryPoint","urlTemplate":"https:\/\/akerkimya.com\/eticaret\/?s={search_term_string}"},"query-input":"required name=search_term_string"}],"inLanguage":"tr"}]}},"_links":{"self":[{"href":"https:\/\/akerkimya.com\/eticaret\/wp-json\/wp\/v2\/product\/15932","targetHints":{"allow":["GET"]}}],"collection":[{"href":"https:\/\/akerkimya.com\/eticaret\/wp-json\/wp\/v2\/product"}],"about":[{"href":"https:\/\/akerkimya.com\/eticaret\/wp-json\/wp\/v2\/types\/product"}],"replies":[{"embeddable":true,"href":"https:\/\/akerkimya.com\/eticaret\/wp-json\/wp\/v2\/comments?post=15932"}],"version-history":[{"count":3,"href":"https:\/\/akerkimya.com\/eticaret\/wp-json\/wp\/v2\/product\/15932\/revisions"}],"predecessor-version":[{"id":16756,"href":"https:\/\/akerkimya.com\/eticaret\/wp-json\/wp\/v2\/product\/15932\/revisions\/16756"}],"wp:featuredmedia":[{"embeddable":true,"href":"https:\/\/akerkimya.com\/eticaret\/wp-json\/wp\/v2\/media\/15933"}],"wp:attachment":[{"href":"https:\/\/akerkimya.com\/eticaret\/wp-json\/wp\/v2\/media?parent=15932"}],"wp:term":[{"taxonomy":"product_cat","embeddable":true,"href":"https:\/\/akerkimya.com\/eticaret\/wp-json\/wp\/v2\/product_cat?post=15932"},{"taxonomy":"product_tag","embeddable":true,"href":"https:\/\/akerkimya.com\/eticaret\/wp-json\/wp\/v2\/product_tag?post=15932"}],"curies":[{"name":"wp","href":"https:\/\/api.w.org\/{rel}","templated":true}]}}