{"id":15967,"date":"2024-12-27T22:40:49","date_gmt":"2024-12-27T19:40:49","guid":{"rendered":"https:\/\/akerkimya.com\/eticaret\/?post_type=product&#038;p=15967"},"modified":"2026-03-30T02:23:39","modified_gmt":"2026-03-29T23:23:39","slug":"demir-oksit-yesil","status":"publish","type":"product","link":"https:\/\/akerkimya.com\/eticaret\/urun\/demir-oksit-yesil\/","title":{"rendered":"DEM\u0130R OKS\u0130T YE\u015e\u0130L"},"content":{"rendered":"<h1>DEM\u0130R OKS\u0130T YE\u015e\u0130L<\/h1>\n<p><strong>Demir oksit k\u0131rm\u0131z\u0131 k\u00fc\u00e7\u00fck partik\u00fcl b\u00fcy\u00fckl\u00fc\u011f\u00fcne sahip, organik ve inorganik yap\u0131da olan kimyasal kokusuz tozdur. \u0130\u00e7eri\u011finde %60-90 aras\u0131 kan ta\u015f\u0131 da denilen hematit bulunur. Kimyasal bile\u015fimi ve yap\u0131s\u0131 nedeniyle \u0131\u015f\u0131k direnci, y\u00fckseklik s\u0131cakl\u0131k direnci, asit direnci, alkali direnci ve pas direncine sahiptir.<\/strong><\/p>\n<p><strong>TEKN\u0130K \u00d6ZELL\u0130KLER\u0130<\/strong><\/p>\n<p><strong>MOLEK\u00dcL A\u011eIRLI\u011eI: 159,7 GR\/ MOL<\/strong><\/p>\n<p><strong>ER\u0130ME NOKTASI: 1565 C<\/strong><\/p>\n<p><strong>F\u0130Z\u0130KSEL G\u00d6R\u00dcN\u00dcM: TOZ<\/strong><\/p>\n<p><strong>RENK: YE\u015e\u0130L<\/strong><\/p>\n<p><strong>SAFLIK DERECES\u0130: %60<\/strong><\/p>\n<p><strong>YO\u011eUNLU\u011eU: 5,24 GR \/ CM3<\/strong><\/p>\n<p><strong>\u00c7\u00d6Z\u00dcN\u00dcRL\u00dcK: Suda \u00e7\u00f6z\u00fcnmez. Baz\u0131 organik asitlerde \u00e7\u00f6z\u00fcn\u00fcr.<\/strong><\/p>\n<p><strong>\u00a0<\/strong><\/p>\n<p><strong>KULLANIM ALANLARI<\/strong><\/p>\n<p><strong>G\u0131da sekt\u00f6r\u00fcnde ve sanayide g\u0131da boyas\u0131 olarak kullan\u0131l\u0131r.<\/strong><\/p>\n<p><strong>\u00d6zellikle boya end\u00fcstrisinde farkl\u0131 renklerin \u00fcretilmesinde \u00f6nem kazanmaktad\u0131r.<\/strong><\/p>\n<p><strong>Plastik, lastik ve yap\u0131 malzemelerinin \u00fcretilme a\u015famas\u0131nda kullan\u0131l\u0131r.<\/strong><\/p>\n<p><strong>Har\u00e7, tu\u011fla ve fayans yap\u0131m\u0131nda kullan\u0131l\u0131r.<\/strong><\/p>\n<p><strong>\u0130la\u00e7 ve kozmetik \u00fcr\u00fcnleri i\u00e7erisinde kullan\u0131l\u0131r.<\/strong><\/p>\n<p><strong>Balata yap\u0131m\u0131nda kullan\u0131l\u0131r.<\/strong><\/p>\n<p><strong>Kau\u00e7uk parke ve zeminlerin \u00fcretilmesinde<\/strong><\/p>\n<p><strong>K\u00e2\u011f\u0131t \u00fcretim sanayisinde<\/strong><\/p>\n<p><strong>Elektronik ve manyetik m\u00fcrekkep \u00fcretiminde<\/strong><\/p>\n<p><strong>Kataliz\u00f6rler ve termitte kullan\u0131l\u0131r.<\/strong><\/p>\n<p><strong>Beton ve \u00e7imento bazl\u0131 \u00fcr\u00fcnlerde renklendirici olarak kullan\u0131l\u0131r..<\/strong><\/p>\n<p><strong>\u00a0<\/strong><\/p>\n<p><strong>AMBALAJ<\/strong><\/p>\n<p><strong>1-5-25 Kg Kraft torbalarda<\/strong><strong>.<\/strong><\/p>\n<p><strong>DEPOLAMA<\/strong><\/p>\n<p><strong>Serin ve nem olmayan yerlerde a\u011fz\u0131 kapal\u0131 olacak \u015fekilde muhafaza edilmelidir.<\/strong><\/p>\n<p><strong>\u00a0<\/strong><\/p>\n<p><strong>\u00a0<\/strong><\/p>\n","protected":false},"excerpt":{"rendered":"<p>DEM\u0130R OKS\u0130T YE\u015e\u0130L Demir oksit k\u0131rm\u0131z\u0131 k\u00fc\u00e7\u00fck partik\u00fcl b\u00fcy\u00fckl\u00fc\u011f\u00fcne sahip, organik ve inorganik yap\u0131da olan kimyasal kokusuz tozdur. \u0130\u00e7eri\u011finde %60-90<\/p>\n","protected":false},"featured_media":15968,"comment_status":"open","ping_status":"closed","template":"","meta":{"_joinchat":[]},"product_cat":[70,74,80],"product_tag":[],"class_list":{"0":"post-15967","1":"product","2":"type-product","3":"status-publish","4":"has-post-thumbnail","6":"product_cat-boya-ve-yapi-kimyasallar","7":"product_cat-deterjan-ve-kozmetik-kimyasallari","8":"product_cat-veteriner-ve-ilac-kimyasallari","10":"first","11":"instock","12":"shipping-taxable","13":"purchasable","14":"product-type-variable"},"yoast_head":"<!-- This site is optimized with the Yoast SEO Premium plugin v20.2.1 (Yoast SEO v20.2.1) - https:\/\/yoast.com\/wordpress\/plugins\/seo\/ -->\n<title>DEM\u0130R OKS\u0130T YE\u015e\u0130L - Akerkimya<\/title>\n<meta name=\"robots\" content=\"index, follow, max-snippet:-1, max-image-preview:large, max-video-preview:-1\" \/>\n<link rel=\"canonical\" href=\"https:\/\/akerkimya.com\/eticaret\/urun\/demir-oksit-yesil\/\" \/>\n<meta property=\"og:locale\" content=\"tr_TR\" \/>\n<meta property=\"og:type\" content=\"article\" \/>\n<meta property=\"og:title\" content=\"DEM\u0130R OKS\u0130T YE\u015e\u0130L\" \/>\n<meta property=\"og:description\" content=\"DEM\u0130R OKS\u0130T YE\u015e\u0130L Demir oksit k\u0131rm\u0131z\u0131 k\u00fc\u00e7\u00fck partik\u00fcl b\u00fcy\u00fckl\u00fc\u011f\u00fcne sahip, organik ve inorganik yap\u0131da olan kimyasal kokusuz tozdur. \u0130\u00e7eri\u011finde %60-90\" \/>\n<meta property=\"og:url\" content=\"https:\/\/akerkimya.com\/eticaret\/urun\/demir-oksit-yesil\/\" \/>\n<meta property=\"og:site_name\" content=\"Akerkimya\" \/>\n<meta property=\"article:modified_time\" content=\"2026-03-29T23:23:39+00:00\" \/>\n<meta property=\"og:image\" content=\"https:\/\/akerkimya.com\/eticaret\/wp-content\/uploads\/2024\/12\/DEMIR-OKSIT-YESIL-GUNCEL.png\" \/>\n\t<meta property=\"og:image:width\" content=\"1000\" \/>\n\t<meta property=\"og:image:height\" content=\"1000\" \/>\n\t<meta property=\"og:image:type\" content=\"image\/png\" \/>\n<meta name=\"twitter:card\" content=\"summary_large_image\" \/>\n<meta name=\"twitter:label1\" content=\"Tahmini okuma s\u00fcresi\" \/>\n\t<meta name=\"twitter:data1\" content=\"1 dakika\" \/>\n<script type=\"application\/ld+json\" class=\"yoast-schema-graph\">{\"@context\":\"https:\/\/schema.org\",\"@graph\":[{\"@type\":\"WebPage\",\"@id\":\"https:\/\/akerkimya.com\/eticaret\/urun\/demir-oksit-yesil\/\",\"url\":\"https:\/\/akerkimya.com\/eticaret\/urun\/demir-oksit-yesil\/\",\"name\":\"DEM\u0130R OKS\u0130T YE\u015e\u0130L - Akerkimya\",\"isPartOf\":{\"@id\":\"https:\/\/akerkimya.com\/eticaret\/#website\"},\"datePublished\":\"2024-12-27T19:40:49+00:00\",\"dateModified\":\"2026-03-29T23:23:39+00:00\",\"breadcrumb\":{\"@id\":\"https:\/\/akerkimya.com\/eticaret\/urun\/demir-oksit-yesil\/#breadcrumb\"},\"inLanguage\":\"tr\",\"potentialAction\":[{\"@type\":\"ReadAction\",\"target\":[\"https:\/\/akerkimya.com\/eticaret\/urun\/demir-oksit-yesil\/\"]}]},{\"@type\":\"BreadcrumbList\",\"@id\":\"https:\/\/akerkimya.com\/eticaret\/urun\/demir-oksit-yesil\/#breadcrumb\",\"itemListElement\":[{\"@type\":\"ListItem\",\"position\":1,\"name\":\"Home\",\"item\":\"https:\/\/akerkimya.com\/eticaret\/\"},{\"@type\":\"ListItem\",\"position\":2,\"name\":\"Market\",\"item\":\"https:\/\/akerkimya.com\/eticaret\/market\/\"},{\"@type\":\"ListItem\",\"position\":3,\"name\":\"DEM\u0130R OKS\u0130T YE\u015e\u0130L\"}]},{\"@type\":\"WebSite\",\"@id\":\"https:\/\/akerkimya.com\/eticaret\/#website\",\"url\":\"https:\/\/akerkimya.com\/eticaret\/\",\"name\":\"Akerkimya\",\"description\":\"\",\"potentialAction\":[{\"@type\":\"SearchAction\",\"target\":{\"@type\":\"EntryPoint\",\"urlTemplate\":\"https:\/\/akerkimya.com\/eticaret\/?s={search_term_string}\"},\"query-input\":\"required name=search_term_string\"}],\"inLanguage\":\"tr\"}]}<\/script>\n<!-- \/ Yoast SEO Premium plugin. -->","yoast_head_json":{"title":"DEM\u0130R OKS\u0130T YE\u015e\u0130L - Akerkimya","robots":{"index":"index","follow":"follow","max-snippet":"max-snippet:-1","max-image-preview":"max-image-preview:large","max-video-preview":"max-video-preview:-1"},"canonical":"https:\/\/akerkimya.com\/eticaret\/urun\/demir-oksit-yesil\/","og_locale":"tr_TR","og_type":"article","og_title":"DEM\u0130R OKS\u0130T YE\u015e\u0130L","og_description":"DEM\u0130R OKS\u0130T YE\u015e\u0130L Demir oksit k\u0131rm\u0131z\u0131 k\u00fc\u00e7\u00fck partik\u00fcl b\u00fcy\u00fckl\u00fc\u011f\u00fcne sahip, organik ve inorganik yap\u0131da olan kimyasal kokusuz tozdur. \u0130\u00e7eri\u011finde %60-90","og_url":"https:\/\/akerkimya.com\/eticaret\/urun\/demir-oksit-yesil\/","og_site_name":"Akerkimya","article_modified_time":"2026-03-29T23:23:39+00:00","og_image":[{"width":1000,"height":1000,"url":"https:\/\/akerkimya.com\/eticaret\/wp-content\/uploads\/2024\/12\/DEMIR-OKSIT-YESIL-GUNCEL.png","type":"image\/png"}],"twitter_card":"summary_large_image","twitter_misc":{"Tahmini okuma s\u00fcresi":"1 dakika"},"schema":{"@context":"https:\/\/schema.org","@graph":[{"@type":"WebPage","@id":"https:\/\/akerkimya.com\/eticaret\/urun\/demir-oksit-yesil\/","url":"https:\/\/akerkimya.com\/eticaret\/urun\/demir-oksit-yesil\/","name":"DEM\u0130R OKS\u0130T YE\u015e\u0130L - Akerkimya","isPartOf":{"@id":"https:\/\/akerkimya.com\/eticaret\/#website"},"datePublished":"2024-12-27T19:40:49+00:00","dateModified":"2026-03-29T23:23:39+00:00","breadcrumb":{"@id":"https:\/\/akerkimya.com\/eticaret\/urun\/demir-oksit-yesil\/#breadcrumb"},"inLanguage":"tr","potentialAction":[{"@type":"ReadAction","target":["https:\/\/akerkimya.com\/eticaret\/urun\/demir-oksit-yesil\/"]}]},{"@type":"BreadcrumbList","@id":"https:\/\/akerkimya.com\/eticaret\/urun\/demir-oksit-yesil\/#breadcrumb","itemListElement":[{"@type":"ListItem","position":1,"name":"Home","item":"https:\/\/akerkimya.com\/eticaret\/"},{"@type":"ListItem","position":2,"name":"Market","item":"https:\/\/akerkimya.com\/eticaret\/market\/"},{"@type":"ListItem","position":3,"name":"DEM\u0130R OKS\u0130T YE\u015e\u0130L"}]},{"@type":"WebSite","@id":"https:\/\/akerkimya.com\/eticaret\/#website","url":"https:\/\/akerkimya.com\/eticaret\/","name":"Akerkimya","description":"","potentialAction":[{"@type":"SearchAction","target":{"@type":"EntryPoint","urlTemplate":"https:\/\/akerkimya.com\/eticaret\/?s={search_term_string}"},"query-input":"required name=search_term_string"}],"inLanguage":"tr"}]}},"_links":{"self":[{"href":"https:\/\/akerkimya.com\/eticaret\/wp-json\/wp\/v2\/product\/15967","targetHints":{"allow":["GET"]}}],"collection":[{"href":"https:\/\/akerkimya.com\/eticaret\/wp-json\/wp\/v2\/product"}],"about":[{"href":"https:\/\/akerkimya.com\/eticaret\/wp-json\/wp\/v2\/types\/product"}],"replies":[{"embeddable":true,"href":"https:\/\/akerkimya.com\/eticaret\/wp-json\/wp\/v2\/comments?post=15967"}],"version-history":[{"count":2,"href":"https:\/\/akerkimya.com\/eticaret\/wp-json\/wp\/v2\/product\/15967\/revisions"}],"predecessor-version":[{"id":16749,"href":"https:\/\/akerkimya.com\/eticaret\/wp-json\/wp\/v2\/product\/15967\/revisions\/16749"}],"wp:featuredmedia":[{"embeddable":true,"href":"https:\/\/akerkimya.com\/eticaret\/wp-json\/wp\/v2\/media\/15968"}],"wp:attachment":[{"href":"https:\/\/akerkimya.com\/eticaret\/wp-json\/wp\/v2\/media?parent=15967"}],"wp:term":[{"taxonomy":"product_cat","embeddable":true,"href":"https:\/\/akerkimya.com\/eticaret\/wp-json\/wp\/v2\/product_cat?post=15967"},{"taxonomy":"product_tag","embeddable":true,"href":"https:\/\/akerkimya.com\/eticaret\/wp-json\/wp\/v2\/product_tag?post=15967"}],"curies":[{"name":"wp","href":"https:\/\/api.w.org\/{rel}","templated":true}]}}