{"id":15979,"date":"2024-12-27T22:57:22","date_gmt":"2024-12-27T19:57:22","guid":{"rendered":"https:\/\/akerkimya.com\/eticaret\/?post_type=product&#038;p=15979"},"modified":"2026-03-30T02:23:39","modified_gmt":"2026-03-29T23:23:39","slug":"demir-sulfat-monohidrat","status":"publish","type":"product","link":"https:\/\/akerkimya.com\/eticaret\/urun\/demir-sulfat-monohidrat\/","title":{"rendered":"DEM\u0130R S\u00dcLFAT MONOH\u0130DRAT"},"content":{"rendered":"<h1>DEM\u0130R S\u00dcLFAT MONOH\u0130DRAT<\/h1>\n<p><strong>FeSO4 FORM\u00dcLL\u00dc olan Demir S\u00fclfat demirin bir t\u00fcr\u00fc olan demir tuzudur. Bu \u00fcr\u00fcne ayr\u0131yeten demir(II) s\u00fclfat, ye\u015fil vitriol, demir vitriol, copperas da denir. Do\u011fal haliyle kat\u0131 mineral k\u00fc\u00e7\u00fck kristalleri and\u0131r\u0131r. Demir \u00fczerindeki s\u00fclf\u00fcrik asitin etkisinden dolay\u0131 ortaya \u00e7\u0131kan kimyasal demir s\u00fclfatt\u0131r.<\/strong><\/p>\n<p><strong>DEM\u0130R S\u00dcLFAT MONOH\u0130DRAT \u00d6ZELL\u0130KLER\u0130<\/strong><\/p>\n<p><strong>Kokusuzdur.<\/strong><\/p>\n<p><strong>7 suludur. Bunlar; unhidrat (susuz), monohidrat (1- tek sulu), pentahidrat (5- be\u015f sulu), heptahidrat (7- yedi sulu), \u015feklinde ayr\u0131l\u0131r.<\/strong><\/p>\n<p><strong>\u00a0<\/strong><\/p>\n<p><strong>TEKN\u0130K \u00d6ZELL\u0130KLER\u0130<\/strong><\/p>\n<p><strong>CAS NUMARASI:\u00a07720-78-7<\/strong><\/p>\n<p><strong>EC NUMARASI:\u00a0231-752-5 CHEMBL 1200830<\/strong><\/p>\n<p><strong>K\u0130MYASAL ADI:\u00a0Demir S\u00fclfat Monohidrat<\/strong><\/p>\n<p><strong>K\u0130MYASAL FORM\u00dcL\u00dc:\u00a0FeSO4<\/strong><\/p>\n<p><strong>G\u00d6R\u00dcN\u00dcM\u00dc:\u00a0Ye\u015fil, mavi veya beyaz kristaller<\/strong><\/p>\n<p><strong>MOLEK\u00dcLER A\u011eIRLIK:\u00a0151.908 g\/mol (susuz) 169.92 g\/mol (monohidrat)<\/strong><\/p>\n<p><strong>ER\u0130ME NOKTASI:\u00a070 \u00b0C (heptahidrat dehidratasyon) 400 \u00b0C (\u00e7\u00fcr\u00fcme)<\/strong><\/p>\n<p><strong>KAYNAMA NOKTASI:\u00a0300 \u00b0C<\/strong><\/p>\n<p><strong>YO\u011eUNLUK:\u00a03,65 g\/cm\u00b3 (susuz)<\/strong><\/p>\n<p><strong>SAFLIK DERECES\u0130 (%):\u00a095<\/strong><\/p>\n<p><strong>\u00c7\u00d6Z\u00dcN\u00dcRL\u00dcK:\u00a025.6 g\/100 ml (susuz) 48.6 g\/100 ml (heptahidrat) (50 \u00b0C)<\/strong><\/p>\n<p><strong>PH ARALI\u011eI:\u00a03-5<\/strong><\/p>\n<p><strong>FeO M\u0130KTARI (%):\u00a042.23<\/strong><\/p>\n<p><strong>Fe \u0130\u00c7ER\u0130K (%):\u00a031<\/strong><\/p>\n<p><strong>\u00a0<\/strong><\/p>\n<p><strong>KULLANIM ALANLARI<\/strong><\/p>\n<p><strong>Tar\u0131msal \u00fcretimde, bitkilerin demir eksikli\u011finin \u00f6nlenmesinde gran\u00fcl bir g\u00fcbre olarak kullan\u0131l\u0131r.<\/strong><\/p>\n<p><strong>Rulo \u00e7imlerin alt k\u0131sm\u0131nda yosun \u00f6nleyici olarak kullan\u0131l\u0131r.<\/strong><\/p>\n<p><strong>End\u00fcstriyel alanda, at\u0131k ar\u0131t\u0131m\u0131nda, krom indirgenmesinde kullan\u0131l\u0131r.<\/strong><\/p>\n<p><strong>Fosfat bertaraf\u0131, Hidrojen-s\u00fclfid bertaraf\u0131nda kullan\u0131l\u0131r.<\/strong><\/p>\n<p><strong>\u0130\u00e7me suyunun ar\u0131t\u0131m\u0131 ve \u00e7amur olu\u015fumlar\u0131n\u0131n azalt\u0131lmas\u0131nda kullan\u0131l\u0131r.<\/strong><\/p>\n<p><strong>Alkali topraklar\u0131 asitlendirmeye yard\u0131mc\u0131 olur.<\/strong><\/p>\n<p><strong>S\u00fclfat topraklar\u0131 asitlendirir ve iyi yapraklar\u0131 \u00e7im b\u00fcy\u00fcmesini te\u015fvik eder ayn\u0131 zamanda bah\u00e7edeki solucanlar\u0131n bast\u0131r\u0131lmas\u0131n\u0131 sa\u011flar.<\/strong><\/p>\n<p><strong>Di\u011fer demir bile\u015fikleriyle birlikte demirli s\u00fclfat, g\u0131dalar\u0131 g\u00fc\u00e7lendirmek ve demir eksikli\u011fini tedavi etmek ve \u00f6nlemek i\u00e7in kullan\u0131l\u0131r.<\/strong><\/p>\n<p><strong>Demir s\u00fclfat, orta ya\u015flardan on sekizinci y\u00fczy\u0131l\u0131n sonuna kadar kullan\u0131lan m\u00fcrekkeplerin en \u00f6nemlisi de demir tutkal m\u00fcrekkebinin imalat\u0131nda kullan\u0131lm\u0131\u015ft\u0131r.<\/strong><\/p>\n<p><strong>End\u00fcstriyel \u00f6l\u00e7ekte demir s\u00fclfat, \u00e7o\u011funlukla \u00e7elik end\u00fcstrisinin yan \u00fcr\u00fcn\u00fc olarak aitleme i\u015fleminde \u00fcretilir. Metal safs\u0131zl\u0131klar\u0131 gidermek i\u00e7in \u00e7eli\u011fin y\u00fczeyi seyreltik s\u00fclf\u00fcrik asit ile temizlendi\u011finde elde edilir.<\/strong><\/p>\n<p><strong>Meyve ve sebzelerin renk olu\u015fturucusu olarak kullan\u0131l\u0131r. Organik asitlerin neden old\u0131\u011fu renk de\u011fi\u015fikli\u011fini \u00f6nlemek i\u00e7in pigmentiyle stabil kompleks tuz olu\u015fturabilir.<\/strong><\/p>\n<p><strong>Konserve siyah zeytini renklendirmek i\u00e7in yapay renklendirici olarak kullan\u0131l\u0131r.<\/strong><\/p>\n<p><strong>Betonu, kumta\u015flar\u0131n\u0131 ve kire\u00e7ta\u015flar\u0131n\u0131 sar\u0131ms\u0131 pas rengiyle boyamak i\u00e7in kullan\u0131l\u0131r.<\/strong><\/p>\n<p><strong>Boyamada bir mordan olarak kullan\u0131l\u0131r. Yaz\u0131 m\u00fcrekkebinin bir bile\u015feni olarak, galvanik banyolarda, radyasyon dozimetrelerinde, litografi ve grav\u00fcrde kullan\u0131lmaktad\u0131r.<\/strong><\/p>\n<p><strong>Metalik alt\u0131n\u0131 \u00e7\u00f6kt\u00fcrmek i\u00e7in alt\u0131n rafinelerinde kullan\u0131l\u0131r.<\/strong><\/p>\n<p><strong>Olu\u015fan alg yada plankton gibi canl\u0131lar\u0131n a\u015f\u0131r\u0131 \u00e7o\u011falmas\u0131n\u0131 \u00f6nlemek i\u00e7in fosfat giderilmesinde kullan\u0131lm\u0131\u015ft\u0131r.<\/strong><\/p>\n<p><strong>Ye\u015fil kezzap ayr\u0131ca mantarlar\u0131n tan\u0131mlanmas\u0131nda kullan\u0131lan iyi bir reaktiftir.<\/strong><\/p>\n<p><strong>Korozyona mukavemet g\u00f6steren bir kaplama olu\u015fturmak i\u00e7in t\u00fcrbin kondansat\u00f6rlerinin pirin\u00e7 t\u00fcplerinden \u00e7\u0131kan so\u011futma suyuna demir s\u00fclfat ilave edilir.<\/strong><\/p>\n<p><strong>\u00c7imento \u00fcretiminde hem maliyet avantaj\u0131 sa\u011flamas\u0131 hem de \u00e7imentoya iyi bir mukavement kazand\u0131rmas\u0131 amac\u0131yla ilave edilmektedir.<\/strong><\/p>\n<p><strong>Baklagil t\u00fcr\u00fc bitkiler alkali durumda oksidiyona u\u011frayarak kararmaktad\u0131r. Baklagiller \u00fczerinde bu kimyasal\u0131 i\u00e7eren g\u00fcbreler kullan\u0131larak indirgeme \u00f6zelli\u011finden faydalan\u0131r. Bu sayede renk korumas\u0131 sa\u011flar.<\/strong><\/p>\n<p><strong>AMBALAJ<\/strong><\/p>\n<p><strong>1-5-25 kg Kraft torbalarda<\/strong><\/p>\n<p><strong>\u00a0<\/strong><\/p>\n<p><strong>DEPOLAMA<\/strong><\/p>\n<p><strong>\u00dcr\u00fcn kullan\u0131ld\u0131ktan sonra a\u011fz\u0131 a\u00e7\u0131k b\u0131rak\u0131lmamal\u0131 ve s\u0131k\u0131ca kapat\u0131lmal\u0131d\u0131r. Serin, kuru ve havaland\u0131r\u0131lm\u0131\u015f bir alanda muhafaza edilmelidir. De\u011fi\u015fken s\u0131cakl\u0131klar \u00fcr\u00fcn\u00fcn oksidasyonuna neden olur. Hareketsiz bir atmosfer alt\u0131nda saklanmal\u0131d\u0131r.<\/strong><\/p>\n<p><strong>\u00a0<\/strong><\/p>\n","protected":false},"excerpt":{"rendered":"<p>DEM\u0130R S\u00dcLFAT MONOH\u0130DRAT FeSO4 FORM\u00dcLL\u00dc olan Demir S\u00fclfat demirin bir t\u00fcr\u00fc olan demir tuzudur. Bu \u00fcr\u00fcne ayr\u0131yeten demir(II) s\u00fclfat, ye\u015fil<\/p>\n","protected":false},"featured_media":15980,"comment_status":"open","ping_status":"closed","template":"","meta":{"_joinchat":[]},"product_cat":[70,76,79],"product_tag":[],"class_list":{"0":"post-15979","1":"product","2":"type-product","3":"status-publish","4":"has-post-thumbnail","6":"product_cat-boya-ve-yapi-kimyasallar","7":"product_cat-gida-ve-katki-kimyasallari","8":"product_cat-tarim-kimyasallari","10":"first","11":"instock","12":"shipping-taxable","13":"purchasable","14":"product-type-variable"},"yoast_head":"<!-- This site is optimized with the Yoast SEO Premium plugin v20.2.1 (Yoast SEO v20.2.1) - https:\/\/yoast.com\/wordpress\/plugins\/seo\/ -->\n<title>DEM\u0130R S\u00dcLFAT MONOH\u0130DRAT - Akerkimya<\/title>\n<meta name=\"robots\" content=\"index, follow, max-snippet:-1, max-image-preview:large, max-video-preview:-1\" \/>\n<link rel=\"canonical\" href=\"https:\/\/akerkimya.com\/eticaret\/urun\/demir-sulfat-monohidrat\/\" \/>\n<meta property=\"og:locale\" content=\"tr_TR\" \/>\n<meta property=\"og:type\" content=\"article\" \/>\n<meta property=\"og:title\" content=\"DEM\u0130R S\u00dcLFAT MONOH\u0130DRAT\" \/>\n<meta property=\"og:description\" content=\"DEM\u0130R S\u00dcLFAT MONOH\u0130DRAT FeSO4 FORM\u00dcLL\u00dc olan Demir S\u00fclfat demirin bir t\u00fcr\u00fc olan demir tuzudur. Bu \u00fcr\u00fcne ayr\u0131yeten demir(II) s\u00fclfat, ye\u015fil\" \/>\n<meta property=\"og:url\" content=\"https:\/\/akerkimya.com\/eticaret\/urun\/demir-sulfat-monohidrat\/\" \/>\n<meta property=\"og:site_name\" content=\"Akerkimya\" \/>\n<meta property=\"article:modified_time\" content=\"2026-03-29T23:23:39+00:00\" \/>\n<meta property=\"og:image\" content=\"https:\/\/akerkimya.com\/eticaret\/wp-content\/uploads\/2024\/12\/DEMIR-SULFAT-MONOHIDRAT-GUNCEL.png\" \/>\n\t<meta property=\"og:image:width\" content=\"1000\" \/>\n\t<meta property=\"og:image:height\" content=\"1000\" \/>\n\t<meta property=\"og:image:type\" content=\"image\/png\" \/>\n<meta name=\"twitter:card\" content=\"summary_large_image\" \/>\n<meta name=\"twitter:label1\" content=\"Tahmini okuma s\u00fcresi\" \/>\n\t<meta name=\"twitter:data1\" content=\"3 dakika\" \/>\n<script type=\"application\/ld+json\" class=\"yoast-schema-graph\">{\"@context\":\"https:\/\/schema.org\",\"@graph\":[{\"@type\":\"WebPage\",\"@id\":\"https:\/\/akerkimya.com\/eticaret\/urun\/demir-sulfat-monohidrat\/\",\"url\":\"https:\/\/akerkimya.com\/eticaret\/urun\/demir-sulfat-monohidrat\/\",\"name\":\"DEM\u0130R S\u00dcLFAT MONOH\u0130DRAT - Akerkimya\",\"isPartOf\":{\"@id\":\"https:\/\/akerkimya.com\/eticaret\/#website\"},\"datePublished\":\"2024-12-27T19:57:22+00:00\",\"dateModified\":\"2026-03-29T23:23:39+00:00\",\"breadcrumb\":{\"@id\":\"https:\/\/akerkimya.com\/eticaret\/urun\/demir-sulfat-monohidrat\/#breadcrumb\"},\"inLanguage\":\"tr\",\"potentialAction\":[{\"@type\":\"ReadAction\",\"target\":[\"https:\/\/akerkimya.com\/eticaret\/urun\/demir-sulfat-monohidrat\/\"]}]},{\"@type\":\"BreadcrumbList\",\"@id\":\"https:\/\/akerkimya.com\/eticaret\/urun\/demir-sulfat-monohidrat\/#breadcrumb\",\"itemListElement\":[{\"@type\":\"ListItem\",\"position\":1,\"name\":\"Home\",\"item\":\"https:\/\/akerkimya.com\/eticaret\/\"},{\"@type\":\"ListItem\",\"position\":2,\"name\":\"Market\",\"item\":\"https:\/\/akerkimya.com\/eticaret\/market\/\"},{\"@type\":\"ListItem\",\"position\":3,\"name\":\"DEM\u0130R S\u00dcLFAT MONOH\u0130DRAT\"}]},{\"@type\":\"WebSite\",\"@id\":\"https:\/\/akerkimya.com\/eticaret\/#website\",\"url\":\"https:\/\/akerkimya.com\/eticaret\/\",\"name\":\"Akerkimya\",\"description\":\"\",\"potentialAction\":[{\"@type\":\"SearchAction\",\"target\":{\"@type\":\"EntryPoint\",\"urlTemplate\":\"https:\/\/akerkimya.com\/eticaret\/?s={search_term_string}\"},\"query-input\":\"required name=search_term_string\"}],\"inLanguage\":\"tr\"}]}<\/script>\n<!-- \/ Yoast SEO Premium plugin. -->","yoast_head_json":{"title":"DEM\u0130R S\u00dcLFAT MONOH\u0130DRAT - Akerkimya","robots":{"index":"index","follow":"follow","max-snippet":"max-snippet:-1","max-image-preview":"max-image-preview:large","max-video-preview":"max-video-preview:-1"},"canonical":"https:\/\/akerkimya.com\/eticaret\/urun\/demir-sulfat-monohidrat\/","og_locale":"tr_TR","og_type":"article","og_title":"DEM\u0130R S\u00dcLFAT MONOH\u0130DRAT","og_description":"DEM\u0130R S\u00dcLFAT MONOH\u0130DRAT FeSO4 FORM\u00dcLL\u00dc olan Demir S\u00fclfat demirin bir t\u00fcr\u00fc olan demir tuzudur. Bu \u00fcr\u00fcne ayr\u0131yeten demir(II) s\u00fclfat, ye\u015fil","og_url":"https:\/\/akerkimya.com\/eticaret\/urun\/demir-sulfat-monohidrat\/","og_site_name":"Akerkimya","article_modified_time":"2026-03-29T23:23:39+00:00","og_image":[{"width":1000,"height":1000,"url":"https:\/\/akerkimya.com\/eticaret\/wp-content\/uploads\/2024\/12\/DEMIR-SULFAT-MONOHIDRAT-GUNCEL.png","type":"image\/png"}],"twitter_card":"summary_large_image","twitter_misc":{"Tahmini okuma s\u00fcresi":"3 dakika"},"schema":{"@context":"https:\/\/schema.org","@graph":[{"@type":"WebPage","@id":"https:\/\/akerkimya.com\/eticaret\/urun\/demir-sulfat-monohidrat\/","url":"https:\/\/akerkimya.com\/eticaret\/urun\/demir-sulfat-monohidrat\/","name":"DEM\u0130R S\u00dcLFAT MONOH\u0130DRAT - Akerkimya","isPartOf":{"@id":"https:\/\/akerkimya.com\/eticaret\/#website"},"datePublished":"2024-12-27T19:57:22+00:00","dateModified":"2026-03-29T23:23:39+00:00","breadcrumb":{"@id":"https:\/\/akerkimya.com\/eticaret\/urun\/demir-sulfat-monohidrat\/#breadcrumb"},"inLanguage":"tr","potentialAction":[{"@type":"ReadAction","target":["https:\/\/akerkimya.com\/eticaret\/urun\/demir-sulfat-monohidrat\/"]}]},{"@type":"BreadcrumbList","@id":"https:\/\/akerkimya.com\/eticaret\/urun\/demir-sulfat-monohidrat\/#breadcrumb","itemListElement":[{"@type":"ListItem","position":1,"name":"Home","item":"https:\/\/akerkimya.com\/eticaret\/"},{"@type":"ListItem","position":2,"name":"Market","item":"https:\/\/akerkimya.com\/eticaret\/market\/"},{"@type":"ListItem","position":3,"name":"DEM\u0130R S\u00dcLFAT MONOH\u0130DRAT"}]},{"@type":"WebSite","@id":"https:\/\/akerkimya.com\/eticaret\/#website","url":"https:\/\/akerkimya.com\/eticaret\/","name":"Akerkimya","description":"","potentialAction":[{"@type":"SearchAction","target":{"@type":"EntryPoint","urlTemplate":"https:\/\/akerkimya.com\/eticaret\/?s={search_term_string}"},"query-input":"required name=search_term_string"}],"inLanguage":"tr"}]}},"_links":{"self":[{"href":"https:\/\/akerkimya.com\/eticaret\/wp-json\/wp\/v2\/product\/15979","targetHints":{"allow":["GET"]}}],"collection":[{"href":"https:\/\/akerkimya.com\/eticaret\/wp-json\/wp\/v2\/product"}],"about":[{"href":"https:\/\/akerkimya.com\/eticaret\/wp-json\/wp\/v2\/types\/product"}],"replies":[{"embeddable":true,"href":"https:\/\/akerkimya.com\/eticaret\/wp-json\/wp\/v2\/comments?post=15979"}],"version-history":[{"count":2,"href":"https:\/\/akerkimya.com\/eticaret\/wp-json\/wp\/v2\/product\/15979\/revisions"}],"predecessor-version":[{"id":16747,"href":"https:\/\/akerkimya.com\/eticaret\/wp-json\/wp\/v2\/product\/15979\/revisions\/16747"}],"wp:featuredmedia":[{"embeddable":true,"href":"https:\/\/akerkimya.com\/eticaret\/wp-json\/wp\/v2\/media\/15980"}],"wp:attachment":[{"href":"https:\/\/akerkimya.com\/eticaret\/wp-json\/wp\/v2\/media?parent=15979"}],"wp:term":[{"taxonomy":"product_cat","embeddable":true,"href":"https:\/\/akerkimya.com\/eticaret\/wp-json\/wp\/v2\/product_cat?post=15979"},{"taxonomy":"product_tag","embeddable":true,"href":"https:\/\/akerkimya.com\/eticaret\/wp-json\/wp\/v2\/product_tag?post=15979"}],"curies":[{"name":"wp","href":"https:\/\/api.w.org\/{rel}","templated":true}]}}