{"id":15985,"date":"2024-12-27T23:05:53","date_gmt":"2024-12-27T20:05:53","guid":{"rendered":"https:\/\/akerkimya.com\/eticaret\/?post_type=product&#038;p=15985"},"modified":"2026-03-30T02:23:39","modified_gmt":"2026-03-29T23:23:39","slug":"di-etilen-glikol","status":"publish","type":"product","link":"https:\/\/akerkimya.com\/eticaret\/urun\/di-etilen-glikol\/","title":{"rendered":"D\u0130 ET\u0130LEN GL\u0130KOL"},"content":{"rendered":"<h1>D\u0130 ET\u0130LEN GL\u0130KOL<\/h1>\n<p><strong>Di etilen glikol, C4H10O3 form\u00fcl\u00fcne sahip bir dihidrik alkol alifatik birle\u015fi\u011fidir. Higroskopik bir maddedir. Etilen oksidin bir k\u0131sm\u0131 hidrolizi ile \u00fcretilir.<\/strong><\/p>\n<p><strong>F\u0130Z\u0130KSEL \u00d6ZELL\u0130KLER<\/strong><\/p>\n<p><strong>Renksiz ve kokusuz bir formdad\u0131r.<\/strong><\/p>\n<p><strong>Tatl\u0131ms\u0131 bir tada sahiptir.<\/strong><\/p>\n<p><strong>Dietilen glikol di\u011fer glikol t\u00fcrlerine g\u00f6re daha fazla hacme sahiptir.<\/strong><\/p>\n<p><strong>Az u\u00e7ucu maddedir.<\/strong><\/p>\n<p><strong>Dietilen glikol, s\u00fclf\u00fcrik asit ve di\u011fer dehidre edici ajanlar, nitrik asit, oksijen, hidrojen peroksit, perklorik asit ve g\u00fc\u00e7l\u00fc asitlerle reaksiyona girer.<\/strong><\/p>\n<p><strong>Zehirli bir hammaddedir.<\/strong><\/p>\n<p><strong>\u00a0<\/strong><\/p>\n<p><strong>TEKN\u0130K \u00d6ZELL\u0130KLER<\/strong><\/p>\n<p><strong>CAS NUMARASI: 111-46-6<\/strong><\/p>\n<p><strong>K\u0130MYASAL FORM\u00dcL: C4H10O3<\/strong><\/p>\n<p><strong>K\u0130MYASAL \u0130S\u0130MLER\u0130: Di etilen glikol, DEA, Ethylene Glycols<\/strong><\/p>\n<p><strong>YO\u011eUNLUK: 1.118 g\/mol<\/strong><\/p>\n<p><strong>PARLAMA NOKTASI: 143\u00b0C\u00a0\u00a0\u00a0 \u00a0\u00a0\u00a0\u00a0\u00a0\u00a0\u00a0\u00a0\u00a0\u00a0<\/strong><\/p>\n<p><strong>ER\u0130ME NOKTASI: -10,45 \u02daC<\/strong><\/p>\n<p><strong>KAYNAMA NOKTASI: 244-245\u02daC<\/strong><\/p>\n<p><strong>MOLAR K\u00dcTLE: 106,12 g\/mol<\/strong><\/p>\n<p><strong>SAFLIK (%): 99.8<\/strong><\/p>\n<p><strong>\u00a0<\/strong><\/p>\n<p><strong>KULLANIM ALANLARI<\/strong><\/p>\n<p><strong>Doymu\u015f ve doymam\u0131\u015f polyester re\u00e7ineler, poli\u00fcretanlar ve plastikle\u015ftiricilerin \u00fcretiminde kullan\u0131l\u0131r.<\/strong><\/p>\n<p><strong>Boyalarda ve tekstil end\u00fcstriyesinde, re\u00e7ineler, ya\u011flar ve di\u011fer organik bile\u015fikler i\u00e7in \u00e7\u00f6z\u00fcc\u00fc olarak kullan\u0131l\u0131r.<\/strong><\/p>\n<p><strong>Fren s\u0131v\u0131s\u0131, ya\u011flay\u0131c\u0131lar, duvar k\u00e2\u011f\u0131d\u0131 s\u00f6k\u00fcc\u00fcler, yapay sis ve pus \u00e7\u00f6zeltileri ve \u0131s\u0131tma, pi\u015firme yak\u0131t\u0131n\u0131n bir bile\u015fenidir.<\/strong><\/p>\n<p><strong>Organik sentezde hammadde olarak kullan\u0131l\u0131r.<\/strong><\/p>\n<p><strong>T\u00fct\u00fcn \u00fcr\u00fcnlerinde, bask\u0131 m\u00fcrekkeplerinde kullan\u0131lan bir nem tutucu madde olarak kullan\u0131l\u0131r.<\/strong><\/p>\n<p><strong>DEG, do\u011falgaz i\u00e7in bir dehidrasyon ajan\u0131 olarak kullan\u0131lmaktad\u0131r.<\/strong><\/p>\n<p><strong>Petrol end\u00fcstrisinde aromatikler i\u00e7in se\u00e7ici solvent olarak kullan\u0131l\u0131r.<\/strong><\/p>\n<p><strong>Tutkal sanayisinde inceltici olarak kullan\u0131l\u0131r.<\/strong><\/p>\n<p><strong>Bir\u00e7ok etilen glikol antifriz, etilen glikol \u00fcretiminin yan \u00fcr\u00fcn\u00fc olarak kullan\u0131l\u0131r.<\/strong><\/p>\n<p><strong>Fren hidrolik s\u0131v\u0131lar\u0131n\u0131n \u00fcretiminde kullan\u0131l\u0131r.<\/strong><\/p>\n<p><strong>Kozmetik sekt\u00f6r\u00fcnde; cilt kremleri, losyonlar, kremler ve deodorantlar\u0131n imalat\u0131nda kullan\u0131l\u0131r.<\/strong><\/p>\n<p><strong>Tutkal sanayinde inceltici ajan olarak kullan\u0131l\u0131r.<\/strong><\/p>\n<p><strong>Em\u00fclsifiyer- dem\u00fclsifiyer ve ya\u011flay\u0131c\u0131 olarak kullan\u0131lan esterlerin \u00fcretiminde hammadde olarak kullan\u0131l\u0131r.<\/strong><\/p>\n<p><strong>Tekstil sekt\u00f6r\u00fcnde bask\u0131da solvent olarak ve tekstil boyalar\u0131nda yard\u0131mc\u0131 etmen olarak kullan\u0131l\u0131r.<\/strong><\/p>\n<p><strong>Havac\u0131l\u0131kta ve demir yollar\u0131nda buzlanma \u00f6nleyici olarak kullan\u0131l\u0131r.<\/strong><\/p>\n<p><strong>Morfolin sentezinde ve 1,4- dioxan sentezinde kullan\u0131lmaktad\u0131r.<\/strong><\/p>\n<p><strong>\u00a0<\/strong><\/p>\n<p><strong>AMBALAJ<\/strong><\/p>\n<p><strong>1-5-30 kg bidonlar ve 230 Kg variller halinde<\/strong><\/p>\n<p><strong>\u00a0<\/strong><\/p>\n<p><strong>DEPOLAMA<\/strong><\/p>\n<p><strong>Serin ve kuru alanda, variller hava almayacak \u015fekilde muhafaza ediniz.<\/strong><\/p>\n<p><strong>\u00a0<\/strong><\/p>\n","protected":false},"excerpt":{"rendered":"<p>D\u0130 ET\u0130LEN GL\u0130KOL Di etilen glikol, C4H10O3 form\u00fcl\u00fcne sahip bir dihidrik alkol alifatik birle\u015fi\u011fidir. Higroskopik bir maddedir. Etilen oksidin bir<\/p>\n","protected":false},"featured_media":15986,"comment_status":"open","ping_status":"closed","template":"","meta":{"_joinchat":[]},"product_cat":[70,73,74],"product_tag":[],"class_list":{"0":"post-15985","1":"product","2":"type-product","3":"status-publish","4":"has-post-thumbnail","6":"product_cat-boya-ve-yapi-kimyasallar","7":"product_cat-deri-ve-tekstil-kimyasallari","8":"product_cat-deterjan-ve-kozmetik-kimyasallari","10":"first","11":"instock","12":"shipping-taxable","13":"purchasable","14":"product-type-variable"},"yoast_head":"<!-- This site is optimized with the Yoast SEO Premium plugin v20.2.1 (Yoast SEO v20.2.1) - https:\/\/yoast.com\/wordpress\/plugins\/seo\/ -->\n<title>D\u0130 ET\u0130LEN GL\u0130KOL - Akerkimya<\/title>\n<meta name=\"robots\" content=\"index, follow, max-snippet:-1, max-image-preview:large, max-video-preview:-1\" \/>\n<link rel=\"canonical\" href=\"https:\/\/akerkimya.com\/eticaret\/urun\/di-etilen-glikol\/\" \/>\n<meta property=\"og:locale\" content=\"tr_TR\" \/>\n<meta property=\"og:type\" content=\"article\" \/>\n<meta property=\"og:title\" content=\"D\u0130 ET\u0130LEN GL\u0130KOL\" \/>\n<meta property=\"og:description\" content=\"D\u0130 ET\u0130LEN GL\u0130KOL Di etilen glikol, C4H10O3 form\u00fcl\u00fcne sahip bir dihidrik alkol alifatik birle\u015fi\u011fidir. Higroskopik bir maddedir. Etilen oksidin bir\" \/>\n<meta property=\"og:url\" content=\"https:\/\/akerkimya.com\/eticaret\/urun\/di-etilen-glikol\/\" \/>\n<meta property=\"og:site_name\" content=\"Akerkimya\" \/>\n<meta property=\"article:modified_time\" content=\"2026-03-29T23:23:39+00:00\" \/>\n<meta property=\"og:image\" content=\"https:\/\/akerkimya.com\/eticaret\/wp-content\/uploads\/2024\/12\/DIETILEN-GLIKOL-GUNCEL.png\" \/>\n\t<meta property=\"og:image:width\" content=\"1000\" \/>\n\t<meta property=\"og:image:height\" content=\"1000\" \/>\n\t<meta property=\"og:image:type\" content=\"image\/png\" \/>\n<meta name=\"twitter:card\" content=\"summary_large_image\" \/>\n<meta name=\"twitter:label1\" content=\"Tahmini okuma s\u00fcresi\" \/>\n\t<meta name=\"twitter:data1\" content=\"2 dakika\" \/>\n<script type=\"application\/ld+json\" class=\"yoast-schema-graph\">{\"@context\":\"https:\/\/schema.org\",\"@graph\":[{\"@type\":\"WebPage\",\"@id\":\"https:\/\/akerkimya.com\/eticaret\/urun\/di-etilen-glikol\/\",\"url\":\"https:\/\/akerkimya.com\/eticaret\/urun\/di-etilen-glikol\/\",\"name\":\"D\u0130 ET\u0130LEN GL\u0130KOL - Akerkimya\",\"isPartOf\":{\"@id\":\"https:\/\/akerkimya.com\/eticaret\/#website\"},\"datePublished\":\"2024-12-27T20:05:53+00:00\",\"dateModified\":\"2026-03-29T23:23:39+00:00\",\"breadcrumb\":{\"@id\":\"https:\/\/akerkimya.com\/eticaret\/urun\/di-etilen-glikol\/#breadcrumb\"},\"inLanguage\":\"tr\",\"potentialAction\":[{\"@type\":\"ReadAction\",\"target\":[\"https:\/\/akerkimya.com\/eticaret\/urun\/di-etilen-glikol\/\"]}]},{\"@type\":\"BreadcrumbList\",\"@id\":\"https:\/\/akerkimya.com\/eticaret\/urun\/di-etilen-glikol\/#breadcrumb\",\"itemListElement\":[{\"@type\":\"ListItem\",\"position\":1,\"name\":\"Home\",\"item\":\"https:\/\/akerkimya.com\/eticaret\/\"},{\"@type\":\"ListItem\",\"position\":2,\"name\":\"Market\",\"item\":\"https:\/\/akerkimya.com\/eticaret\/market\/\"},{\"@type\":\"ListItem\",\"position\":3,\"name\":\"D\u0130 ET\u0130LEN GL\u0130KOL\"}]},{\"@type\":\"WebSite\",\"@id\":\"https:\/\/akerkimya.com\/eticaret\/#website\",\"url\":\"https:\/\/akerkimya.com\/eticaret\/\",\"name\":\"Akerkimya\",\"description\":\"\",\"potentialAction\":[{\"@type\":\"SearchAction\",\"target\":{\"@type\":\"EntryPoint\",\"urlTemplate\":\"https:\/\/akerkimya.com\/eticaret\/?s={search_term_string}\"},\"query-input\":\"required name=search_term_string\"}],\"inLanguage\":\"tr\"}]}<\/script>\n<!-- \/ Yoast SEO Premium plugin. -->","yoast_head_json":{"title":"D\u0130 ET\u0130LEN GL\u0130KOL - Akerkimya","robots":{"index":"index","follow":"follow","max-snippet":"max-snippet:-1","max-image-preview":"max-image-preview:large","max-video-preview":"max-video-preview:-1"},"canonical":"https:\/\/akerkimya.com\/eticaret\/urun\/di-etilen-glikol\/","og_locale":"tr_TR","og_type":"article","og_title":"D\u0130 ET\u0130LEN GL\u0130KOL","og_description":"D\u0130 ET\u0130LEN GL\u0130KOL Di etilen glikol, C4H10O3 form\u00fcl\u00fcne sahip bir dihidrik alkol alifatik birle\u015fi\u011fidir. Higroskopik bir maddedir. Etilen oksidin bir","og_url":"https:\/\/akerkimya.com\/eticaret\/urun\/di-etilen-glikol\/","og_site_name":"Akerkimya","article_modified_time":"2026-03-29T23:23:39+00:00","og_image":[{"width":1000,"height":1000,"url":"https:\/\/akerkimya.com\/eticaret\/wp-content\/uploads\/2024\/12\/DIETILEN-GLIKOL-GUNCEL.png","type":"image\/png"}],"twitter_card":"summary_large_image","twitter_misc":{"Tahmini okuma s\u00fcresi":"2 dakika"},"schema":{"@context":"https:\/\/schema.org","@graph":[{"@type":"WebPage","@id":"https:\/\/akerkimya.com\/eticaret\/urun\/di-etilen-glikol\/","url":"https:\/\/akerkimya.com\/eticaret\/urun\/di-etilen-glikol\/","name":"D\u0130 ET\u0130LEN GL\u0130KOL - Akerkimya","isPartOf":{"@id":"https:\/\/akerkimya.com\/eticaret\/#website"},"datePublished":"2024-12-27T20:05:53+00:00","dateModified":"2026-03-29T23:23:39+00:00","breadcrumb":{"@id":"https:\/\/akerkimya.com\/eticaret\/urun\/di-etilen-glikol\/#breadcrumb"},"inLanguage":"tr","potentialAction":[{"@type":"ReadAction","target":["https:\/\/akerkimya.com\/eticaret\/urun\/di-etilen-glikol\/"]}]},{"@type":"BreadcrumbList","@id":"https:\/\/akerkimya.com\/eticaret\/urun\/di-etilen-glikol\/#breadcrumb","itemListElement":[{"@type":"ListItem","position":1,"name":"Home","item":"https:\/\/akerkimya.com\/eticaret\/"},{"@type":"ListItem","position":2,"name":"Market","item":"https:\/\/akerkimya.com\/eticaret\/market\/"},{"@type":"ListItem","position":3,"name":"D\u0130 ET\u0130LEN GL\u0130KOL"}]},{"@type":"WebSite","@id":"https:\/\/akerkimya.com\/eticaret\/#website","url":"https:\/\/akerkimya.com\/eticaret\/","name":"Akerkimya","description":"","potentialAction":[{"@type":"SearchAction","target":{"@type":"EntryPoint","urlTemplate":"https:\/\/akerkimya.com\/eticaret\/?s={search_term_string}"},"query-input":"required name=search_term_string"}],"inLanguage":"tr"}]}},"_links":{"self":[{"href":"https:\/\/akerkimya.com\/eticaret\/wp-json\/wp\/v2\/product\/15985","targetHints":{"allow":["GET"]}}],"collection":[{"href":"https:\/\/akerkimya.com\/eticaret\/wp-json\/wp\/v2\/product"}],"about":[{"href":"https:\/\/akerkimya.com\/eticaret\/wp-json\/wp\/v2\/types\/product"}],"replies":[{"embeddable":true,"href":"https:\/\/akerkimya.com\/eticaret\/wp-json\/wp\/v2\/comments?post=15985"}],"version-history":[{"count":2,"href":"https:\/\/akerkimya.com\/eticaret\/wp-json\/wp\/v2\/product\/15985\/revisions"}],"predecessor-version":[{"id":16746,"href":"https:\/\/akerkimya.com\/eticaret\/wp-json\/wp\/v2\/product\/15985\/revisions\/16746"}],"wp:featuredmedia":[{"embeddable":true,"href":"https:\/\/akerkimya.com\/eticaret\/wp-json\/wp\/v2\/media\/15986"}],"wp:attachment":[{"href":"https:\/\/akerkimya.com\/eticaret\/wp-json\/wp\/v2\/media?parent=15985"}],"wp:term":[{"taxonomy":"product_cat","embeddable":true,"href":"https:\/\/akerkimya.com\/eticaret\/wp-json\/wp\/v2\/product_cat?post=15985"},{"taxonomy":"product_tag","embeddable":true,"href":"https:\/\/akerkimya.com\/eticaret\/wp-json\/wp\/v2\/product_tag?post=15985"}],"curies":[{"name":"wp","href":"https:\/\/api.w.org\/{rel}","templated":true}]}}