{"id":15992,"date":"2024-12-27T23:17:09","date_gmt":"2024-12-27T20:17:09","guid":{"rendered":"https:\/\/akerkimya.com\/eticaret\/?post_type=product&#038;p=15992"},"modified":"2026-03-30T02:23:39","modified_gmt":"2026-03-29T23:23:39","slug":"diatomit","status":"publish","type":"product","link":"https:\/\/akerkimya.com\/eticaret\/urun\/diatomit\/","title":{"rendered":"D\u0130ATOM\u0130T"},"content":{"rendered":"<h1>D\u0130ATOM\u0130T<\/h1>\n<p><strong>Diatomit, su yosunlar\u0131nda silisli algler olarak bilinen \u00f6karyotik, tek h\u00fccreli, mikroskobik alglerin fosille\u015fmi\u015f silisli kabuklar\u0131nda olu\u015fan organikr bir \u00e7\u00f6keltidir. Silika h\u00fccre duvar\u0131na sahip tek h\u00fccreli fitoplanktonlard\u0131r. Biyolojik k\u00f6kenli tek do\u011fal mineraldir.<\/strong><\/p>\n<p><strong>\u00a0<\/strong><\/p>\n<p><strong>D\u0130ATOM\u0130T \u00d6ZELL\u0130KLER\u0130<\/strong><\/p>\n<p><strong>\u0130\u00e7inde bol miktarda silis mineralleri bulunur.<\/strong><\/p>\n<p><strong>A\u015f\u0131nd\u0131r\u0131c\u0131 bir etkisi vard\u0131r.<\/strong><\/p>\n<p><strong>Kimyasallara kar\u015f\u0131 diren\u00e7lidir.<\/strong><\/p>\n<p><strong>Porlu yap\u0131s\u0131 nedeniyle \u00e7ok hafiftir.<\/strong><\/p>\n<p><strong>Y\u00fcksek g\u00f6zenekli bir yap\u0131s\u0131 vard\u0131r.<\/strong><\/p>\n<p><strong>Y\u00fcksek s\u0131cakl\u0131\u011fa kar\u015f\u0131 dayan\u0131kl\u0131d\u0131r.<\/strong><\/p>\n<p><strong>Is\u0131, ses ve elektrik iletkenli\u011fi azd\u0131r.<\/strong><\/p>\n<p><strong>Y\u00fczey alanlar\u0131 geni\u015ftir ve y\u00fcksek su tutma kapasitesine sahiptir.<\/strong><\/p>\n<p><strong>Ekonomik bir malzemedir.<\/strong><\/p>\n<p><strong>Sterildir.<\/strong><\/p>\n<p><strong>\u00a0<\/strong><\/p>\n<p><strong>TEKN\u0130K \u00d6ZELL\u0130KLER\u0130<\/strong><\/p>\n<p><strong>D\u0130\u011eER \u0130S\u0130MLER\u0130: Fosil Unu, Filis Unu, Da\u011f Unu, Beyaz Turba, Kizelgur, Pekmez Topra\u011f\u0131<\/strong><\/p>\n<p><strong>G\u00d6R\u00dcN\u00dcM\u00dc: Toz gri ya da beyaz<\/strong><\/p>\n<p><strong>\u00c7\u00d6Z\u00dcN\u00dcRL\u00dcK: Suda \u00e7\u00f6z\u00fcnmez.<\/strong><\/p>\n<p><strong>ER\u0130ME NOKTASI: 1400-1600<\/strong><\/p>\n<p><strong>\u00d6ZG\u00dcL A\u011eIRLI\u011eI: 0,15-0,40 g\/cm3<\/strong><\/p>\n<p><strong>\u00a0<\/strong><\/p>\n<p><strong>KULLANIM ALANLARI<\/strong><\/p>\n<p><strong>Hafifli\u011fi, dayan\u0131m\u0131, betonda terlemeyi \u00f6nlemesi ve plastikli\u011fi artt\u0131rmas\u0131 sebebiyle beton blok elemanlar\u0131nda kullan\u0131l\u0131r.<\/strong><\/p>\n<p><strong>\u00c7imento sanayiinde betonun su fazlas\u0131n\u0131n giderilmesinde ve homojeniteyi sa\u011flamada kullan\u0131l\u0131r.<\/strong><\/p>\n<p><strong>Suda ask\u0131 halinde bulunan ve istenmeyen kat\u0131 maddelerin al\u0131nmas\u0131 i\u015fleminde kullan\u0131l\u0131r. S\u00fczme yard\u0131mc\u0131s\u0131 olarak bira, viski, \u015farap, meyve sular\u0131, \u015feker \u015ferbeti, bitkisel ya\u011flar, havuz sular\u0131, kimyasallar, sanayi at\u0131k s\u0131v\u0131lar\u0131, vernik ve madeni ya\u011f filtrasyonlar\u0131nda kullan\u0131l\u0131r.<\/strong><\/p>\n<p><strong>Besin de\u011feri y\u00fcksek g\u0131dalar\u0131n paketlenmesinde ve raf \u00f6mr\u00fcn\u00fcn uzat\u0131lmas\u0131nda kullan\u0131l\u0131r.<\/strong><\/p>\n<p><strong>Bioteknolojide kat\u0131 filtre olarak \u00e7evre temizli\u011finde adsorbant olarak ve topraklar\u0131n yenilenmesinde kullan\u0131l\u0131r.<\/strong><\/p>\n<p><strong>Amonyum nitrat g\u00fcbresinde topaklanmalar\u0131n \u00f6nlenmesinde kullan\u0131l\u0131r.<\/strong><\/p>\n<p><strong>Ba\u015fta boya olmak \u00fczere ka\u011f\u0131t, lastik, plastik, ila\u00e7, kozmetik, di\u015f macunu, cila ve farkl\u0131 sanayi \u00fcr\u00fcnlerinde dolgu maddesi olarak kullan\u0131l\u0131r.<\/strong><\/p>\n<p><strong>Is\u0131, ses ve elektrik iletkenli\u011finin olduk\u00e7a d\u00fc\u015f\u00fck olmas\u0131 sebebiyle hafif \u00e7imento, \u00e7at\u0131 ve cephe kaplama s\u0131valar\u0131nda kalorifer kazanlar\u0131nda, \u0131s\u0131 ta\u015f\u0131y\u0131c\u0131 borularda ve f\u0131r\u0131nlarda izolasyon malzemesi olarak kullan\u0131l\u0131r.<\/strong><\/p>\n<p><strong>Ses ve \u0131s\u0131 izolasyonlar\u0131nda plaka \u00fcretimi i\u00e7in kullan\u0131l\u0131r.<\/strong><\/p>\n<p><strong>So\u011fuk hava depolar\u0131nda toz, kum, blok ve levha halinde diatomit kullan\u0131l\u0131r.<\/strong><\/p>\n<p><strong>Y\u00fcksek su emme \u00f6zelli\u011fi nedeniyle evcil hayvanlar\u0131n, ah\u0131rlar\u0131n, k\u00fcmeslerin ve k\u00fcrk hayvanlar\u0131 yeti\u015ftirme \u00e7iftliklerinin altl\u0131k sergi maddesi olarak kullan\u0131lmaktad\u0131r.<\/strong><\/p>\n<p><strong>Yemin ete d\u00f6n\u00fc\u015f\u00fcm verimini artt\u0131rmak i\u00e7in \u00f6zellikle tavuk besicili\u011finde yem katk\u0131 maddesi olarak kullan\u0131l\u0131r.<\/strong><\/p>\n<p><strong>Nem tutma \u00f6zelli\u011fi sebebiyle kedi kumu \u00fcretiminde kullan\u0131lmaktad\u0131r.<\/strong><\/p>\n<p><strong>Kimyasallara kar\u015f\u0131 dayan\u0131kl\u0131l\u0131\u011f\u0131 sebebiyle asit \u015fi\u015feleri diatomit dolgulu ambalajlarda ta\u015f\u0131narak baz\u0131 olumsuzluklar\u0131n \u00f6n\u00fcne ge\u00e7ilmi\u015f olur.<\/strong><\/p>\n<p><strong>Yumu\u015fak a\u015f\u0131nd\u0131r\u0131c\u0131l\u0131k \u00f6zelli\u011fi sebebiyle otomotiv sekt\u00f6r\u00fcnde parlat\u0131c\u0131 olarak ve m\u00fccevhercilikte yumu\u015fak a\u015f\u0131nd\u0131r\u0131c\u0131 olarak parlat\u0131c\u0131 formulasyonunda yer al\u0131r.<\/strong><\/p>\n<p><strong>Mermer sekt\u00f6r\u00fcnde a\u015f\u0131nd\u0131rma ve parlatma sa\u011flamak amac\u0131 ile kullan\u0131l\u0131r.<\/strong><\/p>\n<p><strong>Katalizat\u00f6r ta\u015f\u0131y\u0131c\u0131 olarak kullan\u0131l\u0131r.<\/strong><\/p>\n<p><strong>Hafif yap\u0131 ve refrakter tu\u011fla yap\u0131m\u0131nda kullan\u0131l\u0131r.<\/strong><\/p>\n<p><strong>Sentetik silikat \u00fcretiminde kullan\u0131l\u0131r.<\/strong><\/p>\n<p><strong>Seramik ve cam sanayiinde silika hammaddesi olarak kullan\u0131l\u0131r.<\/strong><\/p>\n<p><strong><br \/>\n<\/strong><strong>AMBALAJ<\/strong><\/p>\n<p><strong>1-5-15 Kg Kraft torbalarda<\/strong><strong>.<\/strong><\/p>\n<p><strong>DEPOLAMA<\/strong><\/p>\n<p><strong>Serin ve nem olmayan yerlerde a\u011fz\u0131 kapal\u0131 olacak \u015fekilde muhafaza edilmelidir.<\/strong><\/p>\n<p><strong>\u00a0<\/strong><\/p>\n<p><strong>\u00a0<\/strong><\/p>\n<p><strong>\u00a0<\/strong><\/p>\n","protected":false},"excerpt":{"rendered":"<p>D\u0130ATOM\u0130T Diatomit, su yosunlar\u0131nda silisli algler olarak bilinen \u00f6karyotik, tek h\u00fccreli, mikroskobik alglerin fosille\u015fmi\u015f silisli kabuklar\u0131nda olu\u015fan organikr bir \u00e7\u00f6keltidir.<\/p>\n","protected":false},"featured_media":15993,"comment_status":"open","ping_status":"closed","template":"","meta":{"_joinchat":[]},"product_cat":[70,72,81],"product_tag":[],"class_list":{"0":"post-15992","1":"product","2":"type-product","3":"status-publish","4":"has-post-thumbnail","6":"product_cat-boya-ve-yapi-kimyasallar","7":"product_cat-cam-ve-seramik-kimyasallari","8":"product_cat-yem-katki-kimyasallari","10":"first","11":"instock","12":"shipping-taxable","13":"purchasable","14":"product-type-variable"},"yoast_head":"<!-- This site is optimized with the Yoast SEO Premium plugin v20.2.1 (Yoast SEO v20.2.1) - https:\/\/yoast.com\/wordpress\/plugins\/seo\/ -->\n<title>D\u0130ATOM\u0130T - Akerkimya<\/title>\n<meta name=\"robots\" content=\"index, follow, max-snippet:-1, max-image-preview:large, max-video-preview:-1\" \/>\n<link rel=\"canonical\" href=\"https:\/\/akerkimya.com\/eticaret\/urun\/diatomit\/\" \/>\n<meta property=\"og:locale\" content=\"tr_TR\" \/>\n<meta property=\"og:type\" content=\"article\" \/>\n<meta property=\"og:title\" content=\"D\u0130ATOM\u0130T\" \/>\n<meta property=\"og:description\" content=\"D\u0130ATOM\u0130T Diatomit, su yosunlar\u0131nda silisli algler olarak bilinen \u00f6karyotik, tek h\u00fccreli, mikroskobik alglerin fosille\u015fmi\u015f silisli kabuklar\u0131nda olu\u015fan organikr bir \u00e7\u00f6keltidir.\" \/>\n<meta property=\"og:url\" content=\"https:\/\/akerkimya.com\/eticaret\/urun\/diatomit\/\" \/>\n<meta property=\"og:site_name\" content=\"Akerkimya\" \/>\n<meta property=\"article:modified_time\" content=\"2026-03-29T23:23:39+00:00\" \/>\n<meta property=\"og:image\" content=\"https:\/\/akerkimya.com\/eticaret\/wp-content\/uploads\/2024\/12\/DIATOMIT-GUNCEL-.png\" \/>\n\t<meta property=\"og:image:width\" content=\"1000\" \/>\n\t<meta property=\"og:image:height\" content=\"1000\" \/>\n\t<meta property=\"og:image:type\" content=\"image\/png\" \/>\n<meta name=\"twitter:card\" content=\"summary_large_image\" \/>\n<meta name=\"twitter:label1\" content=\"Tahmini okuma s\u00fcresi\" \/>\n\t<meta name=\"twitter:data1\" content=\"3 dakika\" \/>\n<script type=\"application\/ld+json\" class=\"yoast-schema-graph\">{\"@context\":\"https:\/\/schema.org\",\"@graph\":[{\"@type\":\"WebPage\",\"@id\":\"https:\/\/akerkimya.com\/eticaret\/urun\/diatomit\/\",\"url\":\"https:\/\/akerkimya.com\/eticaret\/urun\/diatomit\/\",\"name\":\"D\u0130ATOM\u0130T - Akerkimya\",\"isPartOf\":{\"@id\":\"https:\/\/akerkimya.com\/eticaret\/#website\"},\"datePublished\":\"2024-12-27T20:17:09+00:00\",\"dateModified\":\"2026-03-29T23:23:39+00:00\",\"breadcrumb\":{\"@id\":\"https:\/\/akerkimya.com\/eticaret\/urun\/diatomit\/#breadcrumb\"},\"inLanguage\":\"tr\",\"potentialAction\":[{\"@type\":\"ReadAction\",\"target\":[\"https:\/\/akerkimya.com\/eticaret\/urun\/diatomit\/\"]}]},{\"@type\":\"BreadcrumbList\",\"@id\":\"https:\/\/akerkimya.com\/eticaret\/urun\/diatomit\/#breadcrumb\",\"itemListElement\":[{\"@type\":\"ListItem\",\"position\":1,\"name\":\"Home\",\"item\":\"https:\/\/akerkimya.com\/eticaret\/\"},{\"@type\":\"ListItem\",\"position\":2,\"name\":\"Market\",\"item\":\"https:\/\/akerkimya.com\/eticaret\/market\/\"},{\"@type\":\"ListItem\",\"position\":3,\"name\":\"D\u0130ATOM\u0130T\"}]},{\"@type\":\"WebSite\",\"@id\":\"https:\/\/akerkimya.com\/eticaret\/#website\",\"url\":\"https:\/\/akerkimya.com\/eticaret\/\",\"name\":\"Akerkimya\",\"description\":\"\",\"potentialAction\":[{\"@type\":\"SearchAction\",\"target\":{\"@type\":\"EntryPoint\",\"urlTemplate\":\"https:\/\/akerkimya.com\/eticaret\/?s={search_term_string}\"},\"query-input\":\"required name=search_term_string\"}],\"inLanguage\":\"tr\"}]}<\/script>\n<!-- \/ Yoast SEO Premium plugin. -->","yoast_head_json":{"title":"D\u0130ATOM\u0130T - Akerkimya","robots":{"index":"index","follow":"follow","max-snippet":"max-snippet:-1","max-image-preview":"max-image-preview:large","max-video-preview":"max-video-preview:-1"},"canonical":"https:\/\/akerkimya.com\/eticaret\/urun\/diatomit\/","og_locale":"tr_TR","og_type":"article","og_title":"D\u0130ATOM\u0130T","og_description":"D\u0130ATOM\u0130T Diatomit, su yosunlar\u0131nda silisli algler olarak bilinen \u00f6karyotik, tek h\u00fccreli, mikroskobik alglerin fosille\u015fmi\u015f silisli kabuklar\u0131nda olu\u015fan organikr bir \u00e7\u00f6keltidir.","og_url":"https:\/\/akerkimya.com\/eticaret\/urun\/diatomit\/","og_site_name":"Akerkimya","article_modified_time":"2026-03-29T23:23:39+00:00","og_image":[{"width":1000,"height":1000,"url":"https:\/\/akerkimya.com\/eticaret\/wp-content\/uploads\/2024\/12\/DIATOMIT-GUNCEL-.png","type":"image\/png"}],"twitter_card":"summary_large_image","twitter_misc":{"Tahmini okuma s\u00fcresi":"3 dakika"},"schema":{"@context":"https:\/\/schema.org","@graph":[{"@type":"WebPage","@id":"https:\/\/akerkimya.com\/eticaret\/urun\/diatomit\/","url":"https:\/\/akerkimya.com\/eticaret\/urun\/diatomit\/","name":"D\u0130ATOM\u0130T - Akerkimya","isPartOf":{"@id":"https:\/\/akerkimya.com\/eticaret\/#website"},"datePublished":"2024-12-27T20:17:09+00:00","dateModified":"2026-03-29T23:23:39+00:00","breadcrumb":{"@id":"https:\/\/akerkimya.com\/eticaret\/urun\/diatomit\/#breadcrumb"},"inLanguage":"tr","potentialAction":[{"@type":"ReadAction","target":["https:\/\/akerkimya.com\/eticaret\/urun\/diatomit\/"]}]},{"@type":"BreadcrumbList","@id":"https:\/\/akerkimya.com\/eticaret\/urun\/diatomit\/#breadcrumb","itemListElement":[{"@type":"ListItem","position":1,"name":"Home","item":"https:\/\/akerkimya.com\/eticaret\/"},{"@type":"ListItem","position":2,"name":"Market","item":"https:\/\/akerkimya.com\/eticaret\/market\/"},{"@type":"ListItem","position":3,"name":"D\u0130ATOM\u0130T"}]},{"@type":"WebSite","@id":"https:\/\/akerkimya.com\/eticaret\/#website","url":"https:\/\/akerkimya.com\/eticaret\/","name":"Akerkimya","description":"","potentialAction":[{"@type":"SearchAction","target":{"@type":"EntryPoint","urlTemplate":"https:\/\/akerkimya.com\/eticaret\/?s={search_term_string}"},"query-input":"required name=search_term_string"}],"inLanguage":"tr"}]}},"_links":{"self":[{"href":"https:\/\/akerkimya.com\/eticaret\/wp-json\/wp\/v2\/product\/15992","targetHints":{"allow":["GET"]}}],"collection":[{"href":"https:\/\/akerkimya.com\/eticaret\/wp-json\/wp\/v2\/product"}],"about":[{"href":"https:\/\/akerkimya.com\/eticaret\/wp-json\/wp\/v2\/types\/product"}],"replies":[{"embeddable":true,"href":"https:\/\/akerkimya.com\/eticaret\/wp-json\/wp\/v2\/comments?post=15992"}],"version-history":[{"count":3,"href":"https:\/\/akerkimya.com\/eticaret\/wp-json\/wp\/v2\/product\/15992\/revisions"}],"predecessor-version":[{"id":18198,"href":"https:\/\/akerkimya.com\/eticaret\/wp-json\/wp\/v2\/product\/15992\/revisions\/18198"}],"wp:featuredmedia":[{"embeddable":true,"href":"https:\/\/akerkimya.com\/eticaret\/wp-json\/wp\/v2\/media\/15993"}],"wp:attachment":[{"href":"https:\/\/akerkimya.com\/eticaret\/wp-json\/wp\/v2\/media?parent=15992"}],"wp:term":[{"taxonomy":"product_cat","embeddable":true,"href":"https:\/\/akerkimya.com\/eticaret\/wp-json\/wp\/v2\/product_cat?post=15992"},{"taxonomy":"product_tag","embeddable":true,"href":"https:\/\/akerkimya.com\/eticaret\/wp-json\/wp\/v2\/product_tag?post=15992"}],"curies":[{"name":"wp","href":"https:\/\/api.w.org\/{rel}","templated":true}]}}