{"id":16006,"date":"2024-12-27T23:45:11","date_gmt":"2024-12-27T20:45:11","guid":{"rendered":"https:\/\/akerkimya.com\/eticaret\/?post_type=product&#038;p=16006"},"modified":"2026-03-30T02:22:08","modified_gmt":"2026-03-29T23:22:08","slug":"dipropilen-glikol","status":"publish","type":"product","link":"https:\/\/akerkimya.com\/eticaret\/urun\/dipropilen-glikol\/","title":{"rendered":"D\u0130PROP\u0130LEN GL\u0130KOL"},"content":{"rendered":"<h1>D\u0130PROP\u0130LEN GL\u0130KOL<\/h1>\n<p><strong>Dipropilen glikol, C6H14O3 form\u00fcl\u00fcne sahip bir bile\u015fiktir. \u0130zomerik 1,2-dipropilen glikol eterlerinin kar\u0131\u015f\u0131m\u0131d\u0131r. DPG propilen oksit hidroliziyle propilen glikol \u00fcretiminin bir yan \u00fcr\u00fcn\u00fc olarak \u00fcretilir. Dihidroksi alkol s\u0131n\u0131f\u0131nda yer al\u0131r.<\/strong><\/p>\n<p><strong>D\u0130PROP\u0130LEN GL\u0130KOL \u00d6ZELL\u0130KLER\u0130<\/strong><\/p>\n<p><strong>Renksiz ve berrak bir formdad\u0131r.<\/strong><\/p>\n<p><strong>Kokusuzdur.<\/strong><\/p>\n<p><strong>Yap\u0131\u015fkan bir s\u0131v\u0131d\u0131r.<\/strong><\/p>\n<p><strong>Yan\u0131c\u0131 bir maddedir.<\/strong><\/p>\n<p><strong>\u00a0<\/strong><\/p>\n<p><strong>TEKN\u0130K \u00d6ZELL\u0130KLER<\/strong><\/p>\n<p><strong>CAS NO: 25265-71-8<\/strong><\/p>\n<p><strong>K\u0130MYASAL FORM\u00dcL\u00dc: C6H14O3<\/strong><\/p>\n<p><strong>K\u0130MYASAL ADI: Dipropilen Glikol, DPG, Dipropylene Glycol<\/strong><\/p>\n<p><strong>YO\u011eUNLUK: 1,0206 gr\/ L<\/strong><\/p>\n<p><strong>KAYNAMA NOKTASI: 230,5\u00b0C<\/strong><\/p>\n<p><strong>ER\u0130ME NOKTASI: -40\u00b0C<\/strong><\/p>\n<p><strong>PARLAMA NOKTASI: 138\u00b0C<\/strong><\/p>\n<p><strong>BUHAR BASINCI: 0.01 mmHg (20\u00b0C)<\/strong><\/p>\n<p><strong>KIRILMA \u0130NDEKS\u0130:1,4440<\/strong><\/p>\n<p><strong>\u00a0<\/strong><\/p>\n<p><strong>KULLANIM ALANLARI<\/strong><\/p>\n<p><strong>Dipropilen glikol, s\u0131cak uygulamalar\u0131 i\u00e7in bir \u0131s\u0131 transfer s\u0131v\u0131s\u0131 olarak kullan\u0131l\u0131r.<\/strong><\/p>\n<p><strong>Mikrop \u00f6ld\u00fcr\u00fcc\u00fc ve bir hava temizleme ajan\u0131 olarak kullan\u0131l\u0131r.<\/strong><\/p>\n<p><strong>Doymam\u0131\u015f bir poli\u00fcretan re\u00e7inelerinde esneklik ve stabilite sa\u011flamak i\u00e7in kullan\u0131l\u0131r.<\/strong><\/p>\n<p><strong>Kozmetik \u00fcr\u00fcn form\u00fclasyonlar\u0131nda katk\u0131 maddesi olarak kullan\u0131lmaktad\u0131r.<\/strong><\/p>\n<p><strong>DPG, ah\u015fap sekt\u00f6r\u00fcnde koruyucu ve parlakl\u0131k verici olarak kullan\u0131l\u0131r.<\/strong><\/p>\n<p><strong>Y\u00fcksek hacimli plastikle\u015ftirici \u00fcretiminde bir bile\u015fen olarak kullan\u0131l\u0131r.<\/strong><\/p>\n<p><strong>\u0130la\u00e7lar\u0131n sentezlenmesinde antifriz veya s\u0131cak ortamlarda reaksiyon ortam\u0131 olarak kullan\u0131lmaktad\u0131r.<\/strong><\/p>\n<p><strong>Fren hidroliklerinde, b\u00f6cek ila\u00e7lar\u0131nda ve nitrosel\u00fcloz, sel\u00fcloz asetat, lake gibi kimyasallarda \u00e7\u00f6z\u00fcc\u00fc olarak kullan\u0131l\u0131r.<\/strong><\/p>\n<p><strong>Boya kaplama ve m\u00fcrekkep sekt\u00f6r\u00fcnde kullan\u0131l\u0131r.<\/strong><\/p>\n<p><strong>Temizlik malzemelerin \u00fcretiminde kullan\u0131l\u0131r.<\/strong><\/p>\n<p><strong>Dipropilen glikol, bir\u00e7ok sekt\u00f6rde solvent olarak kullan\u0131l\u0131r.<\/strong><\/p>\n<p><strong>Sis makinelerinin s\u0131v\u0131lar\u0131nda kullan\u0131lmaktad\u0131r.<\/strong><\/p>\n<p><strong>Koku ve deodorant uygulamalar\u0131nda suland\u0131r\u0131c\u0131 veya ta\u015f\u0131y\u0131c\u0131 g\u00f6revi g\u00f6ren bir nemlendirici ajan olarak kullan\u0131lmaktad\u0131r.<\/strong><\/p>\n<p><strong>\u00a0<\/strong><\/p>\n<p><strong>AMBALAJ<\/strong><\/p>\n<p><strong>215 Kg variller halinde<\/strong><\/p>\n<p><strong>\u00a0<\/strong><\/p>\n<p><strong>DEPOLAMA<\/strong><\/p>\n<p><strong>Serin ve kuru bir alanda, hava almayacak \u015fekilde muhafaza edini<\/strong><strong>z<\/strong><strong>.<\/strong><\/p>\n<p><strong>\u00a0<\/strong><\/p>\n","protected":false},"excerpt":{"rendered":"<p>D\u0130PROP\u0130LEN GL\u0130KOL Dipropilen glikol, C6H14O3 form\u00fcl\u00fcne sahip bir bile\u015fiktir. \u0130zomerik 1,2-dipropilen glikol eterlerinin kar\u0131\u015f\u0131m\u0131d\u0131r. DPG propilen oksit hidroliziyle propilen glikol<\/p>\n","protected":false},"featured_media":16007,"comment_status":"open","ping_status":"closed","template":"","meta":{"_joinchat":[]},"product_cat":[70,74],"product_tag":[],"class_list":{"0":"post-16006","1":"product","2":"type-product","3":"status-publish","4":"has-post-thumbnail","6":"product_cat-boya-ve-yapi-kimyasallar","7":"product_cat-deterjan-ve-kozmetik-kimyasallari","9":"first","10":"outofstock","11":"shipping-taxable","12":"product-type-variable"},"yoast_head":"<!-- This site is optimized with the Yoast SEO Premium plugin v20.2.1 (Yoast SEO v20.2.1) - https:\/\/yoast.com\/wordpress\/plugins\/seo\/ -->\n<title>D\u0130PROP\u0130LEN GL\u0130KOL - Akerkimya<\/title>\n<meta name=\"robots\" content=\"index, follow, max-snippet:-1, max-image-preview:large, max-video-preview:-1\" \/>\n<link rel=\"canonical\" href=\"https:\/\/akerkimya.com\/eticaret\/urun\/dipropilen-glikol\/\" \/>\n<meta property=\"og:locale\" content=\"tr_TR\" \/>\n<meta property=\"og:type\" content=\"article\" \/>\n<meta property=\"og:title\" content=\"D\u0130PROP\u0130LEN GL\u0130KOL\" \/>\n<meta property=\"og:description\" content=\"D\u0130PROP\u0130LEN GL\u0130KOL Dipropilen glikol, C6H14O3 form\u00fcl\u00fcne sahip bir bile\u015fiktir. \u0130zomerik 1,2-dipropilen glikol eterlerinin kar\u0131\u015f\u0131m\u0131d\u0131r. DPG propilen oksit hidroliziyle propilen glikol\" \/>\n<meta property=\"og:url\" content=\"https:\/\/akerkimya.com\/eticaret\/urun\/dipropilen-glikol\/\" \/>\n<meta property=\"og:site_name\" content=\"Akerkimya\" \/>\n<meta property=\"article:modified_time\" content=\"2026-03-29T23:22:08+00:00\" \/>\n<meta property=\"og:image\" content=\"https:\/\/akerkimya.com\/eticaret\/wp-content\/uploads\/2024\/12\/DIPROPILEN-GLIKOL-GUNCEL-.png\" \/>\n\t<meta property=\"og:image:width\" content=\"1000\" \/>\n\t<meta property=\"og:image:height\" content=\"1000\" \/>\n\t<meta property=\"og:image:type\" content=\"image\/png\" \/>\n<meta name=\"twitter:card\" content=\"summary_large_image\" \/>\n<meta name=\"twitter:label1\" content=\"Tahmini okuma s\u00fcresi\" \/>\n\t<meta name=\"twitter:data1\" content=\"2 dakika\" \/>\n<script type=\"application\/ld+json\" class=\"yoast-schema-graph\">{\"@context\":\"https:\/\/schema.org\",\"@graph\":[{\"@type\":\"WebPage\",\"@id\":\"https:\/\/akerkimya.com\/eticaret\/urun\/dipropilen-glikol\/\",\"url\":\"https:\/\/akerkimya.com\/eticaret\/urun\/dipropilen-glikol\/\",\"name\":\"D\u0130PROP\u0130LEN GL\u0130KOL - Akerkimya\",\"isPartOf\":{\"@id\":\"https:\/\/akerkimya.com\/eticaret\/#website\"},\"datePublished\":\"2024-12-27T20:45:11+00:00\",\"dateModified\":\"2026-03-29T23:22:08+00:00\",\"breadcrumb\":{\"@id\":\"https:\/\/akerkimya.com\/eticaret\/urun\/dipropilen-glikol\/#breadcrumb\"},\"inLanguage\":\"tr\",\"potentialAction\":[{\"@type\":\"ReadAction\",\"target\":[\"https:\/\/akerkimya.com\/eticaret\/urun\/dipropilen-glikol\/\"]}]},{\"@type\":\"BreadcrumbList\",\"@id\":\"https:\/\/akerkimya.com\/eticaret\/urun\/dipropilen-glikol\/#breadcrumb\",\"itemListElement\":[{\"@type\":\"ListItem\",\"position\":1,\"name\":\"Home\",\"item\":\"https:\/\/akerkimya.com\/eticaret\/\"},{\"@type\":\"ListItem\",\"position\":2,\"name\":\"Market\",\"item\":\"https:\/\/akerkimya.com\/eticaret\/market\/\"},{\"@type\":\"ListItem\",\"position\":3,\"name\":\"D\u0130PROP\u0130LEN GL\u0130KOL\"}]},{\"@type\":\"WebSite\",\"@id\":\"https:\/\/akerkimya.com\/eticaret\/#website\",\"url\":\"https:\/\/akerkimya.com\/eticaret\/\",\"name\":\"Akerkimya\",\"description\":\"\",\"potentialAction\":[{\"@type\":\"SearchAction\",\"target\":{\"@type\":\"EntryPoint\",\"urlTemplate\":\"https:\/\/akerkimya.com\/eticaret\/?s={search_term_string}\"},\"query-input\":\"required name=search_term_string\"}],\"inLanguage\":\"tr\"}]}<\/script>\n<!-- \/ Yoast SEO Premium plugin. -->","yoast_head_json":{"title":"D\u0130PROP\u0130LEN GL\u0130KOL - Akerkimya","robots":{"index":"index","follow":"follow","max-snippet":"max-snippet:-1","max-image-preview":"max-image-preview:large","max-video-preview":"max-video-preview:-1"},"canonical":"https:\/\/akerkimya.com\/eticaret\/urun\/dipropilen-glikol\/","og_locale":"tr_TR","og_type":"article","og_title":"D\u0130PROP\u0130LEN GL\u0130KOL","og_description":"D\u0130PROP\u0130LEN GL\u0130KOL Dipropilen glikol, C6H14O3 form\u00fcl\u00fcne sahip bir bile\u015fiktir. \u0130zomerik 1,2-dipropilen glikol eterlerinin kar\u0131\u015f\u0131m\u0131d\u0131r. DPG propilen oksit hidroliziyle propilen glikol","og_url":"https:\/\/akerkimya.com\/eticaret\/urun\/dipropilen-glikol\/","og_site_name":"Akerkimya","article_modified_time":"2026-03-29T23:22:08+00:00","og_image":[{"width":1000,"height":1000,"url":"https:\/\/akerkimya.com\/eticaret\/wp-content\/uploads\/2024\/12\/DIPROPILEN-GLIKOL-GUNCEL-.png","type":"image\/png"}],"twitter_card":"summary_large_image","twitter_misc":{"Tahmini okuma s\u00fcresi":"2 dakika"},"schema":{"@context":"https:\/\/schema.org","@graph":[{"@type":"WebPage","@id":"https:\/\/akerkimya.com\/eticaret\/urun\/dipropilen-glikol\/","url":"https:\/\/akerkimya.com\/eticaret\/urun\/dipropilen-glikol\/","name":"D\u0130PROP\u0130LEN GL\u0130KOL - Akerkimya","isPartOf":{"@id":"https:\/\/akerkimya.com\/eticaret\/#website"},"datePublished":"2024-12-27T20:45:11+00:00","dateModified":"2026-03-29T23:22:08+00:00","breadcrumb":{"@id":"https:\/\/akerkimya.com\/eticaret\/urun\/dipropilen-glikol\/#breadcrumb"},"inLanguage":"tr","potentialAction":[{"@type":"ReadAction","target":["https:\/\/akerkimya.com\/eticaret\/urun\/dipropilen-glikol\/"]}]},{"@type":"BreadcrumbList","@id":"https:\/\/akerkimya.com\/eticaret\/urun\/dipropilen-glikol\/#breadcrumb","itemListElement":[{"@type":"ListItem","position":1,"name":"Home","item":"https:\/\/akerkimya.com\/eticaret\/"},{"@type":"ListItem","position":2,"name":"Market","item":"https:\/\/akerkimya.com\/eticaret\/market\/"},{"@type":"ListItem","position":3,"name":"D\u0130PROP\u0130LEN GL\u0130KOL"}]},{"@type":"WebSite","@id":"https:\/\/akerkimya.com\/eticaret\/#website","url":"https:\/\/akerkimya.com\/eticaret\/","name":"Akerkimya","description":"","potentialAction":[{"@type":"SearchAction","target":{"@type":"EntryPoint","urlTemplate":"https:\/\/akerkimya.com\/eticaret\/?s={search_term_string}"},"query-input":"required name=search_term_string"}],"inLanguage":"tr"}]}},"_links":{"self":[{"href":"https:\/\/akerkimya.com\/eticaret\/wp-json\/wp\/v2\/product\/16006","targetHints":{"allow":["GET"]}}],"collection":[{"href":"https:\/\/akerkimya.com\/eticaret\/wp-json\/wp\/v2\/product"}],"about":[{"href":"https:\/\/akerkimya.com\/eticaret\/wp-json\/wp\/v2\/types\/product"}],"replies":[{"embeddable":true,"href":"https:\/\/akerkimya.com\/eticaret\/wp-json\/wp\/v2\/comments?post=16006"}],"version-history":[{"count":2,"href":"https:\/\/akerkimya.com\/eticaret\/wp-json\/wp\/v2\/product\/16006\/revisions"}],"predecessor-version":[{"id":16743,"href":"https:\/\/akerkimya.com\/eticaret\/wp-json\/wp\/v2\/product\/16006\/revisions\/16743"}],"wp:featuredmedia":[{"embeddable":true,"href":"https:\/\/akerkimya.com\/eticaret\/wp-json\/wp\/v2\/media\/16007"}],"wp:attachment":[{"href":"https:\/\/akerkimya.com\/eticaret\/wp-json\/wp\/v2\/media?parent=16006"}],"wp:term":[{"taxonomy":"product_cat","embeddable":true,"href":"https:\/\/akerkimya.com\/eticaret\/wp-json\/wp\/v2\/product_cat?post=16006"},{"taxonomy":"product_tag","embeddable":true,"href":"https:\/\/akerkimya.com\/eticaret\/wp-json\/wp\/v2\/product_tag?post=16006"}],"curies":[{"name":"wp","href":"https:\/\/api.w.org\/{rel}","templated":true}]}}