{"id":16009,"date":"2024-12-28T17:05:00","date_gmt":"2024-12-28T14:05:00","guid":{"rendered":"https:\/\/akerkimya.com\/eticaret\/?post_type=product&#038;p=16009"},"modified":"2026-03-30T02:23:39","modified_gmt":"2026-03-29T23:23:39","slug":"dolomit","status":"publish","type":"product","link":"https:\/\/akerkimya.com\/eticaret\/urun\/dolomit\/","title":{"rendered":"DOLOM\u0130T"},"content":{"rendered":"<h1>DOLOM\u0130T<\/h1>\n<p><strong>Dolomit, kalsiyum ve magnezyumlu karbonat birle\u015fiminde bir mineraldir. K\u0131r\u0131lgan bir mineraldir.\u00a0Is\u0131t\u0131ld\u0131\u011f\u0131nda k\u00f6p\u00fcrerek \u00e7\u00f6z\u00fcl\u00fcr. Dolomit minerallerinin olu\u015fturdu\u011fu kaya\u00e7lara DOLOTA\u015eI ad\u0131 da verilmektedir. Bu kaya\u00e7lar\u0131n olu\u015fumu dolomitin do\u011frudan kimyasal bir \u00e7\u00f6kelme ile de\u011fil kire\u00e7 ta\u015flar\u0131n\u0131n magnezyum bak\u0131m\u0131ndan zengin sular\u0131n etkisi alt\u0131nda olu\u015ftu\u011fu bilinmektedir.<\/strong><\/p>\n<p><strong>\u00a0<\/strong><\/p>\n<p><strong>DOLOM\u0130T TEKN\u0130K \u00d6ZELL\u0130KLER<\/strong><\/p>\n<p><strong>\u00d6ZG\u00dcL A\u011eIRLI\u011eI:2,8 g\/cm3<\/strong><\/p>\n<p><strong>SERTL\u0130K:3,5-4 aras\u0131<\/strong><\/p>\n<p><strong>K\u0130MYASAL B\u0130LE\u015e\u0130M\u0130: CaMg(CO3)2<\/strong><\/p>\n<p><strong>KR\u0130STAL S\u0130STEM\u0130: Hegzagonal<\/strong><\/p>\n<p><strong>\u00a0<\/strong><\/p>\n<p><strong>DOLOM\u0130T KULLANIM ALANLARI<\/strong><\/p>\n<p><strong>Fiziksel ve kimyasal yap\u0131s\u0131na ba\u011fl\u0131 olarak dolomitin 30\u2019dan fazla kullan\u0131m alan\u0131 vard\u0131r.<\/strong><\/p>\n<p><strong>Dolomit,\u00a0fiziksel nitelikleri itibariyle dolomit \u00f6zellikle yol in\u015faatlar\u0131nda (karayolu, demiryolu) ve beton yap\u0131m\u0131nda kullan\u0131lmaktad\u0131r.<\/strong><\/p>\n<p><strong>Kimyasal niteliklerinden istifade s\u00f6z konusu oldu\u011funda ise \u00e7ok daha geni\u015f bir kullan\u0131m alan\u0131 ortaya \u00e7\u0131kmaktad\u0131r.<\/strong><\/p>\n<p><strong>\u0130\u00e7erdi\u011fi MgO\u2019den dolay\u0131 dolomit ziraatta (g\u00fcbre yap\u0131m\u0131nda, toprak \u0131slah\u0131nda), tu\u011fla, \u00e7imento, dolomitik s\u00f6nmemi\u015f kire\u00e7, cam, soda sanayinde kullan\u0131lmaktad\u0131r.<\/strong><\/p>\n<p><strong>Dolomit, ba\u015fta boya olmak \u00fczere kimya sanayisinde de dolgu maddesi olarak \u00f6nemli bir hammaddedir.<\/strong><\/p>\n<p><strong>\u00a0<\/strong><\/p>\n<p><strong>AMBALAJ<\/strong><\/p>\n<p><strong>1-5-25 Kg Kraft torbalarda<\/strong><strong>.<\/strong><\/p>\n<p><strong>DEPOLAMA<\/strong><\/p>\n<p><strong>Serin ve nem olmayan yerlerde a\u011fz\u0131 kapal\u0131 olacak \u015fekilde muhafaza edilmelidir.<\/strong><\/p>\n<p><strong>\u00a0<\/strong><\/p>\n","protected":false},"excerpt":{"rendered":"<p>DOLOM\u0130T Dolomit, kalsiyum ve magnezyumlu karbonat birle\u015fiminde bir mineraldir. K\u0131r\u0131lgan bir mineraldir.\u00a0Is\u0131t\u0131ld\u0131\u011f\u0131nda k\u00f6p\u00fcrerek \u00e7\u00f6z\u00fcl\u00fcr. Dolomit minerallerinin olu\u015fturdu\u011fu kaya\u00e7lara DOLOTA\u015eI ad\u0131<\/p>\n","protected":false},"featured_media":16010,"comment_status":"open","ping_status":"closed","template":"","meta":{"_joinchat":[]},"product_cat":[70,79],"product_tag":[],"class_list":{"0":"post-16009","1":"product","2":"type-product","3":"status-publish","4":"has-post-thumbnail","6":"product_cat-boya-ve-yapi-kimyasallar","7":"product_cat-tarim-kimyasallari","9":"first","10":"instock","11":"shipping-taxable","12":"purchasable","13":"product-type-variable"},"yoast_head":"<!-- This site is optimized with the Yoast SEO Premium plugin v20.2.1 (Yoast SEO v20.2.1) - https:\/\/yoast.com\/wordpress\/plugins\/seo\/ -->\n<title>DOLOM\u0130T - Akerkimya<\/title>\n<meta name=\"robots\" content=\"index, follow, max-snippet:-1, max-image-preview:large, max-video-preview:-1\" \/>\n<link rel=\"canonical\" href=\"https:\/\/akerkimya.com\/eticaret\/urun\/dolomit\/\" \/>\n<meta property=\"og:locale\" content=\"tr_TR\" \/>\n<meta property=\"og:type\" content=\"article\" \/>\n<meta property=\"og:title\" content=\"DOLOM\u0130T\" \/>\n<meta property=\"og:description\" content=\"DOLOM\u0130T Dolomit, kalsiyum ve magnezyumlu karbonat birle\u015fiminde bir mineraldir. K\u0131r\u0131lgan bir mineraldir.\u00a0Is\u0131t\u0131ld\u0131\u011f\u0131nda k\u00f6p\u00fcrerek \u00e7\u00f6z\u00fcl\u00fcr. Dolomit minerallerinin olu\u015fturdu\u011fu kaya\u00e7lara DOLOTA\u015eI ad\u0131\" \/>\n<meta property=\"og:url\" content=\"https:\/\/akerkimya.com\/eticaret\/urun\/dolomit\/\" \/>\n<meta property=\"og:site_name\" content=\"Akerkimya\" \/>\n<meta property=\"article:modified_time\" content=\"2026-03-29T23:23:39+00:00\" \/>\n<meta property=\"og:image\" content=\"https:\/\/akerkimya.com\/eticaret\/wp-content\/uploads\/2024\/12\/DOLOMIT-GUNCEL-.png\" \/>\n\t<meta property=\"og:image:width\" content=\"1000\" \/>\n\t<meta property=\"og:image:height\" content=\"1000\" \/>\n\t<meta property=\"og:image:type\" content=\"image\/png\" \/>\n<meta name=\"twitter:card\" content=\"summary_large_image\" \/>\n<meta name=\"twitter:label1\" content=\"Tahmini okuma s\u00fcresi\" \/>\n\t<meta name=\"twitter:data1\" content=\"1 dakika\" \/>\n<script type=\"application\/ld+json\" class=\"yoast-schema-graph\">{\"@context\":\"https:\/\/schema.org\",\"@graph\":[{\"@type\":\"WebPage\",\"@id\":\"https:\/\/akerkimya.com\/eticaret\/urun\/dolomit\/\",\"url\":\"https:\/\/akerkimya.com\/eticaret\/urun\/dolomit\/\",\"name\":\"DOLOM\u0130T - Akerkimya\",\"isPartOf\":{\"@id\":\"https:\/\/akerkimya.com\/eticaret\/#website\"},\"datePublished\":\"2024-12-28T14:05:00+00:00\",\"dateModified\":\"2026-03-29T23:23:39+00:00\",\"breadcrumb\":{\"@id\":\"https:\/\/akerkimya.com\/eticaret\/urun\/dolomit\/#breadcrumb\"},\"inLanguage\":\"tr\",\"potentialAction\":[{\"@type\":\"ReadAction\",\"target\":[\"https:\/\/akerkimya.com\/eticaret\/urun\/dolomit\/\"]}]},{\"@type\":\"BreadcrumbList\",\"@id\":\"https:\/\/akerkimya.com\/eticaret\/urun\/dolomit\/#breadcrumb\",\"itemListElement\":[{\"@type\":\"ListItem\",\"position\":1,\"name\":\"Home\",\"item\":\"https:\/\/akerkimya.com\/eticaret\/\"},{\"@type\":\"ListItem\",\"position\":2,\"name\":\"Market\",\"item\":\"https:\/\/akerkimya.com\/eticaret\/market\/\"},{\"@type\":\"ListItem\",\"position\":3,\"name\":\"DOLOM\u0130T\"}]},{\"@type\":\"WebSite\",\"@id\":\"https:\/\/akerkimya.com\/eticaret\/#website\",\"url\":\"https:\/\/akerkimya.com\/eticaret\/\",\"name\":\"Akerkimya\",\"description\":\"\",\"potentialAction\":[{\"@type\":\"SearchAction\",\"target\":{\"@type\":\"EntryPoint\",\"urlTemplate\":\"https:\/\/akerkimya.com\/eticaret\/?s={search_term_string}\"},\"query-input\":\"required name=search_term_string\"}],\"inLanguage\":\"tr\"}]}<\/script>\n<!-- \/ Yoast SEO Premium plugin. -->","yoast_head_json":{"title":"DOLOM\u0130T - Akerkimya","robots":{"index":"index","follow":"follow","max-snippet":"max-snippet:-1","max-image-preview":"max-image-preview:large","max-video-preview":"max-video-preview:-1"},"canonical":"https:\/\/akerkimya.com\/eticaret\/urun\/dolomit\/","og_locale":"tr_TR","og_type":"article","og_title":"DOLOM\u0130T","og_description":"DOLOM\u0130T Dolomit, kalsiyum ve magnezyumlu karbonat birle\u015fiminde bir mineraldir. K\u0131r\u0131lgan bir mineraldir.\u00a0Is\u0131t\u0131ld\u0131\u011f\u0131nda k\u00f6p\u00fcrerek \u00e7\u00f6z\u00fcl\u00fcr. Dolomit minerallerinin olu\u015fturdu\u011fu kaya\u00e7lara DOLOTA\u015eI ad\u0131","og_url":"https:\/\/akerkimya.com\/eticaret\/urun\/dolomit\/","og_site_name":"Akerkimya","article_modified_time":"2026-03-29T23:23:39+00:00","og_image":[{"width":1000,"height":1000,"url":"https:\/\/akerkimya.com\/eticaret\/wp-content\/uploads\/2024\/12\/DOLOMIT-GUNCEL-.png","type":"image\/png"}],"twitter_card":"summary_large_image","twitter_misc":{"Tahmini okuma s\u00fcresi":"1 dakika"},"schema":{"@context":"https:\/\/schema.org","@graph":[{"@type":"WebPage","@id":"https:\/\/akerkimya.com\/eticaret\/urun\/dolomit\/","url":"https:\/\/akerkimya.com\/eticaret\/urun\/dolomit\/","name":"DOLOM\u0130T - Akerkimya","isPartOf":{"@id":"https:\/\/akerkimya.com\/eticaret\/#website"},"datePublished":"2024-12-28T14:05:00+00:00","dateModified":"2026-03-29T23:23:39+00:00","breadcrumb":{"@id":"https:\/\/akerkimya.com\/eticaret\/urun\/dolomit\/#breadcrumb"},"inLanguage":"tr","potentialAction":[{"@type":"ReadAction","target":["https:\/\/akerkimya.com\/eticaret\/urun\/dolomit\/"]}]},{"@type":"BreadcrumbList","@id":"https:\/\/akerkimya.com\/eticaret\/urun\/dolomit\/#breadcrumb","itemListElement":[{"@type":"ListItem","position":1,"name":"Home","item":"https:\/\/akerkimya.com\/eticaret\/"},{"@type":"ListItem","position":2,"name":"Market","item":"https:\/\/akerkimya.com\/eticaret\/market\/"},{"@type":"ListItem","position":3,"name":"DOLOM\u0130T"}]},{"@type":"WebSite","@id":"https:\/\/akerkimya.com\/eticaret\/#website","url":"https:\/\/akerkimya.com\/eticaret\/","name":"Akerkimya","description":"","potentialAction":[{"@type":"SearchAction","target":{"@type":"EntryPoint","urlTemplate":"https:\/\/akerkimya.com\/eticaret\/?s={search_term_string}"},"query-input":"required name=search_term_string"}],"inLanguage":"tr"}]}},"_links":{"self":[{"href":"https:\/\/akerkimya.com\/eticaret\/wp-json\/wp\/v2\/product\/16009","targetHints":{"allow":["GET"]}}],"collection":[{"href":"https:\/\/akerkimya.com\/eticaret\/wp-json\/wp\/v2\/product"}],"about":[{"href":"https:\/\/akerkimya.com\/eticaret\/wp-json\/wp\/v2\/types\/product"}],"replies":[{"embeddable":true,"href":"https:\/\/akerkimya.com\/eticaret\/wp-json\/wp\/v2\/comments?post=16009"}],"version-history":[{"count":2,"href":"https:\/\/akerkimya.com\/eticaret\/wp-json\/wp\/v2\/product\/16009\/revisions"}],"predecessor-version":[{"id":16742,"href":"https:\/\/akerkimya.com\/eticaret\/wp-json\/wp\/v2\/product\/16009\/revisions\/16742"}],"wp:featuredmedia":[{"embeddable":true,"href":"https:\/\/akerkimya.com\/eticaret\/wp-json\/wp\/v2\/media\/16010"}],"wp:attachment":[{"href":"https:\/\/akerkimya.com\/eticaret\/wp-json\/wp\/v2\/media?parent=16009"}],"wp:term":[{"taxonomy":"product_cat","embeddable":true,"href":"https:\/\/akerkimya.com\/eticaret\/wp-json\/wp\/v2\/product_cat?post=16009"},{"taxonomy":"product_tag","embeddable":true,"href":"https:\/\/akerkimya.com\/eticaret\/wp-json\/wp\/v2\/product_tag?post=16009"}],"curies":[{"name":"wp","href":"https:\/\/api.w.org\/{rel}","templated":true}]}}