{"id":16026,"date":"2024-12-28T17:26:42","date_gmt":"2024-12-28T14:26:42","guid":{"rendered":"https:\/\/akerkimya.com\/eticaret\/?post_type=product&#038;p=16026"},"modified":"2026-03-30T02:22:09","modified_gmt":"2026-03-29T23:22:09","slug":"formik-asit","status":"publish","type":"product","link":"https:\/\/akerkimya.com\/eticaret\/urun\/formik-asit\/","title":{"rendered":"FORM\u0130K AS\u0130T"},"content":{"rendered":"<h1>FORM\u0130K AS\u0130T<\/h1>\n<p><strong>Formik asit, HCOOH form\u00fcl\u00fcne sahip metanoik asit olarak adland\u0131r\u0131lan tek karbonlu karboksilik asittir. Kimyasal sentezde \u00f6nemli bir ara maddedir ve en \u00f6nemlisi baz\u0131 kar\u0131ncalarda do\u011fal olarak formik asit olu\u015fur bu y\u00fczdende halk aras\u0131nda kar\u0131nca asidi olarak bilinir. Formik asit, asetik asitten farkl\u0131 olarak, oda s\u0131cakl\u0131\u011f\u0131nda keskin, delici bir kokuya sahip renksiz bir s\u0131v\u0131d\u0131r.<\/strong><\/p>\n<p><strong>\u00a0<\/strong><\/p>\n<p><strong>FORM\u0130K AS\u0130T \u00d6ZELL\u0130KLER\u0130<\/strong><\/p>\n<p><strong>Renksiz ve keskin bir kokuya sahiptir.<\/strong><\/p>\n<p><strong>Eter, aseton, etil aseton, metil ve etanol ile kar\u0131\u015fabilir. <\/strong><\/p>\n<p><strong>Hem aldehit hem de karboksilik asit \u00f6zelli\u011fi ta\u015f\u0131r.<\/strong><\/p>\n<p><strong>Benzen, Toluen ve Ksilen de %10 kadar \u00e7\u00f6z\u00fcnmektedir. Ayn\u0131 zamanda Alifatik Hidrokarbonlarda daha az oranda \u00e7\u00f6z\u00fcn\u00fcrl\u00fc\u011fe sahiptir.<\/strong><\/p>\n<p><strong>Formik asit \u0131s\u0131nd\u0131\u011f\u0131nda ve g\u00fc\u00e7l\u00fc asitlerle reaksiyona girdi\u011finde ayr\u0131\u015fmaktad\u0131r.<\/strong><\/p>\n<p><strong>\u00a0<\/strong><\/p>\n<p><strong>TEKN\u0130K \u00d6ZELL\u0130KLER\u0130<\/strong><\/p>\n<p><strong>CAS NUMARASI: 64-18-6<\/strong><\/p>\n<p><strong>EINESCS NO: 200-579-1<\/strong><\/p>\n<p><strong>K\u0130MYASAL FORM\u00dcL\u00dc: CH2O2<\/strong><\/p>\n<p><strong>K\u0130MYASAL ADI: Formik Asit, Metanoik Asit<\/strong><\/p>\n<p><strong>MOLEK\u00dcL A\u011eIRLI\u011eI: 46,0254 g\/mol<\/strong><\/p>\n<p><strong>YO\u011eUNLU\u011eU: 1,22 g\/ml (s\u0131v\u0131)<\/strong><\/p>\n<p><strong>AS\u0130TL\u0130K (pKa): 3,75<\/strong><\/p>\n<p><strong>ER\u0130ME NOKTASI: 8,4 \u00b0C<\/strong><\/p>\n<p><strong>KAYNAMA NOKTASI: 249,2 \u00b0C<\/strong><\/p>\n<p><strong>PARLAMA NOKTASI: 121.5<\/strong><\/p>\n<p><strong>\u00a0<\/strong><\/p>\n<p><strong>KULLANIM ALANLARI<\/strong><\/p>\n<p><strong>En \u00f6nemli kullan\u0131m alan\u0131, hayvan yemlerinde koruyucu ve anti bakteriyel bir madde olarak ve besinlerin uzun s\u00fcre korunmas\u0131 sa\u011flamak amac\u0131 ile kullan\u0131l\u0131r.<\/strong><\/p>\n<p><strong>Parke cilas\u0131 ve so\u011futucu \u00fcretiminde kullan\u0131l\u0131r.<\/strong><\/p>\n<p><strong>Asidik yap\u0131s\u0131 sayesinde deri \u00fcretiminde, tekstilde boyama ve cila i\u015flemlerinde kullan\u0131l\u0131r.<\/strong><\/p>\n<p><strong>Ekmek mayas\u0131 ve Formaldehit \u00fcretiminde kullan\u0131l\u0131r.<\/strong><\/p>\n<p><strong>Formik asit, CO2 \u2018den mikroplar\u0131 kullanarak izob\u00fctanol \u00fcretmek i\u00e7in arac\u0131 olarak kullan\u0131l\u0131r.<\/strong><\/p>\n<p><strong>Parf\u00fcmlerde yapay kokular olu\u015fturmak amac\u0131 ile kullan\u0131l\u0131r.<\/strong><\/p>\n<p><strong>Petrol \u00fcretimine uygun i\u015fleme yard\u0131mc\u0131 kimyasallar\u0131n imalat\u0131nda kullan\u0131l\u0131r.<\/strong><\/p>\n<p><strong>Silikon kau\u00e7uk dolgu macunlar\u0131n\u0131n temizlenmesi i\u00e7in kullan\u0131lan kimyasal form\u00fcl\u00fcn i\u00e7erisinde yer al\u0131r.<\/strong><\/p>\n<p><strong>Tekstil sekt\u00f6r\u00fcnde boyama ve fini\u015fing i\u015flemleri s\u0131ras\u0131nda.<\/strong><\/p>\n<p><strong>Kire\u00e7 \u00e7\u00f6z\u00fcc\u00fc ve tuvalet klozet temizleyicisi gibi temizlik \u00fcr\u00fcnlerinin i\u00e7erisinde mineral asitlerin yerine formik asit kullan\u0131l\u0131r.<\/strong><\/p>\n<p><strong>T\u0131pta lokal anestezilerde formik asit kullan\u0131l\u0131r.<\/strong><\/p>\n<p><strong>Matbaa sekt\u00f6r\u00fcnde m\u00fcrekkep imalat\u0131nda kullan\u0131l\u0131r.<\/strong><\/p>\n<p><strong>Kau\u00e7uk \u00fcretiminde p\u0131ht\u0131la\u015ft\u0131r\u0131c\u0131 olarak kullan\u0131l\u0131r.<\/strong><\/p>\n<p><strong>Formik asit, si\u011fil tedavisi i\u00e7in kullan\u0131lmaktad\u0131r.<\/strong><\/p>\n<p><strong>K\u00fcmes hayvanlar\u0131 end\u00fcstrisinde bazen Escherichia coli bakterilerini \u00f6ld\u00fcrmek amac\u0131 ile yeme ilave edilir.<\/strong><\/p>\n<p><strong>Parf\u00fcm solventi ve verniklerde kullan\u0131l\u0131r.<\/strong><\/p>\n<p><strong>Alkol \u00fcretiminde, alkilasyon ajan\u0131 olarak kullan\u0131l\u0131r.<\/strong><\/p>\n<p><strong>\u00dc\u00e7\u00fcnc\u00fcl bile\u015fikler i\u00e7in karboksilasyon ajan\u0131 olarak kullan\u0131l\u0131r.<\/strong><\/p>\n<p><strong>Kimya ve ila\u00e7 end\u00fcstrisinde bir\u00e7ok \u00fcr\u00fcn\u00fcn \u00fcretiminde bir ara madde olarak kullan\u0131l\u0131r.<\/strong><\/p>\n<p><strong>Baz\u0131 durumlarda insan yiyeceklerinde koruyucu, yapay tatland\u0131r\u0131c\u0131 madde olarak kullan\u0131l\u0131r.<\/strong><\/p>\n<p><strong>Elektrolize metal kaplama sanayinde solvent olarak kullan\u0131l\u0131r.<\/strong><\/p>\n<p><strong>Sanayide yap\u0131\u015ft\u0131r\u0131c\u0131lar ve s\u0131zd\u0131rmazl\u0131k \u00fcr\u00fcnlerinin imalat\u0131nda kullan\u0131l\u0131r.<\/strong><\/p>\n<p><strong>Taze saman ve di\u011fer silaj \u00fcr\u00fcnlerinin \u00fczerine p\u00fcsk\u00fcrt\u00fcld\u00fc\u011f\u00fcnde belirli \u00e7\u00fcr\u00fcme etkilerini durdurmaktad\u0131r.<\/strong><\/p>\n<p><strong>Korozyona kar\u015f\u0131 dayan\u0131kl\u0131 al\u00fcminyum (metal) pimentlerin \u00fcretiminde organik \u00e7\u00f6z\u00fcc\u00fc olarak kataliz\u00f6r g\u00f6revi g\u00f6r\u00fcr. <\/strong><\/p>\n<p><strong>Ayna \u00fcretiminde kullan\u0131l\u0131r.<\/strong><\/p>\n<p><strong>Kozmetik sekt\u00f6r\u00fcnde lak \u00fcretiminde kullan\u0131l\u0131r.<\/strong><\/p>\n<p><strong>Boyamada sabit y\u00fcn renkleri i\u00e7in indirgeyici olarak kullan\u0131l\u0131r.<\/strong><\/p>\n<p><strong>Hayvan derisinden t\u00fcy-k\u0131l gidermede ve hayvan derisi doldurma(kabartma) da, tabaklamada kullan\u0131l\u0131r.<\/strong><\/p>\n<p><strong>Kimyasal sentezler i\u00e7in ba\u015flat\u0131c\u0131 \u00fcr\u00fcn olarak kullan\u0131l\u0131r.<\/strong><\/p>\n<p><strong>\u00a0<\/strong><\/p>\n<p><strong>AMBALAJ<\/strong><\/p>\n<p><strong>1-5-30 kg bidonlar halinde <\/strong><\/p>\n<p><strong>\u00a0<\/strong><\/p>\n<p><strong>DEPOLAMA <\/strong><\/p>\n<p><strong>Serin ve kuru bir alanda hava almayacak \u015fekilde muhafaza edilmelidir. G\u00f6zler ile temastan korunmal\u0131d\u0131r.<\/strong><\/p>\n<p><strong>\u00a0<\/strong><\/p>\n","protected":false},"excerpt":{"rendered":"<p>FORM\u0130K AS\u0130T Formik asit, HCOOH form\u00fcl\u00fcne sahip metanoik asit olarak adland\u0131r\u0131lan tek karbonlu karboksilik asittir. Kimyasal sentezde \u00f6nemli bir ara<\/p>\n","protected":false},"featured_media":16027,"comment_status":"open","ping_status":"closed","template":"","meta":{"_joinchat":[]},"product_cat":[70,73,78,80,81],"product_tag":[],"class_list":{"0":"post-16026","1":"product","2":"type-product","3":"status-publish","4":"has-post-thumbnail","6":"product_cat-boya-ve-yapi-kimyasallar","7":"product_cat-deri-ve-tekstil-kimyasallari","8":"product_cat-metal-dokum-kaplama","9":"product_cat-veteriner-ve-ilac-kimyasallari","10":"product_cat-yem-katki-kimyasallari","12":"first","13":"instock","14":"shipping-taxable","15":"product-type-simple"},"yoast_head":"<!-- This site is optimized with the Yoast SEO Premium plugin v20.2.1 (Yoast SEO v20.2.1) - https:\/\/yoast.com\/wordpress\/plugins\/seo\/ -->\n<title>FORM\u0130K AS\u0130T - Akerkimya<\/title>\n<meta name=\"robots\" content=\"index, follow, max-snippet:-1, max-image-preview:large, max-video-preview:-1\" \/>\n<link rel=\"canonical\" href=\"https:\/\/akerkimya.com\/eticaret\/urun\/formik-asit\/\" \/>\n<meta property=\"og:locale\" content=\"tr_TR\" \/>\n<meta property=\"og:type\" content=\"article\" \/>\n<meta property=\"og:title\" content=\"FORM\u0130K AS\u0130T\" \/>\n<meta property=\"og:description\" content=\"FORM\u0130K AS\u0130T Formik asit, HCOOH form\u00fcl\u00fcne sahip metanoik asit olarak adland\u0131r\u0131lan tek karbonlu karboksilik asittir. Kimyasal sentezde \u00f6nemli bir ara\" \/>\n<meta property=\"og:url\" content=\"https:\/\/akerkimya.com\/eticaret\/urun\/formik-asit\/\" \/>\n<meta property=\"og:site_name\" content=\"Akerkimya\" \/>\n<meta property=\"article:modified_time\" content=\"2026-03-29T23:22:09+00:00\" \/>\n<meta property=\"og:image\" content=\"https:\/\/akerkimya.com\/eticaret\/wp-content\/uploads\/2024\/12\/FORMIK-ASIT-.png\" \/>\n\t<meta property=\"og:image:width\" content=\"1000\" \/>\n\t<meta property=\"og:image:height\" content=\"1000\" \/>\n\t<meta property=\"og:image:type\" content=\"image\/png\" \/>\n<meta name=\"twitter:card\" content=\"summary_large_image\" \/>\n<meta name=\"twitter:label1\" content=\"Tahmini okuma s\u00fcresi\" \/>\n\t<meta name=\"twitter:data1\" content=\"3 dakika\" \/>\n<script type=\"application\/ld+json\" class=\"yoast-schema-graph\">{\"@context\":\"https:\/\/schema.org\",\"@graph\":[{\"@type\":\"WebPage\",\"@id\":\"https:\/\/akerkimya.com\/eticaret\/urun\/formik-asit\/\",\"url\":\"https:\/\/akerkimya.com\/eticaret\/urun\/formik-asit\/\",\"name\":\"FORM\u0130K AS\u0130T - Akerkimya\",\"isPartOf\":{\"@id\":\"https:\/\/akerkimya.com\/eticaret\/#website\"},\"datePublished\":\"2024-12-28T14:26:42+00:00\",\"dateModified\":\"2026-03-29T23:22:09+00:00\",\"breadcrumb\":{\"@id\":\"https:\/\/akerkimya.com\/eticaret\/urun\/formik-asit\/#breadcrumb\"},\"inLanguage\":\"tr\",\"potentialAction\":[{\"@type\":\"ReadAction\",\"target\":[\"https:\/\/akerkimya.com\/eticaret\/urun\/formik-asit\/\"]}]},{\"@type\":\"BreadcrumbList\",\"@id\":\"https:\/\/akerkimya.com\/eticaret\/urun\/formik-asit\/#breadcrumb\",\"itemListElement\":[{\"@type\":\"ListItem\",\"position\":1,\"name\":\"Home\",\"item\":\"https:\/\/akerkimya.com\/eticaret\/\"},{\"@type\":\"ListItem\",\"position\":2,\"name\":\"Market\",\"item\":\"https:\/\/akerkimya.com\/eticaret\/market\/\"},{\"@type\":\"ListItem\",\"position\":3,\"name\":\"FORM\u0130K AS\u0130T\"}]},{\"@type\":\"WebSite\",\"@id\":\"https:\/\/akerkimya.com\/eticaret\/#website\",\"url\":\"https:\/\/akerkimya.com\/eticaret\/\",\"name\":\"Akerkimya\",\"description\":\"\",\"potentialAction\":[{\"@type\":\"SearchAction\",\"target\":{\"@type\":\"EntryPoint\",\"urlTemplate\":\"https:\/\/akerkimya.com\/eticaret\/?s={search_term_string}\"},\"query-input\":\"required name=search_term_string\"}],\"inLanguage\":\"tr\"}]}<\/script>\n<!-- \/ Yoast SEO Premium plugin. -->","yoast_head_json":{"title":"FORM\u0130K AS\u0130T - Akerkimya","robots":{"index":"index","follow":"follow","max-snippet":"max-snippet:-1","max-image-preview":"max-image-preview:large","max-video-preview":"max-video-preview:-1"},"canonical":"https:\/\/akerkimya.com\/eticaret\/urun\/formik-asit\/","og_locale":"tr_TR","og_type":"article","og_title":"FORM\u0130K AS\u0130T","og_description":"FORM\u0130K AS\u0130T Formik asit, HCOOH form\u00fcl\u00fcne sahip metanoik asit olarak adland\u0131r\u0131lan tek karbonlu karboksilik asittir. Kimyasal sentezde \u00f6nemli bir ara","og_url":"https:\/\/akerkimya.com\/eticaret\/urun\/formik-asit\/","og_site_name":"Akerkimya","article_modified_time":"2026-03-29T23:22:09+00:00","og_image":[{"width":1000,"height":1000,"url":"https:\/\/akerkimya.com\/eticaret\/wp-content\/uploads\/2024\/12\/FORMIK-ASIT-.png","type":"image\/png"}],"twitter_card":"summary_large_image","twitter_misc":{"Tahmini okuma s\u00fcresi":"3 dakika"},"schema":{"@context":"https:\/\/schema.org","@graph":[{"@type":"WebPage","@id":"https:\/\/akerkimya.com\/eticaret\/urun\/formik-asit\/","url":"https:\/\/akerkimya.com\/eticaret\/urun\/formik-asit\/","name":"FORM\u0130K AS\u0130T - Akerkimya","isPartOf":{"@id":"https:\/\/akerkimya.com\/eticaret\/#website"},"datePublished":"2024-12-28T14:26:42+00:00","dateModified":"2026-03-29T23:22:09+00:00","breadcrumb":{"@id":"https:\/\/akerkimya.com\/eticaret\/urun\/formik-asit\/#breadcrumb"},"inLanguage":"tr","potentialAction":[{"@type":"ReadAction","target":["https:\/\/akerkimya.com\/eticaret\/urun\/formik-asit\/"]}]},{"@type":"BreadcrumbList","@id":"https:\/\/akerkimya.com\/eticaret\/urun\/formik-asit\/#breadcrumb","itemListElement":[{"@type":"ListItem","position":1,"name":"Home","item":"https:\/\/akerkimya.com\/eticaret\/"},{"@type":"ListItem","position":2,"name":"Market","item":"https:\/\/akerkimya.com\/eticaret\/market\/"},{"@type":"ListItem","position":3,"name":"FORM\u0130K AS\u0130T"}]},{"@type":"WebSite","@id":"https:\/\/akerkimya.com\/eticaret\/#website","url":"https:\/\/akerkimya.com\/eticaret\/","name":"Akerkimya","description":"","potentialAction":[{"@type":"SearchAction","target":{"@type":"EntryPoint","urlTemplate":"https:\/\/akerkimya.com\/eticaret\/?s={search_term_string}"},"query-input":"required name=search_term_string"}],"inLanguage":"tr"}]}},"_links":{"self":[{"href":"https:\/\/akerkimya.com\/eticaret\/wp-json\/wp\/v2\/product\/16026","targetHints":{"allow":["GET"]}}],"collection":[{"href":"https:\/\/akerkimya.com\/eticaret\/wp-json\/wp\/v2\/product"}],"about":[{"href":"https:\/\/akerkimya.com\/eticaret\/wp-json\/wp\/v2\/types\/product"}],"replies":[{"embeddable":true,"href":"https:\/\/akerkimya.com\/eticaret\/wp-json\/wp\/v2\/comments?post=16026"}],"version-history":[{"count":3,"href":"https:\/\/akerkimya.com\/eticaret\/wp-json\/wp\/v2\/product\/16026\/revisions"}],"predecessor-version":[{"id":18485,"href":"https:\/\/akerkimya.com\/eticaret\/wp-json\/wp\/v2\/product\/16026\/revisions\/18485"}],"wp:featuredmedia":[{"embeddable":true,"href":"https:\/\/akerkimya.com\/eticaret\/wp-json\/wp\/v2\/media\/16027"}],"wp:attachment":[{"href":"https:\/\/akerkimya.com\/eticaret\/wp-json\/wp\/v2\/media?parent=16026"}],"wp:term":[{"taxonomy":"product_cat","embeddable":true,"href":"https:\/\/akerkimya.com\/eticaret\/wp-json\/wp\/v2\/product_cat?post=16026"},{"taxonomy":"product_tag","embeddable":true,"href":"https:\/\/akerkimya.com\/eticaret\/wp-json\/wp\/v2\/product_tag?post=16026"}],"curies":[{"name":"wp","href":"https:\/\/api.w.org\/{rel}","templated":true}]}}