{"id":16032,"date":"2024-12-28T17:36:54","date_gmt":"2024-12-28T14:36:54","guid":{"rendered":"https:\/\/akerkimya.com\/eticaret\/?post_type=product&#038;p=16032"},"modified":"2026-03-30T02:23:41","modified_gmt":"2026-03-29T23:23:41","slug":"fosforik-asit","status":"publish","type":"product","link":"https:\/\/akerkimya.com\/eticaret\/urun\/fosforik-asit\/","title":{"rendered":"FOSFOR\u0130K AS\u0130T"},"content":{"rendered":"<h1>FOSFOR\u0130K AS\u0130T<\/h1>\n<p><strong>Kimyasal form\u00fcl\u00fc\u00a0H3P04<sub>\u00a0<\/sub>zay\u0131f bir asit \u00e7e\u015fididir. Ortofosforik asit olarak da adland\u0131r\u0131l\u0131r.<\/strong><\/p>\n<p><strong>\u00a0<\/strong><\/p>\n<p><strong>FOSFOR\u0130K AS\u0130T TEKN\u0130K \u00d6ZELL\u0130KLER<\/strong><\/p>\n<p><strong>K\u0130MYASAL FORM\u00dcL:\u00a0 H3P04\u00a0\u00a0\u00a0\u00a0\u00a0\u00a0\u00a0\u00a0\u00a0\u00a0\u00a0\u00a0\u00a0\u00a0\u00a0\u00a0\u00a0\u00a0\u00a0\u00a0\u00a0\u00a0\u00a0\u00a0\u00a0\u00a0\u00a0\u00a0\u00a0\u00a0\u00a0\u00a0\u00a0\u00a0\u00a0\u00a0\u00a0\u00a0\u00a0\u00a0\u00a0\u00a0<\/strong><\/p>\n<p><strong>CAS NO: 7664-38-2<\/strong><\/p>\n<p><strong>E\u0130NCES NO: 231-633-2<\/strong><\/p>\n<p><strong>G\u00d6R\u00dcN\u00dcM: Berrak S\u0131v\u0131<\/strong><\/p>\n<p><strong>YO\u011eUNLUK: 1.69 g\/ml<\/strong><\/p>\n<p><strong>KAYNAMA: 158 C<\/strong><\/p>\n<p><strong>ER\u0130ME: 21 C<\/strong><\/p>\n<p><strong>FOSFOR\u0130K AS\u0130T: 85 %<\/strong><\/p>\n<p><strong>A\u011eIR METAL PPM: 5 max<\/strong><\/p>\n<p><strong>\u00a0<\/strong><\/p>\n<p><strong>KULLANIM ALANLARI<\/strong><\/p>\n<p><strong>Yap\u0131 kimyasallar\u0131 \u00fcretiminde elektro polisaj banyolar\u0131nda kullan\u0131l\u0131r.<\/strong><\/p>\n<p><strong>Tekstil sekt\u00f6r\u00fcnde yard\u0131mc\u0131 kimyasal olarak kullan\u0131l\u0131r.<\/strong><\/p>\n<p><strong>Metal sekt\u00f6r\u00fcnde y\u00fczey temizleme i\u015fleminde kullan\u0131l\u0131r.<\/strong><\/p>\n<p><strong>Deri sekt\u00f6r\u00fcnde tabaklama ve parlatma i\u015flemlerinde kullan\u0131l\u0131r.<\/strong><\/p>\n<p><strong>Kozmetik ve ila\u00e7 sekt\u00f6rlerinde kullan\u0131l\u0131r.<\/strong><\/p>\n<p><strong>Tar\u0131m ila\u00e7lar\u0131nda ve g\u0131da sekt\u00f6r\u00fcnde kullan\u0131l\u0131r.<\/strong><\/p>\n<p><strong>Rafine ya\u011f ve galvano ya\u011f imalat\u0131nda kullan\u0131l\u0131r.<\/strong><\/p>\n<p><strong>K\u00e2\u011f\u0131t sekt\u00f6r\u00fcnde k\u00e2\u011f\u0131t imalat\u0131nda kullan\u0131l\u0131r.<\/strong><\/p>\n<p><strong>\u00a0<\/strong><\/p>\n<p><strong>AMBALAJ<\/strong><\/p>\n<p><strong>1-5-10-35 kg bidonlar ve 1700 kg \u0131bc halinde <\/strong><\/p>\n<p><strong>DEPOLAMA<\/strong><\/p>\n<p><strong>G\u00fcne\u015f \u0131\u015f\u0131\u011f\u0131na temas etmeyen kuru ve serin yerlerde muhafaza ediniz.<\/strong><\/p>\n<p><strong>\u00a0<\/strong><\/p>\n","protected":false},"excerpt":{"rendered":"<p>FOSFOR\u0130K AS\u0130T Kimyasal form\u00fcl\u00fc\u00a0H3P04\u00a0zay\u0131f bir asit \u00e7e\u015fididir. Ortofosforik asit olarak da adland\u0131r\u0131l\u0131r. \u00a0 FOSFOR\u0130K AS\u0130T TEKN\u0130K \u00d6ZELL\u0130KLER K\u0130MYASAL FORM\u00dcL:\u00a0 H3P04\u00a0\u00a0\u00a0\u00a0\u00a0\u00a0\u00a0\u00a0\u00a0\u00a0\u00a0\u00a0\u00a0\u00a0\u00a0\u00a0\u00a0\u00a0\u00a0\u00a0\u00a0\u00a0\u00a0\u00a0\u00a0\u00a0\u00a0\u00a0\u00a0\u00a0\u00a0\u00a0\u00a0\u00a0\u00a0\u00a0\u00a0\u00a0\u00a0\u00a0\u00a0\u00a0<\/p>\n","protected":false},"featured_media":16033,"comment_status":"open","ping_status":"closed","template":"","meta":{"_joinchat":[]},"product_cat":[70,73,74,78,79],"product_tag":[],"class_list":{"0":"post-16032","1":"product","2":"type-product","3":"status-publish","4":"has-post-thumbnail","6":"product_cat-boya-ve-yapi-kimyasallar","7":"product_cat-deri-ve-tekstil-kimyasallari","8":"product_cat-deterjan-ve-kozmetik-kimyasallari","9":"product_cat-metal-dokum-kaplama","10":"product_cat-tarim-kimyasallari","12":"first","13":"instock","14":"shipping-taxable","15":"purchasable","16":"product-type-variable"},"yoast_head":"<!-- This site is optimized with the Yoast SEO Premium plugin v20.2.1 (Yoast SEO v20.2.1) - https:\/\/yoast.com\/wordpress\/plugins\/seo\/ -->\n<title>FOSFOR\u0130K AS\u0130T - Akerkimya<\/title>\n<meta name=\"robots\" content=\"index, follow, max-snippet:-1, max-image-preview:large, max-video-preview:-1\" \/>\n<link rel=\"canonical\" href=\"https:\/\/akerkimya.com\/eticaret\/urun\/fosforik-asit\/\" \/>\n<meta property=\"og:locale\" content=\"tr_TR\" \/>\n<meta property=\"og:type\" content=\"article\" \/>\n<meta property=\"og:title\" content=\"FOSFOR\u0130K AS\u0130T\" \/>\n<meta property=\"og:description\" content=\"FOSFOR\u0130K AS\u0130T Kimyasal form\u00fcl\u00fc\u00a0H3P04\u00a0zay\u0131f bir asit \u00e7e\u015fididir. Ortofosforik asit olarak da adland\u0131r\u0131l\u0131r. \u00a0 FOSFOR\u0130K AS\u0130T TEKN\u0130K \u00d6ZELL\u0130KLER K\u0130MYASAL FORM\u00dcL:\u00a0 H3P04\u00a0\u00a0\u00a0\u00a0\u00a0\u00a0\u00a0\u00a0\u00a0\u00a0\u00a0\u00a0\u00a0\u00a0\u00a0\u00a0\u00a0\u00a0\u00a0\u00a0\u00a0\u00a0\u00a0\u00a0\u00a0\u00a0\u00a0\u00a0\u00a0\u00a0\u00a0\u00a0\u00a0\u00a0\u00a0\u00a0\u00a0\u00a0\u00a0\u00a0\u00a0\u00a0\" \/>\n<meta property=\"og:url\" content=\"https:\/\/akerkimya.com\/eticaret\/urun\/fosforik-asit\/\" \/>\n<meta property=\"og:site_name\" content=\"Akerkimya\" \/>\n<meta property=\"article:modified_time\" content=\"2026-03-29T23:23:41+00:00\" \/>\n<meta property=\"og:image\" content=\"https:\/\/akerkimya.com\/eticaret\/wp-content\/uploads\/2024\/12\/FORSFORIK-ASIT-GUNCEL-.png\" \/>\n\t<meta property=\"og:image:width\" content=\"1000\" \/>\n\t<meta property=\"og:image:height\" content=\"1000\" \/>\n\t<meta property=\"og:image:type\" content=\"image\/png\" \/>\n<meta name=\"twitter:card\" content=\"summary_large_image\" \/>\n<meta name=\"twitter:label1\" content=\"Tahmini okuma s\u00fcresi\" \/>\n\t<meta name=\"twitter:data1\" content=\"1 dakika\" \/>\n<script type=\"application\/ld+json\" class=\"yoast-schema-graph\">{\"@context\":\"https:\/\/schema.org\",\"@graph\":[{\"@type\":\"WebPage\",\"@id\":\"https:\/\/akerkimya.com\/eticaret\/urun\/fosforik-asit\/\",\"url\":\"https:\/\/akerkimya.com\/eticaret\/urun\/fosforik-asit\/\",\"name\":\"FOSFOR\u0130K AS\u0130T - Akerkimya\",\"isPartOf\":{\"@id\":\"https:\/\/akerkimya.com\/eticaret\/#website\"},\"datePublished\":\"2024-12-28T14:36:54+00:00\",\"dateModified\":\"2026-03-29T23:23:41+00:00\",\"breadcrumb\":{\"@id\":\"https:\/\/akerkimya.com\/eticaret\/urun\/fosforik-asit\/#breadcrumb\"},\"inLanguage\":\"tr\",\"potentialAction\":[{\"@type\":\"ReadAction\",\"target\":[\"https:\/\/akerkimya.com\/eticaret\/urun\/fosforik-asit\/\"]}]},{\"@type\":\"BreadcrumbList\",\"@id\":\"https:\/\/akerkimya.com\/eticaret\/urun\/fosforik-asit\/#breadcrumb\",\"itemListElement\":[{\"@type\":\"ListItem\",\"position\":1,\"name\":\"Home\",\"item\":\"https:\/\/akerkimya.com\/eticaret\/\"},{\"@type\":\"ListItem\",\"position\":2,\"name\":\"Market\",\"item\":\"https:\/\/akerkimya.com\/eticaret\/market\/\"},{\"@type\":\"ListItem\",\"position\":3,\"name\":\"FOSFOR\u0130K AS\u0130T\"}]},{\"@type\":\"WebSite\",\"@id\":\"https:\/\/akerkimya.com\/eticaret\/#website\",\"url\":\"https:\/\/akerkimya.com\/eticaret\/\",\"name\":\"Akerkimya\",\"description\":\"\",\"potentialAction\":[{\"@type\":\"SearchAction\",\"target\":{\"@type\":\"EntryPoint\",\"urlTemplate\":\"https:\/\/akerkimya.com\/eticaret\/?s={search_term_string}\"},\"query-input\":\"required name=search_term_string\"}],\"inLanguage\":\"tr\"}]}<\/script>\n<!-- \/ Yoast SEO Premium plugin. -->","yoast_head_json":{"title":"FOSFOR\u0130K AS\u0130T - Akerkimya","robots":{"index":"index","follow":"follow","max-snippet":"max-snippet:-1","max-image-preview":"max-image-preview:large","max-video-preview":"max-video-preview:-1"},"canonical":"https:\/\/akerkimya.com\/eticaret\/urun\/fosforik-asit\/","og_locale":"tr_TR","og_type":"article","og_title":"FOSFOR\u0130K AS\u0130T","og_description":"FOSFOR\u0130K AS\u0130T Kimyasal form\u00fcl\u00fc\u00a0H3P04\u00a0zay\u0131f bir asit \u00e7e\u015fididir. Ortofosforik asit olarak da adland\u0131r\u0131l\u0131r. \u00a0 FOSFOR\u0130K AS\u0130T TEKN\u0130K \u00d6ZELL\u0130KLER K\u0130MYASAL FORM\u00dcL:\u00a0 H3P04\u00a0\u00a0\u00a0\u00a0\u00a0\u00a0\u00a0\u00a0\u00a0\u00a0\u00a0\u00a0\u00a0\u00a0\u00a0\u00a0\u00a0\u00a0\u00a0\u00a0\u00a0\u00a0\u00a0\u00a0\u00a0\u00a0\u00a0\u00a0\u00a0\u00a0\u00a0\u00a0\u00a0\u00a0\u00a0\u00a0\u00a0\u00a0\u00a0\u00a0\u00a0\u00a0","og_url":"https:\/\/akerkimya.com\/eticaret\/urun\/fosforik-asit\/","og_site_name":"Akerkimya","article_modified_time":"2026-03-29T23:23:41+00:00","og_image":[{"width":1000,"height":1000,"url":"https:\/\/akerkimya.com\/eticaret\/wp-content\/uploads\/2024\/12\/FORSFORIK-ASIT-GUNCEL-.png","type":"image\/png"}],"twitter_card":"summary_large_image","twitter_misc":{"Tahmini okuma s\u00fcresi":"1 dakika"},"schema":{"@context":"https:\/\/schema.org","@graph":[{"@type":"WebPage","@id":"https:\/\/akerkimya.com\/eticaret\/urun\/fosforik-asit\/","url":"https:\/\/akerkimya.com\/eticaret\/urun\/fosforik-asit\/","name":"FOSFOR\u0130K AS\u0130T - Akerkimya","isPartOf":{"@id":"https:\/\/akerkimya.com\/eticaret\/#website"},"datePublished":"2024-12-28T14:36:54+00:00","dateModified":"2026-03-29T23:23:41+00:00","breadcrumb":{"@id":"https:\/\/akerkimya.com\/eticaret\/urun\/fosforik-asit\/#breadcrumb"},"inLanguage":"tr","potentialAction":[{"@type":"ReadAction","target":["https:\/\/akerkimya.com\/eticaret\/urun\/fosforik-asit\/"]}]},{"@type":"BreadcrumbList","@id":"https:\/\/akerkimya.com\/eticaret\/urun\/fosforik-asit\/#breadcrumb","itemListElement":[{"@type":"ListItem","position":1,"name":"Home","item":"https:\/\/akerkimya.com\/eticaret\/"},{"@type":"ListItem","position":2,"name":"Market","item":"https:\/\/akerkimya.com\/eticaret\/market\/"},{"@type":"ListItem","position":3,"name":"FOSFOR\u0130K AS\u0130T"}]},{"@type":"WebSite","@id":"https:\/\/akerkimya.com\/eticaret\/#website","url":"https:\/\/akerkimya.com\/eticaret\/","name":"Akerkimya","description":"","potentialAction":[{"@type":"SearchAction","target":{"@type":"EntryPoint","urlTemplate":"https:\/\/akerkimya.com\/eticaret\/?s={search_term_string}"},"query-input":"required name=search_term_string"}],"inLanguage":"tr"}]}},"_links":{"self":[{"href":"https:\/\/akerkimya.com\/eticaret\/wp-json\/wp\/v2\/product\/16032","targetHints":{"allow":["GET"]}}],"collection":[{"href":"https:\/\/akerkimya.com\/eticaret\/wp-json\/wp\/v2\/product"}],"about":[{"href":"https:\/\/akerkimya.com\/eticaret\/wp-json\/wp\/v2\/types\/product"}],"replies":[{"embeddable":true,"href":"https:\/\/akerkimya.com\/eticaret\/wp-json\/wp\/v2\/comments?post=16032"}],"version-history":[{"count":2,"href":"https:\/\/akerkimya.com\/eticaret\/wp-json\/wp\/v2\/product\/16032\/revisions"}],"predecessor-version":[{"id":16738,"href":"https:\/\/akerkimya.com\/eticaret\/wp-json\/wp\/v2\/product\/16032\/revisions\/16738"}],"wp:featuredmedia":[{"embeddable":true,"href":"https:\/\/akerkimya.com\/eticaret\/wp-json\/wp\/v2\/media\/16033"}],"wp:attachment":[{"href":"https:\/\/akerkimya.com\/eticaret\/wp-json\/wp\/v2\/media?parent=16032"}],"wp:term":[{"taxonomy":"product_cat","embeddable":true,"href":"https:\/\/akerkimya.com\/eticaret\/wp-json\/wp\/v2\/product_cat?post=16032"},{"taxonomy":"product_tag","embeddable":true,"href":"https:\/\/akerkimya.com\/eticaret\/wp-json\/wp\/v2\/product_tag?post=16032"}],"curies":[{"name":"wp","href":"https:\/\/api.w.org\/{rel}","templated":true}]}}