{"id":16040,"date":"2024-12-28T17:47:03","date_gmt":"2024-12-28T14:47:03","guid":{"rendered":"https:\/\/akerkimya.com\/eticaret\/?post_type=product&#038;p=16040"},"modified":"2026-03-30T02:23:41","modified_gmt":"2026-03-29T23:23:41","slug":"ftalik-anhidrit","status":"publish","type":"product","link":"https:\/\/akerkimya.com\/eticaret\/urun\/ftalik-anhidrit\/","title":{"rendered":"FTAL\u0130K ANH\u0130DR\u0130T"},"content":{"rendered":"<h1>FTAL\u0130K ANH\u0130DR\u0130T<\/h1>\n<p><strong>Anhidrit, susuz kalsiyum s\u00fclfat yap\u0131s\u0131nda, kaya\u00e7 olu\u015fturan \u00f6nemli bir mineraldir. Kimyasal a\u00e7\u0131dan jips (al\u00e7\u0131ta\u015f\u0131) ile aras\u0131ndaki tek fark, kristalle\u015fme suyunun olmamas\u0131d\u0131r, Ftalik Anhidrit nemli ortamlarda molek\u00fcl\u00fcne su alarak jipse d\u00f6n\u00fc\u015f\u00fcr. Ftalik Anhidrit genellikle tuz birikintilerinde kaya tuzu ve jipsle bir arada bulunur.<\/strong><\/p>\n<p><strong>TEKN\u0130K \u00d6ZELL\u0130KLER\u00a0<\/strong><\/p>\n<p><strong>CAS NO: 85-44-9<\/strong><\/p>\n<p><strong>FORM\u00dcL\u00dc: C8H4O3<\/strong><\/p>\n<p><strong>G\u00d6R\u00dcN\u00dcM: Beyaz pullu ve kristal<\/strong><\/p>\n<p><strong>ER\u0130ME NOKTASI:\u00a0 131 C<\/strong><\/p>\n<p><strong>SAFLIK: %99 min.<\/strong><\/p>\n<p><strong>PAR\u00c7ACIK BOYUTU: 80 mesh<\/strong><\/p>\n<p><strong>YO\u011eUNLUK: 153 gr\/cm3<\/strong><\/p>\n<p><strong>MOLEK\u00dcL A\u011eIRLIK: 148.11<\/strong><\/p>\n<p><strong>YANMA NOKTASI: 152 C<\/strong><\/p>\n<p><strong>KAYNAMA NOKTASI: 284 C<\/strong><\/p>\n<p><strong>\u00c7\u00d6Z\u00dcN\u00dcRL\u00dcK: S\u0131cak suda<\/strong><\/p>\n<p><strong>\u00a0<\/strong><\/p>\n<p><strong>KULLANIM ALANLARI<\/strong><\/p>\n<p><strong>Ftalik anhidritin birincil kullan\u0131m\u0131, vinil klor\u00fcrden plastik \u00fcretiminde kimyasal bir ara maddedir. Plastikle\u015ftiriciler olarak i\u015flev g\u00f6ren ftalik esterleri plastikle\u015ftiriciler kablolar, borular ve hortumlar, deri kuma\u015f, ayakkab\u0131lar, ambalaj i\u00e7in film gibi esnek PVC \u00fcr\u00fcnlerin \u00fcretimi i\u00e7in kullan\u0131l\u0131r.<\/strong><\/p>\n<p><strong>Ftalik\u00a0 anhidrit, polyester re\u00e7inelerin \u00fcretiminde ba\u015fka bir \u00f6nemli kullan\u0131ma sahiptir.<\/strong><\/p>\n<p><strong>Min\u00f6r boyalar ve cila kullan\u0131lan alkid re\u00e7inelerinin \u00fcretiminde kullan\u0131r; baz\u0131 boyalar; b\u00f6cek kovucular\u0131 ve polyester poliol Poli\u00fcretanlar i\u00e7in.<\/strong><\/p>\n<p><strong>Ayr\u0131ca kau\u00e7uk h\u0131zland\u0131r\u0131c\u0131 olarak\u00a0 kullan\u0131l\u0131r<\/strong><\/p>\n<p><strong>Ftalik anhidrit, organik kimyada \u00e7ok y\u00f6nl\u00fc bir ara maddedir, Hidroliz S\u0131cak su ile orto-ftalik asit olu\u015fturur.<\/strong><\/p>\n<p><strong>\u00d6ZELL\u0130KLER\u0130<\/strong><\/p>\n<p><strong>Ftalik anhidrit, form\u00fcl C8H4O3 sahip bir organik bile\u015fiktir. Ftalik asit, renksiz kat\u0131 bir halde bulunan anhidrit, \u00f6zellikle plastik malzeme i\u00e7in plastikle\u015ftiriciler aras\u0131nda b\u00fcy\u00fck \u00f6l\u00e7ekli \u00fcretim i\u00e7in \u00f6nemli bir end\u00fcstriyel bir kimyasald\u0131r<\/strong><\/p>\n<p><strong>AMBALAJ<\/strong><\/p>\n<p><strong>1-5-25 kg torbalar halinde <\/strong><\/p>\n<p><strong>\u00a0<\/strong><\/p>\n<p><strong>DEPOLAMA<\/strong><\/p>\n<p><strong>G\u00fcne\u015f \u0131\u015f\u0131\u011f\u0131na temas etmeyen kuru ve serin yerlerde muhafaza ediniz.<\/strong><\/p>\n<p><strong>\u00a0<\/strong><\/p>\n","protected":false},"excerpt":{"rendered":"<p>FTAL\u0130K ANH\u0130DR\u0130T Anhidrit, susuz kalsiyum s\u00fclfat yap\u0131s\u0131nda, kaya\u00e7 olu\u015fturan \u00f6nemli bir mineraldir. Kimyasal a\u00e7\u0131dan jips (al\u00e7\u0131ta\u015f\u0131) ile aras\u0131ndaki tek fark,<\/p>\n","protected":false},"featured_media":16041,"comment_status":"open","ping_status":"closed","template":"","meta":{"_joinchat":[]},"product_cat":[70],"product_tag":[],"class_list":{"0":"post-16040","1":"product","2":"type-product","3":"status-publish","4":"has-post-thumbnail","6":"product_cat-boya-ve-yapi-kimyasallar","8":"first","9":"instock","10":"shipping-taxable","11":"purchasable","12":"product-type-variable"},"yoast_head":"<!-- This site is optimized with the Yoast SEO Premium plugin v20.2.1 (Yoast SEO v20.2.1) - https:\/\/yoast.com\/wordpress\/plugins\/seo\/ -->\n<title>FTAL\u0130K ANH\u0130DR\u0130T - Akerkimya<\/title>\n<meta name=\"robots\" content=\"index, follow, max-snippet:-1, max-image-preview:large, max-video-preview:-1\" \/>\n<link rel=\"canonical\" href=\"https:\/\/akerkimya.com\/eticaret\/urun\/ftalik-anhidrit\/\" \/>\n<meta property=\"og:locale\" content=\"tr_TR\" \/>\n<meta property=\"og:type\" content=\"article\" \/>\n<meta property=\"og:title\" content=\"FTAL\u0130K ANH\u0130DR\u0130T\" \/>\n<meta property=\"og:description\" content=\"FTAL\u0130K ANH\u0130DR\u0130T Anhidrit, susuz kalsiyum s\u00fclfat yap\u0131s\u0131nda, kaya\u00e7 olu\u015fturan \u00f6nemli bir mineraldir. Kimyasal a\u00e7\u0131dan jips (al\u00e7\u0131ta\u015f\u0131) ile aras\u0131ndaki tek fark,\" \/>\n<meta property=\"og:url\" content=\"https:\/\/akerkimya.com\/eticaret\/urun\/ftalik-anhidrit\/\" \/>\n<meta property=\"og:site_name\" content=\"Akerkimya\" \/>\n<meta property=\"article:modified_time\" content=\"2026-03-29T23:23:41+00:00\" \/>\n<meta property=\"og:image\" content=\"https:\/\/akerkimya.com\/eticaret\/wp-content\/uploads\/2024\/12\/FTALIK-ANHIDRIT-GUNCEL-.png\" \/>\n\t<meta property=\"og:image:width\" content=\"1000\" \/>\n\t<meta property=\"og:image:height\" content=\"1000\" \/>\n\t<meta property=\"og:image:type\" content=\"image\/png\" \/>\n<meta name=\"twitter:card\" content=\"summary_large_image\" \/>\n<meta name=\"twitter:label1\" content=\"Tahmini okuma s\u00fcresi\" \/>\n\t<meta name=\"twitter:data1\" content=\"1 dakika\" \/>\n<script type=\"application\/ld+json\" class=\"yoast-schema-graph\">{\"@context\":\"https:\/\/schema.org\",\"@graph\":[{\"@type\":\"WebPage\",\"@id\":\"https:\/\/akerkimya.com\/eticaret\/urun\/ftalik-anhidrit\/\",\"url\":\"https:\/\/akerkimya.com\/eticaret\/urun\/ftalik-anhidrit\/\",\"name\":\"FTAL\u0130K ANH\u0130DR\u0130T - Akerkimya\",\"isPartOf\":{\"@id\":\"https:\/\/akerkimya.com\/eticaret\/#website\"},\"datePublished\":\"2024-12-28T14:47:03+00:00\",\"dateModified\":\"2026-03-29T23:23:41+00:00\",\"breadcrumb\":{\"@id\":\"https:\/\/akerkimya.com\/eticaret\/urun\/ftalik-anhidrit\/#breadcrumb\"},\"inLanguage\":\"tr\",\"potentialAction\":[{\"@type\":\"ReadAction\",\"target\":[\"https:\/\/akerkimya.com\/eticaret\/urun\/ftalik-anhidrit\/\"]}]},{\"@type\":\"BreadcrumbList\",\"@id\":\"https:\/\/akerkimya.com\/eticaret\/urun\/ftalik-anhidrit\/#breadcrumb\",\"itemListElement\":[{\"@type\":\"ListItem\",\"position\":1,\"name\":\"Home\",\"item\":\"https:\/\/akerkimya.com\/eticaret\/\"},{\"@type\":\"ListItem\",\"position\":2,\"name\":\"Market\",\"item\":\"https:\/\/akerkimya.com\/eticaret\/market\/\"},{\"@type\":\"ListItem\",\"position\":3,\"name\":\"FTAL\u0130K ANH\u0130DR\u0130T\"}]},{\"@type\":\"WebSite\",\"@id\":\"https:\/\/akerkimya.com\/eticaret\/#website\",\"url\":\"https:\/\/akerkimya.com\/eticaret\/\",\"name\":\"Akerkimya\",\"description\":\"\",\"potentialAction\":[{\"@type\":\"SearchAction\",\"target\":{\"@type\":\"EntryPoint\",\"urlTemplate\":\"https:\/\/akerkimya.com\/eticaret\/?s={search_term_string}\"},\"query-input\":\"required name=search_term_string\"}],\"inLanguage\":\"tr\"}]}<\/script>\n<!-- \/ Yoast SEO Premium plugin. -->","yoast_head_json":{"title":"FTAL\u0130K ANH\u0130DR\u0130T - Akerkimya","robots":{"index":"index","follow":"follow","max-snippet":"max-snippet:-1","max-image-preview":"max-image-preview:large","max-video-preview":"max-video-preview:-1"},"canonical":"https:\/\/akerkimya.com\/eticaret\/urun\/ftalik-anhidrit\/","og_locale":"tr_TR","og_type":"article","og_title":"FTAL\u0130K ANH\u0130DR\u0130T","og_description":"FTAL\u0130K ANH\u0130DR\u0130T Anhidrit, susuz kalsiyum s\u00fclfat yap\u0131s\u0131nda, kaya\u00e7 olu\u015fturan \u00f6nemli bir mineraldir. Kimyasal a\u00e7\u0131dan jips (al\u00e7\u0131ta\u015f\u0131) ile aras\u0131ndaki tek fark,","og_url":"https:\/\/akerkimya.com\/eticaret\/urun\/ftalik-anhidrit\/","og_site_name":"Akerkimya","article_modified_time":"2026-03-29T23:23:41+00:00","og_image":[{"width":1000,"height":1000,"url":"https:\/\/akerkimya.com\/eticaret\/wp-content\/uploads\/2024\/12\/FTALIK-ANHIDRIT-GUNCEL-.png","type":"image\/png"}],"twitter_card":"summary_large_image","twitter_misc":{"Tahmini okuma s\u00fcresi":"1 dakika"},"schema":{"@context":"https:\/\/schema.org","@graph":[{"@type":"WebPage","@id":"https:\/\/akerkimya.com\/eticaret\/urun\/ftalik-anhidrit\/","url":"https:\/\/akerkimya.com\/eticaret\/urun\/ftalik-anhidrit\/","name":"FTAL\u0130K ANH\u0130DR\u0130T - Akerkimya","isPartOf":{"@id":"https:\/\/akerkimya.com\/eticaret\/#website"},"datePublished":"2024-12-28T14:47:03+00:00","dateModified":"2026-03-29T23:23:41+00:00","breadcrumb":{"@id":"https:\/\/akerkimya.com\/eticaret\/urun\/ftalik-anhidrit\/#breadcrumb"},"inLanguage":"tr","potentialAction":[{"@type":"ReadAction","target":["https:\/\/akerkimya.com\/eticaret\/urun\/ftalik-anhidrit\/"]}]},{"@type":"BreadcrumbList","@id":"https:\/\/akerkimya.com\/eticaret\/urun\/ftalik-anhidrit\/#breadcrumb","itemListElement":[{"@type":"ListItem","position":1,"name":"Home","item":"https:\/\/akerkimya.com\/eticaret\/"},{"@type":"ListItem","position":2,"name":"Market","item":"https:\/\/akerkimya.com\/eticaret\/market\/"},{"@type":"ListItem","position":3,"name":"FTAL\u0130K ANH\u0130DR\u0130T"}]},{"@type":"WebSite","@id":"https:\/\/akerkimya.com\/eticaret\/#website","url":"https:\/\/akerkimya.com\/eticaret\/","name":"Akerkimya","description":"","potentialAction":[{"@type":"SearchAction","target":{"@type":"EntryPoint","urlTemplate":"https:\/\/akerkimya.com\/eticaret\/?s={search_term_string}"},"query-input":"required name=search_term_string"}],"inLanguage":"tr"}]}},"_links":{"self":[{"href":"https:\/\/akerkimya.com\/eticaret\/wp-json\/wp\/v2\/product\/16040","targetHints":{"allow":["GET"]}}],"collection":[{"href":"https:\/\/akerkimya.com\/eticaret\/wp-json\/wp\/v2\/product"}],"about":[{"href":"https:\/\/akerkimya.com\/eticaret\/wp-json\/wp\/v2\/types\/product"}],"replies":[{"embeddable":true,"href":"https:\/\/akerkimya.com\/eticaret\/wp-json\/wp\/v2\/comments?post=16040"}],"version-history":[{"count":2,"href":"https:\/\/akerkimya.com\/eticaret\/wp-json\/wp\/v2\/product\/16040\/revisions"}],"predecessor-version":[{"id":16737,"href":"https:\/\/akerkimya.com\/eticaret\/wp-json\/wp\/v2\/product\/16040\/revisions\/16737"}],"wp:featuredmedia":[{"embeddable":true,"href":"https:\/\/akerkimya.com\/eticaret\/wp-json\/wp\/v2\/media\/16041"}],"wp:attachment":[{"href":"https:\/\/akerkimya.com\/eticaret\/wp-json\/wp\/v2\/media?parent=16040"}],"wp:term":[{"taxonomy":"product_cat","embeddable":true,"href":"https:\/\/akerkimya.com\/eticaret\/wp-json\/wp\/v2\/product_cat?post=16040"},{"taxonomy":"product_tag","embeddable":true,"href":"https:\/\/akerkimya.com\/eticaret\/wp-json\/wp\/v2\/product_tag?post=16040"}],"curies":[{"name":"wp","href":"https:\/\/api.w.org\/{rel}","templated":true}]}}