{"id":16052,"date":"2024-12-28T17:55:28","date_gmt":"2024-12-28T14:55:28","guid":{"rendered":"https:\/\/akerkimya.com\/eticaret\/?post_type=product&#038;p=16052"},"modified":"2026-03-30T02:23:41","modified_gmt":"2026-03-29T23:23:41","slug":"guar-gum","status":"publish","type":"product","link":"https:\/\/akerkimya.com\/eticaret\/urun\/guar-gum\/","title":{"rendered":"GUAR GUM"},"content":{"rendered":"<h1>GUAR GUM <\/h1>\n<p><strong>Guar gum, C10H14N5NA2O12P3 form\u00fcl\u00fcne sahip genel olarak siyam baklas\u0131n\u0131n tohumlar\u0131ndan ekstrakte edilen y\u00fcksek oranda safla\u015ft\u0131r\u0131lm\u0131\u015f do\u011fal bir polisakkarittir. Proteince zengin olan guar gum, hayvan yemi, g\u0131da ve ila\u00e7 sanayinde kullan\u0131lmaktad\u0131r.<\/strong><\/p>\n<p><strong>\u00a0<\/strong><\/p>\n<p><strong>GUAR GUM \u00d6ZELL\u0130KLER\u0130<\/strong><\/p>\n<p><strong>Sar\u0131 beyaz renginde, toz formdad\u0131r.<\/strong><\/p>\n<p><strong>So\u011fuk suda ve s\u0131cak suda topaklanma olmadan da\u011f\u0131labilir. <\/strong><\/p>\n<p><strong>Guar gum, suda noniyonik ve hidrokolloidald\u0131r.<\/strong><\/p>\n<p><strong>Di\u011fer maddelerin (m\u0131s\u0131r ni\u015fastas\u0131) neredeyse sekiz kat\u0131 su koyula\u015ft\u0131rma kabiliyetine sahiptir.<\/strong><\/p>\n<p><strong>Bor ile \u00e7apraz ba\u011fland\u0131\u011f\u0131nda k\u0131r\u0131labilir jeller olu\u015fturur.<\/strong><\/p>\n<p><strong>Guar gumun sulu dispersiyonu bir tamponlama etkisine sahiptir ve ph 4.0-10.5 aras\u0131nda stabil bir \u015fekilde kalabilir. S\u00fcrekli \u0131s\u0131t\u0131lmas\u0131 ise dispersiyonun viskozitesini azalt\u0131r. <\/strong><\/p>\n<p><strong>Guar gumun yap\u0131s\u0131 sel\u00fclozun yap\u0131s\u0131na \u00e7ok benzerdir. <\/strong><\/p>\n<p><strong>\u00a0<\/strong><\/p>\n<p><strong>TEKN\u0130K \u00d6ZELL\u0130KLER<\/strong><\/p>\n<p><strong>CAS NUMARASI: 9000-30-0<\/strong><\/p>\n<p><strong>MOLEK\u00dcLER FORM\u00dcL: C10H14N5NA2O12P3<\/strong><\/p>\n<p><strong>K\u0130MYASAL \u0130SM\u0130: Guar Gum, Guar Zamk\u0131,<\/strong><\/p>\n<p><strong>YO\u011eUNLUK: 1,45 g\/cm\u00b3 <\/strong><\/p>\n<p><strong>PH ARALI\u011eI: 6-7<\/strong><\/p>\n<p><strong>ER\u0130ME NOKTASI: Max 80 \u00b0C <\/strong><\/p>\n<p><strong>AS\u0130TL\u0130K (pKa): 5-7<\/strong><\/p>\n<p><strong>\u00a0<\/strong><\/p>\n<p><strong>KULLANIM ALANLARI<\/strong><\/p>\n<p><strong>K\u00e2\u011f\u0131t sekt\u00f6r\u00fcnde, s\u0131f\u0131r de\u015farj gerektirmesi, k\u00e2\u011f\u0131d\u0131n d\u00fczg\u00fcnl\u00fc\u011f\u00fcn\u00fc bozmamas\u0131, iyile\u015ftirebilirli\u011fi, k\u00e2\u011f\u0131t tutu\u015funun ve drenaj\u0131n\u0131 iyile\u015ftirmesi nedeni ile kullan\u0131l\u0131r. <\/strong><\/p>\n<p><strong>Maden sekt\u00f6r\u00fcnde, topaklay\u0131c\u0131 olarak kat\u0131lar\u0131 ay\u0131rmak i\u00e7in kullan\u0131l\u0131r.<\/strong><\/p>\n<p><strong>Boyalar\u0131n kal\u0131nl\u0131\u011f\u0131n\u0131 sa\u011flamak i\u00e7in kullan\u0131l\u0131r.<\/strong><\/p>\n<p><strong>Hamur yap\u0131m\u0131nda verimi artt\u0131rmak, esneklik, doku ve raf \u00f6mr\u00fcn\u00fc iyile\u015ftirmek i\u00e7in kullan\u0131l\u0131r. Hamur i\u015fi dolgularda, dolgunun i\u00e7indeki suyun s\u0131zmas\u0131n\u0131 engelleyerek gevrek kalmas\u0131n\u0131 sa\u011flar.<\/strong><\/p>\n<p><strong>S\u00fct ve s\u00fct \u00fcr\u00fcnlerinde kavramla\u015ft\u0131rma sa\u011flamak i\u00e7in kullan\u0131l\u0131r.<\/strong><\/p>\n<p><strong>Dondurma ve \u015ferbetlerin homojenli\u011fini ve dokusunu korumaya yard\u0131mc\u0131 olur.<\/strong><\/p>\n<p><strong>Tar\u0131m alan\u0131nda, mellas veya \u015filempe a\u011f\u0131rl\u0131kl\u0131 organik jel g\u00fcbre \u00fcretiminde jel yap\u0131c\u0131 madde olarak kullan\u0131l\u0131r.<\/strong><\/p>\n<p><strong>Et i\u00e7in ba\u011flay\u0131c\u0131 olarak kullan\u0131l\u0131r.<\/strong><\/p>\n<p><strong>Yang\u0131n geciktirici end\u00fcstirisnde, Phos-Chek \u00fcretiminde k\u0131vam artt\u0131r\u0131c\u0131 olarak kullan\u0131l\u0131r.<\/strong><\/p>\n<p><strong>Sosislerde ba\u011flay\u0131c\u0131 madde olarak kullan\u0131l\u0131r.<\/strong><\/p>\n<p><strong>Re\u00e7el, yo\u011furt, mayonez gibi \u00fcr\u00fcnlerde em\u00fclgat\u00f6r olarak kullan\u0131lmaktad\u0131r.<\/strong><\/p>\n<p><strong>Tekstil sekt\u00f6r\u00fcnde, boyutland\u0131rma, son i\u015flem ve bask\u0131 i\u00e7in kal\u0131nla\u015ft\u0131r\u0131c\u0131 formlarda kullan\u0131l\u0131rken ayn\u0131 zamanda toz olu\u015fumunu ve e\u011filme, yap\u0131\u015fma sorunlar\u0131n\u0131 da azalt\u0131r.<\/strong><\/p>\n<p><strong>G\u00fcm\u00fc\u015f ve alt\u0131n nanopartik\u00fclleri \u00fcretiminde kullan\u0131l\u0131r.<\/strong><\/p>\n<p><strong>Salata soslar\u0131nda, barbek\u00fc soslarda kararl\u0131\u011f\u0131n\u0131 artt\u0131rmak ve g\u00f6r\u00fcn\u00fcm\u00fcn\u00fc iyile\u015ftirmek i\u00e7in kullan\u0131l\u0131r.<\/strong><\/p>\n<p><strong>Guar zamk\u0131, geli\u015ftirlmi\u015f petrol \u00fcretiminde k\u0131vamla\u015ft\u0131r\u0131c\u0131 olarak kullan\u0131l\u0131r.<\/strong><\/p>\n<p><strong>Patlay\u0131c\u0131 sekt\u00f6r\u00fcnde, amonyum nitrat ve nitrogliserin ile kar\u0131\u015ft\u0131r\u0131lm\u0131\u015f su yal\u0131t\u0131m maddesi olarak kullan\u0131l\u0131r.<\/strong><\/p>\n<p><strong>\u0130la\u00e7 end\u00fcstrisinde, tabletlerde ba\u011flay\u0131c\u0131 ve par\u00e7alay\u0131c\u0131 olarak kullan\u0131l\u0131r. \u0130la\u00e7 i\u00e7erisinde kullan\u0131m\u0131n\u0131n en \u00f6nemli \u00f6zelli\u011fi toksik olmay\u0131\u015f\u0131, viskozite sa\u011flay\u0131c\u0131 olmas\u0131d\u0131r.<\/strong><\/p>\n<p><strong>Kozmetik sekt\u00f6r\u00fcnde, krem ve losyonlar\u0131n \u00fcretiminde doku kabiliyetini artt\u0131rmak i\u00e7in kal\u0131nla\u015ft\u0131r\u0131c\u0131 ajan olarak kullan\u0131l\u0131r.<\/strong><\/p>\n<p><strong>\u0130\u00e7eceklerde a\u011f\u0131zda iyi bir tat vermekte ve \u00fcr\u00fcn viskozitesini stabil k\u0131lmak i\u00e7in kullan\u0131l\u0131r.<\/strong><\/p>\n<p><strong>Haz\u0131r g\u0131da ve pudinglerde toppinglerin yap\u0131\u015fmas\u0131 i\u00e7in jelle\u015fme ajan\u0131 olarak kullan\u0131lmaktad\u0131r.<\/strong><\/p>\n<p><strong>Parsa y\u00fczey kaplamalar\u0131n\u0131n s\u00fcrd\u00fcrebilirli\u011fini kontrol etmek i\u00e7in kullan\u0131l\u0131r.<\/strong><\/p>\n<p><strong>\u015eekerleme \u00fcr\u00fcnlerinde nem al\u0131koyucu ajan ve renk tekd\u00fczeli\u011fini muhafaza etmek i\u00e7in kullan\u0131l\u0131r.<\/strong><\/p>\n<p><strong>\u00a0<\/strong><\/p>\n<p><strong>AMBALAJ<\/strong><\/p>\n<p><strong>1-5-25 kg torbalar halindedir.<\/strong><\/p>\n<p><strong>\u00a0<\/strong><\/p>\n<p><strong>DEPOLAMA<\/strong><\/p>\n<p><strong>Serin ve kuru bir alanda muhafaza ediniz.<\/strong><\/p>\n<p><strong>\u00a0<\/strong><\/p>\n<p><strong>\u00a0<\/strong><\/p>\n","protected":false},"excerpt":{"rendered":"<p>GUAR GUM Guar gum, C10H14N5NA2O12P3 form\u00fcl\u00fcne sahip genel olarak siyam baklas\u0131n\u0131n tohumlar\u0131ndan ekstrakte edilen y\u00fcksek oranda safla\u015ft\u0131r\u0131lm\u0131\u015f do\u011fal bir polisakkarittir.<\/p>\n","protected":false},"featured_media":16053,"comment_status":"open","ping_status":"closed","template":"","meta":{"_joinchat":[]},"product_cat":[70,73,74,76,79],"product_tag":[],"class_list":{"0":"post-16052","1":"product","2":"type-product","3":"status-publish","4":"has-post-thumbnail","6":"product_cat-boya-ve-yapi-kimyasallar","7":"product_cat-deri-ve-tekstil-kimyasallari","8":"product_cat-deterjan-ve-kozmetik-kimyasallari","9":"product_cat-gida-ve-katki-kimyasallari","10":"product_cat-tarim-kimyasallari","12":"first","13":"instock","14":"shipping-taxable","15":"purchasable","16":"product-type-variable"},"yoast_head":"<!-- This site is optimized with the Yoast SEO Premium plugin v20.2.1 (Yoast SEO v20.2.1) - https:\/\/yoast.com\/wordpress\/plugins\/seo\/ -->\n<title>GUAR GUM - Akerkimya<\/title>\n<meta name=\"robots\" content=\"index, follow, max-snippet:-1, max-image-preview:large, max-video-preview:-1\" \/>\n<link rel=\"canonical\" href=\"https:\/\/akerkimya.com\/eticaret\/urun\/guar-gum\/\" \/>\n<meta property=\"og:locale\" content=\"tr_TR\" \/>\n<meta property=\"og:type\" content=\"article\" \/>\n<meta property=\"og:title\" content=\"GUAR GUM\" \/>\n<meta property=\"og:description\" content=\"GUAR GUM Guar gum, C10H14N5NA2O12P3 form\u00fcl\u00fcne sahip genel olarak siyam baklas\u0131n\u0131n tohumlar\u0131ndan ekstrakte edilen y\u00fcksek oranda safla\u015ft\u0131r\u0131lm\u0131\u015f do\u011fal bir polisakkarittir.\" \/>\n<meta property=\"og:url\" content=\"https:\/\/akerkimya.com\/eticaret\/urun\/guar-gum\/\" \/>\n<meta property=\"og:site_name\" content=\"Akerkimya\" \/>\n<meta property=\"article:modified_time\" content=\"2026-03-29T23:23:41+00:00\" \/>\n<meta property=\"og:image\" content=\"https:\/\/akerkimya.com\/eticaret\/wp-content\/uploads\/2024\/12\/GUAR-GUM-GUNCEL-.png\" \/>\n\t<meta property=\"og:image:width\" content=\"1000\" \/>\n\t<meta property=\"og:image:height\" content=\"1000\" \/>\n\t<meta property=\"og:image:type\" content=\"image\/png\" \/>\n<meta name=\"twitter:card\" content=\"summary_large_image\" \/>\n<meta name=\"twitter:label1\" content=\"Tahmini okuma s\u00fcresi\" \/>\n\t<meta name=\"twitter:data1\" content=\"3 dakika\" \/>\n<script type=\"application\/ld+json\" class=\"yoast-schema-graph\">{\"@context\":\"https:\/\/schema.org\",\"@graph\":[{\"@type\":\"WebPage\",\"@id\":\"https:\/\/akerkimya.com\/eticaret\/urun\/guar-gum\/\",\"url\":\"https:\/\/akerkimya.com\/eticaret\/urun\/guar-gum\/\",\"name\":\"GUAR GUM - Akerkimya\",\"isPartOf\":{\"@id\":\"https:\/\/akerkimya.com\/eticaret\/#website\"},\"datePublished\":\"2024-12-28T14:55:28+00:00\",\"dateModified\":\"2026-03-29T23:23:41+00:00\",\"breadcrumb\":{\"@id\":\"https:\/\/akerkimya.com\/eticaret\/urun\/guar-gum\/#breadcrumb\"},\"inLanguage\":\"tr\",\"potentialAction\":[{\"@type\":\"ReadAction\",\"target\":[\"https:\/\/akerkimya.com\/eticaret\/urun\/guar-gum\/\"]}]},{\"@type\":\"BreadcrumbList\",\"@id\":\"https:\/\/akerkimya.com\/eticaret\/urun\/guar-gum\/#breadcrumb\",\"itemListElement\":[{\"@type\":\"ListItem\",\"position\":1,\"name\":\"Home\",\"item\":\"https:\/\/akerkimya.com\/eticaret\/\"},{\"@type\":\"ListItem\",\"position\":2,\"name\":\"Market\",\"item\":\"https:\/\/akerkimya.com\/eticaret\/market\/\"},{\"@type\":\"ListItem\",\"position\":3,\"name\":\"GUAR GUM\"}]},{\"@type\":\"WebSite\",\"@id\":\"https:\/\/akerkimya.com\/eticaret\/#website\",\"url\":\"https:\/\/akerkimya.com\/eticaret\/\",\"name\":\"Akerkimya\",\"description\":\"\",\"potentialAction\":[{\"@type\":\"SearchAction\",\"target\":{\"@type\":\"EntryPoint\",\"urlTemplate\":\"https:\/\/akerkimya.com\/eticaret\/?s={search_term_string}\"},\"query-input\":\"required name=search_term_string\"}],\"inLanguage\":\"tr\"}]}<\/script>\n<!-- \/ Yoast SEO Premium plugin. -->","yoast_head_json":{"title":"GUAR GUM - Akerkimya","robots":{"index":"index","follow":"follow","max-snippet":"max-snippet:-1","max-image-preview":"max-image-preview:large","max-video-preview":"max-video-preview:-1"},"canonical":"https:\/\/akerkimya.com\/eticaret\/urun\/guar-gum\/","og_locale":"tr_TR","og_type":"article","og_title":"GUAR GUM","og_description":"GUAR GUM Guar gum, C10H14N5NA2O12P3 form\u00fcl\u00fcne sahip genel olarak siyam baklas\u0131n\u0131n tohumlar\u0131ndan ekstrakte edilen y\u00fcksek oranda safla\u015ft\u0131r\u0131lm\u0131\u015f do\u011fal bir polisakkarittir.","og_url":"https:\/\/akerkimya.com\/eticaret\/urun\/guar-gum\/","og_site_name":"Akerkimya","article_modified_time":"2026-03-29T23:23:41+00:00","og_image":[{"width":1000,"height":1000,"url":"https:\/\/akerkimya.com\/eticaret\/wp-content\/uploads\/2024\/12\/GUAR-GUM-GUNCEL-.png","type":"image\/png"}],"twitter_card":"summary_large_image","twitter_misc":{"Tahmini okuma s\u00fcresi":"3 dakika"},"schema":{"@context":"https:\/\/schema.org","@graph":[{"@type":"WebPage","@id":"https:\/\/akerkimya.com\/eticaret\/urun\/guar-gum\/","url":"https:\/\/akerkimya.com\/eticaret\/urun\/guar-gum\/","name":"GUAR GUM - Akerkimya","isPartOf":{"@id":"https:\/\/akerkimya.com\/eticaret\/#website"},"datePublished":"2024-12-28T14:55:28+00:00","dateModified":"2026-03-29T23:23:41+00:00","breadcrumb":{"@id":"https:\/\/akerkimya.com\/eticaret\/urun\/guar-gum\/#breadcrumb"},"inLanguage":"tr","potentialAction":[{"@type":"ReadAction","target":["https:\/\/akerkimya.com\/eticaret\/urun\/guar-gum\/"]}]},{"@type":"BreadcrumbList","@id":"https:\/\/akerkimya.com\/eticaret\/urun\/guar-gum\/#breadcrumb","itemListElement":[{"@type":"ListItem","position":1,"name":"Home","item":"https:\/\/akerkimya.com\/eticaret\/"},{"@type":"ListItem","position":2,"name":"Market","item":"https:\/\/akerkimya.com\/eticaret\/market\/"},{"@type":"ListItem","position":3,"name":"GUAR GUM"}]},{"@type":"WebSite","@id":"https:\/\/akerkimya.com\/eticaret\/#website","url":"https:\/\/akerkimya.com\/eticaret\/","name":"Akerkimya","description":"","potentialAction":[{"@type":"SearchAction","target":{"@type":"EntryPoint","urlTemplate":"https:\/\/akerkimya.com\/eticaret\/?s={search_term_string}"},"query-input":"required name=search_term_string"}],"inLanguage":"tr"}]}},"_links":{"self":[{"href":"https:\/\/akerkimya.com\/eticaret\/wp-json\/wp\/v2\/product\/16052","targetHints":{"allow":["GET"]}}],"collection":[{"href":"https:\/\/akerkimya.com\/eticaret\/wp-json\/wp\/v2\/product"}],"about":[{"href":"https:\/\/akerkimya.com\/eticaret\/wp-json\/wp\/v2\/types\/product"}],"replies":[{"embeddable":true,"href":"https:\/\/akerkimya.com\/eticaret\/wp-json\/wp\/v2\/comments?post=16052"}],"version-history":[{"count":2,"href":"https:\/\/akerkimya.com\/eticaret\/wp-json\/wp\/v2\/product\/16052\/revisions"}],"predecessor-version":[{"id":16735,"href":"https:\/\/akerkimya.com\/eticaret\/wp-json\/wp\/v2\/product\/16052\/revisions\/16735"}],"wp:featuredmedia":[{"embeddable":true,"href":"https:\/\/akerkimya.com\/eticaret\/wp-json\/wp\/v2\/media\/16053"}],"wp:attachment":[{"href":"https:\/\/akerkimya.com\/eticaret\/wp-json\/wp\/v2\/media?parent=16052"}],"wp:term":[{"taxonomy":"product_cat","embeddable":true,"href":"https:\/\/akerkimya.com\/eticaret\/wp-json\/wp\/v2\/product_cat?post=16052"},{"taxonomy":"product_tag","embeddable":true,"href":"https:\/\/akerkimya.com\/eticaret\/wp-json\/wp\/v2\/product_tag?post=16052"}],"curies":[{"name":"wp","href":"https:\/\/api.w.org\/{rel}","templated":true}]}}