{"id":16063,"date":"2024-12-28T18:08:33","date_gmt":"2024-12-28T15:08:33","guid":{"rendered":"https:\/\/akerkimya.com\/eticaret\/?post_type=product&#038;p=16063"},"modified":"2026-05-11T10:04:57","modified_gmt":"2026-05-11T07:04:57","slug":"hidroksietil-seluloz-hec-bermocol","status":"publish","type":"product","link":"https:\/\/akerkimya.com\/eticaret\/urun\/hidroksietil-seluloz-hec-bermocol\/","title":{"rendered":"H\u0130DROKS\u0130ET\u0130L SEL\u00dcLOZ (HEC) -BERMOCOL"},"content":{"rendered":"<h1>\u00a0H\u0130DROKS\u0130ET\u0130L SEL\u00dcLOZ (HEC) -BERMOCOL<\/h1>\n<p><strong>Hisroksietil Sel\u00fcloz\u00a0(HEC), hammadde olarak do\u011fal polimer sel\u00fcloz kullan\u0131larak ve bir dizi eterle\u015ftirme reaksiyonu yoluyla \u00fcretilen noniyonik bir sel\u00fcloz eterdir. Suda \u00e7\u00f6z\u00fcnerek pH\u2019dan etkilenmeyen berrak, viskoz bir \u00e7\u00f6zelti olu\u015fturan, kokusuz, toksik olmayan, beyaz bir tozdur.<\/strong><\/p>\n<p><strong>H\u0130DROKS\u0130 ET\u0130L SEL\u00dcLOZ \u00a0\u00d6ZELL\u0130KLER\u0130<\/strong><\/p>\n<p><strong>Hidroksietil sel\u00fcloz\u00a0Kal\u0131nla\u015fma, yap\u0131\u015ft\u0131rma, dispersiyon, film olu\u015fumu ve s\u00fcspansiyon \u00f6zelliklerine sahiptir.<\/strong><\/p>\n<p><strong>Hidroksietil sel\u00fcloz su sol\u00fcsyonunun pH\u2019\u0131 2 ve 12 aras\u0131nda oldu\u011funda, viskozite stabildir. Bu aral\u0131\u011f\u0131 a\u015farsa, asidik veya alkali oksidatif bozulma olur ve viskozite d\u00fc\u015fer.<\/strong><\/p>\n<p><strong>Hidroksietil sel\u00fcloz sulu \u00e7\u00f6zeltisinin viskozitesi, s\u0131cakl\u0131k artt\u0131k\u00e7a azal\u0131r ve s\u0131cakl\u0131k orijinal s\u0131cakl\u0131\u011fa d\u00fc\u015ft\u00fc\u011f\u00fcnde viskozite geri kazan\u0131labilir. Y\u00fcksek bir tuz konsantrasyonu yoksa, \u00e7\u00f6zelti kaynama noktas\u0131na \u0131s\u0131t\u0131ld\u0131\u011f\u0131nda, jel veya \u00e7\u00f6kelti olu\u015fmaz; yani hidroksietil sel\u00fcloz s\u0131cakl\u0131\u011fa \u00e7ok dayan\u0131kl\u0131d\u0131r.<\/strong><\/p>\n<p><strong>Hidroksietil sel\u00fcloz sulu \u00e7\u00f6zeltisi, noniyonik bir sistemdir ve suda \u00e7\u00f6z\u00fcnebilen di\u011fer polimerler, s\u00fcrfaktanlar, tuzlar vb. ile birlikte bulunabilir. Bu nedenle, g\u00fcnl\u00fck kimyasal end\u00fcstrisinde yayg\u0131n olarak kullan\u0131lmaktad\u0131r.<\/strong><\/p>\n<p><strong>KULLANIM ALANLARI<\/strong><\/p>\n<p><strong>Hidroksietil sel\u00fcloz, lateks boya bile\u015fimi i\u00e7inde, pigmentin jelle\u015fmesini \u00f6nler, da\u011f\u0131lmas\u0131na katk\u0131da bulunur, lateks boyay\u0131 stabilize eder ve bile\u015fenin viskozitesini artt\u0131r\u0131r. Hidroksietil sel\u00fcloz, bile\u015fenlerdeki pigmentler, yard\u0131mc\u0131 maddeler, dolgu maddeleri ve tuzlar gibi di\u011fer malzemelerle iyi bir uyumlulu\u011fa sahiptir.<\/strong><\/p>\n<p><strong>Hidroksietil sel\u00fcloz ile kal\u0131nla\u015ft\u0131r\u0131lm\u0131\u015f kaplamalar, \u00e7e\u015fitli kesme h\u0131zlar\u0131nda iyi bir reolojiye sahiptir ve ps\u00f6doplastik \u00f6zelli\u011fi ta\u015f\u0131r.<\/strong><\/p>\n<p><strong>\u0130\u015flenebilirlik ve tesviye \u00f6zellikleri iyidir: F\u0131r\u00e7a, rulo, sprey ve\u00a0di\u011fer in\u015faat y\u00f6ntemleri ile uygulanabilir; kolayca damlama, sarkma veya s\u0131\u00e7rama yapmaz.<\/strong><\/p>\n<p><strong>Y\u00fcksek viskoziteli hidroksietil sel\u00fcloz, petrol sondaj\u0131nda esas olarak tamamlama ve bitirme s\u0131v\u0131lar\u0131 i\u00e7in yap\u0131\u015ft\u0131r\u0131c\u0131 olarak kullan\u0131l\u0131r. D\u00fc\u015f\u00fck viskoziteli hidroksietil sel\u00fcloz ise, s\u0131v\u0131 kayb\u0131 katk\u0131 maddesi olarak kullan\u0131lmaktad\u0131r. Sondaj, tamamlama, \u00e7imentolama ve k\u0131rma i\u015flemleri i\u00e7in gereken \u00e7e\u015fitli \u00e7\u00f6z\u00fcmler i\u00e7inde, hidroksietil sel\u00fcloz \u00e7amura iyi bir ak\u0131\u015fkanl\u0131k ve stabilite sa\u011flamaktad\u0131r.<\/strong><\/p>\n<p><strong>Hidroksietil sel\u00fcloz, di\u015f macunu, deterjan ve kozmetik \u00fcr\u00fcnlerde ba\u011flay\u0131c\u0131, koyula\u015ft\u0131r\u0131c\u0131, dengeleyici ve da\u011f\u0131t\u0131c\u0131 olarak kullan\u0131l\u0131r.<\/strong><\/p>\n<p><strong>Hidroksietil sel\u00fcloz\u00a0Suyu b\u00fcnyesinde tutma \u00f6zelli\u011fiyle \u00fcr\u00fcnlerde, kayma mukavemeti, ba\u011flay\u0131c\u0131 etkisi ile kolay uygulama sa\u011flar.<\/strong><strong><br \/>\n<\/strong><strong>Film olu\u015fturmaya yard\u0131mc\u0131 olur.<\/strong><\/p>\n<p><strong>\u00a0<\/strong><\/p>\n<p><strong>H\u0130DROKS\u0130ET\u0130L SEL\u00dcLOZ AVANTAJLARI<\/strong><\/p>\n<p><strong>\u0130nce boyutlu olmalar\u0131 sebebiyle kar\u0131\u015f\u0131m i\u00e7erisinde kolayca da\u011f\u0131l\u0131rlar.<\/strong><\/p>\n<p><strong>Harc\u0131n kolayca kar\u0131\u015fmas\u0131n\u0131 ve uygulanaca\u011f\u0131 zemine rahat\u00e7a s\u00fcr\u00fclmesini sa\u011flar.<\/strong><\/p>\n<p><strong>Hidroksietil Sel\u00fcloz, \u00fcr\u00fcn\u00fcn kap \u00f6mr\u00fcn\u00fc uzat\u0131r.<\/strong><\/p>\n<p><strong>Harc\u0131n viskozitesini artt\u0131rarak malzemenin uyguland\u0131\u011f\u0131 y\u00fczeyden akmas\u0131n\u0131 engeller.<\/strong><\/p>\n<p><strong>Hidroksietil Sel\u00fcloz, iyi bir su tutma yard\u0131mc\u0131s\u0131 ve ba\u011flay\u0131c\u0131s\u0131d\u0131r.<\/strong><\/p>\n<p><strong>Kolloid ve dengeleyici gibi tipik \u00f6zellikleri vard\u0131r.<\/strong><\/p>\n<p><strong>\u00a0<\/strong><\/p>\n<p><strong>AMBALAJ <\/strong><\/p>\n<p><strong>1-5-20 kg torbalar halinde <\/strong><\/p>\n<p><strong>\u00a0<\/strong><\/p>\n<p><strong>DEPOLAMA <\/strong><\/p>\n<p><strong>Serin ve kuru bir alanda muhafaza ediniz. <\/strong><\/p>\n","protected":false},"excerpt":{"rendered":"<p>\u00a0H\u0130DROKS\u0130ET\u0130L SEL\u00dcLOZ (HEC) -BERMOCOL Hisroksietil Sel\u00fcloz\u00a0(HEC), hammadde olarak do\u011fal polimer sel\u00fcloz kullan\u0131larak ve bir dizi eterle\u015ftirme reaksiyonu yoluyla \u00fcretilen noniyonik<\/p>\n","protected":false},"featured_media":16064,"comment_status":"open","ping_status":"closed","template":"","meta":{"_joinchat":[]},"product_cat":[70,74],"product_tag":[],"class_list":{"0":"post-16063","1":"product","2":"type-product","3":"status-publish","4":"has-post-thumbnail","6":"product_cat-boya-ve-yapi-kimyasallar","7":"product_cat-deterjan-ve-kozmetik-kimyasallari","9":"first","10":"instock","11":"shipping-taxable","12":"purchasable","13":"product-type-variable"},"yoast_head":"<!-- This site is optimized with the Yoast SEO Premium plugin v20.2.1 (Yoast SEO v20.2.1) - https:\/\/yoast.com\/wordpress\/plugins\/seo\/ -->\n<title>H\u0130DROKS\u0130ET\u0130L SEL\u00dcLOZ (HEC) -BERMOCOL - Akerkimya<\/title>\n<meta name=\"robots\" content=\"index, follow, max-snippet:-1, max-image-preview:large, max-video-preview:-1\" \/>\n<link rel=\"canonical\" href=\"https:\/\/akerkimya.com\/eticaret\/urun\/hidroksietil-seluloz-hec-bermocol\/\" \/>\n<meta property=\"og:locale\" content=\"tr_TR\" \/>\n<meta property=\"og:type\" content=\"article\" \/>\n<meta property=\"og:title\" content=\"H\u0130DROKS\u0130ET\u0130L SEL\u00dcLOZ (HEC) -BERMOCOL\" \/>\n<meta property=\"og:description\" content=\"\u00a0H\u0130DROKS\u0130ET\u0130L SEL\u00dcLOZ (HEC) -BERMOCOL Hisroksietil Sel\u00fcloz\u00a0(HEC), hammadde olarak do\u011fal polimer sel\u00fcloz kullan\u0131larak ve bir dizi eterle\u015ftirme reaksiyonu yoluyla \u00fcretilen noniyonik\" \/>\n<meta property=\"og:url\" content=\"https:\/\/akerkimya.com\/eticaret\/urun\/hidroksietil-seluloz-hec-bermocol\/\" \/>\n<meta property=\"og:site_name\" content=\"Akerkimya\" \/>\n<meta property=\"article:modified_time\" content=\"2026-05-11T07:04:57+00:00\" \/>\n<meta property=\"og:image\" content=\"https:\/\/akerkimya.com\/eticaret\/wp-content\/uploads\/2024\/12\/HEC-HUNCEL.png\" \/>\n\t<meta property=\"og:image:width\" content=\"1000\" \/>\n\t<meta property=\"og:image:height\" content=\"1000\" \/>\n\t<meta property=\"og:image:type\" content=\"image\/png\" \/>\n<meta name=\"twitter:card\" content=\"summary_large_image\" \/>\n<meta name=\"twitter:label1\" content=\"Tahmini okuma s\u00fcresi\" \/>\n\t<meta name=\"twitter:data1\" content=\"3 dakika\" \/>\n<script type=\"application\/ld+json\" class=\"yoast-schema-graph\">{\"@context\":\"https:\/\/schema.org\",\"@graph\":[{\"@type\":\"WebPage\",\"@id\":\"https:\/\/akerkimya.com\/eticaret\/urun\/hidroksietil-seluloz-hec-bermocol\/\",\"url\":\"https:\/\/akerkimya.com\/eticaret\/urun\/hidroksietil-seluloz-hec-bermocol\/\",\"name\":\"H\u0130DROKS\u0130ET\u0130L SEL\u00dcLOZ (HEC) -BERMOCOL - Akerkimya\",\"isPartOf\":{\"@id\":\"https:\/\/akerkimya.com\/eticaret\/#website\"},\"datePublished\":\"2024-12-28T15:08:33+00:00\",\"dateModified\":\"2026-05-11T07:04:57+00:00\",\"breadcrumb\":{\"@id\":\"https:\/\/akerkimya.com\/eticaret\/urun\/hidroksietil-seluloz-hec-bermocol\/#breadcrumb\"},\"inLanguage\":\"tr\",\"potentialAction\":[{\"@type\":\"ReadAction\",\"target\":[\"https:\/\/akerkimya.com\/eticaret\/urun\/hidroksietil-seluloz-hec-bermocol\/\"]}]},{\"@type\":\"BreadcrumbList\",\"@id\":\"https:\/\/akerkimya.com\/eticaret\/urun\/hidroksietil-seluloz-hec-bermocol\/#breadcrumb\",\"itemListElement\":[{\"@type\":\"ListItem\",\"position\":1,\"name\":\"Home\",\"item\":\"https:\/\/akerkimya.com\/eticaret\/\"},{\"@type\":\"ListItem\",\"position\":2,\"name\":\"Market\",\"item\":\"https:\/\/akerkimya.com\/eticaret\/market\/\"},{\"@type\":\"ListItem\",\"position\":3,\"name\":\"H\u0130DROKS\u0130ET\u0130L SEL\u00dcLOZ (HEC) -BERMOCOL\"}]},{\"@type\":\"WebSite\",\"@id\":\"https:\/\/akerkimya.com\/eticaret\/#website\",\"url\":\"https:\/\/akerkimya.com\/eticaret\/\",\"name\":\"Akerkimya\",\"description\":\"\",\"potentialAction\":[{\"@type\":\"SearchAction\",\"target\":{\"@type\":\"EntryPoint\",\"urlTemplate\":\"https:\/\/akerkimya.com\/eticaret\/?s={search_term_string}\"},\"query-input\":\"required name=search_term_string\"}],\"inLanguage\":\"tr\"}]}<\/script>\n<!-- \/ Yoast SEO Premium plugin. -->","yoast_head_json":{"title":"H\u0130DROKS\u0130ET\u0130L SEL\u00dcLOZ (HEC) -BERMOCOL - Akerkimya","robots":{"index":"index","follow":"follow","max-snippet":"max-snippet:-1","max-image-preview":"max-image-preview:large","max-video-preview":"max-video-preview:-1"},"canonical":"https:\/\/akerkimya.com\/eticaret\/urun\/hidroksietil-seluloz-hec-bermocol\/","og_locale":"tr_TR","og_type":"article","og_title":"H\u0130DROKS\u0130ET\u0130L SEL\u00dcLOZ (HEC) -BERMOCOL","og_description":"\u00a0H\u0130DROKS\u0130ET\u0130L SEL\u00dcLOZ (HEC) -BERMOCOL Hisroksietil Sel\u00fcloz\u00a0(HEC), hammadde olarak do\u011fal polimer sel\u00fcloz kullan\u0131larak ve bir dizi eterle\u015ftirme reaksiyonu yoluyla \u00fcretilen noniyonik","og_url":"https:\/\/akerkimya.com\/eticaret\/urun\/hidroksietil-seluloz-hec-bermocol\/","og_site_name":"Akerkimya","article_modified_time":"2026-05-11T07:04:57+00:00","og_image":[{"width":1000,"height":1000,"url":"https:\/\/akerkimya.com\/eticaret\/wp-content\/uploads\/2024\/12\/HEC-HUNCEL.png","type":"image\/png"}],"twitter_card":"summary_large_image","twitter_misc":{"Tahmini okuma s\u00fcresi":"3 dakika"},"schema":{"@context":"https:\/\/schema.org","@graph":[{"@type":"WebPage","@id":"https:\/\/akerkimya.com\/eticaret\/urun\/hidroksietil-seluloz-hec-bermocol\/","url":"https:\/\/akerkimya.com\/eticaret\/urun\/hidroksietil-seluloz-hec-bermocol\/","name":"H\u0130DROKS\u0130ET\u0130L SEL\u00dcLOZ (HEC) -BERMOCOL - Akerkimya","isPartOf":{"@id":"https:\/\/akerkimya.com\/eticaret\/#website"},"datePublished":"2024-12-28T15:08:33+00:00","dateModified":"2026-05-11T07:04:57+00:00","breadcrumb":{"@id":"https:\/\/akerkimya.com\/eticaret\/urun\/hidroksietil-seluloz-hec-bermocol\/#breadcrumb"},"inLanguage":"tr","potentialAction":[{"@type":"ReadAction","target":["https:\/\/akerkimya.com\/eticaret\/urun\/hidroksietil-seluloz-hec-bermocol\/"]}]},{"@type":"BreadcrumbList","@id":"https:\/\/akerkimya.com\/eticaret\/urun\/hidroksietil-seluloz-hec-bermocol\/#breadcrumb","itemListElement":[{"@type":"ListItem","position":1,"name":"Home","item":"https:\/\/akerkimya.com\/eticaret\/"},{"@type":"ListItem","position":2,"name":"Market","item":"https:\/\/akerkimya.com\/eticaret\/market\/"},{"@type":"ListItem","position":3,"name":"H\u0130DROKS\u0130ET\u0130L SEL\u00dcLOZ (HEC) -BERMOCOL"}]},{"@type":"WebSite","@id":"https:\/\/akerkimya.com\/eticaret\/#website","url":"https:\/\/akerkimya.com\/eticaret\/","name":"Akerkimya","description":"","potentialAction":[{"@type":"SearchAction","target":{"@type":"EntryPoint","urlTemplate":"https:\/\/akerkimya.com\/eticaret\/?s={search_term_string}"},"query-input":"required name=search_term_string"}],"inLanguage":"tr"}]}},"_links":{"self":[{"href":"https:\/\/akerkimya.com\/eticaret\/wp-json\/wp\/v2\/product\/16063","targetHints":{"allow":["GET"]}}],"collection":[{"href":"https:\/\/akerkimya.com\/eticaret\/wp-json\/wp\/v2\/product"}],"about":[{"href":"https:\/\/akerkimya.com\/eticaret\/wp-json\/wp\/v2\/types\/product"}],"replies":[{"embeddable":true,"href":"https:\/\/akerkimya.com\/eticaret\/wp-json\/wp\/v2\/comments?post=16063"}],"version-history":[{"count":3,"href":"https:\/\/akerkimya.com\/eticaret\/wp-json\/wp\/v2\/product\/16063\/revisions"}],"predecessor-version":[{"id":18375,"href":"https:\/\/akerkimya.com\/eticaret\/wp-json\/wp\/v2\/product\/16063\/revisions\/18375"}],"wp:featuredmedia":[{"embeddable":true,"href":"https:\/\/akerkimya.com\/eticaret\/wp-json\/wp\/v2\/media\/16064"}],"wp:attachment":[{"href":"https:\/\/akerkimya.com\/eticaret\/wp-json\/wp\/v2\/media?parent=16063"}],"wp:term":[{"taxonomy":"product_cat","embeddable":true,"href":"https:\/\/akerkimya.com\/eticaret\/wp-json\/wp\/v2\/product_cat?post=16063"},{"taxonomy":"product_tag","embeddable":true,"href":"https:\/\/akerkimya.com\/eticaret\/wp-json\/wp\/v2\/product_tag?post=16063"}],"curies":[{"name":"wp","href":"https:\/\/api.w.org\/{rel}","templated":true}]}}