{"id":16088,"date":"2024-12-29T00:06:52","date_gmt":"2024-12-28T21:06:52","guid":{"rendered":"https:\/\/akerkimya.com\/eticaret\/?post_type=product&#038;p=16088"},"modified":"2026-03-30T02:23:41","modified_gmt":"2026-03-29T23:23:41","slug":"izoftalik-asit","status":"publish","type":"product","link":"https:\/\/akerkimya.com\/eticaret\/urun\/izoftalik-asit\/","title":{"rendered":"\u0130ZOFTAL\u0130K AS\u0130T"},"content":{"rendered":"<h1>\u0130ZOFTAL\u0130K AS\u0130T<\/h1>\n<p><strong>\u0130zoftalik Asit, C8H6O4 molek\u00fcler form\u00fcl\u00fcne sahip organik bir bile\u015fiktir. <\/strong><\/p>\n<p><strong>\u0130zoftalik asit, insan sa\u011fl\u0131\u011f\u0131na zarar vermeyen bir organik bile\u015fiktir.<\/strong><\/p>\n<p><strong>\u0130zoftalik asit, y\u00fcksek \u0131s\u0131ya, hidrolize ve kimyasal a\u015f\u0131nmalara kar\u015f\u0131 dayan\u0131kl\u0131d\u0131r, ancak yan\u0131c\u0131d\u0131r ve toksisitesi d\u00fc\u015f\u00fckt\u00fcr.<\/strong><\/p>\n<p><strong>\u00a0<\/strong><\/p>\n<p><strong>\u00a0<\/strong><\/p>\n<p><strong>\u0130ZOFTAL\u0130K AS\u0130T \u00d6ZELL\u0130KLER\u0130<\/strong><\/p>\n<p><strong>Beyaz kristal toz veya i\u011fne benzeri kristaller olup, <\/strong><\/p>\n<p><strong>\u0130zoftalik asit kaynar suda az \u00e7\u00f6z\u00fcn\u00fcr.<\/strong><\/p>\n<p><strong>Ancak benzen, toluen ve petrol eterinde \u00e7\u00f6z\u00fcnmez.<\/strong><\/p>\n<p><strong>\u00a0<\/strong><\/p>\n<p><strong>\u00a0<\/strong><\/p>\n<p><strong>\u00a0<\/strong><\/p>\n<p><strong>TEKN\u0130K \u00d6ZELL\u0130KLER\u0130<\/strong><\/p>\n<p><strong>CAS NUMARASI: 121-91-5<\/strong><\/p>\n<p><strong>EC NUMARASI: 204-506-4<\/strong><\/p>\n<p><strong>MOLEK\u00dcLER FORM\u00dcL <\/strong><strong>C8H6O4: <\/strong><\/p>\n<p><strong>K\u0130MYASAL \u0130SM\u0130: \u0130zoftalik Asit<\/strong><\/p>\n<p><strong>MOLAR K\u00dcTLE: 166.13<\/strong><\/p>\n<p><strong>YO\u011eUNLUK: 1,54 g\/cm3<\/strong><\/p>\n<p><strong>ER\u0130ME NOKTASI: 341-343 \u00b0C<\/strong><\/p>\n<p><strong>\u00a0<\/strong><\/p>\n<p><strong>\u00a0<\/strong><\/p>\n<p><strong>KULLANIM ALANLARI <\/strong><\/p>\n<p><strong>\u0130zoftalik asit, doymam\u0131\u015f polyester re\u00e7inelerin, m\u00fcrekkeplerin, g\u00fc\u00e7lendirilmi\u015f plastiklerin ve ambalaj uygulamalar\u0131n\u0131n \u00fcretim s\u00fcrecinde kullan\u0131lan bir ara malzemedir.<\/strong><\/p>\n<p><strong>\u0130zoftalik asit, y\u00fcksek performansl\u0131 polimer polibenzimidazol\u00fcn sentezinde temel bir bile\u015fendir.<\/strong><\/p>\n<p><strong>Otomotiv ve denizcilik end\u00fcstrilerinde s\u0131k\u00e7a kullan\u0131lan \u0130zoftalik asit, ayn\u0131 zamanda korozyona dayan\u0131kl\u0131 borular ve tanklar gibi \u00fcr\u00fcnlerin \u00fcretiminde ticaret pazarlar\u0131nda \u00f6nemli bir bile\u015fen olarak kabul edilir. Bu asit ayr\u0131ca, in\u015faat sekt\u00f6r\u00fcnde ve end\u00fcstriyel kaplama uygulamalar\u0131nda da yayg\u0131n olarak kullan\u0131l\u0131r.<\/strong><\/p>\n<p><strong>PET&#8217;in berrakl\u0131\u011f\u0131n\u0131 art\u0131ran \u0130zoftalik asit, i\u00e7ecek plastik \u015fi\u015feleri ve g\u0131da ambalajlar\u0131 i\u00e7in \u00fcretilen PET re\u00e7inelerinin \u00fcretiminde \u00f6nemli bir bile\u015fendir.<\/strong><\/p>\n<p><strong>Boyalarda ve kaplamalarda \u0130zoftalik asit, otomotiv ve boya sanayisinde yayg\u0131n olarak kullan\u0131lan bir bile\u015fendir.<\/strong><\/p>\n<p><strong>Aromatik \u00f6zellikleri nedeniyle, \u0130zoftalik asit i\u00e7eren \u00fcr\u00fcnler g\u00fczel bir koku b\u0131rak\u0131r.<\/strong><\/p>\n<p><strong>\u0130zoftalik asit, ka\u011f\u0131t end\u00fcstrisinde y\u00fcksek performansl\u0131 ka\u011f\u0131t malzemelerinin \u00fcretiminde kullan\u0131l\u0131r.<\/strong><\/p>\n<p><strong>Asans\u00f6rlerden korkuluklara ve hatta oltalara kadar, \u0130zoftalik asit \u00e7e\u015fitli \u00fcr\u00fcnlerin imalat\u0131nda kullan\u0131l\u0131r.<\/strong><\/p>\n<p><strong>\u0130zoftalik asit, alev geciktirici re\u00e7ineler ve yap\u0131sal re\u00e7inelerin \u00fcretiminde yayg\u0131n olarak kullan\u0131lan bir bile\u015fen olup, bu uygulamalar i\u00e7in uygun maliyet ve iyi fiziksel \u00f6zellikler sunar.<\/strong><\/p>\n<p><strong>\u00a0<\/strong><\/p>\n<p><strong>\u00a0<\/strong><\/p>\n<p><strong>\u00a0<\/strong><\/p>\n<p><strong>AMBALAJ<\/strong><\/p>\n<p><strong>25 kg ambalajlar halinde<\/strong><\/p>\n<p><strong>\u00a0<\/strong><\/p>\n<p><strong>\u00a0<\/strong><\/p>\n<p><strong>DEPOLAMA<\/strong><\/p>\n<p><strong>Serin ve kuru yerde muhafaza edilmelidir. <\/strong><\/p>\n","protected":false},"excerpt":{"rendered":"<p>\u0130ZOFTAL\u0130K AS\u0130T \u0130zoftalik Asit, C8H6O4 molek\u00fcler form\u00fcl\u00fcne sahip organik bir bile\u015fiktir. \u0130zoftalik asit, insan sa\u011fl\u0131\u011f\u0131na zarar vermeyen bir organik bile\u015fiktir.<\/p>\n","protected":false},"featured_media":16089,"comment_status":"open","ping_status":"closed","template":"","meta":{"_joinchat":[]},"product_cat":[70],"product_tag":[],"class_list":{"0":"post-16088","1":"product","2":"type-product","3":"status-publish","4":"has-post-thumbnail","6":"product_cat-boya-ve-yapi-kimyasallar","8":"first","9":"instock","10":"shipping-taxable","11":"purchasable","12":"product-type-variable"},"yoast_head":"<!-- This site is optimized with the Yoast SEO Premium plugin v20.2.1 (Yoast SEO v20.2.1) - https:\/\/yoast.com\/wordpress\/plugins\/seo\/ -->\n<title>\u0130ZOFTAL\u0130K AS\u0130T - Akerkimya<\/title>\n<meta name=\"robots\" content=\"index, follow, max-snippet:-1, max-image-preview:large, max-video-preview:-1\" \/>\n<link rel=\"canonical\" href=\"https:\/\/akerkimya.com\/eticaret\/urun\/izoftalik-asit\/\" \/>\n<meta property=\"og:locale\" content=\"tr_TR\" \/>\n<meta property=\"og:type\" content=\"article\" \/>\n<meta property=\"og:title\" content=\"\u0130ZOFTAL\u0130K AS\u0130T\" \/>\n<meta property=\"og:description\" content=\"\u0130ZOFTAL\u0130K AS\u0130T \u0130zoftalik Asit, C8H6O4 molek\u00fcler form\u00fcl\u00fcne sahip organik bir bile\u015fiktir. \u0130zoftalik asit, insan sa\u011fl\u0131\u011f\u0131na zarar vermeyen bir organik bile\u015fiktir.\" \/>\n<meta property=\"og:url\" content=\"https:\/\/akerkimya.com\/eticaret\/urun\/izoftalik-asit\/\" \/>\n<meta property=\"og:site_name\" content=\"Akerkimya\" \/>\n<meta property=\"article:modified_time\" content=\"2026-03-29T23:23:41+00:00\" \/>\n<meta property=\"og:image\" content=\"https:\/\/akerkimya.com\/eticaret\/wp-content\/uploads\/2024\/12\/IZOFTALIK-ASIT-GUNCEL.png\" \/>\n\t<meta property=\"og:image:width\" content=\"1000\" \/>\n\t<meta property=\"og:image:height\" content=\"1000\" \/>\n\t<meta property=\"og:image:type\" content=\"image\/png\" \/>\n<meta name=\"twitter:card\" content=\"summary_large_image\" \/>\n<meta name=\"twitter:label1\" content=\"Tahmini okuma s\u00fcresi\" \/>\n\t<meta name=\"twitter:data1\" content=\"2 dakika\" \/>\n<script type=\"application\/ld+json\" class=\"yoast-schema-graph\">{\"@context\":\"https:\/\/schema.org\",\"@graph\":[{\"@type\":\"WebPage\",\"@id\":\"https:\/\/akerkimya.com\/eticaret\/urun\/izoftalik-asit\/\",\"url\":\"https:\/\/akerkimya.com\/eticaret\/urun\/izoftalik-asit\/\",\"name\":\"\u0130ZOFTAL\u0130K AS\u0130T - Akerkimya\",\"isPartOf\":{\"@id\":\"https:\/\/akerkimya.com\/eticaret\/#website\"},\"datePublished\":\"2024-12-28T21:06:52+00:00\",\"dateModified\":\"2026-03-29T23:23:41+00:00\",\"breadcrumb\":{\"@id\":\"https:\/\/akerkimya.com\/eticaret\/urun\/izoftalik-asit\/#breadcrumb\"},\"inLanguage\":\"tr\",\"potentialAction\":[{\"@type\":\"ReadAction\",\"target\":[\"https:\/\/akerkimya.com\/eticaret\/urun\/izoftalik-asit\/\"]}]},{\"@type\":\"BreadcrumbList\",\"@id\":\"https:\/\/akerkimya.com\/eticaret\/urun\/izoftalik-asit\/#breadcrumb\",\"itemListElement\":[{\"@type\":\"ListItem\",\"position\":1,\"name\":\"Home\",\"item\":\"https:\/\/akerkimya.com\/eticaret\/\"},{\"@type\":\"ListItem\",\"position\":2,\"name\":\"Market\",\"item\":\"https:\/\/akerkimya.com\/eticaret\/market\/\"},{\"@type\":\"ListItem\",\"position\":3,\"name\":\"\u0130ZOFTAL\u0130K AS\u0130T\"}]},{\"@type\":\"WebSite\",\"@id\":\"https:\/\/akerkimya.com\/eticaret\/#website\",\"url\":\"https:\/\/akerkimya.com\/eticaret\/\",\"name\":\"Akerkimya\",\"description\":\"\",\"potentialAction\":[{\"@type\":\"SearchAction\",\"target\":{\"@type\":\"EntryPoint\",\"urlTemplate\":\"https:\/\/akerkimya.com\/eticaret\/?s={search_term_string}\"},\"query-input\":\"required name=search_term_string\"}],\"inLanguage\":\"tr\"}]}<\/script>\n<!-- \/ Yoast SEO Premium plugin. -->","yoast_head_json":{"title":"\u0130ZOFTAL\u0130K AS\u0130T - Akerkimya","robots":{"index":"index","follow":"follow","max-snippet":"max-snippet:-1","max-image-preview":"max-image-preview:large","max-video-preview":"max-video-preview:-1"},"canonical":"https:\/\/akerkimya.com\/eticaret\/urun\/izoftalik-asit\/","og_locale":"tr_TR","og_type":"article","og_title":"\u0130ZOFTAL\u0130K AS\u0130T","og_description":"\u0130ZOFTAL\u0130K AS\u0130T \u0130zoftalik Asit, C8H6O4 molek\u00fcler form\u00fcl\u00fcne sahip organik bir bile\u015fiktir. \u0130zoftalik asit, insan sa\u011fl\u0131\u011f\u0131na zarar vermeyen bir organik bile\u015fiktir.","og_url":"https:\/\/akerkimya.com\/eticaret\/urun\/izoftalik-asit\/","og_site_name":"Akerkimya","article_modified_time":"2026-03-29T23:23:41+00:00","og_image":[{"width":1000,"height":1000,"url":"https:\/\/akerkimya.com\/eticaret\/wp-content\/uploads\/2024\/12\/IZOFTALIK-ASIT-GUNCEL.png","type":"image\/png"}],"twitter_card":"summary_large_image","twitter_misc":{"Tahmini okuma s\u00fcresi":"2 dakika"},"schema":{"@context":"https:\/\/schema.org","@graph":[{"@type":"WebPage","@id":"https:\/\/akerkimya.com\/eticaret\/urun\/izoftalik-asit\/","url":"https:\/\/akerkimya.com\/eticaret\/urun\/izoftalik-asit\/","name":"\u0130ZOFTAL\u0130K AS\u0130T - Akerkimya","isPartOf":{"@id":"https:\/\/akerkimya.com\/eticaret\/#website"},"datePublished":"2024-12-28T21:06:52+00:00","dateModified":"2026-03-29T23:23:41+00:00","breadcrumb":{"@id":"https:\/\/akerkimya.com\/eticaret\/urun\/izoftalik-asit\/#breadcrumb"},"inLanguage":"tr","potentialAction":[{"@type":"ReadAction","target":["https:\/\/akerkimya.com\/eticaret\/urun\/izoftalik-asit\/"]}]},{"@type":"BreadcrumbList","@id":"https:\/\/akerkimya.com\/eticaret\/urun\/izoftalik-asit\/#breadcrumb","itemListElement":[{"@type":"ListItem","position":1,"name":"Home","item":"https:\/\/akerkimya.com\/eticaret\/"},{"@type":"ListItem","position":2,"name":"Market","item":"https:\/\/akerkimya.com\/eticaret\/market\/"},{"@type":"ListItem","position":3,"name":"\u0130ZOFTAL\u0130K AS\u0130T"}]},{"@type":"WebSite","@id":"https:\/\/akerkimya.com\/eticaret\/#website","url":"https:\/\/akerkimya.com\/eticaret\/","name":"Akerkimya","description":"","potentialAction":[{"@type":"SearchAction","target":{"@type":"EntryPoint","urlTemplate":"https:\/\/akerkimya.com\/eticaret\/?s={search_term_string}"},"query-input":"required name=search_term_string"}],"inLanguage":"tr"}]}},"_links":{"self":[{"href":"https:\/\/akerkimya.com\/eticaret\/wp-json\/wp\/v2\/product\/16088","targetHints":{"allow":["GET"]}}],"collection":[{"href":"https:\/\/akerkimya.com\/eticaret\/wp-json\/wp\/v2\/product"}],"about":[{"href":"https:\/\/akerkimya.com\/eticaret\/wp-json\/wp\/v2\/types\/product"}],"replies":[{"embeddable":true,"href":"https:\/\/akerkimya.com\/eticaret\/wp-json\/wp\/v2\/comments?post=16088"}],"version-history":[{"count":3,"href":"https:\/\/akerkimya.com\/eticaret\/wp-json\/wp\/v2\/product\/16088\/revisions"}],"predecessor-version":[{"id":18851,"href":"https:\/\/akerkimya.com\/eticaret\/wp-json\/wp\/v2\/product\/16088\/revisions\/18851"}],"wp:featuredmedia":[{"embeddable":true,"href":"https:\/\/akerkimya.com\/eticaret\/wp-json\/wp\/v2\/media\/16089"}],"wp:attachment":[{"href":"https:\/\/akerkimya.com\/eticaret\/wp-json\/wp\/v2\/media?parent=16088"}],"wp:term":[{"taxonomy":"product_cat","embeddable":true,"href":"https:\/\/akerkimya.com\/eticaret\/wp-json\/wp\/v2\/product_cat?post=16088"},{"taxonomy":"product_tag","embeddable":true,"href":"https:\/\/akerkimya.com\/eticaret\/wp-json\/wp\/v2\/product_tag?post=16088"}],"curies":[{"name":"wp","href":"https:\/\/api.w.org\/{rel}","templated":true}]}}