{"id":16094,"date":"2024-12-29T00:14:27","date_gmt":"2024-12-28T21:14:27","guid":{"rendered":"https:\/\/akerkimya.com\/eticaret\/?post_type=product&#038;p=16094"},"modified":"2026-03-30T02:23:43","modified_gmt":"2026-03-29T23:23:43","slug":"kalsine-alumina","status":"publish","type":"product","link":"https:\/\/akerkimya.com\/eticaret\/urun\/kalsine-alumina\/","title":{"rendered":"KALS\u0130NE AL\u00dcM\u0130NA"},"content":{"rendered":"<h1>KALS\u0130NE AL\u00dcM\u0130NA <\/h1>\n<p><strong>Kalsine al\u00fcminalar, Bayer Prosesi ile boksitin ar\u0131t\u0131lmas\u0131yla elde edilen al\u00fcminyum hidroksit (gibsit)` in \u0131s\u0131l i\u015flemiyle elde edilir.<\/strong><\/p>\n<p><strong>\u00a0<\/strong><\/p>\n<p><strong>KALS\u0130NE AL\u00dcM\u0130NA \u00d6ZELL\u0130KLER\u0130<\/strong><\/p>\n<p><strong>Spesifik Y\u00fczey alan\u0131, m\u00b2\/g \u2013 47.00<\/strong><\/p>\n<p><strong>K\u00fctle yo\u011funlu\u011fu, <\/strong><\/p>\n<p><strong>Y\u00fcksek s\u0131cakl\u0131klarda kalsinasyon<\/strong><\/p>\n<p><strong>Homojen tane boyutu da\u011f\u0131l\u0131m\u0131<\/strong><\/p>\n<p><strong>D\u00fc\u015f\u00fck zirkon kullan\u0131m\u0131<\/strong><\/p>\n<p><strong>Y\u00fcksek parlakl\u0131k, \u00f6rt\u00fcc\u00fcl\u00fck ve beyazl\u0131k<\/strong><\/p>\n<p><strong>Y\u00fcksek al\u00fcmina takviyesi<\/strong><\/p>\n<p><strong>\u00a0<\/strong><\/p>\n<p><strong>TEKN\u0130K \u00d6ZELL\u0130KLER<\/strong><\/p>\n<p><strong>G\u00d6R\u00dcN\u00dcM\u00dc: Toz<\/strong><\/p>\n<p><strong>NEM ORANI (%): Max 10<\/strong><\/p>\n<p><strong>PAR\u00c7ACIK BOYUTU: &lt;45 um- 92.2<\/strong><\/p>\n<p><strong>\u00a0\u00a0\u00a0\u00a0\u00a0\u00a0\u00a0\u00a0\u00a0\u00a0\u00a0\u00a0\u00a0\u00a0\u00a0\u00a0\u00a0\u00a0\u00a0\u00a0\u00a0\u00a0\u00a0\u00a0\u00a0\u00a0\u00a0\u00a0\u00a0\u00a0\u00a0\u00a0\u00a0\u00a0\u00a0\u00a0\u00a0 &lt;32 um- 86.2<\/strong><\/p>\n<p><strong>\u00a0\u00a0\u00a0\u00a0\u00a0\u00a0\u00a0\u00a0\u00a0\u00a0\u00a0\u00a0\u00a0\u00a0\u00a0\u00a0\u00a0\u00a0\u00a0\u00a0\u00a0\u00a0\u00a0\u00a0\u00a0\u00a0\u00a0\u00a0\u00a0\u00a0\u00a0\u00a0\u00a0\u00a0\u00a0\u00a0\u00a0 &lt;10 um- 49.8<\/strong><\/p>\n<p><strong>\u00a0\u00a0\u00a0\u00a0\u00a0\u00a0\u00a0\u00a0\u00a0\u00a0\u00a0\u00a0\u00a0\u00a0\u00a0\u00a0\u00a0\u00a0\u00a0\u00a0\u00a0\u00a0\u00a0\u00a0\u00a0\u00a0\u00a0\u00a0\u00a0\u00a0\u00a0\u00a0\u00a0\u00a0\u00a0\u00a0\u00a0 &lt;5 um- 274<\/strong><\/p>\n<p><strong>\u00a0\u00a0\u00a0\u00a0\u00a0\u00a0\u00a0\u00a0\u00a0\u00a0\u00a0\u00a0\u00a0\u00a0\u00a0\u00a0\u00a0\u00a0\u00a0\u00a0\u00a0\u00a0\u00a0\u00a0\u00a0\u00a0\u00a0\u00a0\u00a0\u00a0\u00a0\u00a0\u00a0\u00a0\u00a0\u00a0\u00a0 &lt;2 um &#8211; 9.3<\/strong><\/p>\n<p><strong>\u00a0\u00a0\u00a0\u00a0\u00a0\u00a0\u00a0\u00a0\u00a0\u00a0\u00a0\u00a0\u00a0\u00a0\u00a0\u00a0\u00a0\u00a0\u00a0\u00a0\u00a0\u00a0\u00a0\u00a0\u00a0\u00a0\u00a0\u00a0\u00a0\u00a0\u00a0\u00a0\u00a0\u00a0\u00a0\u00a0\u00a0 D50, um- 10.6<\/strong><\/p>\n<p><strong>SPES\u0130F\u0130K Y\u00dcZEY ALANI: 47.00 m\u00b2\/g<\/strong><\/p>\n<p><strong>K\u00dcTLE YO\u011eUNLU\u011eU: 0,55 g\/cm\u00b3<\/strong><\/p>\n<p><strong>\u00a0<\/strong><\/p>\n<p><strong>K\u0130MYASAL ANAL\u0130Z\u0130<\/strong><\/p>\n<p><strong>S\u0130O2 (%): 0.10<\/strong><\/p>\n<p><strong>Al2O3 (%): 98.00<\/strong><\/p>\n<p><strong>Fe2O3 (%): 0.023<\/strong><\/p>\n<p><strong>T\u0130O2 (%): 0.30<\/strong><\/p>\n<p><strong>CaO (%): 0.19<\/strong><\/p>\n<p><strong>MgO (%): 0.02<\/strong><\/p>\n<p><strong>Na2O (%): 0.02<\/strong><\/p>\n<p><strong>K2O (%): 0.19<\/strong><\/p>\n<p><strong>L.O.l (%): 0.70<\/strong><\/p>\n<p><strong>\u00a0<\/strong><\/p>\n<p><strong>KULLANIM ALANLARI <\/strong><\/p>\n<p><strong>Refrakter tu\u011fla ve har\u00e7larda kullan\u0131l\u0131r.<\/strong><\/p>\n<p><strong>Kimya sanayi boyalar\u0131n\u0131n \u00fcretiminde kullan\u0131l\u0131r.<\/strong><\/p>\n<p><strong>Seramik karo ve sofra e\u015fyas\u0131 yap\u0131m\u0131nda kullan\u0131l\u0131r.<\/strong><\/p>\n<p><strong>Birincil al\u00fcminyum \u00fcretiminde <\/strong><\/p>\n<p><strong>\u00d6\u011f\u00fct\u00fcc\u00fc malzeme \u00fcretiminde <\/strong><\/p>\n<p><strong>\u015eeffaf z\u0131rh \u00fcretiminde <\/strong><\/p>\n<p><strong>Seramik kesici \u00fcretiminde <\/strong><\/p>\n<p><strong>Cam sanayisinde <\/strong><\/p>\n<p><strong>A\u015f\u0131nd\u0131r\u0131c\u0131larda, frit ve emaye \u00fcretiminde kullan\u0131lmaktad\u0131r.<\/strong><\/p>\n<p><strong>\u00a0<\/strong><\/p>\n<p><strong>AMBALAJ<\/strong><\/p>\n<p><strong>1-5-25 kg torbalarda <\/strong><\/p>\n<p><strong>1000 kg BigBag torbalarda <\/strong><\/p>\n<p><strong>\u00a0<\/strong><\/p>\n<p><strong>DEPOLAMA <\/strong><\/p>\n<p><strong>G\u00fcne\u015f \u0131\u015f\u0131\u011f\u0131na temas etmeyen kuru ve serin yerlerde muhafaza ediniz.<\/strong><\/p>\n<p><strong>\u00a0<\/strong><\/p>\n","protected":false},"excerpt":{"rendered":"<p>KALS\u0130NE AL\u00dcM\u0130NA Kalsine al\u00fcminalar, Bayer Prosesi ile boksitin ar\u0131t\u0131lmas\u0131yla elde edilen al\u00fcminyum hidroksit (gibsit)` in \u0131s\u0131l i\u015flemiyle elde edilir. \u00a0<\/p>\n","protected":false},"featured_media":16096,"comment_status":"open","ping_status":"closed","template":"","meta":{"_joinchat":[]},"product_cat":[70,72],"product_tag":[],"class_list":{"0":"post-16094","1":"product","2":"type-product","3":"status-publish","4":"has-post-thumbnail","6":"product_cat-boya-ve-yapi-kimyasallar","7":"product_cat-cam-ve-seramik-kimyasallari","9":"first","10":"instock","11":"shipping-taxable","12":"purchasable","13":"product-type-variable"},"yoast_head":"<!-- This site is optimized with the Yoast SEO Premium plugin v20.2.1 (Yoast SEO v20.2.1) - https:\/\/yoast.com\/wordpress\/plugins\/seo\/ -->\n<title>KALS\u0130NE AL\u00dcM\u0130NA - Akerkimya<\/title>\n<meta name=\"robots\" content=\"index, follow, max-snippet:-1, max-image-preview:large, max-video-preview:-1\" \/>\n<link rel=\"canonical\" href=\"https:\/\/akerkimya.com\/eticaret\/urun\/kalsine-alumina\/\" \/>\n<meta property=\"og:locale\" content=\"tr_TR\" \/>\n<meta property=\"og:type\" content=\"article\" \/>\n<meta property=\"og:title\" content=\"KALS\u0130NE AL\u00dcM\u0130NA\" \/>\n<meta property=\"og:description\" content=\"KALS\u0130NE AL\u00dcM\u0130NA Kalsine al\u00fcminalar, Bayer Prosesi ile boksitin ar\u0131t\u0131lmas\u0131yla elde edilen al\u00fcminyum hidroksit (gibsit)` in \u0131s\u0131l i\u015flemiyle elde edilir. \u00a0\" \/>\n<meta property=\"og:url\" content=\"https:\/\/akerkimya.com\/eticaret\/urun\/kalsine-alumina\/\" \/>\n<meta property=\"og:site_name\" content=\"Akerkimya\" \/>\n<meta property=\"article:modified_time\" content=\"2026-03-29T23:23:43+00:00\" \/>\n<meta property=\"og:image\" content=\"https:\/\/akerkimya.com\/eticaret\/wp-content\/uploads\/2024\/12\/KALSINE-ALUMINA-GUNCEL.png\" \/>\n\t<meta property=\"og:image:width\" content=\"1000\" \/>\n\t<meta property=\"og:image:height\" content=\"1000\" \/>\n\t<meta property=\"og:image:type\" content=\"image\/png\" \/>\n<meta name=\"twitter:card\" content=\"summary_large_image\" \/>\n<meta name=\"twitter:label1\" content=\"Tahmini okuma s\u00fcresi\" \/>\n\t<meta name=\"twitter:data1\" content=\"1 dakika\" \/>\n<script type=\"application\/ld+json\" class=\"yoast-schema-graph\">{\"@context\":\"https:\/\/schema.org\",\"@graph\":[{\"@type\":\"WebPage\",\"@id\":\"https:\/\/akerkimya.com\/eticaret\/urun\/kalsine-alumina\/\",\"url\":\"https:\/\/akerkimya.com\/eticaret\/urun\/kalsine-alumina\/\",\"name\":\"KALS\u0130NE AL\u00dcM\u0130NA - Akerkimya\",\"isPartOf\":{\"@id\":\"https:\/\/akerkimya.com\/eticaret\/#website\"},\"datePublished\":\"2024-12-28T21:14:27+00:00\",\"dateModified\":\"2026-03-29T23:23:43+00:00\",\"breadcrumb\":{\"@id\":\"https:\/\/akerkimya.com\/eticaret\/urun\/kalsine-alumina\/#breadcrumb\"},\"inLanguage\":\"tr\",\"potentialAction\":[{\"@type\":\"ReadAction\",\"target\":[\"https:\/\/akerkimya.com\/eticaret\/urun\/kalsine-alumina\/\"]}]},{\"@type\":\"BreadcrumbList\",\"@id\":\"https:\/\/akerkimya.com\/eticaret\/urun\/kalsine-alumina\/#breadcrumb\",\"itemListElement\":[{\"@type\":\"ListItem\",\"position\":1,\"name\":\"Home\",\"item\":\"https:\/\/akerkimya.com\/eticaret\/\"},{\"@type\":\"ListItem\",\"position\":2,\"name\":\"Market\",\"item\":\"https:\/\/akerkimya.com\/eticaret\/market\/\"},{\"@type\":\"ListItem\",\"position\":3,\"name\":\"KALS\u0130NE AL\u00dcM\u0130NA\"}]},{\"@type\":\"WebSite\",\"@id\":\"https:\/\/akerkimya.com\/eticaret\/#website\",\"url\":\"https:\/\/akerkimya.com\/eticaret\/\",\"name\":\"Akerkimya\",\"description\":\"\",\"potentialAction\":[{\"@type\":\"SearchAction\",\"target\":{\"@type\":\"EntryPoint\",\"urlTemplate\":\"https:\/\/akerkimya.com\/eticaret\/?s={search_term_string}\"},\"query-input\":\"required name=search_term_string\"}],\"inLanguage\":\"tr\"}]}<\/script>\n<!-- \/ Yoast SEO Premium plugin. -->","yoast_head_json":{"title":"KALS\u0130NE AL\u00dcM\u0130NA - Akerkimya","robots":{"index":"index","follow":"follow","max-snippet":"max-snippet:-1","max-image-preview":"max-image-preview:large","max-video-preview":"max-video-preview:-1"},"canonical":"https:\/\/akerkimya.com\/eticaret\/urun\/kalsine-alumina\/","og_locale":"tr_TR","og_type":"article","og_title":"KALS\u0130NE AL\u00dcM\u0130NA","og_description":"KALS\u0130NE AL\u00dcM\u0130NA Kalsine al\u00fcminalar, Bayer Prosesi ile boksitin ar\u0131t\u0131lmas\u0131yla elde edilen al\u00fcminyum hidroksit (gibsit)` in \u0131s\u0131l i\u015flemiyle elde edilir. \u00a0","og_url":"https:\/\/akerkimya.com\/eticaret\/urun\/kalsine-alumina\/","og_site_name":"Akerkimya","article_modified_time":"2026-03-29T23:23:43+00:00","og_image":[{"width":1000,"height":1000,"url":"https:\/\/akerkimya.com\/eticaret\/wp-content\/uploads\/2024\/12\/KALSINE-ALUMINA-GUNCEL.png","type":"image\/png"}],"twitter_card":"summary_large_image","twitter_misc":{"Tahmini okuma s\u00fcresi":"1 dakika"},"schema":{"@context":"https:\/\/schema.org","@graph":[{"@type":"WebPage","@id":"https:\/\/akerkimya.com\/eticaret\/urun\/kalsine-alumina\/","url":"https:\/\/akerkimya.com\/eticaret\/urun\/kalsine-alumina\/","name":"KALS\u0130NE AL\u00dcM\u0130NA - Akerkimya","isPartOf":{"@id":"https:\/\/akerkimya.com\/eticaret\/#website"},"datePublished":"2024-12-28T21:14:27+00:00","dateModified":"2026-03-29T23:23:43+00:00","breadcrumb":{"@id":"https:\/\/akerkimya.com\/eticaret\/urun\/kalsine-alumina\/#breadcrumb"},"inLanguage":"tr","potentialAction":[{"@type":"ReadAction","target":["https:\/\/akerkimya.com\/eticaret\/urun\/kalsine-alumina\/"]}]},{"@type":"BreadcrumbList","@id":"https:\/\/akerkimya.com\/eticaret\/urun\/kalsine-alumina\/#breadcrumb","itemListElement":[{"@type":"ListItem","position":1,"name":"Home","item":"https:\/\/akerkimya.com\/eticaret\/"},{"@type":"ListItem","position":2,"name":"Market","item":"https:\/\/akerkimya.com\/eticaret\/market\/"},{"@type":"ListItem","position":3,"name":"KALS\u0130NE AL\u00dcM\u0130NA"}]},{"@type":"WebSite","@id":"https:\/\/akerkimya.com\/eticaret\/#website","url":"https:\/\/akerkimya.com\/eticaret\/","name":"Akerkimya","description":"","potentialAction":[{"@type":"SearchAction","target":{"@type":"EntryPoint","urlTemplate":"https:\/\/akerkimya.com\/eticaret\/?s={search_term_string}"},"query-input":"required name=search_term_string"}],"inLanguage":"tr"}]}},"_links":{"self":[{"href":"https:\/\/akerkimya.com\/eticaret\/wp-json\/wp\/v2\/product\/16094","targetHints":{"allow":["GET"]}}],"collection":[{"href":"https:\/\/akerkimya.com\/eticaret\/wp-json\/wp\/v2\/product"}],"about":[{"href":"https:\/\/akerkimya.com\/eticaret\/wp-json\/wp\/v2\/types\/product"}],"replies":[{"embeddable":true,"href":"https:\/\/akerkimya.com\/eticaret\/wp-json\/wp\/v2\/comments?post=16094"}],"version-history":[{"count":3,"href":"https:\/\/akerkimya.com\/eticaret\/wp-json\/wp\/v2\/product\/16094\/revisions"}],"predecessor-version":[{"id":18848,"href":"https:\/\/akerkimya.com\/eticaret\/wp-json\/wp\/v2\/product\/16094\/revisions\/18848"}],"wp:featuredmedia":[{"embeddable":true,"href":"https:\/\/akerkimya.com\/eticaret\/wp-json\/wp\/v2\/media\/16096"}],"wp:attachment":[{"href":"https:\/\/akerkimya.com\/eticaret\/wp-json\/wp\/v2\/media?parent=16094"}],"wp:term":[{"taxonomy":"product_cat","embeddable":true,"href":"https:\/\/akerkimya.com\/eticaret\/wp-json\/wp\/v2\/product_cat?post=16094"},{"taxonomy":"product_tag","embeddable":true,"href":"https:\/\/akerkimya.com\/eticaret\/wp-json\/wp\/v2\/product_tag?post=16094"}],"curies":[{"name":"wp","href":"https:\/\/api.w.org\/{rel}","templated":true}]}}