{"id":16103,"date":"2024-12-29T00:18:19","date_gmt":"2024-12-28T21:18:19","guid":{"rendered":"https:\/\/akerkimya.com\/eticaret\/?post_type=product&#038;p=16103"},"modified":"2026-03-30T02:23:43","modified_gmt":"2026-03-29T23:23:43","slug":"kalsine-kaolin","status":"publish","type":"product","link":"https:\/\/akerkimya.com\/eticaret\/urun\/kalsine-kaolin\/","title":{"rendered":"KALS\u0130NE KAOL\u0130N"},"content":{"rendered":"<h1>KALS\u0130NE KAOL\u0130N<\/h1>\n<p><strong>Kalsine Kaolin, kaolinin yakla\u015f\u0131k 1100 C \u2018 de \u0131s\u0131l i\u015fleme tabi tutularak \u00fcst\u00fcn optik ve fiziksel \u00f6zellikler kazand\u0131r\u0131ld\u0131\u011f\u0131 bir formudur. Is\u0131l i\u015flem ile kimyasal yap\u0131s\u0131ndaki ba\u011fl\u0131 hidroksil gruplar\u0131 ayr\u0131\u015ft\u0131r\u0131larak yass\u0131 tanecik yap\u0131s\u0131 amorf(g\u00f6zenekli) hale d\u00f6n\u00fc\u015ft\u00fcr\u00fcl\u00fcr.<\/strong><\/p>\n<p><strong>KALS\u0130NE KAOL\u0130N \u00d6ZELL\u0130KLER\u0130<\/strong><\/p>\n<p><strong>Kalsinasyon i\u015fleminden sonra beyazl\u0131k, sertlik ve yans\u0131t\u0131c\u0131l\u0131k de\u011ferleri artar.<\/strong><\/p>\n<p><strong>Kalsine i\u015fleminden sonra elektrik iletkenli\u011fi azal\u0131r.<\/strong><\/p>\n<p><strong>TiO2 ile ayn\u0131 tanecik boyutuna sahiptir.<\/strong><\/p>\n<p><strong>Boyan\u0131n reolojik \u00f6zelliklerini geli\u015ftirir.<\/strong><\/p>\n<p><strong>Boyan\u0131n korozyona ve yang\u0131na kar\u015f\u0131 dayan\u0131kl\u0131 olmas\u0131n\u0131 sa\u011flar.<\/strong><\/p>\n<p><strong>Depolama esnas\u0131na \u00e7\u00f6kme dayan\u0131m\u0131n\u0131 art\u0131r\u0131r.<\/strong><\/p>\n<p><strong>\u00c7ekme, kopma ve y\u0131rt\u0131lma mukavemetini art\u0131r\u0131r.<\/strong><\/p>\n<p><strong>Kaolinden maliyet olarak fazlad\u0131r ancak Titanyum Dioksite g\u00f6re \u00e7ok daha uygun fiyatl\u0131d\u0131r.<\/strong><\/p>\n<p><strong>\u00a0<\/strong><\/p>\n<p><strong>TEKN\u0130K \u00d6ZELL\u0130KLER\u0130<\/strong><\/p>\n<p><strong>D\u0130\u011eER \u0130S\u0130MLER\u0130: Kaolin Tozu, Kaolin Kalsine<\/strong><\/p>\n<p><strong>CAS NUMARASI: 1332-58-7<\/strong><\/p>\n<p><strong>G\u00d6R\u00dcN\u00dcM: Beyaz ince toz<\/strong><\/p>\n<p><strong>MOLEK\u00dcLER FORM\u00dcL: AI2O3.2SiO2<\/strong><\/p>\n<p><strong>SAFLIK: %92-93<\/strong><\/p>\n<p><strong>\u00a0<\/strong><\/p>\n<p><strong>KULLANIM ALANLARI<\/strong><\/p>\n<p><strong>Boyalarda opakl\u0131k ve renk dayan\u0131m\u0131n\u0131 artt\u0131rmak i\u00e7in kullan\u0131l\u0131r.<\/strong><\/p>\n<p><strong>Boyalarda Titanyum Dioksit\u2019 in kapat\u0131c\u0131l\u0131\u011f\u0131n\u0131 artt\u0131rmas\u0131nda kullan\u0131l\u0131r. Kullan\u0131ld\u0131\u011f\u0131nda TiO2 \u2018 den %20 \u2018 ye varan oranda tasarruf sa\u011flar.<\/strong><\/p>\n<p><strong>Otomobil lasti\u011fi, bisiklet i\u00e7 lasti\u011fi, lateks i\u015f eldivenleri, oto cam silecekleri ve kap\u0131 fitillerinde kullan\u0131l\u0131r.<\/strong><\/p>\n<p><strong>Kalsine Kaolin hidrofobik \u00f6zellik kazan\u0131r ve organiklerle daha uyumlu \u00e7al\u0131\u015f\u0131r. Bu nedenle kau\u00e7uk ve plastik gibi uygulamalarda kullan\u0131l\u0131r.<\/strong><\/p>\n<p><strong>Seramik yap\u0131m\u0131nda kullan\u0131l\u0131r.<\/strong><\/p>\n<p><strong>Kalsine edildi\u011finde sertli\u011fi artt\u0131\u011f\u0131ndan di\u015f macunu, otomobil ve yumu\u015fak materyallerde parlakl\u0131k art\u0131rmada kullan\u0131l\u0131r.<\/strong><\/p>\n<p><strong>Elektrik kablolar\u0131n\u0131n plastik kaplamas\u0131nda kullan\u0131l\u0131r.<\/strong><\/p>\n<p><strong>UV direncinden dolay\u0131 sera bah\u00e7elerine ve bah\u00e7e mobilyalar\u0131nda tercih edilir.<\/strong><\/p>\n<p><strong>Tar\u0131mda meyveler \u00fczerine p\u00fcsk\u00fcrt\u00fclerek zararl\u0131 canl\u0131lar\u0131 tahri\u015f etmede kullan\u0131l\u0131r.<\/strong><\/p>\n<p><strong>K\u00e2\u011f\u0131t kimya ve petrol kataliz\u00f6rlerde s\u0131k\u00e7a kullan\u0131l\u0131r.<\/strong><\/p>\n<p><strong>Yap\u0131 kimyasallar\u0131nda, s\u0131zd\u0131rmazl\u0131k elemanlar\u0131nda kullan\u0131l\u0131r.<\/strong><\/p>\n<p><strong>Yap\u0131\u015ft\u0131r\u0131c\u0131lar gibi \u00e7e\u015fitli end\u00fcstrilerde kullan\u0131l\u0131r.<\/strong><\/p>\n<p><strong>\u00a0<\/strong><\/p>\n<p><strong>AMBALAJ<\/strong><\/p>\n<p><strong>1-5-25 kg torbalar halinde <\/strong><\/p>\n<p><strong>\u00a0<\/strong><\/p>\n<p><strong>DEPOLAMA <\/strong><\/p>\n<p><strong>Serin ve kuru bir alanda muhafaza ediniz.<\/strong><\/p>\n<p><strong>\u00a0<\/strong><\/p>\n","protected":false},"excerpt":{"rendered":"<p>KALS\u0130NE KAOL\u0130N Kalsine Kaolin, kaolinin yakla\u015f\u0131k 1100 C \u2018 de \u0131s\u0131l i\u015fleme tabi tutularak \u00fcst\u00fcn optik ve fiziksel \u00f6zellikler kazand\u0131r\u0131ld\u0131\u011f\u0131<\/p>\n","protected":false},"featured_media":16104,"comment_status":"open","ping_status":"closed","template":"","meta":{"_joinchat":[]},"product_cat":[70,72,77,79],"product_tag":[],"class_list":{"0":"post-16103","1":"product","2":"type-product","3":"status-publish","4":"has-post-thumbnail","6":"product_cat-boya-ve-yapi-kimyasallar","7":"product_cat-cam-ve-seramik-kimyasallari","8":"product_cat-kablo-imalati-kimyasallari","9":"product_cat-tarim-kimyasallari","11":"first","12":"instock","13":"shipping-taxable","14":"purchasable","15":"product-type-variable"},"yoast_head":"<!-- This site is optimized with the Yoast SEO Premium plugin v20.2.1 (Yoast SEO v20.2.1) - https:\/\/yoast.com\/wordpress\/plugins\/seo\/ -->\n<title>KALS\u0130NE KAOL\u0130N - Akerkimya<\/title>\n<meta name=\"robots\" content=\"index, follow, max-snippet:-1, max-image-preview:large, max-video-preview:-1\" \/>\n<link rel=\"canonical\" href=\"https:\/\/akerkimya.com\/eticaret\/urun\/kalsine-kaolin\/\" \/>\n<meta property=\"og:locale\" content=\"tr_TR\" \/>\n<meta property=\"og:type\" content=\"article\" \/>\n<meta property=\"og:title\" content=\"KALS\u0130NE KAOL\u0130N\" \/>\n<meta property=\"og:description\" content=\"KALS\u0130NE KAOL\u0130N Kalsine Kaolin, kaolinin yakla\u015f\u0131k 1100 C \u2018 de \u0131s\u0131l i\u015fleme tabi tutularak \u00fcst\u00fcn optik ve fiziksel \u00f6zellikler kazand\u0131r\u0131ld\u0131\u011f\u0131\" \/>\n<meta property=\"og:url\" content=\"https:\/\/akerkimya.com\/eticaret\/urun\/kalsine-kaolin\/\" \/>\n<meta property=\"og:site_name\" content=\"Akerkimya\" \/>\n<meta property=\"article:modified_time\" content=\"2026-03-29T23:23:43+00:00\" \/>\n<meta property=\"og:image\" content=\"https:\/\/akerkimya.com\/eticaret\/wp-content\/uploads\/2024\/12\/KALSINE-KAOLIN-GUNCEL-.png\" \/>\n\t<meta property=\"og:image:width\" content=\"1000\" \/>\n\t<meta property=\"og:image:height\" content=\"1000\" \/>\n\t<meta property=\"og:image:type\" content=\"image\/png\" \/>\n<meta name=\"twitter:card\" content=\"summary_large_image\" \/>\n<meta name=\"twitter:label1\" content=\"Tahmini okuma s\u00fcresi\" \/>\n\t<meta name=\"twitter:data1\" content=\"2 dakika\" \/>\n<script type=\"application\/ld+json\" class=\"yoast-schema-graph\">{\"@context\":\"https:\/\/schema.org\",\"@graph\":[{\"@type\":\"WebPage\",\"@id\":\"https:\/\/akerkimya.com\/eticaret\/urun\/kalsine-kaolin\/\",\"url\":\"https:\/\/akerkimya.com\/eticaret\/urun\/kalsine-kaolin\/\",\"name\":\"KALS\u0130NE KAOL\u0130N - Akerkimya\",\"isPartOf\":{\"@id\":\"https:\/\/akerkimya.com\/eticaret\/#website\"},\"datePublished\":\"2024-12-28T21:18:19+00:00\",\"dateModified\":\"2026-03-29T23:23:43+00:00\",\"breadcrumb\":{\"@id\":\"https:\/\/akerkimya.com\/eticaret\/urun\/kalsine-kaolin\/#breadcrumb\"},\"inLanguage\":\"tr\",\"potentialAction\":[{\"@type\":\"ReadAction\",\"target\":[\"https:\/\/akerkimya.com\/eticaret\/urun\/kalsine-kaolin\/\"]}]},{\"@type\":\"BreadcrumbList\",\"@id\":\"https:\/\/akerkimya.com\/eticaret\/urun\/kalsine-kaolin\/#breadcrumb\",\"itemListElement\":[{\"@type\":\"ListItem\",\"position\":1,\"name\":\"Home\",\"item\":\"https:\/\/akerkimya.com\/eticaret\/\"},{\"@type\":\"ListItem\",\"position\":2,\"name\":\"Market\",\"item\":\"https:\/\/akerkimya.com\/eticaret\/market\/\"},{\"@type\":\"ListItem\",\"position\":3,\"name\":\"KALS\u0130NE KAOL\u0130N\"}]},{\"@type\":\"WebSite\",\"@id\":\"https:\/\/akerkimya.com\/eticaret\/#website\",\"url\":\"https:\/\/akerkimya.com\/eticaret\/\",\"name\":\"Akerkimya\",\"description\":\"\",\"potentialAction\":[{\"@type\":\"SearchAction\",\"target\":{\"@type\":\"EntryPoint\",\"urlTemplate\":\"https:\/\/akerkimya.com\/eticaret\/?s={search_term_string}\"},\"query-input\":\"required name=search_term_string\"}],\"inLanguage\":\"tr\"}]}<\/script>\n<!-- \/ Yoast SEO Premium plugin. -->","yoast_head_json":{"title":"KALS\u0130NE KAOL\u0130N - Akerkimya","robots":{"index":"index","follow":"follow","max-snippet":"max-snippet:-1","max-image-preview":"max-image-preview:large","max-video-preview":"max-video-preview:-1"},"canonical":"https:\/\/akerkimya.com\/eticaret\/urun\/kalsine-kaolin\/","og_locale":"tr_TR","og_type":"article","og_title":"KALS\u0130NE KAOL\u0130N","og_description":"KALS\u0130NE KAOL\u0130N Kalsine Kaolin, kaolinin yakla\u015f\u0131k 1100 C \u2018 de \u0131s\u0131l i\u015fleme tabi tutularak \u00fcst\u00fcn optik ve fiziksel \u00f6zellikler kazand\u0131r\u0131ld\u0131\u011f\u0131","og_url":"https:\/\/akerkimya.com\/eticaret\/urun\/kalsine-kaolin\/","og_site_name":"Akerkimya","article_modified_time":"2026-03-29T23:23:43+00:00","og_image":[{"width":1000,"height":1000,"url":"https:\/\/akerkimya.com\/eticaret\/wp-content\/uploads\/2024\/12\/KALSINE-KAOLIN-GUNCEL-.png","type":"image\/png"}],"twitter_card":"summary_large_image","twitter_misc":{"Tahmini okuma s\u00fcresi":"2 dakika"},"schema":{"@context":"https:\/\/schema.org","@graph":[{"@type":"WebPage","@id":"https:\/\/akerkimya.com\/eticaret\/urun\/kalsine-kaolin\/","url":"https:\/\/akerkimya.com\/eticaret\/urun\/kalsine-kaolin\/","name":"KALS\u0130NE KAOL\u0130N - Akerkimya","isPartOf":{"@id":"https:\/\/akerkimya.com\/eticaret\/#website"},"datePublished":"2024-12-28T21:18:19+00:00","dateModified":"2026-03-29T23:23:43+00:00","breadcrumb":{"@id":"https:\/\/akerkimya.com\/eticaret\/urun\/kalsine-kaolin\/#breadcrumb"},"inLanguage":"tr","potentialAction":[{"@type":"ReadAction","target":["https:\/\/akerkimya.com\/eticaret\/urun\/kalsine-kaolin\/"]}]},{"@type":"BreadcrumbList","@id":"https:\/\/akerkimya.com\/eticaret\/urun\/kalsine-kaolin\/#breadcrumb","itemListElement":[{"@type":"ListItem","position":1,"name":"Home","item":"https:\/\/akerkimya.com\/eticaret\/"},{"@type":"ListItem","position":2,"name":"Market","item":"https:\/\/akerkimya.com\/eticaret\/market\/"},{"@type":"ListItem","position":3,"name":"KALS\u0130NE KAOL\u0130N"}]},{"@type":"WebSite","@id":"https:\/\/akerkimya.com\/eticaret\/#website","url":"https:\/\/akerkimya.com\/eticaret\/","name":"Akerkimya","description":"","potentialAction":[{"@type":"SearchAction","target":{"@type":"EntryPoint","urlTemplate":"https:\/\/akerkimya.com\/eticaret\/?s={search_term_string}"},"query-input":"required name=search_term_string"}],"inLanguage":"tr"}]}},"_links":{"self":[{"href":"https:\/\/akerkimya.com\/eticaret\/wp-json\/wp\/v2\/product\/16103","targetHints":{"allow":["GET"]}}],"collection":[{"href":"https:\/\/akerkimya.com\/eticaret\/wp-json\/wp\/v2\/product"}],"about":[{"href":"https:\/\/akerkimya.com\/eticaret\/wp-json\/wp\/v2\/types\/product"}],"replies":[{"embeddable":true,"href":"https:\/\/akerkimya.com\/eticaret\/wp-json\/wp\/v2\/comments?post=16103"}],"version-history":[{"count":2,"href":"https:\/\/akerkimya.com\/eticaret\/wp-json\/wp\/v2\/product\/16103\/revisions"}],"predecessor-version":[{"id":16728,"href":"https:\/\/akerkimya.com\/eticaret\/wp-json\/wp\/v2\/product\/16103\/revisions\/16728"}],"wp:featuredmedia":[{"embeddable":true,"href":"https:\/\/akerkimya.com\/eticaret\/wp-json\/wp\/v2\/media\/16104"}],"wp:attachment":[{"href":"https:\/\/akerkimya.com\/eticaret\/wp-json\/wp\/v2\/media?parent=16103"}],"wp:term":[{"taxonomy":"product_cat","embeddable":true,"href":"https:\/\/akerkimya.com\/eticaret\/wp-json\/wp\/v2\/product_cat?post=16103"},{"taxonomy":"product_tag","embeddable":true,"href":"https:\/\/akerkimya.com\/eticaret\/wp-json\/wp\/v2\/product_tag?post=16103"}],"curies":[{"name":"wp","href":"https:\/\/api.w.org\/{rel}","templated":true}]}}