{"id":16121,"date":"2024-12-29T00:37:45","date_gmt":"2024-12-28T21:37:45","guid":{"rendered":"https:\/\/akerkimya.com\/eticaret\/?post_type=product&#038;p=16121"},"modified":"2026-03-30T02:23:43","modified_gmt":"2026-03-29T23:23:43","slug":"kalsiyum-bentonit","status":"publish","type":"product","link":"https:\/\/akerkimya.com\/eticaret\/urun\/kalsiyum-bentonit\/","title":{"rendered":"KALS\u0130YUM BENTON\u0130T"},"content":{"rendered":"<h1>KALS\u0130YUM BENTON\u0130T<\/h1>\n<p><strong>Kalsiyum Bentonit al\u00fcminyum ve magnezyumca zengin volkanik k\u00fcl, t\u00fcf ve lavlar\u0131n kimyasal ayr\u0131\u015fmas\u0131 ile ya da bozulmas\u0131yla olu\u015fmu\u015f \u00e7ok k\u00fc\u00e7\u00fck kristallere sahip kil minerallerinden olu\u015fmaktad\u0131r. A\u011f\u0131rl\u0131kl\u0131 olarak kolloidal silis yap\u0131dad\u0131r. Bir kil \u00e7e\u015fidi olan Kalsiyum Bentonit d\u00f6k\u00fcm sanayiinden ila\u00e7 sanayisine bir\u00e7ok alanda kullan\u0131lmaktad\u0131r.<\/strong><\/p>\n<p><strong>\u00a0<\/strong><\/p>\n<p><strong>KALS\u0130YUM BENTON\u0130T\u0130N \u00d6ZELL\u0130KLER\u0130<\/strong><\/p>\n<p><strong>Yumu\u015fak ve g\u00f6zenekli bir yap\u0131dad\u0131r.<\/strong><\/p>\n<p><strong>Kolayca \u015fekillendirilebilir bir kayad\u0131r.<\/strong><\/p>\n<p><strong>A\u00e7\u0131k renkli \u00f6zellik g\u00f6sterir.<\/strong><\/p>\n<p><strong>\u00c7ok ince tanelidir.<\/strong><\/p>\n<p><strong>Su ile temasa ge\u00e7ti\u011finde \u015fi\u015fme \u00f6zelli\u011fi g\u00f6sterir.<\/strong><\/p>\n<p><strong>Su ile temasa ge\u00e7ince be\u015f misli \u015fi\u015febiliyorsa o zaman ticari bentonit say\u0131lmaktad\u0131r.<\/strong><\/p>\n<p><strong>Emici \u00f6zelli\u011fe sahiptir.<\/strong><\/p>\n<p><strong>Berrakla\u015ft\u0131rma \u00f6zelli\u011fi vard\u0131r.<\/strong><\/p>\n<p><strong>\u00a0<\/strong><\/p>\n<p><strong>TEKN\u0130K \u00d6ZELL\u0130KLER<\/strong><\/p>\n<p><strong>GENEL FORM\u00dcL\u00dc: AI4S\u01308O20(OH)4Nh2o<\/strong><\/p>\n<p><strong>G\u00d6R\u00dcN\u00dcM: Beyaz, a\u00e7\u0131k sar\u0131, ye\u015filimt\u0131rak, pembemsi bej, a\u00e7\u0131k pembe<\/strong><\/p>\n<p><strong>KURU HALDEK\u0130 YO\u011eUNLU\u011eU: 2,7-2,8 g.cm3<\/strong><\/p>\n<p><strong>\u00a0<\/strong><\/p>\n<p><strong>\u00a0KULLANIM ALANLARI<\/strong><\/p>\n<p><strong>Kedi kumunda kullan\u0131lan kal\u0131n taneli bentonit emici \u00f6zeli\u011fi sayesinde idrar\u0131 ve kokuyu i\u00e7ine hapsederek nemlili\u011fi ve \u00e7amurlulu\u011fu \u00f6nler.<\/strong><\/p>\n<p><strong>\u00c7imento harc\u0131n\u0131n stabil olmas\u0131n\u0131 sa\u011flamak i\u00e7in kullan\u0131l\u0131r.<\/strong><\/p>\n<p><strong>\u00c7imento ile suyun ayr\u0131\u015fmas\u0131n\u0131 minimuma indirerek \u00e7imentoya dayan\u0131kl\u0131l\u0131k kazand\u0131r\u0131r.<\/strong><\/p>\n<p><strong>Kedi kumunda kullan\u0131lan ince taneli bentonit ise idrarla temas etti\u011finde topakla\u015f\u0131r. Bu \u00f6zelli\u011fi sayesinde idrar\u0131 kedi kumundan temizlemek kolayla\u015f\u0131r.<\/strong><\/p>\n<p><strong>Meyve suyu ve \u015farap gibi i\u00e7eceklerin durultma i\u015flemlerinde kullan\u0131l\u0131r. Bulan\u0131kl\u0131k yapan maddeleri emerek dibe \u00e7\u00f6kmesini sa\u011flar.<\/strong><\/p>\n<p><strong>G\u0131da sekt\u00f6r\u00fcnde berrakla\u015ft\u0131rma amac\u0131yla kullan\u0131l\u0131r.<\/strong><\/p>\n<p><strong>Yem katk\u0131s\u0131 olarak da kullan\u0131lmaktad\u0131r.<\/strong><\/p>\n<p><strong>Sondaj ve d\u00f6k\u00fcm sanayisinde kullan\u0131lmaktad\u0131r.<\/strong><\/p>\n<p><strong>\u00a0<\/strong><\/p>\n<p><strong>AMBALAJ<\/strong><\/p>\n<p><strong>1-5-25 kg torbalar halinde<\/strong><\/p>\n<p><strong>\u00a0<\/strong><\/p>\n<p><strong>\u00a0DEPOLAMA<\/strong><\/p>\n<p><strong>G\u00fcne\u015f \u0131\u015f\u0131\u011f\u0131na temas etmeyen kuru ve serin yerlerde muhafaza ediniz.<\/strong><\/p>\n<p><strong>\u00a0<\/strong><\/p>\n<p><strong>\u00a0<\/strong><\/p>\n","protected":false},"excerpt":{"rendered":"<p>KALS\u0130YUM BENTON\u0130T Kalsiyum Bentonit al\u00fcminyum ve magnezyumca zengin volkanik k\u00fcl, t\u00fcf ve lavlar\u0131n kimyasal ayr\u0131\u015fmas\u0131 ile ya da bozulmas\u0131yla olu\u015fmu\u015f<\/p>\n","protected":false},"featured_media":16122,"comment_status":"open","ping_status":"closed","template":"","meta":{"_joinchat":[]},"product_cat":[70,76,81],"product_tag":[],"class_list":{"0":"post-16121","1":"product","2":"type-product","3":"status-publish","4":"has-post-thumbnail","6":"product_cat-boya-ve-yapi-kimyasallar","7":"product_cat-gida-ve-katki-kimyasallari","8":"product_cat-yem-katki-kimyasallari","10":"first","11":"instock","12":"shipping-taxable","13":"purchasable","14":"product-type-variable"},"yoast_head":"<!-- This site is optimized with the Yoast SEO Premium plugin v20.2.1 (Yoast SEO v20.2.1) - https:\/\/yoast.com\/wordpress\/plugins\/seo\/ -->\n<title>KALS\u0130YUM BENTON\u0130T - Akerkimya<\/title>\n<meta name=\"robots\" content=\"index, follow, max-snippet:-1, max-image-preview:large, max-video-preview:-1\" \/>\n<link rel=\"canonical\" href=\"https:\/\/akerkimya.com\/eticaret\/urun\/kalsiyum-bentonit\/\" \/>\n<meta property=\"og:locale\" content=\"tr_TR\" \/>\n<meta property=\"og:type\" content=\"article\" \/>\n<meta property=\"og:title\" content=\"KALS\u0130YUM BENTON\u0130T\" \/>\n<meta property=\"og:description\" content=\"KALS\u0130YUM BENTON\u0130T Kalsiyum Bentonit al\u00fcminyum ve magnezyumca zengin volkanik k\u00fcl, t\u00fcf ve lavlar\u0131n kimyasal ayr\u0131\u015fmas\u0131 ile ya da bozulmas\u0131yla olu\u015fmu\u015f\" \/>\n<meta property=\"og:url\" content=\"https:\/\/akerkimya.com\/eticaret\/urun\/kalsiyum-bentonit\/\" \/>\n<meta property=\"og:site_name\" content=\"Akerkimya\" \/>\n<meta property=\"article:modified_time\" content=\"2026-03-29T23:23:43+00:00\" \/>\n<meta property=\"og:image\" content=\"https:\/\/akerkimya.com\/eticaret\/wp-content\/uploads\/2024\/12\/KALSIYUM-BENTONIT-GUNCEL.png\" \/>\n\t<meta property=\"og:image:width\" content=\"1000\" \/>\n\t<meta property=\"og:image:height\" content=\"1000\" \/>\n\t<meta property=\"og:image:type\" content=\"image\/png\" \/>\n<meta name=\"twitter:card\" content=\"summary_large_image\" \/>\n<meta name=\"twitter:label1\" content=\"Tahmini okuma s\u00fcresi\" \/>\n\t<meta name=\"twitter:data1\" content=\"2 dakika\" \/>\n<script type=\"application\/ld+json\" class=\"yoast-schema-graph\">{\"@context\":\"https:\/\/schema.org\",\"@graph\":[{\"@type\":\"WebPage\",\"@id\":\"https:\/\/akerkimya.com\/eticaret\/urun\/kalsiyum-bentonit\/\",\"url\":\"https:\/\/akerkimya.com\/eticaret\/urun\/kalsiyum-bentonit\/\",\"name\":\"KALS\u0130YUM BENTON\u0130T - Akerkimya\",\"isPartOf\":{\"@id\":\"https:\/\/akerkimya.com\/eticaret\/#website\"},\"datePublished\":\"2024-12-28T21:37:45+00:00\",\"dateModified\":\"2026-03-29T23:23:43+00:00\",\"breadcrumb\":{\"@id\":\"https:\/\/akerkimya.com\/eticaret\/urun\/kalsiyum-bentonit\/#breadcrumb\"},\"inLanguage\":\"tr\",\"potentialAction\":[{\"@type\":\"ReadAction\",\"target\":[\"https:\/\/akerkimya.com\/eticaret\/urun\/kalsiyum-bentonit\/\"]}]},{\"@type\":\"BreadcrumbList\",\"@id\":\"https:\/\/akerkimya.com\/eticaret\/urun\/kalsiyum-bentonit\/#breadcrumb\",\"itemListElement\":[{\"@type\":\"ListItem\",\"position\":1,\"name\":\"Home\",\"item\":\"https:\/\/akerkimya.com\/eticaret\/\"},{\"@type\":\"ListItem\",\"position\":2,\"name\":\"Market\",\"item\":\"https:\/\/akerkimya.com\/eticaret\/market\/\"},{\"@type\":\"ListItem\",\"position\":3,\"name\":\"KALS\u0130YUM BENTON\u0130T\"}]},{\"@type\":\"WebSite\",\"@id\":\"https:\/\/akerkimya.com\/eticaret\/#website\",\"url\":\"https:\/\/akerkimya.com\/eticaret\/\",\"name\":\"Akerkimya\",\"description\":\"\",\"potentialAction\":[{\"@type\":\"SearchAction\",\"target\":{\"@type\":\"EntryPoint\",\"urlTemplate\":\"https:\/\/akerkimya.com\/eticaret\/?s={search_term_string}\"},\"query-input\":\"required name=search_term_string\"}],\"inLanguage\":\"tr\"}]}<\/script>\n<!-- \/ Yoast SEO Premium plugin. -->","yoast_head_json":{"title":"KALS\u0130YUM BENTON\u0130T - Akerkimya","robots":{"index":"index","follow":"follow","max-snippet":"max-snippet:-1","max-image-preview":"max-image-preview:large","max-video-preview":"max-video-preview:-1"},"canonical":"https:\/\/akerkimya.com\/eticaret\/urun\/kalsiyum-bentonit\/","og_locale":"tr_TR","og_type":"article","og_title":"KALS\u0130YUM BENTON\u0130T","og_description":"KALS\u0130YUM BENTON\u0130T Kalsiyum Bentonit al\u00fcminyum ve magnezyumca zengin volkanik k\u00fcl, t\u00fcf ve lavlar\u0131n kimyasal ayr\u0131\u015fmas\u0131 ile ya da bozulmas\u0131yla olu\u015fmu\u015f","og_url":"https:\/\/akerkimya.com\/eticaret\/urun\/kalsiyum-bentonit\/","og_site_name":"Akerkimya","article_modified_time":"2026-03-29T23:23:43+00:00","og_image":[{"width":1000,"height":1000,"url":"https:\/\/akerkimya.com\/eticaret\/wp-content\/uploads\/2024\/12\/KALSIYUM-BENTONIT-GUNCEL.png","type":"image\/png"}],"twitter_card":"summary_large_image","twitter_misc":{"Tahmini okuma s\u00fcresi":"2 dakika"},"schema":{"@context":"https:\/\/schema.org","@graph":[{"@type":"WebPage","@id":"https:\/\/akerkimya.com\/eticaret\/urun\/kalsiyum-bentonit\/","url":"https:\/\/akerkimya.com\/eticaret\/urun\/kalsiyum-bentonit\/","name":"KALS\u0130YUM BENTON\u0130T - Akerkimya","isPartOf":{"@id":"https:\/\/akerkimya.com\/eticaret\/#website"},"datePublished":"2024-12-28T21:37:45+00:00","dateModified":"2026-03-29T23:23:43+00:00","breadcrumb":{"@id":"https:\/\/akerkimya.com\/eticaret\/urun\/kalsiyum-bentonit\/#breadcrumb"},"inLanguage":"tr","potentialAction":[{"@type":"ReadAction","target":["https:\/\/akerkimya.com\/eticaret\/urun\/kalsiyum-bentonit\/"]}]},{"@type":"BreadcrumbList","@id":"https:\/\/akerkimya.com\/eticaret\/urun\/kalsiyum-bentonit\/#breadcrumb","itemListElement":[{"@type":"ListItem","position":1,"name":"Home","item":"https:\/\/akerkimya.com\/eticaret\/"},{"@type":"ListItem","position":2,"name":"Market","item":"https:\/\/akerkimya.com\/eticaret\/market\/"},{"@type":"ListItem","position":3,"name":"KALS\u0130YUM BENTON\u0130T"}]},{"@type":"WebSite","@id":"https:\/\/akerkimya.com\/eticaret\/#website","url":"https:\/\/akerkimya.com\/eticaret\/","name":"Akerkimya","description":"","potentialAction":[{"@type":"SearchAction","target":{"@type":"EntryPoint","urlTemplate":"https:\/\/akerkimya.com\/eticaret\/?s={search_term_string}"},"query-input":"required name=search_term_string"}],"inLanguage":"tr"}]}},"_links":{"self":[{"href":"https:\/\/akerkimya.com\/eticaret\/wp-json\/wp\/v2\/product\/16121","targetHints":{"allow":["GET"]}}],"collection":[{"href":"https:\/\/akerkimya.com\/eticaret\/wp-json\/wp\/v2\/product"}],"about":[{"href":"https:\/\/akerkimya.com\/eticaret\/wp-json\/wp\/v2\/types\/product"}],"replies":[{"embeddable":true,"href":"https:\/\/akerkimya.com\/eticaret\/wp-json\/wp\/v2\/comments?post=16121"}],"version-history":[{"count":3,"href":"https:\/\/akerkimya.com\/eticaret\/wp-json\/wp\/v2\/product\/16121\/revisions"}],"predecessor-version":[{"id":19140,"href":"https:\/\/akerkimya.com\/eticaret\/wp-json\/wp\/v2\/product\/16121\/revisions\/19140"}],"wp:featuredmedia":[{"embeddable":true,"href":"https:\/\/akerkimya.com\/eticaret\/wp-json\/wp\/v2\/media\/16122"}],"wp:attachment":[{"href":"https:\/\/akerkimya.com\/eticaret\/wp-json\/wp\/v2\/media?parent=16121"}],"wp:term":[{"taxonomy":"product_cat","embeddable":true,"href":"https:\/\/akerkimya.com\/eticaret\/wp-json\/wp\/v2\/product_cat?post=16121"},{"taxonomy":"product_tag","embeddable":true,"href":"https:\/\/akerkimya.com\/eticaret\/wp-json\/wp\/v2\/product_tag?post=16121"}],"curies":[{"name":"wp","href":"https:\/\/api.w.org\/{rel}","templated":true}]}}