{"id":16133,"date":"2024-12-29T00:47:42","date_gmt":"2024-12-28T21:47:42","guid":{"rendered":"https:\/\/akerkimya.com\/eticaret\/?post_type=product&#038;p=16133"},"modified":"2026-05-08T15:28:50","modified_gmt":"2026-05-08T12:28:50","slug":"kalsiyum-formiyat","status":"publish","type":"product","link":"https:\/\/akerkimya.com\/eticaret\/urun\/kalsiyum-formiyat\/","title":{"rendered":"KALS\u0130YUM FORM\u0130YAT"},"content":{"rendered":"<h1>KALS\u0130YUM FORM\u0130YAT<\/h1>\n<p><strong>Kalsiyum Format, formik asitin kalsiyum tuzudur. G\u00f6r\u00fcn\u00fcm\u00fc beyaz toz olan bu madde, y\u00fcksek s\u0131cakl\u0131kta bozunur. Molek\u00fcl a\u011f\u0131rl\u0131\u011f\u0131 130.12 g\/mol, yo\u011funlu\u011fu 20 \u00b0C\u2019de 1.15 g\/cm\u00b3 ve sudaki \u00e7\u00f6z\u00fcn\u00fcrl\u00fc\u011f\u00fc 20 \u00b0C\u2019de 16 g\/100g su olarak verilmi\u015ftir.<\/strong><\/p>\n<p><strong>Kalsiyum Format g\u0131da sanayinde E238 adl\u0131 katk\u0131 maddesi olarak da bilinir.<\/strong><\/p>\n<p><strong>KALS\u0130YUM FORM\u0130YAT TEKN\u0130K \u00d6ZELL\u0130KLER\u00a0<\/strong><\/p>\n<p><strong>CAS NO: 544-17-2<\/strong><\/p>\n<p><strong>G\u00d6R\u00dcN\u00dcM: Beyaz toz<\/strong><\/p>\n<p><strong>SAFLIK: %98 min.<\/strong><\/p>\n<p><strong>NEM: 0,5 max<\/strong><\/p>\n<p><strong>MOLEK\u00dcL A\u011eIRLIK: 130<\/strong><\/p>\n<p><strong>FORM\u00dcL: C2H2O4Ca<\/strong><\/p>\n<p><strong>\u00a0<\/strong><\/p>\n<p><strong>KULLANIM ALANLARI<\/strong><\/p>\n<p><strong>Kalsiyum format, \u00e7imento esasl\u0131 \u00fcr\u00fcnlerde priz h\u0131zland\u0131r\u0131c\u0131 olarak kullan\u0131lan, m\u00fckemmel ak\u0131\u015fkanl\u0131\u011fa sahip beyaz kristaldir.<\/strong><\/p>\n<p><strong>Is\u0131 yal\u0131t\u0131m harc\u0131, fayans yap\u0131\u015ft\u0131r\u0131c\u0131s\u0131, \u00e7imento esasl\u0131 s\u0131va, tamir harc\u0131 vb. Kuru\u00a0 har\u00e7 \u00fcr\u00fcnlerinde, erken dayan\u0131m\u0131 artt\u0131rmak i\u00e7in y\u00fcksek al\u00fcmina \u00e7imento ve al\u00e7\u0131ta\u015f\u0131 genellikle p\u0131ht\u0131la\u015ft\u0131r\u0131c\u0131 olarak kullan\u0131l\u0131r(d\u00fc\u015f\u00fck s\u0131cakl\u0131kta ayr\u0131ca antifriz eklemek i\u00e7in de gereklidir)Kalsiyum format, \u00e7imento sertle\u015fme h\u0131z\u0131n\u0131 h\u0131zland\u0131ran, erken mukavemeti iyile\u015ftiren ve k\u0131\u015f\u0131n harc\u0131n yava\u015f ayar h\u0131z\u0131ndan ka\u00e7\u0131nabilen yeni bir priz h\u0131zland\u0131r\u0131c\u0131 t\u00fcr\u00fc olarak kullan\u0131l\u0131r.B\u00f6ylece har\u00e7 m\u00fcmk\u00fcn oldu\u011funca erken kullan\u0131lmal\u0131d\u0131r,\u00f6zellikle erken dayan\u0131ma katk\u0131da bulunur.<\/strong><\/p>\n<p><strong>D\u00fc\u015f\u00fck s\u0131caklarda \u00e7imento-har\u00e7 gecikmesini ayarlar.<\/strong><\/p>\n<p><strong>Betonun erken dayan\u0131m\u0131n\u0131 artt\u0131r\u0131r.<\/strong><\/p>\n<p><strong>Deri sekt\u00f6r\u00fcnde \u00a0tabaklamada kullan\u0131l\u0131r.<\/strong><\/p>\n<p><strong>G\u0131da sekt\u00f6r\u00fcnde E238 ad\u0131yla katk\u0131 maddesi olarak kullan\u0131l\u0131r.<\/strong><\/p>\n<p><strong>\u00a0<\/strong><\/p>\n<p><strong>\u00d6ZELL\u0130KLER\u0130<\/strong><\/p>\n<p><strong>Kalsiyum format, tri kalsiyum al\u00fcminat silikat olu\u015fumunu h\u0131zland\u0131rarak hem sertle\u015ftirme hem de sertle\u015fme s\u00fcresinde etkili olan beton, kuru har\u00e7 ve fayans yap\u0131\u015ft\u0131r\u0131c\u0131lar\u0131nda kullan\u0131labilir. Kalsiyum Format\u0131n dozaj\u0131na ba\u011fl\u0131 olarak, \u0131slak harc\u0131n ba\u015flang\u0131\u00e7taki i\u015flenebilirli\u011fini de g\u00fc\u00e7l\u00fc bir \u015fekilde de\u011fi\u015ftirebilir.<\/strong><\/p>\n<p><strong>AMBALAJ<\/strong><\/p>\n<p><strong>1-5-25 kg torbalar halinde<\/strong><\/p>\n<p><strong>\u00a0<\/strong><\/p>\n<p><strong>\u00a0DEPOLAMA<\/strong><\/p>\n<p><strong>G\u00fcne\u015f \u0131\u015f\u0131\u011f\u0131na temas etmeyen kuru ve serin yerlerde muhafaza ediniz.<\/strong><\/p>\n<p><strong>\u00a0<\/strong><\/p>\n","protected":false},"excerpt":{"rendered":"<p>KALS\u0130YUM FORM\u0130YAT Kalsiyum Format, formik asitin kalsiyum tuzudur. G\u00f6r\u00fcn\u00fcm\u00fc beyaz toz olan bu madde, y\u00fcksek s\u0131cakl\u0131kta bozunur. Molek\u00fcl a\u011f\u0131rl\u0131\u011f\u0131 130.12<\/p>\n","protected":false},"featured_media":16134,"comment_status":"open","ping_status":"closed","template":"","meta":{"_joinchat":[]},"product_cat":[70,73,76],"product_tag":[],"class_list":{"0":"post-16133","1":"product","2":"type-product","3":"status-publish","4":"has-post-thumbnail","6":"product_cat-boya-ve-yapi-kimyasallar","7":"product_cat-deri-ve-tekstil-kimyasallari","8":"product_cat-gida-ve-katki-kimyasallari","10":"first","11":"instock","12":"shipping-taxable","13":"purchasable","14":"product-type-variable"},"yoast_head":"<!-- This site is optimized with the Yoast SEO Premium plugin v20.2.1 (Yoast SEO v20.2.1) - https:\/\/yoast.com\/wordpress\/plugins\/seo\/ -->\n<title>KALS\u0130YUM FORM\u0130YAT - Akerkimya<\/title>\n<meta name=\"robots\" content=\"index, follow, max-snippet:-1, max-image-preview:large, max-video-preview:-1\" \/>\n<link rel=\"canonical\" href=\"https:\/\/akerkimya.com\/eticaret\/urun\/kalsiyum-formiyat\/\" \/>\n<meta property=\"og:locale\" content=\"tr_TR\" \/>\n<meta property=\"og:type\" content=\"article\" \/>\n<meta property=\"og:title\" content=\"KALS\u0130YUM FORM\u0130YAT\" \/>\n<meta property=\"og:description\" content=\"KALS\u0130YUM FORM\u0130YAT Kalsiyum Format, formik asitin kalsiyum tuzudur. G\u00f6r\u00fcn\u00fcm\u00fc beyaz toz olan bu madde, y\u00fcksek s\u0131cakl\u0131kta bozunur. Molek\u00fcl a\u011f\u0131rl\u0131\u011f\u0131 130.12\" \/>\n<meta property=\"og:url\" content=\"https:\/\/akerkimya.com\/eticaret\/urun\/kalsiyum-formiyat\/\" \/>\n<meta property=\"og:site_name\" content=\"Akerkimya\" \/>\n<meta property=\"article:modified_time\" content=\"2026-05-08T12:28:50+00:00\" \/>\n<meta property=\"og:image\" content=\"https:\/\/akerkimya.com\/eticaret\/wp-content\/uploads\/2024\/12\/KALSIYUM-FORMIYAT-GUNCEL.png\" \/>\n\t<meta property=\"og:image:width\" content=\"1000\" \/>\n\t<meta property=\"og:image:height\" content=\"1000\" \/>\n\t<meta property=\"og:image:type\" content=\"image\/png\" \/>\n<meta name=\"twitter:card\" content=\"summary_large_image\" \/>\n<meta name=\"twitter:label1\" content=\"Tahmini okuma s\u00fcresi\" \/>\n\t<meta name=\"twitter:data1\" content=\"2 dakika\" \/>\n<script type=\"application\/ld+json\" class=\"yoast-schema-graph\">{\"@context\":\"https:\/\/schema.org\",\"@graph\":[{\"@type\":\"WebPage\",\"@id\":\"https:\/\/akerkimya.com\/eticaret\/urun\/kalsiyum-formiyat\/\",\"url\":\"https:\/\/akerkimya.com\/eticaret\/urun\/kalsiyum-formiyat\/\",\"name\":\"KALS\u0130YUM FORM\u0130YAT - Akerkimya\",\"isPartOf\":{\"@id\":\"https:\/\/akerkimya.com\/eticaret\/#website\"},\"datePublished\":\"2024-12-28T21:47:42+00:00\",\"dateModified\":\"2026-05-08T12:28:50+00:00\",\"breadcrumb\":{\"@id\":\"https:\/\/akerkimya.com\/eticaret\/urun\/kalsiyum-formiyat\/#breadcrumb\"},\"inLanguage\":\"tr\",\"potentialAction\":[{\"@type\":\"ReadAction\",\"target\":[\"https:\/\/akerkimya.com\/eticaret\/urun\/kalsiyum-formiyat\/\"]}]},{\"@type\":\"BreadcrumbList\",\"@id\":\"https:\/\/akerkimya.com\/eticaret\/urun\/kalsiyum-formiyat\/#breadcrumb\",\"itemListElement\":[{\"@type\":\"ListItem\",\"position\":1,\"name\":\"Home\",\"item\":\"https:\/\/akerkimya.com\/eticaret\/\"},{\"@type\":\"ListItem\",\"position\":2,\"name\":\"Market\",\"item\":\"https:\/\/akerkimya.com\/eticaret\/market\/\"},{\"@type\":\"ListItem\",\"position\":3,\"name\":\"KALS\u0130YUM FORM\u0130YAT\"}]},{\"@type\":\"WebSite\",\"@id\":\"https:\/\/akerkimya.com\/eticaret\/#website\",\"url\":\"https:\/\/akerkimya.com\/eticaret\/\",\"name\":\"Akerkimya\",\"description\":\"\",\"potentialAction\":[{\"@type\":\"SearchAction\",\"target\":{\"@type\":\"EntryPoint\",\"urlTemplate\":\"https:\/\/akerkimya.com\/eticaret\/?s={search_term_string}\"},\"query-input\":\"required name=search_term_string\"}],\"inLanguage\":\"tr\"}]}<\/script>\n<!-- \/ Yoast SEO Premium plugin. -->","yoast_head_json":{"title":"KALS\u0130YUM FORM\u0130YAT - Akerkimya","robots":{"index":"index","follow":"follow","max-snippet":"max-snippet:-1","max-image-preview":"max-image-preview:large","max-video-preview":"max-video-preview:-1"},"canonical":"https:\/\/akerkimya.com\/eticaret\/urun\/kalsiyum-formiyat\/","og_locale":"tr_TR","og_type":"article","og_title":"KALS\u0130YUM FORM\u0130YAT","og_description":"KALS\u0130YUM FORM\u0130YAT Kalsiyum Format, formik asitin kalsiyum tuzudur. G\u00f6r\u00fcn\u00fcm\u00fc beyaz toz olan bu madde, y\u00fcksek s\u0131cakl\u0131kta bozunur. Molek\u00fcl a\u011f\u0131rl\u0131\u011f\u0131 130.12","og_url":"https:\/\/akerkimya.com\/eticaret\/urun\/kalsiyum-formiyat\/","og_site_name":"Akerkimya","article_modified_time":"2026-05-08T12:28:50+00:00","og_image":[{"width":1000,"height":1000,"url":"https:\/\/akerkimya.com\/eticaret\/wp-content\/uploads\/2024\/12\/KALSIYUM-FORMIYAT-GUNCEL.png","type":"image\/png"}],"twitter_card":"summary_large_image","twitter_misc":{"Tahmini okuma s\u00fcresi":"2 dakika"},"schema":{"@context":"https:\/\/schema.org","@graph":[{"@type":"WebPage","@id":"https:\/\/akerkimya.com\/eticaret\/urun\/kalsiyum-formiyat\/","url":"https:\/\/akerkimya.com\/eticaret\/urun\/kalsiyum-formiyat\/","name":"KALS\u0130YUM FORM\u0130YAT - Akerkimya","isPartOf":{"@id":"https:\/\/akerkimya.com\/eticaret\/#website"},"datePublished":"2024-12-28T21:47:42+00:00","dateModified":"2026-05-08T12:28:50+00:00","breadcrumb":{"@id":"https:\/\/akerkimya.com\/eticaret\/urun\/kalsiyum-formiyat\/#breadcrumb"},"inLanguage":"tr","potentialAction":[{"@type":"ReadAction","target":["https:\/\/akerkimya.com\/eticaret\/urun\/kalsiyum-formiyat\/"]}]},{"@type":"BreadcrumbList","@id":"https:\/\/akerkimya.com\/eticaret\/urun\/kalsiyum-formiyat\/#breadcrumb","itemListElement":[{"@type":"ListItem","position":1,"name":"Home","item":"https:\/\/akerkimya.com\/eticaret\/"},{"@type":"ListItem","position":2,"name":"Market","item":"https:\/\/akerkimya.com\/eticaret\/market\/"},{"@type":"ListItem","position":3,"name":"KALS\u0130YUM FORM\u0130YAT"}]},{"@type":"WebSite","@id":"https:\/\/akerkimya.com\/eticaret\/#website","url":"https:\/\/akerkimya.com\/eticaret\/","name":"Akerkimya","description":"","potentialAction":[{"@type":"SearchAction","target":{"@type":"EntryPoint","urlTemplate":"https:\/\/akerkimya.com\/eticaret\/?s={search_term_string}"},"query-input":"required name=search_term_string"}],"inLanguage":"tr"}]}},"_links":{"self":[{"href":"https:\/\/akerkimya.com\/eticaret\/wp-json\/wp\/v2\/product\/16133","targetHints":{"allow":["GET"]}}],"collection":[{"href":"https:\/\/akerkimya.com\/eticaret\/wp-json\/wp\/v2\/product"}],"about":[{"href":"https:\/\/akerkimya.com\/eticaret\/wp-json\/wp\/v2\/types\/product"}],"replies":[{"embeddable":true,"href":"https:\/\/akerkimya.com\/eticaret\/wp-json\/wp\/v2\/comments?post=16133"}],"version-history":[{"count":2,"href":"https:\/\/akerkimya.com\/eticaret\/wp-json\/wp\/v2\/product\/16133\/revisions"}],"predecessor-version":[{"id":16722,"href":"https:\/\/akerkimya.com\/eticaret\/wp-json\/wp\/v2\/product\/16133\/revisions\/16722"}],"wp:featuredmedia":[{"embeddable":true,"href":"https:\/\/akerkimya.com\/eticaret\/wp-json\/wp\/v2\/media\/16134"}],"wp:attachment":[{"href":"https:\/\/akerkimya.com\/eticaret\/wp-json\/wp\/v2\/media?parent=16133"}],"wp:term":[{"taxonomy":"product_cat","embeddable":true,"href":"https:\/\/akerkimya.com\/eticaret\/wp-json\/wp\/v2\/product_cat?post=16133"},{"taxonomy":"product_tag","embeddable":true,"href":"https:\/\/akerkimya.com\/eticaret\/wp-json\/wp\/v2\/product_tag?post=16133"}],"curies":[{"name":"wp","href":"https:\/\/api.w.org\/{rel}","templated":true}]}}