{"id":16140,"date":"2024-12-30T15:03:49","date_gmt":"2024-12-30T12:03:49","guid":{"rendered":"https:\/\/akerkimya.com\/eticaret\/?post_type=product&#038;p=16140"},"modified":"2026-03-30T02:23:43","modified_gmt":"2026-03-29T23:23:43","slug":"kalsiyum-hidroksit-caoh2","status":"publish","type":"product","link":"https:\/\/akerkimya.com\/eticaret\/urun\/kalsiyum-hidroksit-caoh2\/","title":{"rendered":"KALS\u0130YUM H\u0130DROKS\u0130T (CA(OH)2"},"content":{"rendered":"<h1>KALS\u0130YUM H\u0130DROKS\u0130T (CA(OH)2<\/h1>\n<p><strong>S\u00f6nmemi\u015f kirece su ilave edilmesiyle elde edilen kimyasal bile\u015fiktir. Kristal beyaz renkli toz halinde bulunur. Suda \u00e7\u00f6z\u00fcnd\u00fc\u011f\u00fcnde hamurumsu bir g\u00f6r\u00fcnt\u00fc veren bir alkalidir. 512 C\u2019 ye kadar \u0131s\u0131t\u0131l\u0131rsa bozularak suya ve kalsiyum oksite d\u00f6n\u00fc\u015f\u00fcr.<\/strong><\/p>\n<p><strong>\u00a0<\/strong><\/p>\n<p><strong>Ca(OH)2: min. 90 <\/strong><\/p>\n<p><strong>Toplam CaO + MgO: min. 91 min. 90 <\/strong><\/p>\n<p><strong>MgO: mak. 3 mak. 5 <\/strong><\/p>\n<p><strong>K\u0131zd\u0131rma kayb\u0131: mak. 4 mak.4 <\/strong><\/p>\n<p><strong>SO3: mak. 2 mak. 2 <\/strong><\/p>\n<p><strong>Serbest Su: mak. 1 mak. 2 <\/strong><\/p>\n<p><strong>Fiziksel Analiz De\u011ferleri\u00a0 % De\u011fer TS EN 459-1 <\/strong><\/p>\n<p><strong>200\u00b5 elek \u00fcst\u00fc: mak. 1 mak. 2 <\/strong><\/p>\n<p><strong>90 \u00b5 elek \u00fcst\u00fc: mak. 6 mak. 7 <\/strong><\/p>\n<p><strong>Birim Hacim K\u00fctlesi (kg\/dm3) : mak. 0,5 mak. 0,6 <\/strong><\/p>\n<p><strong>&#8211;\u00a0 Fiziksel ve Kimyasal Analizlerde TS EN 459-2 uygulanm\u0131\u015ft\u0131r.<\/strong><\/p>\n<p><strong>\u00a0<\/strong><\/p>\n<p><strong>TEKN\u0130K \u00d6ZELL\u0130KLER<\/strong><\/p>\n<p><strong>K\u0130MYASAL FORM\u00dcL\u00dc: Ca(OH)2<\/strong><\/p>\n<p><strong>MOLEK\u00dcL FORM\u00dcL\u00dc: 74.093 gr\/mol<\/strong><\/p>\n<p><strong>G\u00d6R\u00dcN\u00dcM: Beyaz toz<\/strong><\/p>\n<p><strong>KOKU: Kokusuz<\/strong><\/p>\n<p><strong>YO\u011eUNLUK: 2.211 gr\/cm3, kat\u0131<\/strong><\/p>\n<p><strong>ER\u0130ME NOKTASI: 580C<\/strong><\/p>\n<p><strong>\u00c7\u00d6Z\u00dcN\u00dcRL\u00dcK: Gliserin ve asitlerde \u00e7\u00f6z\u00fcn\u00fcr alkolde \u00e7\u00f6z\u00fcnmez.<\/strong><\/p>\n<p><strong>AS\u0130TL\u0130K: 12. 4<\/strong><\/p>\n<p><strong>\u00a0\u00a0\u00a0\u00a0\u00a0\u00a0\u00a0\u00a0\u00a0\u00a0\u00a0\u00a0\u00a0\u00a0\u00a0\u00a0\u00a0\u00a0\u00a0\u00a0\u00a0\u00a0\u00a0\u00a0\u00a0\u00a0\u00a0\u00a0\u00a0\u00a0 <\/strong><\/p>\n<p><strong>\u00a0<\/strong><\/p>\n<p><strong>\u00a0KULLANIM ALANLARI<\/strong><\/p>\n<p><strong>Su i\u00e7erisinde bulunan at\u0131klar\u0131 temizlemede ve topra\u011f\u0131 n\u00f6tralle\u015ftirmede kullan\u0131l\u0131r.<\/strong><\/p>\n<p><strong>\u015eehir hatlar\u0131ndaki asidik suyun i\u00e7erisinde bulundu\u011fu borulara zarar vermesini \u00f6nlemek i\u00e7in ph seviyesini y\u00fckseltmede kullan\u0131l\u0131r.<\/strong><\/p>\n<p><strong>K\u00e2\u011f\u0131t \u00fcretiminde odunun ka\u011f\u0131t hamuruna d\u00f6n\u00fc\u015ft\u00fcr\u00fclme s\u00fcrecinde kullan\u0131l\u0131r.<\/strong><\/p>\n<p><strong>Yap\u0131 kimyasallarda, har\u00e7 ve beton malzemelerde kullan\u0131l\u0131r.<\/strong><\/p>\n<p><strong>Petrol ar\u0131tma end\u00fcstrisinde kullan\u0131l\u0131r.<\/strong><\/p>\n<p><strong>Akvaryumlarda salyangoz, algler ve mercanlar gibi canl\u0131lar\u0131n ya\u015famas\u0131 i\u00e7in biyolojik dengeyi sa\u011flamada kullan\u0131l\u0131r.<\/strong><\/p>\n<p><strong>G\u0131dalarda ve alkoll\u00fc i\u00e7eceklerde kullan\u0131l\u0131r.<\/strong><\/p>\n<p><strong>\u015eeker sanayiinde \u015fekerin \u015feker kam\u0131\u015f\u0131ndan ayr\u0131\u015ft\u0131r\u0131lmas\u0131nda kullan\u0131l\u0131r.<\/strong><\/p>\n<p><strong>Bebek s\u00fctlerinin kalsiyum oran\u0131n\u0131 artt\u0131rmada kullan\u0131l\u0131r.<\/strong><\/p>\n<p><strong>Meyve sular\u0131n\u0131 kuvvetlendirme amac\u0131yla kullan\u0131l\u0131r.<\/strong><\/p>\n<p><strong>Di\u015f hekimli\u011finde kanal tedavisinde ge\u00e7ici kanal dolgu olarak kullan\u0131l\u0131r.<\/strong><\/p>\n<p><strong>T\u00fcy d\u00f6k\u00fcc\u00fc kremlerde hammadde olarak kullan\u0131l\u0131r.<\/strong><\/p>\n<p><strong>Tekstil sekt\u00f6r\u00fcnde a\u011fart\u0131c\u0131larda ve deri tabaklama sanayisinde kullan\u0131l\u0131r.<\/strong><\/p>\n<p><strong>\u00a0<\/strong><\/p>\n<p><strong>AMBALAJ<\/strong><\/p>\n<p><strong>1-5-25 kg torbalar halinde<\/strong><\/p>\n<p><strong>\u00a0<\/strong><\/p>\n<p><strong>\u00a0DEPOLAMA<\/strong><\/p>\n<p><strong>G\u00fcne\u015f \u0131\u015f\u0131\u011f\u0131na temas etmeyen kuru ve serin yerlerde muhafaza ediniz.<\/strong><\/p>\n<p><strong>\u00a0<\/strong><\/p>\n","protected":false},"excerpt":{"rendered":"<p>KALS\u0130YUM H\u0130DROKS\u0130T (CA(OH)2 S\u00f6nmemi\u015f kirece su ilave edilmesiyle elde edilen kimyasal bile\u015fiktir. Kristal beyaz renkli toz halinde bulunur. Suda \u00e7\u00f6z\u00fcnd\u00fc\u011f\u00fcnde<\/p>\n","protected":false},"featured_media":16141,"comment_status":"open","ping_status":"closed","template":"","meta":{"_joinchat":[]},"product_cat":[70,73],"product_tag":[],"class_list":{"0":"post-16140","1":"product","2":"type-product","3":"status-publish","4":"has-post-thumbnail","6":"product_cat-boya-ve-yapi-kimyasallar","7":"product_cat-deri-ve-tekstil-kimyasallari","9":"first","10":"instock","11":"shipping-taxable","12":"purchasable","13":"product-type-variable"},"yoast_head":"<!-- This site is optimized with the Yoast SEO Premium plugin v20.2.1 (Yoast SEO v20.2.1) - https:\/\/yoast.com\/wordpress\/plugins\/seo\/ -->\n<title>KALS\u0130YUM H\u0130DROKS\u0130T (CA(OH)2 - Akerkimya<\/title>\n<meta name=\"robots\" content=\"index, follow, max-snippet:-1, max-image-preview:large, max-video-preview:-1\" \/>\n<link rel=\"canonical\" href=\"https:\/\/akerkimya.com\/eticaret\/urun\/kalsiyum-hidroksit-caoh2\/\" \/>\n<meta property=\"og:locale\" content=\"tr_TR\" \/>\n<meta property=\"og:type\" content=\"article\" \/>\n<meta property=\"og:title\" content=\"KALS\u0130YUM H\u0130DROKS\u0130T (CA(OH)2\" \/>\n<meta property=\"og:description\" content=\"KALS\u0130YUM H\u0130DROKS\u0130T (CA(OH)2 S\u00f6nmemi\u015f kirece su ilave edilmesiyle elde edilen kimyasal bile\u015fiktir. Kristal beyaz renkli toz halinde bulunur. Suda \u00e7\u00f6z\u00fcnd\u00fc\u011f\u00fcnde\" \/>\n<meta property=\"og:url\" content=\"https:\/\/akerkimya.com\/eticaret\/urun\/kalsiyum-hidroksit-caoh2\/\" \/>\n<meta property=\"og:site_name\" content=\"Akerkimya\" \/>\n<meta property=\"article:modified_time\" content=\"2026-03-29T23:23:43+00:00\" \/>\n<meta property=\"og:image\" content=\"https:\/\/akerkimya.com\/eticaret\/wp-content\/uploads\/2024\/12\/kalsiyum-hidroksit-guncel-.png\" \/>\n\t<meta property=\"og:image:width\" content=\"1000\" \/>\n\t<meta property=\"og:image:height\" content=\"1000\" \/>\n\t<meta property=\"og:image:type\" content=\"image\/png\" \/>\n<meta name=\"twitter:card\" content=\"summary_large_image\" \/>\n<meta name=\"twitter:label1\" content=\"Tahmini okuma s\u00fcresi\" \/>\n\t<meta name=\"twitter:data1\" content=\"2 dakika\" \/>\n<script type=\"application\/ld+json\" class=\"yoast-schema-graph\">{\"@context\":\"https:\/\/schema.org\",\"@graph\":[{\"@type\":\"WebPage\",\"@id\":\"https:\/\/akerkimya.com\/eticaret\/urun\/kalsiyum-hidroksit-caoh2\/\",\"url\":\"https:\/\/akerkimya.com\/eticaret\/urun\/kalsiyum-hidroksit-caoh2\/\",\"name\":\"KALS\u0130YUM H\u0130DROKS\u0130T (CA(OH)2 - Akerkimya\",\"isPartOf\":{\"@id\":\"https:\/\/akerkimya.com\/eticaret\/#website\"},\"datePublished\":\"2024-12-30T12:03:49+00:00\",\"dateModified\":\"2026-03-29T23:23:43+00:00\",\"breadcrumb\":{\"@id\":\"https:\/\/akerkimya.com\/eticaret\/urun\/kalsiyum-hidroksit-caoh2\/#breadcrumb\"},\"inLanguage\":\"tr\",\"potentialAction\":[{\"@type\":\"ReadAction\",\"target\":[\"https:\/\/akerkimya.com\/eticaret\/urun\/kalsiyum-hidroksit-caoh2\/\"]}]},{\"@type\":\"BreadcrumbList\",\"@id\":\"https:\/\/akerkimya.com\/eticaret\/urun\/kalsiyum-hidroksit-caoh2\/#breadcrumb\",\"itemListElement\":[{\"@type\":\"ListItem\",\"position\":1,\"name\":\"Home\",\"item\":\"https:\/\/akerkimya.com\/eticaret\/\"},{\"@type\":\"ListItem\",\"position\":2,\"name\":\"Market\",\"item\":\"https:\/\/akerkimya.com\/eticaret\/market\/\"},{\"@type\":\"ListItem\",\"position\":3,\"name\":\"KALS\u0130YUM H\u0130DROKS\u0130T (CA(OH)2\"}]},{\"@type\":\"WebSite\",\"@id\":\"https:\/\/akerkimya.com\/eticaret\/#website\",\"url\":\"https:\/\/akerkimya.com\/eticaret\/\",\"name\":\"Akerkimya\",\"description\":\"\",\"potentialAction\":[{\"@type\":\"SearchAction\",\"target\":{\"@type\":\"EntryPoint\",\"urlTemplate\":\"https:\/\/akerkimya.com\/eticaret\/?s={search_term_string}\"},\"query-input\":\"required name=search_term_string\"}],\"inLanguage\":\"tr\"}]}<\/script>\n<!-- \/ Yoast SEO Premium plugin. -->","yoast_head_json":{"title":"KALS\u0130YUM H\u0130DROKS\u0130T (CA(OH)2 - Akerkimya","robots":{"index":"index","follow":"follow","max-snippet":"max-snippet:-1","max-image-preview":"max-image-preview:large","max-video-preview":"max-video-preview:-1"},"canonical":"https:\/\/akerkimya.com\/eticaret\/urun\/kalsiyum-hidroksit-caoh2\/","og_locale":"tr_TR","og_type":"article","og_title":"KALS\u0130YUM H\u0130DROKS\u0130T (CA(OH)2","og_description":"KALS\u0130YUM H\u0130DROKS\u0130T (CA(OH)2 S\u00f6nmemi\u015f kirece su ilave edilmesiyle elde edilen kimyasal bile\u015fiktir. Kristal beyaz renkli toz halinde bulunur. Suda \u00e7\u00f6z\u00fcnd\u00fc\u011f\u00fcnde","og_url":"https:\/\/akerkimya.com\/eticaret\/urun\/kalsiyum-hidroksit-caoh2\/","og_site_name":"Akerkimya","article_modified_time":"2026-03-29T23:23:43+00:00","og_image":[{"width":1000,"height":1000,"url":"https:\/\/akerkimya.com\/eticaret\/wp-content\/uploads\/2024\/12\/kalsiyum-hidroksit-guncel-.png","type":"image\/png"}],"twitter_card":"summary_large_image","twitter_misc":{"Tahmini okuma s\u00fcresi":"2 dakika"},"schema":{"@context":"https:\/\/schema.org","@graph":[{"@type":"WebPage","@id":"https:\/\/akerkimya.com\/eticaret\/urun\/kalsiyum-hidroksit-caoh2\/","url":"https:\/\/akerkimya.com\/eticaret\/urun\/kalsiyum-hidroksit-caoh2\/","name":"KALS\u0130YUM H\u0130DROKS\u0130T (CA(OH)2 - Akerkimya","isPartOf":{"@id":"https:\/\/akerkimya.com\/eticaret\/#website"},"datePublished":"2024-12-30T12:03:49+00:00","dateModified":"2026-03-29T23:23:43+00:00","breadcrumb":{"@id":"https:\/\/akerkimya.com\/eticaret\/urun\/kalsiyum-hidroksit-caoh2\/#breadcrumb"},"inLanguage":"tr","potentialAction":[{"@type":"ReadAction","target":["https:\/\/akerkimya.com\/eticaret\/urun\/kalsiyum-hidroksit-caoh2\/"]}]},{"@type":"BreadcrumbList","@id":"https:\/\/akerkimya.com\/eticaret\/urun\/kalsiyum-hidroksit-caoh2\/#breadcrumb","itemListElement":[{"@type":"ListItem","position":1,"name":"Home","item":"https:\/\/akerkimya.com\/eticaret\/"},{"@type":"ListItem","position":2,"name":"Market","item":"https:\/\/akerkimya.com\/eticaret\/market\/"},{"@type":"ListItem","position":3,"name":"KALS\u0130YUM H\u0130DROKS\u0130T (CA(OH)2"}]},{"@type":"WebSite","@id":"https:\/\/akerkimya.com\/eticaret\/#website","url":"https:\/\/akerkimya.com\/eticaret\/","name":"Akerkimya","description":"","potentialAction":[{"@type":"SearchAction","target":{"@type":"EntryPoint","urlTemplate":"https:\/\/akerkimya.com\/eticaret\/?s={search_term_string}"},"query-input":"required name=search_term_string"}],"inLanguage":"tr"}]}},"_links":{"self":[{"href":"https:\/\/akerkimya.com\/eticaret\/wp-json\/wp\/v2\/product\/16140","targetHints":{"allow":["GET"]}}],"collection":[{"href":"https:\/\/akerkimya.com\/eticaret\/wp-json\/wp\/v2\/product"}],"about":[{"href":"https:\/\/akerkimya.com\/eticaret\/wp-json\/wp\/v2\/types\/product"}],"replies":[{"embeddable":true,"href":"https:\/\/akerkimya.com\/eticaret\/wp-json\/wp\/v2\/comments?post=16140"}],"version-history":[{"count":2,"href":"https:\/\/akerkimya.com\/eticaret\/wp-json\/wp\/v2\/product\/16140\/revisions"}],"predecessor-version":[{"id":16721,"href":"https:\/\/akerkimya.com\/eticaret\/wp-json\/wp\/v2\/product\/16140\/revisions\/16721"}],"wp:featuredmedia":[{"embeddable":true,"href":"https:\/\/akerkimya.com\/eticaret\/wp-json\/wp\/v2\/media\/16141"}],"wp:attachment":[{"href":"https:\/\/akerkimya.com\/eticaret\/wp-json\/wp\/v2\/media?parent=16140"}],"wp:term":[{"taxonomy":"product_cat","embeddable":true,"href":"https:\/\/akerkimya.com\/eticaret\/wp-json\/wp\/v2\/product_cat?post=16140"},{"taxonomy":"product_tag","embeddable":true,"href":"https:\/\/akerkimya.com\/eticaret\/wp-json\/wp\/v2\/product_tag?post=16140"}],"curies":[{"name":"wp","href":"https:\/\/api.w.org\/{rel}","templated":true}]}}