{"id":16159,"date":"2024-12-30T15:21:13","date_gmt":"2024-12-30T12:21:13","guid":{"rendered":"https:\/\/akerkimya.com\/eticaret\/?post_type=product&#038;p=16159"},"modified":"2026-05-08T15:06:12","modified_gmt":"2026-05-08T12:06:12","slug":"kalsiyum-ligno-sulfonat","status":"publish","type":"product","link":"https:\/\/akerkimya.com\/eticaret\/urun\/kalsiyum-ligno-sulfonat\/","title":{"rendered":"KALS\u0130YUM L\u0130GNO S\u00dcLFONAT"},"content":{"rendered":"<h1>KALS\u0130YUM L\u0130GNO S\u00dcLFONAT<\/h1>\n<p><strong>Kalsiyum ligno s\u00fclfonat s\u00fclfiroz asit pulping at\u0131klar\u0131 ile i\u015flenmi\u015f bir t\u00fcr do\u011fal anyonik y\u00fczey aktif ajan\u0131d\u0131r.<\/strong><\/p>\n<p><strong>\u00a0<\/strong><\/p>\n<p><strong>TEKN\u0130K\u00a0\u00d6ZELL\u0130KLER<\/strong><\/p>\n<p><strong>CAS NO: 8061-52-7<\/strong><\/p>\n<p><strong>G\u00d6R\u00dcN\u00dcM: A\u00e7\u0131k Kahverengi<\/strong><\/p>\n<p><strong>KURU MADDE: %95<\/strong><\/p>\n<p><strong>PH: 4-6<\/strong><\/p>\n<p><strong>K\u00dcL: %12<\/strong><\/p>\n<p><strong>NEM: % 6<\/strong><\/p>\n<p><strong>SUDA \u00c7\u00d6Z\u00dcNMEYEN: %0,08<\/strong><\/p>\n<p><strong>\u00a0<\/strong><\/p>\n<p><strong>\u00a0KULLANIM ALANLARI<\/strong><\/p>\n<p><strong>Calsiyum ligno s\u00fclfonat, seramik end\u00fcstrisinde seramik katk\u0131 maddeleri olarak yayg\u0131n olarak kullan\u0131lmaktad\u0131r.\u00a0K\u00f6m\u00fcr macunu imalat\u0131nda ve madencilik ve maden i\u015fleme endr\u00fcsrilerinde.<\/strong><\/p>\n<p><strong>Betonda su azalt\u0131c\u0131 madde olarak %0,25-0,30 oran\u0131nda kullan\u0131larak betonda% 15 su kullan\u0131m\u0131n\u0131 azalt\u0131r.<\/strong><\/p>\n<p><strong>Yap\u0131 ve tekstil sekt\u00f6r\u00fcnde yap\u0131\u015ft\u0131r\u0131c\u0131 imalat\u0131nda kullan\u0131l\u0131r.<\/strong><\/p>\n<p><strong>Besleme \u00e7iftlik havyalar\u0131 ve kanatl\u0131 k\u00fcmes hayvan yemlerinde pelet ba\u011flay\u0131c\u0131 \u00f6zeli\u011finde yararlan\u0131l\u0131r.<\/strong><\/p>\n<p><strong>Tar\u0131m sekt\u00f6r\u00fcnde pestisitleri da\u011f\u0131t\u0131c\u0131 maddeler ve g\u00fcbrelerde ba\u011flay\u0131c\u0131 olarak kullan\u0131l\u0131r.<\/strong><\/p>\n<p><strong>Vitamin katk\u0131s\u0131 olarak kullan\u0131l\u0131r.<\/strong><\/p>\n<p><strong>Tu\u011fla imalat refrakterlerinde ba\u011flay\u0131c\u0131 ve dispersiyon olarak kullan\u0131l\u0131r.<\/strong><\/p>\n<p><strong>\u00a0<\/strong><\/p>\n<p><strong>AMBALAJ<\/strong><\/p>\n<p><strong>1-5-25 kg torbalar halinde<\/strong><\/p>\n<p><strong>\u00a0<\/strong><\/p>\n<p><strong>\u00a0DEPOLAMA<\/strong><\/p>\n<p><strong>G\u00fcne\u015f \u0131\u015f\u0131\u011f\u0131na temas etmeyen kuru ve serin yerlerde muhafaza ediniz.<\/strong><\/p>\n<p><strong>\u00a0<\/strong><\/p>\n<p><strong>\u00a0<\/strong><\/p>\n","protected":false},"excerpt":{"rendered":"<p>KALS\u0130YUM L\u0130GNO S\u00dcLFONAT Kalsiyum ligno s\u00fclfonat s\u00fclfiroz asit pulping at\u0131klar\u0131 ile i\u015flenmi\u015f bir t\u00fcr do\u011fal anyonik y\u00fczey aktif ajan\u0131d\u0131r. \u00a0<\/p>\n","protected":false},"featured_media":16160,"comment_status":"open","ping_status":"closed","template":"","meta":{"_joinchat":[]},"product_cat":[70,72,73,79,80,81],"product_tag":[],"class_list":{"0":"post-16159","1":"product","2":"type-product","3":"status-publish","4":"has-post-thumbnail","6":"product_cat-boya-ve-yapi-kimyasallar","7":"product_cat-cam-ve-seramik-kimyasallari","8":"product_cat-deri-ve-tekstil-kimyasallari","9":"product_cat-tarim-kimyasallari","10":"product_cat-veteriner-ve-ilac-kimyasallari","11":"product_cat-yem-katki-kimyasallari","13":"first","14":"instock","15":"shipping-taxable","16":"purchasable","17":"product-type-variable"},"yoast_head":"<!-- This site is optimized with the Yoast SEO Premium plugin v20.2.1 (Yoast SEO v20.2.1) - https:\/\/yoast.com\/wordpress\/plugins\/seo\/ -->\n<title>KALS\u0130YUM L\u0130GNO S\u00dcLFONAT - Akerkimya<\/title>\n<meta name=\"robots\" content=\"index, follow, max-snippet:-1, max-image-preview:large, max-video-preview:-1\" \/>\n<link rel=\"canonical\" href=\"https:\/\/akerkimya.com\/eticaret\/urun\/kalsiyum-ligno-sulfonat\/\" \/>\n<meta property=\"og:locale\" content=\"tr_TR\" \/>\n<meta property=\"og:type\" content=\"article\" \/>\n<meta property=\"og:title\" content=\"KALS\u0130YUM L\u0130GNO S\u00dcLFONAT\" \/>\n<meta property=\"og:description\" content=\"KALS\u0130YUM L\u0130GNO S\u00dcLFONAT Kalsiyum ligno s\u00fclfonat s\u00fclfiroz asit pulping at\u0131klar\u0131 ile i\u015flenmi\u015f bir t\u00fcr do\u011fal anyonik y\u00fczey aktif ajan\u0131d\u0131r. \u00a0\" \/>\n<meta property=\"og:url\" content=\"https:\/\/akerkimya.com\/eticaret\/urun\/kalsiyum-ligno-sulfonat\/\" \/>\n<meta property=\"og:site_name\" content=\"Akerkimya\" \/>\n<meta property=\"article:modified_time\" content=\"2026-05-08T12:06:12+00:00\" \/>\n<meta property=\"og:image\" content=\"https:\/\/akerkimya.com\/eticaret\/wp-content\/uploads\/2024\/12\/KALSIYUM-LIGNO-SULFONAT-GUNCEL-.png\" \/>\n\t<meta property=\"og:image:width\" content=\"1000\" \/>\n\t<meta property=\"og:image:height\" content=\"1000\" \/>\n\t<meta property=\"og:image:type\" content=\"image\/png\" \/>\n<meta name=\"twitter:card\" content=\"summary_large_image\" \/>\n<meta name=\"twitter:label1\" content=\"Tahmini okuma s\u00fcresi\" \/>\n\t<meta name=\"twitter:data1\" content=\"1 dakika\" \/>\n<script type=\"application\/ld+json\" class=\"yoast-schema-graph\">{\"@context\":\"https:\/\/schema.org\",\"@graph\":[{\"@type\":\"WebPage\",\"@id\":\"https:\/\/akerkimya.com\/eticaret\/urun\/kalsiyum-ligno-sulfonat\/\",\"url\":\"https:\/\/akerkimya.com\/eticaret\/urun\/kalsiyum-ligno-sulfonat\/\",\"name\":\"KALS\u0130YUM L\u0130GNO S\u00dcLFONAT - Akerkimya\",\"isPartOf\":{\"@id\":\"https:\/\/akerkimya.com\/eticaret\/#website\"},\"datePublished\":\"2024-12-30T12:21:13+00:00\",\"dateModified\":\"2026-05-08T12:06:12+00:00\",\"breadcrumb\":{\"@id\":\"https:\/\/akerkimya.com\/eticaret\/urun\/kalsiyum-ligno-sulfonat\/#breadcrumb\"},\"inLanguage\":\"tr\",\"potentialAction\":[{\"@type\":\"ReadAction\",\"target\":[\"https:\/\/akerkimya.com\/eticaret\/urun\/kalsiyum-ligno-sulfonat\/\"]}]},{\"@type\":\"BreadcrumbList\",\"@id\":\"https:\/\/akerkimya.com\/eticaret\/urun\/kalsiyum-ligno-sulfonat\/#breadcrumb\",\"itemListElement\":[{\"@type\":\"ListItem\",\"position\":1,\"name\":\"Home\",\"item\":\"https:\/\/akerkimya.com\/eticaret\/\"},{\"@type\":\"ListItem\",\"position\":2,\"name\":\"Market\",\"item\":\"https:\/\/akerkimya.com\/eticaret\/market\/\"},{\"@type\":\"ListItem\",\"position\":3,\"name\":\"KALS\u0130YUM L\u0130GNO S\u00dcLFONAT\"}]},{\"@type\":\"WebSite\",\"@id\":\"https:\/\/akerkimya.com\/eticaret\/#website\",\"url\":\"https:\/\/akerkimya.com\/eticaret\/\",\"name\":\"Akerkimya\",\"description\":\"\",\"potentialAction\":[{\"@type\":\"SearchAction\",\"target\":{\"@type\":\"EntryPoint\",\"urlTemplate\":\"https:\/\/akerkimya.com\/eticaret\/?s={search_term_string}\"},\"query-input\":\"required name=search_term_string\"}],\"inLanguage\":\"tr\"}]}<\/script>\n<!-- \/ Yoast SEO Premium plugin. -->","yoast_head_json":{"title":"KALS\u0130YUM L\u0130GNO S\u00dcLFONAT - Akerkimya","robots":{"index":"index","follow":"follow","max-snippet":"max-snippet:-1","max-image-preview":"max-image-preview:large","max-video-preview":"max-video-preview:-1"},"canonical":"https:\/\/akerkimya.com\/eticaret\/urun\/kalsiyum-ligno-sulfonat\/","og_locale":"tr_TR","og_type":"article","og_title":"KALS\u0130YUM L\u0130GNO S\u00dcLFONAT","og_description":"KALS\u0130YUM L\u0130GNO S\u00dcLFONAT Kalsiyum ligno s\u00fclfonat s\u00fclfiroz asit pulping at\u0131klar\u0131 ile i\u015flenmi\u015f bir t\u00fcr do\u011fal anyonik y\u00fczey aktif ajan\u0131d\u0131r. \u00a0","og_url":"https:\/\/akerkimya.com\/eticaret\/urun\/kalsiyum-ligno-sulfonat\/","og_site_name":"Akerkimya","article_modified_time":"2026-05-08T12:06:12+00:00","og_image":[{"width":1000,"height":1000,"url":"https:\/\/akerkimya.com\/eticaret\/wp-content\/uploads\/2024\/12\/KALSIYUM-LIGNO-SULFONAT-GUNCEL-.png","type":"image\/png"}],"twitter_card":"summary_large_image","twitter_misc":{"Tahmini okuma s\u00fcresi":"1 dakika"},"schema":{"@context":"https:\/\/schema.org","@graph":[{"@type":"WebPage","@id":"https:\/\/akerkimya.com\/eticaret\/urun\/kalsiyum-ligno-sulfonat\/","url":"https:\/\/akerkimya.com\/eticaret\/urun\/kalsiyum-ligno-sulfonat\/","name":"KALS\u0130YUM L\u0130GNO S\u00dcLFONAT - Akerkimya","isPartOf":{"@id":"https:\/\/akerkimya.com\/eticaret\/#website"},"datePublished":"2024-12-30T12:21:13+00:00","dateModified":"2026-05-08T12:06:12+00:00","breadcrumb":{"@id":"https:\/\/akerkimya.com\/eticaret\/urun\/kalsiyum-ligno-sulfonat\/#breadcrumb"},"inLanguage":"tr","potentialAction":[{"@type":"ReadAction","target":["https:\/\/akerkimya.com\/eticaret\/urun\/kalsiyum-ligno-sulfonat\/"]}]},{"@type":"BreadcrumbList","@id":"https:\/\/akerkimya.com\/eticaret\/urun\/kalsiyum-ligno-sulfonat\/#breadcrumb","itemListElement":[{"@type":"ListItem","position":1,"name":"Home","item":"https:\/\/akerkimya.com\/eticaret\/"},{"@type":"ListItem","position":2,"name":"Market","item":"https:\/\/akerkimya.com\/eticaret\/market\/"},{"@type":"ListItem","position":3,"name":"KALS\u0130YUM L\u0130GNO S\u00dcLFONAT"}]},{"@type":"WebSite","@id":"https:\/\/akerkimya.com\/eticaret\/#website","url":"https:\/\/akerkimya.com\/eticaret\/","name":"Akerkimya","description":"","potentialAction":[{"@type":"SearchAction","target":{"@type":"EntryPoint","urlTemplate":"https:\/\/akerkimya.com\/eticaret\/?s={search_term_string}"},"query-input":"required name=search_term_string"}],"inLanguage":"tr"}]}},"_links":{"self":[{"href":"https:\/\/akerkimya.com\/eticaret\/wp-json\/wp\/v2\/product\/16159","targetHints":{"allow":["GET"]}}],"collection":[{"href":"https:\/\/akerkimya.com\/eticaret\/wp-json\/wp\/v2\/product"}],"about":[{"href":"https:\/\/akerkimya.com\/eticaret\/wp-json\/wp\/v2\/types\/product"}],"replies":[{"embeddable":true,"href":"https:\/\/akerkimya.com\/eticaret\/wp-json\/wp\/v2\/comments?post=16159"}],"version-history":[{"count":2,"href":"https:\/\/akerkimya.com\/eticaret\/wp-json\/wp\/v2\/product\/16159\/revisions"}],"predecessor-version":[{"id":16718,"href":"https:\/\/akerkimya.com\/eticaret\/wp-json\/wp\/v2\/product\/16159\/revisions\/16718"}],"wp:featuredmedia":[{"embeddable":true,"href":"https:\/\/akerkimya.com\/eticaret\/wp-json\/wp\/v2\/media\/16160"}],"wp:attachment":[{"href":"https:\/\/akerkimya.com\/eticaret\/wp-json\/wp\/v2\/media?parent=16159"}],"wp:term":[{"taxonomy":"product_cat","embeddable":true,"href":"https:\/\/akerkimya.com\/eticaret\/wp-json\/wp\/v2\/product_cat?post=16159"},{"taxonomy":"product_tag","embeddable":true,"href":"https:\/\/akerkimya.com\/eticaret\/wp-json\/wp\/v2\/product_tag?post=16159"}],"curies":[{"name":"wp","href":"https:\/\/api.w.org\/{rel}","templated":true}]}}