{"id":16165,"date":"2024-12-30T15:35:58","date_gmt":"2024-12-30T12:35:58","guid":{"rendered":"https:\/\/akerkimya.com\/eticaret\/?post_type=product&#038;p=16165"},"modified":"2026-03-30T02:23:45","modified_gmt":"2026-03-29T23:23:45","slug":"kalsiyum-nitrat","status":"publish","type":"product","link":"https:\/\/akerkimya.com\/eticaret\/urun\/kalsiyum-nitrat\/","title":{"rendered":"KALS\u0130YUM N\u0130TRAT"},"content":{"rendered":"<h1>KALS\u0130YUM N\u0130TRAT<\/h1>\n<p><strong>Norve\u00e7 G\u00fcher\u00e7ilesi olarak da adland\u0131r\u0131l\u0131r. Beyaz renkli ve tanecikli yap\u0131da, iki besinli, suda kolayca \u00e7\u00f6z\u00fcnen ve bitki taraf\u0131ndan hemen al\u0131nabilen bir g\u00fcbredir. Bitkiler taraf\u0131ndan azot ve potasyumdan sonra en \u00e7ok t\u00fcketilen ikinci besindir.<\/strong><\/p>\n<p><strong>KALS\u0130YUM N\u0130TRAT \u00d6ZELL\u0130KLER\u0130<\/strong><\/p>\n<p><strong>\u0130norganik bir bile\u015fimdir.<\/strong><\/p>\n<p><strong>Nitrat azotu ve suda tamam\u0131 \u00e7\u00f6z\u00fcn\u00fcr kalsiyum bile\u015fimi ile ba\u015fka g\u00fcbrelerde bulunmayan bir\u00e7ok kazan\u0131m sa\u011flar.<\/strong><\/p>\n<p><strong>Bitkiler i\u00e7in gerekli iki ana besin elementi olan nitrat azotu ve kalsiyumu i\u00e7erdi\u011finden t\u00fcm bitkiler i\u00e7in en iyi se\u00e7imdir.<\/strong><\/p>\n<p><strong>Bitkilerin kalsiyum ve nitrat\u0131n beraber al\u0131nmas\u0131n\u0131 sa\u011flad\u0131\u011f\u0131ndan bitki k\u00f6k b\u00f6lgelerinde kal\u0131nt\u0131 b\u0131rakmaz.<\/strong><\/p>\n<p><strong>Toprakta tuzluluk yaratmaz.<\/strong><\/p>\n<p><strong>Bitkinin kalsiyum ihtiyac\u0131n\u0131n kar\u015f\u0131lanmas\u0131n\u0131 sa\u011flar.<\/strong><\/p>\n<p><strong>Toprakta tutulan di\u011fer besin maddelerinin faydal\u0131 hale gelmesini sa\u011flar.<\/strong><\/p>\n<p><strong>Topraktaki kil par\u00e7alar\u0131n\u0131 ayr\u0131\u015ft\u0131rarak topra\u011f\u0131n daha g\u00f6zenekli hale gelmesine yard\u0131mc\u0131 olur.<\/strong><\/p>\n<p><strong>Kalsiyum Nitrat verim ve kaliteyi artt\u0131r\u0131r.<\/strong><\/p>\n<p><strong>Ge\u00e7 hasat kay\u0131plar\u0131n\u0131 en aza indirir.<\/strong><\/p>\n<p><strong>Meyvelerin depolama ve raf \u00f6mr\u00fcn\u00fc uzat\u0131r.<\/strong><\/p>\n<p><strong>Buharla\u015fmaz, yakmaz ve y\u0131kanmaz.<\/strong><\/p>\n<p><strong>Alkalilik yaratmaz.<\/strong><\/p>\n<p><strong>Bir oksitleyici ajand\u0131r. Is\u0131ya ya da yang\u0131na uzun s\u00fcre maruz kalmas\u0131 durumunda\u00a0patlama yapabilir.<\/strong><\/p>\n<p><strong>Her \u00e7e\u015fit bitki ve meyvede yapraktan ya da topraktan direkt uygulanabilir.<\/strong><\/p>\n<p><strong>\u00a0<\/strong><\/p>\n<p><strong>TEKN\u0130K \u00d6ZELL\u0130KLER\u0130<\/strong><\/p>\n<p><strong>K\u0130MYASAL FORM\u00dcL\u00dc: Ca(NO3)2<\/strong><\/p>\n<p><strong>G\u00d6R\u00dcN\u00dcM\u00dc: Renksiz toz<\/strong><\/p>\n<p><strong>K\u0130MYASAL ADI: Kalsiyum Nitrat Tetrahdyrate<\/strong><\/p>\n<p><strong>\u00a0<\/strong><\/p>\n<p><strong>KULLANIM ALANLARI<\/strong><\/p>\n<p><strong>Kalsiyum Nitrat, bitkilerde fizyolojik hastal\u0131klar\u0131 kontrol etmek i\u00e7in kullan\u0131l\u0131r.<\/strong><\/p>\n<p><strong>At\u0131k su \u00f6n \u015fartland\u0131rmas\u0131nda koku emisyonunu \u00f6nlemek i\u00e7in kullan\u0131l\u0131r.<\/strong><\/p>\n<p><strong>Beton katk\u0131lar\u0131nda priz h\u0131zland\u0131r\u0131c\u0131 olarak kullan\u0131l\u0131r.<\/strong><\/p>\n<p><strong>Baz\u0131 plastikle\u015ftiricilerde de kullan\u0131l\u0131r.<\/strong><\/p>\n<p><strong>Lateks \u00fcretimindeki dald\u0131rma i\u015flemlerinde p\u0131ht\u0131la\u015ft\u0131r\u0131c\u0131 olarak kullan\u0131l\u0131r.<\/strong><\/p>\n<p><strong>Yenilenebilir so\u011fuk paketlerde kullan\u0131lmaktad\u0131r.<\/strong><\/p>\n<p><strong>Bile\u015fimindeki nitrat azotu sayesinde bitkilerin yeterli irili\u011fe ula\u015fmas\u0131n\u0131 sa\u011flar.<\/strong><\/p>\n<p><strong>Bitki dokular\u0131n\u0131 mantar ve enfeksiyon gibi zararl\u0131 etkenlerden korur.<\/strong><\/p>\n<p><strong>Bitkiye dayan\u0131kl\u0131l\u0131k kazand\u0131r\u0131r.<\/strong><\/p>\n<p><strong>Patlay\u0131c\u0131larda, piroteknikte ve g\u00fcbrelemede kullan\u0131l\u0131r.<\/strong><\/p>\n<p><strong>\u00a0<\/strong><\/p>\n<p><strong>\u00a0<\/strong><\/p>\n<p><strong>AMBALAJ<\/strong><\/p>\n<p><strong>1-5-25 kg torbalar halinde<\/strong><\/p>\n<p><strong>\u00a0<\/strong><\/p>\n<p><strong>\u00a0DEPOLAMA<\/strong><\/p>\n<p><strong>G\u00fcne\u015f \u0131\u015f\u0131\u011f\u0131na temas etmeyen kuru ve serin yerlerde muhafaza ediniz.<\/strong><\/p>\n<p><strong>\u00a0<\/strong><\/p>\n<p><strong>\u00a0<\/strong><\/p>\n","protected":false},"excerpt":{"rendered":"<p>KALS\u0130YUM N\u0130TRAT Norve\u00e7 G\u00fcher\u00e7ilesi olarak da adland\u0131r\u0131l\u0131r. Beyaz renkli ve tanecikli yap\u0131da, iki besinli, suda kolayca \u00e7\u00f6z\u00fcnen ve bitki taraf\u0131ndan<\/p>\n","protected":false},"featured_media":16166,"comment_status":"open","ping_status":"closed","template":"","meta":{"_joinchat":[]},"product_cat":[70,79],"product_tag":[],"class_list":{"0":"post-16165","1":"product","2":"type-product","3":"status-publish","4":"has-post-thumbnail","6":"product_cat-boya-ve-yapi-kimyasallar","7":"product_cat-tarim-kimyasallari","9":"first","10":"instock","11":"shipping-taxable","12":"purchasable","13":"product-type-variable"},"yoast_head":"<!-- This site is optimized with the Yoast SEO Premium plugin v20.2.1 (Yoast SEO v20.2.1) - https:\/\/yoast.com\/wordpress\/plugins\/seo\/ -->\n<title>KALS\u0130YUM N\u0130TRAT - Akerkimya<\/title>\n<meta name=\"robots\" content=\"index, follow, max-snippet:-1, max-image-preview:large, max-video-preview:-1\" \/>\n<link rel=\"canonical\" href=\"https:\/\/akerkimya.com\/eticaret\/urun\/kalsiyum-nitrat\/\" \/>\n<meta property=\"og:locale\" content=\"tr_TR\" \/>\n<meta property=\"og:type\" content=\"article\" \/>\n<meta property=\"og:title\" content=\"KALS\u0130YUM N\u0130TRAT\" \/>\n<meta property=\"og:description\" content=\"KALS\u0130YUM N\u0130TRAT Norve\u00e7 G\u00fcher\u00e7ilesi olarak da adland\u0131r\u0131l\u0131r. Beyaz renkli ve tanecikli yap\u0131da, iki besinli, suda kolayca \u00e7\u00f6z\u00fcnen ve bitki taraf\u0131ndan\" \/>\n<meta property=\"og:url\" content=\"https:\/\/akerkimya.com\/eticaret\/urun\/kalsiyum-nitrat\/\" \/>\n<meta property=\"og:site_name\" content=\"Akerkimya\" \/>\n<meta property=\"article:modified_time\" content=\"2026-03-29T23:23:45+00:00\" \/>\n<meta property=\"og:image\" content=\"https:\/\/akerkimya.com\/eticaret\/wp-content\/uploads\/2024\/12\/KALSIYUM-NITRAT-GUNCEL.png\" \/>\n\t<meta property=\"og:image:width\" content=\"1000\" \/>\n\t<meta property=\"og:image:height\" content=\"1000\" \/>\n\t<meta property=\"og:image:type\" content=\"image\/png\" \/>\n<meta name=\"twitter:card\" content=\"summary_large_image\" \/>\n<meta name=\"twitter:label1\" content=\"Tahmini okuma s\u00fcresi\" \/>\n\t<meta name=\"twitter:data1\" content=\"2 dakika\" \/>\n<script type=\"application\/ld+json\" class=\"yoast-schema-graph\">{\"@context\":\"https:\/\/schema.org\",\"@graph\":[{\"@type\":\"WebPage\",\"@id\":\"https:\/\/akerkimya.com\/eticaret\/urun\/kalsiyum-nitrat\/\",\"url\":\"https:\/\/akerkimya.com\/eticaret\/urun\/kalsiyum-nitrat\/\",\"name\":\"KALS\u0130YUM N\u0130TRAT - Akerkimya\",\"isPartOf\":{\"@id\":\"https:\/\/akerkimya.com\/eticaret\/#website\"},\"datePublished\":\"2024-12-30T12:35:58+00:00\",\"dateModified\":\"2026-03-29T23:23:45+00:00\",\"breadcrumb\":{\"@id\":\"https:\/\/akerkimya.com\/eticaret\/urun\/kalsiyum-nitrat\/#breadcrumb\"},\"inLanguage\":\"tr\",\"potentialAction\":[{\"@type\":\"ReadAction\",\"target\":[\"https:\/\/akerkimya.com\/eticaret\/urun\/kalsiyum-nitrat\/\"]}]},{\"@type\":\"BreadcrumbList\",\"@id\":\"https:\/\/akerkimya.com\/eticaret\/urun\/kalsiyum-nitrat\/#breadcrumb\",\"itemListElement\":[{\"@type\":\"ListItem\",\"position\":1,\"name\":\"Home\",\"item\":\"https:\/\/akerkimya.com\/eticaret\/\"},{\"@type\":\"ListItem\",\"position\":2,\"name\":\"Market\",\"item\":\"https:\/\/akerkimya.com\/eticaret\/market\/\"},{\"@type\":\"ListItem\",\"position\":3,\"name\":\"KALS\u0130YUM N\u0130TRAT\"}]},{\"@type\":\"WebSite\",\"@id\":\"https:\/\/akerkimya.com\/eticaret\/#website\",\"url\":\"https:\/\/akerkimya.com\/eticaret\/\",\"name\":\"Akerkimya\",\"description\":\"\",\"potentialAction\":[{\"@type\":\"SearchAction\",\"target\":{\"@type\":\"EntryPoint\",\"urlTemplate\":\"https:\/\/akerkimya.com\/eticaret\/?s={search_term_string}\"},\"query-input\":\"required name=search_term_string\"}],\"inLanguage\":\"tr\"}]}<\/script>\n<!-- \/ Yoast SEO Premium plugin. -->","yoast_head_json":{"title":"KALS\u0130YUM N\u0130TRAT - Akerkimya","robots":{"index":"index","follow":"follow","max-snippet":"max-snippet:-1","max-image-preview":"max-image-preview:large","max-video-preview":"max-video-preview:-1"},"canonical":"https:\/\/akerkimya.com\/eticaret\/urun\/kalsiyum-nitrat\/","og_locale":"tr_TR","og_type":"article","og_title":"KALS\u0130YUM N\u0130TRAT","og_description":"KALS\u0130YUM N\u0130TRAT Norve\u00e7 G\u00fcher\u00e7ilesi olarak da adland\u0131r\u0131l\u0131r. Beyaz renkli ve tanecikli yap\u0131da, iki besinli, suda kolayca \u00e7\u00f6z\u00fcnen ve bitki taraf\u0131ndan","og_url":"https:\/\/akerkimya.com\/eticaret\/urun\/kalsiyum-nitrat\/","og_site_name":"Akerkimya","article_modified_time":"2026-03-29T23:23:45+00:00","og_image":[{"width":1000,"height":1000,"url":"https:\/\/akerkimya.com\/eticaret\/wp-content\/uploads\/2024\/12\/KALSIYUM-NITRAT-GUNCEL.png","type":"image\/png"}],"twitter_card":"summary_large_image","twitter_misc":{"Tahmini okuma s\u00fcresi":"2 dakika"},"schema":{"@context":"https:\/\/schema.org","@graph":[{"@type":"WebPage","@id":"https:\/\/akerkimya.com\/eticaret\/urun\/kalsiyum-nitrat\/","url":"https:\/\/akerkimya.com\/eticaret\/urun\/kalsiyum-nitrat\/","name":"KALS\u0130YUM N\u0130TRAT - Akerkimya","isPartOf":{"@id":"https:\/\/akerkimya.com\/eticaret\/#website"},"datePublished":"2024-12-30T12:35:58+00:00","dateModified":"2026-03-29T23:23:45+00:00","breadcrumb":{"@id":"https:\/\/akerkimya.com\/eticaret\/urun\/kalsiyum-nitrat\/#breadcrumb"},"inLanguage":"tr","potentialAction":[{"@type":"ReadAction","target":["https:\/\/akerkimya.com\/eticaret\/urun\/kalsiyum-nitrat\/"]}]},{"@type":"BreadcrumbList","@id":"https:\/\/akerkimya.com\/eticaret\/urun\/kalsiyum-nitrat\/#breadcrumb","itemListElement":[{"@type":"ListItem","position":1,"name":"Home","item":"https:\/\/akerkimya.com\/eticaret\/"},{"@type":"ListItem","position":2,"name":"Market","item":"https:\/\/akerkimya.com\/eticaret\/market\/"},{"@type":"ListItem","position":3,"name":"KALS\u0130YUM N\u0130TRAT"}]},{"@type":"WebSite","@id":"https:\/\/akerkimya.com\/eticaret\/#website","url":"https:\/\/akerkimya.com\/eticaret\/","name":"Akerkimya","description":"","potentialAction":[{"@type":"SearchAction","target":{"@type":"EntryPoint","urlTemplate":"https:\/\/akerkimya.com\/eticaret\/?s={search_term_string}"},"query-input":"required name=search_term_string"}],"inLanguage":"tr"}]}},"_links":{"self":[{"href":"https:\/\/akerkimya.com\/eticaret\/wp-json\/wp\/v2\/product\/16165","targetHints":{"allow":["GET"]}}],"collection":[{"href":"https:\/\/akerkimya.com\/eticaret\/wp-json\/wp\/v2\/product"}],"about":[{"href":"https:\/\/akerkimya.com\/eticaret\/wp-json\/wp\/v2\/types\/product"}],"replies":[{"embeddable":true,"href":"https:\/\/akerkimya.com\/eticaret\/wp-json\/wp\/v2\/comments?post=16165"}],"version-history":[{"count":2,"href":"https:\/\/akerkimya.com\/eticaret\/wp-json\/wp\/v2\/product\/16165\/revisions"}],"predecessor-version":[{"id":16717,"href":"https:\/\/akerkimya.com\/eticaret\/wp-json\/wp\/v2\/product\/16165\/revisions\/16717"}],"wp:featuredmedia":[{"embeddable":true,"href":"https:\/\/akerkimya.com\/eticaret\/wp-json\/wp\/v2\/media\/16166"}],"wp:attachment":[{"href":"https:\/\/akerkimya.com\/eticaret\/wp-json\/wp\/v2\/media?parent=16165"}],"wp:term":[{"taxonomy":"product_cat","embeddable":true,"href":"https:\/\/akerkimya.com\/eticaret\/wp-json\/wp\/v2\/product_cat?post=16165"},{"taxonomy":"product_tag","embeddable":true,"href":"https:\/\/akerkimya.com\/eticaret\/wp-json\/wp\/v2\/product_tag?post=16165"}],"curies":[{"name":"wp","href":"https:\/\/api.w.org\/{rel}","templated":true}]}}