{"id":16190,"date":"2024-12-30T16:05:03","date_gmt":"2024-12-30T13:05:03","guid":{"rendered":"https:\/\/akerkimya.com\/eticaret\/?post_type=product&#038;p=16190"},"modified":"2026-03-30T02:23:45","modified_gmt":"2026-03-29T23:23:45","slug":"kaolin","status":"publish","type":"product","link":"https:\/\/akerkimya.com\/eticaret\/urun\/kaolin\/","title":{"rendered":"KAOL\u0130N"},"content":{"rendered":"<h1>KAOL\u0130N<\/h1>\n<p><strong>Kaolin ya da kaolen granit kaya\u00e7lardan elde edilen bir kil t\u00fcr\u00fcd\u00fcr. T\u00fcrkiye\u2019de ar\u0131 kil olarak da bilinmektedir. Granit kaya\u00e7lar feldspat minerallerini i\u00e7erir. Sert olan granit kaya\u00e7lar, atmosfer etkileri ve yer alt\u0131ndaki lavlar\u0131n s\u0131cakl\u0131\u011f\u0131n\u0131n etkisi ile ufalan\u0131r ve yumu\u015far bu uzun s\u00fcre\u00e7 sonucunda feldispat mineralleri kaoline d\u00f6n\u00fc\u015f\u00fcr. \u00c7ok \u00fcnl\u00fc \u00c7in porselenlerinin yap\u0131 maddesi de kaolindir.<\/strong><\/p>\n<p><strong>KAOL\u0130N \u00d6ZELL\u0130KLER\u0130<\/strong><strong><br \/>\n<\/strong><strong>Beyaz ve yumu\u015fak bir toprak t\u00fcr\u00fcd\u00fcr<\/strong><strong><br \/>\n<\/strong><strong>\u00c7ok iyi parlat\u0131c\u0131 \u00f6zelli\u011fe sahiptir.<\/strong><strong><br \/>\n<\/strong><strong>G\u00fc\u00e7lendirici ve maliyeti d\u00fc\u015f\u00fcr\u00fcc\u00fcd\u00fcr.<\/strong><strong><br \/>\n<\/strong><strong>Y\u00fcksek \u0131s\u0131 \u015fartlar\u0131na uygundur.<\/strong><strong><br \/>\n<\/strong><strong>Tar\u0131mda g\u00fcne\u015f \u0131\u015f\u0131\u011f\u0131n\u0131 yans\u0131tarak meyveleri g\u00fcne\u015fin yak\u0131c\u0131l\u0131\u011f\u0131ndan korur.<\/strong><strong><br \/>\n<\/strong><strong>Asit ve bazlara kar\u015f\u0131 diren\u00e7lidir.<\/strong><strong><br \/>\n<\/strong><strong>Emici \u00f6zelli\u011fi nedeniyle g\u0131da katk\u0131s\u0131 ve cilt bak\u0131m \u00fcr\u00fcnlerinde kullan\u0131l\u0131r.<\/strong><\/p>\n<p><strong>KAOL\u0130N TEKN\u0130K \u00d6ZELL\u0130KLER\u0130<\/strong><strong><br \/>\n<\/strong><strong>G\u00d6R\u00dcN\u00dc\u015e: TOZ<\/strong><strong><br \/>\n<\/strong><strong>RENK: BEYAZ<\/strong><strong><br \/>\n<\/strong><strong>D\u0130\u011eER \u0130S\u0130MLER\u0130: AL\u00dcM\u0130NYUM S\u0130L\u0130KAT<\/strong><strong><br \/>\n<\/strong><strong>FORM\u00dcL: AI2Si2O5(OH)4<\/strong><strong><br \/>\n<\/strong><strong>CAS NUMARASI: 1332-58-7<\/strong><\/p>\n<p><strong>KULLANIM ALANLARI<\/strong><strong><br \/>\n<\/strong><strong>K\u00e2\u011f\u0131t sanayisinde y\u00fcksek kalitede parlak k\u00e2\u011f\u0131tlar\u0131n \u00fcretilmesinde kullan\u0131l\u0131r.<\/strong><strong><br \/>\n<\/strong><strong>Petrol sekt\u00f6r\u00fcnde ise katalizlerin yap\u0131m\u0131nda kullan\u0131lmaktad\u0131r.<\/strong><strong><br \/>\n<\/strong><strong>Absorbe edici ve seyreltici olarak kullan\u0131l\u0131r.<\/strong><strong><br \/>\n<\/strong><strong>Su bazl\u0131 i\u00e7 ve d\u0131\u015f cephe boyalar\u0131nda kapat\u0131c\u0131l\u0131\u011f\u0131 artt\u0131rmak i\u00e7in titanyum dioksit ile birlikte kaolin kullan\u0131l\u0131r.<\/strong><strong><br \/>\n<\/strong><strong>Hidrofobik \u00f6zelli\u011finden dolay\u0131 PVC\u2019 lerin elektrik direncini artt\u0131rmak i\u00e7in kullan\u0131l\u0131r.<\/strong><strong><br \/>\n<\/strong><strong>Y\u00fcksek yo\u011funluktaki m\u00fcrekkeplerde parlakl\u0131\u011f\u0131 korumak i\u00e7in kullan\u0131l\u0131r.<\/strong><strong><br \/>\n<\/strong><strong>Plastiklerin g\u00fc\u00e7lendirilmesinde ve su izolasyonlar\u0131nda kullan\u0131l\u0131r.<\/strong><strong><br \/>\n<\/strong><strong>Cam elyaf\u0131n ana maddesidir. Al\u00fcminyum camlarda erime \u0131s\u0131s\u0131n\u0131 d\u00fc\u015f\u00fcrerek kristalize olmas\u0131n\u0131 \u00f6nler.<\/strong><strong><br \/>\n<\/strong><strong>Yap\u0131\u015ft\u0131r\u0131c\u0131larda daha kolay uygulama, yay\u0131lma ve viskozite etmek i\u00e7in tercih edilmektedir.<\/strong><strong><br \/>\n<\/strong><strong>Ziraat de a\u011fa\u00e7lara uygulanarak g\u00fcne\u015fi yans\u0131t\u0131r ve meyveleri g\u00fcne\u015fin yak\u0131c\u0131l\u0131\u011f\u0131ndan korumas\u0131 i\u00e7in kullan\u0131l\u0131r.<\/strong><strong><br \/>\n<\/strong><strong>Tar\u0131mda zeytin sine\u011fiyle m\u00fccadelede de kullan\u0131lmaktad\u0131r.<\/strong><strong><br \/>\n<\/strong><strong>Otomobillerde ve metal parlat\u0131c\u0131larda oksitlenmi\u015f y\u00fczeyleri temizlemek i\u00e7in kullan\u0131l\u0131r.<\/strong><strong><br \/>\n<\/strong><strong>Ayr\u0131ca ila\u00e7 sanayi, seramik, di\u015f macunu, yapay kau\u00e7uk, g\u00fcbre ve kozmetik \u00fcr\u00fcnlerinde kaolinden yararlan\u0131lmaktad\u0131r.<\/strong><\/p>\n<p><strong>\u00a0<\/strong><\/p>\n<p><strong>AMBALAJ<\/strong><\/p>\n<p><strong>1-5-25 kg torbalar halinde<\/strong><\/p>\n<p><strong>\u00a0<\/strong><\/p>\n<p><strong>\u00a0DEPOLAMA<\/strong><\/p>\n<p><strong>G\u00fcne\u015f \u0131\u015f\u0131\u011f\u0131na temas etmeyen kuru ve serin yerlerde muhafaza ediniz.<\/strong><\/p>\n<p><strong>\u00a0<\/strong><\/p>\n","protected":false},"excerpt":{"rendered":"<p>KAOL\u0130N Kaolin ya da kaolen granit kaya\u00e7lardan elde edilen bir kil t\u00fcr\u00fcd\u00fcr. T\u00fcrkiye\u2019de ar\u0131 kil olarak da bilinmektedir. Granit kaya\u00e7lar<\/p>\n","protected":false},"featured_media":16192,"comment_status":"open","ping_status":"closed","template":"","meta":{"_joinchat":[]},"product_cat":[70,72,79],"product_tag":[],"class_list":{"0":"post-16190","1":"product","2":"type-product","3":"status-publish","4":"has-post-thumbnail","6":"product_cat-boya-ve-yapi-kimyasallar","7":"product_cat-cam-ve-seramik-kimyasallari","8":"product_cat-tarim-kimyasallari","10":"first","11":"instock","12":"shipping-taxable","13":"purchasable","14":"product-type-variable"},"yoast_head":"<!-- This site is optimized with the Yoast SEO Premium plugin v20.2.1 (Yoast SEO v20.2.1) - https:\/\/yoast.com\/wordpress\/plugins\/seo\/ -->\n<title>KAOL\u0130N - Akerkimya<\/title>\n<meta name=\"robots\" content=\"index, follow, max-snippet:-1, max-image-preview:large, max-video-preview:-1\" \/>\n<link rel=\"canonical\" href=\"https:\/\/akerkimya.com\/eticaret\/urun\/kaolin\/\" \/>\n<meta property=\"og:locale\" content=\"tr_TR\" \/>\n<meta property=\"og:type\" content=\"article\" \/>\n<meta property=\"og:title\" content=\"KAOL\u0130N\" \/>\n<meta property=\"og:description\" content=\"KAOL\u0130N Kaolin ya da kaolen granit kaya\u00e7lardan elde edilen bir kil t\u00fcr\u00fcd\u00fcr. T\u00fcrkiye\u2019de ar\u0131 kil olarak da bilinmektedir. Granit kaya\u00e7lar\" \/>\n<meta property=\"og:url\" content=\"https:\/\/akerkimya.com\/eticaret\/urun\/kaolin\/\" \/>\n<meta property=\"og:site_name\" content=\"Akerkimya\" \/>\n<meta property=\"article:modified_time\" content=\"2026-03-29T23:23:45+00:00\" \/>\n<meta property=\"og:image\" content=\"https:\/\/akerkimya.com\/eticaret\/wp-content\/uploads\/2024\/12\/kaolin-guncel.png\" \/>\n\t<meta property=\"og:image:width\" content=\"1000\" \/>\n\t<meta property=\"og:image:height\" content=\"1000\" \/>\n\t<meta property=\"og:image:type\" content=\"image\/png\" \/>\n<meta name=\"twitter:card\" content=\"summary_large_image\" \/>\n<meta name=\"twitter:label1\" content=\"Tahmini okuma s\u00fcresi\" \/>\n\t<meta name=\"twitter:data1\" content=\"2 dakika\" \/>\n<script type=\"application\/ld+json\" class=\"yoast-schema-graph\">{\"@context\":\"https:\/\/schema.org\",\"@graph\":[{\"@type\":\"WebPage\",\"@id\":\"https:\/\/akerkimya.com\/eticaret\/urun\/kaolin\/\",\"url\":\"https:\/\/akerkimya.com\/eticaret\/urun\/kaolin\/\",\"name\":\"KAOL\u0130N - Akerkimya\",\"isPartOf\":{\"@id\":\"https:\/\/akerkimya.com\/eticaret\/#website\"},\"datePublished\":\"2024-12-30T13:05:03+00:00\",\"dateModified\":\"2026-03-29T23:23:45+00:00\",\"breadcrumb\":{\"@id\":\"https:\/\/akerkimya.com\/eticaret\/urun\/kaolin\/#breadcrumb\"},\"inLanguage\":\"tr\",\"potentialAction\":[{\"@type\":\"ReadAction\",\"target\":[\"https:\/\/akerkimya.com\/eticaret\/urun\/kaolin\/\"]}]},{\"@type\":\"BreadcrumbList\",\"@id\":\"https:\/\/akerkimya.com\/eticaret\/urun\/kaolin\/#breadcrumb\",\"itemListElement\":[{\"@type\":\"ListItem\",\"position\":1,\"name\":\"Home\",\"item\":\"https:\/\/akerkimya.com\/eticaret\/\"},{\"@type\":\"ListItem\",\"position\":2,\"name\":\"Market\",\"item\":\"https:\/\/akerkimya.com\/eticaret\/market\/\"},{\"@type\":\"ListItem\",\"position\":3,\"name\":\"KAOL\u0130N\"}]},{\"@type\":\"WebSite\",\"@id\":\"https:\/\/akerkimya.com\/eticaret\/#website\",\"url\":\"https:\/\/akerkimya.com\/eticaret\/\",\"name\":\"Akerkimya\",\"description\":\"\",\"potentialAction\":[{\"@type\":\"SearchAction\",\"target\":{\"@type\":\"EntryPoint\",\"urlTemplate\":\"https:\/\/akerkimya.com\/eticaret\/?s={search_term_string}\"},\"query-input\":\"required name=search_term_string\"}],\"inLanguage\":\"tr\"}]}<\/script>\n<!-- \/ Yoast SEO Premium plugin. -->","yoast_head_json":{"title":"KAOL\u0130N - Akerkimya","robots":{"index":"index","follow":"follow","max-snippet":"max-snippet:-1","max-image-preview":"max-image-preview:large","max-video-preview":"max-video-preview:-1"},"canonical":"https:\/\/akerkimya.com\/eticaret\/urun\/kaolin\/","og_locale":"tr_TR","og_type":"article","og_title":"KAOL\u0130N","og_description":"KAOL\u0130N Kaolin ya da kaolen granit kaya\u00e7lardan elde edilen bir kil t\u00fcr\u00fcd\u00fcr. T\u00fcrkiye\u2019de ar\u0131 kil olarak da bilinmektedir. Granit kaya\u00e7lar","og_url":"https:\/\/akerkimya.com\/eticaret\/urun\/kaolin\/","og_site_name":"Akerkimya","article_modified_time":"2026-03-29T23:23:45+00:00","og_image":[{"width":1000,"height":1000,"url":"https:\/\/akerkimya.com\/eticaret\/wp-content\/uploads\/2024\/12\/kaolin-guncel.png","type":"image\/png"}],"twitter_card":"summary_large_image","twitter_misc":{"Tahmini okuma s\u00fcresi":"2 dakika"},"schema":{"@context":"https:\/\/schema.org","@graph":[{"@type":"WebPage","@id":"https:\/\/akerkimya.com\/eticaret\/urun\/kaolin\/","url":"https:\/\/akerkimya.com\/eticaret\/urun\/kaolin\/","name":"KAOL\u0130N - Akerkimya","isPartOf":{"@id":"https:\/\/akerkimya.com\/eticaret\/#website"},"datePublished":"2024-12-30T13:05:03+00:00","dateModified":"2026-03-29T23:23:45+00:00","breadcrumb":{"@id":"https:\/\/akerkimya.com\/eticaret\/urun\/kaolin\/#breadcrumb"},"inLanguage":"tr","potentialAction":[{"@type":"ReadAction","target":["https:\/\/akerkimya.com\/eticaret\/urun\/kaolin\/"]}]},{"@type":"BreadcrumbList","@id":"https:\/\/akerkimya.com\/eticaret\/urun\/kaolin\/#breadcrumb","itemListElement":[{"@type":"ListItem","position":1,"name":"Home","item":"https:\/\/akerkimya.com\/eticaret\/"},{"@type":"ListItem","position":2,"name":"Market","item":"https:\/\/akerkimya.com\/eticaret\/market\/"},{"@type":"ListItem","position":3,"name":"KAOL\u0130N"}]},{"@type":"WebSite","@id":"https:\/\/akerkimya.com\/eticaret\/#website","url":"https:\/\/akerkimya.com\/eticaret\/","name":"Akerkimya","description":"","potentialAction":[{"@type":"SearchAction","target":{"@type":"EntryPoint","urlTemplate":"https:\/\/akerkimya.com\/eticaret\/?s={search_term_string}"},"query-input":"required name=search_term_string"}],"inLanguage":"tr"}]}},"_links":{"self":[{"href":"https:\/\/akerkimya.com\/eticaret\/wp-json\/wp\/v2\/product\/16190","targetHints":{"allow":["GET"]}}],"collection":[{"href":"https:\/\/akerkimya.com\/eticaret\/wp-json\/wp\/v2\/product"}],"about":[{"href":"https:\/\/akerkimya.com\/eticaret\/wp-json\/wp\/v2\/types\/product"}],"replies":[{"embeddable":true,"href":"https:\/\/akerkimya.com\/eticaret\/wp-json\/wp\/v2\/comments?post=16190"}],"version-history":[{"count":2,"href":"https:\/\/akerkimya.com\/eticaret\/wp-json\/wp\/v2\/product\/16190\/revisions"}],"predecessor-version":[{"id":16713,"href":"https:\/\/akerkimya.com\/eticaret\/wp-json\/wp\/v2\/product\/16190\/revisions\/16713"}],"wp:featuredmedia":[{"embeddable":true,"href":"https:\/\/akerkimya.com\/eticaret\/wp-json\/wp\/v2\/media\/16192"}],"wp:attachment":[{"href":"https:\/\/akerkimya.com\/eticaret\/wp-json\/wp\/v2\/media?parent=16190"}],"wp:term":[{"taxonomy":"product_cat","embeddable":true,"href":"https:\/\/akerkimya.com\/eticaret\/wp-json\/wp\/v2\/product_cat?post=16190"},{"taxonomy":"product_tag","embeddable":true,"href":"https:\/\/akerkimya.com\/eticaret\/wp-json\/wp\/v2\/product_tag?post=16190"}],"curies":[{"name":"wp","href":"https:\/\/api.w.org\/{rel}","templated":true}]}}