{"id":16198,"date":"2024-12-31T02:00:19","date_gmt":"2024-12-30T23:00:19","guid":{"rendered":"https:\/\/akerkimya.com\/eticaret\/?post_type=product&#038;p=16198"},"modified":"2026-03-30T02:23:45","modified_gmt":"2026-03-29T23:23:45","slug":"cmc-karboksi-metil-seluloz","status":"publish","type":"product","link":"https:\/\/akerkimya.com\/eticaret\/urun\/cmc-karboksi-metil-seluloz\/","title":{"rendered":"CMC-KARBOKS\u0130 MET\u0130L SEL\u00dcLOZ-GIDA"},"content":{"rendered":"<h1>CMC-KARBOKS\u0130 MET\u0130L SEL\u00dcLOZ<\/h1>\n<p><strong>Karboksi Metil Sel\u00fcloz CMC ve etil alkol\u00fcn ekstraksiyonundan t\u00fcretilir. Krem y\u00e2da beyaz tozdur. Lifli g\u00f6r\u00fcn\u00fc\u015fe sahiptir. Karboksi Metil Sel\u00fcloz (CMC) S\u0131cak ve so\u011fuk suda \u00e7\u00f6z\u00fcn\u00fcrler. CMC\u2019nin do\u011fal Ph\u2019\u0131 8.25 iken ticari olarak daha iyi \u00e7\u00f6z\u00fcnmesi amac\u0131yla Ph 6-7,5 ta \u00fcretilir.Viskozite d\u00fc\u015f\u00fcr\u00fcld\u00fck\u00e7e a\u011f\u0131r metal tuzlar\u0131 ile reaksiyona girdi\u011finde suda \u00e7\u00f6z\u00fcnmeyen, \u015feffaf, dayan\u0131kl\u0131 ve organik maddelerden etkilenmeyen bir film olu\u015fturur. Yar\u0131 sentetik, suda \u00e7\u00f6z\u00fcnebilir polimerdir.\u00a0Sel\u00fcloz gibi sindirilemez, alerjik ve toksik de\u011fildir.<\/strong><\/p>\n<p><strong>CMC TEKN\u0130K \u00d6ZELL\u0130KLER<\/strong><\/p>\n<p><strong>CAS NO:9000-11-7<\/strong><\/p>\n<p><strong>FORM\u00dcL\u00dc:\u00a0 C6H7O2(OH)2OCH2COO2<\/strong><\/p>\n<p><strong>E-KODU: E 466<\/strong><\/p>\n<p><strong>PH: 6,00-8,25<\/strong><\/p>\n<p><strong>NEM: % 4,1<\/strong><\/p>\n<p><strong>V\u0130SKOZ\u0130TE: 45<\/strong><\/p>\n<p><strong>\u00c7\u00d6Z\u00dcNME: Suda \u00e7\u00f6z\u00fcn\u00fcr<\/strong><\/p>\n<p><strong>D\u0130\u011eER ADI:\u00a0 Sel\u00fcl\u00f6z gam<\/strong><\/p>\n<p><strong>\u00a0<\/strong><\/p>\n<p><strong>CMC KULLANIM ALANLARI<\/strong><\/p>\n<p><strong>G\u0131da sekt\u00f6r\u00fcnde; dondurma, pasta kremas\u0131, diyet \u00fcr\u00fcnleri, \u015fekerlemeler, s\u00fct \u00fcr\u00fcnleri,\u00a0 re\u00e7el, marmelat, meyve sular\u0131, unlu g\u0131dalar, meyve turtas\u0131, pi\u015fmi\u015f \u00fcr\u00fcnler ve pudinglerde kullan\u0131l\u0131rlar. K\u0131vam verici, ba\u011flay\u0131c\u0131, em\u00fclsifiyer, koloidal s\u00fcspanse edici ajan (salata sosunda) ve stabiliz\u00f6r olarak kullan\u0131lmaktad\u0131r. \u015eekerin kristalizasyonunu \u00f6nler.<\/strong><\/p>\n<p><strong>Sa\u011fl\u0131k Sekt\u00f6r\u00fcnde; CMC kab\u0131zl\u0131k tedavisinde, g\u00f6z damlalar\u0131nda ya\u011fland\u0131r\u0131c\u0131 olarak g\u00f6z kurumas\u0131n\u0131 engellemede kullan\u0131l\u0131r. Kremler, merhemler, losyonlarda k\u0131vamla\u015ft\u0131r\u0131c\u0131, sabitleyici ve film olu\u015fturucu olarak kullan\u0131l\u0131r. \u0130la\u00e7 sanayinde kaps\u00fcllerde kullan\u0131l\u0131r; yenilebilir ve toksik olmayan \u00f6zellikleri vejetaryen bir alternatif sa\u011flar.<\/strong><\/p>\n<p><strong>K\u00e2\u011f\u0131t ve boya sanayinde,\u00a0 CMC\u2019nin teknik kalitesi tutkal \u00fcretiminde kullan\u0131l\u0131r. M\u00fckemmel film olu\u015fturucu suda eriyebilen Sel\u00fclozik yap\u0131s\u0131 nedeniyle, k\u00e2\u011f\u0131t gibi di\u011fer sel\u00fcloz maddeleri i\u00e7in \u00e7ok iyi bir yap\u0131\u015ft\u0131r\u0131c\u0131 olma \u00f6zelli\u011fine sahiptir. CMC m\u00fckemmel duvar k\u00e2\u011f\u0131d\u0131 tutkal\u0131 olma, l\u00e2teks yap\u0131\u015ft\u0131r\u0131c\u0131larda kolayla\u015ft\u0131r\u0131c\u0131 \u00f6zellik g\u00f6sterir. Suda kolayl\u0131kla \u00e7\u00f6z\u00fcnd\u00fc\u011f\u00fc i\u00e7in haz\u0131rlanmas\u0131 kolayd\u0131r. Kuruma s\u00fcresi ayarlama imk\u00e2n\u0131 verir. Su kayb\u0131 kontrol \u00f6zelli\u011fine sahiptir. Hassas sanat eserlerinin sabitlenmesinde kullan\u0131l\u0131r. Seramikte ve camc\u0131l\u0131kta desenlerin i\u015flenmesinde ve kaplamac\u0131l\u0131kta tutturucu, koyula\u015ft\u0131r\u0131c\u0131, ya\u011flay\u0131c\u0131 ve yap\u0131y\u0131 koruyucu olarak kullan\u0131l\u0131r. Farkl\u0131 iki t\u00fcr olarak bilinen toz ve s\u0131v\u0131 boyalar\u0131n stabil hallerinde iken CMC eklenerek kar\u0131\u015f\u0131mdaki viskozite ve homojenli\u011fi sa\u011flar. Miktar artt\u0131k\u00e7a viskozite artar ve elde edilen kar\u0131\u015f\u0131m daha homojen bir yap\u0131ya d\u00f6n\u00fc\u015f\u00fcr. Boyalara uyguland\u0131\u011f\u0131 esnada yap\u0131\u015fkanl\u0131k ve kir tutmayan \u00f6zellik sa\u011flar.<\/strong><\/p>\n<p><strong>Kozmetik sekt\u00f6r\u00fcnde; k\u0131vamla\u015ft\u0131r\u0131c\u0131, koku sabitleyip su ba\u011flay\u0131c\u0131 \u00f6zelli\u011fi bulunan, tabaka olu\u015fturucu, jelle\u015ftirici ve k\u00f6p\u00fck artt\u0131r\u0131c\u0131 olarak da kullan\u0131l\u0131r. Di\u015f macunlar\u0131nda, \u015fampuanlarda, kremlerde, losyonlarda ve jel halindeki \u00fcr\u00fcnlerde kullan\u0131lmaktad\u0131r. Tra\u015f kremi, losyonlar, makyaj malzemeleri, el kremi, tablet ba\u011flay\u0131c\u0131lar\u0131, jeller, merhemler, b\u00f6cek \u00f6ld\u00fcr\u00fcc\u00fc em\u00fclsiyonlar gibi \u00fcr\u00fcnlerde kullan\u0131l\u0131r. CMC sabunlarda y\u00fczey aktifli\u011fi art\u0131r\u0131r.<\/strong><\/p>\n<p><strong>Tekstil Sekt\u00f6r\u00fcnde; CMC, lifleri su veya ya\u011f\u0131 emmekten korudu\u011fu i\u00e7in ha\u015f\u0131l olarak k\u00e2\u011f\u0131t ve tekstil sekt\u00f6r\u00fcnde kullan\u0131l\u0131r. Kullan\u0131lan iplik direncini artt\u0131rmak i\u00e7in sel\u00fclozik ve ayn\u0131 zamanda \u00e7\u00f6z\u00fclebilen bir yap\u0131s\u0131 olmas\u0131 sebebiyle dokuma esnas\u0131nda ipliklerin etraf\u0131nda olan d\u00f6k\u00fcnt\u00fc ve toz \u00f6nleyici bir film olu\u015fturur. Boyama ve bask\u0131da y\u00fcksek kalitenin \u00f6nemi g\u00f6z \u00f6n\u00fcne al\u0131nd\u0131\u011f\u0131nda, ASEL TN \u2013 40 ha\u015f\u0131llama maddelerinin kuma\u015ftan sadece suyla y\u0131kan\u0131p \u00e7\u0131kar\u0131labilmesi ile etkili bir ha\u015f\u0131l s\u00f6k\u00fcm\u00fc sa\u011flar.<\/strong><\/p>\n<p><strong>Deterjan sekt\u00f6r\u00fcnde; kuma\u015flar\u0131n y\u0131kanmas\u0131 sonucu kirlerin yeninden kuma\u015fta toplanmas\u0131n\u0131 \u00f6nlemek amac\u0131 ile deterjan i\u00e7erisinde girdi\u011fi reaksiyonlar sonucunda temizleme \u00f6zelli\u011fini artt\u0131r\u0131r. Ayr\u0131ca toz deterjan kullan\u0131rken burada suyu tutma \u00f6zelli\u011fi sayesinde temizleme s\u00fcrecini g\u00fc\u00e7lendirir. Y\u0131kama sonunda beyaz renkleri daha beyaz renk kuma\u015flara ise renk kazand\u0131ran bir \u00f6zelli\u011fi vard\u0131r. CMC Karboksimetil sel\u00fcloz kuma\u015flara daha yumu\u015fak hale getirerek v\u00fccutta olu\u015fabilecek tahri\u015f oran\u0131n\u0131 azalt\u0131c\u0131 bir etkisi de vard\u0131r. Sabun imalat\u0131nda az miktarda kullan\u0131m\u0131 dahi y\u00fcksek kalitede bir \u00fcr\u00fcn elde etmenizi sa\u011flar. Temizlik \u00fcr\u00fcnlerinde; deterjan i\u00e7eriklerinde kiri \u00e7\u00f6zerek \u00e7ama\u015f\u0131rlardan uzakla\u015ft\u0131rmak ve beyaz yap\u0131y\u0131 korumak i\u00e7in CMC Karboksimetil sel\u00fcloz kullan\u0131l\u0131r.<\/strong><\/p>\n<p><strong>AMBALAJ<\/strong><\/p>\n<p><strong>1-5-25 kg torbalar halinde<\/strong><\/p>\n<p><strong>\u00a0<\/strong><\/p>\n<p><strong>\u00a0DEPOLAMA<\/strong><\/p>\n<p><strong>G\u00fcne\u015f \u0131\u015f\u0131\u011f\u0131na temas etmeyen kuru ve serin yerlerde muhafaza ediniz.<\/strong><\/p>\n<p><strong>\u00a0<\/strong><\/p>\n","protected":false},"excerpt":{"rendered":"<p>CMC-KARBOKS\u0130 MET\u0130L SEL\u00dcLOZ Karboksi Metil Sel\u00fcloz CMC ve etil alkol\u00fcn ekstraksiyonundan t\u00fcretilir. Krem y\u00e2da beyaz tozdur. Lifli g\u00f6r\u00fcn\u00fc\u015fe sahiptir. Karboksi<\/p>\n","protected":false},"featured_media":16199,"comment_status":"open","ping_status":"closed","template":"","meta":{"_joinchat":[]},"product_cat":[70,73,74,76,80],"product_tag":[],"class_list":{"0":"post-16198","1":"product","2":"type-product","3":"status-publish","4":"has-post-thumbnail","6":"product_cat-boya-ve-yapi-kimyasallar","7":"product_cat-deri-ve-tekstil-kimyasallari","8":"product_cat-deterjan-ve-kozmetik-kimyasallari","9":"product_cat-gida-ve-katki-kimyasallari","10":"product_cat-veteriner-ve-ilac-kimyasallari","12":"first","13":"instock","14":"shipping-taxable","15":"purchasable","16":"product-type-variable"},"yoast_head":"<!-- This site is optimized with the Yoast SEO Premium plugin v20.2.1 (Yoast SEO v20.2.1) - https:\/\/yoast.com\/wordpress\/plugins\/seo\/ -->\n<title>CMC-KARBOKS\u0130 MET\u0130L SEL\u00dcLOZ-GIDA - Akerkimya<\/title>\n<meta name=\"robots\" content=\"index, follow, max-snippet:-1, max-image-preview:large, max-video-preview:-1\" \/>\n<link rel=\"canonical\" href=\"https:\/\/akerkimya.com\/eticaret\/urun\/cmc-karboksi-metil-seluloz\/\" \/>\n<meta property=\"og:locale\" content=\"tr_TR\" \/>\n<meta property=\"og:type\" content=\"article\" \/>\n<meta property=\"og:title\" content=\"CMC-KARBOKS\u0130 MET\u0130L SEL\u00dcLOZ-GIDA\" \/>\n<meta property=\"og:description\" content=\"CMC-KARBOKS\u0130 MET\u0130L SEL\u00dcLOZ Karboksi Metil Sel\u00fcloz CMC ve etil alkol\u00fcn ekstraksiyonundan t\u00fcretilir. Krem y\u00e2da beyaz tozdur. Lifli g\u00f6r\u00fcn\u00fc\u015fe sahiptir. Karboksi\" \/>\n<meta property=\"og:url\" content=\"https:\/\/akerkimya.com\/eticaret\/urun\/cmc-karboksi-metil-seluloz\/\" \/>\n<meta property=\"og:site_name\" content=\"Akerkimya\" \/>\n<meta property=\"article:modified_time\" content=\"2026-03-29T23:23:45+00:00\" \/>\n<meta property=\"og:image\" content=\"https:\/\/akerkimya.com\/eticaret\/wp-content\/uploads\/2024\/12\/CMC-GUNCEL-.png\" \/>\n\t<meta property=\"og:image:width\" content=\"1000\" \/>\n\t<meta property=\"og:image:height\" content=\"1000\" \/>\n\t<meta property=\"og:image:type\" content=\"image\/png\" \/>\n<meta name=\"twitter:card\" content=\"summary_large_image\" \/>\n<meta name=\"twitter:label1\" content=\"Tahmini okuma s\u00fcresi\" \/>\n\t<meta name=\"twitter:data1\" content=\"4 dakika\" \/>\n<script type=\"application\/ld+json\" class=\"yoast-schema-graph\">{\"@context\":\"https:\/\/schema.org\",\"@graph\":[{\"@type\":\"WebPage\",\"@id\":\"https:\/\/akerkimya.com\/eticaret\/urun\/cmc-karboksi-metil-seluloz\/\",\"url\":\"https:\/\/akerkimya.com\/eticaret\/urun\/cmc-karboksi-metil-seluloz\/\",\"name\":\"CMC-KARBOKS\u0130 MET\u0130L SEL\u00dcLOZ-GIDA - Akerkimya\",\"isPartOf\":{\"@id\":\"https:\/\/akerkimya.com\/eticaret\/#website\"},\"datePublished\":\"2024-12-30T23:00:19+00:00\",\"dateModified\":\"2026-03-29T23:23:45+00:00\",\"breadcrumb\":{\"@id\":\"https:\/\/akerkimya.com\/eticaret\/urun\/cmc-karboksi-metil-seluloz\/#breadcrumb\"},\"inLanguage\":\"tr\",\"potentialAction\":[{\"@type\":\"ReadAction\",\"target\":[\"https:\/\/akerkimya.com\/eticaret\/urun\/cmc-karboksi-metil-seluloz\/\"]}]},{\"@type\":\"BreadcrumbList\",\"@id\":\"https:\/\/akerkimya.com\/eticaret\/urun\/cmc-karboksi-metil-seluloz\/#breadcrumb\",\"itemListElement\":[{\"@type\":\"ListItem\",\"position\":1,\"name\":\"Home\",\"item\":\"https:\/\/akerkimya.com\/eticaret\/\"},{\"@type\":\"ListItem\",\"position\":2,\"name\":\"Market\",\"item\":\"https:\/\/akerkimya.com\/eticaret\/market\/\"},{\"@type\":\"ListItem\",\"position\":3,\"name\":\"CMC-KARBOKS\u0130 MET\u0130L SEL\u00dcLOZ-GIDA\"}]},{\"@type\":\"WebSite\",\"@id\":\"https:\/\/akerkimya.com\/eticaret\/#website\",\"url\":\"https:\/\/akerkimya.com\/eticaret\/\",\"name\":\"Akerkimya\",\"description\":\"\",\"potentialAction\":[{\"@type\":\"SearchAction\",\"target\":{\"@type\":\"EntryPoint\",\"urlTemplate\":\"https:\/\/akerkimya.com\/eticaret\/?s={search_term_string}\"},\"query-input\":\"required name=search_term_string\"}],\"inLanguage\":\"tr\"}]}<\/script>\n<!-- \/ Yoast SEO Premium plugin. -->","yoast_head_json":{"title":"CMC-KARBOKS\u0130 MET\u0130L SEL\u00dcLOZ-GIDA - Akerkimya","robots":{"index":"index","follow":"follow","max-snippet":"max-snippet:-1","max-image-preview":"max-image-preview:large","max-video-preview":"max-video-preview:-1"},"canonical":"https:\/\/akerkimya.com\/eticaret\/urun\/cmc-karboksi-metil-seluloz\/","og_locale":"tr_TR","og_type":"article","og_title":"CMC-KARBOKS\u0130 MET\u0130L SEL\u00dcLOZ-GIDA","og_description":"CMC-KARBOKS\u0130 MET\u0130L SEL\u00dcLOZ Karboksi Metil Sel\u00fcloz CMC ve etil alkol\u00fcn ekstraksiyonundan t\u00fcretilir. Krem y\u00e2da beyaz tozdur. Lifli g\u00f6r\u00fcn\u00fc\u015fe sahiptir. Karboksi","og_url":"https:\/\/akerkimya.com\/eticaret\/urun\/cmc-karboksi-metil-seluloz\/","og_site_name":"Akerkimya","article_modified_time":"2026-03-29T23:23:45+00:00","og_image":[{"width":1000,"height":1000,"url":"https:\/\/akerkimya.com\/eticaret\/wp-content\/uploads\/2024\/12\/CMC-GUNCEL-.png","type":"image\/png"}],"twitter_card":"summary_large_image","twitter_misc":{"Tahmini okuma s\u00fcresi":"4 dakika"},"schema":{"@context":"https:\/\/schema.org","@graph":[{"@type":"WebPage","@id":"https:\/\/akerkimya.com\/eticaret\/urun\/cmc-karboksi-metil-seluloz\/","url":"https:\/\/akerkimya.com\/eticaret\/urun\/cmc-karboksi-metil-seluloz\/","name":"CMC-KARBOKS\u0130 MET\u0130L SEL\u00dcLOZ-GIDA - Akerkimya","isPartOf":{"@id":"https:\/\/akerkimya.com\/eticaret\/#website"},"datePublished":"2024-12-30T23:00:19+00:00","dateModified":"2026-03-29T23:23:45+00:00","breadcrumb":{"@id":"https:\/\/akerkimya.com\/eticaret\/urun\/cmc-karboksi-metil-seluloz\/#breadcrumb"},"inLanguage":"tr","potentialAction":[{"@type":"ReadAction","target":["https:\/\/akerkimya.com\/eticaret\/urun\/cmc-karboksi-metil-seluloz\/"]}]},{"@type":"BreadcrumbList","@id":"https:\/\/akerkimya.com\/eticaret\/urun\/cmc-karboksi-metil-seluloz\/#breadcrumb","itemListElement":[{"@type":"ListItem","position":1,"name":"Home","item":"https:\/\/akerkimya.com\/eticaret\/"},{"@type":"ListItem","position":2,"name":"Market","item":"https:\/\/akerkimya.com\/eticaret\/market\/"},{"@type":"ListItem","position":3,"name":"CMC-KARBOKS\u0130 MET\u0130L SEL\u00dcLOZ-GIDA"}]},{"@type":"WebSite","@id":"https:\/\/akerkimya.com\/eticaret\/#website","url":"https:\/\/akerkimya.com\/eticaret\/","name":"Akerkimya","description":"","potentialAction":[{"@type":"SearchAction","target":{"@type":"EntryPoint","urlTemplate":"https:\/\/akerkimya.com\/eticaret\/?s={search_term_string}"},"query-input":"required name=search_term_string"}],"inLanguage":"tr"}]}},"_links":{"self":[{"href":"https:\/\/akerkimya.com\/eticaret\/wp-json\/wp\/v2\/product\/16198","targetHints":{"allow":["GET"]}}],"collection":[{"href":"https:\/\/akerkimya.com\/eticaret\/wp-json\/wp\/v2\/product"}],"about":[{"href":"https:\/\/akerkimya.com\/eticaret\/wp-json\/wp\/v2\/types\/product"}],"replies":[{"embeddable":true,"href":"https:\/\/akerkimya.com\/eticaret\/wp-json\/wp\/v2\/comments?post=16198"}],"version-history":[{"count":4,"href":"https:\/\/akerkimya.com\/eticaret\/wp-json\/wp\/v2\/product\/16198\/revisions"}],"predecessor-version":[{"id":18662,"href":"https:\/\/akerkimya.com\/eticaret\/wp-json\/wp\/v2\/product\/16198\/revisions\/18662"}],"wp:featuredmedia":[{"embeddable":true,"href":"https:\/\/akerkimya.com\/eticaret\/wp-json\/wp\/v2\/media\/16199"}],"wp:attachment":[{"href":"https:\/\/akerkimya.com\/eticaret\/wp-json\/wp\/v2\/media?parent=16198"}],"wp:term":[{"taxonomy":"product_cat","embeddable":true,"href":"https:\/\/akerkimya.com\/eticaret\/wp-json\/wp\/v2\/product_cat?post=16198"},{"taxonomy":"product_tag","embeddable":true,"href":"https:\/\/akerkimya.com\/eticaret\/wp-json\/wp\/v2\/product_tag?post=16198"}],"curies":[{"name":"wp","href":"https:\/\/api.w.org\/{rel}","templated":true}]}}