{"id":16204,"date":"2024-12-31T02:03:11","date_gmt":"2024-12-30T23:03:11","guid":{"rendered":"https:\/\/akerkimya.com\/eticaret\/?post_type=product&#038;p=16204"},"modified":"2026-05-08T16:46:40","modified_gmt":"2026-05-08T13:46:40","slug":"karbon-siyahi","status":"publish","type":"product","link":"https:\/\/akerkimya.com\/eticaret\/urun\/karbon-siyahi\/","title":{"rendered":"KARBON S\u0130YAHI"},"content":{"rendered":"<h1>KARBON S\u0130YAHI<\/h1>\n<p><strong>Karbon siyah\u0131, ya\u011f veya gaz gibi bir hidrokarbon yak\u0131t\u0131n, s\u0131n\u0131rl\u0131 miktarda yanma havas\u0131 ile 1320 ila 1540 \u00b0 C aras\u0131ndaki s\u0131cakl\u0131klarda reaksiyona sokulmas\u0131yla olu\u015fan bir pigmenttir. Geni\u015f y\u00fczey alan\u0131na sahip ve esas olarak karbondan olu\u015fan, iyi da\u011f\u0131labilirlik, y\u00fcksek renklendirme mukavemeti ve d\u00fc\u015f\u00fck viskoziteye sahip morf karbon, hafif, gev\u015fek ve \u00e7ok ince\u00a0\u00e7ok kabar\u0131k ince siyah bir tozdur.\u00a0Lastik end\u00fcstrisinde kau\u00e7u\u011fu g\u00fc\u00e7lendirmek i\u00e7in kullan\u0131lmaktad\u0131r.<\/strong><\/p>\n<p><strong>KARBON S\u0130YAHI TEKN\u0130K \u00d6ZELL\u0130KLER<\/strong><\/p>\n<p><strong>CAS NO: 1333-86-4<\/strong><\/p>\n<p><strong>E\u0130NECS No: 215-609-9<\/strong><\/p>\n<p><strong>RENK: Siyah Toz veya Gran\u00fcl<\/strong><\/p>\n<p><strong>\u0130YOT ABSORPS\u0130YONU:\u00a0 82 g\/kg<\/strong><\/p>\n<p><strong>DPM E\u011e\u0130L\u0130M\u0130: 102 cm3\/100g<\/strong><\/p>\n<p><strong>PH DE\u011eER\u0130: 7,0-10<\/strong><\/p>\n<p><strong>K\u00dcL \u0130\u00c7ER\u0130K: 0,45 %<\/strong><\/p>\n<p><strong>ELEK KALINTI: 200 ppm<\/strong><\/p>\n<p><strong>PEL\u0130T SERTL\u0130K: 10-50 g<\/strong><\/p>\n<p><strong>S\u00dcLF\u00dcR \u0130\u00c7ER\u0130K:\u00a0 1,1 %<\/strong><\/p>\n<p><strong>POL\u0130ETEL \u0130\u00c7\u0130N YO\u011eUNLUK: 350 kg\/m3<\/strong><\/p>\n<p><strong>TOLUEN EKSTRADI \u0130LET\u0130M\u0130: 85 %<\/strong><\/p>\n<p><strong>\u00a0<\/strong><\/p>\n<p><strong>KULLANIM ALANLARI<\/strong><\/p>\n<p><strong>Saf kau\u00e7ukla kau\u00e7uk \u00fcr\u00fcnler yapmak zordur. Bir\u00e7ok deney yap\u0131larak, kau\u00e7u\u011fa karbon siyah\u0131 eklemenin kau\u00e7uk \u00f6zelliklerini a\u00e7\u0131k\u00e7a iyile\u015ftirebilece\u011fini bulmu\u015ftur.<\/strong><\/p>\n<p><strong>Lastik form\u00fcl\u00fcne uygun miktarda karbon siyah\u0131 eklemek, a\u015f\u0131nma direncini ve hizmet \u00f6mr\u00fcn\u00fc uzatabilir.<\/strong><\/p>\n<p><strong>Karbon siyah\u0131, lastikler, lastik imal malzemeler, lastik ayakkab\u0131lar, kablolar, s\u0131zd\u0131rmazl\u0131k halkalar\u0131, bant, \u00fc\u00e7gen kay\u0131\u015f ve di\u011fer kau\u00e7uk \u00fcr\u00fcnler gibi kau\u00e7uk end\u00fcstrisinde a\u011f\u0131rl\u0131kl\u0131 olarak kullan\u0131l\u0131r, kau\u00e7uk \u00fcr\u00fcnleri takviye etme ve doldurma rol\u00fcn\u00fc oynar.\u00a0Her t\u00fcrl\u00fc kau\u00e7uk i\u00e7in uygundur. Her t\u00fcrl\u00fc tel ve kablo PVC kau\u00e7uk, plastik renk ana, lastik, su boyas\u0131, yap\u0131 malzemeleri, Derzler, boya, m\u00fcrekkep, toz boya vb. kullan\u0131l\u0131r.<\/strong><\/p>\n<p><strong>Karbon siyah\u0131, gazete m\u00fcrekkeplerinin siyah renklendirme pigmentlerinden y\u00fcksek teknolojili malzemelerin elektrik iletken maddelerine kadar \u00e7e\u015fitli uygulamalarda yayg\u0131n olarak kullan\u0131lmaktad\u0131r.<\/strong><\/p>\n<p><strong>Karbon siyah\u0131, esas olarak lastiklerde m\u00fckemmel kau\u00e7uk takviyesi olarak kullan\u0131l\u0131r. Karbon siyah\u0131 ayn\u0131 zamanda siyah pigment olarak m\u00fckemmel bir renklendirme maddesidir ve bu nedenle bask\u0131 m\u00fcrekkepleri, re\u00e7ine renklendirme, boyalar ve tonerler i\u00e7in yayg\u0131n olarak kullan\u0131l\u0131r.<\/strong><strong><br \/>\n<\/strong><strong>Ayr\u0131ca karbon siyah\u0131, anti statik filmler, fiberler ve disketler d\u00e2hil olmak \u00fczere \u00e7e\u015fitli di\u011fer uygulamalarda elektrik iletken bir ajan olarak kullan\u0131l\u0131r.<\/strong><\/p>\n<p><strong>Karbon siyah\u0131 y\u00fcksek \u00e7ekme mukavemetine, y\u00fcksek a\u015f\u0131nma mukavemetine ve elastikiyete sahiptir. Bas\u0131n\u00e7 ve kuvvet alt\u0131nda ezilen ve s\u00fcrt\u00fcnen b\u00fct\u00fcn kau\u00e7uk ve lastik malzemelerinde kullan\u0131l\u0131r. Kord bezi kullan\u0131lan malzemelerde, i\u00e7 lastik ve end\u00fcstriyel malzemelerde kullan\u0131l\u0131r. Do\u011fal ve sentetik kau\u00e7uklara uygun olup kolay dispers olur.<\/strong><\/p>\n<p><strong>\u00a0<\/strong><\/p>\n<p><strong>AMBALAJ<\/strong><\/p>\n<p><strong>1-5-20 kg torbalar halinde<\/strong><\/p>\n<p><strong>\u00a0<\/strong><\/p>\n<p><strong>\u00a0DEPOLAMA<\/strong><\/p>\n<p><strong>G\u00fcne\u015f \u0131\u015f\u0131\u011f\u0131na temas etmeyen kuru ve serin yerlerde muhafaza ediniz.<\/strong><\/p>\n<p><strong>\u00a0<\/strong><\/p>\n","protected":false},"excerpt":{"rendered":"<p>KARBON S\u0130YAHI Karbon siyah\u0131, ya\u011f veya gaz gibi bir hidrokarbon yak\u0131t\u0131n, s\u0131n\u0131rl\u0131 miktarda yanma havas\u0131 ile 1320 ila 1540 \u00b0<\/p>\n","protected":false},"featured_media":16205,"comment_status":"open","ping_status":"closed","template":"","meta":{"_joinchat":[]},"product_cat":[70,77],"product_tag":[],"class_list":{"0":"post-16204","1":"product","2":"type-product","3":"status-publish","4":"has-post-thumbnail","6":"product_cat-boya-ve-yapi-kimyasallar","7":"product_cat-kablo-imalati-kimyasallari","9":"first","10":"instock","11":"shipping-taxable","12":"purchasable","13":"product-type-variable"},"yoast_head":"<!-- This site is optimized with the Yoast SEO Premium plugin v20.2.1 (Yoast SEO v20.2.1) - https:\/\/yoast.com\/wordpress\/plugins\/seo\/ -->\n<title>KARBON S\u0130YAHI - Akerkimya<\/title>\n<meta name=\"robots\" content=\"index, follow, max-snippet:-1, max-image-preview:large, max-video-preview:-1\" \/>\n<link rel=\"canonical\" href=\"https:\/\/akerkimya.com\/eticaret\/urun\/karbon-siyahi\/\" \/>\n<meta property=\"og:locale\" content=\"tr_TR\" \/>\n<meta property=\"og:type\" content=\"article\" \/>\n<meta property=\"og:title\" content=\"KARBON S\u0130YAHI\" \/>\n<meta property=\"og:description\" content=\"KARBON S\u0130YAHI Karbon siyah\u0131, ya\u011f veya gaz gibi bir hidrokarbon yak\u0131t\u0131n, s\u0131n\u0131rl\u0131 miktarda yanma havas\u0131 ile 1320 ila 1540 \u00b0\" \/>\n<meta property=\"og:url\" content=\"https:\/\/akerkimya.com\/eticaret\/urun\/karbon-siyahi\/\" \/>\n<meta property=\"og:site_name\" content=\"Akerkimya\" \/>\n<meta property=\"article:modified_time\" content=\"2026-05-08T13:46:40+00:00\" \/>\n<meta property=\"og:image\" content=\"https:\/\/akerkimya.com\/eticaret\/wp-content\/uploads\/2024\/12\/KARBON-SIYAHI-GUNCEL-.png\" \/>\n\t<meta property=\"og:image:width\" content=\"1000\" \/>\n\t<meta property=\"og:image:height\" content=\"1000\" \/>\n\t<meta property=\"og:image:type\" content=\"image\/png\" \/>\n<meta name=\"twitter:card\" content=\"summary_large_image\" \/>\n<meta name=\"twitter:label1\" content=\"Tahmini okuma s\u00fcresi\" \/>\n\t<meta name=\"twitter:data1\" content=\"2 dakika\" \/>\n<script type=\"application\/ld+json\" class=\"yoast-schema-graph\">{\"@context\":\"https:\/\/schema.org\",\"@graph\":[{\"@type\":\"WebPage\",\"@id\":\"https:\/\/akerkimya.com\/eticaret\/urun\/karbon-siyahi\/\",\"url\":\"https:\/\/akerkimya.com\/eticaret\/urun\/karbon-siyahi\/\",\"name\":\"KARBON S\u0130YAHI - Akerkimya\",\"isPartOf\":{\"@id\":\"https:\/\/akerkimya.com\/eticaret\/#website\"},\"datePublished\":\"2024-12-30T23:03:11+00:00\",\"dateModified\":\"2026-05-08T13:46:40+00:00\",\"breadcrumb\":{\"@id\":\"https:\/\/akerkimya.com\/eticaret\/urun\/karbon-siyahi\/#breadcrumb\"},\"inLanguage\":\"tr\",\"potentialAction\":[{\"@type\":\"ReadAction\",\"target\":[\"https:\/\/akerkimya.com\/eticaret\/urun\/karbon-siyahi\/\"]}]},{\"@type\":\"BreadcrumbList\",\"@id\":\"https:\/\/akerkimya.com\/eticaret\/urun\/karbon-siyahi\/#breadcrumb\",\"itemListElement\":[{\"@type\":\"ListItem\",\"position\":1,\"name\":\"Home\",\"item\":\"https:\/\/akerkimya.com\/eticaret\/\"},{\"@type\":\"ListItem\",\"position\":2,\"name\":\"Market\",\"item\":\"https:\/\/akerkimya.com\/eticaret\/market\/\"},{\"@type\":\"ListItem\",\"position\":3,\"name\":\"KARBON S\u0130YAHI\"}]},{\"@type\":\"WebSite\",\"@id\":\"https:\/\/akerkimya.com\/eticaret\/#website\",\"url\":\"https:\/\/akerkimya.com\/eticaret\/\",\"name\":\"Akerkimya\",\"description\":\"\",\"potentialAction\":[{\"@type\":\"SearchAction\",\"target\":{\"@type\":\"EntryPoint\",\"urlTemplate\":\"https:\/\/akerkimya.com\/eticaret\/?s={search_term_string}\"},\"query-input\":\"required name=search_term_string\"}],\"inLanguage\":\"tr\"}]}<\/script>\n<!-- \/ Yoast SEO Premium plugin. -->","yoast_head_json":{"title":"KARBON S\u0130YAHI - Akerkimya","robots":{"index":"index","follow":"follow","max-snippet":"max-snippet:-1","max-image-preview":"max-image-preview:large","max-video-preview":"max-video-preview:-1"},"canonical":"https:\/\/akerkimya.com\/eticaret\/urun\/karbon-siyahi\/","og_locale":"tr_TR","og_type":"article","og_title":"KARBON S\u0130YAHI","og_description":"KARBON S\u0130YAHI Karbon siyah\u0131, ya\u011f veya gaz gibi bir hidrokarbon yak\u0131t\u0131n, s\u0131n\u0131rl\u0131 miktarda yanma havas\u0131 ile 1320 ila 1540 \u00b0","og_url":"https:\/\/akerkimya.com\/eticaret\/urun\/karbon-siyahi\/","og_site_name":"Akerkimya","article_modified_time":"2026-05-08T13:46:40+00:00","og_image":[{"width":1000,"height":1000,"url":"https:\/\/akerkimya.com\/eticaret\/wp-content\/uploads\/2024\/12\/KARBON-SIYAHI-GUNCEL-.png","type":"image\/png"}],"twitter_card":"summary_large_image","twitter_misc":{"Tahmini okuma s\u00fcresi":"2 dakika"},"schema":{"@context":"https:\/\/schema.org","@graph":[{"@type":"WebPage","@id":"https:\/\/akerkimya.com\/eticaret\/urun\/karbon-siyahi\/","url":"https:\/\/akerkimya.com\/eticaret\/urun\/karbon-siyahi\/","name":"KARBON S\u0130YAHI - Akerkimya","isPartOf":{"@id":"https:\/\/akerkimya.com\/eticaret\/#website"},"datePublished":"2024-12-30T23:03:11+00:00","dateModified":"2026-05-08T13:46:40+00:00","breadcrumb":{"@id":"https:\/\/akerkimya.com\/eticaret\/urun\/karbon-siyahi\/#breadcrumb"},"inLanguage":"tr","potentialAction":[{"@type":"ReadAction","target":["https:\/\/akerkimya.com\/eticaret\/urun\/karbon-siyahi\/"]}]},{"@type":"BreadcrumbList","@id":"https:\/\/akerkimya.com\/eticaret\/urun\/karbon-siyahi\/#breadcrumb","itemListElement":[{"@type":"ListItem","position":1,"name":"Home","item":"https:\/\/akerkimya.com\/eticaret\/"},{"@type":"ListItem","position":2,"name":"Market","item":"https:\/\/akerkimya.com\/eticaret\/market\/"},{"@type":"ListItem","position":3,"name":"KARBON S\u0130YAHI"}]},{"@type":"WebSite","@id":"https:\/\/akerkimya.com\/eticaret\/#website","url":"https:\/\/akerkimya.com\/eticaret\/","name":"Akerkimya","description":"","potentialAction":[{"@type":"SearchAction","target":{"@type":"EntryPoint","urlTemplate":"https:\/\/akerkimya.com\/eticaret\/?s={search_term_string}"},"query-input":"required name=search_term_string"}],"inLanguage":"tr"}]}},"_links":{"self":[{"href":"https:\/\/akerkimya.com\/eticaret\/wp-json\/wp\/v2\/product\/16204","targetHints":{"allow":["GET"]}}],"collection":[{"href":"https:\/\/akerkimya.com\/eticaret\/wp-json\/wp\/v2\/product"}],"about":[{"href":"https:\/\/akerkimya.com\/eticaret\/wp-json\/wp\/v2\/types\/product"}],"replies":[{"embeddable":true,"href":"https:\/\/akerkimya.com\/eticaret\/wp-json\/wp\/v2\/comments?post=16204"}],"version-history":[{"count":3,"href":"https:\/\/akerkimya.com\/eticaret\/wp-json\/wp\/v2\/product\/16204\/revisions"}],"predecessor-version":[{"id":19520,"href":"https:\/\/akerkimya.com\/eticaret\/wp-json\/wp\/v2\/product\/16204\/revisions\/19520"}],"wp:featuredmedia":[{"embeddable":true,"href":"https:\/\/akerkimya.com\/eticaret\/wp-json\/wp\/v2\/media\/16205"}],"wp:attachment":[{"href":"https:\/\/akerkimya.com\/eticaret\/wp-json\/wp\/v2\/media?parent=16204"}],"wp:term":[{"taxonomy":"product_cat","embeddable":true,"href":"https:\/\/akerkimya.com\/eticaret\/wp-json\/wp\/v2\/product_cat?post=16204"},{"taxonomy":"product_tag","embeddable":true,"href":"https:\/\/akerkimya.com\/eticaret\/wp-json\/wp\/v2\/product_tag?post=16204"}],"curies":[{"name":"wp","href":"https:\/\/api.w.org\/{rel}","templated":true}]}}