{"id":16213,"date":"2024-12-31T02:09:40","date_gmt":"2024-12-30T23:09:40","guid":{"rendered":"https:\/\/akerkimya.com\/eticaret\/?post_type=product&#038;p=16213"},"modified":"2026-05-11T10:00:36","modified_gmt":"2026-05-11T07:00:36","slug":"kiremit-tozu","status":"publish","type":"product","link":"https:\/\/akerkimya.com\/eticaret\/urun\/kiremit-tozu\/","title":{"rendered":"K\u0130REM\u0130T TOZU"},"content":{"rendered":"<h1>K\u0130REM\u0130T TOZU<\/h1>\n<p><strong>Kiremit tozu, saf kiremit k\u0131ra\u011f\u0131ndan imal edilir. \u0130\u00e7erisinde tu\u011fla, toz ve k\u0131r\u0131\u011f\u0131 yoktur. Ekonomiktir bak\u0131m gerektirmez. Hijyeniktir, mikrop bar\u0131nd\u0131rmaz. Topraklar\u0131n havaland\u0131r\u0131lmas\u0131na yard\u0131mc\u0131 olur. Kiremit tozundan yap\u0131lan y\u00fczeyler, optimum esneme yaparak tahribat\u0131 \u00f6nler. <\/strong><\/p>\n<p><strong>\u00a0<\/strong><\/p>\n<p><strong>K\u0130REM\u0130T TOZU \u00d6ZELL\u0130KLER\u0130<\/strong><\/p>\n<p><strong>K\u0131rm\u0131z\u0131 renktedir<\/strong><\/p>\n<p><strong>Topra\u011f\u0131n y\u00fczeyini kaplayarak yabanc\u0131 otlar\u0131n b\u00fcy\u00fcmesini engeller.<\/strong><\/p>\n<p><strong>Renginde solma ve beyazlama olmaz.<\/strong><\/p>\n<p><strong>B\u00f6ceklerin toprak y\u00fczeyinde yuva yapmas\u0131n\u0131 \u00f6nler. <\/strong><\/p>\n<p><strong>Malzeme suland\u0131\u011f\u0131nda \u00e7amurla\u015fma veya renk de\u011fi\u015fikli\u011fi olu\u015fmaz.<\/strong><\/p>\n<p><strong>Y\u00fcksek s\u0131cakl\u0131kta pi\u015fti\u011finden erimez <\/strong><\/p>\n<p><strong>\u00a0<\/strong><\/p>\n<p><strong>KULLANIM ALANLARI <\/strong><\/p>\n<p><strong>Ko\u015fu ve y\u00fcr\u00fcy\u00fc\u015f yap\u0131lan zeminlerde ayak sa\u011fl\u0131\u011f\u0131n\u0131 korumas\u0131 ve beldeki disk kayma riskini ve v\u00fccuttaki yorgunlu\u011fu \u00f6nlemesi nedeni ile kullan\u0131l\u0131r.<\/strong><\/p>\n<p><strong>V\u00fccuttaki elektri\u011fi bo\u015faltmas\u0131 nedeni ve d\u00fc\u015fmelere ba\u011fl\u0131 olarak olu\u015fabilecek k\u0131r\u0131k, \u00e7\u0131k\u0131k, yaralanmalar\u0131 \u00f6nlemek i\u00e7in kullan\u0131l\u0131r.<\/strong><\/p>\n<p><strong>Tarihi eser ve restorasyon i\u015flerinde kullan\u0131lmaktad\u0131r.<\/strong><\/p>\n<p><strong>Futbol stadyumlar\u0131nda, teniz kortlar\u0131nda kullan\u0131l\u0131r. <\/strong><\/p>\n<p><strong>Bah\u00e7e y\u00fczeylerinde, a\u011fa\u00e7 diplerinde ve s\u00fcs bitkilerinde kullan\u0131m\u0131 mevcuttur. <\/strong><\/p>\n<p><strong>Rutubetli mahallelerde nemi almas\u0131 almas\u0131 i\u00e7in tabanlarda ve duvar diplerinde kullan\u0131labilir. <\/strong><\/p>\n<p><strong>\u00a0<\/strong><\/p>\n<p><strong>AMBALAJ<\/strong><\/p>\n<p><strong>1-5-25 kg torbalar halinde<\/strong><\/p>\n<p><strong>\u00a0<\/strong><\/p>\n<p><strong>\u00a0DEPOLAMA<\/strong><\/p>\n<p><strong>G\u00fcne\u015f \u0131\u015f\u0131\u011f\u0131na temas etmeyen kuru ve serin yerlerde muhafaza ediniz.<\/strong><\/p>\n<p><strong>\u00a0<\/strong><\/p>\n","protected":false},"excerpt":{"rendered":"<p>K\u0130REM\u0130T TOZU Kiremit tozu, saf kiremit k\u0131ra\u011f\u0131ndan imal edilir. \u0130\u00e7erisinde tu\u011fla, toz ve k\u0131r\u0131\u011f\u0131 yoktur. Ekonomiktir bak\u0131m gerektirmez. Hijyeniktir, mikrop<\/p>\n","protected":false},"featured_media":16214,"comment_status":"open","ping_status":"closed","template":"","meta":{"_joinchat":[]},"product_cat":[70,79],"product_tag":[],"class_list":{"0":"post-16213","1":"product","2":"type-product","3":"status-publish","4":"has-post-thumbnail","6":"product_cat-boya-ve-yapi-kimyasallar","7":"product_cat-tarim-kimyasallari","9":"first","10":"instock","11":"shipping-taxable","12":"purchasable","13":"product-type-variable"},"yoast_head":"<!-- This site is optimized with the Yoast SEO Premium plugin v20.2.1 (Yoast SEO v20.2.1) - https:\/\/yoast.com\/wordpress\/plugins\/seo\/ -->\n<title>K\u0130REM\u0130T TOZU - Akerkimya<\/title>\n<meta name=\"robots\" content=\"index, follow, max-snippet:-1, max-image-preview:large, max-video-preview:-1\" \/>\n<link rel=\"canonical\" href=\"https:\/\/akerkimya.com\/eticaret\/urun\/kiremit-tozu\/\" \/>\n<meta property=\"og:locale\" content=\"tr_TR\" \/>\n<meta property=\"og:type\" content=\"article\" \/>\n<meta property=\"og:title\" content=\"K\u0130REM\u0130T TOZU\" \/>\n<meta property=\"og:description\" content=\"K\u0130REM\u0130T TOZU Kiremit tozu, saf kiremit k\u0131ra\u011f\u0131ndan imal edilir. \u0130\u00e7erisinde tu\u011fla, toz ve k\u0131r\u0131\u011f\u0131 yoktur. Ekonomiktir bak\u0131m gerektirmez. Hijyeniktir, mikrop\" \/>\n<meta property=\"og:url\" content=\"https:\/\/akerkimya.com\/eticaret\/urun\/kiremit-tozu\/\" \/>\n<meta property=\"og:site_name\" content=\"Akerkimya\" \/>\n<meta property=\"article:modified_time\" content=\"2026-05-11T07:00:36+00:00\" \/>\n<meta property=\"og:image\" content=\"https:\/\/akerkimya.com\/eticaret\/wp-content\/uploads\/2024\/12\/KIREMIT-TOZU-GUNCEL-.png\" \/>\n\t<meta property=\"og:image:width\" content=\"1000\" \/>\n\t<meta property=\"og:image:height\" content=\"1000\" \/>\n\t<meta property=\"og:image:type\" content=\"image\/png\" \/>\n<meta name=\"twitter:card\" content=\"summary_large_image\" \/>\n<meta name=\"twitter:label1\" content=\"Tahmini okuma s\u00fcresi\" \/>\n\t<meta name=\"twitter:data1\" content=\"1 dakika\" \/>\n<script type=\"application\/ld+json\" class=\"yoast-schema-graph\">{\"@context\":\"https:\/\/schema.org\",\"@graph\":[{\"@type\":\"WebPage\",\"@id\":\"https:\/\/akerkimya.com\/eticaret\/urun\/kiremit-tozu\/\",\"url\":\"https:\/\/akerkimya.com\/eticaret\/urun\/kiremit-tozu\/\",\"name\":\"K\u0130REM\u0130T TOZU - Akerkimya\",\"isPartOf\":{\"@id\":\"https:\/\/akerkimya.com\/eticaret\/#website\"},\"datePublished\":\"2024-12-30T23:09:40+00:00\",\"dateModified\":\"2026-05-11T07:00:36+00:00\",\"breadcrumb\":{\"@id\":\"https:\/\/akerkimya.com\/eticaret\/urun\/kiremit-tozu\/#breadcrumb\"},\"inLanguage\":\"tr\",\"potentialAction\":[{\"@type\":\"ReadAction\",\"target\":[\"https:\/\/akerkimya.com\/eticaret\/urun\/kiremit-tozu\/\"]}]},{\"@type\":\"BreadcrumbList\",\"@id\":\"https:\/\/akerkimya.com\/eticaret\/urun\/kiremit-tozu\/#breadcrumb\",\"itemListElement\":[{\"@type\":\"ListItem\",\"position\":1,\"name\":\"Home\",\"item\":\"https:\/\/akerkimya.com\/eticaret\/\"},{\"@type\":\"ListItem\",\"position\":2,\"name\":\"Market\",\"item\":\"https:\/\/akerkimya.com\/eticaret\/market\/\"},{\"@type\":\"ListItem\",\"position\":3,\"name\":\"K\u0130REM\u0130T TOZU\"}]},{\"@type\":\"WebSite\",\"@id\":\"https:\/\/akerkimya.com\/eticaret\/#website\",\"url\":\"https:\/\/akerkimya.com\/eticaret\/\",\"name\":\"Akerkimya\",\"description\":\"\",\"potentialAction\":[{\"@type\":\"SearchAction\",\"target\":{\"@type\":\"EntryPoint\",\"urlTemplate\":\"https:\/\/akerkimya.com\/eticaret\/?s={search_term_string}\"},\"query-input\":\"required name=search_term_string\"}],\"inLanguage\":\"tr\"}]}<\/script>\n<!-- \/ Yoast SEO Premium plugin. -->","yoast_head_json":{"title":"K\u0130REM\u0130T TOZU - Akerkimya","robots":{"index":"index","follow":"follow","max-snippet":"max-snippet:-1","max-image-preview":"max-image-preview:large","max-video-preview":"max-video-preview:-1"},"canonical":"https:\/\/akerkimya.com\/eticaret\/urun\/kiremit-tozu\/","og_locale":"tr_TR","og_type":"article","og_title":"K\u0130REM\u0130T TOZU","og_description":"K\u0130REM\u0130T TOZU Kiremit tozu, saf kiremit k\u0131ra\u011f\u0131ndan imal edilir. \u0130\u00e7erisinde tu\u011fla, toz ve k\u0131r\u0131\u011f\u0131 yoktur. Ekonomiktir bak\u0131m gerektirmez. Hijyeniktir, mikrop","og_url":"https:\/\/akerkimya.com\/eticaret\/urun\/kiremit-tozu\/","og_site_name":"Akerkimya","article_modified_time":"2026-05-11T07:00:36+00:00","og_image":[{"width":1000,"height":1000,"url":"https:\/\/akerkimya.com\/eticaret\/wp-content\/uploads\/2024\/12\/KIREMIT-TOZU-GUNCEL-.png","type":"image\/png"}],"twitter_card":"summary_large_image","twitter_misc":{"Tahmini okuma s\u00fcresi":"1 dakika"},"schema":{"@context":"https:\/\/schema.org","@graph":[{"@type":"WebPage","@id":"https:\/\/akerkimya.com\/eticaret\/urun\/kiremit-tozu\/","url":"https:\/\/akerkimya.com\/eticaret\/urun\/kiremit-tozu\/","name":"K\u0130REM\u0130T TOZU - Akerkimya","isPartOf":{"@id":"https:\/\/akerkimya.com\/eticaret\/#website"},"datePublished":"2024-12-30T23:09:40+00:00","dateModified":"2026-05-11T07:00:36+00:00","breadcrumb":{"@id":"https:\/\/akerkimya.com\/eticaret\/urun\/kiremit-tozu\/#breadcrumb"},"inLanguage":"tr","potentialAction":[{"@type":"ReadAction","target":["https:\/\/akerkimya.com\/eticaret\/urun\/kiremit-tozu\/"]}]},{"@type":"BreadcrumbList","@id":"https:\/\/akerkimya.com\/eticaret\/urun\/kiremit-tozu\/#breadcrumb","itemListElement":[{"@type":"ListItem","position":1,"name":"Home","item":"https:\/\/akerkimya.com\/eticaret\/"},{"@type":"ListItem","position":2,"name":"Market","item":"https:\/\/akerkimya.com\/eticaret\/market\/"},{"@type":"ListItem","position":3,"name":"K\u0130REM\u0130T TOZU"}]},{"@type":"WebSite","@id":"https:\/\/akerkimya.com\/eticaret\/#website","url":"https:\/\/akerkimya.com\/eticaret\/","name":"Akerkimya","description":"","potentialAction":[{"@type":"SearchAction","target":{"@type":"EntryPoint","urlTemplate":"https:\/\/akerkimya.com\/eticaret\/?s={search_term_string}"},"query-input":"required name=search_term_string"}],"inLanguage":"tr"}]}},"_links":{"self":[{"href":"https:\/\/akerkimya.com\/eticaret\/wp-json\/wp\/v2\/product\/16213","targetHints":{"allow":["GET"]}}],"collection":[{"href":"https:\/\/akerkimya.com\/eticaret\/wp-json\/wp\/v2\/product"}],"about":[{"href":"https:\/\/akerkimya.com\/eticaret\/wp-json\/wp\/v2\/types\/product"}],"replies":[{"embeddable":true,"href":"https:\/\/akerkimya.com\/eticaret\/wp-json\/wp\/v2\/comments?post=16213"}],"version-history":[{"count":4,"href":"https:\/\/akerkimya.com\/eticaret\/wp-json\/wp\/v2\/product\/16213\/revisions"}],"predecessor-version":[{"id":21198,"href":"https:\/\/akerkimya.com\/eticaret\/wp-json\/wp\/v2\/product\/16213\/revisions\/21198"}],"wp:featuredmedia":[{"embeddable":true,"href":"https:\/\/akerkimya.com\/eticaret\/wp-json\/wp\/v2\/media\/16214"}],"wp:attachment":[{"href":"https:\/\/akerkimya.com\/eticaret\/wp-json\/wp\/v2\/media?parent=16213"}],"wp:term":[{"taxonomy":"product_cat","embeddable":true,"href":"https:\/\/akerkimya.com\/eticaret\/wp-json\/wp\/v2\/product_cat?post=16213"},{"taxonomy":"product_tag","embeddable":true,"href":"https:\/\/akerkimya.com\/eticaret\/wp-json\/wp\/v2\/product_tag?post=16213"}],"curies":[{"name":"wp","href":"https:\/\/api.w.org\/{rel}","templated":true}]}}