{"id":16219,"date":"2024-12-31T02:17:32","date_gmt":"2024-12-30T23:17:32","guid":{"rendered":"https:\/\/akerkimya.com\/eticaret\/?post_type=product&#038;p=16219"},"modified":"2026-03-30T02:23:45","modified_gmt":"2026-03-29T23:23:45","slug":"klor-parafin","status":"publish","type":"product","link":"https:\/\/akerkimya.com\/eticaret\/urun\/klor-parafin\/","title":{"rendered":"KLOR PARAF\u0130N"},"content":{"rendered":"<h1>KLOR PARAF\u0130N<\/h1>\n<p><strong>Klor Parafin, C10-13, C14-17, C&gt;17 kimyasal form\u00fcl\u00fcne sahip poliklorlu n- alkanlar\u0131n kar\u0131\u015f\u0131mlar\u0131d\u0131r. Y\u00fcksek klor i\u00e7eri\u011fi (%70) olan uzun karbon zincir uzunlu\u011fu (C20-C30) olan klorlanm\u0131\u015f parafinler hari\u00e7, yap\u0131\u015fkan, renksiz veya sar\u0131ms\u0131 yo\u011fun ya\u011flard\u0131r. Klorlu parafinlerin karakteristik hafif ve tats\u0131z kokusu yoktur. Koku, k\u00fc\u00e7\u00fck fakat \u00f6l\u00e7\u00fclebilen buhar bas\u0131nc\u0131yla g\u00f6receli d\u00fc\u015f\u00fck molek\u00fcler k\u00fctleden k\u00fc\u00e7\u00fck miktarda \u00fcr\u00fcne ba\u011fl\u0131d\u0131r.<\/strong><\/p>\n<p><strong>\u00a0<\/strong><\/p>\n<p><strong>KLOR PARAF\u0130N \u00d6ZELL\u0130KLER\u0130<\/strong><\/p>\n<p><strong>Karbon zinciri uzunlu\u011fu ve klorlama derecelerdeki art\u0131\u015flar viskozite ve yo\u011funlu\u011fu artt\u0131r\u0131r, ancak volatiliteyi azalt\u0131r.<\/strong><\/p>\n<p><strong>Klor parafin bir\u00e7ok organik \u00e7\u00f6z\u00fcc\u00fc ile kar\u0131\u015fabilir.<\/strong><\/p>\n<p><strong>\u00c7o\u011fu klor parafin, HCl\u2019nin sal\u0131nmas\u0131n\u0131n bir sonucu olarak \u0131s\u0131yla koyula\u015f\u0131r.<\/strong><\/p>\n<p><strong>120 \u00b0C \u00fczerinde \u0131\u015f\u0131k veya \u0131s\u0131 ile ayr\u0131\u015f\u0131r ve bozunma i\u015flemi hidrojen klor\u00fcr gaz\u0131n\u0131n uzakla\u015ft\u0131r\u0131lmas\u0131yla ger\u00e7ekle\u015ftirilir.<\/strong><\/p>\n<p><strong>Klor parafin belli bir tatl\u0131 kokuya sahiptir.<\/strong><\/p>\n<p><strong>\u00a0<\/strong><\/p>\n<p><strong>TEKN\u0130K \u00d6ZELL\u0130KLER\u0130 <\/strong><\/p>\n<p><strong>CAS NUMARASI: 85535-85-9<\/strong><\/p>\n<p><strong>EINESC NO: 287-477-0<\/strong><\/p>\n<p><strong>K\u0130MYASAL FORM\u00dcL\u00dc: C10-13, C14-17, C&gt;17<\/strong><\/p>\n<p><strong>K\u0130MYASAL ADI: Chlorinated paraffins<\/strong><\/p>\n<p><strong>D\u0130\u011eER \u0130S\u0130MLER\u0130: Kloroalkan, Klorfin, Cp<\/strong><\/p>\n<p><strong>G\u00d6R\u00dcN\u00dcM: S\u0131v\u0131 <\/strong><\/p>\n<p><strong>MOLEK\u00dcL A\u011eIRLI\u011eI: De\u011fi\u015fkenlik g\u00f6sterir.<\/strong><\/p>\n<p><strong>KAYNAMA NOKTASI: 1.327 \u00b0C<\/strong><\/p>\n<p><strong>ER\u0130ME NOKTASI: 360 \u00b0C<\/strong><\/p>\n<p><strong>KIRILMA \u0130NDEKS\u0130: 1.409 n (20 \u00b0C)<\/strong><\/p>\n<p><strong>\u00c7\u00d6Z\u00dcN\u00dcRL\u00dcK: Suda tamamen kar\u0131\u015fabilir.<\/strong><\/p>\n<p><strong>\u00a0<\/strong><\/p>\n<p><strong>KULLANIM ALANLARI<\/strong><\/p>\n<p><strong>Klor parafinin en b\u00fcy\u00fck uygulama alan\u0131 esnek PVC\u2019de plastikle\u015ftirici olarak kullan\u0131l\u0131r.<\/strong><\/p>\n<p><strong>Kau\u00e7uk \u00fcretiminde kullan\u0131l\u0131r.<\/strong><\/p>\n<p><strong>Klor parafin metal par\u00e7alar\u0131n temizli\u011fi s\u0131ras\u0131nda metal y\u00fczey i\u00e7in ya\u011flay\u0131c\u0131 olarak kullan\u0131lmaktad\u0131r. Ayr\u0131ca metal temizleme i\u015fleminde, gres ve ya\u011f gibi kirletici maddelerden ar\u0131nmas\u0131n\u0131 sa\u011flar.<\/strong><\/p>\n<p><strong>Akrilik ve Vinil boyalar\u0131n \u00fcretiminde kullan\u0131l\u0131r.<\/strong><\/p>\n<p><strong>Klor parafinin, viskoz yap\u0131lar\u0131, ya\u011flarla uyumluluklar\u0131 ve y\u00fcksek s\u0131cakl\u0131klarda hidroklorik asit salma \u00f6zellikleri nedeniyle metal i\u015fleme s\u0131v\u0131lar\u0131nda a\u015f\u0131r\u0131 bas\u0131n\u00e7 katk\u0131 maddeleri olarak kullan\u0131l\u0131r.<\/strong><\/p>\n<p><strong>Boya veya verniklere klorlu parafin eklenmesi, sertliklerini, parlakl\u0131klar\u0131n\u0131, asitlere ve alkalilere kar\u015f\u0131 direncini artt\u0131r\u0131r ve \u00fcr\u00fcn\u00fcn elastikiyetini artt\u0131r\u0131r.<\/strong><\/p>\n<p><strong>Polyester ve polistiren gibi sert plastiklerde C18-30, %70 klor kullan\u0131l\u0131r.<\/strong><\/p>\n<p><strong>End\u00fcstriyel boyalarda klor parafin yang\u0131n geciktirme \u00f6zelli\u011fi nedeniyle kullan\u0131l\u0131r.<\/strong><\/p>\n<p><strong>Klorlanm\u0131\u015f parafin kutupsal \u00f6zelliklerinden dolay\u0131, deri ve benzeri hammaddeler i\u00e7in ya\u011flay\u0131c\u0131 olarak kullan\u0131l\u0131r.<\/strong><\/p>\n<p><strong>Yak\u0131t depolar\u0131, araba par\u00e7alar\u0131 ve hatta mutfak lavobalar\u0131 gibi \u00f6\u011feler i\u00e7in tekli \u00e7elik sa\u00e7lar yapmak i\u00e7in kullan\u0131l\u0131r.<\/strong><\/p>\n<p><strong>Kalafat ve dolgu macunlar\u0131nda kullan\u0131l\u0131r.<\/strong><\/p>\n<p><strong>Tam uyumluluk, d\u00fc\u015f\u00fck u\u00e7uculuk, iyi stabilite ve yanmazl\u0131k nedeni ile \u00e7e\u015fitli klor parafin t\u00fcrleri, solvent ve em\u00fclsiyon ve verniklerin preparatlar\u0131nda plastikle\u015ftiriciler olarak kullan\u0131l\u0131r.<\/strong><\/p>\n<p><strong>Yap\u0131\u015ft\u0131r\u0131c\u0131larda ve s\u0131zd\u0131rmazl\u0131k maddelerinde kullan\u0131l\u0131r.<\/strong><\/p>\n<p><strong>Kablo k\u0131l\u0131flar\u0131nda yanmay\u0131 \u00f6nlemek i\u00e7in kullan\u0131l\u0131r.<\/strong><\/p>\n<p><strong>Tekstil sanayisinde, tekstillerin i\u015flenmesinde katk\u0131 maddesi olarak, \u00f6zellikle yanmaz terbiye i\u00e7in ve klorlu polietilen veya klorlu kau\u00e7uk ile kombinasyon halinde, emprenye yoluyla do\u011fal elyaf kuma\u015flara ve sentetik elyaflara bula\u015farak su ge\u00e7irmez hale getirmek i\u00e7in kullan\u0131l\u0131r. <\/strong><\/p>\n<p><strong>Lubrikantlarda y\u00fcksek bas\u0131n\u00e7 katk\u0131s\u0131 olarak kullan\u0131l\u0131r.<\/strong><\/p>\n<p><strong>Deniz boyalar\u0131nda, end\u00fcstriyel zemin kaplamalar\u0131, kaplar ve y\u00fczme i\u00e7in kaplamalar gibi suya ve kimyasallara kar\u015f\u0131 direnci artt\u0131rmak i\u00e7in boyalara, kaplamalara ve s\u0131zd\u0131rmal\u0131k macunlar\u0131na ilave edilir.<br \/>\n<\/strong><strong>\u00a0 <\/strong><\/p>\n<p><strong>AMBALAJ<\/strong><\/p>\n<p><strong>1-5-10-30 kg ambalaj \u015feklinde ve 260kg variller halindedir.<\/strong><\/p>\n<p><strong>DEPOLAMA <\/strong><\/p>\n<p><strong>So\u011fuk depolarda muhafaza edilen varillerde saklanmal\u0131d\u0131r. <\/strong><\/p>\n<p><strong>\u00a0<\/strong><\/p>\n<p>&nbsp;<\/p>\n<p><strong>\u00a0<\/strong><\/p>\n","protected":false},"excerpt":{"rendered":"<p>KLOR PARAF\u0130N Klor Parafin, C10-13, C14-17, C&gt;17 kimyasal form\u00fcl\u00fcne sahip poliklorlu n- alkanlar\u0131n kar\u0131\u015f\u0131mlar\u0131d\u0131r. Y\u00fcksek klor i\u00e7eri\u011fi (%70) olan uzun<\/p>\n","protected":false},"featured_media":16220,"comment_status":"open","ping_status":"closed","template":"","meta":{"_joinchat":[]},"product_cat":[70,73,77,78],"product_tag":[],"class_list":{"0":"post-16219","1":"product","2":"type-product","3":"status-publish","4":"has-post-thumbnail","6":"product_cat-boya-ve-yapi-kimyasallar","7":"product_cat-deri-ve-tekstil-kimyasallari","8":"product_cat-kablo-imalati-kimyasallari","9":"product_cat-metal-dokum-kaplama","11":"first","12":"instock","13":"shipping-taxable","14":"purchasable","15":"product-type-variable"},"yoast_head":"<!-- This site is optimized with the Yoast SEO Premium plugin v20.2.1 (Yoast SEO v20.2.1) - https:\/\/yoast.com\/wordpress\/plugins\/seo\/ -->\n<title>KLOR PARAF\u0130N - Akerkimya<\/title>\n<meta name=\"robots\" content=\"index, follow, max-snippet:-1, max-image-preview:large, max-video-preview:-1\" \/>\n<link rel=\"canonical\" href=\"https:\/\/akerkimya.com\/eticaret\/urun\/klor-parafin\/\" \/>\n<meta property=\"og:locale\" content=\"tr_TR\" \/>\n<meta property=\"og:type\" content=\"article\" \/>\n<meta property=\"og:title\" content=\"KLOR PARAF\u0130N\" \/>\n<meta property=\"og:description\" content=\"KLOR PARAF\u0130N Klor Parafin, C10-13, C14-17, C&gt;17 kimyasal form\u00fcl\u00fcne sahip poliklorlu n- alkanlar\u0131n kar\u0131\u015f\u0131mlar\u0131d\u0131r. Y\u00fcksek klor i\u00e7eri\u011fi (%70) olan uzun\" \/>\n<meta property=\"og:url\" content=\"https:\/\/akerkimya.com\/eticaret\/urun\/klor-parafin\/\" \/>\n<meta property=\"og:site_name\" content=\"Akerkimya\" \/>\n<meta property=\"article:modified_time\" content=\"2026-03-29T23:23:45+00:00\" \/>\n<meta property=\"og:image\" content=\"https:\/\/akerkimya.com\/eticaret\/wp-content\/uploads\/2024\/12\/KLOR-PARAFIN-GUNCEL-.png\" \/>\n\t<meta property=\"og:image:width\" content=\"1000\" \/>\n\t<meta property=\"og:image:height\" content=\"1000\" \/>\n\t<meta property=\"og:image:type\" content=\"image\/png\" \/>\n<meta name=\"twitter:card\" content=\"summary_large_image\" \/>\n<meta name=\"twitter:label1\" content=\"Tahmini okuma s\u00fcresi\" \/>\n\t<meta name=\"twitter:data1\" content=\"3 dakika\" \/>\n<script type=\"application\/ld+json\" class=\"yoast-schema-graph\">{\"@context\":\"https:\/\/schema.org\",\"@graph\":[{\"@type\":\"WebPage\",\"@id\":\"https:\/\/akerkimya.com\/eticaret\/urun\/klor-parafin\/\",\"url\":\"https:\/\/akerkimya.com\/eticaret\/urun\/klor-parafin\/\",\"name\":\"KLOR PARAF\u0130N - Akerkimya\",\"isPartOf\":{\"@id\":\"https:\/\/akerkimya.com\/eticaret\/#website\"},\"datePublished\":\"2024-12-30T23:17:32+00:00\",\"dateModified\":\"2026-03-29T23:23:45+00:00\",\"breadcrumb\":{\"@id\":\"https:\/\/akerkimya.com\/eticaret\/urun\/klor-parafin\/#breadcrumb\"},\"inLanguage\":\"tr\",\"potentialAction\":[{\"@type\":\"ReadAction\",\"target\":[\"https:\/\/akerkimya.com\/eticaret\/urun\/klor-parafin\/\"]}]},{\"@type\":\"BreadcrumbList\",\"@id\":\"https:\/\/akerkimya.com\/eticaret\/urun\/klor-parafin\/#breadcrumb\",\"itemListElement\":[{\"@type\":\"ListItem\",\"position\":1,\"name\":\"Home\",\"item\":\"https:\/\/akerkimya.com\/eticaret\/\"},{\"@type\":\"ListItem\",\"position\":2,\"name\":\"Market\",\"item\":\"https:\/\/akerkimya.com\/eticaret\/market\/\"},{\"@type\":\"ListItem\",\"position\":3,\"name\":\"KLOR PARAF\u0130N\"}]},{\"@type\":\"WebSite\",\"@id\":\"https:\/\/akerkimya.com\/eticaret\/#website\",\"url\":\"https:\/\/akerkimya.com\/eticaret\/\",\"name\":\"Akerkimya\",\"description\":\"\",\"potentialAction\":[{\"@type\":\"SearchAction\",\"target\":{\"@type\":\"EntryPoint\",\"urlTemplate\":\"https:\/\/akerkimya.com\/eticaret\/?s={search_term_string}\"},\"query-input\":\"required name=search_term_string\"}],\"inLanguage\":\"tr\"}]}<\/script>\n<!-- \/ Yoast SEO Premium plugin. -->","yoast_head_json":{"title":"KLOR PARAF\u0130N - Akerkimya","robots":{"index":"index","follow":"follow","max-snippet":"max-snippet:-1","max-image-preview":"max-image-preview:large","max-video-preview":"max-video-preview:-1"},"canonical":"https:\/\/akerkimya.com\/eticaret\/urun\/klor-parafin\/","og_locale":"tr_TR","og_type":"article","og_title":"KLOR PARAF\u0130N","og_description":"KLOR PARAF\u0130N Klor Parafin, C10-13, C14-17, C&gt;17 kimyasal form\u00fcl\u00fcne sahip poliklorlu n- alkanlar\u0131n kar\u0131\u015f\u0131mlar\u0131d\u0131r. Y\u00fcksek klor i\u00e7eri\u011fi (%70) olan uzun","og_url":"https:\/\/akerkimya.com\/eticaret\/urun\/klor-parafin\/","og_site_name":"Akerkimya","article_modified_time":"2026-03-29T23:23:45+00:00","og_image":[{"width":1000,"height":1000,"url":"https:\/\/akerkimya.com\/eticaret\/wp-content\/uploads\/2024\/12\/KLOR-PARAFIN-GUNCEL-.png","type":"image\/png"}],"twitter_card":"summary_large_image","twitter_misc":{"Tahmini okuma s\u00fcresi":"3 dakika"},"schema":{"@context":"https:\/\/schema.org","@graph":[{"@type":"WebPage","@id":"https:\/\/akerkimya.com\/eticaret\/urun\/klor-parafin\/","url":"https:\/\/akerkimya.com\/eticaret\/urun\/klor-parafin\/","name":"KLOR PARAF\u0130N - Akerkimya","isPartOf":{"@id":"https:\/\/akerkimya.com\/eticaret\/#website"},"datePublished":"2024-12-30T23:17:32+00:00","dateModified":"2026-03-29T23:23:45+00:00","breadcrumb":{"@id":"https:\/\/akerkimya.com\/eticaret\/urun\/klor-parafin\/#breadcrumb"},"inLanguage":"tr","potentialAction":[{"@type":"ReadAction","target":["https:\/\/akerkimya.com\/eticaret\/urun\/klor-parafin\/"]}]},{"@type":"BreadcrumbList","@id":"https:\/\/akerkimya.com\/eticaret\/urun\/klor-parafin\/#breadcrumb","itemListElement":[{"@type":"ListItem","position":1,"name":"Home","item":"https:\/\/akerkimya.com\/eticaret\/"},{"@type":"ListItem","position":2,"name":"Market","item":"https:\/\/akerkimya.com\/eticaret\/market\/"},{"@type":"ListItem","position":3,"name":"KLOR PARAF\u0130N"}]},{"@type":"WebSite","@id":"https:\/\/akerkimya.com\/eticaret\/#website","url":"https:\/\/akerkimya.com\/eticaret\/","name":"Akerkimya","description":"","potentialAction":[{"@type":"SearchAction","target":{"@type":"EntryPoint","urlTemplate":"https:\/\/akerkimya.com\/eticaret\/?s={search_term_string}"},"query-input":"required name=search_term_string"}],"inLanguage":"tr"}]}},"_links":{"self":[{"href":"https:\/\/akerkimya.com\/eticaret\/wp-json\/wp\/v2\/product\/16219","targetHints":{"allow":["GET"]}}],"collection":[{"href":"https:\/\/akerkimya.com\/eticaret\/wp-json\/wp\/v2\/product"}],"about":[{"href":"https:\/\/akerkimya.com\/eticaret\/wp-json\/wp\/v2\/types\/product"}],"replies":[{"embeddable":true,"href":"https:\/\/akerkimya.com\/eticaret\/wp-json\/wp\/v2\/comments?post=16219"}],"version-history":[{"count":3,"href":"https:\/\/akerkimya.com\/eticaret\/wp-json\/wp\/v2\/product\/16219\/revisions"}],"predecessor-version":[{"id":18559,"href":"https:\/\/akerkimya.com\/eticaret\/wp-json\/wp\/v2\/product\/16219\/revisions\/18559"}],"wp:featuredmedia":[{"embeddable":true,"href":"https:\/\/akerkimya.com\/eticaret\/wp-json\/wp\/v2\/media\/16220"}],"wp:attachment":[{"href":"https:\/\/akerkimya.com\/eticaret\/wp-json\/wp\/v2\/media?parent=16219"}],"wp:term":[{"taxonomy":"product_cat","embeddable":true,"href":"https:\/\/akerkimya.com\/eticaret\/wp-json\/wp\/v2\/product_cat?post=16219"},{"taxonomy":"product_tag","embeddable":true,"href":"https:\/\/akerkimya.com\/eticaret\/wp-json\/wp\/v2\/product_tag?post=16219"}],"curies":[{"name":"wp","href":"https:\/\/api.w.org\/{rel}","templated":true}]}}