{"id":16233,"date":"2024-12-31T02:26:27","date_gmt":"2024-12-30T23:26:27","guid":{"rendered":"https:\/\/akerkimya.com\/eticaret\/?post_type=product&#038;p=16233"},"modified":"2026-03-30T02:23:47","modified_gmt":"2026-03-29T23:23:47","slug":"kokomid-dea-cdea","status":"publish","type":"product","link":"https:\/\/akerkimya.com\/eticaret\/urun\/kokomid-dea-cdea\/","title":{"rendered":"KOKOM\u0130D DEA (CDEA)"},"content":{"rendered":"<h1>KOKOM\u0130D DEA (CDEA)<\/h1>\n<p><strong>Kokomid dea CH3(CH2)nC(=0)N(CH2CH2OH)2 form\u00fcl\u00fcne sahip bir bile\u015fiktir. Kokomid dea Hindistan cevizi ya\u011flar\u0131ndan imal edilen ya\u011f asitleri kar\u0131\u015f\u0131m\u0131n\u0131n dietanolamin ile tepkimeye girmesiyle olu\u015fan bir maddedir.<\/strong><\/p>\n<p><strong>F\u0130Z\u0130KSEL \u00d6ZELL\u0130KLER<\/strong><\/p>\n<p><strong>A\u00e7\u0131k sar\u0131 renkte\u00a0 ve karakteristik bir kokuya sahip bir formdad\u0131r.<\/strong><\/p>\n<p><strong>Noniyonik iyonik olmayan y\u00fczey aktif maddedir.<\/strong><\/p>\n<p><strong>Em\u00fclsiyon yap\u0131c\u0131 maddedir.<\/strong><\/p>\n<p><strong>\u00a0<\/strong><\/p>\n<p><strong>TEMEL \u00d6ZELL\u0130KLER<\/strong><\/p>\n<p><strong>CAS NO: 68603-42-9<\/strong><\/p>\n<p><strong>K\u0130MYASAL FORM\u00dcL\u00dc: CH3(CH2)nC(=0)N(CH2CH2OH)2<\/strong><\/p>\n<p><strong>K\u0130MYASAL \u0130S\u0130MLER\u0130: Cocomide DEA, Kokomit DEA, Hindistan cevizi ya\u011f\u0131, CDEA<\/strong><\/p>\n<p><strong>KAYNAMA NOKTASI: 100<\/strong><\/p>\n<p><strong>PARLAMA NOKTASI: 94<\/strong><\/p>\n<p><strong>YO\u011eUNLUK: 0,950 gr\/cm\u00b3<\/strong><\/p>\n<p><strong>PH ARALI\u011eI: 9-10<\/strong><\/p>\n<p><strong>\u00a0<\/strong><\/p>\n<p><strong>KULLANIM ALANLARI<\/strong><\/p>\n<p><strong>Kakomid dea temizlik malzemelerinde k\u0131vam verici ajan ve k\u00f6p\u00fck stabilizasyonu olarak kullan\u0131l\u0131r.<\/strong><\/p>\n<p><strong>Kozmetik end\u00fcstriyelinde kullan\u0131lmaktad\u0131r.<\/strong><\/p>\n<p><strong>Deride tahri\u015fi azaltmak i\u00e7in kullan\u0131l\u0131r.<\/strong><\/p>\n<p><strong>Tekstil end\u00fcstriyesinde ipliklerin ve liflerin viskozite dengesinde kullan\u0131l\u0131r.<\/strong><\/p>\n<p><strong>Lateks stabilizasyonunda kullan\u0131l\u0131r.<\/strong><\/p>\n<p><strong>Viskozite kontrol maddesi olarak kullan\u0131l\u0131r.<\/strong><\/p>\n<p><strong>Su yal\u0131t\u0131m\u0131nda be ya\u011fda\u00a0 su katk\u0131 maddelerinde kullan\u0131lmaktad\u0131r.<\/strong><\/p>\n<p><strong>Kokomid dea boya tesviyesinde kullan\u0131l\u0131r.<\/strong><\/p>\n<p><strong>Pas \u00f6nleyici olarak kullan\u0131l\u0131r.<\/strong><\/p>\n<p><strong>\u00a0<\/strong><\/p>\n<p><strong>AMBALAJ<\/strong><\/p>\n<p><strong>1-5-10-30 kg bidonlar ve 200 Kg variller halinde<\/strong><\/p>\n<p><strong>\u00a0<\/strong><\/p>\n<p><strong>DEPOLAMA<\/strong><\/p>\n<p><strong>Serin ve kuru bir alanda, hava almayacak \u015fekilde muhafaza ediniz.<\/strong><\/p>\n<p><strong>\u00a0<\/strong><\/p>\n","protected":false},"excerpt":{"rendered":"<p>KOKOM\u0130D DEA (CDEA) Kokomid dea CH3(CH2)nC(=0)N(CH2CH2OH)2 form\u00fcl\u00fcne sahip bir bile\u015fiktir. Kokomid dea Hindistan cevizi ya\u011flar\u0131ndan imal edilen ya\u011f asitleri kar\u0131\u015f\u0131m\u0131n\u0131n<\/p>\n","protected":false},"featured_media":16234,"comment_status":"open","ping_status":"closed","template":"","meta":{"_joinchat":[]},"product_cat":[70,73,74],"product_tag":[],"class_list":{"0":"post-16233","1":"product","2":"type-product","3":"status-publish","4":"has-post-thumbnail","6":"product_cat-boya-ve-yapi-kimyasallar","7":"product_cat-deri-ve-tekstil-kimyasallari","8":"product_cat-deterjan-ve-kozmetik-kimyasallari","10":"first","11":"instock","12":"shipping-taxable","13":"purchasable","14":"product-type-variable"},"yoast_head":"<!-- This site is optimized with the Yoast SEO Premium plugin v20.2.1 (Yoast SEO v20.2.1) - https:\/\/yoast.com\/wordpress\/plugins\/seo\/ -->\n<title>KOKOM\u0130D DEA (CDEA) - Akerkimya<\/title>\n<meta name=\"robots\" content=\"index, follow, max-snippet:-1, max-image-preview:large, max-video-preview:-1\" \/>\n<link rel=\"canonical\" href=\"https:\/\/akerkimya.com\/eticaret\/urun\/kokomid-dea-cdea\/\" \/>\n<meta property=\"og:locale\" content=\"tr_TR\" \/>\n<meta property=\"og:type\" content=\"article\" \/>\n<meta property=\"og:title\" content=\"KOKOM\u0130D DEA (CDEA)\" \/>\n<meta property=\"og:description\" content=\"KOKOM\u0130D DEA (CDEA) Kokomid dea CH3(CH2)nC(=0)N(CH2CH2OH)2 form\u00fcl\u00fcne sahip bir bile\u015fiktir. Kokomid dea Hindistan cevizi ya\u011flar\u0131ndan imal edilen ya\u011f asitleri kar\u0131\u015f\u0131m\u0131n\u0131n\" \/>\n<meta property=\"og:url\" content=\"https:\/\/akerkimya.com\/eticaret\/urun\/kokomid-dea-cdea\/\" \/>\n<meta property=\"og:site_name\" content=\"Akerkimya\" \/>\n<meta property=\"article:modified_time\" content=\"2026-03-29T23:23:47+00:00\" \/>\n<meta property=\"og:image\" content=\"https:\/\/akerkimya.com\/eticaret\/wp-content\/uploads\/2024\/12\/KOKOMID-DEA-GUNCEL.png\" \/>\n\t<meta property=\"og:image:width\" content=\"1000\" \/>\n\t<meta property=\"og:image:height\" content=\"1000\" \/>\n\t<meta property=\"og:image:type\" content=\"image\/png\" \/>\n<meta name=\"twitter:card\" content=\"summary_large_image\" \/>\n<meta name=\"twitter:label1\" content=\"Tahmini okuma s\u00fcresi\" \/>\n\t<meta name=\"twitter:data1\" content=\"1 dakika\" \/>\n<script type=\"application\/ld+json\" class=\"yoast-schema-graph\">{\"@context\":\"https:\/\/schema.org\",\"@graph\":[{\"@type\":\"WebPage\",\"@id\":\"https:\/\/akerkimya.com\/eticaret\/urun\/kokomid-dea-cdea\/\",\"url\":\"https:\/\/akerkimya.com\/eticaret\/urun\/kokomid-dea-cdea\/\",\"name\":\"KOKOM\u0130D DEA (CDEA) - Akerkimya\",\"isPartOf\":{\"@id\":\"https:\/\/akerkimya.com\/eticaret\/#website\"},\"datePublished\":\"2024-12-30T23:26:27+00:00\",\"dateModified\":\"2026-03-29T23:23:47+00:00\",\"breadcrumb\":{\"@id\":\"https:\/\/akerkimya.com\/eticaret\/urun\/kokomid-dea-cdea\/#breadcrumb\"},\"inLanguage\":\"tr\",\"potentialAction\":[{\"@type\":\"ReadAction\",\"target\":[\"https:\/\/akerkimya.com\/eticaret\/urun\/kokomid-dea-cdea\/\"]}]},{\"@type\":\"BreadcrumbList\",\"@id\":\"https:\/\/akerkimya.com\/eticaret\/urun\/kokomid-dea-cdea\/#breadcrumb\",\"itemListElement\":[{\"@type\":\"ListItem\",\"position\":1,\"name\":\"Home\",\"item\":\"https:\/\/akerkimya.com\/eticaret\/\"},{\"@type\":\"ListItem\",\"position\":2,\"name\":\"Market\",\"item\":\"https:\/\/akerkimya.com\/eticaret\/market\/\"},{\"@type\":\"ListItem\",\"position\":3,\"name\":\"KOKOM\u0130D DEA (CDEA)\"}]},{\"@type\":\"WebSite\",\"@id\":\"https:\/\/akerkimya.com\/eticaret\/#website\",\"url\":\"https:\/\/akerkimya.com\/eticaret\/\",\"name\":\"Akerkimya\",\"description\":\"\",\"potentialAction\":[{\"@type\":\"SearchAction\",\"target\":{\"@type\":\"EntryPoint\",\"urlTemplate\":\"https:\/\/akerkimya.com\/eticaret\/?s={search_term_string}\"},\"query-input\":\"required name=search_term_string\"}],\"inLanguage\":\"tr\"}]}<\/script>\n<!-- \/ Yoast SEO Premium plugin. -->","yoast_head_json":{"title":"KOKOM\u0130D DEA (CDEA) - Akerkimya","robots":{"index":"index","follow":"follow","max-snippet":"max-snippet:-1","max-image-preview":"max-image-preview:large","max-video-preview":"max-video-preview:-1"},"canonical":"https:\/\/akerkimya.com\/eticaret\/urun\/kokomid-dea-cdea\/","og_locale":"tr_TR","og_type":"article","og_title":"KOKOM\u0130D DEA (CDEA)","og_description":"KOKOM\u0130D DEA (CDEA) Kokomid dea CH3(CH2)nC(=0)N(CH2CH2OH)2 form\u00fcl\u00fcne sahip bir bile\u015fiktir. Kokomid dea Hindistan cevizi ya\u011flar\u0131ndan imal edilen ya\u011f asitleri kar\u0131\u015f\u0131m\u0131n\u0131n","og_url":"https:\/\/akerkimya.com\/eticaret\/urun\/kokomid-dea-cdea\/","og_site_name":"Akerkimya","article_modified_time":"2026-03-29T23:23:47+00:00","og_image":[{"width":1000,"height":1000,"url":"https:\/\/akerkimya.com\/eticaret\/wp-content\/uploads\/2024\/12\/KOKOMID-DEA-GUNCEL.png","type":"image\/png"}],"twitter_card":"summary_large_image","twitter_misc":{"Tahmini okuma s\u00fcresi":"1 dakika"},"schema":{"@context":"https:\/\/schema.org","@graph":[{"@type":"WebPage","@id":"https:\/\/akerkimya.com\/eticaret\/urun\/kokomid-dea-cdea\/","url":"https:\/\/akerkimya.com\/eticaret\/urun\/kokomid-dea-cdea\/","name":"KOKOM\u0130D DEA (CDEA) - Akerkimya","isPartOf":{"@id":"https:\/\/akerkimya.com\/eticaret\/#website"},"datePublished":"2024-12-30T23:26:27+00:00","dateModified":"2026-03-29T23:23:47+00:00","breadcrumb":{"@id":"https:\/\/akerkimya.com\/eticaret\/urun\/kokomid-dea-cdea\/#breadcrumb"},"inLanguage":"tr","potentialAction":[{"@type":"ReadAction","target":["https:\/\/akerkimya.com\/eticaret\/urun\/kokomid-dea-cdea\/"]}]},{"@type":"BreadcrumbList","@id":"https:\/\/akerkimya.com\/eticaret\/urun\/kokomid-dea-cdea\/#breadcrumb","itemListElement":[{"@type":"ListItem","position":1,"name":"Home","item":"https:\/\/akerkimya.com\/eticaret\/"},{"@type":"ListItem","position":2,"name":"Market","item":"https:\/\/akerkimya.com\/eticaret\/market\/"},{"@type":"ListItem","position":3,"name":"KOKOM\u0130D DEA (CDEA)"}]},{"@type":"WebSite","@id":"https:\/\/akerkimya.com\/eticaret\/#website","url":"https:\/\/akerkimya.com\/eticaret\/","name":"Akerkimya","description":"","potentialAction":[{"@type":"SearchAction","target":{"@type":"EntryPoint","urlTemplate":"https:\/\/akerkimya.com\/eticaret\/?s={search_term_string}"},"query-input":"required name=search_term_string"}],"inLanguage":"tr"}]}},"_links":{"self":[{"href":"https:\/\/akerkimya.com\/eticaret\/wp-json\/wp\/v2\/product\/16233","targetHints":{"allow":["GET"]}}],"collection":[{"href":"https:\/\/akerkimya.com\/eticaret\/wp-json\/wp\/v2\/product"}],"about":[{"href":"https:\/\/akerkimya.com\/eticaret\/wp-json\/wp\/v2\/types\/product"}],"replies":[{"embeddable":true,"href":"https:\/\/akerkimya.com\/eticaret\/wp-json\/wp\/v2\/comments?post=16233"}],"version-history":[{"count":2,"href":"https:\/\/akerkimya.com\/eticaret\/wp-json\/wp\/v2\/product\/16233\/revisions"}],"predecessor-version":[{"id":16705,"href":"https:\/\/akerkimya.com\/eticaret\/wp-json\/wp\/v2\/product\/16233\/revisions\/16705"}],"wp:featuredmedia":[{"embeddable":true,"href":"https:\/\/akerkimya.com\/eticaret\/wp-json\/wp\/v2\/media\/16234"}],"wp:attachment":[{"href":"https:\/\/akerkimya.com\/eticaret\/wp-json\/wp\/v2\/media?parent=16233"}],"wp:term":[{"taxonomy":"product_cat","embeddable":true,"href":"https:\/\/akerkimya.com\/eticaret\/wp-json\/wp\/v2\/product_cat?post=16233"},{"taxonomy":"product_tag","embeddable":true,"href":"https:\/\/akerkimya.com\/eticaret\/wp-json\/wp\/v2\/product_tag?post=16233"}],"curies":[{"name":"wp","href":"https:\/\/api.w.org\/{rel}","templated":true}]}}