{"id":16241,"date":"2024-12-31T02:32:41","date_gmt":"2024-12-30T23:32:41","guid":{"rendered":"https:\/\/akerkimya.com\/eticaret\/?post_type=product&#038;p=16241"},"modified":"2026-03-30T02:23:47","modified_gmt":"2026-03-29T23:23:47","slug":"kolofon-recine","status":"publish","type":"product","link":"https:\/\/akerkimya.com\/eticaret\/urun\/kolofon-recine\/","title":{"rendered":"KOLOFON RE\u00c7\u0130NE"},"content":{"rendered":"<h1>KOLOFON RE\u00c7\u0130NE<\/h1>\n<p><strong>\u00a0<\/strong><\/p>\n<p><strong>Kolofon Re\u00e7ine, i\u011fne yaprakl\u0131, kozalakl\u0131 a\u011fa\u00e7lar olmak \u00fczere \u00e7am ve di\u011fer baz\u0131 bitkilerin kabuklar\u0131ndan ve odunundan elde edilen, u\u00e7ucu bir s\u0131v\u0131 terpen bile\u015fenlerini buharla\u015ft\u0131rmak i\u00e7in taze s\u0131v\u0131 re\u00e7inenin \u0131s\u0131t\u0131lmas\u0131yla elde edilen kat\u0131 bir re\u00e7inedir. <\/strong><\/p>\n<p><strong>Re\u00e7ineler bitkilerden saf olarak elde edilmeyip, ya\u011f gibi \u00e7e\u015fitli maddelerle kar\u0131\u015f\u0131m halinde elde edilir.<\/strong><\/p>\n<p><strong>Re\u00e7ine bile\u015fenleri \u00fcretim ve ayr\u0131\u015ft\u0131rma tekni\u011fine ba\u011fl\u0131 olarak de\u011fi\u015fken kimyasal bile\u015fim oranlar\u0131na sahiptir. \u0130\u00e7erdi\u011fi re\u00e7ine asitleri ve miktarlar\u0131 da farkl\u0131d\u0131r. Bu farkl\u0131l\u0131k piyasadaki fiyat ve rekabet unsurlar\u0131n\u0131 olu\u015fturmaktad\u0131r.<\/strong><\/p>\n<p><strong>\u00a0<\/strong><\/p>\n<p><strong>KOLOFON RE\u00c7\u0130NE \u00d6ZELL\u0130KLER\u0130<\/strong><\/p>\n<p><strong>Kolofon re\u00e7ine kristal, yar\u0131 saydamd\u0131r ve rengi sar\u0131dan siyaha de\u011fi\u015fir.<\/strong><\/p>\n<p><strong>Oda s\u0131cakl\u0131\u011f\u0131nda re\u00e7ine k\u0131r\u0131lgand\u0131r, ancak ocak s\u0131cakl\u0131\u011f\u0131nda erir.<\/strong><\/p>\n<p><strong>Re\u00e7ine s\u0131ca\u011fa temas etti\u011finde \u00a0yap\u0131\u015fkan bir hal al\u0131r.<\/strong><\/p>\n<p><strong>Hafif bir \u00e7am kokusuna sahiptir.<\/strong><\/p>\n<p><strong>Suda \u00e7\u00f6z\u00fcnmeyen bir maddedir.<\/strong><\/p>\n<p><strong>\u00a0<\/strong><\/p>\n<p><strong>TEKN\u0130K \u00d6ZELL\u0130KLER<\/strong><\/p>\n<p><strong>CAS NUMARASI: 8050-09-7<\/strong><\/p>\n<p><strong>EC NUMARASI: 232-475-7<\/strong><\/p>\n<p><strong>MOLEK\u00dcLER FORM\u00dcL: C19H29COOH<\/strong><\/p>\n<p><strong>K\u0130MYASAL \u0130SM\u0130: Kolofon re\u00e7ine, Gum Rosin, colophony<\/strong><\/p>\n<p><strong>MOLAR K\u00dcTLE: 302.5<\/strong><\/p>\n<p><strong>YO\u011eUNLUK: 1.07 g\/cm\u00b3<\/strong><\/p>\n<p><strong>ER\u0130ME NOKTASI: 100-150 \u00b0C<\/strong><\/p>\n<p><strong>PARLAMA NOKTASI: 187 \u00b0C<\/strong><\/p>\n<p><strong>SUDA \u00c7\u00d6Z\u00dcN\u00dcRL\u00dcK: \u00c7\u00f6z\u00fcnmez<\/strong><\/p>\n<p><strong>\u00a0<\/strong><\/p>\n<p><strong>KULLANIM ALANLARI<\/strong><\/p>\n<p><strong>Kolofon Re\u00e7ine, t\u0131bbi ila\u00e7larda ve sak\u0131zlarda camlama olarak kulan\u0131l\u0131r.<\/strong><\/p>\n<p><strong>Lensler gibi optic malzemeler \u00fcretilirken cam\u0131n cilaland\u0131\u011f\u0131 bir y\u00fczey olu\u015fturmak i\u00e7in kullan\u0131l\u0131r.<\/strong><\/p>\n<p><strong>Kolofon re\u00e7ine; bask\u0131 m\u00fcrekkepleri ve ka\u011f\u0131tlar\u0131nda, end\u00fcstriyel yap\u0131\u015ft\u0131r\u0131c\u0131 \u00fcretiminde; vernik, tutkal gibi \u00fcr\u00fcnlerde kullan\u0131l\u0131r.<\/strong><\/p>\n<p><strong>Kozmetik sekt\u00f6r\u00fcnde, a\u011fda yap\u0131m\u0131nda kullan\u0131l\u0131r. <\/strong><\/p>\n<p><strong>Kau\u00e7uk ve lastik sekt\u00f6r\u00fcnde, boya sekt\u00f6r\u00fcnde de kullan\u0131l\u0131r.<\/strong><\/p>\n<p><strong>Re\u00e7ine esas olarak beton k\u00f6p\u00fcrt\u00fcc\u00fc ajan ve zemin fayans yap\u0131\u015ft\u0131r\u0131c\u0131s\u0131 olarak kullan\u0131l\u0131r.<\/strong><\/p>\n<p><strong>Ayr\u0131ca kolofon re\u00e7ine , in\u015faat i\u015flerinde kullan\u0131lan &#8220;mastik&#8221; malzemesine\u00a0 az miktarda ilave edilir.<\/strong><\/p>\n<p><strong>Kimya end\u00fcstrinde, kolofon re\u00e7ine lehimde kullan\u0131lan bir ak\u0131d\u0131r. Elektronikte kullan\u0131lan kur\u015fun-kalay lehim, erimi\u015f metal ak\u0131\u015f\u0131na fayda sa\u011flamak i\u00e7in ve y\u00fczeyde metale geri d\u00f6nen refrakter kat\u0131 oksit tabakas\u0131n\u0131 azaltarak daha iyi bir ba\u011flant\u0131 kurulmas\u0131n\u0131 sa\u011flar. Re\u00e7ine, esas olarak lehimleme yard\u0131mc\u0131s\u0131 ve metal parlatma maddesi olarak kullan\u0131l\u0131r.<\/strong><\/p>\n<p><strong>Re\u00e7ine ayr\u0131ca keman ve di\u011fer telli \u00e7alg\u0131lar\u0131n yaylar\u0131nda, dans\u00e7\u0131lar\u0131n ayakkab\u0131lar\u0131nda, st\u00fcdyo ve sahne zeminlerinde kaymay\u0131 \u00f6nlemek i\u00e7in kullan\u0131l\u0131r.<\/strong><\/p>\n<p><strong>Deterjan sekt\u00f6r\u00fcnde, sabun yap\u0131m\u0131nda kullan\u0131l\u0131r.<\/strong><\/p>\n<p><strong>Ok\u00e7ulukta, bak\u0131m amac\u0131yla yeni bir yay yap\u0131l\u0131rken veya cilalan\u0131rken, balmumu kar\u0131\u015f\u0131m\u0131nda re\u00e7ine bulunabilir.<\/strong><\/p>\n<p><strong>\u00a0<\/strong><\/p>\n<p><strong>AMBALAJ<\/strong><\/p>\n<p><strong>225 kg varillerde<\/strong><\/p>\n<p><strong>\u00a0<\/strong><\/p>\n<p><strong>DEPOLAMA<\/strong><\/p>\n<p><strong>Serin ve kuru yerde muhafaza edilmelidir. <\/strong><\/p>\n","protected":false},"excerpt":{"rendered":"<p>KOLOFON RE\u00c7\u0130NE \u00a0 Kolofon Re\u00e7ine, i\u011fne yaprakl\u0131, kozalakl\u0131 a\u011fa\u00e7lar olmak \u00fczere \u00e7am ve di\u011fer baz\u0131 bitkilerin kabuklar\u0131ndan ve odunundan elde<\/p>\n","protected":false},"featured_media":16242,"comment_status":"open","ping_status":"closed","template":"","meta":{"_joinchat":[]},"product_cat":[70,72,74,80],"product_tag":[],"class_list":{"0":"post-16241","1":"product","2":"type-product","3":"status-publish","4":"has-post-thumbnail","6":"product_cat-boya-ve-yapi-kimyasallar","7":"product_cat-cam-ve-seramik-kimyasallari","8":"product_cat-deterjan-ve-kozmetik-kimyasallari","9":"product_cat-veteriner-ve-ilac-kimyasallari","11":"first","12":"instock","13":"shipping-taxable","14":"purchasable","15":"product-type-variable"},"yoast_head":"<!-- This site is optimized with the Yoast SEO Premium plugin v20.2.1 (Yoast SEO v20.2.1) - https:\/\/yoast.com\/wordpress\/plugins\/seo\/ -->\n<title>KOLOFON RE\u00c7\u0130NE - Akerkimya<\/title>\n<meta name=\"robots\" content=\"index, follow, max-snippet:-1, max-image-preview:large, max-video-preview:-1\" \/>\n<link rel=\"canonical\" href=\"https:\/\/akerkimya.com\/eticaret\/urun\/kolofon-recine\/\" \/>\n<meta property=\"og:locale\" content=\"tr_TR\" \/>\n<meta property=\"og:type\" content=\"article\" \/>\n<meta property=\"og:title\" content=\"KOLOFON RE\u00c7\u0130NE\" \/>\n<meta property=\"og:description\" content=\"KOLOFON RE\u00c7\u0130NE \u00a0 Kolofon Re\u00e7ine, i\u011fne yaprakl\u0131, kozalakl\u0131 a\u011fa\u00e7lar olmak \u00fczere \u00e7am ve di\u011fer baz\u0131 bitkilerin kabuklar\u0131ndan ve odunundan elde\" \/>\n<meta property=\"og:url\" content=\"https:\/\/akerkimya.com\/eticaret\/urun\/kolofon-recine\/\" \/>\n<meta property=\"og:site_name\" content=\"Akerkimya\" \/>\n<meta property=\"article:modified_time\" content=\"2026-03-29T23:23:47+00:00\" \/>\n<meta property=\"og:image\" content=\"https:\/\/akerkimya.com\/eticaret\/wp-content\/uploads\/2024\/12\/KOLOFON-RECINE-GUNCEL-.png\" \/>\n\t<meta property=\"og:image:width\" content=\"1000\" \/>\n\t<meta property=\"og:image:height\" content=\"1000\" \/>\n\t<meta property=\"og:image:type\" content=\"image\/png\" \/>\n<meta name=\"twitter:card\" content=\"summary_large_image\" \/>\n<meta name=\"twitter:label1\" content=\"Tahmini okuma s\u00fcresi\" \/>\n\t<meta name=\"twitter:data1\" content=\"2 dakika\" \/>\n<script type=\"application\/ld+json\" class=\"yoast-schema-graph\">{\"@context\":\"https:\/\/schema.org\",\"@graph\":[{\"@type\":\"WebPage\",\"@id\":\"https:\/\/akerkimya.com\/eticaret\/urun\/kolofon-recine\/\",\"url\":\"https:\/\/akerkimya.com\/eticaret\/urun\/kolofon-recine\/\",\"name\":\"KOLOFON RE\u00c7\u0130NE - Akerkimya\",\"isPartOf\":{\"@id\":\"https:\/\/akerkimya.com\/eticaret\/#website\"},\"datePublished\":\"2024-12-30T23:32:41+00:00\",\"dateModified\":\"2026-03-29T23:23:47+00:00\",\"breadcrumb\":{\"@id\":\"https:\/\/akerkimya.com\/eticaret\/urun\/kolofon-recine\/#breadcrumb\"},\"inLanguage\":\"tr\",\"potentialAction\":[{\"@type\":\"ReadAction\",\"target\":[\"https:\/\/akerkimya.com\/eticaret\/urun\/kolofon-recine\/\"]}]},{\"@type\":\"BreadcrumbList\",\"@id\":\"https:\/\/akerkimya.com\/eticaret\/urun\/kolofon-recine\/#breadcrumb\",\"itemListElement\":[{\"@type\":\"ListItem\",\"position\":1,\"name\":\"Home\",\"item\":\"https:\/\/akerkimya.com\/eticaret\/\"},{\"@type\":\"ListItem\",\"position\":2,\"name\":\"Market\",\"item\":\"https:\/\/akerkimya.com\/eticaret\/market\/\"},{\"@type\":\"ListItem\",\"position\":3,\"name\":\"KOLOFON RE\u00c7\u0130NE\"}]},{\"@type\":\"WebSite\",\"@id\":\"https:\/\/akerkimya.com\/eticaret\/#website\",\"url\":\"https:\/\/akerkimya.com\/eticaret\/\",\"name\":\"Akerkimya\",\"description\":\"\",\"potentialAction\":[{\"@type\":\"SearchAction\",\"target\":{\"@type\":\"EntryPoint\",\"urlTemplate\":\"https:\/\/akerkimya.com\/eticaret\/?s={search_term_string}\"},\"query-input\":\"required name=search_term_string\"}],\"inLanguage\":\"tr\"}]}<\/script>\n<!-- \/ Yoast SEO Premium plugin. -->","yoast_head_json":{"title":"KOLOFON RE\u00c7\u0130NE - Akerkimya","robots":{"index":"index","follow":"follow","max-snippet":"max-snippet:-1","max-image-preview":"max-image-preview:large","max-video-preview":"max-video-preview:-1"},"canonical":"https:\/\/akerkimya.com\/eticaret\/urun\/kolofon-recine\/","og_locale":"tr_TR","og_type":"article","og_title":"KOLOFON RE\u00c7\u0130NE","og_description":"KOLOFON RE\u00c7\u0130NE \u00a0 Kolofon Re\u00e7ine, i\u011fne yaprakl\u0131, kozalakl\u0131 a\u011fa\u00e7lar olmak \u00fczere \u00e7am ve di\u011fer baz\u0131 bitkilerin kabuklar\u0131ndan ve odunundan elde","og_url":"https:\/\/akerkimya.com\/eticaret\/urun\/kolofon-recine\/","og_site_name":"Akerkimya","article_modified_time":"2026-03-29T23:23:47+00:00","og_image":[{"width":1000,"height":1000,"url":"https:\/\/akerkimya.com\/eticaret\/wp-content\/uploads\/2024\/12\/KOLOFON-RECINE-GUNCEL-.png","type":"image\/png"}],"twitter_card":"summary_large_image","twitter_misc":{"Tahmini okuma s\u00fcresi":"2 dakika"},"schema":{"@context":"https:\/\/schema.org","@graph":[{"@type":"WebPage","@id":"https:\/\/akerkimya.com\/eticaret\/urun\/kolofon-recine\/","url":"https:\/\/akerkimya.com\/eticaret\/urun\/kolofon-recine\/","name":"KOLOFON RE\u00c7\u0130NE - Akerkimya","isPartOf":{"@id":"https:\/\/akerkimya.com\/eticaret\/#website"},"datePublished":"2024-12-30T23:32:41+00:00","dateModified":"2026-03-29T23:23:47+00:00","breadcrumb":{"@id":"https:\/\/akerkimya.com\/eticaret\/urun\/kolofon-recine\/#breadcrumb"},"inLanguage":"tr","potentialAction":[{"@type":"ReadAction","target":["https:\/\/akerkimya.com\/eticaret\/urun\/kolofon-recine\/"]}]},{"@type":"BreadcrumbList","@id":"https:\/\/akerkimya.com\/eticaret\/urun\/kolofon-recine\/#breadcrumb","itemListElement":[{"@type":"ListItem","position":1,"name":"Home","item":"https:\/\/akerkimya.com\/eticaret\/"},{"@type":"ListItem","position":2,"name":"Market","item":"https:\/\/akerkimya.com\/eticaret\/market\/"},{"@type":"ListItem","position":3,"name":"KOLOFON RE\u00c7\u0130NE"}]},{"@type":"WebSite","@id":"https:\/\/akerkimya.com\/eticaret\/#website","url":"https:\/\/akerkimya.com\/eticaret\/","name":"Akerkimya","description":"","potentialAction":[{"@type":"SearchAction","target":{"@type":"EntryPoint","urlTemplate":"https:\/\/akerkimya.com\/eticaret\/?s={search_term_string}"},"query-input":"required name=search_term_string"}],"inLanguage":"tr"}]}},"_links":{"self":[{"href":"https:\/\/akerkimya.com\/eticaret\/wp-json\/wp\/v2\/product\/16241","targetHints":{"allow":["GET"]}}],"collection":[{"href":"https:\/\/akerkimya.com\/eticaret\/wp-json\/wp\/v2\/product"}],"about":[{"href":"https:\/\/akerkimya.com\/eticaret\/wp-json\/wp\/v2\/types\/product"}],"replies":[{"embeddable":true,"href":"https:\/\/akerkimya.com\/eticaret\/wp-json\/wp\/v2\/comments?post=16241"}],"version-history":[{"count":2,"href":"https:\/\/akerkimya.com\/eticaret\/wp-json\/wp\/v2\/product\/16241\/revisions"}],"predecessor-version":[{"id":16704,"href":"https:\/\/akerkimya.com\/eticaret\/wp-json\/wp\/v2\/product\/16241\/revisions\/16704"}],"wp:featuredmedia":[{"embeddable":true,"href":"https:\/\/akerkimya.com\/eticaret\/wp-json\/wp\/v2\/media\/16242"}],"wp:attachment":[{"href":"https:\/\/akerkimya.com\/eticaret\/wp-json\/wp\/v2\/media?parent=16241"}],"wp:term":[{"taxonomy":"product_cat","embeddable":true,"href":"https:\/\/akerkimya.com\/eticaret\/wp-json\/wp\/v2\/product_cat?post=16241"},{"taxonomy":"product_tag","embeddable":true,"href":"https:\/\/akerkimya.com\/eticaret\/wp-json\/wp\/v2\/product_tag?post=16241"}],"curies":[{"name":"wp","href":"https:\/\/api.w.org\/{rel}","templated":true}]}}