{"id":16252,"date":"2024-12-31T02:44:16","date_gmt":"2024-12-30T23:44:16","guid":{"rendered":"https:\/\/akerkimya.com\/eticaret\/?post_type=product&#038;p=16252"},"modified":"2026-03-30T02:23:47","modified_gmt":"2026-03-29T23:23:47","slug":"kufeki-tozu","status":"publish","type":"product","link":"https:\/\/akerkimya.com\/eticaret\/urun\/kufeki-tozu\/","title":{"rendered":"K\u00dcFEK\u0130 TOZU"},"content":{"rendered":"<h1>K\u00dcFEK\u0130 TOZU<\/h1>\n<p><strong>K\u00fcfeki, yap\u0131s\u0131nda yo\u011fun bir kalker, silis ve fosil \u00e7\u00f6keltilerinden olu\u015fan organik tortul ta\u015ft\u0131r. Ocaktan \u00e7\u0131kar\u0131ld\u0131\u011f\u0131 gibi uygulamalara haz\u0131r hale gelir, kolay i\u015flenebilir \u00f6zelli\u011fe sahiptir ve hava ile temas ettik\u00e7e sertle\u015ferek dayan\u0131kl\u0131l\u0131k kazan\u0131r.<\/strong><\/p>\n<p><strong>\u00a0<\/strong><\/p>\n<p><strong>K\u00dcFEK\u0130 TOZU \u00d6ZELL\u0130KLER\u0130<\/strong><\/p>\n<p><strong>A\u00e7\u0131k bej ve beyaz renklerde, ince taneli ve kumlu bir formdad\u0131r.<\/strong><\/p>\n<p><strong>G\u00f6zenekli bir yap\u0131ya sahiptir. <\/strong><\/p>\n<p><strong>Klimatik bir \u00f6zelli\u011fe sahiptir. Yaz\u0131n bunalt\u0131c\u0131 s\u0131caklar\u0131, k\u0131\u015f\u0131n ise dondurucu so\u011fuklar\u0131 absorbe eder. <\/strong><\/p>\n<p><strong>Yap\u0131s\u0131nda bulunan kimyasal bile\u015fimindeki karbonat oran\u0131ndaki y\u00fckseklikten dolay\u0131 asit ile tearsiyonu girdi\u011fi zaman h\u0131zl\u0131 bir k\u00f6p\u00fcrme meydana gelir. <\/strong><\/p>\n<p><strong>Ocaktan \u00f6nce yumu\u015fak haldedir, kolay i\u015flenebilir. Havadaki karbondioksit gaz\u0131n\u0131 alarak sertle\u015fir ve uzun s\u00fcre bu halini muhafaza eder. Zaman ge\u00e7tik\u00e7e betona g\u00f6re dayan\u0131m g\u00fcc\u00fc artmaktad\u0131r.<\/strong><\/p>\n<p><strong>\u00a0<\/strong><\/p>\n<p><strong>KULLANIM ALANLARI<\/strong><\/p>\n<p><strong>Kolay i\u015flenmesi nedeni ile kesme ta\u015f ve yo\u011fun benzemeli d\u00fczeyde kullan\u0131l\u0131r.<\/strong><\/p>\n<p><strong>D\u00f6\u015feme kaplamalar\u0131nda, kemerlerde, s\u00fctunlarda, s\u00f6velerde, cumbalarda, harpu\u015ftalarda kullan\u0131l\u0131r.<\/strong><\/p>\n<p><strong>Bah\u00e7e d\u00fczenlenmesinde, r\u00f6lyeflerde, ta\u00e7 kap\u0131larda, mihrap ve minberlerde kullan\u0131l\u0131r.<\/strong><\/p>\n<p><strong>Kemerlerde, \u015f\u00f6minelerde, portal ve sadaka ta\u015f\u0131 gibi estetik ve sanat gerektiren eserlerde kullan\u0131l\u0131r.<\/strong><\/p>\n<p><strong>D\u0131\u015f cephelerde k\u00fcfeki tozunun b\u00fcnyesindeki su varl\u0131\u011f\u0131 dinamik y\u00fckler alt\u0131nda yap\u0131n\u0131n ta\u015f\u0131ma g\u00fcc\u00fcne \u00f6nemli ilave katk\u0131 getirmektedir. Depreme de dayan\u0131kl\u0131 olan k\u00fcfeki, \u00fc\u00e7 eksenli gerilme alt\u0131nda etkin bir s\u00fcnek davran\u0131\u015f g\u00f6sterir.<\/strong><\/p>\n<p><strong>Kire\u00e7, al\u00e7\u0131, toz deterjan ve pudra yap\u0131m\u0131nda hammadde olarak kullan\u0131labilir.<\/strong><\/p>\n<p><strong>\u00c7imento hammaddesi olarak kullan\u0131l\u0131r.<\/strong><\/p>\n<p><strong>\u00a0<\/strong><\/p>\n<p><strong>AMBALAJ<\/strong><\/p>\n<p><strong>1-5-25 kg torbalar halindedir.<\/strong><\/p>\n<p><strong>\u00a0<\/strong><\/p>\n<p><strong>DEPOLAMA<\/strong><\/p>\n<p><strong>Serin ve kuru bir alanda muhafaza ediniz.<\/strong><\/p>\n<p><strong>\u00a0<\/strong><\/p>\n","protected":false},"excerpt":{"rendered":"<p>K\u00dcFEK\u0130 TOZU K\u00fcfeki, yap\u0131s\u0131nda yo\u011fun bir kalker, silis ve fosil \u00e7\u00f6keltilerinden olu\u015fan organik tortul ta\u015ft\u0131r. Ocaktan \u00e7\u0131kar\u0131ld\u0131\u011f\u0131 gibi uygulamalara haz\u0131r<\/p>\n","protected":false},"featured_media":16253,"comment_status":"open","ping_status":"closed","template":"","meta":{"_joinchat":[]},"product_cat":[70],"product_tag":[],"class_list":{"0":"post-16252","1":"product","2":"type-product","3":"status-publish","4":"has-post-thumbnail","6":"product_cat-boya-ve-yapi-kimyasallar","8":"first","9":"instock","10":"shipping-taxable","11":"purchasable","12":"product-type-variable"},"yoast_head":"<!-- This site is optimized with the Yoast SEO Premium plugin v20.2.1 (Yoast SEO v20.2.1) - https:\/\/yoast.com\/wordpress\/plugins\/seo\/ -->\n<title>K\u00dcFEK\u0130 TOZU - Akerkimya<\/title>\n<meta name=\"robots\" content=\"index, follow, max-snippet:-1, max-image-preview:large, max-video-preview:-1\" \/>\n<link rel=\"canonical\" href=\"https:\/\/akerkimya.com\/eticaret\/urun\/kufeki-tozu\/\" \/>\n<meta property=\"og:locale\" content=\"tr_TR\" \/>\n<meta property=\"og:type\" content=\"article\" \/>\n<meta property=\"og:title\" content=\"K\u00dcFEK\u0130 TOZU\" \/>\n<meta property=\"og:description\" content=\"K\u00dcFEK\u0130 TOZU K\u00fcfeki, yap\u0131s\u0131nda yo\u011fun bir kalker, silis ve fosil \u00e7\u00f6keltilerinden olu\u015fan organik tortul ta\u015ft\u0131r. Ocaktan \u00e7\u0131kar\u0131ld\u0131\u011f\u0131 gibi uygulamalara haz\u0131r\" \/>\n<meta property=\"og:url\" content=\"https:\/\/akerkimya.com\/eticaret\/urun\/kufeki-tozu\/\" \/>\n<meta property=\"og:site_name\" content=\"Akerkimya\" \/>\n<meta property=\"article:modified_time\" content=\"2026-03-29T23:23:47+00:00\" \/>\n<meta property=\"og:image\" content=\"https:\/\/akerkimya.com\/eticaret\/wp-content\/uploads\/2024\/12\/KUFEKI-TOZU-GUNCEL-.png\" \/>\n\t<meta property=\"og:image:width\" content=\"1000\" \/>\n\t<meta property=\"og:image:height\" content=\"1000\" \/>\n\t<meta property=\"og:image:type\" content=\"image\/png\" \/>\n<meta name=\"twitter:card\" content=\"summary_large_image\" \/>\n<meta name=\"twitter:label1\" content=\"Tahmini okuma s\u00fcresi\" \/>\n\t<meta name=\"twitter:data1\" content=\"1 dakika\" \/>\n<script type=\"application\/ld+json\" class=\"yoast-schema-graph\">{\"@context\":\"https:\/\/schema.org\",\"@graph\":[{\"@type\":\"WebPage\",\"@id\":\"https:\/\/akerkimya.com\/eticaret\/urun\/kufeki-tozu\/\",\"url\":\"https:\/\/akerkimya.com\/eticaret\/urun\/kufeki-tozu\/\",\"name\":\"K\u00dcFEK\u0130 TOZU - Akerkimya\",\"isPartOf\":{\"@id\":\"https:\/\/akerkimya.com\/eticaret\/#website\"},\"datePublished\":\"2024-12-30T23:44:16+00:00\",\"dateModified\":\"2026-03-29T23:23:47+00:00\",\"breadcrumb\":{\"@id\":\"https:\/\/akerkimya.com\/eticaret\/urun\/kufeki-tozu\/#breadcrumb\"},\"inLanguage\":\"tr\",\"potentialAction\":[{\"@type\":\"ReadAction\",\"target\":[\"https:\/\/akerkimya.com\/eticaret\/urun\/kufeki-tozu\/\"]}]},{\"@type\":\"BreadcrumbList\",\"@id\":\"https:\/\/akerkimya.com\/eticaret\/urun\/kufeki-tozu\/#breadcrumb\",\"itemListElement\":[{\"@type\":\"ListItem\",\"position\":1,\"name\":\"Home\",\"item\":\"https:\/\/akerkimya.com\/eticaret\/\"},{\"@type\":\"ListItem\",\"position\":2,\"name\":\"Market\",\"item\":\"https:\/\/akerkimya.com\/eticaret\/market\/\"},{\"@type\":\"ListItem\",\"position\":3,\"name\":\"K\u00dcFEK\u0130 TOZU\"}]},{\"@type\":\"WebSite\",\"@id\":\"https:\/\/akerkimya.com\/eticaret\/#website\",\"url\":\"https:\/\/akerkimya.com\/eticaret\/\",\"name\":\"Akerkimya\",\"description\":\"\",\"potentialAction\":[{\"@type\":\"SearchAction\",\"target\":{\"@type\":\"EntryPoint\",\"urlTemplate\":\"https:\/\/akerkimya.com\/eticaret\/?s={search_term_string}\"},\"query-input\":\"required name=search_term_string\"}],\"inLanguage\":\"tr\"}]}<\/script>\n<!-- \/ Yoast SEO Premium plugin. -->","yoast_head_json":{"title":"K\u00dcFEK\u0130 TOZU - Akerkimya","robots":{"index":"index","follow":"follow","max-snippet":"max-snippet:-1","max-image-preview":"max-image-preview:large","max-video-preview":"max-video-preview:-1"},"canonical":"https:\/\/akerkimya.com\/eticaret\/urun\/kufeki-tozu\/","og_locale":"tr_TR","og_type":"article","og_title":"K\u00dcFEK\u0130 TOZU","og_description":"K\u00dcFEK\u0130 TOZU K\u00fcfeki, yap\u0131s\u0131nda yo\u011fun bir kalker, silis ve fosil \u00e7\u00f6keltilerinden olu\u015fan organik tortul ta\u015ft\u0131r. Ocaktan \u00e7\u0131kar\u0131ld\u0131\u011f\u0131 gibi uygulamalara haz\u0131r","og_url":"https:\/\/akerkimya.com\/eticaret\/urun\/kufeki-tozu\/","og_site_name":"Akerkimya","article_modified_time":"2026-03-29T23:23:47+00:00","og_image":[{"width":1000,"height":1000,"url":"https:\/\/akerkimya.com\/eticaret\/wp-content\/uploads\/2024\/12\/KUFEKI-TOZU-GUNCEL-.png","type":"image\/png"}],"twitter_card":"summary_large_image","twitter_misc":{"Tahmini okuma s\u00fcresi":"1 dakika"},"schema":{"@context":"https:\/\/schema.org","@graph":[{"@type":"WebPage","@id":"https:\/\/akerkimya.com\/eticaret\/urun\/kufeki-tozu\/","url":"https:\/\/akerkimya.com\/eticaret\/urun\/kufeki-tozu\/","name":"K\u00dcFEK\u0130 TOZU - Akerkimya","isPartOf":{"@id":"https:\/\/akerkimya.com\/eticaret\/#website"},"datePublished":"2024-12-30T23:44:16+00:00","dateModified":"2026-03-29T23:23:47+00:00","breadcrumb":{"@id":"https:\/\/akerkimya.com\/eticaret\/urun\/kufeki-tozu\/#breadcrumb"},"inLanguage":"tr","potentialAction":[{"@type":"ReadAction","target":["https:\/\/akerkimya.com\/eticaret\/urun\/kufeki-tozu\/"]}]},{"@type":"BreadcrumbList","@id":"https:\/\/akerkimya.com\/eticaret\/urun\/kufeki-tozu\/#breadcrumb","itemListElement":[{"@type":"ListItem","position":1,"name":"Home","item":"https:\/\/akerkimya.com\/eticaret\/"},{"@type":"ListItem","position":2,"name":"Market","item":"https:\/\/akerkimya.com\/eticaret\/market\/"},{"@type":"ListItem","position":3,"name":"K\u00dcFEK\u0130 TOZU"}]},{"@type":"WebSite","@id":"https:\/\/akerkimya.com\/eticaret\/#website","url":"https:\/\/akerkimya.com\/eticaret\/","name":"Akerkimya","description":"","potentialAction":[{"@type":"SearchAction","target":{"@type":"EntryPoint","urlTemplate":"https:\/\/akerkimya.com\/eticaret\/?s={search_term_string}"},"query-input":"required name=search_term_string"}],"inLanguage":"tr"}]}},"_links":{"self":[{"href":"https:\/\/akerkimya.com\/eticaret\/wp-json\/wp\/v2\/product\/16252","targetHints":{"allow":["GET"]}}],"collection":[{"href":"https:\/\/akerkimya.com\/eticaret\/wp-json\/wp\/v2\/product"}],"about":[{"href":"https:\/\/akerkimya.com\/eticaret\/wp-json\/wp\/v2\/types\/product"}],"replies":[{"embeddable":true,"href":"https:\/\/akerkimya.com\/eticaret\/wp-json\/wp\/v2\/comments?post=16252"}],"version-history":[{"count":2,"href":"https:\/\/akerkimya.com\/eticaret\/wp-json\/wp\/v2\/product\/16252\/revisions"}],"predecessor-version":[{"id":16702,"href":"https:\/\/akerkimya.com\/eticaret\/wp-json\/wp\/v2\/product\/16252\/revisions\/16702"}],"wp:featuredmedia":[{"embeddable":true,"href":"https:\/\/akerkimya.com\/eticaret\/wp-json\/wp\/v2\/media\/16253"}],"wp:attachment":[{"href":"https:\/\/akerkimya.com\/eticaret\/wp-json\/wp\/v2\/media?parent=16252"}],"wp:term":[{"taxonomy":"product_cat","embeddable":true,"href":"https:\/\/akerkimya.com\/eticaret\/wp-json\/wp\/v2\/product_cat?post=16252"},{"taxonomy":"product_tag","embeddable":true,"href":"https:\/\/akerkimya.com\/eticaret\/wp-json\/wp\/v2\/product_tag?post=16252"}],"curies":[{"name":"wp","href":"https:\/\/api.w.org\/{rel}","templated":true}]}}